{"id":2318,"date":"2024-05-11T10:38:06","date_gmt":"2024-05-11T07:38:06","guid":{"rendered":"https:\/\/kosmetoloog.ee\/product\/niisutav-fluid-24-tundi-fluide-hydratante\/"},"modified":"2024-05-11T10:38:06","modified_gmt":"2024-05-11T07:38:06","slug":"niisutav-fluid-24-tundi-fluide-hydratante","status":"publish","type":"product","link":"https:\/\/old.kosmetoloog.ee\/et\/toode\/niisutav-fluid-24-tundi-fluide-hydratante\/","title":{"rendered":"NIISUTAV FLUID 24 TUNDI \/ FLUIDE HYDRATANTE"},"content":{"rendered":"<p>Kerge ja \u00f5hulise tekstuuri kreem tagab kogu p\u00e4eva jooksul niisutuse. S\u00e4ilitab niiskuse epidermises ja ennetab selle kadumist.<\/p>\n<p>Normaalsele v\u00f5i kombineeritud nahale, matistab ja v\u00e4hendab rasvast l\u00e4iget, taastades naha niiskustasakaalu. Nahk muutub pehmeks ja mugavaks.<\/p>\n<p>T\u00d5ESTATUD T\u00d5HUSUS:<\/p>\n<p>Niisutus suureneb 70% v\u00f5rra 6 tunni m\u00f6\u00f6dudes peale pealekandmist.<\/p>\n<p>Niisutus suureneb 69% v\u00f5rra 8 tunni m\u00f6\u00f6dudes peale pealekandmist.<\/p>\n<p>Niisutus suureneb 28% v\u00f5rra 24 tunni m\u00f6\u00f6dudes peale pealekandmist.<\/p>\n","protected":false},"excerpt":{"rendered":"<p>Kerge ja \u00f5hulise tekstuuri kreem tagab kogu p\u00e4eva jooksul niisutuse. S\u00e4ilitab niiskuse epidermises ja ennetab selle kadumist. Normaalsele v\u00f5i kombineeritud nahale, matistab ja v\u00e4hendab rasvast l\u00e4iget, taastades naha niiskustasakaalu. Nahk muutub pehmeks ja mugavaks. T\u00d5ESTATUD T\u00d5HUSUS: Niisutus suureneb 70% v\u00f5rra 6 tunni m\u00f6\u00f6dudes peale pealekandmist. Niisutus suureneb 69% v\u00f5rra 8 tunni m\u00f6\u00f6dudes peale pealekandmist. Niisutus [&hellip;]<\/p>\n","protected":false},"featured_media":2313,"comment_status":"open","ping_status":"closed","template":"","meta":{"_acf_changed":false},"pwb-brand":[43],"product_brand":[],"product_cat":[58],"product_tag":[105,112,113],"class_list":{"0":"post-2318","1":"product","2":"type-product","3":"status-publish","4":"has-post-thumbnail","6":"pwb-brand-phyt","7":"product_cat-nao-ja-kaelakreemid","8":"product_tag-koik-naha","9":"product_tag-kuiv-nahk","10":"product_tag-tundlik-nahk","12":"first","13":"instock","14":"taxable","15":"shipping-taxable","16":"purchasable","17":"product-type-simple"},"acf":[],"yoast_head":"<!-- This site is optimized with the Yoast SEO plugin v25.7 - https:\/\/yoast.com\/wordpress\/plugins\/seo\/ -->\n<title>NIISUTAV FLUID 24 TUNDI \/ FLUIDE HYDRATANTE - Ilutoodete e-pood<\/title>\n<meta name=\"robots\" content=\"noindex, follow, max-snippet:-1, max-image-preview:large, max-video-preview:-1\" \/>\n<meta property=\"og:locale\" content=\"et_EE\" \/>\n<meta property=\"og:type\" content=\"article\" \/>\n<meta property=\"og:title\" content=\"NIISUTAV FLUID 24 TUNDI \/ FLUIDE HYDRATANTE - Ilutoodete e-pood\" \/>\n<meta property=\"og:description\" content=\"Kerge ja \u00f5hulise tekstuuri kreem tagab kogu p\u00e4eva jooksul niisutuse. S\u00e4ilitab niiskuse epidermises ja ennetab selle kadumist. Normaalsele v\u00f5i kombineeritud nahale, matistab ja v\u00e4hendab rasvast l\u00e4iget, taastades naha niiskustasakaalu. Nahk muutub pehmeks ja mugavaks. T\u00d5ESTATUD T\u00d5HUSUS: Niisutus suureneb 70% v\u00f5rra 6 tunni m\u00f6\u00f6dudes peale pealekandmist. Niisutus suureneb 69% v\u00f5rra 8 tunni m\u00f6\u00f6dudes peale pealekandmist. Niisutus [&hellip;]\" \/>\n<meta property=\"og:url\" content=\"https:\/\/old.kosmetoloog.ee\/toode\/fluide_hydratant\/\" \/>\n<meta property=\"og:site_name\" content=\"Ilutoodete e-pood\" \/>\n<meta property=\"og:image\" content=\"https:\/\/old.kosmetoloog.ee\/wp-content\/uploads\/2024\/05\/img_5268.jpeg\" \/>\n\t<meta property=\"og:image:width\" content=\"1290\" \/>\n\t<meta property=\"og:image:height\" content=\"1283\" \/>\n\t<meta property=\"og:image:type\" content=\"image\/jpeg\" \/>\n<meta name=\"twitter:card\" content=\"summary_large_image\" \/>\n<script type=\"application\/ld+json\" class=\"yoast-schema-graph\">{\"@context\":\"https:\/\/schema.org\",\"@graph\":[{\"@type\":\"WebPage\",\"@id\":\"https:\/\/old.kosmetoloog.ee\/toode\/fluide_hydratant\/\",\"url\":\"https:\/\/old.kosmetoloog.ee\/toode\/fluide_hydratant\/\",\"name\":\"NIISUTAV FLUID 24 TUNDI \/ FLUIDE HYDRATANTE - Ilutoodete e-pood\",\"isPartOf\":{\"@id\":\"https:\/\/old.kosmetoloog.ee\/#website\"},\"primaryImageOfPage\":{\"@id\":\"https:\/\/old.kosmetoloog.ee\/toode\/fluide_hydratant\/#primaryimage\"},\"image\":{\"@id\":\"https:\/\/old.kosmetoloog.ee\/toode\/fluide_hydratant\/#primaryimage\"},\"thumbnailUrl\":\"https:\/\/old.kosmetoloog.ee\/wp-content\/uploads\/2024\/05\/img_5268.jpeg\",\"datePublished\":\"2024-05-11T07:38:06+00:00\",\"breadcrumb\":{\"@id\":\"https:\/\/old.kosmetoloog.ee\/toode\/fluide_hydratant\/#breadcrumb\"},\"inLanguage\":\"et\",\"potentialAction\":[{\"@type\":\"ReadAction\",\"target\":[\"https:\/\/old.kosmetoloog.ee\/toode\/fluide_hydratant\/\"]}]},{\"@type\":\"ImageObject\",\"inLanguage\":\"et\",\"@id\":\"https:\/\/old.kosmetoloog.ee\/toode\/fluide_hydratant\/#primaryimage\",\"url\":\"https:\/\/old.kosmetoloog.ee\/wp-content\/uploads\/2024\/05\/img_5268.jpeg\",\"contentUrl\":\"https:\/\/old.kosmetoloog.ee\/wp-content\/uploads\/2024\/05\/img_5268.jpeg\",\"width\":1290,\"height\":1283},{\"@type\":\"BreadcrumbList\",\"@id\":\"https:\/\/old.kosmetoloog.ee\/toode\/fluide_hydratant\/#breadcrumb\",\"itemListElement\":[{\"@type\":\"ListItem\",\"position\":1,\"name\":\"Home\",\"item\":\"https:\/\/old.kosmetoloog.ee\/et\/\"},{\"@type\":\"ListItem\",\"position\":2,\"name\":\"Pood\",\"item\":\"https:\/\/old.kosmetoloog.ee\/et\/pood\/\"},{\"@type\":\"ListItem\",\"position\":3,\"name\":\"NIISUTAV FLUID 24 TUNDI \/ FLUIDE HYDRATANTE\"}]},{\"@type\":\"WebSite\",\"@id\":\"https:\/\/old.kosmetoloog.ee\/#website\",\"url\":\"https:\/\/old.kosmetoloog.ee\/\",\"name\":\"Ilutoodete e-pood\",\"description\":\"Kosmeetika pood\",\"publisher\":{\"@id\":\"https:\/\/old.kosmetoloog.ee\/#organization\"},\"potentialAction\":[{\"@type\":\"SearchAction\",\"target\":{\"@type\":\"EntryPoint\",\"urlTemplate\":\"https:\/\/old.kosmetoloog.ee\/?s={search_term_string}\"},\"query-input\":{\"@type\":\"PropertyValueSpecification\",\"valueRequired\":true,\"valueName\":\"search_term_string\"}}],\"inLanguage\":\"et\"},{\"@type\":\"Organization\",\"@id\":\"https:\/\/old.kosmetoloog.ee\/#organization\",\"name\":\"You are You O\u00dc\",\"url\":\"https:\/\/old.kosmetoloog.ee\/\",\"logo\":{\"@type\":\"ImageObject\",\"inLanguage\":\"et\",\"@id\":\"https:\/\/old.kosmetoloog.ee\/#\/schema\/logo\/image\/\",\"url\":\"https:\/\/old.kosmetoloog.ee\/wp-content\/uploads\/2023\/08\/logo-1.png\",\"contentUrl\":\"https:\/\/old.kosmetoloog.ee\/wp-content\/uploads\/2023\/08\/logo-1.png\",\"width\":1200,\"height\":964,\"caption\":\"You are You O\u00dc\"},\"image\":{\"@id\":\"https:\/\/old.kosmetoloog.ee\/#\/schema\/logo\/image\/\"}}]}<\/script>\n<!-- \/ Yoast SEO plugin. -->","yoast_head_json":{"title":"NIISUTAV FLUID 24 TUNDI \/ FLUIDE HYDRATANTE - Ilutoodete e-pood","robots":{"index":"noindex","follow":"follow","max-snippet":"max-snippet:-1","max-image-preview":"max-image-preview:large","max-video-preview":"max-video-preview:-1"},"og_locale":"et_EE","og_type":"article","og_title":"NIISUTAV FLUID 24 TUNDI \/ FLUIDE HYDRATANTE - Ilutoodete e-pood","og_description":"Kerge ja \u00f5hulise tekstuuri kreem tagab kogu p\u00e4eva jooksul niisutuse. S\u00e4ilitab niiskuse epidermises ja ennetab selle kadumist. Normaalsele v\u00f5i kombineeritud nahale, matistab ja v\u00e4hendab rasvast l\u00e4iget, taastades naha niiskustasakaalu. Nahk muutub pehmeks ja mugavaks. T\u00d5ESTATUD T\u00d5HUSUS: Niisutus suureneb 70% v\u00f5rra 6 tunni m\u00f6\u00f6dudes peale pealekandmist. Niisutus suureneb 69% v\u00f5rra 8 tunni m\u00f6\u00f6dudes peale pealekandmist. Niisutus [&hellip;]","og_url":"https:\/\/old.kosmetoloog.ee\/toode\/fluide_hydratant\/","og_site_name":"Ilutoodete e-pood","og_image":[{"width":1290,"height":1283,"url":"https:\/\/old.kosmetoloog.ee\/wp-content\/uploads\/2024\/05\/img_5268.jpeg","type":"image\/jpeg"}],"twitter_card":"summary_large_image","schema":{"@context":"https:\/\/schema.org","@graph":[{"@type":"WebPage","@id":"https:\/\/old.kosmetoloog.ee\/toode\/fluide_hydratant\/","url":"https:\/\/old.kosmetoloog.ee\/toode\/fluide_hydratant\/","name":"NIISUTAV FLUID 24 TUNDI \/ FLUIDE HYDRATANTE - Ilutoodete e-pood","isPartOf":{"@id":"https:\/\/old.kosmetoloog.ee\/#website"},"primaryImageOfPage":{"@id":"https:\/\/old.kosmetoloog.ee\/toode\/fluide_hydratant\/#primaryimage"},"image":{"@id":"https:\/\/old.kosmetoloog.ee\/toode\/fluide_hydratant\/#primaryimage"},"thumbnailUrl":"https:\/\/old.kosmetoloog.ee\/wp-content\/uploads\/2024\/05\/img_5268.jpeg","datePublished":"2024-05-11T07:38:06+00:00","breadcrumb":{"@id":"https:\/\/old.kosmetoloog.ee\/toode\/fluide_hydratant\/#breadcrumb"},"inLanguage":"et","potentialAction":[{"@type":"ReadAction","target":["https:\/\/old.kosmetoloog.ee\/toode\/fluide_hydratant\/"]}]},{"@type":"ImageObject","inLanguage":"et","@id":"https:\/\/old.kosmetoloog.ee\/toode\/fluide_hydratant\/#primaryimage","url":"https:\/\/old.kosmetoloog.ee\/wp-content\/uploads\/2024\/05\/img_5268.jpeg","contentUrl":"https:\/\/old.kosmetoloog.ee\/wp-content\/uploads\/2024\/05\/img_5268.jpeg","width":1290,"height":1283},{"@type":"BreadcrumbList","@id":"https:\/\/old.kosmetoloog.ee\/toode\/fluide_hydratant\/#breadcrumb","itemListElement":[{"@type":"ListItem","position":1,"name":"Home","item":"https:\/\/old.kosmetoloog.ee\/et\/"},{"@type":"ListItem","position":2,"name":"Pood","item":"https:\/\/old.kosmetoloog.ee\/et\/pood\/"},{"@type":"ListItem","position":3,"name":"NIISUTAV FLUID 24 TUNDI \/ FLUIDE HYDRATANTE"}]},{"@type":"WebSite","@id":"https:\/\/old.kosmetoloog.ee\/#website","url":"https:\/\/old.kosmetoloog.ee\/","name":"Ilutoodete e-pood","description":"Kosmeetika pood","publisher":{"@id":"https:\/\/old.kosmetoloog.ee\/#organization"},"potentialAction":[{"@type":"SearchAction","target":{"@type":"EntryPoint","urlTemplate":"https:\/\/old.kosmetoloog.ee\/?s={search_term_string}"},"query-input":{"@type":"PropertyValueSpecification","valueRequired":true,"valueName":"search_term_string"}}],"inLanguage":"et"},{"@type":"Organization","@id":"https:\/\/old.kosmetoloog.ee\/#organization","name":"You are You O\u00dc","url":"https:\/\/old.kosmetoloog.ee\/","logo":{"@type":"ImageObject","inLanguage":"et","@id":"https:\/\/old.kosmetoloog.ee\/#\/schema\/logo\/image\/","url":"https:\/\/old.kosmetoloog.ee\/wp-content\/uploads\/2023\/08\/logo-1.png","contentUrl":"https:\/\/old.kosmetoloog.ee\/wp-content\/uploads\/2023\/08\/logo-1.png","width":1200,"height":964,"caption":"You are You O\u00dc"},"image":{"@id":"https:\/\/old.kosmetoloog.ee\/#\/schema\/logo\/image\/"}}]}},"brands":[{"id":43,"name":"PHYT'S","slug":"phyt"}],"_links":{"self":[{"href":"https:\/\/old.kosmetoloog.ee\/et\/wp-json\/wp\/v2\/product\/2318","targetHints":{"allow":["GET"]}}],"collection":[{"href":"https:\/\/old.kosmetoloog.ee\/et\/wp-json\/wp\/v2\/product"}],"about":[{"href":"https:\/\/old.kosmetoloog.ee\/et\/wp-json\/wp\/v2\/types\/product"}],"replies":[{"embeddable":true,"href":"https:\/\/old.kosmetoloog.ee\/et\/wp-json\/wp\/v2\/comments?post=2318"}],"wp:featuredmedia":[{"embeddable":true,"href":"https:\/\/old.kosmetoloog.ee\/et\/wp-json\/wp\/v2\/media\/2313"}],"wp:attachment":[{"href":"https:\/\/old.kosmetoloog.ee\/et\/wp-json\/wp\/v2\/media?parent=2318"}],"wp:term":[{"taxonomy":"pwb-brand","embeddable":true,"href":"https:\/\/old.kosmetoloog.ee\/et\/wp-json\/wp\/v2\/pwb-brand?post=2318"},{"taxonomy":"product_brand","embeddable":true,"href":"https:\/\/old.kosmetoloog.ee\/et\/wp-json\/wp\/v2\/product_brand?post=2318"},{"taxonomy":"product_cat","embeddable":true,"href":"https:\/\/old.kosmetoloog.ee\/et\/wp-json\/wp\/v2\/product_cat?post=2318"},{"taxonomy":"product_tag","embeddable":true,"href":"https:\/\/old.kosmetoloog.ee\/et\/wp-json\/wp\/v2\/product_tag?post=2318"}],"curies":[{"name":"wp","href":"https:\/\/api.w.org\/{rel}","templated":true}]}}