{"id":2319,"date":"2024-05-11T10:30:13","date_gmt":"2024-05-11T07:30:13","guid":{"rendered":"https:\/\/kosmetoloog.ee\/product\/toitev-ja-kaitsev-kreem-naole-soin-nutri-protecteur\/"},"modified":"2024-05-11T10:30:13","modified_gmt":"2024-05-11T07:30:13","slug":"toitev-ja-kaitsev-kreem-naole-soin-nutri-protecteur","status":"publish","type":"product","link":"https:\/\/old.kosmetoloog.ee\/et\/toode\/toitev-ja-kaitsev-kreem-naole-soin-nutri-protecteur\/","title":{"rendered":"TOITEV JA KAITSEV KREEM N\u00c4OLE \/ SOIN NUTRI PROTECTEUR"},"content":{"rendered":"<p>Toitvate toimeainete t\u00f5ttu kaitseb Phyt\u2019s&#8217;i toitev hooldus naha h\u00fcdrolipiidkihti. Nahk taastab mugavuse, pehmuse ja elastsuse. Neile, kes armastavad ilang-ilangi l\u00f5hna. Vegan valem.<\/p>\n<p>Sobib: normaalsele ja kombineeritud nahale, kuivale ja v\u00e4ga kuivale nahale, tundlikule nahale.<\/p>\n","protected":false},"excerpt":{"rendered":"<p>Toitvate toimeainete t\u00f5ttu kaitseb Phyt\u2019s&#8217;i toitev hooldus naha h\u00fcdrolipiidkihti. Nahk taastab mugavuse, pehmuse ja elastsuse. Neile, kes armastavad ilang-ilangi l\u00f5hna. Vegan valem. Sobib: normaalsele ja kombineeritud nahale, kuivale ja v\u00e4ga kuivale nahale, tundlikule nahale.<\/p>\n","protected":false},"featured_media":2310,"comment_status":"open","ping_status":"closed","template":"","meta":{"_acf_changed":false},"pwb-brand":[43],"product_brand":[],"product_cat":[58],"product_tag":[117,112,107,115],"class_list":{"0":"post-2319","1":"product","2":"type-product","3":"status-publish","4":"has-post-thumbnail","6":"pwb-brand-phyt","7":"product_cat-nao-ja-kaelakreemid","8":"product_tag-kombineeritud-nahk","9":"product_tag-kuiv-nahk","10":"product_tag-normaalne-nahk","11":"product_tag-probleemne-nahk","13":"first","14":"instock","15":"taxable","16":"shipping-taxable","17":"purchasable","18":"product-type-simple"},"acf":[],"yoast_head":"<!-- This site is optimized with the Yoast SEO plugin v25.7 - https:\/\/yoast.com\/wordpress\/plugins\/seo\/ -->\n<title>TOITEV JA KAITSEV KREEM N\u00c4OLE \/ SOIN NUTRI PROTECTEUR - Ilutoodete e-pood<\/title>\n<meta name=\"robots\" content=\"noindex, follow, max-snippet:-1, max-image-preview:large, max-video-preview:-1\" \/>\n<meta property=\"og:locale\" content=\"et_EE\" \/>\n<meta property=\"og:type\" content=\"article\" \/>\n<meta property=\"og:title\" content=\"TOITEV JA KAITSEV KREEM N\u00c4OLE \/ SOIN NUTRI PROTECTEUR - Ilutoodete e-pood\" \/>\n<meta property=\"og:description\" content=\"Toitvate toimeainete t\u00f5ttu kaitseb Phyt\u2019s&#8217;i toitev hooldus naha h\u00fcdrolipiidkihti. Nahk taastab mugavuse, pehmuse ja elastsuse. Neile, kes armastavad ilang-ilangi l\u00f5hna. Vegan valem. Sobib: normaalsele ja kombineeritud nahale, kuivale ja v\u00e4ga kuivale nahale, tundlikule nahale.\" \/>\n<meta property=\"og:url\" content=\"https:\/\/old.kosmetoloog.ee\/toode\/\u043f\u0438\u0442\u0430\u0442\u0435\u043b\u044c\u043d\u044b\u0439-\u0438-\u0437\u0430\u0449\u0438\u0442\u043d\u044b\u0439-\u0443\u0445\u043e\u0434-\u0434\u043b\u044f-\u043a\u043e\u0436\u0438-\u043b\/\" \/>\n<meta property=\"og:site_name\" content=\"Ilutoodete e-pood\" \/>\n<meta property=\"og:image\" content=\"https:\/\/old.kosmetoloog.ee\/wp-content\/uploads\/2024\/05\/img_5266.jpeg\" \/>\n\t<meta property=\"og:image:width\" content=\"1536\" \/>\n\t<meta property=\"og:image:height\" content=\"1536\" \/>\n\t<meta property=\"og:image:type\" content=\"image\/jpeg\" \/>\n<meta name=\"twitter:card\" content=\"summary_large_image\" \/>\n<script type=\"application\/ld+json\" class=\"yoast-schema-graph\">{\"@context\":\"https:\/\/schema.org\",\"@graph\":[{\"@type\":\"WebPage\",\"@id\":\"https:\/\/old.kosmetoloog.ee\/toode\/%d0%bf%d0%b8%d1%82%d0%b0%d1%82%d0%b5%d0%bb%d1%8c%d0%bd%d1%8b%d0%b9-%d0%b8-%d0%b7%d0%b0%d1%89%d0%b8%d1%82%d0%bd%d1%8b%d0%b9-%d1%83%d1%85%d0%be%d0%b4-%d0%b4%d0%bb%d1%8f-%d0%ba%d0%be%d0%b6%d0%b8-%d0%bb\/\",\"url\":\"https:\/\/old.kosmetoloog.ee\/toode\/%d0%bf%d0%b8%d1%82%d0%b0%d1%82%d0%b5%d0%bb%d1%8c%d0%bd%d1%8b%d0%b9-%d0%b8-%d0%b7%d0%b0%d1%89%d0%b8%d1%82%d0%bd%d1%8b%d0%b9-%d1%83%d1%85%d0%be%d0%b4-%d0%b4%d0%bb%d1%8f-%d0%ba%d0%be%d0%b6%d0%b8-%d0%bb\/\",\"name\":\"TOITEV JA KAITSEV KREEM N\u00c4OLE \/ SOIN NUTRI PROTECTEUR - Ilutoodete e-pood\",\"isPartOf\":{\"@id\":\"https:\/\/old.kosmetoloog.ee\/#website\"},\"primaryImageOfPage\":{\"@id\":\"https:\/\/old.kosmetoloog.ee\/toode\/%d0%bf%d0%b8%d1%82%d0%b0%d1%82%d0%b5%d0%bb%d1%8c%d0%bd%d1%8b%d0%b9-%d0%b8-%d0%b7%d0%b0%d1%89%d0%b8%d1%82%d0%bd%d1%8b%d0%b9-%d1%83%d1%85%d0%be%d0%b4-%d0%b4%d0%bb%d1%8f-%d0%ba%d0%be%d0%b6%d0%b8-%d0%bb\/#primaryimage\"},\"image\":{\"@id\":\"https:\/\/old.kosmetoloog.ee\/toode\/%d0%bf%d0%b8%d1%82%d0%b0%d1%82%d0%b5%d0%bb%d1%8c%d0%bd%d1%8b%d0%b9-%d0%b8-%d0%b7%d0%b0%d1%89%d0%b8%d1%82%d0%bd%d1%8b%d0%b9-%d1%83%d1%85%d0%be%d0%b4-%d0%b4%d0%bb%d1%8f-%d0%ba%d0%be%d0%b6%d0%b8-%d0%bb\/#primaryimage\"},\"thumbnailUrl\":\"https:\/\/old.kosmetoloog.ee\/wp-content\/uploads\/2024\/05\/img_5266.jpeg\",\"datePublished\":\"2024-05-11T07:30:13+00:00\",\"breadcrumb\":{\"@id\":\"https:\/\/old.kosmetoloog.ee\/toode\/%d0%bf%d0%b8%d1%82%d0%b0%d1%82%d0%b5%d0%bb%d1%8c%d0%bd%d1%8b%d0%b9-%d0%b8-%d0%b7%d0%b0%d1%89%d0%b8%d1%82%d0%bd%d1%8b%d0%b9-%d1%83%d1%85%d0%be%d0%b4-%d0%b4%d0%bb%d1%8f-%d0%ba%d0%be%d0%b6%d0%b8-%d0%bb\/#breadcrumb\"},\"inLanguage\":\"et\",\"potentialAction\":[{\"@type\":\"ReadAction\",\"target\":[\"https:\/\/old.kosmetoloog.ee\/toode\/%d0%bf%d0%b8%d1%82%d0%b0%d1%82%d0%b5%d0%bb%d1%8c%d0%bd%d1%8b%d0%b9-%d0%b8-%d0%b7%d0%b0%d1%89%d0%b8%d1%82%d0%bd%d1%8b%d0%b9-%d1%83%d1%85%d0%be%d0%b4-%d0%b4%d0%bb%d1%8f-%d0%ba%d0%be%d0%b6%d0%b8-%d0%bb\/\"]}]},{\"@type\":\"ImageObject\",\"inLanguage\":\"et\",\"@id\":\"https:\/\/old.kosmetoloog.ee\/toode\/%d0%bf%d0%b8%d1%82%d0%b0%d1%82%d0%b5%d0%bb%d1%8c%d0%bd%d1%8b%d0%b9-%d0%b8-%d0%b7%d0%b0%d1%89%d0%b8%d1%82%d0%bd%d1%8b%d0%b9-%d1%83%d1%85%d0%be%d0%b4-%d0%b4%d0%bb%d1%8f-%d0%ba%d0%be%d0%b6%d0%b8-%d0%bb\/#primaryimage\",\"url\":\"https:\/\/old.kosmetoloog.ee\/wp-content\/uploads\/2024\/05\/img_5266.jpeg\",\"contentUrl\":\"https:\/\/old.kosmetoloog.ee\/wp-content\/uploads\/2024\/05\/img_5266.jpeg\",\"width\":1536,\"height\":1536},{\"@type\":\"BreadcrumbList\",\"@id\":\"https:\/\/old.kosmetoloog.ee\/toode\/%d0%bf%d0%b8%d1%82%d0%b0%d1%82%d0%b5%d0%bb%d1%8c%d0%bd%d1%8b%d0%b9-%d0%b8-%d0%b7%d0%b0%d1%89%d0%b8%d1%82%d0%bd%d1%8b%d0%b9-%d1%83%d1%85%d0%be%d0%b4-%d0%b4%d0%bb%d1%8f-%d0%ba%d0%be%d0%b6%d0%b8-%d0%bb\/#breadcrumb\",\"itemListElement\":[{\"@type\":\"ListItem\",\"position\":1,\"name\":\"Home\",\"item\":\"https:\/\/old.kosmetoloog.ee\/et\/\"},{\"@type\":\"ListItem\",\"position\":2,\"name\":\"Pood\",\"item\":\"https:\/\/old.kosmetoloog.ee\/et\/pood\/\"},{\"@type\":\"ListItem\",\"position\":3,\"name\":\"TOITEV JA KAITSEV KREEM N\u00c4OLE \/ SOIN NUTRI PROTECTEUR\"}]},{\"@type\":\"WebSite\",\"@id\":\"https:\/\/old.kosmetoloog.ee\/#website\",\"url\":\"https:\/\/old.kosmetoloog.ee\/\",\"name\":\"Ilutoodete e-pood\",\"description\":\"Kosmeetika pood\",\"publisher\":{\"@id\":\"https:\/\/old.kosmetoloog.ee\/#organization\"},\"potentialAction\":[{\"@type\":\"SearchAction\",\"target\":{\"@type\":\"EntryPoint\",\"urlTemplate\":\"https:\/\/old.kosmetoloog.ee\/?s={search_term_string}\"},\"query-input\":{\"@type\":\"PropertyValueSpecification\",\"valueRequired\":true,\"valueName\":\"search_term_string\"}}],\"inLanguage\":\"et\"},{\"@type\":\"Organization\",\"@id\":\"https:\/\/old.kosmetoloog.ee\/#organization\",\"name\":\"You are You O\u00dc\",\"url\":\"https:\/\/old.kosmetoloog.ee\/\",\"logo\":{\"@type\":\"ImageObject\",\"inLanguage\":\"et\",\"@id\":\"https:\/\/old.kosmetoloog.ee\/#\/schema\/logo\/image\/\",\"url\":\"https:\/\/old.kosmetoloog.ee\/wp-content\/uploads\/2023\/08\/logo-1.png\",\"contentUrl\":\"https:\/\/old.kosmetoloog.ee\/wp-content\/uploads\/2023\/08\/logo-1.png\",\"width\":1200,\"height\":964,\"caption\":\"You are You O\u00dc\"},\"image\":{\"@id\":\"https:\/\/old.kosmetoloog.ee\/#\/schema\/logo\/image\/\"}}]}<\/script>\n<!-- \/ Yoast SEO plugin. -->","yoast_head_json":{"title":"TOITEV JA KAITSEV KREEM N\u00c4OLE \/ SOIN NUTRI PROTECTEUR - Ilutoodete e-pood","robots":{"index":"noindex","follow":"follow","max-snippet":"max-snippet:-1","max-image-preview":"max-image-preview:large","max-video-preview":"max-video-preview:-1"},"og_locale":"et_EE","og_type":"article","og_title":"TOITEV JA KAITSEV KREEM N\u00c4OLE \/ SOIN NUTRI PROTECTEUR - Ilutoodete e-pood","og_description":"Toitvate toimeainete t\u00f5ttu kaitseb Phyt\u2019s&#8217;i toitev hooldus naha h\u00fcdrolipiidkihti. Nahk taastab mugavuse, pehmuse ja elastsuse. Neile, kes armastavad ilang-ilangi l\u00f5hna. Vegan valem. Sobib: normaalsele ja kombineeritud nahale, kuivale ja v\u00e4ga kuivale nahale, tundlikule nahale.","og_url":"https:\/\/old.kosmetoloog.ee\/toode\/\u043f\u0438\u0442\u0430\u0442\u0435\u043b\u044c\u043d\u044b\u0439-\u0438-\u0437\u0430\u0449\u0438\u0442\u043d\u044b\u0439-\u0443\u0445\u043e\u0434-\u0434\u043b\u044f-\u043a\u043e\u0436\u0438-\u043b\/","og_site_name":"Ilutoodete e-pood","og_image":[{"width":1536,"height":1536,"url":"https:\/\/old.kosmetoloog.ee\/wp-content\/uploads\/2024\/05\/img_5266.jpeg","type":"image\/jpeg"}],"twitter_card":"summary_large_image","schema":{"@context":"https:\/\/schema.org","@graph":[{"@type":"WebPage","@id":"https:\/\/old.kosmetoloog.ee\/toode\/%d0%bf%d0%b8%d1%82%d0%b0%d1%82%d0%b5%d0%bb%d1%8c%d0%bd%d1%8b%d0%b9-%d0%b8-%d0%b7%d0%b0%d1%89%d0%b8%d1%82%d0%bd%d1%8b%d0%b9-%d1%83%d1%85%d0%be%d0%b4-%d0%b4%d0%bb%d1%8f-%d0%ba%d0%be%d0%b6%d0%b8-%d0%bb\/","url":"https:\/\/old.kosmetoloog.ee\/toode\/%d0%bf%d0%b8%d1%82%d0%b0%d1%82%d0%b5%d0%bb%d1%8c%d0%bd%d1%8b%d0%b9-%d0%b8-%d0%b7%d0%b0%d1%89%d0%b8%d1%82%d0%bd%d1%8b%d0%b9-%d1%83%d1%85%d0%be%d0%b4-%d0%b4%d0%bb%d1%8f-%d0%ba%d0%be%d0%b6%d0%b8-%d0%bb\/","name":"TOITEV JA KAITSEV KREEM N\u00c4OLE \/ SOIN NUTRI PROTECTEUR - Ilutoodete e-pood","isPartOf":{"@id":"https:\/\/old.kosmetoloog.ee\/#website"},"primaryImageOfPage":{"@id":"https:\/\/old.kosmetoloog.ee\/toode\/%d0%bf%d0%b8%d1%82%d0%b0%d1%82%d0%b5%d0%bb%d1%8c%d0%bd%d1%8b%d0%b9-%d0%b8-%d0%b7%d0%b0%d1%89%d0%b8%d1%82%d0%bd%d1%8b%d0%b9-%d1%83%d1%85%d0%be%d0%b4-%d0%b4%d0%bb%d1%8f-%d0%ba%d0%be%d0%b6%d0%b8-%d0%bb\/#primaryimage"},"image":{"@id":"https:\/\/old.kosmetoloog.ee\/toode\/%d0%bf%d0%b8%d1%82%d0%b0%d1%82%d0%b5%d0%bb%d1%8c%d0%bd%d1%8b%d0%b9-%d0%b8-%d0%b7%d0%b0%d1%89%d0%b8%d1%82%d0%bd%d1%8b%d0%b9-%d1%83%d1%85%d0%be%d0%b4-%d0%b4%d0%bb%d1%8f-%d0%ba%d0%be%d0%b6%d0%b8-%d0%bb\/#primaryimage"},"thumbnailUrl":"https:\/\/old.kosmetoloog.ee\/wp-content\/uploads\/2024\/05\/img_5266.jpeg","datePublished":"2024-05-11T07:30:13+00:00","breadcrumb":{"@id":"https:\/\/old.kosmetoloog.ee\/toode\/%d0%bf%d0%b8%d1%82%d0%b0%d1%82%d0%b5%d0%bb%d1%8c%d0%bd%d1%8b%d0%b9-%d0%b8-%d0%b7%d0%b0%d1%89%d0%b8%d1%82%d0%bd%d1%8b%d0%b9-%d1%83%d1%85%d0%be%d0%b4-%d0%b4%d0%bb%d1%8f-%d0%ba%d0%be%d0%b6%d0%b8-%d0%bb\/#breadcrumb"},"inLanguage":"et","potentialAction":[{"@type":"ReadAction","target":["https:\/\/old.kosmetoloog.ee\/toode\/%d0%bf%d0%b8%d1%82%d0%b0%d1%82%d0%b5%d0%bb%d1%8c%d0%bd%d1%8b%d0%b9-%d0%b8-%d0%b7%d0%b0%d1%89%d0%b8%d1%82%d0%bd%d1%8b%d0%b9-%d1%83%d1%85%d0%be%d0%b4-%d0%b4%d0%bb%d1%8f-%d0%ba%d0%be%d0%b6%d0%b8-%d0%bb\/"]}]},{"@type":"ImageObject","inLanguage":"et","@id":"https:\/\/old.kosmetoloog.ee\/toode\/%d0%bf%d0%b8%d1%82%d0%b0%d1%82%d0%b5%d0%bb%d1%8c%d0%bd%d1%8b%d0%b9-%d0%b8-%d0%b7%d0%b0%d1%89%d0%b8%d1%82%d0%bd%d1%8b%d0%b9-%d1%83%d1%85%d0%be%d0%b4-%d0%b4%d0%bb%d1%8f-%d0%ba%d0%be%d0%b6%d0%b8-%d0%bb\/#primaryimage","url":"https:\/\/old.kosmetoloog.ee\/wp-content\/uploads\/2024\/05\/img_5266.jpeg","contentUrl":"https:\/\/old.kosmetoloog.ee\/wp-content\/uploads\/2024\/05\/img_5266.jpeg","width":1536,"height":1536},{"@type":"BreadcrumbList","@id":"https:\/\/old.kosmetoloog.ee\/toode\/%d0%bf%d0%b8%d1%82%d0%b0%d1%82%d0%b5%d0%bb%d1%8c%d0%bd%d1%8b%d0%b9-%d0%b8-%d0%b7%d0%b0%d1%89%d0%b8%d1%82%d0%bd%d1%8b%d0%b9-%d1%83%d1%85%d0%be%d0%b4-%d0%b4%d0%bb%d1%8f-%d0%ba%d0%be%d0%b6%d0%b8-%d0%bb\/#breadcrumb","itemListElement":[{"@type":"ListItem","position":1,"name":"Home","item":"https:\/\/old.kosmetoloog.ee\/et\/"},{"@type":"ListItem","position":2,"name":"Pood","item":"https:\/\/old.kosmetoloog.ee\/et\/pood\/"},{"@type":"ListItem","position":3,"name":"TOITEV JA KAITSEV KREEM N\u00c4OLE \/ SOIN NUTRI PROTECTEUR"}]},{"@type":"WebSite","@id":"https:\/\/old.kosmetoloog.ee\/#website","url":"https:\/\/old.kosmetoloog.ee\/","name":"Ilutoodete e-pood","description":"Kosmeetika pood","publisher":{"@id":"https:\/\/old.kosmetoloog.ee\/#organization"},"potentialAction":[{"@type":"SearchAction","target":{"@type":"EntryPoint","urlTemplate":"https:\/\/old.kosmetoloog.ee\/?s={search_term_string}"},"query-input":{"@type":"PropertyValueSpecification","valueRequired":true,"valueName":"search_term_string"}}],"inLanguage":"et"},{"@type":"Organization","@id":"https:\/\/old.kosmetoloog.ee\/#organization","name":"You are You O\u00dc","url":"https:\/\/old.kosmetoloog.ee\/","logo":{"@type":"ImageObject","inLanguage":"et","@id":"https:\/\/old.kosmetoloog.ee\/#\/schema\/logo\/image\/","url":"https:\/\/old.kosmetoloog.ee\/wp-content\/uploads\/2023\/08\/logo-1.png","contentUrl":"https:\/\/old.kosmetoloog.ee\/wp-content\/uploads\/2023\/08\/logo-1.png","width":1200,"height":964,"caption":"You are You O\u00dc"},"image":{"@id":"https:\/\/old.kosmetoloog.ee\/#\/schema\/logo\/image\/"}}]}},"brands":[{"id":43,"name":"PHYT'S","slug":"phyt"}],"_links":{"self":[{"href":"https:\/\/old.kosmetoloog.ee\/et\/wp-json\/wp\/v2\/product\/2319","targetHints":{"allow":["GET"]}}],"collection":[{"href":"https:\/\/old.kosmetoloog.ee\/et\/wp-json\/wp\/v2\/product"}],"about":[{"href":"https:\/\/old.kosmetoloog.ee\/et\/wp-json\/wp\/v2\/types\/product"}],"replies":[{"embeddable":true,"href":"https:\/\/old.kosmetoloog.ee\/et\/wp-json\/wp\/v2\/comments?post=2319"}],"wp:featuredmedia":[{"embeddable":true,"href":"https:\/\/old.kosmetoloog.ee\/et\/wp-json\/wp\/v2\/media\/2310"}],"wp:attachment":[{"href":"https:\/\/old.kosmetoloog.ee\/et\/wp-json\/wp\/v2\/media?parent=2319"}],"wp:term":[{"taxonomy":"pwb-brand","embeddable":true,"href":"https:\/\/old.kosmetoloog.ee\/et\/wp-json\/wp\/v2\/pwb-brand?post=2319"},{"taxonomy":"product_brand","embeddable":true,"href":"https:\/\/old.kosmetoloog.ee\/et\/wp-json\/wp\/v2\/product_brand?post=2319"},{"taxonomy":"product_cat","embeddable":true,"href":"https:\/\/old.kosmetoloog.ee\/et\/wp-json\/wp\/v2\/product_cat?post=2319"},{"taxonomy":"product_tag","embeddable":true,"href":"https:\/\/old.kosmetoloog.ee\/et\/wp-json\/wp\/v2\/product_tag?post=2319"}],"curies":[{"name":"wp","href":"https:\/\/api.w.org\/{rel}","templated":true}]}}