{"id":2320,"date":"2024-05-11T10:23:30","date_gmt":"2024-05-11T07:23:30","guid":{"rendered":"https:\/\/kosmetoloog.ee\/product\/intensiivse-mugavusega-kreem-soin-visage-nutrition-extreme\/"},"modified":"2024-05-11T10:23:30","modified_gmt":"2024-05-11T07:23:30","slug":"intensiivse-mugavusega-kreem-soin-visage-nutrition-extreme","status":"publish","type":"product","link":"https:\/\/old.kosmetoloog.ee\/et\/toode\/intensiivse-mugavusega-kreem-soin-visage-nutrition-extreme\/","title":{"rendered":"INTENSIIVSE MUGAVUSEGA KREEM \/ SOIN VISAGE NUTRITION EXTREME"},"content":{"rendered":"<p>See kreem omab erakordselt rikkalikku tekstuur ja p\u00f5hineb &#8220;pideva \u00f5li&#8221; p\u00f5him\u00f5ttel, t\u00e4nu millele see toidab nahka intensiivselt ja pikaajaliselt, j\u00e4tmata rasvast kihti. T\u00e4nu rikkalikule toitaineterikastele \u00f5lidele tugevdab kreem h\u00fcdrolipiidset membraani ning taastab kuiva naha loomuliku pehmuse ja mugavuse. Regenereeritud nahk omandab k\u00f5ik vajalikud j\u00f5uvarud, et kaitsta end kuivamise ja v\u00e4lism\u00f5jude eest. Nahk on k\u00fcllastunud toitainetega, niisutatud, taastatud, pinguldav tunne on v\u00e4henenud ja n\u00e4gu kiirgab ilu.<\/p>\n<p>Sobib: kuivale ja v\u00e4ga kuivale nahale.<\/p>\n","protected":false},"excerpt":{"rendered":"<p>See kreem omab erakordselt rikkalikku tekstuur ja p\u00f5hineb &#8220;pideva \u00f5li&#8221; p\u00f5him\u00f5ttel, t\u00e4nu millele see toidab nahka intensiivselt ja pikaajaliselt, j\u00e4tmata rasvast kihti. T\u00e4nu rikkalikule toitaineterikastele \u00f5lidele tugevdab kreem h\u00fcdrolipiidset membraani ning taastab kuiva naha loomuliku pehmuse ja mugavuse. Regenereeritud nahk omandab k\u00f5ik vajalikud j\u00f5uvarud, et kaitsta end kuivamise ja v\u00e4lism\u00f5jude eest. Nahk on k\u00fcllastunud toitainetega, [&hellip;]<\/p>\n","protected":false},"featured_media":2306,"comment_status":"open","ping_status":"closed","template":"","meta":{"_acf_changed":false},"pwb-brand":[43],"product_brand":[],"product_cat":[58],"product_tag":[112,115,113],"class_list":{"0":"post-2320","1":"product","2":"type-product","3":"status-publish","4":"has-post-thumbnail","6":"pwb-brand-phyt","7":"product_cat-nao-ja-kaelakreemid","8":"product_tag-kuiv-nahk","9":"product_tag-probleemne-nahk","10":"product_tag-tundlik-nahk","12":"first","13":"instock","14":"taxable","15":"shipping-taxable","16":"purchasable","17":"product-type-simple"},"acf":[],"yoast_head":"<!-- This site is optimized with the Yoast SEO plugin v25.7 - https:\/\/yoast.com\/wordpress\/plugins\/seo\/ -->\n<title>INTENSIIVSE MUGAVUSEGA KREEM \/ SOIN VISAGE NUTRITION EXTREME - Ilutoodete e-pood<\/title>\n<meta name=\"robots\" content=\"noindex, follow, max-snippet:-1, max-image-preview:large, max-video-preview:-1\" \/>\n<meta property=\"og:locale\" content=\"et_EE\" \/>\n<meta property=\"og:type\" content=\"article\" \/>\n<meta property=\"og:title\" content=\"INTENSIIVSE MUGAVUSEGA KREEM \/ SOIN VISAGE NUTRITION EXTREME - Ilutoodete e-pood\" \/>\n<meta property=\"og:description\" content=\"See kreem omab erakordselt rikkalikku tekstuur ja p\u00f5hineb &#8220;pideva \u00f5li&#8221; p\u00f5him\u00f5ttel, t\u00e4nu millele see toidab nahka intensiivselt ja pikaajaliselt, j\u00e4tmata rasvast kihti. T\u00e4nu rikkalikule toitaineterikastele \u00f5lidele tugevdab kreem h\u00fcdrolipiidset membraani ning taastab kuiva naha loomuliku pehmuse ja mugavuse. Regenereeritud nahk omandab k\u00f5ik vajalikud j\u00f5uvarud, et kaitsta end kuivamise ja v\u00e4lism\u00f5jude eest. Nahk on k\u00fcllastunud toitainetega, [&hellip;]\" \/>\n<meta property=\"og:url\" content=\"https:\/\/old.kosmetoloog.ee\/toode\/soin-visage\/\" \/>\n<meta property=\"og:site_name\" content=\"Ilutoodete e-pood\" \/>\n<meta property=\"og:image\" content=\"https:\/\/old.kosmetoloog.ee\/wp-content\/uploads\/2024\/05\/img_5267.jpeg\" \/>\n\t<meta property=\"og:image:width\" content=\"1536\" \/>\n\t<meta property=\"og:image:height\" content=\"1536\" \/>\n\t<meta property=\"og:image:type\" content=\"image\/jpeg\" \/>\n<meta name=\"twitter:card\" content=\"summary_large_image\" \/>\n<script type=\"application\/ld+json\" class=\"yoast-schema-graph\">{\"@context\":\"https:\/\/schema.org\",\"@graph\":[{\"@type\":\"WebPage\",\"@id\":\"https:\/\/old.kosmetoloog.ee\/toode\/soin-visage\/\",\"url\":\"https:\/\/old.kosmetoloog.ee\/toode\/soin-visage\/\",\"name\":\"INTENSIIVSE MUGAVUSEGA KREEM \/ SOIN VISAGE NUTRITION EXTREME - Ilutoodete e-pood\",\"isPartOf\":{\"@id\":\"https:\/\/old.kosmetoloog.ee\/#website\"},\"primaryImageOfPage\":{\"@id\":\"https:\/\/old.kosmetoloog.ee\/toode\/soin-visage\/#primaryimage\"},\"image\":{\"@id\":\"https:\/\/old.kosmetoloog.ee\/toode\/soin-visage\/#primaryimage\"},\"thumbnailUrl\":\"https:\/\/old.kosmetoloog.ee\/wp-content\/uploads\/2024\/05\/img_5267.jpeg\",\"datePublished\":\"2024-05-11T07:23:30+00:00\",\"breadcrumb\":{\"@id\":\"https:\/\/old.kosmetoloog.ee\/toode\/soin-visage\/#breadcrumb\"},\"inLanguage\":\"et\",\"potentialAction\":[{\"@type\":\"ReadAction\",\"target\":[\"https:\/\/old.kosmetoloog.ee\/toode\/soin-visage\/\"]}]},{\"@type\":\"ImageObject\",\"inLanguage\":\"et\",\"@id\":\"https:\/\/old.kosmetoloog.ee\/toode\/soin-visage\/#primaryimage\",\"url\":\"https:\/\/old.kosmetoloog.ee\/wp-content\/uploads\/2024\/05\/img_5267.jpeg\",\"contentUrl\":\"https:\/\/old.kosmetoloog.ee\/wp-content\/uploads\/2024\/05\/img_5267.jpeg\",\"width\":1536,\"height\":1536},{\"@type\":\"BreadcrumbList\",\"@id\":\"https:\/\/old.kosmetoloog.ee\/toode\/soin-visage\/#breadcrumb\",\"itemListElement\":[{\"@type\":\"ListItem\",\"position\":1,\"name\":\"Home\",\"item\":\"https:\/\/old.kosmetoloog.ee\/et\/\"},{\"@type\":\"ListItem\",\"position\":2,\"name\":\"Pood\",\"item\":\"https:\/\/old.kosmetoloog.ee\/et\/pood\/\"},{\"@type\":\"ListItem\",\"position\":3,\"name\":\"INTENSIIVSE MUGAVUSEGA KREEM \/ SOIN VISAGE NUTRITION EXTREME\"}]},{\"@type\":\"WebSite\",\"@id\":\"https:\/\/old.kosmetoloog.ee\/#website\",\"url\":\"https:\/\/old.kosmetoloog.ee\/\",\"name\":\"Ilutoodete e-pood\",\"description\":\"Kosmeetika pood\",\"publisher\":{\"@id\":\"https:\/\/old.kosmetoloog.ee\/#organization\"},\"potentialAction\":[{\"@type\":\"SearchAction\",\"target\":{\"@type\":\"EntryPoint\",\"urlTemplate\":\"https:\/\/old.kosmetoloog.ee\/?s={search_term_string}\"},\"query-input\":{\"@type\":\"PropertyValueSpecification\",\"valueRequired\":true,\"valueName\":\"search_term_string\"}}],\"inLanguage\":\"et\"},{\"@type\":\"Organization\",\"@id\":\"https:\/\/old.kosmetoloog.ee\/#organization\",\"name\":\"You are You O\u00dc\",\"url\":\"https:\/\/old.kosmetoloog.ee\/\",\"logo\":{\"@type\":\"ImageObject\",\"inLanguage\":\"et\",\"@id\":\"https:\/\/old.kosmetoloog.ee\/#\/schema\/logo\/image\/\",\"url\":\"https:\/\/old.kosmetoloog.ee\/wp-content\/uploads\/2023\/08\/logo-1.png\",\"contentUrl\":\"https:\/\/old.kosmetoloog.ee\/wp-content\/uploads\/2023\/08\/logo-1.png\",\"width\":1200,\"height\":964,\"caption\":\"You are You O\u00dc\"},\"image\":{\"@id\":\"https:\/\/old.kosmetoloog.ee\/#\/schema\/logo\/image\/\"}}]}<\/script>\n<!-- \/ Yoast SEO plugin. -->","yoast_head_json":{"title":"INTENSIIVSE MUGAVUSEGA KREEM \/ SOIN VISAGE NUTRITION EXTREME - Ilutoodete e-pood","robots":{"index":"noindex","follow":"follow","max-snippet":"max-snippet:-1","max-image-preview":"max-image-preview:large","max-video-preview":"max-video-preview:-1"},"og_locale":"et_EE","og_type":"article","og_title":"INTENSIIVSE MUGAVUSEGA KREEM \/ SOIN VISAGE NUTRITION EXTREME - Ilutoodete e-pood","og_description":"See kreem omab erakordselt rikkalikku tekstuur ja p\u00f5hineb &#8220;pideva \u00f5li&#8221; p\u00f5him\u00f5ttel, t\u00e4nu millele see toidab nahka intensiivselt ja pikaajaliselt, j\u00e4tmata rasvast kihti. T\u00e4nu rikkalikule toitaineterikastele \u00f5lidele tugevdab kreem h\u00fcdrolipiidset membraani ning taastab kuiva naha loomuliku pehmuse ja mugavuse. Regenereeritud nahk omandab k\u00f5ik vajalikud j\u00f5uvarud, et kaitsta end kuivamise ja v\u00e4lism\u00f5jude eest. Nahk on k\u00fcllastunud toitainetega, [&hellip;]","og_url":"https:\/\/old.kosmetoloog.ee\/toode\/soin-visage\/","og_site_name":"Ilutoodete e-pood","og_image":[{"width":1536,"height":1536,"url":"https:\/\/old.kosmetoloog.ee\/wp-content\/uploads\/2024\/05\/img_5267.jpeg","type":"image\/jpeg"}],"twitter_card":"summary_large_image","schema":{"@context":"https:\/\/schema.org","@graph":[{"@type":"WebPage","@id":"https:\/\/old.kosmetoloog.ee\/toode\/soin-visage\/","url":"https:\/\/old.kosmetoloog.ee\/toode\/soin-visage\/","name":"INTENSIIVSE MUGAVUSEGA KREEM \/ SOIN VISAGE NUTRITION EXTREME - Ilutoodete e-pood","isPartOf":{"@id":"https:\/\/old.kosmetoloog.ee\/#website"},"primaryImageOfPage":{"@id":"https:\/\/old.kosmetoloog.ee\/toode\/soin-visage\/#primaryimage"},"image":{"@id":"https:\/\/old.kosmetoloog.ee\/toode\/soin-visage\/#primaryimage"},"thumbnailUrl":"https:\/\/old.kosmetoloog.ee\/wp-content\/uploads\/2024\/05\/img_5267.jpeg","datePublished":"2024-05-11T07:23:30+00:00","breadcrumb":{"@id":"https:\/\/old.kosmetoloog.ee\/toode\/soin-visage\/#breadcrumb"},"inLanguage":"et","potentialAction":[{"@type":"ReadAction","target":["https:\/\/old.kosmetoloog.ee\/toode\/soin-visage\/"]}]},{"@type":"ImageObject","inLanguage":"et","@id":"https:\/\/old.kosmetoloog.ee\/toode\/soin-visage\/#primaryimage","url":"https:\/\/old.kosmetoloog.ee\/wp-content\/uploads\/2024\/05\/img_5267.jpeg","contentUrl":"https:\/\/old.kosmetoloog.ee\/wp-content\/uploads\/2024\/05\/img_5267.jpeg","width":1536,"height":1536},{"@type":"BreadcrumbList","@id":"https:\/\/old.kosmetoloog.ee\/toode\/soin-visage\/#breadcrumb","itemListElement":[{"@type":"ListItem","position":1,"name":"Home","item":"https:\/\/old.kosmetoloog.ee\/et\/"},{"@type":"ListItem","position":2,"name":"Pood","item":"https:\/\/old.kosmetoloog.ee\/et\/pood\/"},{"@type":"ListItem","position":3,"name":"INTENSIIVSE MUGAVUSEGA KREEM \/ SOIN VISAGE NUTRITION EXTREME"}]},{"@type":"WebSite","@id":"https:\/\/old.kosmetoloog.ee\/#website","url":"https:\/\/old.kosmetoloog.ee\/","name":"Ilutoodete e-pood","description":"Kosmeetika pood","publisher":{"@id":"https:\/\/old.kosmetoloog.ee\/#organization"},"potentialAction":[{"@type":"SearchAction","target":{"@type":"EntryPoint","urlTemplate":"https:\/\/old.kosmetoloog.ee\/?s={search_term_string}"},"query-input":{"@type":"PropertyValueSpecification","valueRequired":true,"valueName":"search_term_string"}}],"inLanguage":"et"},{"@type":"Organization","@id":"https:\/\/old.kosmetoloog.ee\/#organization","name":"You are You O\u00dc","url":"https:\/\/old.kosmetoloog.ee\/","logo":{"@type":"ImageObject","inLanguage":"et","@id":"https:\/\/old.kosmetoloog.ee\/#\/schema\/logo\/image\/","url":"https:\/\/old.kosmetoloog.ee\/wp-content\/uploads\/2023\/08\/logo-1.png","contentUrl":"https:\/\/old.kosmetoloog.ee\/wp-content\/uploads\/2023\/08\/logo-1.png","width":1200,"height":964,"caption":"You are You O\u00dc"},"image":{"@id":"https:\/\/old.kosmetoloog.ee\/#\/schema\/logo\/image\/"}}]}},"brands":[{"id":43,"name":"PHYT'S","slug":"phyt"}],"_links":{"self":[{"href":"https:\/\/old.kosmetoloog.ee\/et\/wp-json\/wp\/v2\/product\/2320","targetHints":{"allow":["GET"]}}],"collection":[{"href":"https:\/\/old.kosmetoloog.ee\/et\/wp-json\/wp\/v2\/product"}],"about":[{"href":"https:\/\/old.kosmetoloog.ee\/et\/wp-json\/wp\/v2\/types\/product"}],"replies":[{"embeddable":true,"href":"https:\/\/old.kosmetoloog.ee\/et\/wp-json\/wp\/v2\/comments?post=2320"}],"wp:featuredmedia":[{"embeddable":true,"href":"https:\/\/old.kosmetoloog.ee\/et\/wp-json\/wp\/v2\/media\/2306"}],"wp:attachment":[{"href":"https:\/\/old.kosmetoloog.ee\/et\/wp-json\/wp\/v2\/media?parent=2320"}],"wp:term":[{"taxonomy":"pwb-brand","embeddable":true,"href":"https:\/\/old.kosmetoloog.ee\/et\/wp-json\/wp\/v2\/pwb-brand?post=2320"},{"taxonomy":"product_brand","embeddable":true,"href":"https:\/\/old.kosmetoloog.ee\/et\/wp-json\/wp\/v2\/product_brand?post=2320"},{"taxonomy":"product_cat","embeddable":true,"href":"https:\/\/old.kosmetoloog.ee\/et\/wp-json\/wp\/v2\/product_cat?post=2320"},{"taxonomy":"product_tag","embeddable":true,"href":"https:\/\/old.kosmetoloog.ee\/et\/wp-json\/wp\/v2\/product_tag?post=2320"}],"curies":[{"name":"wp","href":"https:\/\/api.w.org\/{rel}","templated":true}]}}