{"id":2442,"date":"2024-07-04T23:17:28","date_gmt":"2024-07-04T20:17:28","guid":{"rendered":"https:\/\/kosmetoloog.ee\/product\/fitline-basics\/"},"modified":"2024-12-09T14:56:20","modified_gmt":"2024-12-09T12:56:20","slug":"fitline-basics","status":"publish","type":"product","link":"https:\/\/old.kosmetoloog.ee\/et\/toode\/fitline-basics\/","title":{"rendered":"FitLine Basics"},"content":{"rendered":"<p><span style=\"font-family: TildaSans, Arial, sans-serif;font-size: 12px;font-style: normal;font-weight: 300;letter-spacing: normal;text-align: left;text-indent: 0px;text-transform: none;text-decoration: none;float: none\">Fitline Basics parandab seedetrakti funktsiooni, suurendab immuunsust ja parandab heaolu. Kvaliteetne kontsentraat erinevate puuviljade, k\u00f6\u00f6giviljade ja teraviljade looduslikest ekstraktidest ning v\u00e4\u00e4rtuslike elusate piimhappebakterite kultuuridest.<\/span><\/p>\n<p><span style=\"font-family: TildaSans, Arial, sans-serif;font-size: 12px;font-style: normal;font-weight: 300;letter-spacing: normal;text-align: left;text-indent: 0px;text-transform: none;text-decoration: none;float: none\">FitLine Basic<\/span><span style=\"font-family: TildaSans, Arial, sans-serif;font-size: 12px;font-style: normal;font-weight: 300;letter-spacing: normal;text-align: left;text-indent: 0px;text-transform: none;text-decoration: none;float: none\"><span class=\"Apple-converted-space\">&nbsp;<\/span><\/span><br \/>\n<span style=\"font-family: TildaSans, Arial, sans-serif;font-size: 12px;font-style: normal;font-weight: 300;letter-spacing: normal;text-align: left;text-indent: 0px;text-transform: none;text-decoration: none;float: none\">&#8211; on k\u00f5rge kvaliteediga looduslik kontsentraat erinevatest puuviljadest, k\u00f6\u00f6giviljadest ja teraviljadest, piimhappebakteritest ning olulistest antioks\u00fcdantidest (A, C, E ja mikroelement seleen). Seda toodet kasutades reguleeritakse seedeprotsessi, puhastatakse keha kahjulikest ainetest ja allergeenidest ning parandatakse toitainete imendumist toidust.<\/span><span style=\"font-family: TildaSans, Arial, sans-serif;font-size: 12px;font-style: normal;font-weight: 300;letter-spacing: normal;text-align: left;text-indent: 0px;text-transform: none;text-decoration: none;float: none\"><span class=\"Apple-converted-space\">&nbsp;<\/span><\/span><br \/>\n<span style=\"font-family: TildaSans, Arial, sans-serif;font-size: 12px;font-style: normal;font-weight: 300;letter-spacing: normal;text-align: left;text-indent: 0px;text-transform: none;text-decoration: none;float: none\">&nbsp;&nbsp;&nbsp;&nbsp;&nbsp;&nbsp;&nbsp;&nbsp;&nbsp;Ideaalne alus k\u00f5igile, kes hoolivad kehalisest vormisolekust ja kehalisest aktiivsusest.<\/span><br \/>\n<span style=\"font-family: TildaSans, Arial, sans-serif;font-size: 12px;font-style: normal;font-weight: 300;letter-spacing: normal;text-align: left;text-indent: 0px;text-transform: none;text-decoration: none;float: none\">Alused tugevdavad immuunsust, parandavad heaolu.<\/span><\/p>\n<p><span style=\"font-family: TildaSans, Arial, sans-serif;font-size: 12px;font-style: normal;font-weight: 300;letter-spacing: normal;text-align: left;text-indent: 0px;text-transform: none;text-decoration: none;float: none\">FitLine Basics on taimne joogipulber, mis parandab meie seedes\u00fcsteemi. M\u00f5eldud mitmete erinevate looduslike k\u00f6\u00f6giviljade, puuviljade ja teraviljade ekstraktide kontsentraadina, mis varustavad organismi oluliste lahustuvate ja lahustumatute ballastainete, taimeens\u00fc\u00fcmide, probiootiliste kultuuride, vitamiinide ja antioks\u00fcdantidega. Aluste ainulaadne koostis m\u00f5jutab meie heaolu eest vastutavat kehaosa &#8211; seedetrakti. See on p\u00f5hitoode.<\/span><\/p>\n<p><span style=\"font-family: TildaSans, Arial, sans-serif;font-size: 12px;font-style: normal;font-weight: 300;letter-spacing: normal;text-align: left;text-indent: 0px;text-transform: none;text-decoration: none;float: none\">KOHALDAMINE:<\/span><br \/>\n<span style=\"font-family: TildaSans, Arial, sans-serif;font-size: 12px;font-style: normal;font-weight: 300;letter-spacing: normal;text-align: left;text-indent: 0px;text-transform: none;text-decoration: none;float: none\">&nbsp;Lahustage 1 kotike pulbrit (12 g) 200 milliliitris toatemperatuuril olevas gaseerimata vees.<\/span><br \/>\n<span style=\"font-family: TildaSans, Arial, sans-serif;font-size: 12px;font-style: normal;font-weight: 300;letter-spacing: normal;text-align: left;text-indent: 0px;text-transform: none;text-decoration: none;float: none\">SOOVITATAV P\u00c4EVANE ANNUS:<\/span><span style=\"font-family: TildaSans, Arial, sans-serif;font-size: 12px;font-style: normal;font-weight: 300;letter-spacing: normal;text-align: left;text-indent: 0px;text-transform: none;text-decoration: none;float: none\"><span class=\"Apple-converted-space\">&nbsp;<\/span><\/span><\/p>\n<p><span style=\"font-family: TildaSans, Arial, sans-serif;font-size: 12px;font-style: normal;font-weight: 300;letter-spacing: normal;text-align: left;text-indent: 0px;text-transform: none;text-decoration: none;float: none\">1-2 portsjonit p\u00e4evas. Ideaalne hommikul koos<\/span><span style=\"font-family: TildaSans, Arial, sans-serif;font-size: 12px;font-style: normal;font-weight: 300;letter-spacing: normal;text-align: left;text-indent: 0px;text-transform: none;text-decoration: none;float: none\"><span class=\"Apple-converted-space\">&nbsp;<\/span><\/span><br \/>\n<span style=\"font-family: TildaSans, Arial, sans-serif;font-size: 12px;font-style: normal;font-weight: 300;letter-spacing: normal;text-align: left;text-indent: 0px;text-transform: none;text-decoration: none;float: none\">FitLine Activize Oxyplus.<\/span><\/p>\n<p><span style=\"font-family: TildaSans, Arial, sans-serif;font-size: 12px;font-style: normal;font-weight: 300;letter-spacing: normal;text-align: left;text-indent: 0px;text-transform: none;text-decoration: none;float: none\">KASUTAMISE KESTUS<\/span><br \/>\n<span style=\"font-family: TildaSans, Arial, sans-serif;font-size: 12px;font-style: normal;font-weight: 300;letter-spacing: normal;text-align: left;text-indent: 0px;text-transform: none;text-decoration: none;float: none\">: minimaalne kestus 3 kuud (keskmine rakkude uuenemists\u00fckkel). V\u00f5ib v\u00f5tta pikaajaliselt.<\/span><\/p>\n<p><span style=\"font-family: TildaSans, Arial, sans-serif;font-size: 12px;font-style: normal;font-weight: 300;letter-spacing: normal;text-align: left;text-indent: 0px;text-transform: none;text-decoration: none;float: none\">PAKENDI MAHT:<\/span><br \/>\n<span style=\"font-family: TildaSans, Arial, sans-serif;font-size: 12px;font-style: normal;font-weight: 300;letter-spacing: normal;text-align: left;text-indent: 0px;text-transform: none;text-decoration: none;float: none\">&nbsp;360 gr<\/span><\/p>\n<p><span style=\"font-family: TildaSans, Arial, sans-serif;font-size: 12px;font-style: normal;font-weight: 300;letter-spacing: normal;text-align: left;text-indent: 0px;text-transform: none;text-decoration: none;float: none\">HOIATUS!&nbsp;Alustage v\u00f5tmist 1\/3 kotikesest, suurendage annust j\u00e4rk-j\u00e4rgult.<\/span><br \/>\n<span style=\"font-family: TildaSans, Arial, sans-serif;font-size: 12px;font-style: normal;font-weight: 300;letter-spacing: normal;text-align: left;text-indent: 0px;text-transform: none;text-decoration: none;float: none\">HOIATUS:<\/span><\/p>\n<p><span style=\"font-family: TildaSans, Arial, sans-serif;font-size: 12px;font-style: normal;font-weight: 300;letter-spacing: normal;text-align: left;text-indent: 0px;text-transform: none;text-decoration: none;float: none\">&nbsp;alustage alati v\u00e4ikeste annustega. P\u00e4rast avamist kasutada v\u00f5imalikult kiiresti, hoida jahedas ja kuivas kohas lastele k\u00e4ttesaamatus kohas.<\/span><\/p>\n<p><span style=\"font-family: TildaSans, Arial, sans-serif;font-size: 12px;font-style: normal;font-weight: 300;letter-spacing: normal;text-align: left;text-indent: 0px;text-transform: none;text-decoration: none;float: none\">KOOSTISOSAD:<\/span><br \/>\n<span style=\"font-family: TildaSans, Arial, sans-serif;font-size: 12px;font-style: normal;font-weight: 300;letter-spacing: normal;text-align: left;text-indent: 0px;text-transform: none;text-decoration: none;float: none\">&nbsp;Kiudained: araabia kummi (kummiarabiin), guarkummi, kaera- ja riisikliid, \u00f5unakiud, hernekiud, pektiin, k\u00f6\u00f6giviljapulber (brokoli, kapsas, porgandipipar, spinat, tomat), inuliin.&nbsp;Taimne ens\u00fc\u00fcmikompleks: am\u00fclaas, laktaas, proteaas, tsellulaas, lipaas. &nbsp;&nbsp;Piimhappebakterite kultuurid: Lactobacillus acidophilus (Lactobacillus acidophilus) ja Lactobacillus reuteri. Vitamiinid: C-vitamiin, E-vitamiin, beetakaroteen.&nbsp;Ekstraktid: granaat\u00f5una- ja malpighia ekstrakt (Acerola ekstrakt), kurkumi ekstrakt \u03b3-ts\u00fcklodekstriiniga, rohelise tee ekstrakt, viinamarjaseemne ekstrakt. Seleenip\u00e4rm sisaldab palju seleeni.<\/span><span style=\"font-family: TildaSans, Arial, sans-serif;font-size: 12px;font-style: normal;font-weight: 300;letter-spacing: normal;text-align: left;text-indent: 0px;text-transform: none;text-decoration: none;float: none\"><span class=\"Apple-converted-space\">&nbsp;<\/span><\/span><\/p>\n<p><span style=\"font-family: TildaSans, Arial, sans-serif;font-size: 12px;font-style: normal;font-weight: 300;letter-spacing: normal;text-align: left;text-indent: 0px;text-transform: none;text-decoration: none;float: none\">Magusained: fruktoos, stevia gl\u00fckosiidid.<\/span><span style=\"font-family: TildaSans, Arial, sans-serif;font-size: 12px;font-style: normal;font-weight: 300;letter-spacing: normal;text-align: left;text-indent: 0px;text-transform: none;text-decoration: none;float: none\"><span class=\"Apple-converted-space\">&nbsp;<\/span><\/span><br \/>\n<span style=\"font-family: TildaSans, Arial, sans-serif;font-size: 12px;font-style: normal;font-weight: 300;letter-spacing: normal;text-align: left;text-indent: 0px;text-transform: none;text-decoration: none;float: none\">Gluteeni- ja laktoosivaba.<\/span><\/p>\n<p><span style=\"font-family: TildaSans, Arial, sans-serif;font-size: 12px;font-style: normal;font-weight: 300;letter-spacing: normal;text-align: left;text-indent: 0px;text-transform: none;text-decoration: none;float: none\">HOIUSTAMINE:<\/span><span style=\"font-family: TildaSans, Arial, sans-serif;font-size: 12px;font-style: normal;font-weight: 300;letter-spacing: normal;text-align: left;text-indent: 0px;text-transform: none;text-decoration: none;float: none\"><span class=\"Apple-converted-space\">&nbsp;<\/span><\/span><br \/>\n<span style=\"font-family: TildaSans, Arial, sans-serif;font-size: 12px;font-style: normal;font-weight: 300;letter-spacing: normal;text-align: left;text-indent: 0px;text-transform: none;text-decoration: none;float: none\">Hoida jahedas ja kuivas kohas.<\/span><\/p>\n<p><span style=\"font-family: TildaSans, Arial, sans-serif;font-size: 12px;font-style: normal;font-weight: 300;letter-spacing: normal;text-align: left;text-indent: 0px;text-transform: none;text-decoration: none;float: none\">MAITSMINE:<\/span><br \/>\n<span style=\"font-family: TildaSans, Arial, sans-serif;font-size: 12px;font-style: normal;font-weight: 300;letter-spacing: normal;text-align: left;text-indent: 0px;text-transform: none;text-decoration: none;float: none\">&nbsp;Oran\u017e.<\/span><\/p>\n","protected":false},"excerpt":{"rendered":"<p style=\"margin-top: 0px;margin-bottom: 1.6em;font-family: Arial, Helvetica, sans-serif;font-size: 16px;font-style: normal;font-weight: 400;letter-spacing: normal;text-align: start;text-indent: 0px;text-transform: none;text-decoration: none\"><i><b style=\"font-weight: bold\">aadressile<span class=\"Apple-converted-space\">&nbsp;<\/span><\/b><span>parandada seedes\u00fcsteemi,<\/span><span class=\"Apple-converted-space\"><span>&nbsp;<\/span><\/span><span>tugevdada organismi immuuns\u00fcsteemi<\/span><\/i><\/p>\n<p style=\"margin-top: 0px;margin-bottom: 1.6em;font-family: Arial, Helvetica, sans-serif;font-size: 16px;font-style: normal;font-weight: 400;letter-spacing: normal;text-align: start;text-indent: 0px;text-transform: none;text-decoration: none\"><b style=\"font-weight: bold\">FitLine p\u00f5hit\u00f5ed<\/b><span class=\"Apple-converted-space\">&nbsp;<\/span>parandab seedetrakti, parandab immuunsust, parandab tervist. Kvaliteetne kontsentraat erinevate puuviljade, k\u00f6\u00f6giviljade ja teraviljade looduslikest ekstraktidest ning v\u00e4\u00e4rtuslike elusate piimhappebakterite kultuuridest.<\/p>\n","protected":false},"featured_media":2415,"comment_status":"open","ping_status":"closed","template":"","meta":{"_acf_changed":false},"pwb-brand":[147],"product_brand":[],"product_cat":[92,91],"product_tag":[],"class_list":{"0":"post-2442","1":"product","2":"type-product","3":"status-publish","4":"has-post-thumbnail","6":"pwb-brand-fitline","7":"product_cat-tervisele","8":"product_cat-tervislik-toitumine","10":"first","11":"outofstock","12":"taxable","13":"shipping-taxable","14":"purchasable","15":"product-type-simple"},"acf":[],"yoast_head":"<!-- This site is optimized with the Yoast SEO plugin v25.7 - https:\/\/yoast.com\/wordpress\/plugins\/seo\/ -->\n<title>FitLine Basics - Ilutoodete e-pood<\/title>\n<meta name=\"robots\" content=\"noindex, follow, max-snippet:-1, max-image-preview:large, max-video-preview:-1\" \/>\n<meta property=\"og:locale\" content=\"et_EE\" \/>\n<meta property=\"og:type\" content=\"article\" \/>\n<meta property=\"og:title\" content=\"FitLine Basics - Ilutoodete e-pood\" \/>\n<meta property=\"og:description\" content=\"aadressile&nbsp;parandada seedes\u00fcsteemi,&nbsp;tugevdada organismi immuuns\u00fcsteemi FitLine p\u00f5hit\u00f5ed&nbsp;parandab seedetrakti, parandab immuunsust, parandab tervist. Kvaliteetne kontsentraat erinevate puuviljade, k\u00f6\u00f6giviljade ja teraviljade looduslikest ekstraktidest ning v\u00e4\u00e4rtuslike elusate piimhappebakterite kultuuridest.\" \/>\n<meta property=\"og:url\" content=\"https:\/\/old.kosmetoloog.ee\/et\/toode\/fitline-basics\/\" \/>\n<meta property=\"og:site_name\" content=\"Ilutoodete e-pood\" \/>\n<meta property=\"article:modified_time\" content=\"2024-12-09T12:56:20+00:00\" \/>\n<meta property=\"og:image\" content=\"https:\/\/old.kosmetoloog.ee\/wp-content\/uploads\/2024\/07\/img_6752.png\" \/>\n\t<meta property=\"og:image:width\" content=\"900\" \/>\n\t<meta property=\"og:image:height\" content=\"900\" \/>\n\t<meta property=\"og:image:type\" content=\"image\/png\" \/>\n<meta name=\"twitter:card\" content=\"summary_large_image\" \/>\n<meta name=\"twitter:label1\" content=\"Est. reading time\" \/>\n\t<meta name=\"twitter:data1\" content=\"2 minutit\" \/>\n<script type=\"application\/ld+json\" class=\"yoast-schema-graph\">{\"@context\":\"https:\/\/schema.org\",\"@graph\":[{\"@type\":\"WebPage\",\"@id\":\"https:\/\/old.kosmetoloog.ee\/et\/toode\/fitline-basics\/\",\"url\":\"https:\/\/old.kosmetoloog.ee\/et\/toode\/fitline-basics\/\",\"name\":\"FitLine Basics - Ilutoodete e-pood\",\"isPartOf\":{\"@id\":\"https:\/\/old.kosmetoloog.ee\/#website\"},\"primaryImageOfPage\":{\"@id\":\"https:\/\/old.kosmetoloog.ee\/et\/toode\/fitline-basics\/#primaryimage\"},\"image\":{\"@id\":\"https:\/\/old.kosmetoloog.ee\/et\/toode\/fitline-basics\/#primaryimage\"},\"thumbnailUrl\":\"https:\/\/old.kosmetoloog.ee\/wp-content\/uploads\/2024\/07\/img_6752.png\",\"datePublished\":\"2024-07-04T20:17:28+00:00\",\"dateModified\":\"2024-12-09T12:56:20+00:00\",\"breadcrumb\":{\"@id\":\"https:\/\/old.kosmetoloog.ee\/et\/toode\/fitline-basics\/#breadcrumb\"},\"inLanguage\":\"et\",\"potentialAction\":[{\"@type\":\"ReadAction\",\"target\":[\"https:\/\/old.kosmetoloog.ee\/et\/toode\/fitline-basics\/\"]}]},{\"@type\":\"ImageObject\",\"inLanguage\":\"et\",\"@id\":\"https:\/\/old.kosmetoloog.ee\/et\/toode\/fitline-basics\/#primaryimage\",\"url\":\"https:\/\/old.kosmetoloog.ee\/wp-content\/uploads\/2024\/07\/img_6752.png\",\"contentUrl\":\"https:\/\/old.kosmetoloog.ee\/wp-content\/uploads\/2024\/07\/img_6752.png\",\"width\":900,\"height\":900},{\"@type\":\"BreadcrumbList\",\"@id\":\"https:\/\/old.kosmetoloog.ee\/et\/toode\/fitline-basics\/#breadcrumb\",\"itemListElement\":[{\"@type\":\"ListItem\",\"position\":1,\"name\":\"Home\",\"item\":\"https:\/\/old.kosmetoloog.ee\/et\/\"},{\"@type\":\"ListItem\",\"position\":2,\"name\":\"Pood\",\"item\":\"https:\/\/old.kosmetoloog.ee\/et\/pood\/\"},{\"@type\":\"ListItem\",\"position\":3,\"name\":\"FitLine Basics\"}]},{\"@type\":\"WebSite\",\"@id\":\"https:\/\/old.kosmetoloog.ee\/#website\",\"url\":\"https:\/\/old.kosmetoloog.ee\/\",\"name\":\"Ilutoodete e-pood\",\"description\":\"Kosmeetika pood\",\"publisher\":{\"@id\":\"https:\/\/old.kosmetoloog.ee\/#organization\"},\"potentialAction\":[{\"@type\":\"SearchAction\",\"target\":{\"@type\":\"EntryPoint\",\"urlTemplate\":\"https:\/\/old.kosmetoloog.ee\/?s={search_term_string}\"},\"query-input\":{\"@type\":\"PropertyValueSpecification\",\"valueRequired\":true,\"valueName\":\"search_term_string\"}}],\"inLanguage\":\"et\"},{\"@type\":\"Organization\",\"@id\":\"https:\/\/old.kosmetoloog.ee\/#organization\",\"name\":\"You are You O\u00dc\",\"url\":\"https:\/\/old.kosmetoloog.ee\/\",\"logo\":{\"@type\":\"ImageObject\",\"inLanguage\":\"et\",\"@id\":\"https:\/\/old.kosmetoloog.ee\/#\/schema\/logo\/image\/\",\"url\":\"https:\/\/old.kosmetoloog.ee\/wp-content\/uploads\/2023\/08\/logo-1.png\",\"contentUrl\":\"https:\/\/old.kosmetoloog.ee\/wp-content\/uploads\/2023\/08\/logo-1.png\",\"width\":1200,\"height\":964,\"caption\":\"You are You O\u00dc\"},\"image\":{\"@id\":\"https:\/\/old.kosmetoloog.ee\/#\/schema\/logo\/image\/\"}}]}<\/script>\n<!-- \/ Yoast SEO plugin. -->","yoast_head_json":{"title":"FitLine Basics - Ilutoodete e-pood","robots":{"index":"noindex","follow":"follow","max-snippet":"max-snippet:-1","max-image-preview":"max-image-preview:large","max-video-preview":"max-video-preview:-1"},"og_locale":"et_EE","og_type":"article","og_title":"FitLine Basics - Ilutoodete e-pood","og_description":"aadressile&nbsp;parandada seedes\u00fcsteemi,&nbsp;tugevdada organismi immuuns\u00fcsteemi FitLine p\u00f5hit\u00f5ed&nbsp;parandab seedetrakti, parandab immuunsust, parandab tervist. Kvaliteetne kontsentraat erinevate puuviljade, k\u00f6\u00f6giviljade ja teraviljade looduslikest ekstraktidest ning v\u00e4\u00e4rtuslike elusate piimhappebakterite kultuuridest.","og_url":"https:\/\/old.kosmetoloog.ee\/et\/toode\/fitline-basics\/","og_site_name":"Ilutoodete e-pood","article_modified_time":"2024-12-09T12:56:20+00:00","og_image":[{"width":900,"height":900,"url":"https:\/\/old.kosmetoloog.ee\/wp-content\/uploads\/2024\/07\/img_6752.png","type":"image\/png"}],"twitter_card":"summary_large_image","twitter_misc":{"Est. reading time":"2 minutit"},"schema":{"@context":"https:\/\/schema.org","@graph":[{"@type":"WebPage","@id":"https:\/\/old.kosmetoloog.ee\/et\/toode\/fitline-basics\/","url":"https:\/\/old.kosmetoloog.ee\/et\/toode\/fitline-basics\/","name":"FitLine Basics - Ilutoodete e-pood","isPartOf":{"@id":"https:\/\/old.kosmetoloog.ee\/#website"},"primaryImageOfPage":{"@id":"https:\/\/old.kosmetoloog.ee\/et\/toode\/fitline-basics\/#primaryimage"},"image":{"@id":"https:\/\/old.kosmetoloog.ee\/et\/toode\/fitline-basics\/#primaryimage"},"thumbnailUrl":"https:\/\/old.kosmetoloog.ee\/wp-content\/uploads\/2024\/07\/img_6752.png","datePublished":"2024-07-04T20:17:28+00:00","dateModified":"2024-12-09T12:56:20+00:00","breadcrumb":{"@id":"https:\/\/old.kosmetoloog.ee\/et\/toode\/fitline-basics\/#breadcrumb"},"inLanguage":"et","potentialAction":[{"@type":"ReadAction","target":["https:\/\/old.kosmetoloog.ee\/et\/toode\/fitline-basics\/"]}]},{"@type":"ImageObject","inLanguage":"et","@id":"https:\/\/old.kosmetoloog.ee\/et\/toode\/fitline-basics\/#primaryimage","url":"https:\/\/old.kosmetoloog.ee\/wp-content\/uploads\/2024\/07\/img_6752.png","contentUrl":"https:\/\/old.kosmetoloog.ee\/wp-content\/uploads\/2024\/07\/img_6752.png","width":900,"height":900},{"@type":"BreadcrumbList","@id":"https:\/\/old.kosmetoloog.ee\/et\/toode\/fitline-basics\/#breadcrumb","itemListElement":[{"@type":"ListItem","position":1,"name":"Home","item":"https:\/\/old.kosmetoloog.ee\/et\/"},{"@type":"ListItem","position":2,"name":"Pood","item":"https:\/\/old.kosmetoloog.ee\/et\/pood\/"},{"@type":"ListItem","position":3,"name":"FitLine Basics"}]},{"@type":"WebSite","@id":"https:\/\/old.kosmetoloog.ee\/#website","url":"https:\/\/old.kosmetoloog.ee\/","name":"Ilutoodete e-pood","description":"Kosmeetika pood","publisher":{"@id":"https:\/\/old.kosmetoloog.ee\/#organization"},"potentialAction":[{"@type":"SearchAction","target":{"@type":"EntryPoint","urlTemplate":"https:\/\/old.kosmetoloog.ee\/?s={search_term_string}"},"query-input":{"@type":"PropertyValueSpecification","valueRequired":true,"valueName":"search_term_string"}}],"inLanguage":"et"},{"@type":"Organization","@id":"https:\/\/old.kosmetoloog.ee\/#organization","name":"You are You O\u00dc","url":"https:\/\/old.kosmetoloog.ee\/","logo":{"@type":"ImageObject","inLanguage":"et","@id":"https:\/\/old.kosmetoloog.ee\/#\/schema\/logo\/image\/","url":"https:\/\/old.kosmetoloog.ee\/wp-content\/uploads\/2023\/08\/logo-1.png","contentUrl":"https:\/\/old.kosmetoloog.ee\/wp-content\/uploads\/2023\/08\/logo-1.png","width":1200,"height":964,"caption":"You are You O\u00dc"},"image":{"@id":"https:\/\/old.kosmetoloog.ee\/#\/schema\/logo\/image\/"}}]}},"brands":[{"id":147,"name":"FITLINE","slug":"fitline"}],"_links":{"self":[{"href":"https:\/\/old.kosmetoloog.ee\/et\/wp-json\/wp\/v2\/product\/2442","targetHints":{"allow":["GET"]}}],"collection":[{"href":"https:\/\/old.kosmetoloog.ee\/et\/wp-json\/wp\/v2\/product"}],"about":[{"href":"https:\/\/old.kosmetoloog.ee\/et\/wp-json\/wp\/v2\/types\/product"}],"replies":[{"embeddable":true,"href":"https:\/\/old.kosmetoloog.ee\/et\/wp-json\/wp\/v2\/comments?post=2442"}],"wp:featuredmedia":[{"embeddable":true,"href":"https:\/\/old.kosmetoloog.ee\/et\/wp-json\/wp\/v2\/media\/2415"}],"wp:attachment":[{"href":"https:\/\/old.kosmetoloog.ee\/et\/wp-json\/wp\/v2\/media?parent=2442"}],"wp:term":[{"taxonomy":"pwb-brand","embeddable":true,"href":"https:\/\/old.kosmetoloog.ee\/et\/wp-json\/wp\/v2\/pwb-brand?post=2442"},{"taxonomy":"product_brand","embeddable":true,"href":"https:\/\/old.kosmetoloog.ee\/et\/wp-json\/wp\/v2\/product_brand?post=2442"},{"taxonomy":"product_cat","embeddable":true,"href":"https:\/\/old.kosmetoloog.ee\/et\/wp-json\/wp\/v2\/product_cat?post=2442"},{"taxonomy":"product_tag","embeddable":true,"href":"https:\/\/old.kosmetoloog.ee\/et\/wp-json\/wp\/v2\/product_tag?post=2442"}],"curies":[{"name":"wp","href":"https:\/\/api.w.org\/{rel}","templated":true}]}}