{"id":2603,"date":"2024-08-24T13:07:22","date_gmt":"2024-08-24T10:07:22","guid":{"rendered":"https:\/\/kosmetoloog.ee\/product\/headband\/"},"modified":"2024-09-03T09:33:18","modified_gmt":"2024-09-03T06:33:18","slug":"headband","status":"publish","type":"product","link":"https:\/\/old.kosmetoloog.ee\/et\/toode\/headband\/","title":{"rendered":"HEADBAND"},"content":{"rendered":"<p>Kosmeetiline peapael Bohicare&#8217;i poolt.<br \/>\nV\u00e4ltimatu aksessuaar n\u00e4ohoolduses.  Aitab eemaldada korratuid juukseid ja fikseerida juuksed kindlalt, ilma neid kahjustamata.<br \/>\nEi libise ega pigista pead, mis tagab maksimaalse mugavuse kasutamise ajal.  Bohicare kosmeetiline side on valmistatud naturaalsest puuvillast, mis on meeldiva puudutusega ja ei j\u00e4ta nahale j\u00e4lgi.<br \/>\nSobib ideaalselt koduseks spaahoolduseks, meikimiseks ja n\u00e4onaha hooldamiseks.  Lihtne pesta, s\u00e4ilitab suurep\u00e4raselt oma algse kuju ja v\u00e4limuse.<\/p>\n","protected":false},"excerpt":{"rendered":"<p>Kosmeetiline peapael Bohicare&#8217;i poolt. V\u00e4ltimatu aksessuaar n\u00e4ohoolduses. Aitab eemaldada korratuid juukseid ja fikseerida juuksed kindlalt, ilma neid kahjustamata. Ei libise ega pigista pead, mis tagab maksimaalse mugavuse kasutamise ajal. Bohicare kosmeetiline side on valmistatud naturaalsest puuvillast, mis on meeldiva puudutusega ja ei j\u00e4ta nahale j\u00e4lgi. Sobib ideaalselt koduseks spaahoolduseks, meikimiseks ja n\u00e4onaha hooldamiseks. Lihtne pesta, [&hellip;]<\/p>\n","protected":false},"featured_media":2598,"comment_status":"open","ping_status":"closed","template":"","meta":{"_acf_changed":false},"pwb-brand":[151],"product_brand":[],"product_cat":[150],"product_tag":[],"class_list":{"0":"post-2603","1":"product","2":"type-product","3":"status-publish","4":"has-post-thumbnail","6":"pwb-brand-bohicare","7":"product_cat-tarvikud","9":"first","10":"instock","11":"taxable","12":"shipping-taxable","13":"purchasable","14":"product-type-simple"},"acf":[],"yoast_head":"<!-- This site is optimized with the Yoast SEO plugin v25.7 - https:\/\/yoast.com\/wordpress\/plugins\/seo\/ -->\n<title>HEADBAND - Ilutoodete e-pood<\/title>\n<meta name=\"robots\" content=\"noindex, follow, max-snippet:-1, max-image-preview:large, max-video-preview:-1\" \/>\n<meta property=\"og:locale\" content=\"et_EE\" \/>\n<meta property=\"og:type\" content=\"article\" \/>\n<meta property=\"og:title\" content=\"HEADBAND - Ilutoodete e-pood\" \/>\n<meta property=\"og:description\" content=\"Kosmeetiline peapael Bohicare&#8217;i poolt. V\u00e4ltimatu aksessuaar n\u00e4ohoolduses. Aitab eemaldada korratuid juukseid ja fikseerida juuksed kindlalt, ilma neid kahjustamata. Ei libise ega pigista pead, mis tagab maksimaalse mugavuse kasutamise ajal. Bohicare kosmeetiline side on valmistatud naturaalsest puuvillast, mis on meeldiva puudutusega ja ei j\u00e4ta nahale j\u00e4lgi. Sobib ideaalselt koduseks spaahoolduseks, meikimiseks ja n\u00e4onaha hooldamiseks. Lihtne pesta, [&hellip;]\" \/>\n<meta property=\"og:url\" content=\"https:\/\/old.kosmetoloog.ee\/toode\/\u043f\u043e\u0432\u044f\u0437\u043a\u0430-\u043d\u0430-\u0433\u043e\u043b\u043e\u0432\u0443-bohicare\/\" \/>\n<meta property=\"og:site_name\" content=\"Ilutoodete e-pood\" \/>\n<meta property=\"article:modified_time\" content=\"2024-09-03T06:33:18+00:00\" \/>\n<meta property=\"og:image\" content=\"https:\/\/old.kosmetoloog.ee\/wp-content\/uploads\/2024\/08\/img_0697.png\" \/>\n\t<meta property=\"og:image:width\" content=\"3000\" \/>\n\t<meta property=\"og:image:height\" content=\"2806\" \/>\n\t<meta property=\"og:image:type\" content=\"image\/png\" \/>\n<meta name=\"twitter:card\" content=\"summary_large_image\" \/>\n<script type=\"application\/ld+json\" class=\"yoast-schema-graph\">{\"@context\":\"https:\/\/schema.org\",\"@graph\":[{\"@type\":\"WebPage\",\"@id\":\"https:\/\/old.kosmetoloog.ee\/toode\/%d0%bf%d0%be%d0%b2%d1%8f%d0%b7%d0%ba%d0%b0-%d0%bd%d0%b0-%d0%b3%d0%be%d0%bb%d0%be%d0%b2%d1%83-bohicare\/\",\"url\":\"https:\/\/old.kosmetoloog.ee\/toode\/%d0%bf%d0%be%d0%b2%d1%8f%d0%b7%d0%ba%d0%b0-%d0%bd%d0%b0-%d0%b3%d0%be%d0%bb%d0%be%d0%b2%d1%83-bohicare\/\",\"name\":\"HEADBAND - Ilutoodete e-pood\",\"isPartOf\":{\"@id\":\"https:\/\/old.kosmetoloog.ee\/#website\"},\"primaryImageOfPage\":{\"@id\":\"https:\/\/old.kosmetoloog.ee\/toode\/%d0%bf%d0%be%d0%b2%d1%8f%d0%b7%d0%ba%d0%b0-%d0%bd%d0%b0-%d0%b3%d0%be%d0%bb%d0%be%d0%b2%d1%83-bohicare\/#primaryimage\"},\"image\":{\"@id\":\"https:\/\/old.kosmetoloog.ee\/toode\/%d0%bf%d0%be%d0%b2%d1%8f%d0%b7%d0%ba%d0%b0-%d0%bd%d0%b0-%d0%b3%d0%be%d0%bb%d0%be%d0%b2%d1%83-bohicare\/#primaryimage\"},\"thumbnailUrl\":\"https:\/\/old.kosmetoloog.ee\/wp-content\/uploads\/2024\/08\/img_0697.png\",\"datePublished\":\"2024-08-24T10:07:22+00:00\",\"dateModified\":\"2024-09-03T06:33:18+00:00\",\"breadcrumb\":{\"@id\":\"https:\/\/old.kosmetoloog.ee\/toode\/%d0%bf%d0%be%d0%b2%d1%8f%d0%b7%d0%ba%d0%b0-%d0%bd%d0%b0-%d0%b3%d0%be%d0%bb%d0%be%d0%b2%d1%83-bohicare\/#breadcrumb\"},\"inLanguage\":\"et\",\"potentialAction\":[{\"@type\":\"ReadAction\",\"target\":[\"https:\/\/old.kosmetoloog.ee\/toode\/%d0%bf%d0%be%d0%b2%d1%8f%d0%b7%d0%ba%d0%b0-%d0%bd%d0%b0-%d0%b3%d0%be%d0%bb%d0%be%d0%b2%d1%83-bohicare\/\"]}]},{\"@type\":\"ImageObject\",\"inLanguage\":\"et\",\"@id\":\"https:\/\/old.kosmetoloog.ee\/toode\/%d0%bf%d0%be%d0%b2%d1%8f%d0%b7%d0%ba%d0%b0-%d0%bd%d0%b0-%d0%b3%d0%be%d0%bb%d0%be%d0%b2%d1%83-bohicare\/#primaryimage\",\"url\":\"https:\/\/old.kosmetoloog.ee\/wp-content\/uploads\/2024\/08\/img_0697.png\",\"contentUrl\":\"https:\/\/old.kosmetoloog.ee\/wp-content\/uploads\/2024\/08\/img_0697.png\",\"width\":3000,\"height\":2806},{\"@type\":\"BreadcrumbList\",\"@id\":\"https:\/\/old.kosmetoloog.ee\/toode\/%d0%bf%d0%be%d0%b2%d1%8f%d0%b7%d0%ba%d0%b0-%d0%bd%d0%b0-%d0%b3%d0%be%d0%bb%d0%be%d0%b2%d1%83-bohicare\/#breadcrumb\",\"itemListElement\":[{\"@type\":\"ListItem\",\"position\":1,\"name\":\"Home\",\"item\":\"https:\/\/old.kosmetoloog.ee\/et\/\"},{\"@type\":\"ListItem\",\"position\":2,\"name\":\"Pood\",\"item\":\"https:\/\/old.kosmetoloog.ee\/et\/pood\/\"},{\"@type\":\"ListItem\",\"position\":3,\"name\":\"HEADBAND\"}]},{\"@type\":\"WebSite\",\"@id\":\"https:\/\/old.kosmetoloog.ee\/#website\",\"url\":\"https:\/\/old.kosmetoloog.ee\/\",\"name\":\"Ilutoodete e-pood\",\"description\":\"Kosmeetika pood\",\"publisher\":{\"@id\":\"https:\/\/old.kosmetoloog.ee\/#organization\"},\"potentialAction\":[{\"@type\":\"SearchAction\",\"target\":{\"@type\":\"EntryPoint\",\"urlTemplate\":\"https:\/\/old.kosmetoloog.ee\/?s={search_term_string}\"},\"query-input\":{\"@type\":\"PropertyValueSpecification\",\"valueRequired\":true,\"valueName\":\"search_term_string\"}}],\"inLanguage\":\"et\"},{\"@type\":\"Organization\",\"@id\":\"https:\/\/old.kosmetoloog.ee\/#organization\",\"name\":\"You are You O\u00dc\",\"url\":\"https:\/\/old.kosmetoloog.ee\/\",\"logo\":{\"@type\":\"ImageObject\",\"inLanguage\":\"et\",\"@id\":\"https:\/\/old.kosmetoloog.ee\/#\/schema\/logo\/image\/\",\"url\":\"https:\/\/old.kosmetoloog.ee\/wp-content\/uploads\/2023\/08\/logo-1.png\",\"contentUrl\":\"https:\/\/old.kosmetoloog.ee\/wp-content\/uploads\/2023\/08\/logo-1.png\",\"width\":1200,\"height\":964,\"caption\":\"You are You O\u00dc\"},\"image\":{\"@id\":\"https:\/\/old.kosmetoloog.ee\/#\/schema\/logo\/image\/\"}}]}<\/script>\n<!-- \/ Yoast SEO plugin. -->","yoast_head_json":{"title":"HEADBAND - Ilutoodete e-pood","robots":{"index":"noindex","follow":"follow","max-snippet":"max-snippet:-1","max-image-preview":"max-image-preview:large","max-video-preview":"max-video-preview:-1"},"og_locale":"et_EE","og_type":"article","og_title":"HEADBAND - Ilutoodete e-pood","og_description":"Kosmeetiline peapael Bohicare&#8217;i poolt. V\u00e4ltimatu aksessuaar n\u00e4ohoolduses. Aitab eemaldada korratuid juukseid ja fikseerida juuksed kindlalt, ilma neid kahjustamata. Ei libise ega pigista pead, mis tagab maksimaalse mugavuse kasutamise ajal. Bohicare kosmeetiline side on valmistatud naturaalsest puuvillast, mis on meeldiva puudutusega ja ei j\u00e4ta nahale j\u00e4lgi. Sobib ideaalselt koduseks spaahoolduseks, meikimiseks ja n\u00e4onaha hooldamiseks. Lihtne pesta, [&hellip;]","og_url":"https:\/\/old.kosmetoloog.ee\/toode\/\u043f\u043e\u0432\u044f\u0437\u043a\u0430-\u043d\u0430-\u0433\u043e\u043b\u043e\u0432\u0443-bohicare\/","og_site_name":"Ilutoodete e-pood","article_modified_time":"2024-09-03T06:33:18+00:00","og_image":[{"width":3000,"height":2806,"url":"https:\/\/old.kosmetoloog.ee\/wp-content\/uploads\/2024\/08\/img_0697.png","type":"image\/png"}],"twitter_card":"summary_large_image","schema":{"@context":"https:\/\/schema.org","@graph":[{"@type":"WebPage","@id":"https:\/\/old.kosmetoloog.ee\/toode\/%d0%bf%d0%be%d0%b2%d1%8f%d0%b7%d0%ba%d0%b0-%d0%bd%d0%b0-%d0%b3%d0%be%d0%bb%d0%be%d0%b2%d1%83-bohicare\/","url":"https:\/\/old.kosmetoloog.ee\/toode\/%d0%bf%d0%be%d0%b2%d1%8f%d0%b7%d0%ba%d0%b0-%d0%bd%d0%b0-%d0%b3%d0%be%d0%bb%d0%be%d0%b2%d1%83-bohicare\/","name":"HEADBAND - Ilutoodete e-pood","isPartOf":{"@id":"https:\/\/old.kosmetoloog.ee\/#website"},"primaryImageOfPage":{"@id":"https:\/\/old.kosmetoloog.ee\/toode\/%d0%bf%d0%be%d0%b2%d1%8f%d0%b7%d0%ba%d0%b0-%d0%bd%d0%b0-%d0%b3%d0%be%d0%bb%d0%be%d0%b2%d1%83-bohicare\/#primaryimage"},"image":{"@id":"https:\/\/old.kosmetoloog.ee\/toode\/%d0%bf%d0%be%d0%b2%d1%8f%d0%b7%d0%ba%d0%b0-%d0%bd%d0%b0-%d0%b3%d0%be%d0%bb%d0%be%d0%b2%d1%83-bohicare\/#primaryimage"},"thumbnailUrl":"https:\/\/old.kosmetoloog.ee\/wp-content\/uploads\/2024\/08\/img_0697.png","datePublished":"2024-08-24T10:07:22+00:00","dateModified":"2024-09-03T06:33:18+00:00","breadcrumb":{"@id":"https:\/\/old.kosmetoloog.ee\/toode\/%d0%bf%d0%be%d0%b2%d1%8f%d0%b7%d0%ba%d0%b0-%d0%bd%d0%b0-%d0%b3%d0%be%d0%bb%d0%be%d0%b2%d1%83-bohicare\/#breadcrumb"},"inLanguage":"et","potentialAction":[{"@type":"ReadAction","target":["https:\/\/old.kosmetoloog.ee\/toode\/%d0%bf%d0%be%d0%b2%d1%8f%d0%b7%d0%ba%d0%b0-%d0%bd%d0%b0-%d0%b3%d0%be%d0%bb%d0%be%d0%b2%d1%83-bohicare\/"]}]},{"@type":"ImageObject","inLanguage":"et","@id":"https:\/\/old.kosmetoloog.ee\/toode\/%d0%bf%d0%be%d0%b2%d1%8f%d0%b7%d0%ba%d0%b0-%d0%bd%d0%b0-%d0%b3%d0%be%d0%bb%d0%be%d0%b2%d1%83-bohicare\/#primaryimage","url":"https:\/\/old.kosmetoloog.ee\/wp-content\/uploads\/2024\/08\/img_0697.png","contentUrl":"https:\/\/old.kosmetoloog.ee\/wp-content\/uploads\/2024\/08\/img_0697.png","width":3000,"height":2806},{"@type":"BreadcrumbList","@id":"https:\/\/old.kosmetoloog.ee\/toode\/%d0%bf%d0%be%d0%b2%d1%8f%d0%b7%d0%ba%d0%b0-%d0%bd%d0%b0-%d0%b3%d0%be%d0%bb%d0%be%d0%b2%d1%83-bohicare\/#breadcrumb","itemListElement":[{"@type":"ListItem","position":1,"name":"Home","item":"https:\/\/old.kosmetoloog.ee\/et\/"},{"@type":"ListItem","position":2,"name":"Pood","item":"https:\/\/old.kosmetoloog.ee\/et\/pood\/"},{"@type":"ListItem","position":3,"name":"HEADBAND"}]},{"@type":"WebSite","@id":"https:\/\/old.kosmetoloog.ee\/#website","url":"https:\/\/old.kosmetoloog.ee\/","name":"Ilutoodete e-pood","description":"Kosmeetika pood","publisher":{"@id":"https:\/\/old.kosmetoloog.ee\/#organization"},"potentialAction":[{"@type":"SearchAction","target":{"@type":"EntryPoint","urlTemplate":"https:\/\/old.kosmetoloog.ee\/?s={search_term_string}"},"query-input":{"@type":"PropertyValueSpecification","valueRequired":true,"valueName":"search_term_string"}}],"inLanguage":"et"},{"@type":"Organization","@id":"https:\/\/old.kosmetoloog.ee\/#organization","name":"You are You O\u00dc","url":"https:\/\/old.kosmetoloog.ee\/","logo":{"@type":"ImageObject","inLanguage":"et","@id":"https:\/\/old.kosmetoloog.ee\/#\/schema\/logo\/image\/","url":"https:\/\/old.kosmetoloog.ee\/wp-content\/uploads\/2023\/08\/logo-1.png","contentUrl":"https:\/\/old.kosmetoloog.ee\/wp-content\/uploads\/2023\/08\/logo-1.png","width":1200,"height":964,"caption":"You are You O\u00dc"},"image":{"@id":"https:\/\/old.kosmetoloog.ee\/#\/schema\/logo\/image\/"}}]}},"brands":[{"id":151,"name":"BOHICARE","slug":"bohicare"}],"_links":{"self":[{"href":"https:\/\/old.kosmetoloog.ee\/et\/wp-json\/wp\/v2\/product\/2603","targetHints":{"allow":["GET"]}}],"collection":[{"href":"https:\/\/old.kosmetoloog.ee\/et\/wp-json\/wp\/v2\/product"}],"about":[{"href":"https:\/\/old.kosmetoloog.ee\/et\/wp-json\/wp\/v2\/types\/product"}],"replies":[{"embeddable":true,"href":"https:\/\/old.kosmetoloog.ee\/et\/wp-json\/wp\/v2\/comments?post=2603"}],"wp:featuredmedia":[{"embeddable":true,"href":"https:\/\/old.kosmetoloog.ee\/et\/wp-json\/wp\/v2\/media\/2598"}],"wp:attachment":[{"href":"https:\/\/old.kosmetoloog.ee\/et\/wp-json\/wp\/v2\/media?parent=2603"}],"wp:term":[{"taxonomy":"pwb-brand","embeddable":true,"href":"https:\/\/old.kosmetoloog.ee\/et\/wp-json\/wp\/v2\/pwb-brand?post=2603"},{"taxonomy":"product_brand","embeddable":true,"href":"https:\/\/old.kosmetoloog.ee\/et\/wp-json\/wp\/v2\/product_brand?post=2603"},{"taxonomy":"product_cat","embeddable":true,"href":"https:\/\/old.kosmetoloog.ee\/et\/wp-json\/wp\/v2\/product_cat?post=2603"},{"taxonomy":"product_tag","embeddable":true,"href":"https:\/\/old.kosmetoloog.ee\/et\/wp-json\/wp\/v2\/product_tag?post=2603"}],"curies":[{"name":"wp","href":"https:\/\/api.w.org\/{rel}","templated":true}]}}