{"id":2606,"date":"2024-08-24T12:58:39","date_gmt":"2024-08-24T09:58:39","guid":{"rendered":"https:\/\/kosmetoloog.ee\/product\/kollageeni-tostev-mask\/"},"modified":"2025-04-17T16:01:06","modified_gmt":"2025-04-17T13:01:06","slug":"kollageeni-tostev-mask","status":"publish","type":"product","link":"https:\/\/old.kosmetoloog.ee\/et\/toode\/kollageeni-tostev-mask\/","title":{"rendered":"KOLLAGEENI T\u00d5STEV MASK"},"content":{"rendered":"<p><span>V\u00e4ga t\u00f5hus kollageeni t\u00f5stev mask, mis sisaldab 3 t\u00fc\u00fcpi kollageeni, 10 t\u00fc\u00fcpi h\u00fcaluroonhapet ja 5 t\u00fc\u00fcpi peptiide.<br \/>\nSee funktsionaalne kosmeetikatoode v\u00e4hendab kortse, muudab naha tugevaks ja elastseks ning niisutab seda samal ajal s\u00fcgavuti. <\/span><\/p>\n<div class=\"elementor-element elementor-element-cb7582e e-con-full e-flex e-con\" data-id=\"cb7582e\" data-element_type=\"container\">\n<div class=\"elementor-element elementor-element-ad01d94 elementor-widget elementor-widget-heading animated fadeInDown\" data-id=\"ad01d94\" data-element_type=\"widget\" data-widget_type=\"heading.default\" style=\"padding: 0px;margin: 0px;--flex-direction: initial;--flex-wrap: initial;--justify-content: initial;--align-items: initial;--align-content: initial;--gap: initial;--flex-basis: initial;--flex-grow: initial;--flex-shrink: initial;--order: initial;--align-self: initial;flex-basis: var(--flex-basis);flex-grow: var(--flex-grow);flex-shrink: var(--flex-shrink);align-self: var(--align-self);flex-direction: var(--flex-direction);flex-wrap: var(--flex-wrap);justify-content: var(--justify-content);align-items: var(--align-items);align-content: var(--align-content);gap: var(--gap);position: relative;--swiper-theme-color: #000;--swiper-navigation-size: 44px;--swiper-pagination-bullet-size: 6px;--swiper-pagination-bullet-horizontal-gap: 6px;--widgets-spacing: 0px;min-width: 0px;max-width: 100%\">\n<div class=\"elementor-widget-container\" style=\"padding: 0px;margin: 0px;height: 54px\">\n<div class=\"elementor-heading-title elementor-size-default\">5 T\u00dc\u00dcPI PEPTIIDIDE KOMPLEKS<\/div>\n<\/div>\n<\/div>\n<\/div>\n<div class=\"elementor-element elementor-element-e998dd0 elementor-widget elementor-widget-text-editor animated fadeInUp\" data-id=\"e998dd0\" data-element_type=\"widget\" data-widget_type=\"text-editor.default\">\n<div class=\"elementor-widget-container\" style=\"padding: 0px;margin: 0px 0px 60px;height: 186.578125px\">\n<p style=\"padding: 0px;margin: 0px 0px 1.43rem;line-height: inherit;font-size: inherit;color: inherit;font-family: inherit\"><i style=\"padding: 0px;margin: 0px\">Parandab naha regenereerimist, rakkude uuenemist ja v\u00f5itleb t\u00f5husalt vananemisilmingutega.<br \/>\nPeptiidid tungivad s\u00fcgavale epidermisesse ja soodustavad kollageeni ja elastiini tootmist, mis parandab naha elastsust ja tugevust.<br \/>\nPeptiidid aitavad nahal taastuda \u00e4rritustest ja p\u00f5letikest, leevendavad turseid.  <\/i><\/p>\n<\/div>\n<\/div>\n<div class=\"elementor-element elementor-element-8c43dd9 e-con-full e-flex e-con\" data-id=\"8c43dd9\" data-element_type=\"container\">\n<div class=\"elementor-element elementor-element-c8b5887 elementor-widget elementor-widget-heading animated fadeInDown\" data-id=\"c8b5887\" data-element_type=\"widget\" data-widget_type=\"heading.default\" style=\"padding: 0px;margin: 0px;--flex-direction: initial;--flex-wrap: initial;--justify-content: initial;--align-items: initial;--align-content: initial;--gap: initial;--flex-basis: initial;--flex-grow: initial;--flex-shrink: initial;--order: initial;--align-self: initial;flex-basis: var(--flex-basis);flex-grow: var(--flex-grow);flex-shrink: var(--flex-shrink);align-self: var(--align-self);flex-direction: var(--flex-direction);flex-wrap: var(--flex-wrap);justify-content: var(--justify-content);align-items: var(--align-items);align-content: var(--align-content);gap: var(--gap);position: relative;--swiper-theme-color: #000;--swiper-navigation-size: 44px;--swiper-pagination-bullet-size: 6px;--swiper-pagination-bullet-horizontal-gap: 6px;--widgets-spacing: 0px;min-width: 0px;max-width: 100%\">\n<div class=\"elementor-widget-container\" style=\"padding: 0px;margin: 0px;height: 54px\">\n<div class=\"elementor-heading-title elementor-size-default\">3 T\u00dc\u00dcPI KOLLAGEENI KOMPLEKS<\/div>\n<\/div>\n<\/div>\n<\/div>\n<div class=\"elementor-element elementor-element-673427a elementor-widget elementor-widget-text-editor animated fadeInUp\" data-id=\"673427a\" data-element_type=\"widget\" data-widget_type=\"text-editor.default\">\n<div class=\"elementor-widget-container\" style=\"padding: 0px;margin: 0px 0px 60px;height: 210.578125px\">\n<p style=\"padding: 0px;margin: 0px 0px 1.43rem;line-height: inherit;font-size: inherit;color: inherit;font-family: inherit\"><em>Struktuuriline valk, mis on kollageen- ja elastiinikompleksi oluline komponent, mis toetab naha toonust ja elastsust.<br \/>\nSee tagab epidermise intensiivse niisutamise, mis aitab n\u00e4htavalt parandada naha elastsust, ennetada kortsude teket ja s\u00e4ilitada n\u00e4okontuuride selgust. <\/em><\/p>\n<\/div>\n<\/div>\n<div class=\"elementor-element elementor-element-fdca8a1 e-con-full e-flex e-con\" data-id=\"fdca8a1\" data-element_type=\"container\">\n<div class=\"elementor-element elementor-element-717bc57 elementor-widget elementor-widget-heading animated fadeInDown\" data-id=\"717bc57\" data-element_type=\"widget\" data-widget_type=\"heading.default\" style=\"padding: 0px;margin: 0px;--flex-direction: initial;--flex-wrap: initial;--justify-content: initial;--align-items: initial;--align-content: initial;--gap: initial;--flex-basis: initial;--flex-grow: initial;--flex-shrink: initial;--order: initial;--align-self: initial;flex-basis: var(--flex-basis);flex-grow: var(--flex-grow);flex-shrink: var(--flex-shrink);align-self: var(--align-self);flex-direction: var(--flex-direction);flex-wrap: var(--flex-wrap);justify-content: var(--justify-content);align-items: var(--align-items);align-content: var(--align-content);gap: var(--gap);position: relative;--swiper-theme-color: #000;--swiper-navigation-size: 44px;--swiper-pagination-bullet-size: 6px;--swiper-pagination-bullet-horizontal-gap: 6px;--widgets-spacing: 0px;min-width: 0px;max-width: 100%\">\n<div class=\"elementor-widget-container\" style=\"padding: 0px;margin: 0px;height: 54px\">\n<div class=\"elementor-heading-title elementor-size-default\">10 T\u00dc\u00dcPI H\u00dcALUROONHAPPE KOMPLEKS<\/div>\n<\/div>\n<\/div>\n<\/div>\n<div class=\"elementor-element elementor-element-8098f38 elementor-widget elementor-widget-text-editor animated fadeInUp\" data-id=\"8098f38\" data-element_type=\"widget\" data-widget_type=\"text-editor.default\">\n<div class=\"elementor-widget-container\" style=\"padding: 0px;margin: 0px 0px 60px;height: 306.578125px\">\n<p style=\"padding: 0px;margin: 0px 0px 1.43rem;line-height: inherit;font-size: inherit;color: inherit;font-family: inherit\"><i style=\"padding: 0px;margin: 0px\">See tagab kudede tervisliku toimimise, hoides kinni veemolekulid ja sidudes neid rakkudevahelises ruumis.<br \/>\nH\u00fcaluroonhappel on k\u00f5rge kasutegur: \u00fcks aine molekul on v\u00f5imeline s\u00e4ilitama niiskust tuhat korda rohkem kui tema enda mass.<br \/>\nT\u00e4nu sellele omadusele kaitseb h\u00fcaluroonhape sidekoe rakke kuivamise eest, takistab niiskuse aurustumist, moodustades kaitsekile, tagab naha raami elastsuse ja tugevdab seda.  <\/i><\/p>\n<\/div>\n<\/div>\n<div class=\"elementor-element elementor-element-5429254 e-con-full e-flex e-con\" data-id=\"5429254\" data-element_type=\"container\">\n<div class=\"elementor-element elementor-element-8b43628 elementor-widget elementor-widget-heading animated fadeInDown\" data-id=\"8b43628\" data-element_type=\"widget\" data-widget_type=\"heading.default\" style=\"padding: 0px;margin: 0px;--flex-direction: initial;--flex-wrap: initial;--justify-content: initial;--align-items: initial;--align-content: initial;--gap: initial;--flex-basis: initial;--flex-grow: initial;--flex-shrink: initial;--order: initial;--align-self: initial;flex-basis: var(--flex-basis);flex-grow: var(--flex-grow);flex-shrink: var(--flex-shrink);align-self: var(--align-self);flex-direction: var(--flex-direction);flex-wrap: var(--flex-wrap);justify-content: var(--justify-content);align-items: var(--align-items);align-content: var(--align-content);gap: var(--gap);position: relative;--swiper-theme-color: #000;--swiper-navigation-size: 44px;--swiper-pagination-bullet-size: 6px;--swiper-pagination-bullet-horizontal-gap: 6px;--widgets-spacing: 0px;min-width: 0px;max-width: 100%\">\n<div class=\"elementor-widget-container\" style=\"padding: 0px;margin: 0px;height: 27px\">\n<div class=\"elementor-heading-title elementor-size-default\">NIACINAMIDE<\/div>\n<\/div>\n<\/div>\n<\/div>\n<div class=\"elementor-element elementor-element-0e27934 elementor-widget elementor-widget-text-editor animated fadeInUp\" data-id=\"0e27934\" data-element_type=\"widget\" data-widget_type=\"text-editor.default\">\n<div class=\"elementor-widget-container\" style=\"padding: 0px;margin: 0px;height: 138.578125px\">\n<p style=\"padding: 0px;margin: 0px 0px 1.43rem;line-height: inherit;font-size: inherit;color: inherit;font-family: inherit\"><i style=\"padding: 0px;margin: 0px\">Aka vitamiin B3.<br \/>\nTugevdab naha h\u00fcdrolipiidibarj\u00e4\u00e4ri ja \u00fchtlustab jume.<br \/>\nAitab v\u00f5idelda akne ja aknej\u00e4rgsete, ketendavate ja \u00e4rrituslike probleemidega, ahendab poore, aeglustab vananemisprotsessi.  <\/i><\/p>\n<\/div>\n<\/div>\n<div class=\"elementor-element elementor-element-6b17264 elementor-widget elementor-widget-heading animated fadeInDown\" data-id=\"6b17264\" data-element_type=\"widget\" data-widget_type=\"heading.default\">\n<div class=\"elementor-widget-container\" style=\"padding: 0px;margin: 0px 0px 30px;height: 72px\">\n<div class=\"elementor-heading-title elementor-size-default\">DDS-tehnoloogia<span class=\"Apple-converted-space\">&nbsp;<\/span> (ravimi manustamiss\u00fcsteem)<\/div>\n<\/div>\n<\/div>\n<div class=\"elementor-element elementor-element-45d11e2 elementor-widget__width-initial elementor-widget elementor-widget-text-editor animated fadeInUp\" data-id=\"45d11e2\" data-element_type=\"widget\" data-widget_type=\"text-editor.default\">\n<div class=\"elementor-widget-container\" style=\"padding: 0px;margin: 0px;height: 496.15625px\">\n<p style=\"padding: 0px;margin: 0px 0px 1.43rem;line-height: inherit;font-size: inherit;color: inherit;font-family: inherit\"><em>Kollageenimaskis kasutatav h\u00fcdrogeel on valmistatud patenteeritud tehnoloogia abil, mis p\u00f5hineb DDS (Drug Delivery System).&nbsp;<\/em><\/p>\n<p style=\"padding: 0px;margin: 0px 0px 1.43rem;line-height: inherit;font-size: inherit;color: inherit;font-family: inherit\"><em>DDS-p\u00f5him\u00f5ttel p\u00f5hinev h\u00fcdrogeeli valem vabastab essentsi kontrollitud kiirusega, ajal ja kohas vastavalt naha seisundile, vajadustele, temperatuurile ja pH-tasemele.<br \/>\nSee v\u00f5imaldab toimeaineid v\u00f5imalikult t\u00f5husalt manustada, et v\u00e4hendada kortse, niisutada ja toita nahka. <\/em><\/p>\n<\/div>\n<\/div>\n<div class=\"elementor-element elementor-element-b72c6ef elementor-widget elementor-widget-heading animated fadeInDown\" data-id=\"b72c6ef\" data-element_type=\"widget\" data-widget_type=\"heading.default\">\n<div class=\"elementor-widget-container\" style=\"padding: 0px;margin: 0px 0px 30px;height: 36px\">\n<div class=\"elementor-heading-title elementor-size-default\">RAKENDUSVIIS:<\/div>\n<\/div>\n<\/div>\n<div class=\"elementor-element elementor-element-e1a2276 e-con-boxed e-flex e-con\" data-id=\"e1a2276\" data-element_type=\"container\">\n<div class=\"e-con-inner\" style=\"padding-top: var(--padding-top);padding-right: 0px;padding-bottom: var(--padding-bottom);padding-left: 0px;margin: 0px auto;text-align: var(--text-align);gap: var(--gap);width: 390px;max-width: var(--content-width);height: 354.796875px;flex-direction: var(--flex-direction);flex-wrap: var(--flex-wrap);justify-content: var(--justify-content);align-items: var(--align-items);align-content: var(--align-content);flex: 1 1 auto;align-self: auto\">\n<div class=\"elementor-element elementor-element-06bef59 elementor-widget elementor-widget-text-editor animated fadeIn\" data-id=\"06bef59\" data-element_type=\"widget\" data-widget_type=\"text-editor.default\" style=\"padding: 0px;margin: 0px;--flex-direction: initial;--flex-wrap: initial;--justify-content: initial;--align-items: initial;--align-content: initial;--gap: initial;--flex-basis: initial;--flex-grow: initial;--flex-shrink: initial;--order: initial;--align-self: initial;flex-basis: var(--flex-basis);flex-grow: var(--flex-grow);flex-shrink: var(--flex-shrink);align-self: var(--align-self);flex-direction: var(--flex-direction);flex-wrap: var(--flex-wrap);justify-content: var(--justify-content);align-items: var(--align-items);align-content: var(--align-content);gap: var(--gap);position: relative;--swiper-theme-color: #000;--swiper-navigation-size: 44px;--swiper-pagination-bullet-size: 6px;--swiper-pagination-bullet-horizontal-gap: 6px;--widgets-spacing: 0px;color: var( --e-global-color-text );font-family: var( --e-global-typography-text-font-family ), Sans-serif;font-size: var( --e-global-typography-text-font-size );font-weight: var( --e-global-typography-text-font-weight );line-height: var( --e-global-typography-text-line-height );min-width: 0px;max-width: 100%\">\n<div class=\"elementor-widget-container\" style=\"padding: 0px;margin: 0px;height: 330.796875px\">\n<ol style=\"padding: 0px 0px 0px 20px;margin: 0px 0px 10px\">\n<li style=\"padding: 0px;margin: 0px 0px 0.5em;line-height: 1.8;font-size: 1.14rem\">P\u00e4rast n\u00e4o puhastamist kandke tasakaalustav toonik-essents, et valmistada nahk ette j\u00e4rgmisteks hooldusetappideks.<\/li>\n<li style=\"padding: 0px;margin: 0px 0px 0.5em;line-height: 1.8;font-size: 1.14rem\">Avage kotike ja v\u00f5tke v\u00e4lja kollageenmask.<\/li>\n<li style=\"padding: 0px;margin: 0px 0px 0.5em;line-height: 1.8;font-size: 1.14rem\">Eemaldage kile ja kandke toode nahale.<\/li>\n<li style=\"padding: 0px;margin: 0px 0px 0.5em;line-height: 1.8;font-size: 1.14rem\">L\u00f5\u00f5gastuge mugavas asendis ja nautige maski.<br \/>\nEemaldage 20-30 minuti p\u00e4rast ja jaotage \u00fclej\u00e4\u00e4nud toode \u00fchtlaselt laiali. <\/li>\n<\/ol>\n<p style=\"padding: 0px;margin: 0px 0px 1.43rem;line-height: inherit;font-size: inherit;color: inherit;font-family: inherit\">! Parima tulemuse saavutamiseks kasutage maski oma nahahooldusrutiini viimase sammuna, j\u00e4ttes toote nahale 2-3 tunniks.<\/p>\n<\/div>\n<\/div>\n<\/div>\n<\/div>\n","protected":false},"excerpt":{"rendered":"<p>V\u00e4ga t\u00f5hus kollageeni t\u00f5stev mask, mis sisaldab 3 t\u00fc\u00fcpi kollageeni, 10 t\u00fc\u00fcpi h\u00fcaluroonhapet ja 5 t\u00fc\u00fcpi peptiide. See funktsionaalne kosmeetikatoode v\u00e4hendab kortse, muudab naha tugevaks ja elastseks ning niisutab seda samal ajal s\u00fcgavuti. 5 T\u00dc\u00dcPI PEPTIIDIDE KOMPLEKS Parandab naha regenereerimist, rakkude uuenemist ja v\u00f5itleb t\u00f5husalt vananemisilmingutega. Peptiidid tungivad s\u00fcgavale epidermisesse ja soodustavad kollageeni ja elastiini [&hellip;]<\/p>\n","protected":false},"featured_media":2582,"comment_status":"open","ping_status":"closed","template":"","meta":{"_acf_changed":false},"pwb-brand":[151],"product_brand":[],"product_cat":[59],"product_tag":[144,117,112,107,108,115,106,109,139,113],"class_list":{"0":"post-2606","1":"product","2":"type-product","3":"status-publish","4":"has-post-thumbnail","6":"pwb-brand-bohicare","7":"product_cat-maskid","8":"product_tag-koik-nahatuubid-et","9":"product_tag-kombineeritud-nahk","10":"product_tag-kuiv-nahk","11":"product_tag-normaalne-nahk","12":"product_tag-pigmentatsioon","13":"product_tag-probleemne-nahk","14":"product_tag-rasune-nahk","15":"product_tag-rosatsea-kuperoos","16":"product_tag-tumedad-silmaalused","17":"product_tag-tundlik-nahk","19":"first","20":"instock","21":"taxable","22":"shipping-taxable","23":"purchasable","24":"product-type-simple"},"acf":[],"yoast_head":"<!-- This site is optimized with the Yoast SEO plugin v25.7 - https:\/\/yoast.com\/wordpress\/plugins\/seo\/ -->\n<title>KOLLAGEENI T\u00d5STEV MASK - Ilutoodete e-pood<\/title>\n<meta name=\"robots\" content=\"noindex, follow, max-snippet:-1, max-image-preview:large, max-video-preview:-1\" \/>\n<meta property=\"og:locale\" content=\"et_EE\" \/>\n<meta property=\"og:type\" content=\"article\" \/>\n<meta property=\"og:title\" content=\"KOLLAGEENI T\u00d5STEV MASK - Ilutoodete e-pood\" \/>\n<meta property=\"og:description\" content=\"V\u00e4ga t\u00f5hus kollageeni t\u00f5stev mask, mis sisaldab 3 t\u00fc\u00fcpi kollageeni, 10 t\u00fc\u00fcpi h\u00fcaluroonhapet ja 5 t\u00fc\u00fcpi peptiide. See funktsionaalne kosmeetikatoode v\u00e4hendab kortse, muudab naha tugevaks ja elastseks ning niisutab seda samal ajal s\u00fcgavuti. 5 T\u00dc\u00dcPI PEPTIIDIDE KOMPLEKS Parandab naha regenereerimist, rakkude uuenemist ja v\u00f5itleb t\u00f5husalt vananemisilmingutega. Peptiidid tungivad s\u00fcgavale epidermisesse ja soodustavad kollageeni ja elastiini [&hellip;]\" \/>\n<meta property=\"og:url\" content=\"https:\/\/old.kosmetoloog.ee\/toode\/collagen-lifting-mask\/\" \/>\n<meta property=\"og:site_name\" content=\"Ilutoodete e-pood\" \/>\n<meta property=\"article:modified_time\" content=\"2025-04-17T13:01:06+00:00\" \/>\n<meta property=\"og:image\" content=\"https:\/\/old.kosmetoloog.ee\/wp-content\/uploads\/2024\/08\/img_0690.jpeg\" \/>\n\t<meta property=\"og:image:width\" content=\"1080\" \/>\n\t<meta property=\"og:image:height\" content=\"1080\" \/>\n\t<meta property=\"og:image:type\" content=\"image\/jpeg\" \/>\n<meta name=\"twitter:card\" content=\"summary_large_image\" \/>\n<meta name=\"twitter:label1\" content=\"Est. reading time\" \/>\n\t<meta name=\"twitter:data1\" content=\"2 minutit\" \/>\n<script type=\"application\/ld+json\" class=\"yoast-schema-graph\">{\"@context\":\"https:\/\/schema.org\",\"@graph\":[{\"@type\":\"WebPage\",\"@id\":\"https:\/\/old.kosmetoloog.ee\/toode\/collagen-lifting-mask\/\",\"url\":\"https:\/\/old.kosmetoloog.ee\/toode\/collagen-lifting-mask\/\",\"name\":\"KOLLAGEENI T\u00d5STEV MASK - Ilutoodete e-pood\",\"isPartOf\":{\"@id\":\"https:\/\/old.kosmetoloog.ee\/#website\"},\"primaryImageOfPage\":{\"@id\":\"https:\/\/old.kosmetoloog.ee\/toode\/collagen-lifting-mask\/#primaryimage\"},\"image\":{\"@id\":\"https:\/\/old.kosmetoloog.ee\/toode\/collagen-lifting-mask\/#primaryimage\"},\"thumbnailUrl\":\"https:\/\/old.kosmetoloog.ee\/wp-content\/uploads\/2024\/08\/img_0690.jpeg\",\"datePublished\":\"2024-08-24T09:58:39+00:00\",\"dateModified\":\"2025-04-17T13:01:06+00:00\",\"breadcrumb\":{\"@id\":\"https:\/\/old.kosmetoloog.ee\/toode\/collagen-lifting-mask\/#breadcrumb\"},\"inLanguage\":\"et\",\"potentialAction\":[{\"@type\":\"ReadAction\",\"target\":[\"https:\/\/old.kosmetoloog.ee\/toode\/collagen-lifting-mask\/\"]}]},{\"@type\":\"ImageObject\",\"inLanguage\":\"et\",\"@id\":\"https:\/\/old.kosmetoloog.ee\/toode\/collagen-lifting-mask\/#primaryimage\",\"url\":\"https:\/\/old.kosmetoloog.ee\/wp-content\/uploads\/2024\/08\/img_0690.jpeg\",\"contentUrl\":\"https:\/\/old.kosmetoloog.ee\/wp-content\/uploads\/2024\/08\/img_0690.jpeg\",\"width\":1080,\"height\":1080},{\"@type\":\"BreadcrumbList\",\"@id\":\"https:\/\/old.kosmetoloog.ee\/toode\/collagen-lifting-mask\/#breadcrumb\",\"itemListElement\":[{\"@type\":\"ListItem\",\"position\":1,\"name\":\"Home\",\"item\":\"https:\/\/old.kosmetoloog.ee\/et\/\"},{\"@type\":\"ListItem\",\"position\":2,\"name\":\"Pood\",\"item\":\"https:\/\/old.kosmetoloog.ee\/et\/pood\/\"},{\"@type\":\"ListItem\",\"position\":3,\"name\":\"KOLLAGEENI T\u00d5STEV MASK\"}]},{\"@type\":\"WebSite\",\"@id\":\"https:\/\/old.kosmetoloog.ee\/#website\",\"url\":\"https:\/\/old.kosmetoloog.ee\/\",\"name\":\"Ilutoodete e-pood\",\"description\":\"Kosmeetika pood\",\"publisher\":{\"@id\":\"https:\/\/old.kosmetoloog.ee\/#organization\"},\"potentialAction\":[{\"@type\":\"SearchAction\",\"target\":{\"@type\":\"EntryPoint\",\"urlTemplate\":\"https:\/\/old.kosmetoloog.ee\/?s={search_term_string}\"},\"query-input\":{\"@type\":\"PropertyValueSpecification\",\"valueRequired\":true,\"valueName\":\"search_term_string\"}}],\"inLanguage\":\"et\"},{\"@type\":\"Organization\",\"@id\":\"https:\/\/old.kosmetoloog.ee\/#organization\",\"name\":\"You are You O\u00dc\",\"url\":\"https:\/\/old.kosmetoloog.ee\/\",\"logo\":{\"@type\":\"ImageObject\",\"inLanguage\":\"et\",\"@id\":\"https:\/\/old.kosmetoloog.ee\/#\/schema\/logo\/image\/\",\"url\":\"https:\/\/old.kosmetoloog.ee\/wp-content\/uploads\/2023\/08\/logo-1.png\",\"contentUrl\":\"https:\/\/old.kosmetoloog.ee\/wp-content\/uploads\/2023\/08\/logo-1.png\",\"width\":1200,\"height\":964,\"caption\":\"You are You O\u00dc\"},\"image\":{\"@id\":\"https:\/\/old.kosmetoloog.ee\/#\/schema\/logo\/image\/\"}}]}<\/script>\n<!-- \/ Yoast SEO plugin. -->","yoast_head_json":{"title":"KOLLAGEENI T\u00d5STEV MASK - Ilutoodete e-pood","robots":{"index":"noindex","follow":"follow","max-snippet":"max-snippet:-1","max-image-preview":"max-image-preview:large","max-video-preview":"max-video-preview:-1"},"og_locale":"et_EE","og_type":"article","og_title":"KOLLAGEENI T\u00d5STEV MASK - Ilutoodete e-pood","og_description":"V\u00e4ga t\u00f5hus kollageeni t\u00f5stev mask, mis sisaldab 3 t\u00fc\u00fcpi kollageeni, 10 t\u00fc\u00fcpi h\u00fcaluroonhapet ja 5 t\u00fc\u00fcpi peptiide. See funktsionaalne kosmeetikatoode v\u00e4hendab kortse, muudab naha tugevaks ja elastseks ning niisutab seda samal ajal s\u00fcgavuti. 5 T\u00dc\u00dcPI PEPTIIDIDE KOMPLEKS Parandab naha regenereerimist, rakkude uuenemist ja v\u00f5itleb t\u00f5husalt vananemisilmingutega. Peptiidid tungivad s\u00fcgavale epidermisesse ja soodustavad kollageeni ja elastiini [&hellip;]","og_url":"https:\/\/old.kosmetoloog.ee\/toode\/collagen-lifting-mask\/","og_site_name":"Ilutoodete e-pood","article_modified_time":"2025-04-17T13:01:06+00:00","og_image":[{"width":1080,"height":1080,"url":"https:\/\/old.kosmetoloog.ee\/wp-content\/uploads\/2024\/08\/img_0690.jpeg","type":"image\/jpeg"}],"twitter_card":"summary_large_image","twitter_misc":{"Est. reading time":"2 minutit"},"schema":{"@context":"https:\/\/schema.org","@graph":[{"@type":"WebPage","@id":"https:\/\/old.kosmetoloog.ee\/toode\/collagen-lifting-mask\/","url":"https:\/\/old.kosmetoloog.ee\/toode\/collagen-lifting-mask\/","name":"KOLLAGEENI T\u00d5STEV MASK - Ilutoodete e-pood","isPartOf":{"@id":"https:\/\/old.kosmetoloog.ee\/#website"},"primaryImageOfPage":{"@id":"https:\/\/old.kosmetoloog.ee\/toode\/collagen-lifting-mask\/#primaryimage"},"image":{"@id":"https:\/\/old.kosmetoloog.ee\/toode\/collagen-lifting-mask\/#primaryimage"},"thumbnailUrl":"https:\/\/old.kosmetoloog.ee\/wp-content\/uploads\/2024\/08\/img_0690.jpeg","datePublished":"2024-08-24T09:58:39+00:00","dateModified":"2025-04-17T13:01:06+00:00","breadcrumb":{"@id":"https:\/\/old.kosmetoloog.ee\/toode\/collagen-lifting-mask\/#breadcrumb"},"inLanguage":"et","potentialAction":[{"@type":"ReadAction","target":["https:\/\/old.kosmetoloog.ee\/toode\/collagen-lifting-mask\/"]}]},{"@type":"ImageObject","inLanguage":"et","@id":"https:\/\/old.kosmetoloog.ee\/toode\/collagen-lifting-mask\/#primaryimage","url":"https:\/\/old.kosmetoloog.ee\/wp-content\/uploads\/2024\/08\/img_0690.jpeg","contentUrl":"https:\/\/old.kosmetoloog.ee\/wp-content\/uploads\/2024\/08\/img_0690.jpeg","width":1080,"height":1080},{"@type":"BreadcrumbList","@id":"https:\/\/old.kosmetoloog.ee\/toode\/collagen-lifting-mask\/#breadcrumb","itemListElement":[{"@type":"ListItem","position":1,"name":"Home","item":"https:\/\/old.kosmetoloog.ee\/et\/"},{"@type":"ListItem","position":2,"name":"Pood","item":"https:\/\/old.kosmetoloog.ee\/et\/pood\/"},{"@type":"ListItem","position":3,"name":"KOLLAGEENI T\u00d5STEV MASK"}]},{"@type":"WebSite","@id":"https:\/\/old.kosmetoloog.ee\/#website","url":"https:\/\/old.kosmetoloog.ee\/","name":"Ilutoodete e-pood","description":"Kosmeetika pood","publisher":{"@id":"https:\/\/old.kosmetoloog.ee\/#organization"},"potentialAction":[{"@type":"SearchAction","target":{"@type":"EntryPoint","urlTemplate":"https:\/\/old.kosmetoloog.ee\/?s={search_term_string}"},"query-input":{"@type":"PropertyValueSpecification","valueRequired":true,"valueName":"search_term_string"}}],"inLanguage":"et"},{"@type":"Organization","@id":"https:\/\/old.kosmetoloog.ee\/#organization","name":"You are You O\u00dc","url":"https:\/\/old.kosmetoloog.ee\/","logo":{"@type":"ImageObject","inLanguage":"et","@id":"https:\/\/old.kosmetoloog.ee\/#\/schema\/logo\/image\/","url":"https:\/\/old.kosmetoloog.ee\/wp-content\/uploads\/2023\/08\/logo-1.png","contentUrl":"https:\/\/old.kosmetoloog.ee\/wp-content\/uploads\/2023\/08\/logo-1.png","width":1200,"height":964,"caption":"You are You O\u00dc"},"image":{"@id":"https:\/\/old.kosmetoloog.ee\/#\/schema\/logo\/image\/"}}]}},"brands":[{"id":151,"name":"BOHICARE","slug":"bohicare"}],"_links":{"self":[{"href":"https:\/\/old.kosmetoloog.ee\/et\/wp-json\/wp\/v2\/product\/2606","targetHints":{"allow":["GET"]}}],"collection":[{"href":"https:\/\/old.kosmetoloog.ee\/et\/wp-json\/wp\/v2\/product"}],"about":[{"href":"https:\/\/old.kosmetoloog.ee\/et\/wp-json\/wp\/v2\/types\/product"}],"replies":[{"embeddable":true,"href":"https:\/\/old.kosmetoloog.ee\/et\/wp-json\/wp\/v2\/comments?post=2606"}],"wp:featuredmedia":[{"embeddable":true,"href":"https:\/\/old.kosmetoloog.ee\/et\/wp-json\/wp\/v2\/media\/2582"}],"wp:attachment":[{"href":"https:\/\/old.kosmetoloog.ee\/et\/wp-json\/wp\/v2\/media?parent=2606"}],"wp:term":[{"taxonomy":"pwb-brand","embeddable":true,"href":"https:\/\/old.kosmetoloog.ee\/et\/wp-json\/wp\/v2\/pwb-brand?post=2606"},{"taxonomy":"product_brand","embeddable":true,"href":"https:\/\/old.kosmetoloog.ee\/et\/wp-json\/wp\/v2\/product_brand?post=2606"},{"taxonomy":"product_cat","embeddable":true,"href":"https:\/\/old.kosmetoloog.ee\/et\/wp-json\/wp\/v2\/product_cat?post=2606"},{"taxonomy":"product_tag","embeddable":true,"href":"https:\/\/old.kosmetoloog.ee\/et\/wp-json\/wp\/v2\/product_tag?post=2606"}],"curies":[{"name":"wp","href":"https:\/\/api.w.org\/{rel}","templated":true}]}}