{"id":2611,"date":"2024-08-24T11:18:39","date_gmt":"2024-08-24T08:18:39","guid":{"rendered":"https:\/\/kosmetoloog.ee\/product\/pro-age-tostev-silmakreem\/"},"modified":"2024-10-05T18:46:58","modified_gmt":"2024-10-05T15:46:58","slug":"pro-age-tostev-silmakreem","status":"publish","type":"product","link":"https:\/\/old.kosmetoloog.ee\/et\/toode\/pro-age-tostev-silmakreem\/","title":{"rendered":"PRO-AGE T\u00d5STEV SILMAKREEM"},"content":{"rendered":"<p>Revitaliseeriv silmakreem, mis sisaldab baku\u0161iooli, adenosiini ja 7 t\u00fc\u00fcpi peptiidide kompleksi.<br \/>\nFunktsionaalsel tootel on kompleksne noorendav toime: aitab n\u00e4htavalt v\u00e4hendada kortse, silub mikror\u00f5hku, annab kirgastava efekti, suurendab \u00f5rna silmalaugude naha elastsust ja tihedust t\u00e4nu kollageeni s\u00fcnteesi stimuleerimisele.   <\/p>\n<div class=\"elementor-element elementor-element-3ebc76b e-con-full e-flex e-con\" data-id=\"3ebc76b\" data-element_type=\"container\">\n<div class=\"elementor-element elementor-element-90fc9b3 elementor-widget elementor-widget-heading animated fadeInDown\" style=\"padding: 0px; margin: 0px; --flex-direction: initial; --flex-wrap: initial; --justify-content: initial; --align-items: initial; --align-content: initial; --gap: initial; --flex-basis: initial; --flex-grow: initial; --flex-shrink: initial; --order: initial; --align-self: initial; flex-basis: var(--flex-basis); flex-grow: var(--flex-grow); flex-shrink: var(--flex-shrink); align-self: var(--align-self); flex-direction: var(--flex-direction); flex-wrap: var(--flex-wrap); justify-content: var(--justify-content); align-items: var(--align-items); align-content: var(--align-content); gap: var(--gap); position: relative; --swiper-theme-color: #000; --swiper-navigation-size: 44px; --swiper-pagination-bullet-size: 6px; --swiper-pagination-bullet-horizontal-gap: 6px; --widgets-spacing: 0px; min-width: 0px; max-width: 100%;\" data-id=\"90fc9b3\" data-element_type=\"widget\" data-widget_type=\"heading.default\">\n<div class=\"elementor-widget-container\" style=\"padding: 0px; margin: 0px; height: 27px;\">\n<div class=\"elementor-heading-title elementor-size-default\">BACUCHIOL<\/div>\n<\/div>\n<\/div>\n<\/div>\n<div class=\"elementor-element elementor-element-7b9707a elementor-widget elementor-widget-text-editor animated fadeInUp\" data-id=\"7b9707a\" data-element_type=\"widget\" data-widget_type=\"text-editor.default\">\n<div class=\"elementor-widget-container\" style=\"padding: 0px; margin: 0px; height: 306.578125px;\">\n<p style=\"padding: 0px; margin: 0px 0px 1.43rem; line-height: inherit; font-size: inherit; color: inherit; font-family: inherit;\"><em>Looduslik kosmeetiline koostisosa, mida peetakse retinooli taimseks analoogiks.<br \/>\nSobib k\u00f5ikidele nahat\u00fc\u00fcpidele, ei vaja kohanemisperioodi ega suurenda tundlikkust p\u00e4ikese suhtes.<br \/>\nBakuchiol on v\u00f5imas vananemisvastane koostisosa ja \u00fcks parimaid antioks\u00fcdante.<br \/>\nSee kaitseb nahka vabade radikaalide eest, soodustab kollageeni tootmist ja v\u00e4hendab kortse.<br \/>\nSee \u00fchtlustab naha tooni, hoiab \u00e4ra tumedad laigud v\u00f5i h\u00fcperpigmentatsiooni alad ja kiirendab rakkude taastumist.    <\/em><\/p>\n<p style=\"padding: 0px; margin: 0px 0px 1.43rem; line-height: inherit; font-size: inherit; color: inherit; font-family: inherit;\">ADENOZINE<\/p>\n<p style=\"padding: 0px; margin: 0px 0px 1.43rem; line-height: inherit; font-size: inherit; color: inherit; font-family: inherit;\"><em style=\"color: inherit; font-family: inherit; font-size: inherit;\">See suurendab kollageeni ja elastiini tootmist, pinguldab nahka, pehmendab seda ning aitab siluda kortse ja kortse.<br \/>\nAdenosiin on tuntud ka oma tervendavate ja p\u00f5letikuvastaste omaduste poolest.<br \/>\nSee on \u00fcks t\u00f5husamaid koostisosi vananeva naha hooldamisel.  <\/em><\/p>\n<p style=\"padding: 0px; margin: 0px 0px 1.43rem; line-height: inherit; font-size: inherit; color: inherit; font-family: inherit;\">PEPTIIDIKOMPLEKS<\/p>\n<\/div>\n<\/div>\n<div class=\"elementor-element elementor-element-6be33e3 elementor-widget elementor-widget-text-editor animated fadeInUp\" data-id=\"6be33e3\" data-element_type=\"widget\" data-widget_type=\"text-editor.default\">\n<div class=\"elementor-widget-container\" style=\"padding: 0px; margin: 0px; height: 186.578125px;\">\n<p style=\"padding: 0px; margin: 0px 0px 1.43rem; line-height: inherit; font-size: inherit; color: inherit; font-family: inherit;\"><em>Parandab naha regenereerimist, rakkude uuenemist ja v\u00f5itleb t\u00f5husalt vananemisilmingutega.<br \/>\nPeptiidid tungivad s\u00fcgavale epidermisesse ja soodustavad kollageeni ja elastiini tootmist, mis parandab naha elastsust ja tugevust.<br \/>\nPeptiidid aitavad nahal taastuda \u00e4rritustest ja p\u00f5letikest, leevendavad turseid.  <\/em><\/p>\n<p style=\"padding: 0px; margin: 0px 0px 1.43rem; line-height: inherit; font-size: inherit; color: inherit; font-family: inherit;\">NAHA TAASTAMISE TEHNOLOOGIA<\/p>\n<p style=\"padding: 0px; margin: 0px 0px 1.43rem; line-height: inherit; font-size: inherit; color: inherit; font-family: inherit;\"><em style=\"color: inherit; font-family: inherit; font-size: inherit;\">Silmade \u00fcmbruse naha elastsuse t\u00f5hus taastamine naha taastamise tehnoloogia abil.<br \/>\nKreem moodustab spetsiaalse niisutava kile, mis takistab niiskuse aurustumist.<br \/>\nSamal ajal t\u00e4idab rakke toitainetega ja loob tiheda nahabarj\u00e4\u00e4ri, et s\u00e4ilitada naha elastsust ja siledust.  <\/em><\/p>\n<\/div>\n<\/div>\n<div class=\"elementor-element elementor-element-b72c6ef elementor-widget elementor-widget-heading animated fadeInDown\" data-id=\"b72c6ef\" data-element_type=\"widget\" data-widget_type=\"heading.default\">\n<div class=\"elementor-widget-container\" style=\"padding: 0px; margin: 0px 0px 30px; height: 36px;\">\n<div><\/div>\n<div><\/div>\n<div class=\"elementor-heading-title elementor-size-default\">RAKENDUSVIIS:<\/div>\n<\/div>\n<\/div>\n<div class=\"elementor-element elementor-element-e1a2276 e-con-boxed e-flex e-con\" data-id=\"e1a2276\" data-element_type=\"container\">\n<div class=\"e-con-inner\" style=\"margin: 0px auto; text-align: var(--text-align); gap: var(--gap); width: 390px; max-width: var(--content-width); height: 138.578125px; flex-direction: var(--flex-direction); flex-wrap: var(--flex-wrap); justify-content: var(--justify-content); align-items: var(--align-items); align-content: var(--align-content); flex: 1 1 auto; align-self: auto; padding: var(--padding-top) 0px var(--padding-bottom) 0px;\">\n<div class=\"elementor-element elementor-element-06bef59 elementor-widget elementor-widget-text-editor animated fadeIn\" style=\"padding: 0px; margin: 0px; --flex-direction: initial; --flex-wrap: initial; --justify-content: initial; --align-items: initial; --align-content: initial; --gap: initial; --flex-basis: initial; --flex-grow: initial; --flex-shrink: initial; --order: initial; --align-self: initial; flex-basis: var(--flex-basis); flex-grow: var(--flex-grow); flex-shrink: var(--flex-shrink); align-self: var(--align-self); flex-direction: var(--flex-direction); flex-wrap: var(--flex-wrap); justify-content: var(--justify-content); align-items: var(--align-items); align-content: var(--align-content); gap: var(--gap); position: relative; --swiper-theme-color: #000; --swiper-navigation-size: 44px; --swiper-pagination-bullet-size: 6px; --swiper-pagination-bullet-horizontal-gap: 6px; --widgets-spacing: 0px; color: var( --e-global-color-text ); font-family: var( --e-global-typography-text-font-family ), Sans-serif; font-size: var( --e-global-typography-text-font-size ); font-weight: var( --e-global-typography-text-font-weight ); line-height: var( --e-global-typography-text-line-height ); min-width: 0px; max-width: 100%;\" data-id=\"06bef59\" data-element_type=\"widget\" data-widget_type=\"text-editor.default\">\n<div class=\"elementor-widget-container\" style=\"padding: 0px; margin: 0px; height: 114.578125px;\">\n<p style=\"padding: 0px; margin: 0px 0px 1.43rem; line-height: inherit; font-size: inherit; color: inherit; font-family: inherit;\">P\u00e4rast puhastamist ja toniseerimist kanna v\u00e4ike kogus kreemi silmapiirkonnale ja kanna see \u00f5rnalt s\u00f5rmepatjadega kogu piirkonnale.<\/p>\n<\/div>\n<\/div>\n<\/div>\n<\/div>\n<p>  Koostis: Vesi, kapr\u00fc\u00fcl-\/kapritsooltrigl\u00fctseriid, but\u00fcleengl\u00fckool, gl\u00fctseriin, pol\u00fcgl\u00fctser\u00fc\u00fcl-3-met\u00fc\u00fclgl\u00fckoosidistearaat, heksandiool, Helianthus Annuus (p\u00e4evalille) seemne\u00f5li, tseet\u00fc\u00fclalkohol, steariinhape, vin\u00fc\u00fcl, dimetikoon, propaandiool, gl\u00fctser\u00fc\u00fclstearaat, betaiin, PVP, karbomeer, trometamiin, pantenool, Bakuchiol, 3-0-et\u00fc\u00fclaskorbiinhape, et\u00fc\u00fclheks\u00fc\u00fclgl\u00fctseriin, adenosiin, dinaatrium-EDTA, arahhappe, naatriumh\u00fcaluronaat, palmitiinhape, \u00f5lehape, kapr\u00fc\u00fclgl\u00fckool, atset\u00fc\u00fclheksapeptiid-8, vasktripeptiid-1, palmito\u00fc\u00fclpentapeptiid-4, tripeptiid-1, palmito\u00fc\u00fcltripeptiid-1, heksapeptiid-9, nonapeptiid-1.<\/p>\n","protected":false},"excerpt":{"rendered":"<p>Revitaliseeriv silmakreem, mis sisaldab baku\u0161iooli, adenosiini ja 7 t\u00fc\u00fcpi peptiidide kompleksi. Funktsionaalsel tootel on kompleksne noorendav toime: aitab n\u00e4htavalt v\u00e4hendada kortse, silub mikror\u00f5hku, annab kirgastava efekti, suurendab \u00f5rna silmalaugude naha elastsust ja tihedust t\u00e4nu kollageeni s\u00fcnteesi stimuleerimisele. BACUCHIOL Looduslik kosmeetiline koostisosa, mida peetakse retinooli taimseks analoogiks. Sobib k\u00f5ikidele nahat\u00fc\u00fcpidele, ei vaja kohanemisperioodi ega suurenda tundlikkust [&hellip;]<\/p>\n","protected":false},"featured_media":2556,"comment_status":"open","ping_status":"closed","template":"","meta":{"_acf_changed":false},"pwb-brand":[151],"product_brand":[],"product_cat":[62],"product_tag":[105,112,107,139,113,111],"class_list":{"0":"post-2611","1":"product","2":"type-product","3":"status-publish","4":"has-post-thumbnail","6":"pwb-brand-bohicare","7":"product_cat-silmaumbruse-hooldus","8":"product_tag-koik-naha","9":"product_tag-kuiv-nahk","10":"product_tag-normaalne-nahk","11":"product_tag-tumedad-silmaalused","12":"product_tag-tundlik-nahk","13":"product_tag-vananemisvastane","15":"first","16":"instock","17":"taxable","18":"shipping-taxable","19":"purchasable","20":"product-type-simple"},"acf":[],"yoast_head":"<!-- This site is optimized with the Yoast SEO plugin v25.7 - https:\/\/yoast.com\/wordpress\/plugins\/seo\/ -->\n<title>PRO-AGE T\u00d5STEV SILMAKREEM - Ilutoodete e-pood<\/title>\n<meta name=\"robots\" content=\"noindex, follow, max-snippet:-1, max-image-preview:large, max-video-preview:-1\" \/>\n<meta property=\"og:locale\" content=\"et_EE\" \/>\n<meta property=\"og:type\" content=\"article\" \/>\n<meta property=\"og:title\" content=\"PRO-AGE T\u00d5STEV SILMAKREEM - Ilutoodete e-pood\" \/>\n<meta property=\"og:description\" content=\"Revitaliseeriv silmakreem, mis sisaldab baku\u0161iooli, adenosiini ja 7 t\u00fc\u00fcpi peptiidide kompleksi. Funktsionaalsel tootel on kompleksne noorendav toime: aitab n\u00e4htavalt v\u00e4hendada kortse, silub mikror\u00f5hku, annab kirgastava efekti, suurendab \u00f5rna silmalaugude naha elastsust ja tihedust t\u00e4nu kollageeni s\u00fcnteesi stimuleerimisele. BACUCHIOL Looduslik kosmeetiline koostisosa, mida peetakse retinooli taimseks analoogiks. Sobib k\u00f5ikidele nahat\u00fc\u00fcpidele, ei vaja kohanemisperioodi ega suurenda tundlikkust [&hellip;]\" \/>\n<meta property=\"og:url\" content=\"https:\/\/old.kosmetoloog.ee\/toode\/pro-age-eye-creme\/\" \/>\n<meta property=\"og:site_name\" content=\"Ilutoodete e-pood\" \/>\n<meta property=\"article:modified_time\" content=\"2024-10-05T15:46:58+00:00\" \/>\n<meta property=\"og:image\" content=\"https:\/\/old.kosmetoloog.ee\/wp-content\/uploads\/2024\/08\/img_0668.png\" \/>\n\t<meta property=\"og:image:width\" content=\"1081\" \/>\n\t<meta property=\"og:image:height\" content=\"1081\" \/>\n\t<meta property=\"og:image:type\" content=\"image\/png\" \/>\n<meta name=\"twitter:card\" content=\"summary_large_image\" \/>\n<meta name=\"twitter:label1\" content=\"Est. reading time\" \/>\n\t<meta name=\"twitter:data1\" content=\"2 minutit\" \/>\n<script type=\"application\/ld+json\" class=\"yoast-schema-graph\">{\"@context\":\"https:\/\/schema.org\",\"@graph\":[{\"@type\":\"WebPage\",\"@id\":\"https:\/\/old.kosmetoloog.ee\/toode\/pro-age-eye-creme\/\",\"url\":\"https:\/\/old.kosmetoloog.ee\/toode\/pro-age-eye-creme\/\",\"name\":\"PRO-AGE T\u00d5STEV SILMAKREEM - Ilutoodete e-pood\",\"isPartOf\":{\"@id\":\"https:\/\/old.kosmetoloog.ee\/#website\"},\"primaryImageOfPage\":{\"@id\":\"https:\/\/old.kosmetoloog.ee\/toode\/pro-age-eye-creme\/#primaryimage\"},\"image\":{\"@id\":\"https:\/\/old.kosmetoloog.ee\/toode\/pro-age-eye-creme\/#primaryimage\"},\"thumbnailUrl\":\"https:\/\/old.kosmetoloog.ee\/wp-content\/uploads\/2024\/08\/img_0668.png\",\"datePublished\":\"2024-08-24T08:18:39+00:00\",\"dateModified\":\"2024-10-05T15:46:58+00:00\",\"breadcrumb\":{\"@id\":\"https:\/\/old.kosmetoloog.ee\/toode\/pro-age-eye-creme\/#breadcrumb\"},\"inLanguage\":\"et\",\"potentialAction\":[{\"@type\":\"ReadAction\",\"target\":[\"https:\/\/old.kosmetoloog.ee\/toode\/pro-age-eye-creme\/\"]}]},{\"@type\":\"ImageObject\",\"inLanguage\":\"et\",\"@id\":\"https:\/\/old.kosmetoloog.ee\/toode\/pro-age-eye-creme\/#primaryimage\",\"url\":\"https:\/\/old.kosmetoloog.ee\/wp-content\/uploads\/2024\/08\/img_0668.png\",\"contentUrl\":\"https:\/\/old.kosmetoloog.ee\/wp-content\/uploads\/2024\/08\/img_0668.png\",\"width\":1081,\"height\":1081},{\"@type\":\"BreadcrumbList\",\"@id\":\"https:\/\/old.kosmetoloog.ee\/toode\/pro-age-eye-creme\/#breadcrumb\",\"itemListElement\":[{\"@type\":\"ListItem\",\"position\":1,\"name\":\"Home\",\"item\":\"https:\/\/old.kosmetoloog.ee\/et\/\"},{\"@type\":\"ListItem\",\"position\":2,\"name\":\"Pood\",\"item\":\"https:\/\/old.kosmetoloog.ee\/et\/pood\/\"},{\"@type\":\"ListItem\",\"position\":3,\"name\":\"PRO-AGE T\u00d5STEV SILMAKREEM\"}]},{\"@type\":\"WebSite\",\"@id\":\"https:\/\/old.kosmetoloog.ee\/#website\",\"url\":\"https:\/\/old.kosmetoloog.ee\/\",\"name\":\"Ilutoodete e-pood\",\"description\":\"Kosmeetika pood\",\"publisher\":{\"@id\":\"https:\/\/old.kosmetoloog.ee\/#organization\"},\"potentialAction\":[{\"@type\":\"SearchAction\",\"target\":{\"@type\":\"EntryPoint\",\"urlTemplate\":\"https:\/\/old.kosmetoloog.ee\/?s={search_term_string}\"},\"query-input\":{\"@type\":\"PropertyValueSpecification\",\"valueRequired\":true,\"valueName\":\"search_term_string\"}}],\"inLanguage\":\"et\"},{\"@type\":\"Organization\",\"@id\":\"https:\/\/old.kosmetoloog.ee\/#organization\",\"name\":\"You are You O\u00dc\",\"url\":\"https:\/\/old.kosmetoloog.ee\/\",\"logo\":{\"@type\":\"ImageObject\",\"inLanguage\":\"et\",\"@id\":\"https:\/\/old.kosmetoloog.ee\/#\/schema\/logo\/image\/\",\"url\":\"https:\/\/old.kosmetoloog.ee\/wp-content\/uploads\/2023\/08\/logo-1.png\",\"contentUrl\":\"https:\/\/old.kosmetoloog.ee\/wp-content\/uploads\/2023\/08\/logo-1.png\",\"width\":1200,\"height\":964,\"caption\":\"You are You O\u00dc\"},\"image\":{\"@id\":\"https:\/\/old.kosmetoloog.ee\/#\/schema\/logo\/image\/\"}}]}<\/script>\n<!-- \/ Yoast SEO plugin. -->","yoast_head_json":{"title":"PRO-AGE T\u00d5STEV SILMAKREEM - Ilutoodete e-pood","robots":{"index":"noindex","follow":"follow","max-snippet":"max-snippet:-1","max-image-preview":"max-image-preview:large","max-video-preview":"max-video-preview:-1"},"og_locale":"et_EE","og_type":"article","og_title":"PRO-AGE T\u00d5STEV SILMAKREEM - Ilutoodete e-pood","og_description":"Revitaliseeriv silmakreem, mis sisaldab baku\u0161iooli, adenosiini ja 7 t\u00fc\u00fcpi peptiidide kompleksi. Funktsionaalsel tootel on kompleksne noorendav toime: aitab n\u00e4htavalt v\u00e4hendada kortse, silub mikror\u00f5hku, annab kirgastava efekti, suurendab \u00f5rna silmalaugude naha elastsust ja tihedust t\u00e4nu kollageeni s\u00fcnteesi stimuleerimisele. BACUCHIOL Looduslik kosmeetiline koostisosa, mida peetakse retinooli taimseks analoogiks. Sobib k\u00f5ikidele nahat\u00fc\u00fcpidele, ei vaja kohanemisperioodi ega suurenda tundlikkust [&hellip;]","og_url":"https:\/\/old.kosmetoloog.ee\/toode\/pro-age-eye-creme\/","og_site_name":"Ilutoodete e-pood","article_modified_time":"2024-10-05T15:46:58+00:00","og_image":[{"width":1081,"height":1081,"url":"https:\/\/old.kosmetoloog.ee\/wp-content\/uploads\/2024\/08\/img_0668.png","type":"image\/png"}],"twitter_card":"summary_large_image","twitter_misc":{"Est. reading time":"2 minutit"},"schema":{"@context":"https:\/\/schema.org","@graph":[{"@type":"WebPage","@id":"https:\/\/old.kosmetoloog.ee\/toode\/pro-age-eye-creme\/","url":"https:\/\/old.kosmetoloog.ee\/toode\/pro-age-eye-creme\/","name":"PRO-AGE T\u00d5STEV SILMAKREEM - Ilutoodete e-pood","isPartOf":{"@id":"https:\/\/old.kosmetoloog.ee\/#website"},"primaryImageOfPage":{"@id":"https:\/\/old.kosmetoloog.ee\/toode\/pro-age-eye-creme\/#primaryimage"},"image":{"@id":"https:\/\/old.kosmetoloog.ee\/toode\/pro-age-eye-creme\/#primaryimage"},"thumbnailUrl":"https:\/\/old.kosmetoloog.ee\/wp-content\/uploads\/2024\/08\/img_0668.png","datePublished":"2024-08-24T08:18:39+00:00","dateModified":"2024-10-05T15:46:58+00:00","breadcrumb":{"@id":"https:\/\/old.kosmetoloog.ee\/toode\/pro-age-eye-creme\/#breadcrumb"},"inLanguage":"et","potentialAction":[{"@type":"ReadAction","target":["https:\/\/old.kosmetoloog.ee\/toode\/pro-age-eye-creme\/"]}]},{"@type":"ImageObject","inLanguage":"et","@id":"https:\/\/old.kosmetoloog.ee\/toode\/pro-age-eye-creme\/#primaryimage","url":"https:\/\/old.kosmetoloog.ee\/wp-content\/uploads\/2024\/08\/img_0668.png","contentUrl":"https:\/\/old.kosmetoloog.ee\/wp-content\/uploads\/2024\/08\/img_0668.png","width":1081,"height":1081},{"@type":"BreadcrumbList","@id":"https:\/\/old.kosmetoloog.ee\/toode\/pro-age-eye-creme\/#breadcrumb","itemListElement":[{"@type":"ListItem","position":1,"name":"Home","item":"https:\/\/old.kosmetoloog.ee\/et\/"},{"@type":"ListItem","position":2,"name":"Pood","item":"https:\/\/old.kosmetoloog.ee\/et\/pood\/"},{"@type":"ListItem","position":3,"name":"PRO-AGE T\u00d5STEV SILMAKREEM"}]},{"@type":"WebSite","@id":"https:\/\/old.kosmetoloog.ee\/#website","url":"https:\/\/old.kosmetoloog.ee\/","name":"Ilutoodete e-pood","description":"Kosmeetika pood","publisher":{"@id":"https:\/\/old.kosmetoloog.ee\/#organization"},"potentialAction":[{"@type":"SearchAction","target":{"@type":"EntryPoint","urlTemplate":"https:\/\/old.kosmetoloog.ee\/?s={search_term_string}"},"query-input":{"@type":"PropertyValueSpecification","valueRequired":true,"valueName":"search_term_string"}}],"inLanguage":"et"},{"@type":"Organization","@id":"https:\/\/old.kosmetoloog.ee\/#organization","name":"You are You O\u00dc","url":"https:\/\/old.kosmetoloog.ee\/","logo":{"@type":"ImageObject","inLanguage":"et","@id":"https:\/\/old.kosmetoloog.ee\/#\/schema\/logo\/image\/","url":"https:\/\/old.kosmetoloog.ee\/wp-content\/uploads\/2023\/08\/logo-1.png","contentUrl":"https:\/\/old.kosmetoloog.ee\/wp-content\/uploads\/2023\/08\/logo-1.png","width":1200,"height":964,"caption":"You are You O\u00dc"},"image":{"@id":"https:\/\/old.kosmetoloog.ee\/#\/schema\/logo\/image\/"}}]}},"brands":[{"id":151,"name":"BOHICARE","slug":"bohicare"}],"_links":{"self":[{"href":"https:\/\/old.kosmetoloog.ee\/et\/wp-json\/wp\/v2\/product\/2611","targetHints":{"allow":["GET"]}}],"collection":[{"href":"https:\/\/old.kosmetoloog.ee\/et\/wp-json\/wp\/v2\/product"}],"about":[{"href":"https:\/\/old.kosmetoloog.ee\/et\/wp-json\/wp\/v2\/types\/product"}],"replies":[{"embeddable":true,"href":"https:\/\/old.kosmetoloog.ee\/et\/wp-json\/wp\/v2\/comments?post=2611"}],"wp:featuredmedia":[{"embeddable":true,"href":"https:\/\/old.kosmetoloog.ee\/et\/wp-json\/wp\/v2\/media\/2556"}],"wp:attachment":[{"href":"https:\/\/old.kosmetoloog.ee\/et\/wp-json\/wp\/v2\/media?parent=2611"}],"wp:term":[{"taxonomy":"pwb-brand","embeddable":true,"href":"https:\/\/old.kosmetoloog.ee\/et\/wp-json\/wp\/v2\/pwb-brand?post=2611"},{"taxonomy":"product_brand","embeddable":true,"href":"https:\/\/old.kosmetoloog.ee\/et\/wp-json\/wp\/v2\/product_brand?post=2611"},{"taxonomy":"product_cat","embeddable":true,"href":"https:\/\/old.kosmetoloog.ee\/et\/wp-json\/wp\/v2\/product_cat?post=2611"},{"taxonomy":"product_tag","embeddable":true,"href":"https:\/\/old.kosmetoloog.ee\/et\/wp-json\/wp\/v2\/product_tag?post=2611"}],"curies":[{"name":"wp","href":"https:\/\/api.w.org\/{rel}","templated":true}]}}