{"id":2624,"date":"2024-08-16T03:13:38","date_gmt":"2024-08-16T00:13:38","guid":{"rendered":"https:\/\/kosmetoloog.ee\/product\/clear-glow-puhastav-serbett\/"},"modified":"2025-08-01T11:56:23","modified_gmt":"2025-08-01T08:56:23","slug":"clear-glow-puhastav-serbett","status":"publish","type":"product","link":"https:\/\/old.kosmetoloog.ee\/et\/toode\/clear-glow-puhastav-serbett\/","title":{"rendered":"CLEAR &amp; GLOW PUHASTAV \u0160ERBETT"},"content":{"rendered":"<p>Puhastav vegan \u0161erbett niatsiinamiidi, kapr\u00fc\u00fcl-salits\u00fc\u00fclhappe ja loodusliku papaija ens\u00fc\u00fcmiga.<br \/>\nEemaldab kiiresti ja t\u00f5husalt p\u00e4ikesekreemi ja p\u00fcsiva meigi, puhastab s\u00fcgavuti poorid ja stimuleerib rakkude uuenemist.<br \/>\n\u0160erbett niisutab nahka, omab antioks\u00fcdantseid ja p\u00f5letikuvastaseid omadusi.    <\/p>\n<div class=\"elementor-element elementor-element-8cd20b2 e-con-full e-flex e-con\" data-id=\"8cd20b2\" data-element_type=\"container\">\n<div class=\"elementor-element elementor-element-0adf02d elementor-widget elementor-widget-heading animated fadeInDown\" style=\"padding: 0px; margin: 0px; --flex-direction: initial; --flex-wrap: initial; --justify-content: initial; --align-items: initial; --align-content: initial; --gap: initial; --flex-basis: initial; --flex-grow: initial; --flex-shrink: initial; --order: initial; --align-self: initial; flex-basis: var(--flex-basis); flex-grow: var(--flex-grow); flex-shrink: var(--flex-shrink); align-self: var(--align-self); flex-direction: var(--flex-direction); flex-wrap: var(--flex-wrap); justify-content: var(--justify-content); align-items: var(--align-items); align-content: var(--align-content); gap: var(--gap); position: relative; --swiper-theme-color: #000; --swiper-navigation-size: 44px; --swiper-pagination-bullet-size: 6px; --swiper-pagination-bullet-horizontal-gap: 6px; --widgets-spacing: 0px; min-width: 0px; max-width: 100%;\" data-id=\"0adf02d\" data-element_type=\"widget\" data-widget_type=\"heading.default\">\n<div class=\"elementor-widget-container\" style=\"padding: 0px; margin: 0px; height: 27px;\">\n<div class=\"elementor-heading-title elementor-size-default\">PAPAIN<\/div>\n<\/div>\n<\/div>\n<\/div>\n<div class=\"elementor-element elementor-element-6097c30 elementor-widget elementor-widget-text-editor animated fadeInUp\" data-id=\"6097c30\" data-element_type=\"widget\" data-widget_type=\"text-editor.default\">\n<div class=\"elementor-widget-container\" style=\"padding: 0px; margin: 0px 0px 60px; height: 114.578125px;\">\n<p style=\"padding: 0px; margin: 0px 0px 1.43rem; line-height: inherit; font-size: inherit; color: inherit; font-family: inherit;\"><em>See aitab eemaldada epidermise keratiniseeritud kihti, stimuleerib naharakkude uuenemist, parandades naha tekstuuri.<br \/>\nPuhastab s\u00fcgavuti ja aitab ennetada mustade laikude teket. <\/em><\/p>\n<p style=\"padding: 0px; margin: 0px 0px 1.43rem; line-height: inherit; font-size: inherit; color: inherit; font-family: inherit;\">LHA<\/p>\n<p style=\"padding: 0px; margin: 0px 0px 1.43rem; line-height: inherit; font-size: inherit; color: inherit; font-family: inherit;\"><em style=\"color: inherit; font-family: inherit; font-size: inherit;\">Lipoh\u00fcdroks\u00fchape on t\u00f5hus keratol\u00fc\u00fctiline aine, mis stimuleerib rakkude koorumist ja naha uuenemist.<br \/>\nLHA on salits\u00fc\u00fclhappest leebema toimega, pakkudes mikrokoorivat toimet ilma naha\u00e4rrituse, punetuse ja ebamugavustundeta. <\/em><\/p>\n<\/div>\n<\/div>\n<div><\/div>\n<div><\/div>\n<div class=\"elementor-element elementor-element-14a6a04 e-con-full e-flex e-con\" data-id=\"14a6a04\" data-element_type=\"container\">\n<div class=\"elementor-element elementor-element-95db1bd elementor-widget elementor-widget-heading animated fadeInDown\" style=\"padding: 0px; margin: 0px; --flex-direction: initial; --flex-wrap: initial; --justify-content: initial; --align-items: initial; --align-content: initial; --gap: initial; --flex-basis: initial; --flex-grow: initial; --flex-shrink: initial; --order: initial; --align-self: initial; flex-basis: var(--flex-basis); flex-grow: var(--flex-grow); flex-shrink: var(--flex-shrink); align-self: var(--align-self); flex-direction: var(--flex-direction); flex-wrap: var(--flex-wrap); justify-content: var(--justify-content); align-items: var(--align-items); align-content: var(--align-content); gap: var(--gap); position: relative; --swiper-theme-color: #000; --swiper-navigation-size: 44px; --swiper-pagination-bullet-size: 6px; --swiper-pagination-bullet-horizontal-gap: 6px; --widgets-spacing: 0px; min-width: 0px; max-width: 100%;\" data-id=\"95db1bd\" data-element_type=\"widget\" data-widget_type=\"heading.default\">\n<div class=\"elementor-widget-container\" style=\"padding: 0px; margin: 0px; height: 27px;\">\n<div>NIACINAMIDE<\/div>\n<div><\/div>\n<div><\/div>\n<div class=\"elementor-heading-title elementor-size-default\"><\/div>\n<\/div>\n<\/div>\n<\/div>\n<div class=\"elementor-element elementor-element-329f399 elementor-widget elementor-widget-text-editor animated fadeInUp\" data-id=\"329f399\" data-element_type=\"widget\" data-widget_type=\"text-editor.default\">\n<div class=\"elementor-widget-container\" style=\"padding: 0px; margin: 0px; height: 138.578125px;\">\n<p style=\"padding: 0px; margin: 0px 0px 1.43rem; line-height: inherit; font-size: inherit; color: inherit; font-family: inherit;\"><em>Aka vitamiin B3.<br \/>\nTugevdab naha h\u00fcdrolipiidibarj\u00e4\u00e4ri ja \u00fchtlustab jume.<br \/>\nAitab v\u00f5idelda akne ja aknej\u00e4rgsete, ketendavate ja \u00e4rrituslike probleemidega, ahendab poore, aeglustab vananemisprotsessi.  <\/em><\/p>\n<p style=\"padding: 0px; margin: 0px 0px 1.43rem; line-height: inherit; font-size: inherit; color: inherit; font-family: inherit;\">SULAV TEKSTUUR<\/p>\n<p style=\"padding: 0px; margin: 0px 0px 1.43rem; line-height: inherit; font-size: inherit; color: inherit; font-family: inherit;\"><em style=\"color: inherit; font-family: inherit; font-size: inherit;\">Palsam sulab nahal kiiresti, muutudes \u00f5liks, mis puhastab naha kergesti k\u00f5igist ebapuhtustest.<\/em><\/p>\n<\/div>\n<\/div>\n<div class=\"elementor-element elementor-element-2ac6640 elementor-widget elementor-widget-heading animated fadeInDown\" data-id=\"2ac6640\" data-element_type=\"widget\" data-widget_type=\"heading.default\">\n<div class=\"elementor-widget-container\" style=\"padding: 0px; margin: 20px 0px 30px; height: 36px;\">\n<div class=\"elementor-heading-title elementor-size-default\">&#8220;NUTIKAS PAKEND<\/div>\n<\/div>\n<\/div>\n<div class=\"elementor-element elementor-element-3df296a elementor-widget__width-initial elementor-widget elementor-widget-text-editor animated fadeInUp\" data-id=\"3df296a\" data-element_type=\"widget\" data-widget_type=\"text-editor.default\">\n<div class=\"elementor-widget-container\" style=\"padding: 0px; margin: 0px; height: 207.578125px;\">\n<p style=\"padding: 0px; margin: 0px 0px 1.43rem; line-height: inherit; font-size: inherit; color: inherit; font-family: inherit;\"><em>Spetsiaalne pakendi disain v\u00f5imaldab toodet kasutada ilma otsese kokkupuuteta kogu sisuga.<br \/>\nLihtsalt keerake mahutit p\u00e4rip\u00e4eva, et v\u00f5tta vajalik kogus toodet. <\/em><\/p>\n<p style=\"padding: 0px; margin: 0px 0px 1.43rem; line-height: inherit; font-size: inherit; color: inherit; font-family: inherit;\">RAKENDUSVIIS:<\/p>\n<\/div>\n<\/div>\n<div class=\"elementor-element elementor-element-e1a2276 e-con-boxed e-flex e-con\" data-id=\"e1a2276\" data-element_type=\"container\">\n<div class=\"e-con-inner\" style=\"margin: 0px auto; text-align: var(--text-align); gap: var(--gap); width: 390px; max-width: var(--content-width); height: 282.578125px; flex-direction: var(--flex-direction); flex-wrap: var(--flex-wrap); justify-content: var(--justify-content); align-items: var(--align-items); align-content: var(--align-content); flex: 1 1 auto; align-self: auto; padding: var(--padding-top) 0px var(--padding-bottom) 0px;\">\n<div class=\"elementor-element elementor-element-06bef59 elementor-widget elementor-widget-text-editor animated fadeIn\" style=\"padding: 0px; margin: 0px; --flex-direction: initial; --flex-wrap: initial; --justify-content: initial; --align-items: initial; --align-content: initial; --gap: initial; --flex-basis: initial; --flex-grow: initial; --flex-shrink: initial; --order: initial; --align-self: initial; flex-basis: var(--flex-basis); flex-grow: var(--flex-grow); flex-shrink: var(--flex-shrink); align-self: var(--align-self); flex-direction: var(--flex-direction); flex-wrap: var(--flex-wrap); justify-content: var(--justify-content); align-items: var(--align-items); align-content: var(--align-content); gap: var(--gap); position: relative; --swiper-theme-color: #000; --swiper-navigation-size: 44px; --swiper-pagination-bullet-size: 6px; --swiper-pagination-bullet-horizontal-gap: 6px; --widgets-spacing: 0px; color: var( --e-global-color-text ); font-family: var( --e-global-typography-text-font-family ), Sans-serif; font-size: var( --e-global-typography-text-font-size ); font-weight: var( --e-global-typography-text-font-weight ); line-height: var( --e-global-typography-text-line-height ); min-width: 0px; max-width: 100%;\" data-id=\"06bef59\" data-element_type=\"widget\" data-widget_type=\"text-editor.default\">\n<div class=\"elementor-widget-container\" style=\"padding: 0px; margin: 0px; height: 258.578125px;\">\n<p style=\"padding: 0px; margin: 0px 0px 1.43rem; line-height: inherit; font-size: inherit; color: inherit; font-family: inherit;\">Kasutage toodet puhastusetapi esimese sammuna.<br \/>\nKeerake konteinerit p\u00e4rip\u00e4eva, et v\u00f5tta vajalik kogus \u0161erbetit.<br \/>\nKandke toode kuivale n\u00e4onahale masseerivate liigutustega.<br \/>\nKui \u0161erbett muutub \u00f5liseks, lisage v\u00e4ike kogus vett ja j\u00e4tkake naha masseerimist, kuni meik on t\u00e4ielikult lahustunud.<br \/>\nSeej\u00e4rel peske n\u00e4gu p\u00f5hjalikult sooja veega ja kasutage puhastusvahtu.    <\/p>\n<\/div>\n<\/div>\n<\/div>\n<\/div>\n","protected":false},"excerpt":{"rendered":"<p>Puhastav vegan \u0161erbett niatsiinamiidi, kapr\u00fc\u00fcl-salits\u00fc\u00fclhappe ja loodusliku papaija ens\u00fc\u00fcmiga.<br \/>\nEemaldab kiiresti ja t\u00f5husalt p\u00e4ikesekreemi ja p\u00fcsiva meigi, puhastab s\u00fcgavalt poore ja stimuleerib rakkude uuenemist. <\/p>\n","protected":false},"featured_media":2505,"comment_status":"open","ping_status":"closed","template":"","meta":{"_acf_changed":false},"pwb-brand":[151],"product_brand":[],"product_cat":[55],"product_tag":[],"class_list":{"0":"post-2624","1":"product","2":"type-product","3":"status-publish","4":"has-post-thumbnail","6":"pwb-brand-bohicare","7":"product_cat-puhastav-kosmeetika","9":"first","10":"instock","11":"taxable","12":"shipping-taxable","13":"purchasable","14":"product-type-simple"},"acf":[],"yoast_head":"<!-- This site is optimized with the Yoast SEO plugin v25.7 - https:\/\/yoast.com\/wordpress\/plugins\/seo\/ -->\n<title>CLEAR &amp; GLOW PUHASTAV \u0160ERBETT - Ilutoodete e-pood<\/title>\n<meta name=\"robots\" content=\"noindex, follow, max-snippet:-1, max-image-preview:large, max-video-preview:-1\" \/>\n<meta property=\"og:locale\" content=\"et_EE\" \/>\n<meta property=\"og:type\" content=\"article\" \/>\n<meta property=\"og:title\" content=\"CLEAR &amp; GLOW PUHASTAV \u0160ERBETT - Ilutoodete e-pood\" \/>\n<meta property=\"og:description\" content=\"Puhastav vegan \u0161erbett niatsiinamiidi, kapr\u00fc\u00fcl-salits\u00fc\u00fclhappe ja loodusliku papaija ens\u00fc\u00fcmiga. Eemaldab kiiresti ja t\u00f5husalt p\u00e4ikesekreemi ja p\u00fcsiva meigi, puhastab s\u00fcgavalt poore ja stimuleerib rakkude uuenemist.\" \/>\n<meta property=\"og:url\" content=\"https:\/\/old.kosmetoloog.ee\/toode\/clear-glow\/\" \/>\n<meta property=\"og:site_name\" content=\"Ilutoodete e-pood\" \/>\n<meta property=\"article:modified_time\" content=\"2025-08-01T08:56:23+00:00\" \/>\n<meta property=\"og:image\" content=\"https:\/\/old.kosmetoloog.ee\/wp-content\/uploads\/2024\/08\/img_0263.png\" \/>\n\t<meta property=\"og:image:width\" content=\"1080\" \/>\n\t<meta property=\"og:image:height\" content=\"1080\" \/>\n\t<meta property=\"og:image:type\" content=\"image\/png\" \/>\n<meta name=\"twitter:card\" content=\"summary_large_image\" \/>\n<meta name=\"twitter:label1\" content=\"Est. reading time\" \/>\n\t<meta name=\"twitter:data1\" content=\"1 minut\" \/>\n<script type=\"application\/ld+json\" class=\"yoast-schema-graph\">{\"@context\":\"https:\/\/schema.org\",\"@graph\":[{\"@type\":\"WebPage\",\"@id\":\"https:\/\/old.kosmetoloog.ee\/toode\/clear-glow\/\",\"url\":\"https:\/\/old.kosmetoloog.ee\/toode\/clear-glow\/\",\"name\":\"CLEAR &amp; GLOW PUHASTAV \u0160ERBETT - Ilutoodete e-pood\",\"isPartOf\":{\"@id\":\"https:\/\/old.kosmetoloog.ee\/#website\"},\"primaryImageOfPage\":{\"@id\":\"https:\/\/old.kosmetoloog.ee\/toode\/clear-glow\/#primaryimage\"},\"image\":{\"@id\":\"https:\/\/old.kosmetoloog.ee\/toode\/clear-glow\/#primaryimage\"},\"thumbnailUrl\":\"https:\/\/old.kosmetoloog.ee\/wp-content\/uploads\/2024\/08\/img_0263.png\",\"datePublished\":\"2024-08-16T00:13:38+00:00\",\"dateModified\":\"2025-08-01T08:56:23+00:00\",\"breadcrumb\":{\"@id\":\"https:\/\/old.kosmetoloog.ee\/toode\/clear-glow\/#breadcrumb\"},\"inLanguage\":\"et\",\"potentialAction\":[{\"@type\":\"ReadAction\",\"target\":[\"https:\/\/old.kosmetoloog.ee\/toode\/clear-glow\/\"]}]},{\"@type\":\"ImageObject\",\"inLanguage\":\"et\",\"@id\":\"https:\/\/old.kosmetoloog.ee\/toode\/clear-glow\/#primaryimage\",\"url\":\"https:\/\/old.kosmetoloog.ee\/wp-content\/uploads\/2024\/08\/img_0263.png\",\"contentUrl\":\"https:\/\/old.kosmetoloog.ee\/wp-content\/uploads\/2024\/08\/img_0263.png\",\"width\":1080,\"height\":1080},{\"@type\":\"BreadcrumbList\",\"@id\":\"https:\/\/old.kosmetoloog.ee\/toode\/clear-glow\/#breadcrumb\",\"itemListElement\":[{\"@type\":\"ListItem\",\"position\":1,\"name\":\"Home\",\"item\":\"https:\/\/old.kosmetoloog.ee\/et\/\"},{\"@type\":\"ListItem\",\"position\":2,\"name\":\"Pood\",\"item\":\"https:\/\/old.kosmetoloog.ee\/et\/pood\/\"},{\"@type\":\"ListItem\",\"position\":3,\"name\":\"CLEAR &amp; GLOW PUHASTAV \u0160ERBETT\"}]},{\"@type\":\"WebSite\",\"@id\":\"https:\/\/old.kosmetoloog.ee\/#website\",\"url\":\"https:\/\/old.kosmetoloog.ee\/\",\"name\":\"Ilutoodete e-pood\",\"description\":\"Kosmeetika pood\",\"publisher\":{\"@id\":\"https:\/\/old.kosmetoloog.ee\/#organization\"},\"potentialAction\":[{\"@type\":\"SearchAction\",\"target\":{\"@type\":\"EntryPoint\",\"urlTemplate\":\"https:\/\/old.kosmetoloog.ee\/?s={search_term_string}\"},\"query-input\":{\"@type\":\"PropertyValueSpecification\",\"valueRequired\":true,\"valueName\":\"search_term_string\"}}],\"inLanguage\":\"et\"},{\"@type\":\"Organization\",\"@id\":\"https:\/\/old.kosmetoloog.ee\/#organization\",\"name\":\"You are You O\u00dc\",\"url\":\"https:\/\/old.kosmetoloog.ee\/\",\"logo\":{\"@type\":\"ImageObject\",\"inLanguage\":\"et\",\"@id\":\"https:\/\/old.kosmetoloog.ee\/#\/schema\/logo\/image\/\",\"url\":\"https:\/\/old.kosmetoloog.ee\/wp-content\/uploads\/2023\/08\/logo-1.png\",\"contentUrl\":\"https:\/\/old.kosmetoloog.ee\/wp-content\/uploads\/2023\/08\/logo-1.png\",\"width\":1200,\"height\":964,\"caption\":\"You are You O\u00dc\"},\"image\":{\"@id\":\"https:\/\/old.kosmetoloog.ee\/#\/schema\/logo\/image\/\"}}]}<\/script>\n<!-- \/ Yoast SEO plugin. -->","yoast_head_json":{"title":"CLEAR &amp; GLOW PUHASTAV \u0160ERBETT - Ilutoodete e-pood","robots":{"index":"noindex","follow":"follow","max-snippet":"max-snippet:-1","max-image-preview":"max-image-preview:large","max-video-preview":"max-video-preview:-1"},"og_locale":"et_EE","og_type":"article","og_title":"CLEAR &amp; GLOW PUHASTAV \u0160ERBETT - Ilutoodete e-pood","og_description":"Puhastav vegan \u0161erbett niatsiinamiidi, kapr\u00fc\u00fcl-salits\u00fc\u00fclhappe ja loodusliku papaija ens\u00fc\u00fcmiga. Eemaldab kiiresti ja t\u00f5husalt p\u00e4ikesekreemi ja p\u00fcsiva meigi, puhastab s\u00fcgavalt poore ja stimuleerib rakkude uuenemist.","og_url":"https:\/\/old.kosmetoloog.ee\/toode\/clear-glow\/","og_site_name":"Ilutoodete e-pood","article_modified_time":"2025-08-01T08:56:23+00:00","og_image":[{"width":1080,"height":1080,"url":"https:\/\/old.kosmetoloog.ee\/wp-content\/uploads\/2024\/08\/img_0263.png","type":"image\/png"}],"twitter_card":"summary_large_image","twitter_misc":{"Est. reading time":"1 minut"},"schema":{"@context":"https:\/\/schema.org","@graph":[{"@type":"WebPage","@id":"https:\/\/old.kosmetoloog.ee\/toode\/clear-glow\/","url":"https:\/\/old.kosmetoloog.ee\/toode\/clear-glow\/","name":"CLEAR &amp; GLOW PUHASTAV \u0160ERBETT - Ilutoodete e-pood","isPartOf":{"@id":"https:\/\/old.kosmetoloog.ee\/#website"},"primaryImageOfPage":{"@id":"https:\/\/old.kosmetoloog.ee\/toode\/clear-glow\/#primaryimage"},"image":{"@id":"https:\/\/old.kosmetoloog.ee\/toode\/clear-glow\/#primaryimage"},"thumbnailUrl":"https:\/\/old.kosmetoloog.ee\/wp-content\/uploads\/2024\/08\/img_0263.png","datePublished":"2024-08-16T00:13:38+00:00","dateModified":"2025-08-01T08:56:23+00:00","breadcrumb":{"@id":"https:\/\/old.kosmetoloog.ee\/toode\/clear-glow\/#breadcrumb"},"inLanguage":"et","potentialAction":[{"@type":"ReadAction","target":["https:\/\/old.kosmetoloog.ee\/toode\/clear-glow\/"]}]},{"@type":"ImageObject","inLanguage":"et","@id":"https:\/\/old.kosmetoloog.ee\/toode\/clear-glow\/#primaryimage","url":"https:\/\/old.kosmetoloog.ee\/wp-content\/uploads\/2024\/08\/img_0263.png","contentUrl":"https:\/\/old.kosmetoloog.ee\/wp-content\/uploads\/2024\/08\/img_0263.png","width":1080,"height":1080},{"@type":"BreadcrumbList","@id":"https:\/\/old.kosmetoloog.ee\/toode\/clear-glow\/#breadcrumb","itemListElement":[{"@type":"ListItem","position":1,"name":"Home","item":"https:\/\/old.kosmetoloog.ee\/et\/"},{"@type":"ListItem","position":2,"name":"Pood","item":"https:\/\/old.kosmetoloog.ee\/et\/pood\/"},{"@type":"ListItem","position":3,"name":"CLEAR &amp; GLOW PUHASTAV \u0160ERBETT"}]},{"@type":"WebSite","@id":"https:\/\/old.kosmetoloog.ee\/#website","url":"https:\/\/old.kosmetoloog.ee\/","name":"Ilutoodete e-pood","description":"Kosmeetika pood","publisher":{"@id":"https:\/\/old.kosmetoloog.ee\/#organization"},"potentialAction":[{"@type":"SearchAction","target":{"@type":"EntryPoint","urlTemplate":"https:\/\/old.kosmetoloog.ee\/?s={search_term_string}"},"query-input":{"@type":"PropertyValueSpecification","valueRequired":true,"valueName":"search_term_string"}}],"inLanguage":"et"},{"@type":"Organization","@id":"https:\/\/old.kosmetoloog.ee\/#organization","name":"You are You O\u00dc","url":"https:\/\/old.kosmetoloog.ee\/","logo":{"@type":"ImageObject","inLanguage":"et","@id":"https:\/\/old.kosmetoloog.ee\/#\/schema\/logo\/image\/","url":"https:\/\/old.kosmetoloog.ee\/wp-content\/uploads\/2023\/08\/logo-1.png","contentUrl":"https:\/\/old.kosmetoloog.ee\/wp-content\/uploads\/2023\/08\/logo-1.png","width":1200,"height":964,"caption":"You are You O\u00dc"},"image":{"@id":"https:\/\/old.kosmetoloog.ee\/#\/schema\/logo\/image\/"}}]}},"brands":[{"id":151,"name":"BOHICARE","slug":"bohicare"}],"_links":{"self":[{"href":"https:\/\/old.kosmetoloog.ee\/et\/wp-json\/wp\/v2\/product\/2624","targetHints":{"allow":["GET"]}}],"collection":[{"href":"https:\/\/old.kosmetoloog.ee\/et\/wp-json\/wp\/v2\/product"}],"about":[{"href":"https:\/\/old.kosmetoloog.ee\/et\/wp-json\/wp\/v2\/types\/product"}],"replies":[{"embeddable":true,"href":"https:\/\/old.kosmetoloog.ee\/et\/wp-json\/wp\/v2\/comments?post=2624"}],"wp:featuredmedia":[{"embeddable":true,"href":"https:\/\/old.kosmetoloog.ee\/et\/wp-json\/wp\/v2\/media\/2505"}],"wp:attachment":[{"href":"https:\/\/old.kosmetoloog.ee\/et\/wp-json\/wp\/v2\/media?parent=2624"}],"wp:term":[{"taxonomy":"pwb-brand","embeddable":true,"href":"https:\/\/old.kosmetoloog.ee\/et\/wp-json\/wp\/v2\/pwb-brand?post=2624"},{"taxonomy":"product_brand","embeddable":true,"href":"https:\/\/old.kosmetoloog.ee\/et\/wp-json\/wp\/v2\/product_brand?post=2624"},{"taxonomy":"product_cat","embeddable":true,"href":"https:\/\/old.kosmetoloog.ee\/et\/wp-json\/wp\/v2\/product_cat?post=2624"},{"taxonomy":"product_tag","embeddable":true,"href":"https:\/\/old.kosmetoloog.ee\/et\/wp-json\/wp\/v2\/product_tag?post=2624"}],"curies":[{"name":"wp","href":"https:\/\/api.w.org\/{rel}","templated":true}]}}