{"id":2625,"date":"2024-08-16T03:22:32","date_gmt":"2024-08-16T00:22:32","guid":{"rendered":"https:\/\/kosmetoloog.ee\/product\/pro-age-refresh-vahtpuhastusvahend\/"},"modified":"2024-08-16T03:22:32","modified_gmt":"2024-08-16T00:22:32","slug":"pro-age-refresh-vahtpuhastusvahend","status":"publish","type":"product","link":"https:\/\/old.kosmetoloog.ee\/et\/toode\/pro-age-refresh-vahtpuhastusvahend\/","title":{"rendered":"PRO-AGE REFRESH VAHTPUHASTUSVAHEND"},"content":{"rendered":"<p>T\u00e4nu seebit\u00fc\u00fcpi tehnoloogiatele eemaldab t\u00f5husalt mustuse, parandab naha elastsust, taastab ja tugevdab selle loomulikku barj\u00e4\u00e4ri.<br \/>\nKoostises olevad BHA-happed aitavad kaasa pooride puhastamisele ja naharakkude uuenemisele.   <\/p>\n<p style=\"padding: 0px; margin: 0px; line-height: var(--p-line-height,1.6); font-size: 16px;\">Toode ei pinguta nahka p\u00e4rast kasutamist.<br \/>\nSellel on kerge ja meeldiv l\u00f5hn. <\/p>\n<div class=\"elementor-element elementor-element-3ebc76b e-con-full e-flex e-con\" data-id=\"3ebc76b\" data-element_type=\"container\">\n<div class=\"elementor-element elementor-element-90fc9b3 elementor-widget elementor-widget-heading animated fadeInDown\" style=\"padding: 0px; margin: 0px; --flex-direction: initial; --flex-wrap: initial; --justify-content: initial; --align-items: initial; --align-content: initial; --gap: initial; --flex-basis: initial; --flex-grow: initial; --flex-shrink: initial; --order: initial; --align-self: initial; flex-basis: var(--flex-basis); flex-grow: var(--flex-grow); flex-shrink: var(--flex-shrink); align-self: var(--align-self); flex-direction: var(--flex-direction); flex-wrap: var(--flex-wrap); justify-content: var(--justify-content); align-items: var(--align-items); align-content: var(--align-content); gap: var(--gap); position: relative; --swiper-theme-color: #000; --swiper-navigation-size: 44px; --swiper-pagination-bullet-size: 6px; --swiper-pagination-bullet-horizontal-gap: 6px; --widgets-spacing: 0px; min-width: 0px; max-width: 100%;\" data-id=\"90fc9b3\" data-element_type=\"widget\" data-widget_type=\"heading.default\">\n<div class=\"elementor-widget-container\" style=\"padding: 0px; margin: 0px; height: 27px;\">\n<div class=\"elementor-heading-title elementor-size-default\">BHA-ACIDS<\/div>\n<\/div>\n<\/div>\n<\/div>\n<div class=\"elementor-element elementor-element-7b9707a elementor-widget elementor-widget-text-editor animated fadeInUp\" data-id=\"7b9707a\" data-element_type=\"widget\" data-widget_type=\"text-editor.default\">\n<div class=\"elementor-widget-container\" style=\"padding: 0px; margin: 0px; height: 253.15625px;\">\n<p style=\"padding: 0px; margin: 0px 0px 1.43rem; line-height: inherit; font-size: inherit; color: inherit; font-family: inherit;\"><em>Beeta-h\u00fcdroks\u00fchapped ehk BHA-happed on lipiidlahustuvad komponendid.<br \/>\nNad tungivad kergesti l\u00e4bi rasukihi pooridesse, puhastades neid seestpoolt v\u00e4ljapoole.   <\/em><\/p>\n<p style=\"padding: 0px; margin: 0px 0px 1.43rem; line-height: inherit; font-size: inherit; color: inherit; font-family: inherit;\"><em>BHA molekulid aitavad reguleerida rasu tootmist, koorivad keratiinirakke, \u00fchtlustavad naha tekstuuri, k\u00f5rvaldavad p\u00f5letikke ja aitavad v\u00e4hendada ebat\u00e4iuste ilmnemist.<\/em><\/p>\n<\/div>\n<\/div>\n<div class=\"elementor-element elementor-element-55da6c1 e-con-full e-flex e-con\" data-id=\"55da6c1\" data-element_type=\"container\">\n<div class=\"elementor-element elementor-element-09bcac7 elementor-widget elementor-widget-heading animated fadeInDown\" style=\"padding: 0px; margin: 0px; --flex-direction: initial; --flex-wrap: initial; --justify-content: initial; --align-items: initial; --align-content: initial; --gap: initial; --flex-basis: initial; --flex-grow: initial; --flex-shrink: initial; --order: initial; --align-self: initial; flex-basis: var(--flex-basis); flex-grow: var(--flex-grow); flex-shrink: var(--flex-shrink); align-self: var(--align-self); flex-direction: var(--flex-direction); flex-wrap: var(--flex-wrap); justify-content: var(--justify-content); align-items: var(--align-items); align-content: var(--align-content); gap: var(--gap); position: relative; --swiper-theme-color: #000; --swiper-navigation-size: 44px; --swiper-pagination-bullet-size: 6px; --swiper-pagination-bullet-horizontal-gap: 6px; --widgets-spacing: 0px; min-width: 0px; max-width: 100%;\" data-id=\"09bcac7\" data-element_type=\"widget\" data-widget_type=\"heading.default\">\n<div class=\"elementor-widget-container\" style=\"padding: 0px; margin: 0px; height: 27px;\">\n<div class=\"elementor-heading-title elementor-size-default\">PEPTIIDIKOMPLEKS<\/div>\n<\/div>\n<\/div>\n<\/div>\n<div class=\"elementor-element elementor-element-443ff92 elementor-widget elementor-widget-text-editor animated fadeInUp\" data-id=\"443ff92\" data-element_type=\"widget\" data-widget_type=\"text-editor.default\">\n<div class=\"elementor-widget-container\" style=\"padding: 0px; margin: 0px 0px 60px; height: 205.15625px;\">\n<p style=\"padding: 0px; margin: 0px 0px 1.43rem; line-height: inherit; font-size: inherit; color: inherit; font-family: inherit;\"><em>Parandab naha regenereerimist, rakkude uuenemist ja v\u00f5itleb t\u00f5husalt vananemisilmingutega.<br \/>\nPeptiidid tungivad s\u00fcgavale epidermisesse ja soodustavad kollageeni ja elastiini tootmist, mis parandab naha tugevust ja elastsust.   <\/em><\/p>\n<p style=\"padding: 0px; margin: 0px 0px 1.43rem; line-height: inherit; font-size: inherit; color: inherit; font-family: inherit;\"><em>Peptiidid aitavad nahal taastuda \u00e4rritustest ja p\u00f5letikest, leevendavad turseid.<\/em><\/p>\n<\/div>\n<\/div>\n<div class=\"elementor-element elementor-element-7e8be33 e-con-full e-flex e-con\" data-id=\"7e8be33\" data-element_type=\"container\">\n<div class=\"elementor-element elementor-element-7af9bad elementor-widget elementor-widget-heading animated fadeInDown\" style=\"padding: 0px; margin: 0px; --flex-direction: initial; --flex-wrap: initial; --justify-content: initial; --align-items: initial; --align-content: initial; --gap: initial; --flex-basis: initial; --flex-grow: initial; --flex-shrink: initial; --order: initial; --align-self: initial; flex-basis: var(--flex-basis); flex-grow: var(--flex-grow); flex-shrink: var(--flex-shrink); align-self: var(--align-self); flex-direction: var(--flex-direction); flex-wrap: var(--flex-wrap); justify-content: var(--justify-content); align-items: var(--align-items); align-content: var(--align-content); gap: var(--gap); position: relative; --swiper-theme-color: #000; --swiper-navigation-size: 44px; --swiper-pagination-bullet-size: 6px; --swiper-pagination-bullet-horizontal-gap: 6px; --widgets-spacing: 0px; min-width: 0px; max-width: 100%;\" data-id=\"7af9bad\" data-element_type=\"widget\" data-widget_type=\"heading.default\">\n<div class=\"elementor-widget-container\" style=\"padding: 0px; margin: 0px; height: 27px;\">\n<div class=\"elementor-heading-title elementor-size-default\">COLLAGEN<\/div>\n<\/div>\n<\/div>\n<\/div>\n<div class=\"elementor-element elementor-element-1d24da1 elementor-widget elementor-widget-text-editor animated fadeInUp\" data-id=\"1d24da1\" data-element_type=\"widget\" data-widget_type=\"text-editor.default\">\n<div class=\"elementor-widget-container\" style=\"padding: 0px; margin: 0px 0px 60px; height: 277.15625px;\">\n<p style=\"padding: 0px; margin: 0px 0px 1.43rem; line-height: inherit; font-size: inherit; color: inherit; font-family: inherit;\"><em>Kollageen on \u00fcks peamisi valgulise sidekoe komponente, mille kontsentratsioon m\u00e4\u00e4rab naha nooruspotentsiaali: sileduse, elastsuse, kortsude arvu ja n\u00e4o ovaalse selguse.<\/em><\/p>\n<p style=\"padding: 0px; margin: 0px 0px 1.43rem; line-height: inherit; font-size: inherit; color: inherit; font-family: inherit;\"><em>Kollageen niisutab nahka suurep\u00e4raselt, takistades intensiivset niiskuskaotust.<br \/>\nSee soodustab naha aktiivsemat taastumisprotsessi, \u00fchtlustab jume ja tugevdab naha kaitsefunktsioone. <\/em><\/p>\n<\/div>\n<\/div>\n<div class=\"elementor-element elementor-element-a759805 e-con-full e-flex e-con\" data-id=\"a759805\" data-element_type=\"container\">\n<div class=\"elementor-element elementor-element-b1c54fb elementor-widget elementor-widget-heading animated fadeInDown\" style=\"padding: 0px; margin: 0px; --flex-direction: initial; --flex-wrap: initial; --justify-content: initial; --align-items: initial; --align-content: initial; --gap: initial; --flex-basis: initial; --flex-grow: initial; --flex-shrink: initial; --order: initial; --align-self: initial; flex-basis: var(--flex-basis); flex-grow: var(--flex-grow); flex-shrink: var(--flex-shrink); align-self: var(--align-self); flex-direction: var(--flex-direction); flex-wrap: var(--flex-wrap); justify-content: var(--justify-content); align-items: var(--align-items); align-content: var(--align-content); gap: var(--gap); position: relative; --swiper-theme-color: #000; --swiper-navigation-size: 44px; --swiper-pagination-bullet-size: 6px; --swiper-pagination-bullet-horizontal-gap: 6px; --widgets-spacing: 0px; min-width: 0px; max-width: 100%;\" data-id=\"b1c54fb\" data-element_type=\"widget\" data-widget_type=\"heading.default\">\n<div class=\"elementor-widget-container\" style=\"padding: 0px; margin: 0px; height: 54px;\">\n<div class=\"elementor-heading-title elementor-size-default\">P\u00c4EVALILLESEEMNE\u00d5LI<\/div>\n<\/div>\n<\/div>\n<\/div>\n<div class=\"elementor-element elementor-element-6be33e3 elementor-widget elementor-widget-text-editor animated fadeInUp\" data-id=\"6be33e3\" data-element_type=\"widget\" data-widget_type=\"text-editor.default\">\n<div class=\"elementor-widget-container\" style=\"padding: 0px; margin: 0px; height: 205.15625px;\">\n<p style=\"padding: 0px; margin: 0px 0px 1.43rem; line-height: inherit; font-size: inherit; color: inherit; font-family: inherit;\"><em>T\u00e4nu oma rikkalikule vitamiinikoostisele on p\u00e4evalilleseemne\u00f5li nahale suurep\u00e4rane niisutaja.  <\/em><\/p>\n<p style=\"padding: 0px; margin: 0px 0px 1.43rem; line-height: inherit; font-size: inherit; color: inherit; font-family: inherit;\"><em>Ta taastab rakkude struktuuri, stimuleerib naharakkude uuenemist, aitab pehmendada epidermist ja omab antioks\u00fcdantseid omadusi.<\/em><\/p>\n<\/div>\n<\/div>\n<div class=\"elementor-element elementor-element-3e46820 elementor-widget elementor-widget-heading animated fadeInDown\" data-id=\"3e46820\" data-element_type=\"widget\" data-widget_type=\"heading.default\">\n<div class=\"elementor-widget-container\" style=\"padding: 0px; margin: 0px 0px 30px; height: 36px;\">\n<div class=\"elementor-heading-title elementor-size-default\">SEEBIT\u00dc\u00dcPI TEHNOLOOGIA<\/div>\n<\/div>\n<\/div>\n<div class=\"elementor-element elementor-element-18efca0 elementor-widget__width-initial elementor-widget elementor-widget-text-editor animated fadeInUp\" data-id=\"18efca0\" data-element_type=\"widget\" data-widget_type=\"text-editor.default\">\n<div class=\"elementor-widget-container\" style=\"padding: 0px; margin: 0px; height: 234.578125px;\">\n<p style=\"padding: 0px; margin: 0px 0px 1.43rem; line-height: inherit; font-size: inherit; color: inherit; font-family: inherit;\"><em>T\u00e4nu seebit\u00fc\u00fcpi tehnoloogiale moodustab isegi v\u00e4ike kogus toodet tihedate mullidega rikkaliku vahu, mis lahustab \u00f5rnalt liigset rasu, tungib s\u00fcgavale pooridesse ja eemaldab t\u00f5husalt ebapuhtuse.<\/em><\/p>\n<\/div>\n<\/div>\n<div class=\"elementor-element elementor-element-b72c6ef elementor-widget elementor-widget-heading animated fadeInDown\" data-id=\"b72c6ef\" data-element_type=\"widget\" data-widget_type=\"heading.default\">\n<div class=\"elementor-widget-container\" style=\"padding: 0px; margin: 0px 0px 30px; height: 36px;\">\n<div class=\"elementor-heading-title elementor-size-default\">RAKENDUSVIIS:<\/div>\n<\/div>\n<\/div>\n<div class=\"elementor-element elementor-element-e1a2276 e-con-boxed e-flex e-con\" data-id=\"e1a2276\" data-element_type=\"container\">\n<div class=\"e-con-inner\" style=\"margin: 0px auto; text-align: var(--text-align); gap: var(--gap); width: 390px; max-width: var(--content-width); height: 316.21875px; flex-direction: var(--flex-direction); flex-wrap: var(--flex-wrap); justify-content: var(--justify-content); align-items: var(--align-items); align-content: var(--align-content); flex: 1 1 auto; align-self: auto; padding: var(--padding-top) 0px var(--padding-bottom) 0px;\">\n<div class=\"elementor-element elementor-element-06bef59 elementor-widget elementor-widget-text-editor animated fadeIn\" style=\"padding: 0px; margin: 0px; --flex-direction: initial; --flex-wrap: initial; --justify-content: initial; --align-items: initial; --align-content: initial; --gap: initial; --flex-basis: initial; --flex-grow: initial; --flex-shrink: initial; --order: initial; --align-self: initial; flex-basis: var(--flex-basis); flex-grow: var(--flex-grow); flex-shrink: var(--flex-shrink); align-self: var(--align-self); flex-direction: var(--flex-direction); flex-wrap: var(--flex-wrap); justify-content: var(--justify-content); align-items: var(--align-items); align-content: var(--align-content); gap: var(--gap); position: relative; --swiper-theme-color: #000; --swiper-navigation-size: 44px; --swiper-pagination-bullet-size: 6px; --swiper-pagination-bullet-horizontal-gap: 6px; --widgets-spacing: 0px; color: var( --e-global-color-text ); font-family: var( --e-global-typography-text-font-family ), Sans-serif; font-size: var( --e-global-typography-text-font-size ); font-weight: var( --e-global-typography-text-font-weight ); line-height: var( --e-global-typography-text-line-height ); min-width: 0px; max-width: 100%;\" data-id=\"06bef59\" data-element_type=\"widget\" data-widget_type=\"text-editor.default\">\n<div class=\"elementor-widget-container\" style=\"padding: 0px; margin: 0px; height: 292.21875px;\">\n<ol style=\"padding: 0px 0px 0px 20px; margin: 0px 0px 10px;\">\n<li style=\"padding: 0px; margin: 0px 0px 0.5em; line-height: 1.8; font-size: 1.14rem;\">Pigistage v\u00e4ike kogus toodet v\u00e4lja.<\/li>\n<li style=\"padding: 0px; margin: 0px 0px 0.5em; line-height: 1.8; font-size: 1.14rem;\"> <span class=\"Apple-converted-space\"> <\/span> Masseerige seda \u00f5rnalt nahale, p\u00f6\u00f6rates erilist t\u00e4helepanu T-tsoonile.<\/li>\n<li style=\"padding: 0px; margin: 0px 0px 0.5em; line-height: 1.8; font-size: 1.14rem;\">J\u00e4tke see paariks sekundiks peale ja seej\u00e4rel loputage maha leige veega.<\/li>\n<li style=\"padding: 0px; margin: 0px 0px 0.5em; line-height: 1.8; font-size: 1.14rem;\"><span class=\"Apple-converted-space\"> <\/span><span class=\"Apple-converted-space\"> <\/span> Soovitatav kasutada teise astmena puhastusetapis (p\u00e4rast h\u00fcdrofiilset \u00f5li v\u00f5i \u0161erbetti).<\/li>\n<\/ol>\n<\/div>\n<\/div>\n<\/div>\n<\/div>\n","protected":false},"excerpt":{"rendered":"<p>N\u00e4opuhastusvaht on funktsionaalne toode, mis sisaldab peptiidide ja kollageeni kompleksi.<\/p>\n","protected":false},"featured_media":2508,"comment_status":"open","ping_status":"closed","template":"","meta":{"_acf_changed":false},"pwb-brand":[151],"product_brand":[],"product_cat":[55],"product_tag":[],"class_list":{"0":"post-2625","1":"product","2":"type-product","3":"status-publish","4":"has-post-thumbnail","6":"pwb-brand-bohicare","7":"product_cat-puhastav-kosmeetika","9":"first","10":"instock","11":"taxable","12":"shipping-taxable","13":"purchasable","14":"product-type-simple"},"acf":[],"yoast_head":"<!-- This site is optimized with the Yoast SEO plugin v25.7 - https:\/\/yoast.com\/wordpress\/plugins\/seo\/ -->\n<title>PRO-AGE REFRESH VAHTPUHASTUSVAHEND - Ilutoodete e-pood<\/title>\n<meta name=\"robots\" content=\"noindex, follow, max-snippet:-1, max-image-preview:large, max-video-preview:-1\" \/>\n<meta property=\"og:locale\" content=\"et_EE\" \/>\n<meta property=\"og:type\" content=\"article\" \/>\n<meta property=\"og:title\" content=\"PRO-AGE REFRESH VAHTPUHASTUSVAHEND - Ilutoodete e-pood\" \/>\n<meta property=\"og:description\" content=\"N\u00e4opuhastusvaht on funktsionaalne toode, mis sisaldab peptiidide ja kollageeni kompleksi.\" \/>\n<meta property=\"og:url\" content=\"https:\/\/old.kosmetoloog.ee\/toode\/pro-age-foam-bohicare\/\" \/>\n<meta property=\"og:site_name\" content=\"Ilutoodete e-pood\" \/>\n<meta property=\"og:image\" content=\"https:\/\/old.kosmetoloog.ee\/wp-content\/uploads\/2024\/08\/img_0268.jpeg\" \/>\n\t<meta property=\"og:image:width\" content=\"1080\" \/>\n\t<meta property=\"og:image:height\" content=\"1080\" \/>\n\t<meta property=\"og:image:type\" content=\"image\/jpeg\" \/>\n<meta name=\"twitter:card\" content=\"summary_large_image\" \/>\n<meta name=\"twitter:label1\" content=\"Est. reading time\" \/>\n\t<meta name=\"twitter:data1\" content=\"1 minut\" \/>\n<script type=\"application\/ld+json\" class=\"yoast-schema-graph\">{\"@context\":\"https:\/\/schema.org\",\"@graph\":[{\"@type\":\"WebPage\",\"@id\":\"https:\/\/old.kosmetoloog.ee\/toode\/pro-age-foam-bohicare\/\",\"url\":\"https:\/\/old.kosmetoloog.ee\/toode\/pro-age-foam-bohicare\/\",\"name\":\"PRO-AGE REFRESH VAHTPUHASTUSVAHEND - Ilutoodete e-pood\",\"isPartOf\":{\"@id\":\"https:\/\/old.kosmetoloog.ee\/#website\"},\"primaryImageOfPage\":{\"@id\":\"https:\/\/old.kosmetoloog.ee\/toode\/pro-age-foam-bohicare\/#primaryimage\"},\"image\":{\"@id\":\"https:\/\/old.kosmetoloog.ee\/toode\/pro-age-foam-bohicare\/#primaryimage\"},\"thumbnailUrl\":\"https:\/\/old.kosmetoloog.ee\/wp-content\/uploads\/2024\/08\/img_0268.jpeg\",\"datePublished\":\"2024-08-16T00:22:32+00:00\",\"breadcrumb\":{\"@id\":\"https:\/\/old.kosmetoloog.ee\/toode\/pro-age-foam-bohicare\/#breadcrumb\"},\"inLanguage\":\"et\",\"potentialAction\":[{\"@type\":\"ReadAction\",\"target\":[\"https:\/\/old.kosmetoloog.ee\/toode\/pro-age-foam-bohicare\/\"]}]},{\"@type\":\"ImageObject\",\"inLanguage\":\"et\",\"@id\":\"https:\/\/old.kosmetoloog.ee\/toode\/pro-age-foam-bohicare\/#primaryimage\",\"url\":\"https:\/\/old.kosmetoloog.ee\/wp-content\/uploads\/2024\/08\/img_0268.jpeg\",\"contentUrl\":\"https:\/\/old.kosmetoloog.ee\/wp-content\/uploads\/2024\/08\/img_0268.jpeg\",\"width\":1080,\"height\":1080},{\"@type\":\"BreadcrumbList\",\"@id\":\"https:\/\/old.kosmetoloog.ee\/toode\/pro-age-foam-bohicare\/#breadcrumb\",\"itemListElement\":[{\"@type\":\"ListItem\",\"position\":1,\"name\":\"Home\",\"item\":\"https:\/\/old.kosmetoloog.ee\/et\/\"},{\"@type\":\"ListItem\",\"position\":2,\"name\":\"Pood\",\"item\":\"https:\/\/old.kosmetoloog.ee\/et\/pood\/\"},{\"@type\":\"ListItem\",\"position\":3,\"name\":\"PRO-AGE REFRESH VAHTPUHASTUSVAHEND\"}]},{\"@type\":\"WebSite\",\"@id\":\"https:\/\/old.kosmetoloog.ee\/#website\",\"url\":\"https:\/\/old.kosmetoloog.ee\/\",\"name\":\"Ilutoodete e-pood\",\"description\":\"Kosmeetika pood\",\"publisher\":{\"@id\":\"https:\/\/old.kosmetoloog.ee\/#organization\"},\"potentialAction\":[{\"@type\":\"SearchAction\",\"target\":{\"@type\":\"EntryPoint\",\"urlTemplate\":\"https:\/\/old.kosmetoloog.ee\/?s={search_term_string}\"},\"query-input\":{\"@type\":\"PropertyValueSpecification\",\"valueRequired\":true,\"valueName\":\"search_term_string\"}}],\"inLanguage\":\"et\"},{\"@type\":\"Organization\",\"@id\":\"https:\/\/old.kosmetoloog.ee\/#organization\",\"name\":\"You are You O\u00dc\",\"url\":\"https:\/\/old.kosmetoloog.ee\/\",\"logo\":{\"@type\":\"ImageObject\",\"inLanguage\":\"et\",\"@id\":\"https:\/\/old.kosmetoloog.ee\/#\/schema\/logo\/image\/\",\"url\":\"https:\/\/old.kosmetoloog.ee\/wp-content\/uploads\/2023\/08\/logo-1.png\",\"contentUrl\":\"https:\/\/old.kosmetoloog.ee\/wp-content\/uploads\/2023\/08\/logo-1.png\",\"width\":1200,\"height\":964,\"caption\":\"You are You O\u00dc\"},\"image\":{\"@id\":\"https:\/\/old.kosmetoloog.ee\/#\/schema\/logo\/image\/\"}}]}<\/script>\n<!-- \/ Yoast SEO plugin. -->","yoast_head_json":{"title":"PRO-AGE REFRESH VAHTPUHASTUSVAHEND - Ilutoodete e-pood","robots":{"index":"noindex","follow":"follow","max-snippet":"max-snippet:-1","max-image-preview":"max-image-preview:large","max-video-preview":"max-video-preview:-1"},"og_locale":"et_EE","og_type":"article","og_title":"PRO-AGE REFRESH VAHTPUHASTUSVAHEND - Ilutoodete e-pood","og_description":"N\u00e4opuhastusvaht on funktsionaalne toode, mis sisaldab peptiidide ja kollageeni kompleksi.","og_url":"https:\/\/old.kosmetoloog.ee\/toode\/pro-age-foam-bohicare\/","og_site_name":"Ilutoodete e-pood","og_image":[{"width":1080,"height":1080,"url":"https:\/\/old.kosmetoloog.ee\/wp-content\/uploads\/2024\/08\/img_0268.jpeg","type":"image\/jpeg"}],"twitter_card":"summary_large_image","twitter_misc":{"Est. reading time":"1 minut"},"schema":{"@context":"https:\/\/schema.org","@graph":[{"@type":"WebPage","@id":"https:\/\/old.kosmetoloog.ee\/toode\/pro-age-foam-bohicare\/","url":"https:\/\/old.kosmetoloog.ee\/toode\/pro-age-foam-bohicare\/","name":"PRO-AGE REFRESH VAHTPUHASTUSVAHEND - Ilutoodete e-pood","isPartOf":{"@id":"https:\/\/old.kosmetoloog.ee\/#website"},"primaryImageOfPage":{"@id":"https:\/\/old.kosmetoloog.ee\/toode\/pro-age-foam-bohicare\/#primaryimage"},"image":{"@id":"https:\/\/old.kosmetoloog.ee\/toode\/pro-age-foam-bohicare\/#primaryimage"},"thumbnailUrl":"https:\/\/old.kosmetoloog.ee\/wp-content\/uploads\/2024\/08\/img_0268.jpeg","datePublished":"2024-08-16T00:22:32+00:00","breadcrumb":{"@id":"https:\/\/old.kosmetoloog.ee\/toode\/pro-age-foam-bohicare\/#breadcrumb"},"inLanguage":"et","potentialAction":[{"@type":"ReadAction","target":["https:\/\/old.kosmetoloog.ee\/toode\/pro-age-foam-bohicare\/"]}]},{"@type":"ImageObject","inLanguage":"et","@id":"https:\/\/old.kosmetoloog.ee\/toode\/pro-age-foam-bohicare\/#primaryimage","url":"https:\/\/old.kosmetoloog.ee\/wp-content\/uploads\/2024\/08\/img_0268.jpeg","contentUrl":"https:\/\/old.kosmetoloog.ee\/wp-content\/uploads\/2024\/08\/img_0268.jpeg","width":1080,"height":1080},{"@type":"BreadcrumbList","@id":"https:\/\/old.kosmetoloog.ee\/toode\/pro-age-foam-bohicare\/#breadcrumb","itemListElement":[{"@type":"ListItem","position":1,"name":"Home","item":"https:\/\/old.kosmetoloog.ee\/et\/"},{"@type":"ListItem","position":2,"name":"Pood","item":"https:\/\/old.kosmetoloog.ee\/et\/pood\/"},{"@type":"ListItem","position":3,"name":"PRO-AGE REFRESH VAHTPUHASTUSVAHEND"}]},{"@type":"WebSite","@id":"https:\/\/old.kosmetoloog.ee\/#website","url":"https:\/\/old.kosmetoloog.ee\/","name":"Ilutoodete e-pood","description":"Kosmeetika pood","publisher":{"@id":"https:\/\/old.kosmetoloog.ee\/#organization"},"potentialAction":[{"@type":"SearchAction","target":{"@type":"EntryPoint","urlTemplate":"https:\/\/old.kosmetoloog.ee\/?s={search_term_string}"},"query-input":{"@type":"PropertyValueSpecification","valueRequired":true,"valueName":"search_term_string"}}],"inLanguage":"et"},{"@type":"Organization","@id":"https:\/\/old.kosmetoloog.ee\/#organization","name":"You are You O\u00dc","url":"https:\/\/old.kosmetoloog.ee\/","logo":{"@type":"ImageObject","inLanguage":"et","@id":"https:\/\/old.kosmetoloog.ee\/#\/schema\/logo\/image\/","url":"https:\/\/old.kosmetoloog.ee\/wp-content\/uploads\/2023\/08\/logo-1.png","contentUrl":"https:\/\/old.kosmetoloog.ee\/wp-content\/uploads\/2023\/08\/logo-1.png","width":1200,"height":964,"caption":"You are You O\u00dc"},"image":{"@id":"https:\/\/old.kosmetoloog.ee\/#\/schema\/logo\/image\/"}}]}},"brands":[{"id":151,"name":"BOHICARE","slug":"bohicare"}],"_links":{"self":[{"href":"https:\/\/old.kosmetoloog.ee\/et\/wp-json\/wp\/v2\/product\/2625","targetHints":{"allow":["GET"]}}],"collection":[{"href":"https:\/\/old.kosmetoloog.ee\/et\/wp-json\/wp\/v2\/product"}],"about":[{"href":"https:\/\/old.kosmetoloog.ee\/et\/wp-json\/wp\/v2\/types\/product"}],"replies":[{"embeddable":true,"href":"https:\/\/old.kosmetoloog.ee\/et\/wp-json\/wp\/v2\/comments?post=2625"}],"wp:featuredmedia":[{"embeddable":true,"href":"https:\/\/old.kosmetoloog.ee\/et\/wp-json\/wp\/v2\/media\/2508"}],"wp:attachment":[{"href":"https:\/\/old.kosmetoloog.ee\/et\/wp-json\/wp\/v2\/media?parent=2625"}],"wp:term":[{"taxonomy":"pwb-brand","embeddable":true,"href":"https:\/\/old.kosmetoloog.ee\/et\/wp-json\/wp\/v2\/pwb-brand?post=2625"},{"taxonomy":"product_brand","embeddable":true,"href":"https:\/\/old.kosmetoloog.ee\/et\/wp-json\/wp\/v2\/product_brand?post=2625"},{"taxonomy":"product_cat","embeddable":true,"href":"https:\/\/old.kosmetoloog.ee\/et\/wp-json\/wp\/v2\/product_cat?post=2625"},{"taxonomy":"product_tag","embeddable":true,"href":"https:\/\/old.kosmetoloog.ee\/et\/wp-json\/wp\/v2\/product_tag?post=2625"}],"curies":[{"name":"wp","href":"https:\/\/api.w.org\/{rel}","templated":true}]}}