{"id":508,"date":"2023-09-05T14:45:16","date_gmt":"2023-09-05T11:45:16","guid":{"rendered":"https:\/\/uus.kosmetoloog.ee\/product\/puhastav-muss-renewpeel-nettoyant\/"},"modified":"2023-10-19T14:38:52","modified_gmt":"2023-10-19T11:38:52","slug":"nettoyant-renewpeel-nettoyant-mousse","status":"publish","type":"product","link":"https:\/\/old.kosmetoloog.ee\/et\/toode\/nettoyant-renewpeel-nettoyant-mousse\/","title":{"rendered":"PUHASTAV MUSS RENEWPEEL Nettoyant"},"content":{"rendered":"<p>Intensiivselt puhastav kooriv vaht, eemaldab liigse naharasu, reguleerib sarvestumist ja rasun\u00e4\u00e4rmete t\u00f6\u00f6d, puhastab naha jumestusest ja mustusest.Vahu kasutamisel v\u00f5ib tunda nahal kerget kipitust. Mitte kasutada \u00e4rrituste puhul ja silma meigi mahav\u00f5tmisel. Peale vahuga puhastamist on nahk tuntavalt puhtam, pehmem ja l\u00e4ike vaba. Sobib: Normaalsele, rasusele ning akne ilmingutega nahale. Sobib akne, pseudofolikuliidi, h\u00fcperkeratoosi ja seborroilise keratoosi puhul.<\/p>\n","protected":false},"excerpt":{"rendered":"<p>Antibakteriaalne ja kooriv puhastusvaht rasusele ning probleemsele nahale.<\/p>\n","protected":false},"featured_media":506,"comment_status":"open","ping_status":"closed","template":"","meta":{"_acf_changed":false},"pwb-brand":[45],"product_brand":[],"product_cat":[55],"product_tag":[107,106,104],"class_list":{"0":"post-508","1":"product","2":"type-product","3":"status-publish","4":"has-post-thumbnail","6":"pwb-brand-renophase","7":"product_cat-puhastav-kosmeetika","8":"product_tag-normaalne-nahk","9":"product_tag-rasune-nahk","10":"product_tag-cne","12":"first","13":"outofstock","14":"taxable","15":"shipping-taxable","16":"purchasable","17":"product-type-simple"},"acf":[],"yoast_head":"<!-- This site is optimized with the Yoast SEO plugin v25.7 - https:\/\/yoast.com\/wordpress\/plugins\/seo\/ -->\n<title>PUHASTAV MUSS RENEWPEEL Nettoyant - Ilutoodete e-pood<\/title>\n<meta name=\"robots\" content=\"noindex, follow, max-snippet:-1, max-image-preview:large, max-video-preview:-1\" \/>\n<meta property=\"og:locale\" content=\"et_EE\" \/>\n<meta property=\"og:type\" content=\"article\" \/>\n<meta property=\"og:title\" content=\"PUHASTAV MUSS RENEWPEEL Nettoyant - Ilutoodete e-pood\" \/>\n<meta property=\"og:description\" content=\"Antibakteriaalne ja kooriv puhastusvaht rasusele ning probleemsele nahale.\" \/>\n<meta property=\"og:url\" content=\"https:\/\/old.kosmetoloog.ee\/toode\/nettoyant-renewpeel-nettoyant-mousse\/\" \/>\n<meta property=\"og:site_name\" content=\"Ilutoodete e-pood\" \/>\n<meta property=\"article:modified_time\" content=\"2023-10-19T11:38:52+00:00\" \/>\n<meta property=\"og:image\" content=\"https:\/\/old.kosmetoloog.ee\/wp-content\/uploads\/2023\/09\/mousse-nettoyant.png\" \/>\n\t<meta property=\"og:image:width\" content=\"4134\" \/>\n\t<meta property=\"og:image:height\" content=\"3100\" \/>\n\t<meta property=\"og:image:type\" content=\"image\/png\" \/>\n<meta name=\"twitter:card\" content=\"summary_large_image\" \/>\n<script type=\"application\/ld+json\" class=\"yoast-schema-graph\">{\"@context\":\"https:\/\/schema.org\",\"@graph\":[{\"@type\":\"WebPage\",\"@id\":\"https:\/\/old.kosmetoloog.ee\/toode\/nettoyant-renewpeel-nettoyant-mousse\/\",\"url\":\"https:\/\/old.kosmetoloog.ee\/toode\/nettoyant-renewpeel-nettoyant-mousse\/\",\"name\":\"PUHASTAV MUSS RENEWPEEL Nettoyant - Ilutoodete e-pood\",\"isPartOf\":{\"@id\":\"https:\/\/old.kosmetoloog.ee\/#website\"},\"primaryImageOfPage\":{\"@id\":\"https:\/\/old.kosmetoloog.ee\/toode\/nettoyant-renewpeel-nettoyant-mousse\/#primaryimage\"},\"image\":{\"@id\":\"https:\/\/old.kosmetoloog.ee\/toode\/nettoyant-renewpeel-nettoyant-mousse\/#primaryimage\"},\"thumbnailUrl\":\"https:\/\/old.kosmetoloog.ee\/wp-content\/uploads\/2023\/09\/mousse-nettoyant.png\",\"datePublished\":\"2023-09-05T11:45:16+00:00\",\"dateModified\":\"2023-10-19T11:38:52+00:00\",\"breadcrumb\":{\"@id\":\"https:\/\/old.kosmetoloog.ee\/toode\/nettoyant-renewpeel-nettoyant-mousse\/#breadcrumb\"},\"inLanguage\":\"et\",\"potentialAction\":[{\"@type\":\"ReadAction\",\"target\":[\"https:\/\/old.kosmetoloog.ee\/toode\/nettoyant-renewpeel-nettoyant-mousse\/\"]}]},{\"@type\":\"ImageObject\",\"inLanguage\":\"et\",\"@id\":\"https:\/\/old.kosmetoloog.ee\/toode\/nettoyant-renewpeel-nettoyant-mousse\/#primaryimage\",\"url\":\"https:\/\/old.kosmetoloog.ee\/wp-content\/uploads\/2023\/09\/mousse-nettoyant.png\",\"contentUrl\":\"https:\/\/old.kosmetoloog.ee\/wp-content\/uploads\/2023\/09\/mousse-nettoyant.png\",\"width\":4134,\"height\":3100},{\"@type\":\"BreadcrumbList\",\"@id\":\"https:\/\/old.kosmetoloog.ee\/toode\/nettoyant-renewpeel-nettoyant-mousse\/#breadcrumb\",\"itemListElement\":[{\"@type\":\"ListItem\",\"position\":1,\"name\":\"Home\",\"item\":\"https:\/\/old.kosmetoloog.ee\/et\/\"},{\"@type\":\"ListItem\",\"position\":2,\"name\":\"Pood\",\"item\":\"https:\/\/old.kosmetoloog.ee\/et\/pood\/\"},{\"@type\":\"ListItem\",\"position\":3,\"name\":\"PUHASTAV MUSS RENEWPEEL Nettoyant\"}]},{\"@type\":\"WebSite\",\"@id\":\"https:\/\/old.kosmetoloog.ee\/#website\",\"url\":\"https:\/\/old.kosmetoloog.ee\/\",\"name\":\"Ilutoodete e-pood\",\"description\":\"Kosmeetika pood\",\"publisher\":{\"@id\":\"https:\/\/old.kosmetoloog.ee\/#organization\"},\"potentialAction\":[{\"@type\":\"SearchAction\",\"target\":{\"@type\":\"EntryPoint\",\"urlTemplate\":\"https:\/\/old.kosmetoloog.ee\/?s={search_term_string}\"},\"query-input\":{\"@type\":\"PropertyValueSpecification\",\"valueRequired\":true,\"valueName\":\"search_term_string\"}}],\"inLanguage\":\"et\"},{\"@type\":\"Organization\",\"@id\":\"https:\/\/old.kosmetoloog.ee\/#organization\",\"name\":\"You are You O\u00dc\",\"url\":\"https:\/\/old.kosmetoloog.ee\/\",\"logo\":{\"@type\":\"ImageObject\",\"inLanguage\":\"et\",\"@id\":\"https:\/\/old.kosmetoloog.ee\/#\/schema\/logo\/image\/\",\"url\":\"https:\/\/old.kosmetoloog.ee\/wp-content\/uploads\/2023\/08\/logo-1.png\",\"contentUrl\":\"https:\/\/old.kosmetoloog.ee\/wp-content\/uploads\/2023\/08\/logo-1.png\",\"width\":1200,\"height\":964,\"caption\":\"You are You O\u00dc\"},\"image\":{\"@id\":\"https:\/\/old.kosmetoloog.ee\/#\/schema\/logo\/image\/\"}}]}<\/script>\n<!-- \/ Yoast SEO plugin. -->","yoast_head_json":{"title":"PUHASTAV MUSS RENEWPEEL Nettoyant - Ilutoodete e-pood","robots":{"index":"noindex","follow":"follow","max-snippet":"max-snippet:-1","max-image-preview":"max-image-preview:large","max-video-preview":"max-video-preview:-1"},"og_locale":"et_EE","og_type":"article","og_title":"PUHASTAV MUSS RENEWPEEL Nettoyant - Ilutoodete e-pood","og_description":"Antibakteriaalne ja kooriv puhastusvaht rasusele ning probleemsele nahale.","og_url":"https:\/\/old.kosmetoloog.ee\/toode\/nettoyant-renewpeel-nettoyant-mousse\/","og_site_name":"Ilutoodete e-pood","article_modified_time":"2023-10-19T11:38:52+00:00","og_image":[{"width":4134,"height":3100,"url":"https:\/\/old.kosmetoloog.ee\/wp-content\/uploads\/2023\/09\/mousse-nettoyant.png","type":"image\/png"}],"twitter_card":"summary_large_image","schema":{"@context":"https:\/\/schema.org","@graph":[{"@type":"WebPage","@id":"https:\/\/old.kosmetoloog.ee\/toode\/nettoyant-renewpeel-nettoyant-mousse\/","url":"https:\/\/old.kosmetoloog.ee\/toode\/nettoyant-renewpeel-nettoyant-mousse\/","name":"PUHASTAV MUSS RENEWPEEL Nettoyant - Ilutoodete e-pood","isPartOf":{"@id":"https:\/\/old.kosmetoloog.ee\/#website"},"primaryImageOfPage":{"@id":"https:\/\/old.kosmetoloog.ee\/toode\/nettoyant-renewpeel-nettoyant-mousse\/#primaryimage"},"image":{"@id":"https:\/\/old.kosmetoloog.ee\/toode\/nettoyant-renewpeel-nettoyant-mousse\/#primaryimage"},"thumbnailUrl":"https:\/\/old.kosmetoloog.ee\/wp-content\/uploads\/2023\/09\/mousse-nettoyant.png","datePublished":"2023-09-05T11:45:16+00:00","dateModified":"2023-10-19T11:38:52+00:00","breadcrumb":{"@id":"https:\/\/old.kosmetoloog.ee\/toode\/nettoyant-renewpeel-nettoyant-mousse\/#breadcrumb"},"inLanguage":"et","potentialAction":[{"@type":"ReadAction","target":["https:\/\/old.kosmetoloog.ee\/toode\/nettoyant-renewpeel-nettoyant-mousse\/"]}]},{"@type":"ImageObject","inLanguage":"et","@id":"https:\/\/old.kosmetoloog.ee\/toode\/nettoyant-renewpeel-nettoyant-mousse\/#primaryimage","url":"https:\/\/old.kosmetoloog.ee\/wp-content\/uploads\/2023\/09\/mousse-nettoyant.png","contentUrl":"https:\/\/old.kosmetoloog.ee\/wp-content\/uploads\/2023\/09\/mousse-nettoyant.png","width":4134,"height":3100},{"@type":"BreadcrumbList","@id":"https:\/\/old.kosmetoloog.ee\/toode\/nettoyant-renewpeel-nettoyant-mousse\/#breadcrumb","itemListElement":[{"@type":"ListItem","position":1,"name":"Home","item":"https:\/\/old.kosmetoloog.ee\/et\/"},{"@type":"ListItem","position":2,"name":"Pood","item":"https:\/\/old.kosmetoloog.ee\/et\/pood\/"},{"@type":"ListItem","position":3,"name":"PUHASTAV MUSS RENEWPEEL Nettoyant"}]},{"@type":"WebSite","@id":"https:\/\/old.kosmetoloog.ee\/#website","url":"https:\/\/old.kosmetoloog.ee\/","name":"Ilutoodete e-pood","description":"Kosmeetika pood","publisher":{"@id":"https:\/\/old.kosmetoloog.ee\/#organization"},"potentialAction":[{"@type":"SearchAction","target":{"@type":"EntryPoint","urlTemplate":"https:\/\/old.kosmetoloog.ee\/?s={search_term_string}"},"query-input":{"@type":"PropertyValueSpecification","valueRequired":true,"valueName":"search_term_string"}}],"inLanguage":"et"},{"@type":"Organization","@id":"https:\/\/old.kosmetoloog.ee\/#organization","name":"You are You O\u00dc","url":"https:\/\/old.kosmetoloog.ee\/","logo":{"@type":"ImageObject","inLanguage":"et","@id":"https:\/\/old.kosmetoloog.ee\/#\/schema\/logo\/image\/","url":"https:\/\/old.kosmetoloog.ee\/wp-content\/uploads\/2023\/08\/logo-1.png","contentUrl":"https:\/\/old.kosmetoloog.ee\/wp-content\/uploads\/2023\/08\/logo-1.png","width":1200,"height":964,"caption":"You are You O\u00dc"},"image":{"@id":"https:\/\/old.kosmetoloog.ee\/#\/schema\/logo\/image\/"}}]}},"brands":[{"id":45,"name":"RENOPHASE","slug":"renophase"}],"_links":{"self":[{"href":"https:\/\/old.kosmetoloog.ee\/et\/wp-json\/wp\/v2\/product\/508","targetHints":{"allow":["GET"]}}],"collection":[{"href":"https:\/\/old.kosmetoloog.ee\/et\/wp-json\/wp\/v2\/product"}],"about":[{"href":"https:\/\/old.kosmetoloog.ee\/et\/wp-json\/wp\/v2\/types\/product"}],"replies":[{"embeddable":true,"href":"https:\/\/old.kosmetoloog.ee\/et\/wp-json\/wp\/v2\/comments?post=508"}],"wp:featuredmedia":[{"embeddable":true,"href":"https:\/\/old.kosmetoloog.ee\/et\/wp-json\/wp\/v2\/media\/506"}],"wp:attachment":[{"href":"https:\/\/old.kosmetoloog.ee\/et\/wp-json\/wp\/v2\/media?parent=508"}],"wp:term":[{"taxonomy":"pwb-brand","embeddable":true,"href":"https:\/\/old.kosmetoloog.ee\/et\/wp-json\/wp\/v2\/pwb-brand?post=508"},{"taxonomy":"product_brand","embeddable":true,"href":"https:\/\/old.kosmetoloog.ee\/et\/wp-json\/wp\/v2\/product_brand?post=508"},{"taxonomy":"product_cat","embeddable":true,"href":"https:\/\/old.kosmetoloog.ee\/et\/wp-json\/wp\/v2\/product_cat?post=508"},{"taxonomy":"product_tag","embeddable":true,"href":"https:\/\/old.kosmetoloog.ee\/et\/wp-json\/wp\/v2\/product_tag?post=508"}],"curies":[{"name":"wp","href":"https:\/\/api.w.org\/{rel}","templated":true}]}}