{"id":538,"date":"2023-09-05T19:56:34","date_gmt":"2023-09-05T16:56:34","guid":{"rendered":"https:\/\/uus.kosmetoloog.ee\/product\/renophase-kreem-20\/"},"modified":"2024-12-19T11:49:03","modified_gmt":"2024-12-19T09:49:03","slug":"renophase-kreem-20-renophase-creme-20","status":"publish","type":"product","link":"https:\/\/old.kosmetoloog.ee\/et\/toode\/renophase-kreem-20-renophase-creme-20\/","title":{"rendered":"RENOPHASE KREEM 20"},"content":{"rendered":"<p>Aastate jooksul nahk pakseneb ja kuiveneb, nahatoon muutub ebatasaseks ja s\u00e4ra kaob. Naha pindmises kihis toimuv ebanormaalne paksenemine kombineeritud kahjulike vabade radikaalide tegevusega kiirendab vananemise m\u00e4rkide ilminguid. Nendele protsessidele vastu v\u00f5ideldes, on Laboratoires Renophase loonud antioks\u00fcdant kreemi, mis parandab naha v\u00f5imet end ise uueneda. Kreem uuendab intensiivselt rakke, stimuleerib naha ainevahetust ja fibroplastide t\u00f6\u00f6d t\u00e4nu tootes sisalduvale 20%-lisele gl\u00fckoolhappele. Gl\u00fckoolhape v\u00e4hendab tunduvalt rasu tekkimist nahal ning j\u00e4rk-j\u00e4rgult ahendab poore, andes nahale \u00fchtlase tooni ja struktuuri. Kreem, mis uuendab ja silendab nahka, taastab s\u00e4ra, \u00fchtlustab naha tooni ning v\u00e4hendab kortsude teket.<\/p>\n","protected":false},"excerpt":{"rendered":"<p>Gl\u00fckoolhappega s\u00e4ra booster ja antioks\u00fcdantne \u00f5rnalt kooriv kreem. Pigmendilaike helendav, eba\u00fchtlast nahka siluv, vananemise protsesse pidurdav kreem.<\/p>\n","protected":false},"featured_media":537,"comment_status":"open","ping_status":"closed","template":"","meta":{"_acf_changed":false},"pwb-brand":[45],"product_brand":[],"product_cat":[58],"product_tag":[108],"class_list":{"0":"post-538","1":"product","2":"type-product","3":"status-publish","4":"has-post-thumbnail","6":"pwb-brand-renophase","7":"product_cat-nao-ja-kaelakreemid","8":"product_tag-pigmentatsioon","10":"first","11":"instock","12":"taxable","13":"shipping-taxable","14":"purchasable","15":"product-type-simple"},"acf":[],"yoast_head":"<!-- This site is optimized with the Yoast SEO plugin v25.7 - https:\/\/yoast.com\/wordpress\/plugins\/seo\/ -->\n<title>RENOPHASE KREEM 20 - Ilutoodete e-pood<\/title>\n<meta name=\"robots\" content=\"noindex, follow, max-snippet:-1, max-image-preview:large, max-video-preview:-1\" \/>\n<meta property=\"og:locale\" content=\"et_EE\" \/>\n<meta property=\"og:type\" content=\"article\" \/>\n<meta property=\"og:title\" content=\"RENOPHASE KREEM 20 - Ilutoodete e-pood\" \/>\n<meta property=\"og:description\" content=\"Gl\u00fckoolhappega s\u00e4ra booster ja antioks\u00fcdantne \u00f5rnalt kooriv kreem. Pigmendilaike helendav, eba\u00fchtlast nahka siluv, vananemise protsesse pidurdav kreem.\" \/>\n<meta property=\"og:url\" content=\"https:\/\/old.kosmetoloog.ee\/toode\/renophase-\u043a\u0440\u0435\u043c-20-renophase-creme-20\/\" \/>\n<meta property=\"og:site_name\" content=\"Ilutoodete e-pood\" \/>\n<meta property=\"article:modified_time\" content=\"2024-12-19T09:49:03+00:00\" \/>\n<meta property=\"og:image\" content=\"https:\/\/old.kosmetoloog.ee\/wp-content\/uploads\/2023\/09\/RENEWPEEL-Creme-20.jpg\" \/>\n\t<meta property=\"og:image:width\" content=\"1000\" \/>\n\t<meta property=\"og:image:height\" content=\"1000\" \/>\n\t<meta property=\"og:image:type\" content=\"image\/jpeg\" \/>\n<meta name=\"twitter:card\" content=\"summary_large_image\" \/>\n<meta name=\"twitter:label1\" content=\"Est. reading time\" \/>\n\t<meta name=\"twitter:data1\" content=\"1 minut\" \/>\n<script type=\"application\/ld+json\" class=\"yoast-schema-graph\">{\"@context\":\"https:\/\/schema.org\",\"@graph\":[{\"@type\":\"WebPage\",\"@id\":\"https:\/\/old.kosmetoloog.ee\/toode\/renophase-%d0%ba%d1%80%d0%b5%d0%bc-20-renophase-creme-20\/\",\"url\":\"https:\/\/old.kosmetoloog.ee\/toode\/renophase-%d0%ba%d1%80%d0%b5%d0%bc-20-renophase-creme-20\/\",\"name\":\"RENOPHASE KREEM 20 - Ilutoodete e-pood\",\"isPartOf\":{\"@id\":\"https:\/\/old.kosmetoloog.ee\/#website\"},\"primaryImageOfPage\":{\"@id\":\"https:\/\/old.kosmetoloog.ee\/toode\/renophase-%d0%ba%d1%80%d0%b5%d0%bc-20-renophase-creme-20\/#primaryimage\"},\"image\":{\"@id\":\"https:\/\/old.kosmetoloog.ee\/toode\/renophase-%d0%ba%d1%80%d0%b5%d0%bc-20-renophase-creme-20\/#primaryimage\"},\"thumbnailUrl\":\"https:\/\/old.kosmetoloog.ee\/wp-content\/uploads\/2023\/09\/RENEWPEEL-Creme-20.jpg\",\"datePublished\":\"2023-09-05T16:56:34+00:00\",\"dateModified\":\"2024-12-19T09:49:03+00:00\",\"breadcrumb\":{\"@id\":\"https:\/\/old.kosmetoloog.ee\/toode\/renophase-%d0%ba%d1%80%d0%b5%d0%bc-20-renophase-creme-20\/#breadcrumb\"},\"inLanguage\":\"et\",\"potentialAction\":[{\"@type\":\"ReadAction\",\"target\":[\"https:\/\/old.kosmetoloog.ee\/toode\/renophase-%d0%ba%d1%80%d0%b5%d0%bc-20-renophase-creme-20\/\"]}]},{\"@type\":\"ImageObject\",\"inLanguage\":\"et\",\"@id\":\"https:\/\/old.kosmetoloog.ee\/toode\/renophase-%d0%ba%d1%80%d0%b5%d0%bc-20-renophase-creme-20\/#primaryimage\",\"url\":\"https:\/\/old.kosmetoloog.ee\/wp-content\/uploads\/2023\/09\/RENEWPEEL-Creme-20.jpg\",\"contentUrl\":\"https:\/\/old.kosmetoloog.ee\/wp-content\/uploads\/2023\/09\/RENEWPEEL-Creme-20.jpg\",\"width\":1000,\"height\":1000},{\"@type\":\"BreadcrumbList\",\"@id\":\"https:\/\/old.kosmetoloog.ee\/toode\/renophase-%d0%ba%d1%80%d0%b5%d0%bc-20-renophase-creme-20\/#breadcrumb\",\"itemListElement\":[{\"@type\":\"ListItem\",\"position\":1,\"name\":\"Home\",\"item\":\"https:\/\/old.kosmetoloog.ee\/et\/\"},{\"@type\":\"ListItem\",\"position\":2,\"name\":\"Pood\",\"item\":\"https:\/\/old.kosmetoloog.ee\/et\/pood\/\"},{\"@type\":\"ListItem\",\"position\":3,\"name\":\"RENOPHASE KREEM 20\"}]},{\"@type\":\"WebSite\",\"@id\":\"https:\/\/old.kosmetoloog.ee\/#website\",\"url\":\"https:\/\/old.kosmetoloog.ee\/\",\"name\":\"Ilutoodete e-pood\",\"description\":\"Kosmeetika pood\",\"publisher\":{\"@id\":\"https:\/\/old.kosmetoloog.ee\/#organization\"},\"potentialAction\":[{\"@type\":\"SearchAction\",\"target\":{\"@type\":\"EntryPoint\",\"urlTemplate\":\"https:\/\/old.kosmetoloog.ee\/?s={search_term_string}\"},\"query-input\":{\"@type\":\"PropertyValueSpecification\",\"valueRequired\":true,\"valueName\":\"search_term_string\"}}],\"inLanguage\":\"et\"},{\"@type\":\"Organization\",\"@id\":\"https:\/\/old.kosmetoloog.ee\/#organization\",\"name\":\"You are You O\u00dc\",\"url\":\"https:\/\/old.kosmetoloog.ee\/\",\"logo\":{\"@type\":\"ImageObject\",\"inLanguage\":\"et\",\"@id\":\"https:\/\/old.kosmetoloog.ee\/#\/schema\/logo\/image\/\",\"url\":\"https:\/\/old.kosmetoloog.ee\/wp-content\/uploads\/2023\/08\/logo-1.png\",\"contentUrl\":\"https:\/\/old.kosmetoloog.ee\/wp-content\/uploads\/2023\/08\/logo-1.png\",\"width\":1200,\"height\":964,\"caption\":\"You are You O\u00dc\"},\"image\":{\"@id\":\"https:\/\/old.kosmetoloog.ee\/#\/schema\/logo\/image\/\"}}]}<\/script>\n<!-- \/ Yoast SEO plugin. -->","yoast_head_json":{"title":"RENOPHASE KREEM 20 - Ilutoodete e-pood","robots":{"index":"noindex","follow":"follow","max-snippet":"max-snippet:-1","max-image-preview":"max-image-preview:large","max-video-preview":"max-video-preview:-1"},"og_locale":"et_EE","og_type":"article","og_title":"RENOPHASE KREEM 20 - Ilutoodete e-pood","og_description":"Gl\u00fckoolhappega s\u00e4ra booster ja antioks\u00fcdantne \u00f5rnalt kooriv kreem. Pigmendilaike helendav, eba\u00fchtlast nahka siluv, vananemise protsesse pidurdav kreem.","og_url":"https:\/\/old.kosmetoloog.ee\/toode\/renophase-\u043a\u0440\u0435\u043c-20-renophase-creme-20\/","og_site_name":"Ilutoodete e-pood","article_modified_time":"2024-12-19T09:49:03+00:00","og_image":[{"width":1000,"height":1000,"url":"https:\/\/old.kosmetoloog.ee\/wp-content\/uploads\/2023\/09\/RENEWPEEL-Creme-20.jpg","type":"image\/jpeg"}],"twitter_card":"summary_large_image","twitter_misc":{"Est. reading time":"1 minut"},"schema":{"@context":"https:\/\/schema.org","@graph":[{"@type":"WebPage","@id":"https:\/\/old.kosmetoloog.ee\/toode\/renophase-%d0%ba%d1%80%d0%b5%d0%bc-20-renophase-creme-20\/","url":"https:\/\/old.kosmetoloog.ee\/toode\/renophase-%d0%ba%d1%80%d0%b5%d0%bc-20-renophase-creme-20\/","name":"RENOPHASE KREEM 20 - Ilutoodete e-pood","isPartOf":{"@id":"https:\/\/old.kosmetoloog.ee\/#website"},"primaryImageOfPage":{"@id":"https:\/\/old.kosmetoloog.ee\/toode\/renophase-%d0%ba%d1%80%d0%b5%d0%bc-20-renophase-creme-20\/#primaryimage"},"image":{"@id":"https:\/\/old.kosmetoloog.ee\/toode\/renophase-%d0%ba%d1%80%d0%b5%d0%bc-20-renophase-creme-20\/#primaryimage"},"thumbnailUrl":"https:\/\/old.kosmetoloog.ee\/wp-content\/uploads\/2023\/09\/RENEWPEEL-Creme-20.jpg","datePublished":"2023-09-05T16:56:34+00:00","dateModified":"2024-12-19T09:49:03+00:00","breadcrumb":{"@id":"https:\/\/old.kosmetoloog.ee\/toode\/renophase-%d0%ba%d1%80%d0%b5%d0%bc-20-renophase-creme-20\/#breadcrumb"},"inLanguage":"et","potentialAction":[{"@type":"ReadAction","target":["https:\/\/old.kosmetoloog.ee\/toode\/renophase-%d0%ba%d1%80%d0%b5%d0%bc-20-renophase-creme-20\/"]}]},{"@type":"ImageObject","inLanguage":"et","@id":"https:\/\/old.kosmetoloog.ee\/toode\/renophase-%d0%ba%d1%80%d0%b5%d0%bc-20-renophase-creme-20\/#primaryimage","url":"https:\/\/old.kosmetoloog.ee\/wp-content\/uploads\/2023\/09\/RENEWPEEL-Creme-20.jpg","contentUrl":"https:\/\/old.kosmetoloog.ee\/wp-content\/uploads\/2023\/09\/RENEWPEEL-Creme-20.jpg","width":1000,"height":1000},{"@type":"BreadcrumbList","@id":"https:\/\/old.kosmetoloog.ee\/toode\/renophase-%d0%ba%d1%80%d0%b5%d0%bc-20-renophase-creme-20\/#breadcrumb","itemListElement":[{"@type":"ListItem","position":1,"name":"Home","item":"https:\/\/old.kosmetoloog.ee\/et\/"},{"@type":"ListItem","position":2,"name":"Pood","item":"https:\/\/old.kosmetoloog.ee\/et\/pood\/"},{"@type":"ListItem","position":3,"name":"RENOPHASE KREEM 20"}]},{"@type":"WebSite","@id":"https:\/\/old.kosmetoloog.ee\/#website","url":"https:\/\/old.kosmetoloog.ee\/","name":"Ilutoodete e-pood","description":"Kosmeetika pood","publisher":{"@id":"https:\/\/old.kosmetoloog.ee\/#organization"},"potentialAction":[{"@type":"SearchAction","target":{"@type":"EntryPoint","urlTemplate":"https:\/\/old.kosmetoloog.ee\/?s={search_term_string}"},"query-input":{"@type":"PropertyValueSpecification","valueRequired":true,"valueName":"search_term_string"}}],"inLanguage":"et"},{"@type":"Organization","@id":"https:\/\/old.kosmetoloog.ee\/#organization","name":"You are You O\u00dc","url":"https:\/\/old.kosmetoloog.ee\/","logo":{"@type":"ImageObject","inLanguage":"et","@id":"https:\/\/old.kosmetoloog.ee\/#\/schema\/logo\/image\/","url":"https:\/\/old.kosmetoloog.ee\/wp-content\/uploads\/2023\/08\/logo-1.png","contentUrl":"https:\/\/old.kosmetoloog.ee\/wp-content\/uploads\/2023\/08\/logo-1.png","width":1200,"height":964,"caption":"You are You O\u00dc"},"image":{"@id":"https:\/\/old.kosmetoloog.ee\/#\/schema\/logo\/image\/"}}]}},"brands":[{"id":45,"name":"RENOPHASE","slug":"renophase"}],"_links":{"self":[{"href":"https:\/\/old.kosmetoloog.ee\/et\/wp-json\/wp\/v2\/product\/538","targetHints":{"allow":["GET"]}}],"collection":[{"href":"https:\/\/old.kosmetoloog.ee\/et\/wp-json\/wp\/v2\/product"}],"about":[{"href":"https:\/\/old.kosmetoloog.ee\/et\/wp-json\/wp\/v2\/types\/product"}],"replies":[{"embeddable":true,"href":"https:\/\/old.kosmetoloog.ee\/et\/wp-json\/wp\/v2\/comments?post=538"}],"wp:featuredmedia":[{"embeddable":true,"href":"https:\/\/old.kosmetoloog.ee\/et\/wp-json\/wp\/v2\/media\/537"}],"wp:attachment":[{"href":"https:\/\/old.kosmetoloog.ee\/et\/wp-json\/wp\/v2\/media?parent=538"}],"wp:term":[{"taxonomy":"pwb-brand","embeddable":true,"href":"https:\/\/old.kosmetoloog.ee\/et\/wp-json\/wp\/v2\/pwb-brand?post=538"},{"taxonomy":"product_brand","embeddable":true,"href":"https:\/\/old.kosmetoloog.ee\/et\/wp-json\/wp\/v2\/product_brand?post=538"},{"taxonomy":"product_cat","embeddable":true,"href":"https:\/\/old.kosmetoloog.ee\/et\/wp-json\/wp\/v2\/product_cat?post=538"},{"taxonomy":"product_tag","embeddable":true,"href":"https:\/\/old.kosmetoloog.ee\/et\/wp-json\/wp\/v2\/product_tag?post=538"}],"curies":[{"name":"wp","href":"https:\/\/api.w.org\/{rel}","templated":true}]}}