{"id":546,"date":"2023-09-06T11:18:02","date_gmt":"2023-09-06T08:18:02","guid":{"rendered":"https:\/\/uus.kosmetoloog.ee\/product\/newskin-kreem-hydra\/"},"modified":"2023-10-19T14:30:41","modified_gmt":"2023-10-19T11:30:41","slug":"newskin-creme-hydra","status":"publish","type":"product","link":"https:\/\/old.kosmetoloog.ee\/et\/toode\/newskin-creme-hydra\/","title":{"rendered":"NEWSKIN KREEM HYDRA+"},"content":{"rendered":"<p>Rahustav ja niisutav, s\u00e4ra andev kreem tundlikule nahale<\/p>\n<p>Tundliku nahka m\u00f5jutab ka kehv v\u00f5i ebapiisav koorimine, mis muudab naha tuhmiks, kuivaks ja \u00f5hukeseks. NEWSKIN Creme Hydra+ kooriv ja taaselustav Antioks\u00fcdantne kreem taastab naha tekstuuri, niisutab ja annab s\u00e4ra. Antioks\u00fcdantne, v\u00e4ga \u00f5rnalt kooriv ja niisutav kreem on esimene samm teie igap\u00e4evases nahahooldusrutiinis. Rutiinse hommikuhooldusena on toode m\u00f5eldud kasutamiseks eelk\u00f5ige tundlikule ja n\u00f5rgestatud nahale. Multiaktiivne kreem parandab naha tekstuuri, annab sellele noorusliku v\u00e4limuse ja s\u00e4rava tooni. Taastab taas nahas vajaliku niiskuse taseme. P\u00e4evast p\u00e4eva muutub nahk pehmemaks, vol\u00fc\u00fcmikamaks ja naha struktuur \u00fchtlustub.<\/p>\n","protected":false},"excerpt":{"rendered":"<p>Suhkruroohappega naha tekstuuri \u00fchtlustav ja s\u00fcgav niisutav kreem tundliku nahale.<\/p>\n","protected":false},"featured_media":545,"comment_status":"open","ping_status":"closed","template":"","meta":{"_acf_changed":false},"pwb-brand":[45],"product_brand":[],"product_cat":[58],"product_tag":[112,109,113,111,104],"class_list":{"0":"post-546","1":"product","2":"type-product","3":"status-publish","4":"has-post-thumbnail","6":"pwb-brand-renophase","7":"product_cat-nao-ja-kaelakreemid","8":"product_tag-kuiv-nahk","9":"product_tag-rosatsea-kuperoos","10":"product_tag-tundlik-nahk","11":"product_tag-vananemisvastane","12":"product_tag-cne","14":"first","15":"instock","16":"taxable","17":"shipping-taxable","18":"purchasable","19":"product-type-simple"},"acf":[],"yoast_head":"<!-- This site is optimized with the Yoast SEO plugin v25.7 - https:\/\/yoast.com\/wordpress\/plugins\/seo\/ -->\n<title>NEWSKIN KREEM HYDRA+ - Ilutoodete e-pood<\/title>\n<meta name=\"robots\" content=\"noindex, follow, max-snippet:-1, max-image-preview:large, max-video-preview:-1\" \/>\n<meta property=\"og:locale\" content=\"et_EE\" \/>\n<meta property=\"og:type\" content=\"article\" \/>\n<meta property=\"og:title\" content=\"NEWSKIN KREEM HYDRA+ - Ilutoodete e-pood\" \/>\n<meta property=\"og:description\" content=\"Suhkruroohappega naha tekstuuri \u00fchtlustav ja s\u00fcgav niisutav kreem tundliku nahale.\" \/>\n<meta property=\"og:url\" content=\"https:\/\/old.kosmetoloog.ee\/toode\/newskin-creme-hydra\/\" \/>\n<meta property=\"og:site_name\" content=\"Ilutoodete e-pood\" \/>\n<meta property=\"article:modified_time\" content=\"2023-10-19T11:30:41+00:00\" \/>\n<meta property=\"og:image\" content=\"https:\/\/old.kosmetoloog.ee\/wp-content\/uploads\/2023\/09\/NEWSKIN_Creme_hydra.jpg\" \/>\n\t<meta property=\"og:image:width\" content=\"1200\" \/>\n\t<meta property=\"og:image:height\" content=\"1200\" \/>\n\t<meta property=\"og:image:type\" content=\"image\/jpeg\" \/>\n<meta name=\"twitter:card\" content=\"summary_large_image\" \/>\n<meta name=\"twitter:label1\" content=\"Est. reading time\" \/>\n\t<meta name=\"twitter:data1\" content=\"1 minut\" \/>\n<script type=\"application\/ld+json\" class=\"yoast-schema-graph\">{\"@context\":\"https:\/\/schema.org\",\"@graph\":[{\"@type\":\"WebPage\",\"@id\":\"https:\/\/old.kosmetoloog.ee\/toode\/newskin-creme-hydra\/\",\"url\":\"https:\/\/old.kosmetoloog.ee\/toode\/newskin-creme-hydra\/\",\"name\":\"NEWSKIN KREEM HYDRA+ - Ilutoodete e-pood\",\"isPartOf\":{\"@id\":\"https:\/\/old.kosmetoloog.ee\/#website\"},\"primaryImageOfPage\":{\"@id\":\"https:\/\/old.kosmetoloog.ee\/toode\/newskin-creme-hydra\/#primaryimage\"},\"image\":{\"@id\":\"https:\/\/old.kosmetoloog.ee\/toode\/newskin-creme-hydra\/#primaryimage\"},\"thumbnailUrl\":\"https:\/\/old.kosmetoloog.ee\/wp-content\/uploads\/2023\/09\/NEWSKIN_Creme_hydra.jpg\",\"datePublished\":\"2023-09-06T08:18:02+00:00\",\"dateModified\":\"2023-10-19T11:30:41+00:00\",\"breadcrumb\":{\"@id\":\"https:\/\/old.kosmetoloog.ee\/toode\/newskin-creme-hydra\/#breadcrumb\"},\"inLanguage\":\"et\",\"potentialAction\":[{\"@type\":\"ReadAction\",\"target\":[\"https:\/\/old.kosmetoloog.ee\/toode\/newskin-creme-hydra\/\"]}]},{\"@type\":\"ImageObject\",\"inLanguage\":\"et\",\"@id\":\"https:\/\/old.kosmetoloog.ee\/toode\/newskin-creme-hydra\/#primaryimage\",\"url\":\"https:\/\/old.kosmetoloog.ee\/wp-content\/uploads\/2023\/09\/NEWSKIN_Creme_hydra.jpg\",\"contentUrl\":\"https:\/\/old.kosmetoloog.ee\/wp-content\/uploads\/2023\/09\/NEWSKIN_Creme_hydra.jpg\",\"width\":1200,\"height\":1200},{\"@type\":\"BreadcrumbList\",\"@id\":\"https:\/\/old.kosmetoloog.ee\/toode\/newskin-creme-hydra\/#breadcrumb\",\"itemListElement\":[{\"@type\":\"ListItem\",\"position\":1,\"name\":\"Home\",\"item\":\"https:\/\/old.kosmetoloog.ee\/et\/\"},{\"@type\":\"ListItem\",\"position\":2,\"name\":\"Pood\",\"item\":\"https:\/\/old.kosmetoloog.ee\/et\/pood\/\"},{\"@type\":\"ListItem\",\"position\":3,\"name\":\"NEWSKIN KREEM HYDRA+\"}]},{\"@type\":\"WebSite\",\"@id\":\"https:\/\/old.kosmetoloog.ee\/#website\",\"url\":\"https:\/\/old.kosmetoloog.ee\/\",\"name\":\"Ilutoodete e-pood\",\"description\":\"Kosmeetika pood\",\"publisher\":{\"@id\":\"https:\/\/old.kosmetoloog.ee\/#organization\"},\"potentialAction\":[{\"@type\":\"SearchAction\",\"target\":{\"@type\":\"EntryPoint\",\"urlTemplate\":\"https:\/\/old.kosmetoloog.ee\/?s={search_term_string}\"},\"query-input\":{\"@type\":\"PropertyValueSpecification\",\"valueRequired\":true,\"valueName\":\"search_term_string\"}}],\"inLanguage\":\"et\"},{\"@type\":\"Organization\",\"@id\":\"https:\/\/old.kosmetoloog.ee\/#organization\",\"name\":\"You are You O\u00dc\",\"url\":\"https:\/\/old.kosmetoloog.ee\/\",\"logo\":{\"@type\":\"ImageObject\",\"inLanguage\":\"et\",\"@id\":\"https:\/\/old.kosmetoloog.ee\/#\/schema\/logo\/image\/\",\"url\":\"https:\/\/old.kosmetoloog.ee\/wp-content\/uploads\/2023\/08\/logo-1.png\",\"contentUrl\":\"https:\/\/old.kosmetoloog.ee\/wp-content\/uploads\/2023\/08\/logo-1.png\",\"width\":1200,\"height\":964,\"caption\":\"You are You O\u00dc\"},\"image\":{\"@id\":\"https:\/\/old.kosmetoloog.ee\/#\/schema\/logo\/image\/\"}}]}<\/script>\n<!-- \/ Yoast SEO plugin. -->","yoast_head_json":{"title":"NEWSKIN KREEM HYDRA+ - Ilutoodete e-pood","robots":{"index":"noindex","follow":"follow","max-snippet":"max-snippet:-1","max-image-preview":"max-image-preview:large","max-video-preview":"max-video-preview:-1"},"og_locale":"et_EE","og_type":"article","og_title":"NEWSKIN KREEM HYDRA+ - Ilutoodete e-pood","og_description":"Suhkruroohappega naha tekstuuri \u00fchtlustav ja s\u00fcgav niisutav kreem tundliku nahale.","og_url":"https:\/\/old.kosmetoloog.ee\/toode\/newskin-creme-hydra\/","og_site_name":"Ilutoodete e-pood","article_modified_time":"2023-10-19T11:30:41+00:00","og_image":[{"width":1200,"height":1200,"url":"https:\/\/old.kosmetoloog.ee\/wp-content\/uploads\/2023\/09\/NEWSKIN_Creme_hydra.jpg","type":"image\/jpeg"}],"twitter_card":"summary_large_image","twitter_misc":{"Est. reading time":"1 minut"},"schema":{"@context":"https:\/\/schema.org","@graph":[{"@type":"WebPage","@id":"https:\/\/old.kosmetoloog.ee\/toode\/newskin-creme-hydra\/","url":"https:\/\/old.kosmetoloog.ee\/toode\/newskin-creme-hydra\/","name":"NEWSKIN KREEM HYDRA+ - Ilutoodete e-pood","isPartOf":{"@id":"https:\/\/old.kosmetoloog.ee\/#website"},"primaryImageOfPage":{"@id":"https:\/\/old.kosmetoloog.ee\/toode\/newskin-creme-hydra\/#primaryimage"},"image":{"@id":"https:\/\/old.kosmetoloog.ee\/toode\/newskin-creme-hydra\/#primaryimage"},"thumbnailUrl":"https:\/\/old.kosmetoloog.ee\/wp-content\/uploads\/2023\/09\/NEWSKIN_Creme_hydra.jpg","datePublished":"2023-09-06T08:18:02+00:00","dateModified":"2023-10-19T11:30:41+00:00","breadcrumb":{"@id":"https:\/\/old.kosmetoloog.ee\/toode\/newskin-creme-hydra\/#breadcrumb"},"inLanguage":"et","potentialAction":[{"@type":"ReadAction","target":["https:\/\/old.kosmetoloog.ee\/toode\/newskin-creme-hydra\/"]}]},{"@type":"ImageObject","inLanguage":"et","@id":"https:\/\/old.kosmetoloog.ee\/toode\/newskin-creme-hydra\/#primaryimage","url":"https:\/\/old.kosmetoloog.ee\/wp-content\/uploads\/2023\/09\/NEWSKIN_Creme_hydra.jpg","contentUrl":"https:\/\/old.kosmetoloog.ee\/wp-content\/uploads\/2023\/09\/NEWSKIN_Creme_hydra.jpg","width":1200,"height":1200},{"@type":"BreadcrumbList","@id":"https:\/\/old.kosmetoloog.ee\/toode\/newskin-creme-hydra\/#breadcrumb","itemListElement":[{"@type":"ListItem","position":1,"name":"Home","item":"https:\/\/old.kosmetoloog.ee\/et\/"},{"@type":"ListItem","position":2,"name":"Pood","item":"https:\/\/old.kosmetoloog.ee\/et\/pood\/"},{"@type":"ListItem","position":3,"name":"NEWSKIN KREEM HYDRA+"}]},{"@type":"WebSite","@id":"https:\/\/old.kosmetoloog.ee\/#website","url":"https:\/\/old.kosmetoloog.ee\/","name":"Ilutoodete e-pood","description":"Kosmeetika pood","publisher":{"@id":"https:\/\/old.kosmetoloog.ee\/#organization"},"potentialAction":[{"@type":"SearchAction","target":{"@type":"EntryPoint","urlTemplate":"https:\/\/old.kosmetoloog.ee\/?s={search_term_string}"},"query-input":{"@type":"PropertyValueSpecification","valueRequired":true,"valueName":"search_term_string"}}],"inLanguage":"et"},{"@type":"Organization","@id":"https:\/\/old.kosmetoloog.ee\/#organization","name":"You are You O\u00dc","url":"https:\/\/old.kosmetoloog.ee\/","logo":{"@type":"ImageObject","inLanguage":"et","@id":"https:\/\/old.kosmetoloog.ee\/#\/schema\/logo\/image\/","url":"https:\/\/old.kosmetoloog.ee\/wp-content\/uploads\/2023\/08\/logo-1.png","contentUrl":"https:\/\/old.kosmetoloog.ee\/wp-content\/uploads\/2023\/08\/logo-1.png","width":1200,"height":964,"caption":"You are You O\u00dc"},"image":{"@id":"https:\/\/old.kosmetoloog.ee\/#\/schema\/logo\/image\/"}}]}},"brands":[{"id":45,"name":"RENOPHASE","slug":"renophase"}],"_links":{"self":[{"href":"https:\/\/old.kosmetoloog.ee\/et\/wp-json\/wp\/v2\/product\/546","targetHints":{"allow":["GET"]}}],"collection":[{"href":"https:\/\/old.kosmetoloog.ee\/et\/wp-json\/wp\/v2\/product"}],"about":[{"href":"https:\/\/old.kosmetoloog.ee\/et\/wp-json\/wp\/v2\/types\/product"}],"replies":[{"embeddable":true,"href":"https:\/\/old.kosmetoloog.ee\/et\/wp-json\/wp\/v2\/comments?post=546"}],"wp:featuredmedia":[{"embeddable":true,"href":"https:\/\/old.kosmetoloog.ee\/et\/wp-json\/wp\/v2\/media\/545"}],"wp:attachment":[{"href":"https:\/\/old.kosmetoloog.ee\/et\/wp-json\/wp\/v2\/media?parent=546"}],"wp:term":[{"taxonomy":"pwb-brand","embeddable":true,"href":"https:\/\/old.kosmetoloog.ee\/et\/wp-json\/wp\/v2\/pwb-brand?post=546"},{"taxonomy":"product_brand","embeddable":true,"href":"https:\/\/old.kosmetoloog.ee\/et\/wp-json\/wp\/v2\/product_brand?post=546"},{"taxonomy":"product_cat","embeddable":true,"href":"https:\/\/old.kosmetoloog.ee\/et\/wp-json\/wp\/v2\/product_cat?post=546"},{"taxonomy":"product_tag","embeddable":true,"href":"https:\/\/old.kosmetoloog.ee\/et\/wp-json\/wp\/v2\/product_tag?post=546"}],"curies":[{"name":"wp","href":"https:\/\/api.w.org\/{rel}","templated":true}]}}