{"id":592,"date":"2023-09-06T15:46:38","date_gmt":"2023-09-06T12:46:38","guid":{"rendered":"https:\/\/uus.kosmetoloog.ee\/product\/uuendab-kerge-boost-niacinamide-seerum\/"},"modified":"2023-10-19T14:18:34","modified_gmt":"2023-10-19T11:18:34","slug":"serum-renew-light-boost-with-niacinamide","status":"publish","type":"product","link":"https:\/\/old.kosmetoloog.ee\/et\/toode\/serum-renew-light-boost-with-niacinamide\/","title":{"rendered":"UUENDAB KERGE BOOST NIACINAMIDE Seerum"},"content":{"rendered":"<p>Seerum on rikas nitasiinamiidi aktiivaine poolest, mis taastab nahka, v\u00e4hendab tumedaid plekke ja annab nahale s\u00e4ra. Koostises oleva Klotho noorusemolekuliga on rakkude eluiga pikem ja nahk seel\u00e4bi tugevam ning tervem. Retin\u00fc\u00fcl on uudsel kujul retinooli vorm, mis on t\u00f5hus juba v\u00e4ikses kontsentratsioonis, kuid ohutu nii p\u00e4evasel ajal kasutamiseks kui ka ei tekita nahale \u00e4rritust ega tundlikkust.<\/p>\n<p>Niatsiinamiidil ehk s\u00e4ravitamiinil ehk vitamiin B3-l on naha jaoks helestav ja tumedaid laike v\u00e4hendav efekt. T\u00e4nu tema omadusele takistada liigse pigmendi j\u00f5udmist naha pinnale aitab ta \u00fchtlustada kogu jumet, et n\u00e4onahk n\u00e4eks v\u00e4lja terve ja s\u00e4rav.<br \/>\nLisaks on B3 vitamiinil v\u00f5ime stimuleerida kollageeni tootmist, mis on meie naha vananemise seisukohalt oluline elastsuse tagamisel ja kortsude s\u00fcgavuse v\u00e4hendamisel. Sellest veelgi olulisem on naha kaitsebarj\u00e4\u00e4ri taastamine, et v\u00e4lised tegurid ei saaks tungida l\u00e4bi pinna meie p\u00e4risnahka kahjustama. Niatsiinamiid suurendab keramiidide ja rasvhapete teket, mis moodustavad meie naharakkude vahelise materjali ja sellega ka taastavad tervikliku nahabarj\u00e4\u00e4ri.<br \/>\nP\u00f5letikuliste protsesside v\u00e4hendamisel ja aknega v\u00f5itlemisel on uuringud n\u00e4idanud h\u00e4id tulemusi kombineerides raviga vitamiini sisaldavate toodete kasutamist ning p\u00f5letikuj\u00e4rgsete armide paranemise kiirendamist. \u00dchtlasi muudab pikaajalisem kasutamine poore v\u00e4iksemaks ja naha tekstuuri \u00fchtlasemaks.<\/p>\n","protected":false},"excerpt":{"rendered":"<p>Antioks\u00fcdantne, taastav ja vananemisvastane seerum<\/p>\n","protected":false},"featured_media":591,"comment_status":"open","ping_status":"closed","template":"","meta":{"_acf_changed":false},"pwb-brand":[45],"product_brand":[],"product_cat":[61,62],"product_tag":[105,108,111],"class_list":{"0":"post-592","1":"product","2":"type-product","3":"status-publish","4":"has-post-thumbnail","6":"pwb-brand-renophase","7":"product_cat-seerumid","8":"product_cat-silmaumbruse-hooldus","9":"product_tag-koik-naha","10":"product_tag-pigmentatsioon","11":"product_tag-vananemisvastane","13":"first","14":"instock","15":"taxable","16":"shipping-taxable","17":"purchasable","18":"product-type-simple"},"acf":[],"yoast_head":"<!-- This site is optimized with the Yoast SEO plugin v25.7 - https:\/\/yoast.com\/wordpress\/plugins\/seo\/ -->\n<title>UUENDAB KERGE BOOST NIACINAMIDE Seerum - Ilutoodete e-pood<\/title>\n<meta name=\"robots\" content=\"noindex, follow, max-snippet:-1, max-image-preview:large, max-video-preview:-1\" \/>\n<meta property=\"og:locale\" content=\"et_EE\" \/>\n<meta property=\"og:type\" content=\"article\" \/>\n<meta property=\"og:title\" content=\"UUENDAB KERGE BOOST NIACINAMIDE Seerum - Ilutoodete e-pood\" \/>\n<meta property=\"og:description\" content=\"Antioks\u00fcdantne, taastav ja vananemisvastane seerum\" \/>\n<meta property=\"og:url\" content=\"https:\/\/old.kosmetoloog.ee\/toode\/serum-renew-light-boost-with-niacinamide\/\" \/>\n<meta property=\"og:site_name\" content=\"Ilutoodete e-pood\" \/>\n<meta property=\"article:modified_time\" content=\"2023-10-19T11:18:34+00:00\" \/>\n<meta property=\"og:image\" content=\"https:\/\/old.kosmetoloog.ee\/wp-content\/uploads\/2023\/09\/NIACINAMIDE-SERUM.jpeg\" \/>\n\t<meta property=\"og:image:width\" content=\"500\" \/>\n\t<meta property=\"og:image:height\" content=\"500\" \/>\n\t<meta property=\"og:image:type\" content=\"image\/jpeg\" \/>\n<meta name=\"twitter:card\" content=\"summary_large_image\" \/>\n<meta name=\"twitter:label1\" content=\"Est. reading time\" \/>\n\t<meta name=\"twitter:data1\" content=\"1 minut\" \/>\n<script type=\"application\/ld+json\" class=\"yoast-schema-graph\">{\"@context\":\"https:\/\/schema.org\",\"@graph\":[{\"@type\":\"WebPage\",\"@id\":\"https:\/\/old.kosmetoloog.ee\/toode\/serum-renew-light-boost-with-niacinamide\/\",\"url\":\"https:\/\/old.kosmetoloog.ee\/toode\/serum-renew-light-boost-with-niacinamide\/\",\"name\":\"UUENDAB KERGE BOOST NIACINAMIDE Seerum - Ilutoodete e-pood\",\"isPartOf\":{\"@id\":\"https:\/\/old.kosmetoloog.ee\/#website\"},\"primaryImageOfPage\":{\"@id\":\"https:\/\/old.kosmetoloog.ee\/toode\/serum-renew-light-boost-with-niacinamide\/#primaryimage\"},\"image\":{\"@id\":\"https:\/\/old.kosmetoloog.ee\/toode\/serum-renew-light-boost-with-niacinamide\/#primaryimage\"},\"thumbnailUrl\":\"https:\/\/old.kosmetoloog.ee\/wp-content\/uploads\/2023\/09\/NIACINAMIDE-SERUM.jpeg\",\"datePublished\":\"2023-09-06T12:46:38+00:00\",\"dateModified\":\"2023-10-19T11:18:34+00:00\",\"breadcrumb\":{\"@id\":\"https:\/\/old.kosmetoloog.ee\/toode\/serum-renew-light-boost-with-niacinamide\/#breadcrumb\"},\"inLanguage\":\"et\",\"potentialAction\":[{\"@type\":\"ReadAction\",\"target\":[\"https:\/\/old.kosmetoloog.ee\/toode\/serum-renew-light-boost-with-niacinamide\/\"]}]},{\"@type\":\"ImageObject\",\"inLanguage\":\"et\",\"@id\":\"https:\/\/old.kosmetoloog.ee\/toode\/serum-renew-light-boost-with-niacinamide\/#primaryimage\",\"url\":\"https:\/\/old.kosmetoloog.ee\/wp-content\/uploads\/2023\/09\/NIACINAMIDE-SERUM.jpeg\",\"contentUrl\":\"https:\/\/old.kosmetoloog.ee\/wp-content\/uploads\/2023\/09\/NIACINAMIDE-SERUM.jpeg\",\"width\":500,\"height\":500},{\"@type\":\"BreadcrumbList\",\"@id\":\"https:\/\/old.kosmetoloog.ee\/toode\/serum-renew-light-boost-with-niacinamide\/#breadcrumb\",\"itemListElement\":[{\"@type\":\"ListItem\",\"position\":1,\"name\":\"Home\",\"item\":\"https:\/\/old.kosmetoloog.ee\/et\/\"},{\"@type\":\"ListItem\",\"position\":2,\"name\":\"Pood\",\"item\":\"https:\/\/old.kosmetoloog.ee\/et\/pood\/\"},{\"@type\":\"ListItem\",\"position\":3,\"name\":\"UUENDAB KERGE BOOST NIACINAMIDE Seerum\"}]},{\"@type\":\"WebSite\",\"@id\":\"https:\/\/old.kosmetoloog.ee\/#website\",\"url\":\"https:\/\/old.kosmetoloog.ee\/\",\"name\":\"Ilutoodete e-pood\",\"description\":\"Kosmeetika pood\",\"publisher\":{\"@id\":\"https:\/\/old.kosmetoloog.ee\/#organization\"},\"potentialAction\":[{\"@type\":\"SearchAction\",\"target\":{\"@type\":\"EntryPoint\",\"urlTemplate\":\"https:\/\/old.kosmetoloog.ee\/?s={search_term_string}\"},\"query-input\":{\"@type\":\"PropertyValueSpecification\",\"valueRequired\":true,\"valueName\":\"search_term_string\"}}],\"inLanguage\":\"et\"},{\"@type\":\"Organization\",\"@id\":\"https:\/\/old.kosmetoloog.ee\/#organization\",\"name\":\"You are You O\u00dc\",\"url\":\"https:\/\/old.kosmetoloog.ee\/\",\"logo\":{\"@type\":\"ImageObject\",\"inLanguage\":\"et\",\"@id\":\"https:\/\/old.kosmetoloog.ee\/#\/schema\/logo\/image\/\",\"url\":\"https:\/\/old.kosmetoloog.ee\/wp-content\/uploads\/2023\/08\/logo-1.png\",\"contentUrl\":\"https:\/\/old.kosmetoloog.ee\/wp-content\/uploads\/2023\/08\/logo-1.png\",\"width\":1200,\"height\":964,\"caption\":\"You are You O\u00dc\"},\"image\":{\"@id\":\"https:\/\/old.kosmetoloog.ee\/#\/schema\/logo\/image\/\"}}]}<\/script>\n<!-- \/ Yoast SEO plugin. -->","yoast_head_json":{"title":"UUENDAB KERGE BOOST NIACINAMIDE Seerum - Ilutoodete e-pood","robots":{"index":"noindex","follow":"follow","max-snippet":"max-snippet:-1","max-image-preview":"max-image-preview:large","max-video-preview":"max-video-preview:-1"},"og_locale":"et_EE","og_type":"article","og_title":"UUENDAB KERGE BOOST NIACINAMIDE Seerum - Ilutoodete e-pood","og_description":"Antioks\u00fcdantne, taastav ja vananemisvastane seerum","og_url":"https:\/\/old.kosmetoloog.ee\/toode\/serum-renew-light-boost-with-niacinamide\/","og_site_name":"Ilutoodete e-pood","article_modified_time":"2023-10-19T11:18:34+00:00","og_image":[{"width":500,"height":500,"url":"https:\/\/old.kosmetoloog.ee\/wp-content\/uploads\/2023\/09\/NIACINAMIDE-SERUM.jpeg","type":"image\/jpeg"}],"twitter_card":"summary_large_image","twitter_misc":{"Est. reading time":"1 minut"},"schema":{"@context":"https:\/\/schema.org","@graph":[{"@type":"WebPage","@id":"https:\/\/old.kosmetoloog.ee\/toode\/serum-renew-light-boost-with-niacinamide\/","url":"https:\/\/old.kosmetoloog.ee\/toode\/serum-renew-light-boost-with-niacinamide\/","name":"UUENDAB KERGE BOOST NIACINAMIDE Seerum - Ilutoodete e-pood","isPartOf":{"@id":"https:\/\/old.kosmetoloog.ee\/#website"},"primaryImageOfPage":{"@id":"https:\/\/old.kosmetoloog.ee\/toode\/serum-renew-light-boost-with-niacinamide\/#primaryimage"},"image":{"@id":"https:\/\/old.kosmetoloog.ee\/toode\/serum-renew-light-boost-with-niacinamide\/#primaryimage"},"thumbnailUrl":"https:\/\/old.kosmetoloog.ee\/wp-content\/uploads\/2023\/09\/NIACINAMIDE-SERUM.jpeg","datePublished":"2023-09-06T12:46:38+00:00","dateModified":"2023-10-19T11:18:34+00:00","breadcrumb":{"@id":"https:\/\/old.kosmetoloog.ee\/toode\/serum-renew-light-boost-with-niacinamide\/#breadcrumb"},"inLanguage":"et","potentialAction":[{"@type":"ReadAction","target":["https:\/\/old.kosmetoloog.ee\/toode\/serum-renew-light-boost-with-niacinamide\/"]}]},{"@type":"ImageObject","inLanguage":"et","@id":"https:\/\/old.kosmetoloog.ee\/toode\/serum-renew-light-boost-with-niacinamide\/#primaryimage","url":"https:\/\/old.kosmetoloog.ee\/wp-content\/uploads\/2023\/09\/NIACINAMIDE-SERUM.jpeg","contentUrl":"https:\/\/old.kosmetoloog.ee\/wp-content\/uploads\/2023\/09\/NIACINAMIDE-SERUM.jpeg","width":500,"height":500},{"@type":"BreadcrumbList","@id":"https:\/\/old.kosmetoloog.ee\/toode\/serum-renew-light-boost-with-niacinamide\/#breadcrumb","itemListElement":[{"@type":"ListItem","position":1,"name":"Home","item":"https:\/\/old.kosmetoloog.ee\/et\/"},{"@type":"ListItem","position":2,"name":"Pood","item":"https:\/\/old.kosmetoloog.ee\/et\/pood\/"},{"@type":"ListItem","position":3,"name":"UUENDAB KERGE BOOST NIACINAMIDE Seerum"}]},{"@type":"WebSite","@id":"https:\/\/old.kosmetoloog.ee\/#website","url":"https:\/\/old.kosmetoloog.ee\/","name":"Ilutoodete e-pood","description":"Kosmeetika pood","publisher":{"@id":"https:\/\/old.kosmetoloog.ee\/#organization"},"potentialAction":[{"@type":"SearchAction","target":{"@type":"EntryPoint","urlTemplate":"https:\/\/old.kosmetoloog.ee\/?s={search_term_string}"},"query-input":{"@type":"PropertyValueSpecification","valueRequired":true,"valueName":"search_term_string"}}],"inLanguage":"et"},{"@type":"Organization","@id":"https:\/\/old.kosmetoloog.ee\/#organization","name":"You are You O\u00dc","url":"https:\/\/old.kosmetoloog.ee\/","logo":{"@type":"ImageObject","inLanguage":"et","@id":"https:\/\/old.kosmetoloog.ee\/#\/schema\/logo\/image\/","url":"https:\/\/old.kosmetoloog.ee\/wp-content\/uploads\/2023\/08\/logo-1.png","contentUrl":"https:\/\/old.kosmetoloog.ee\/wp-content\/uploads\/2023\/08\/logo-1.png","width":1200,"height":964,"caption":"You are You O\u00dc"},"image":{"@id":"https:\/\/old.kosmetoloog.ee\/#\/schema\/logo\/image\/"}}]}},"brands":[{"id":45,"name":"RENOPHASE","slug":"renophase"}],"_links":{"self":[{"href":"https:\/\/old.kosmetoloog.ee\/et\/wp-json\/wp\/v2\/product\/592","targetHints":{"allow":["GET"]}}],"collection":[{"href":"https:\/\/old.kosmetoloog.ee\/et\/wp-json\/wp\/v2\/product"}],"about":[{"href":"https:\/\/old.kosmetoloog.ee\/et\/wp-json\/wp\/v2\/types\/product"}],"replies":[{"embeddable":true,"href":"https:\/\/old.kosmetoloog.ee\/et\/wp-json\/wp\/v2\/comments?post=592"}],"wp:featuredmedia":[{"embeddable":true,"href":"https:\/\/old.kosmetoloog.ee\/et\/wp-json\/wp\/v2\/media\/591"}],"wp:attachment":[{"href":"https:\/\/old.kosmetoloog.ee\/et\/wp-json\/wp\/v2\/media?parent=592"}],"wp:term":[{"taxonomy":"pwb-brand","embeddable":true,"href":"https:\/\/old.kosmetoloog.ee\/et\/wp-json\/wp\/v2\/pwb-brand?post=592"},{"taxonomy":"product_brand","embeddable":true,"href":"https:\/\/old.kosmetoloog.ee\/et\/wp-json\/wp\/v2\/product_brand?post=592"},{"taxonomy":"product_cat","embeddable":true,"href":"https:\/\/old.kosmetoloog.ee\/et\/wp-json\/wp\/v2\/product_cat?post=592"},{"taxonomy":"product_tag","embeddable":true,"href":"https:\/\/old.kosmetoloog.ee\/et\/wp-json\/wp\/v2\/product_tag?post=592"}],"curies":[{"name":"wp","href":"https:\/\/api.w.org\/{rel}","templated":true}]}}