{"id":629,"date":"2023-09-07T12:07:10","date_gmt":"2023-09-07T09:07:10","guid":{"rendered":"https:\/\/uus.kosmetoloog.ee\/product\/renophase-renewlift-kreem\/"},"modified":"2023-10-18T14:06:55","modified_gmt":"2023-10-18T11:06:55","slug":"renophase-renewlift-creme","status":"publish","type":"product","link":"https:\/\/old.kosmetoloog.ee\/et\/toode\/renophase-renewlift-creme\/","title":{"rendered":"RENOPHASE RENEWLIFT Kreem"},"content":{"rendered":"<p>Aastate jooksul muutub n\u00e4o kuju v\u00e4hem m\u00e4\u00e4ratlevaks. Peamine p\u00f5hjus on selles, et kollageeni kiud hakkavad lagunema: naha p\u00f5histruktuuris v\u00e4heneb energia ja pinguldus, n\u00e4ojooned hakkavad vajuma ning nahk l\u00f5tvub. Renophase \u201cl\u00f5tvumisvastane v\u00f5itlus\u201d on patenteeritud koostisega. Antioks\u00fcdantne Renewlift kreem aktiveerib kollageeni ja h\u00fcaluroonhappe tootmise ning aitab sellega anda n\u00e4ole uuesti kuju. Niisutab ja pinguldab nahka. Parandab ainevahetusprotsesse ning aeglustab vananemisprotsesse.<\/p>\n","protected":false},"excerpt":{"rendered":"<p>Kortsude vastane, lihaste t\u00f6\u00f6d l\u00f5\u00f5gastav kreem. Annab nahale tagasi s\u00e4ra ja elastsuse &#8211; KORTSUTAPJA<\/p>\n","protected":false},"featured_media":628,"comment_status":"open","ping_status":"closed","template":"","meta":{"_acf_changed":false},"pwb-brand":[45],"product_brand":[],"product_cat":[58],"product_tag":[112,107,111],"class_list":{"0":"post-629","1":"product","2":"type-product","3":"status-publish","4":"has-post-thumbnail","6":"pwb-brand-renophase","7":"product_cat-nao-ja-kaelakreemid","8":"product_tag-kuiv-nahk","9":"product_tag-normaalne-nahk","10":"product_tag-vananemisvastane","12":"first","13":"instock","14":"taxable","15":"shipping-taxable","16":"purchasable","17":"product-type-simple"},"acf":[],"yoast_head":"<!-- This site is optimized with the Yoast SEO plugin v25.7 - https:\/\/yoast.com\/wordpress\/plugins\/seo\/ -->\n<title>RENOPHASE RENEWLIFT Kreem - Ilutoodete e-pood<\/title>\n<meta name=\"robots\" content=\"noindex, follow, max-snippet:-1, max-image-preview:large, max-video-preview:-1\" \/>\n<meta property=\"og:locale\" content=\"et_EE\" \/>\n<meta property=\"og:type\" content=\"article\" \/>\n<meta property=\"og:title\" content=\"RENOPHASE RENEWLIFT Kreem - Ilutoodete e-pood\" \/>\n<meta property=\"og:description\" content=\"Kortsude vastane, lihaste t\u00f6\u00f6d l\u00f5\u00f5gastav kreem. Annab nahale tagasi s\u00e4ra ja elastsuse - KORTSUTAPJA\" \/>\n<meta property=\"og:url\" content=\"https:\/\/old.kosmetoloog.ee\/toode\/renophase-renewlift-creme\/\" \/>\n<meta property=\"og:site_name\" content=\"Ilutoodete e-pood\" \/>\n<meta property=\"article:modified_time\" content=\"2023-10-18T11:06:55+00:00\" \/>\n<meta property=\"og:image\" content=\"https:\/\/old.kosmetoloog.ee\/wp-content\/uploads\/2023\/09\/RENEWLIFT_Creme.jpg\" \/>\n\t<meta property=\"og:image:width\" content=\"1200\" \/>\n\t<meta property=\"og:image:height\" content=\"1200\" \/>\n\t<meta property=\"og:image:type\" content=\"image\/jpeg\" \/>\n<meta name=\"twitter:card\" content=\"summary_large_image\" \/>\n<script type=\"application\/ld+json\" class=\"yoast-schema-graph\">{\"@context\":\"https:\/\/schema.org\",\"@graph\":[{\"@type\":\"WebPage\",\"@id\":\"https:\/\/old.kosmetoloog.ee\/toode\/renophase-renewlift-creme\/\",\"url\":\"https:\/\/old.kosmetoloog.ee\/toode\/renophase-renewlift-creme\/\",\"name\":\"RENOPHASE RENEWLIFT Kreem - Ilutoodete e-pood\",\"isPartOf\":{\"@id\":\"https:\/\/old.kosmetoloog.ee\/#website\"},\"primaryImageOfPage\":{\"@id\":\"https:\/\/old.kosmetoloog.ee\/toode\/renophase-renewlift-creme\/#primaryimage\"},\"image\":{\"@id\":\"https:\/\/old.kosmetoloog.ee\/toode\/renophase-renewlift-creme\/#primaryimage\"},\"thumbnailUrl\":\"https:\/\/old.kosmetoloog.ee\/wp-content\/uploads\/2023\/09\/RENEWLIFT_Creme.jpg\",\"datePublished\":\"2023-09-07T09:07:10+00:00\",\"dateModified\":\"2023-10-18T11:06:55+00:00\",\"breadcrumb\":{\"@id\":\"https:\/\/old.kosmetoloog.ee\/toode\/renophase-renewlift-creme\/#breadcrumb\"},\"inLanguage\":\"et\",\"potentialAction\":[{\"@type\":\"ReadAction\",\"target\":[\"https:\/\/old.kosmetoloog.ee\/toode\/renophase-renewlift-creme\/\"]}]},{\"@type\":\"ImageObject\",\"inLanguage\":\"et\",\"@id\":\"https:\/\/old.kosmetoloog.ee\/toode\/renophase-renewlift-creme\/#primaryimage\",\"url\":\"https:\/\/old.kosmetoloog.ee\/wp-content\/uploads\/2023\/09\/RENEWLIFT_Creme.jpg\",\"contentUrl\":\"https:\/\/old.kosmetoloog.ee\/wp-content\/uploads\/2023\/09\/RENEWLIFT_Creme.jpg\",\"width\":1200,\"height\":1200},{\"@type\":\"BreadcrumbList\",\"@id\":\"https:\/\/old.kosmetoloog.ee\/toode\/renophase-renewlift-creme\/#breadcrumb\",\"itemListElement\":[{\"@type\":\"ListItem\",\"position\":1,\"name\":\"Home\",\"item\":\"https:\/\/old.kosmetoloog.ee\/et\/\"},{\"@type\":\"ListItem\",\"position\":2,\"name\":\"Pood\",\"item\":\"https:\/\/old.kosmetoloog.ee\/et\/pood\/\"},{\"@type\":\"ListItem\",\"position\":3,\"name\":\"RENOPHASE RENEWLIFT Kreem\"}]},{\"@type\":\"WebSite\",\"@id\":\"https:\/\/old.kosmetoloog.ee\/#website\",\"url\":\"https:\/\/old.kosmetoloog.ee\/\",\"name\":\"Ilutoodete e-pood\",\"description\":\"Kosmeetika pood\",\"publisher\":{\"@id\":\"https:\/\/old.kosmetoloog.ee\/#organization\"},\"potentialAction\":[{\"@type\":\"SearchAction\",\"target\":{\"@type\":\"EntryPoint\",\"urlTemplate\":\"https:\/\/old.kosmetoloog.ee\/?s={search_term_string}\"},\"query-input\":{\"@type\":\"PropertyValueSpecification\",\"valueRequired\":true,\"valueName\":\"search_term_string\"}}],\"inLanguage\":\"et\"},{\"@type\":\"Organization\",\"@id\":\"https:\/\/old.kosmetoloog.ee\/#organization\",\"name\":\"You are You O\u00dc\",\"url\":\"https:\/\/old.kosmetoloog.ee\/\",\"logo\":{\"@type\":\"ImageObject\",\"inLanguage\":\"et\",\"@id\":\"https:\/\/old.kosmetoloog.ee\/#\/schema\/logo\/image\/\",\"url\":\"https:\/\/old.kosmetoloog.ee\/wp-content\/uploads\/2023\/08\/logo-1.png\",\"contentUrl\":\"https:\/\/old.kosmetoloog.ee\/wp-content\/uploads\/2023\/08\/logo-1.png\",\"width\":1200,\"height\":964,\"caption\":\"You are You O\u00dc\"},\"image\":{\"@id\":\"https:\/\/old.kosmetoloog.ee\/#\/schema\/logo\/image\/\"}}]}<\/script>\n<!-- \/ Yoast SEO plugin. -->","yoast_head_json":{"title":"RENOPHASE RENEWLIFT Kreem - Ilutoodete e-pood","robots":{"index":"noindex","follow":"follow","max-snippet":"max-snippet:-1","max-image-preview":"max-image-preview:large","max-video-preview":"max-video-preview:-1"},"og_locale":"et_EE","og_type":"article","og_title":"RENOPHASE RENEWLIFT Kreem - Ilutoodete e-pood","og_description":"Kortsude vastane, lihaste t\u00f6\u00f6d l\u00f5\u00f5gastav kreem. Annab nahale tagasi s\u00e4ra ja elastsuse - KORTSUTAPJA","og_url":"https:\/\/old.kosmetoloog.ee\/toode\/renophase-renewlift-creme\/","og_site_name":"Ilutoodete e-pood","article_modified_time":"2023-10-18T11:06:55+00:00","og_image":[{"width":1200,"height":1200,"url":"https:\/\/old.kosmetoloog.ee\/wp-content\/uploads\/2023\/09\/RENEWLIFT_Creme.jpg","type":"image\/jpeg"}],"twitter_card":"summary_large_image","schema":{"@context":"https:\/\/schema.org","@graph":[{"@type":"WebPage","@id":"https:\/\/old.kosmetoloog.ee\/toode\/renophase-renewlift-creme\/","url":"https:\/\/old.kosmetoloog.ee\/toode\/renophase-renewlift-creme\/","name":"RENOPHASE RENEWLIFT Kreem - Ilutoodete e-pood","isPartOf":{"@id":"https:\/\/old.kosmetoloog.ee\/#website"},"primaryImageOfPage":{"@id":"https:\/\/old.kosmetoloog.ee\/toode\/renophase-renewlift-creme\/#primaryimage"},"image":{"@id":"https:\/\/old.kosmetoloog.ee\/toode\/renophase-renewlift-creme\/#primaryimage"},"thumbnailUrl":"https:\/\/old.kosmetoloog.ee\/wp-content\/uploads\/2023\/09\/RENEWLIFT_Creme.jpg","datePublished":"2023-09-07T09:07:10+00:00","dateModified":"2023-10-18T11:06:55+00:00","breadcrumb":{"@id":"https:\/\/old.kosmetoloog.ee\/toode\/renophase-renewlift-creme\/#breadcrumb"},"inLanguage":"et","potentialAction":[{"@type":"ReadAction","target":["https:\/\/old.kosmetoloog.ee\/toode\/renophase-renewlift-creme\/"]}]},{"@type":"ImageObject","inLanguage":"et","@id":"https:\/\/old.kosmetoloog.ee\/toode\/renophase-renewlift-creme\/#primaryimage","url":"https:\/\/old.kosmetoloog.ee\/wp-content\/uploads\/2023\/09\/RENEWLIFT_Creme.jpg","contentUrl":"https:\/\/old.kosmetoloog.ee\/wp-content\/uploads\/2023\/09\/RENEWLIFT_Creme.jpg","width":1200,"height":1200},{"@type":"BreadcrumbList","@id":"https:\/\/old.kosmetoloog.ee\/toode\/renophase-renewlift-creme\/#breadcrumb","itemListElement":[{"@type":"ListItem","position":1,"name":"Home","item":"https:\/\/old.kosmetoloog.ee\/et\/"},{"@type":"ListItem","position":2,"name":"Pood","item":"https:\/\/old.kosmetoloog.ee\/et\/pood\/"},{"@type":"ListItem","position":3,"name":"RENOPHASE RENEWLIFT Kreem"}]},{"@type":"WebSite","@id":"https:\/\/old.kosmetoloog.ee\/#website","url":"https:\/\/old.kosmetoloog.ee\/","name":"Ilutoodete e-pood","description":"Kosmeetika pood","publisher":{"@id":"https:\/\/old.kosmetoloog.ee\/#organization"},"potentialAction":[{"@type":"SearchAction","target":{"@type":"EntryPoint","urlTemplate":"https:\/\/old.kosmetoloog.ee\/?s={search_term_string}"},"query-input":{"@type":"PropertyValueSpecification","valueRequired":true,"valueName":"search_term_string"}}],"inLanguage":"et"},{"@type":"Organization","@id":"https:\/\/old.kosmetoloog.ee\/#organization","name":"You are You O\u00dc","url":"https:\/\/old.kosmetoloog.ee\/","logo":{"@type":"ImageObject","inLanguage":"et","@id":"https:\/\/old.kosmetoloog.ee\/#\/schema\/logo\/image\/","url":"https:\/\/old.kosmetoloog.ee\/wp-content\/uploads\/2023\/08\/logo-1.png","contentUrl":"https:\/\/old.kosmetoloog.ee\/wp-content\/uploads\/2023\/08\/logo-1.png","width":1200,"height":964,"caption":"You are You O\u00dc"},"image":{"@id":"https:\/\/old.kosmetoloog.ee\/#\/schema\/logo\/image\/"}}]}},"brands":[{"id":45,"name":"RENOPHASE","slug":"renophase"}],"_links":{"self":[{"href":"https:\/\/old.kosmetoloog.ee\/et\/wp-json\/wp\/v2\/product\/629","targetHints":{"allow":["GET"]}}],"collection":[{"href":"https:\/\/old.kosmetoloog.ee\/et\/wp-json\/wp\/v2\/product"}],"about":[{"href":"https:\/\/old.kosmetoloog.ee\/et\/wp-json\/wp\/v2\/types\/product"}],"replies":[{"embeddable":true,"href":"https:\/\/old.kosmetoloog.ee\/et\/wp-json\/wp\/v2\/comments?post=629"}],"wp:featuredmedia":[{"embeddable":true,"href":"https:\/\/old.kosmetoloog.ee\/et\/wp-json\/wp\/v2\/media\/628"}],"wp:attachment":[{"href":"https:\/\/old.kosmetoloog.ee\/et\/wp-json\/wp\/v2\/media?parent=629"}],"wp:term":[{"taxonomy":"pwb-brand","embeddable":true,"href":"https:\/\/old.kosmetoloog.ee\/et\/wp-json\/wp\/v2\/pwb-brand?post=629"},{"taxonomy":"product_brand","embeddable":true,"href":"https:\/\/old.kosmetoloog.ee\/et\/wp-json\/wp\/v2\/product_brand?post=629"},{"taxonomy":"product_cat","embeddable":true,"href":"https:\/\/old.kosmetoloog.ee\/et\/wp-json\/wp\/v2\/product_cat?post=629"},{"taxonomy":"product_tag","embeddable":true,"href":"https:\/\/old.kosmetoloog.ee\/et\/wp-json\/wp\/v2\/product_tag?post=629"}],"curies":[{"name":"wp","href":"https:\/\/api.w.org\/{rel}","templated":true}]}}