{"id":650,"date":"2023-08-24T15:57:12","date_gmt":"2023-08-24T12:57:12","guid":{"rendered":"https:\/\/uus.kosmetoloog.ee\/product\/ookreem-circa-cn7\/"},"modified":"2023-10-19T17:23:13","modified_gmt":"2023-10-19T14:23:13","slug":"circa-night-circa-night-creme-cn7","status":"publish","type":"product","link":"https:\/\/old.kosmetoloog.ee\/et\/toode\/circa-night-circa-night-creme-cn7\/","title":{"rendered":"\u00d6\u00d6KREEM CIRCA (CN7)"},"content":{"rendered":"<p>Circa-Night Cream kustutab nahalt k\u00f5ik magamata \u00f6\u00f6de, unepuuduse ja v\u00e4simuse j\u00e4ljed. Circa-Night kreem on asendamatu v\u00e4rsketele lapsevanematele, stressirohke t\u00f6\u00f6ga, hilistel tundidel t\u00f6\u00f6tavatele inimestele ja k\u00f5igile, kes ei saa korralikult magada. Circa-Night Cream toimib otse naharakkudele, et taastada terve raku ainevahetus ja \u00f6\u00f6p\u00e4evased r\u00fctmid.<\/p>\n<p>Regulaarselt kasutatav Circa-Night Repair Cream aitab v\u00e4ltida stressist ja vananemisest p\u00f5hjustatud kahjustusi. Regulaarsel kasutamisel aitab Circa-Night v\u00e4hendada k\u00f5iki unepuuduse m\u00e4rke, sealhulgas ketendus, s\u00fcgelus, \u00e4rritus, eba\u00fchtlane ja tuhm jume, laienenud poorid, nahaplekid, kuivus ja tundlikkus.<\/p>\n<p>Kreem sobib igale nahat\u00fc\u00fcbile, aeglustab vananemiskiirust ja v\u00e4hendab kortsude s\u00fcgavust. Te tunnete vahet p\u00e4rast esimest rakendust!<\/p>\n","protected":false},"excerpt":{"rendered":"<p>Uuenduslik taastav \u00f6\u00f6kreem, mis on loodud kahjustatud naha intensiivseks taastamiseks.<\/p>\n","protected":false},"featured_media":336,"comment_status":"open","ping_status":"closed","template":"","meta":{"_acf_changed":false},"pwb-brand":[21],"product_brand":[],"product_cat":[58],"product_tag":[105,111],"class_list":{"0":"post-650","1":"product","2":"type-product","3":"status-publish","4":"has-post-thumbnail","6":"pwb-brand-meder-beauty-science","7":"product_cat-nao-ja-kaelakreemid","8":"product_tag-koik-naha","9":"product_tag-vananemisvastane","11":"first","12":"instock","13":"taxable","14":"shipping-taxable","15":"purchasable","16":"product-type-simple"},"acf":[],"yoast_head":"<!-- This site is optimized with the Yoast SEO plugin v25.7 - https:\/\/yoast.com\/wordpress\/plugins\/seo\/ -->\n<title>\u00d6\u00d6KREEM CIRCA (CN7) - Ilutoodete e-pood<\/title>\n<meta name=\"robots\" content=\"noindex, follow, max-snippet:-1, max-image-preview:large, max-video-preview:-1\" \/>\n<meta property=\"og:locale\" content=\"et_EE\" \/>\n<meta property=\"og:type\" content=\"article\" \/>\n<meta property=\"og:title\" content=\"\u00d6\u00d6KREEM CIRCA (CN7) - Ilutoodete e-pood\" \/>\n<meta property=\"og:description\" content=\"Uuenduslik taastav \u00f6\u00f6kreem, mis on loodud kahjustatud naha intensiivseks taastamiseks.\" \/>\n<meta property=\"og:url\" content=\"https:\/\/old.kosmetoloog.ee\/toode\/circa-night-circa-night-creme-cn7\/\" \/>\n<meta property=\"og:site_name\" content=\"Ilutoodete e-pood\" \/>\n<meta property=\"article:modified_time\" content=\"2023-10-19T14:23:13+00:00\" \/>\n<meta property=\"og:image\" content=\"https:\/\/old.kosmetoloog.ee\/wp-content\/uploads\/2023\/08\/Circa-Night-Creme.jpg\" \/>\n\t<meta property=\"og:image:width\" content=\"693\" \/>\n\t<meta property=\"og:image:height\" content=\"751\" \/>\n\t<meta property=\"og:image:type\" content=\"image\/jpeg\" \/>\n<meta name=\"twitter:card\" content=\"summary_large_image\" \/>\n<meta name=\"twitter:label1\" content=\"Est. reading time\" \/>\n\t<meta name=\"twitter:data1\" content=\"1 minut\" \/>\n<script type=\"application\/ld+json\" class=\"yoast-schema-graph\">{\"@context\":\"https:\/\/schema.org\",\"@graph\":[{\"@type\":\"WebPage\",\"@id\":\"https:\/\/old.kosmetoloog.ee\/toode\/circa-night-circa-night-creme-cn7\/\",\"url\":\"https:\/\/old.kosmetoloog.ee\/toode\/circa-night-circa-night-creme-cn7\/\",\"name\":\"\u00d6\u00d6KREEM CIRCA (CN7) - Ilutoodete e-pood\",\"isPartOf\":{\"@id\":\"https:\/\/old.kosmetoloog.ee\/#website\"},\"primaryImageOfPage\":{\"@id\":\"https:\/\/old.kosmetoloog.ee\/toode\/circa-night-circa-night-creme-cn7\/#primaryimage\"},\"image\":{\"@id\":\"https:\/\/old.kosmetoloog.ee\/toode\/circa-night-circa-night-creme-cn7\/#primaryimage\"},\"thumbnailUrl\":\"https:\/\/old.kosmetoloog.ee\/wp-content\/uploads\/2023\/08\/Circa-Night-Creme.jpg\",\"datePublished\":\"2023-08-24T12:57:12+00:00\",\"dateModified\":\"2023-10-19T14:23:13+00:00\",\"breadcrumb\":{\"@id\":\"https:\/\/old.kosmetoloog.ee\/toode\/circa-night-circa-night-creme-cn7\/#breadcrumb\"},\"inLanguage\":\"et\",\"potentialAction\":[{\"@type\":\"ReadAction\",\"target\":[\"https:\/\/old.kosmetoloog.ee\/toode\/circa-night-circa-night-creme-cn7\/\"]}]},{\"@type\":\"ImageObject\",\"inLanguage\":\"et\",\"@id\":\"https:\/\/old.kosmetoloog.ee\/toode\/circa-night-circa-night-creme-cn7\/#primaryimage\",\"url\":\"https:\/\/old.kosmetoloog.ee\/wp-content\/uploads\/2023\/08\/Circa-Night-Creme.jpg\",\"contentUrl\":\"https:\/\/old.kosmetoloog.ee\/wp-content\/uploads\/2023\/08\/Circa-Night-Creme.jpg\",\"width\":693,\"height\":751},{\"@type\":\"BreadcrumbList\",\"@id\":\"https:\/\/old.kosmetoloog.ee\/toode\/circa-night-circa-night-creme-cn7\/#breadcrumb\",\"itemListElement\":[{\"@type\":\"ListItem\",\"position\":1,\"name\":\"Home\",\"item\":\"https:\/\/old.kosmetoloog.ee\/et\/\"},{\"@type\":\"ListItem\",\"position\":2,\"name\":\"Pood\",\"item\":\"https:\/\/old.kosmetoloog.ee\/et\/pood\/\"},{\"@type\":\"ListItem\",\"position\":3,\"name\":\"\u00d6\u00d6KREEM CIRCA (CN7)\"}]},{\"@type\":\"WebSite\",\"@id\":\"https:\/\/old.kosmetoloog.ee\/#website\",\"url\":\"https:\/\/old.kosmetoloog.ee\/\",\"name\":\"Ilutoodete e-pood\",\"description\":\"Kosmeetika pood\",\"publisher\":{\"@id\":\"https:\/\/old.kosmetoloog.ee\/#organization\"},\"potentialAction\":[{\"@type\":\"SearchAction\",\"target\":{\"@type\":\"EntryPoint\",\"urlTemplate\":\"https:\/\/old.kosmetoloog.ee\/?s={search_term_string}\"},\"query-input\":{\"@type\":\"PropertyValueSpecification\",\"valueRequired\":true,\"valueName\":\"search_term_string\"}}],\"inLanguage\":\"et\"},{\"@type\":\"Organization\",\"@id\":\"https:\/\/old.kosmetoloog.ee\/#organization\",\"name\":\"You are You O\u00dc\",\"url\":\"https:\/\/old.kosmetoloog.ee\/\",\"logo\":{\"@type\":\"ImageObject\",\"inLanguage\":\"et\",\"@id\":\"https:\/\/old.kosmetoloog.ee\/#\/schema\/logo\/image\/\",\"url\":\"https:\/\/old.kosmetoloog.ee\/wp-content\/uploads\/2023\/08\/logo-1.png\",\"contentUrl\":\"https:\/\/old.kosmetoloog.ee\/wp-content\/uploads\/2023\/08\/logo-1.png\",\"width\":1200,\"height\":964,\"caption\":\"You are You O\u00dc\"},\"image\":{\"@id\":\"https:\/\/old.kosmetoloog.ee\/#\/schema\/logo\/image\/\"}}]}<\/script>\n<!-- \/ Yoast SEO plugin. -->","yoast_head_json":{"title":"\u00d6\u00d6KREEM CIRCA (CN7) - Ilutoodete e-pood","robots":{"index":"noindex","follow":"follow","max-snippet":"max-snippet:-1","max-image-preview":"max-image-preview:large","max-video-preview":"max-video-preview:-1"},"og_locale":"et_EE","og_type":"article","og_title":"\u00d6\u00d6KREEM CIRCA (CN7) - Ilutoodete e-pood","og_description":"Uuenduslik taastav \u00f6\u00f6kreem, mis on loodud kahjustatud naha intensiivseks taastamiseks.","og_url":"https:\/\/old.kosmetoloog.ee\/toode\/circa-night-circa-night-creme-cn7\/","og_site_name":"Ilutoodete e-pood","article_modified_time":"2023-10-19T14:23:13+00:00","og_image":[{"width":693,"height":751,"url":"https:\/\/old.kosmetoloog.ee\/wp-content\/uploads\/2023\/08\/Circa-Night-Creme.jpg","type":"image\/jpeg"}],"twitter_card":"summary_large_image","twitter_misc":{"Est. reading time":"1 minut"},"schema":{"@context":"https:\/\/schema.org","@graph":[{"@type":"WebPage","@id":"https:\/\/old.kosmetoloog.ee\/toode\/circa-night-circa-night-creme-cn7\/","url":"https:\/\/old.kosmetoloog.ee\/toode\/circa-night-circa-night-creme-cn7\/","name":"\u00d6\u00d6KREEM CIRCA (CN7) - Ilutoodete e-pood","isPartOf":{"@id":"https:\/\/old.kosmetoloog.ee\/#website"},"primaryImageOfPage":{"@id":"https:\/\/old.kosmetoloog.ee\/toode\/circa-night-circa-night-creme-cn7\/#primaryimage"},"image":{"@id":"https:\/\/old.kosmetoloog.ee\/toode\/circa-night-circa-night-creme-cn7\/#primaryimage"},"thumbnailUrl":"https:\/\/old.kosmetoloog.ee\/wp-content\/uploads\/2023\/08\/Circa-Night-Creme.jpg","datePublished":"2023-08-24T12:57:12+00:00","dateModified":"2023-10-19T14:23:13+00:00","breadcrumb":{"@id":"https:\/\/old.kosmetoloog.ee\/toode\/circa-night-circa-night-creme-cn7\/#breadcrumb"},"inLanguage":"et","potentialAction":[{"@type":"ReadAction","target":["https:\/\/old.kosmetoloog.ee\/toode\/circa-night-circa-night-creme-cn7\/"]}]},{"@type":"ImageObject","inLanguage":"et","@id":"https:\/\/old.kosmetoloog.ee\/toode\/circa-night-circa-night-creme-cn7\/#primaryimage","url":"https:\/\/old.kosmetoloog.ee\/wp-content\/uploads\/2023\/08\/Circa-Night-Creme.jpg","contentUrl":"https:\/\/old.kosmetoloog.ee\/wp-content\/uploads\/2023\/08\/Circa-Night-Creme.jpg","width":693,"height":751},{"@type":"BreadcrumbList","@id":"https:\/\/old.kosmetoloog.ee\/toode\/circa-night-circa-night-creme-cn7\/#breadcrumb","itemListElement":[{"@type":"ListItem","position":1,"name":"Home","item":"https:\/\/old.kosmetoloog.ee\/et\/"},{"@type":"ListItem","position":2,"name":"Pood","item":"https:\/\/old.kosmetoloog.ee\/et\/pood\/"},{"@type":"ListItem","position":3,"name":"\u00d6\u00d6KREEM CIRCA (CN7)"}]},{"@type":"WebSite","@id":"https:\/\/old.kosmetoloog.ee\/#website","url":"https:\/\/old.kosmetoloog.ee\/","name":"Ilutoodete e-pood","description":"Kosmeetika pood","publisher":{"@id":"https:\/\/old.kosmetoloog.ee\/#organization"},"potentialAction":[{"@type":"SearchAction","target":{"@type":"EntryPoint","urlTemplate":"https:\/\/old.kosmetoloog.ee\/?s={search_term_string}"},"query-input":{"@type":"PropertyValueSpecification","valueRequired":true,"valueName":"search_term_string"}}],"inLanguage":"et"},{"@type":"Organization","@id":"https:\/\/old.kosmetoloog.ee\/#organization","name":"You are You O\u00dc","url":"https:\/\/old.kosmetoloog.ee\/","logo":{"@type":"ImageObject","inLanguage":"et","@id":"https:\/\/old.kosmetoloog.ee\/#\/schema\/logo\/image\/","url":"https:\/\/old.kosmetoloog.ee\/wp-content\/uploads\/2023\/08\/logo-1.png","contentUrl":"https:\/\/old.kosmetoloog.ee\/wp-content\/uploads\/2023\/08\/logo-1.png","width":1200,"height":964,"caption":"You are You O\u00dc"},"image":{"@id":"https:\/\/old.kosmetoloog.ee\/#\/schema\/logo\/image\/"}}]}},"brands":[{"id":21,"name":"MEDER BEAUTY SCIENCE","slug":"meder-beauty-science"}],"_links":{"self":[{"href":"https:\/\/old.kosmetoloog.ee\/et\/wp-json\/wp\/v2\/product\/650","targetHints":{"allow":["GET"]}}],"collection":[{"href":"https:\/\/old.kosmetoloog.ee\/et\/wp-json\/wp\/v2\/product"}],"about":[{"href":"https:\/\/old.kosmetoloog.ee\/et\/wp-json\/wp\/v2\/types\/product"}],"replies":[{"embeddable":true,"href":"https:\/\/old.kosmetoloog.ee\/et\/wp-json\/wp\/v2\/comments?post=650"}],"wp:featuredmedia":[{"embeddable":true,"href":"https:\/\/old.kosmetoloog.ee\/et\/wp-json\/wp\/v2\/media\/336"}],"wp:attachment":[{"href":"https:\/\/old.kosmetoloog.ee\/et\/wp-json\/wp\/v2\/media?parent=650"}],"wp:term":[{"taxonomy":"pwb-brand","embeddable":true,"href":"https:\/\/old.kosmetoloog.ee\/et\/wp-json\/wp\/v2\/pwb-brand?post=650"},{"taxonomy":"product_brand","embeddable":true,"href":"https:\/\/old.kosmetoloog.ee\/et\/wp-json\/wp\/v2\/product_brand?post=650"},{"taxonomy":"product_cat","embeddable":true,"href":"https:\/\/old.kosmetoloog.ee\/et\/wp-json\/wp\/v2\/product_cat?post=650"},{"taxonomy":"product_tag","embeddable":true,"href":"https:\/\/old.kosmetoloog.ee\/et\/wp-json\/wp\/v2\/product_tag?post=650"}],"curies":[{"name":"wp","href":"https:\/\/api.w.org\/{rel}","templated":true}]}}