{"id":658,"date":"2023-08-28T19:24:27","date_gmt":"2023-08-28T16:24:27","guid":{"rendered":"https:\/\/uus.kosmetoloog.ee\/product\/red-apax-kontsentraat-ra4\/"},"modified":"2023-10-19T17:18:22","modified_gmt":"2023-10-19T14:18:22","slug":"concentrate-red-apax-ra4","status":"publish","type":"product","link":"https:\/\/old.kosmetoloog.ee\/et\/toode\/concentrate-red-apax-ra4\/","title":{"rendered":"RED-APAX KONTSENTRAAT (RA4)"},"content":{"rendered":"<p>Rahustav kontsentraat tundlikule, punasele ja rosaatseale kalduvale nahale. Red-Apax Concentrate on maailma esimene nahahooldustoode punetuse, tundlikkuse ja isegi kuumahoogude vastu! Kontsentraat koostoimib loomulikult viisil naha n\u00e4rvis\u00fcsteemiga, v\u00e4hendades silmapilkselt punetust ja taastades mugavustunde. Red-Apax kontsentraat aitab leevendada kuumahoogusid menopausi ajal ja taastab mugavustunde rosaatseaga inimestel. Ideaalne taastumiseks p\u00e4rast laserv\u00e4rvimist ja keemilist koorimist.<\/p>\n","protected":false},"excerpt":{"rendered":"<p>Prebiootiline ravi rosaatsea ja kahjustatud veresoontega nahale<\/p>\n","protected":false},"featured_media":368,"comment_status":"open","ping_status":"closed","template":"","meta":{"_acf_changed":false},"pwb-brand":[21],"product_brand":[],"product_cat":[64],"product_tag":[109,113],"class_list":{"0":"post-658","1":"product","2":"type-product","3":"status-publish","4":"has-post-thumbnail","6":"pwb-brand-meder-beauty-science","7":"product_cat-kontsentraadid","8":"product_tag-rosatsea-kuperoos","9":"product_tag-tundlik-nahk","11":"first","12":"instock","13":"taxable","14":"shipping-taxable","15":"purchasable","16":"product-type-simple"},"acf":[],"yoast_head":"<!-- This site is optimized with the Yoast SEO plugin v25.7 - https:\/\/yoast.com\/wordpress\/plugins\/seo\/ -->\n<title>RED-APAX KONTSENTRAAT (RA4) - Ilutoodete e-pood<\/title>\n<meta name=\"robots\" content=\"noindex, follow, max-snippet:-1, max-image-preview:large, max-video-preview:-1\" \/>\n<meta property=\"og:locale\" content=\"et_EE\" \/>\n<meta property=\"og:type\" content=\"article\" \/>\n<meta property=\"og:title\" content=\"RED-APAX KONTSENTRAAT (RA4) - Ilutoodete e-pood\" \/>\n<meta property=\"og:description\" content=\"Prebiootiline ravi rosaatsea ja kahjustatud veresoontega nahale\" \/>\n<meta property=\"og:url\" content=\"https:\/\/old.kosmetoloog.ee\/toode\/concentrate-red-apax-ra4\/\" \/>\n<meta property=\"og:site_name\" content=\"Ilutoodete e-pood\" \/>\n<meta property=\"article:modified_time\" content=\"2023-10-19T14:18:22+00:00\" \/>\n<meta property=\"og:image\" content=\"https:\/\/old.kosmetoloog.ee\/wp-content\/uploads\/2023\/08\/\u041a\u041e\u041d\u0426\u0415\u041d\u0422\u0420\u0410\u0422-\u0420\u0415\u0414-\u0410\u041f\u0410\u041a\u0421.png\" \/>\n\t<meta property=\"og:image:width\" content=\"1325\" \/>\n\t<meta property=\"og:image:height\" content=\"1325\" \/>\n\t<meta property=\"og:image:type\" content=\"image\/png\" \/>\n<meta name=\"twitter:card\" content=\"summary_large_image\" \/>\n<script type=\"application\/ld+json\" class=\"yoast-schema-graph\">{\"@context\":\"https:\/\/schema.org\",\"@graph\":[{\"@type\":\"WebPage\",\"@id\":\"https:\/\/old.kosmetoloog.ee\/toode\/concentrate-red-apax-ra4\/\",\"url\":\"https:\/\/old.kosmetoloog.ee\/toode\/concentrate-red-apax-ra4\/\",\"name\":\"RED-APAX KONTSENTRAAT (RA4) - Ilutoodete e-pood\",\"isPartOf\":{\"@id\":\"https:\/\/old.kosmetoloog.ee\/#website\"},\"primaryImageOfPage\":{\"@id\":\"https:\/\/old.kosmetoloog.ee\/toode\/concentrate-red-apax-ra4\/#primaryimage\"},\"image\":{\"@id\":\"https:\/\/old.kosmetoloog.ee\/toode\/concentrate-red-apax-ra4\/#primaryimage\"},\"thumbnailUrl\":\"https:\/\/old.kosmetoloog.ee\/wp-content\/uploads\/2023\/08\/\u041a\u041e\u041d\u0426\u0415\u041d\u0422\u0420\u0410\u0422-\u0420\u0415\u0414-\u0410\u041f\u0410\u041a\u0421.png\",\"datePublished\":\"2023-08-28T16:24:27+00:00\",\"dateModified\":\"2023-10-19T14:18:22+00:00\",\"breadcrumb\":{\"@id\":\"https:\/\/old.kosmetoloog.ee\/toode\/concentrate-red-apax-ra4\/#breadcrumb\"},\"inLanguage\":\"et\",\"potentialAction\":[{\"@type\":\"ReadAction\",\"target\":[\"https:\/\/old.kosmetoloog.ee\/toode\/concentrate-red-apax-ra4\/\"]}]},{\"@type\":\"ImageObject\",\"inLanguage\":\"et\",\"@id\":\"https:\/\/old.kosmetoloog.ee\/toode\/concentrate-red-apax-ra4\/#primaryimage\",\"url\":\"https:\/\/old.kosmetoloog.ee\/wp-content\/uploads\/2023\/08\/\u041a\u041e\u041d\u0426\u0415\u041d\u0422\u0420\u0410\u0422-\u0420\u0415\u0414-\u0410\u041f\u0410\u041a\u0421.png\",\"contentUrl\":\"https:\/\/old.kosmetoloog.ee\/wp-content\/uploads\/2023\/08\/\u041a\u041e\u041d\u0426\u0415\u041d\u0422\u0420\u0410\u0422-\u0420\u0415\u0414-\u0410\u041f\u0410\u041a\u0421.png\",\"width\":1325,\"height\":1325},{\"@type\":\"BreadcrumbList\",\"@id\":\"https:\/\/old.kosmetoloog.ee\/toode\/concentrate-red-apax-ra4\/#breadcrumb\",\"itemListElement\":[{\"@type\":\"ListItem\",\"position\":1,\"name\":\"Home\",\"item\":\"https:\/\/old.kosmetoloog.ee\/et\/\"},{\"@type\":\"ListItem\",\"position\":2,\"name\":\"Pood\",\"item\":\"https:\/\/old.kosmetoloog.ee\/et\/pood\/\"},{\"@type\":\"ListItem\",\"position\":3,\"name\":\"RED-APAX KONTSENTRAAT (RA4)\"}]},{\"@type\":\"WebSite\",\"@id\":\"https:\/\/old.kosmetoloog.ee\/#website\",\"url\":\"https:\/\/old.kosmetoloog.ee\/\",\"name\":\"Ilutoodete e-pood\",\"description\":\"Kosmeetika pood\",\"publisher\":{\"@id\":\"https:\/\/old.kosmetoloog.ee\/#organization\"},\"potentialAction\":[{\"@type\":\"SearchAction\",\"target\":{\"@type\":\"EntryPoint\",\"urlTemplate\":\"https:\/\/old.kosmetoloog.ee\/?s={search_term_string}\"},\"query-input\":{\"@type\":\"PropertyValueSpecification\",\"valueRequired\":true,\"valueName\":\"search_term_string\"}}],\"inLanguage\":\"et\"},{\"@type\":\"Organization\",\"@id\":\"https:\/\/old.kosmetoloog.ee\/#organization\",\"name\":\"You are You O\u00dc\",\"url\":\"https:\/\/old.kosmetoloog.ee\/\",\"logo\":{\"@type\":\"ImageObject\",\"inLanguage\":\"et\",\"@id\":\"https:\/\/old.kosmetoloog.ee\/#\/schema\/logo\/image\/\",\"url\":\"https:\/\/old.kosmetoloog.ee\/wp-content\/uploads\/2023\/08\/logo-1.png\",\"contentUrl\":\"https:\/\/old.kosmetoloog.ee\/wp-content\/uploads\/2023\/08\/logo-1.png\",\"width\":1200,\"height\":964,\"caption\":\"You are You O\u00dc\"},\"image\":{\"@id\":\"https:\/\/old.kosmetoloog.ee\/#\/schema\/logo\/image\/\"}}]}<\/script>\n<!-- \/ Yoast SEO plugin. -->","yoast_head_json":{"title":"RED-APAX KONTSENTRAAT (RA4) - Ilutoodete e-pood","robots":{"index":"noindex","follow":"follow","max-snippet":"max-snippet:-1","max-image-preview":"max-image-preview:large","max-video-preview":"max-video-preview:-1"},"og_locale":"et_EE","og_type":"article","og_title":"RED-APAX KONTSENTRAAT (RA4) - Ilutoodete e-pood","og_description":"Prebiootiline ravi rosaatsea ja kahjustatud veresoontega nahale","og_url":"https:\/\/old.kosmetoloog.ee\/toode\/concentrate-red-apax-ra4\/","og_site_name":"Ilutoodete e-pood","article_modified_time":"2023-10-19T14:18:22+00:00","og_image":[{"width":1325,"height":1325,"url":"https:\/\/old.kosmetoloog.ee\/wp-content\/uploads\/2023\/08\/\u041a\u041e\u041d\u0426\u0415\u041d\u0422\u0420\u0410\u0422-\u0420\u0415\u0414-\u0410\u041f\u0410\u041a\u0421.png","type":"image\/png"}],"twitter_card":"summary_large_image","schema":{"@context":"https:\/\/schema.org","@graph":[{"@type":"WebPage","@id":"https:\/\/old.kosmetoloog.ee\/toode\/concentrate-red-apax-ra4\/","url":"https:\/\/old.kosmetoloog.ee\/toode\/concentrate-red-apax-ra4\/","name":"RED-APAX KONTSENTRAAT (RA4) - Ilutoodete e-pood","isPartOf":{"@id":"https:\/\/old.kosmetoloog.ee\/#website"},"primaryImageOfPage":{"@id":"https:\/\/old.kosmetoloog.ee\/toode\/concentrate-red-apax-ra4\/#primaryimage"},"image":{"@id":"https:\/\/old.kosmetoloog.ee\/toode\/concentrate-red-apax-ra4\/#primaryimage"},"thumbnailUrl":"https:\/\/old.kosmetoloog.ee\/wp-content\/uploads\/2023\/08\/\u041a\u041e\u041d\u0426\u0415\u041d\u0422\u0420\u0410\u0422-\u0420\u0415\u0414-\u0410\u041f\u0410\u041a\u0421.png","datePublished":"2023-08-28T16:24:27+00:00","dateModified":"2023-10-19T14:18:22+00:00","breadcrumb":{"@id":"https:\/\/old.kosmetoloog.ee\/toode\/concentrate-red-apax-ra4\/#breadcrumb"},"inLanguage":"et","potentialAction":[{"@type":"ReadAction","target":["https:\/\/old.kosmetoloog.ee\/toode\/concentrate-red-apax-ra4\/"]}]},{"@type":"ImageObject","inLanguage":"et","@id":"https:\/\/old.kosmetoloog.ee\/toode\/concentrate-red-apax-ra4\/#primaryimage","url":"https:\/\/old.kosmetoloog.ee\/wp-content\/uploads\/2023\/08\/\u041a\u041e\u041d\u0426\u0415\u041d\u0422\u0420\u0410\u0422-\u0420\u0415\u0414-\u0410\u041f\u0410\u041a\u0421.png","contentUrl":"https:\/\/old.kosmetoloog.ee\/wp-content\/uploads\/2023\/08\/\u041a\u041e\u041d\u0426\u0415\u041d\u0422\u0420\u0410\u0422-\u0420\u0415\u0414-\u0410\u041f\u0410\u041a\u0421.png","width":1325,"height":1325},{"@type":"BreadcrumbList","@id":"https:\/\/old.kosmetoloog.ee\/toode\/concentrate-red-apax-ra4\/#breadcrumb","itemListElement":[{"@type":"ListItem","position":1,"name":"Home","item":"https:\/\/old.kosmetoloog.ee\/et\/"},{"@type":"ListItem","position":2,"name":"Pood","item":"https:\/\/old.kosmetoloog.ee\/et\/pood\/"},{"@type":"ListItem","position":3,"name":"RED-APAX KONTSENTRAAT (RA4)"}]},{"@type":"WebSite","@id":"https:\/\/old.kosmetoloog.ee\/#website","url":"https:\/\/old.kosmetoloog.ee\/","name":"Ilutoodete e-pood","description":"Kosmeetika pood","publisher":{"@id":"https:\/\/old.kosmetoloog.ee\/#organization"},"potentialAction":[{"@type":"SearchAction","target":{"@type":"EntryPoint","urlTemplate":"https:\/\/old.kosmetoloog.ee\/?s={search_term_string}"},"query-input":{"@type":"PropertyValueSpecification","valueRequired":true,"valueName":"search_term_string"}}],"inLanguage":"et"},{"@type":"Organization","@id":"https:\/\/old.kosmetoloog.ee\/#organization","name":"You are You O\u00dc","url":"https:\/\/old.kosmetoloog.ee\/","logo":{"@type":"ImageObject","inLanguage":"et","@id":"https:\/\/old.kosmetoloog.ee\/#\/schema\/logo\/image\/","url":"https:\/\/old.kosmetoloog.ee\/wp-content\/uploads\/2023\/08\/logo-1.png","contentUrl":"https:\/\/old.kosmetoloog.ee\/wp-content\/uploads\/2023\/08\/logo-1.png","width":1200,"height":964,"caption":"You are You O\u00dc"},"image":{"@id":"https:\/\/old.kosmetoloog.ee\/#\/schema\/logo\/image\/"}}]}},"brands":[{"id":21,"name":"MEDER BEAUTY SCIENCE","slug":"meder-beauty-science"}],"_links":{"self":[{"href":"https:\/\/old.kosmetoloog.ee\/et\/wp-json\/wp\/v2\/product\/658","targetHints":{"allow":["GET"]}}],"collection":[{"href":"https:\/\/old.kosmetoloog.ee\/et\/wp-json\/wp\/v2\/product"}],"about":[{"href":"https:\/\/old.kosmetoloog.ee\/et\/wp-json\/wp\/v2\/types\/product"}],"replies":[{"embeddable":true,"href":"https:\/\/old.kosmetoloog.ee\/et\/wp-json\/wp\/v2\/comments?post=658"}],"wp:featuredmedia":[{"embeddable":true,"href":"https:\/\/old.kosmetoloog.ee\/et\/wp-json\/wp\/v2\/media\/368"}],"wp:attachment":[{"href":"https:\/\/old.kosmetoloog.ee\/et\/wp-json\/wp\/v2\/media?parent=658"}],"wp:term":[{"taxonomy":"pwb-brand","embeddable":true,"href":"https:\/\/old.kosmetoloog.ee\/et\/wp-json\/wp\/v2\/pwb-brand?post=658"},{"taxonomy":"product_brand","embeddable":true,"href":"https:\/\/old.kosmetoloog.ee\/et\/wp-json\/wp\/v2\/product_brand?post=658"},{"taxonomy":"product_cat","embeddable":true,"href":"https:\/\/old.kosmetoloog.ee\/et\/wp-json\/wp\/v2\/product_cat?post=658"},{"taxonomy":"product_tag","embeddable":true,"href":"https:\/\/old.kosmetoloog.ee\/et\/wp-json\/wp\/v2\/product_tag?post=658"}],"curies":[{"name":"wp","href":"https:\/\/api.w.org\/{rel}","templated":true}]}}