{"id":673,"date":"2023-09-10T18:26:14","date_gmt":"2023-09-10T15:26:14","guid":{"rendered":"https:\/\/uus.kosmetoloog.ee\/product\/matistav-peptiididega-bc-kreemi-taidis-nanodessert-peptide-bc-cushion-spf50\/"},"modified":"2024-12-19T10:42:29","modified_gmt":"2024-12-19T08:42:29","slug":"filler-in-cushion-cream-nanodessert-peptide-matte","status":"publish","type":"product","link":"https:\/\/old.kosmetoloog.ee\/et\/toode\/filler-in-cushion-cream-nanodessert-peptide-matte\/","title":{"rendered":"MATISTAV PEPTIIDIDEGA BC KREEMI T\u00c4IDIS \u201cNANODESSERT PEPTIDE BC CUSHION\u201d SPF50+"},"content":{"rendered":"<p>Matistav BC kreemi t\u00e4idis \u2013 uue p\u00f5lvkonna BC Cushion kreem, mis loob t\u00e4iusliku mati viimistluse ja terve nahatooni.<br \/>\nPakub kaitset, vananemisvastast ja p\u00f5letikuvastast toimet ning s\u00fcgavat nahahooldust.<br \/>\nKreemis sisalduvad 5 peptiidi tungivad s\u00fcgavale nahakihtidesse. Skvalaan, allantoiin, adenosiin, niatsiinamiid ja taimeekstraktid niisutavad ja noorendavad nahka s\u00fcgavuti ning pakuvad nahale SPF50 UV-kaitset. BC kreem on kaalutu tekstuuriga, nahal v\u00e4ga kerge ning ei tekita \u201dmaski\u201d efekti ega ummista poore.<br \/>\nTal on k\u00f5ik p\u00e4evakreemi omadused, lahendades erinevaid nahaprobleeme ning muutes naha nooruslikumaks ja pringimaks. BC kreem v\u00e4rskendab jumet, ahendab poore ning rahustab \u00e4rritunud ja p\u00f5letikulist nahka.<br \/>\nTulemusena n\u00e4eb n\u00e4gu v\u00e4lja puhanud ning nahk s\u00e4rab seestpoolt!<\/p>\n","protected":false},"excerpt":{"rendered":"<p>BC kreemi t\u00e4idis, mis loob t\u00e4iusliku mati viimistluse ja terve nahatooni.<\/p>\n","protected":false},"featured_media":672,"comment_status":"open","ping_status":"closed","template":"","meta":{"_acf_changed":false},"pwb-brand":[44],"product_brand":[],"product_cat":[79,83],"product_tag":[105,111],"class_list":{"0":"post-673","1":"product","2":"type-product","3":"status-publish","4":"has-post-thumbnail","6":"pwb-brand-nanoasia","7":"product_cat-meigi-jaoks","8":"product_cat-jumestuskreemid","9":"product_tag-koik-naha","10":"product_tag-vananemisvastane","12":"first","13":"instock","14":"taxable","15":"shipping-taxable","16":"purchasable","17":"product-type-simple"},"acf":[],"yoast_head":"<!-- This site is optimized with the Yoast SEO plugin v25.7 - https:\/\/yoast.com\/wordpress\/plugins\/seo\/ -->\n<title>MATISTAV PEPTIIDIDEGA BC KREEMI T\u00c4IDIS \u201cNANODESSERT PEPTIDE BC CUSHION\u201d SPF50+ - Ilutoodete e-pood<\/title>\n<meta name=\"robots\" content=\"noindex, follow, max-snippet:-1, max-image-preview:large, max-video-preview:-1\" \/>\n<meta property=\"og:locale\" content=\"et_EE\" \/>\n<meta property=\"og:type\" content=\"article\" \/>\n<meta property=\"og:title\" content=\"MATISTAV PEPTIIDIDEGA BC KREEMI T\u00c4IDIS \u201cNANODESSERT PEPTIDE BC CUSHION\u201d SPF50+ - Ilutoodete e-pood\" \/>\n<meta property=\"og:description\" content=\"BC kreemi t\u00e4idis, mis loob t\u00e4iusliku mati viimistluse ja terve nahatooni.\" \/>\n<meta property=\"og:url\" content=\"https:\/\/old.kosmetoloog.ee\/toode\/filler-in-cushion-cream-nanodessert-peptide-matte\/\" \/>\n<meta property=\"og:site_name\" content=\"Ilutoodete e-pood\" \/>\n<meta property=\"article:modified_time\" content=\"2024-12-19T08:42:29+00:00\" \/>\n<meta property=\"og:image\" content=\"https:\/\/old.kosmetoloog.ee\/wp-content\/uploads\/2023\/09\/MATISTAV-BC-KREEM-NANODESSERT-PEPTIDE-BC-CUSHION-TAIDIS-SPF50.jpg\" \/>\n\t<meta property=\"og:image:width\" content=\"460\" \/>\n\t<meta property=\"og:image:height\" content=\"460\" \/>\n\t<meta property=\"og:image:type\" content=\"image\/jpeg\" \/>\n<meta name=\"twitter:card\" content=\"summary_large_image\" \/>\n<meta name=\"twitter:label1\" content=\"Est. reading time\" \/>\n\t<meta name=\"twitter:data1\" content=\"1 minut\" \/>\n<script type=\"application\/ld+json\" class=\"yoast-schema-graph\">{\"@context\":\"https:\/\/schema.org\",\"@graph\":[{\"@type\":\"WebPage\",\"@id\":\"https:\/\/old.kosmetoloog.ee\/toode\/filler-in-cushion-cream-nanodessert-peptide-matte\/\",\"url\":\"https:\/\/old.kosmetoloog.ee\/toode\/filler-in-cushion-cream-nanodessert-peptide-matte\/\",\"name\":\"MATISTAV PEPTIIDIDEGA BC KREEMI T\u00c4IDIS \u201cNANODESSERT PEPTIDE BC CUSHION\u201d SPF50+ - Ilutoodete e-pood\",\"isPartOf\":{\"@id\":\"https:\/\/old.kosmetoloog.ee\/#website\"},\"primaryImageOfPage\":{\"@id\":\"https:\/\/old.kosmetoloog.ee\/toode\/filler-in-cushion-cream-nanodessert-peptide-matte\/#primaryimage\"},\"image\":{\"@id\":\"https:\/\/old.kosmetoloog.ee\/toode\/filler-in-cushion-cream-nanodessert-peptide-matte\/#primaryimage\"},\"thumbnailUrl\":\"https:\/\/old.kosmetoloog.ee\/wp-content\/uploads\/2023\/09\/MATISTAV-BC-KREEM-NANODESSERT-PEPTIDE-BC-CUSHION-TAIDIS-SPF50.jpg\",\"datePublished\":\"2023-09-10T15:26:14+00:00\",\"dateModified\":\"2024-12-19T08:42:29+00:00\",\"breadcrumb\":{\"@id\":\"https:\/\/old.kosmetoloog.ee\/toode\/filler-in-cushion-cream-nanodessert-peptide-matte\/#breadcrumb\"},\"inLanguage\":\"et\",\"potentialAction\":[{\"@type\":\"ReadAction\",\"target\":[\"https:\/\/old.kosmetoloog.ee\/toode\/filler-in-cushion-cream-nanodessert-peptide-matte\/\"]}]},{\"@type\":\"ImageObject\",\"inLanguage\":\"et\",\"@id\":\"https:\/\/old.kosmetoloog.ee\/toode\/filler-in-cushion-cream-nanodessert-peptide-matte\/#primaryimage\",\"url\":\"https:\/\/old.kosmetoloog.ee\/wp-content\/uploads\/2023\/09\/MATISTAV-BC-KREEM-NANODESSERT-PEPTIDE-BC-CUSHION-TAIDIS-SPF50.jpg\",\"contentUrl\":\"https:\/\/old.kosmetoloog.ee\/wp-content\/uploads\/2023\/09\/MATISTAV-BC-KREEM-NANODESSERT-PEPTIDE-BC-CUSHION-TAIDIS-SPF50.jpg\",\"width\":460,\"height\":460},{\"@type\":\"BreadcrumbList\",\"@id\":\"https:\/\/old.kosmetoloog.ee\/toode\/filler-in-cushion-cream-nanodessert-peptide-matte\/#breadcrumb\",\"itemListElement\":[{\"@type\":\"ListItem\",\"position\":1,\"name\":\"Home\",\"item\":\"https:\/\/old.kosmetoloog.ee\/et\/\"},{\"@type\":\"ListItem\",\"position\":2,\"name\":\"Pood\",\"item\":\"https:\/\/old.kosmetoloog.ee\/et\/pood\/\"},{\"@type\":\"ListItem\",\"position\":3,\"name\":\"MATISTAV PEPTIIDIDEGA BC KREEMI T\u00c4IDIS \u201cNANODESSERT PEPTIDE BC CUSHION\u201d SPF50+\"}]},{\"@type\":\"WebSite\",\"@id\":\"https:\/\/old.kosmetoloog.ee\/#website\",\"url\":\"https:\/\/old.kosmetoloog.ee\/\",\"name\":\"Ilutoodete e-pood\",\"description\":\"Kosmeetika pood\",\"publisher\":{\"@id\":\"https:\/\/old.kosmetoloog.ee\/#organization\"},\"potentialAction\":[{\"@type\":\"SearchAction\",\"target\":{\"@type\":\"EntryPoint\",\"urlTemplate\":\"https:\/\/old.kosmetoloog.ee\/?s={search_term_string}\"},\"query-input\":{\"@type\":\"PropertyValueSpecification\",\"valueRequired\":true,\"valueName\":\"search_term_string\"}}],\"inLanguage\":\"et\"},{\"@type\":\"Organization\",\"@id\":\"https:\/\/old.kosmetoloog.ee\/#organization\",\"name\":\"You are You O\u00dc\",\"url\":\"https:\/\/old.kosmetoloog.ee\/\",\"logo\":{\"@type\":\"ImageObject\",\"inLanguage\":\"et\",\"@id\":\"https:\/\/old.kosmetoloog.ee\/#\/schema\/logo\/image\/\",\"url\":\"https:\/\/old.kosmetoloog.ee\/wp-content\/uploads\/2023\/08\/logo-1.png\",\"contentUrl\":\"https:\/\/old.kosmetoloog.ee\/wp-content\/uploads\/2023\/08\/logo-1.png\",\"width\":1200,\"height\":964,\"caption\":\"You are You O\u00dc\"},\"image\":{\"@id\":\"https:\/\/old.kosmetoloog.ee\/#\/schema\/logo\/image\/\"}}]}<\/script>\n<!-- \/ Yoast SEO plugin. -->","yoast_head_json":{"title":"MATISTAV PEPTIIDIDEGA BC KREEMI T\u00c4IDIS \u201cNANODESSERT PEPTIDE BC CUSHION\u201d SPF50+ - Ilutoodete e-pood","robots":{"index":"noindex","follow":"follow","max-snippet":"max-snippet:-1","max-image-preview":"max-image-preview:large","max-video-preview":"max-video-preview:-1"},"og_locale":"et_EE","og_type":"article","og_title":"MATISTAV PEPTIIDIDEGA BC KREEMI T\u00c4IDIS \u201cNANODESSERT PEPTIDE BC CUSHION\u201d SPF50+ - Ilutoodete e-pood","og_description":"BC kreemi t\u00e4idis, mis loob t\u00e4iusliku mati viimistluse ja terve nahatooni.","og_url":"https:\/\/old.kosmetoloog.ee\/toode\/filler-in-cushion-cream-nanodessert-peptide-matte\/","og_site_name":"Ilutoodete e-pood","article_modified_time":"2024-12-19T08:42:29+00:00","og_image":[{"width":460,"height":460,"url":"https:\/\/old.kosmetoloog.ee\/wp-content\/uploads\/2023\/09\/MATISTAV-BC-KREEM-NANODESSERT-PEPTIDE-BC-CUSHION-TAIDIS-SPF50.jpg","type":"image\/jpeg"}],"twitter_card":"summary_large_image","twitter_misc":{"Est. reading time":"1 minut"},"schema":{"@context":"https:\/\/schema.org","@graph":[{"@type":"WebPage","@id":"https:\/\/old.kosmetoloog.ee\/toode\/filler-in-cushion-cream-nanodessert-peptide-matte\/","url":"https:\/\/old.kosmetoloog.ee\/toode\/filler-in-cushion-cream-nanodessert-peptide-matte\/","name":"MATISTAV PEPTIIDIDEGA BC KREEMI T\u00c4IDIS \u201cNANODESSERT PEPTIDE BC CUSHION\u201d SPF50+ - Ilutoodete e-pood","isPartOf":{"@id":"https:\/\/old.kosmetoloog.ee\/#website"},"primaryImageOfPage":{"@id":"https:\/\/old.kosmetoloog.ee\/toode\/filler-in-cushion-cream-nanodessert-peptide-matte\/#primaryimage"},"image":{"@id":"https:\/\/old.kosmetoloog.ee\/toode\/filler-in-cushion-cream-nanodessert-peptide-matte\/#primaryimage"},"thumbnailUrl":"https:\/\/old.kosmetoloog.ee\/wp-content\/uploads\/2023\/09\/MATISTAV-BC-KREEM-NANODESSERT-PEPTIDE-BC-CUSHION-TAIDIS-SPF50.jpg","datePublished":"2023-09-10T15:26:14+00:00","dateModified":"2024-12-19T08:42:29+00:00","breadcrumb":{"@id":"https:\/\/old.kosmetoloog.ee\/toode\/filler-in-cushion-cream-nanodessert-peptide-matte\/#breadcrumb"},"inLanguage":"et","potentialAction":[{"@type":"ReadAction","target":["https:\/\/old.kosmetoloog.ee\/toode\/filler-in-cushion-cream-nanodessert-peptide-matte\/"]}]},{"@type":"ImageObject","inLanguage":"et","@id":"https:\/\/old.kosmetoloog.ee\/toode\/filler-in-cushion-cream-nanodessert-peptide-matte\/#primaryimage","url":"https:\/\/old.kosmetoloog.ee\/wp-content\/uploads\/2023\/09\/MATISTAV-BC-KREEM-NANODESSERT-PEPTIDE-BC-CUSHION-TAIDIS-SPF50.jpg","contentUrl":"https:\/\/old.kosmetoloog.ee\/wp-content\/uploads\/2023\/09\/MATISTAV-BC-KREEM-NANODESSERT-PEPTIDE-BC-CUSHION-TAIDIS-SPF50.jpg","width":460,"height":460},{"@type":"BreadcrumbList","@id":"https:\/\/old.kosmetoloog.ee\/toode\/filler-in-cushion-cream-nanodessert-peptide-matte\/#breadcrumb","itemListElement":[{"@type":"ListItem","position":1,"name":"Home","item":"https:\/\/old.kosmetoloog.ee\/et\/"},{"@type":"ListItem","position":2,"name":"Pood","item":"https:\/\/old.kosmetoloog.ee\/et\/pood\/"},{"@type":"ListItem","position":3,"name":"MATISTAV PEPTIIDIDEGA BC KREEMI T\u00c4IDIS \u201cNANODESSERT PEPTIDE BC CUSHION\u201d SPF50+"}]},{"@type":"WebSite","@id":"https:\/\/old.kosmetoloog.ee\/#website","url":"https:\/\/old.kosmetoloog.ee\/","name":"Ilutoodete e-pood","description":"Kosmeetika pood","publisher":{"@id":"https:\/\/old.kosmetoloog.ee\/#organization"},"potentialAction":[{"@type":"SearchAction","target":{"@type":"EntryPoint","urlTemplate":"https:\/\/old.kosmetoloog.ee\/?s={search_term_string}"},"query-input":{"@type":"PropertyValueSpecification","valueRequired":true,"valueName":"search_term_string"}}],"inLanguage":"et"},{"@type":"Organization","@id":"https:\/\/old.kosmetoloog.ee\/#organization","name":"You are You O\u00dc","url":"https:\/\/old.kosmetoloog.ee\/","logo":{"@type":"ImageObject","inLanguage":"et","@id":"https:\/\/old.kosmetoloog.ee\/#\/schema\/logo\/image\/","url":"https:\/\/old.kosmetoloog.ee\/wp-content\/uploads\/2023\/08\/logo-1.png","contentUrl":"https:\/\/old.kosmetoloog.ee\/wp-content\/uploads\/2023\/08\/logo-1.png","width":1200,"height":964,"caption":"You are You O\u00dc"},"image":{"@id":"https:\/\/old.kosmetoloog.ee\/#\/schema\/logo\/image\/"}}]}},"brands":[{"id":44,"name":"NANOASIA","slug":"nanoasia"}],"_links":{"self":[{"href":"https:\/\/old.kosmetoloog.ee\/et\/wp-json\/wp\/v2\/product\/673","targetHints":{"allow":["GET"]}}],"collection":[{"href":"https:\/\/old.kosmetoloog.ee\/et\/wp-json\/wp\/v2\/product"}],"about":[{"href":"https:\/\/old.kosmetoloog.ee\/et\/wp-json\/wp\/v2\/types\/product"}],"replies":[{"embeddable":true,"href":"https:\/\/old.kosmetoloog.ee\/et\/wp-json\/wp\/v2\/comments?post=673"}],"wp:featuredmedia":[{"embeddable":true,"href":"https:\/\/old.kosmetoloog.ee\/et\/wp-json\/wp\/v2\/media\/672"}],"wp:attachment":[{"href":"https:\/\/old.kosmetoloog.ee\/et\/wp-json\/wp\/v2\/media?parent=673"}],"wp:term":[{"taxonomy":"pwb-brand","embeddable":true,"href":"https:\/\/old.kosmetoloog.ee\/et\/wp-json\/wp\/v2\/pwb-brand?post=673"},{"taxonomy":"product_brand","embeddable":true,"href":"https:\/\/old.kosmetoloog.ee\/et\/wp-json\/wp\/v2\/product_brand?post=673"},{"taxonomy":"product_cat","embeddable":true,"href":"https:\/\/old.kosmetoloog.ee\/et\/wp-json\/wp\/v2\/product_cat?post=673"},{"taxonomy":"product_tag","embeddable":true,"href":"https:\/\/old.kosmetoloog.ee\/et\/wp-json\/wp\/v2\/product_tag?post=673"}],"curies":[{"name":"wp","href":"https:\/\/api.w.org\/{rel}","templated":true}]}}