{"id":677,"date":"2023-09-10T19:06:52","date_gmt":"2023-09-10T16:06:52","guid":{"rendered":"https:\/\/uus.kosmetoloog.ee\/product\/peptiididega-bc-kreem-jewelry-radiant-cushion-spf50\/"},"modified":"2025-08-08T12:52:01","modified_gmt":"2025-08-08T09:52:01","slug":"cushion-jewelry-radiant-with-bc-cream-spf50","status":"publish","type":"product","link":"https:\/\/old.kosmetoloog.ee\/et\/toode\/cushion-jewelry-radiant-with-bc-cream-spf50\/","title":{"rendered":"PEPTIIDIDEGA BC KREEM \u201cJEWELRY RADIANT CUSHION\u201d, SPF50+ \/ JEWELRY RADIANT CUSHION BC KREEM, SPF50+"},"content":{"rendered":"<p>Ideaalset katvust saavutatakse t\u00e4nu toote unikaalsele peenestusele ja selles sisalduvale nanopuudrile v\u00e4\u00e4ris- ja poolv\u00e4\u00e4riskividest, mis loob helendamisefekti nahal. Nanoasia spetsialistide poolt v\u00e4lja arendatud BC kreem mitte ainult ei maskeeri erinevaid puudusi, vaid avaldab ka anti-age ja ravivat m\u00f5ju naha probleemsetele piirkondadele.<\/p>\n<p><em>BC kreemi puudritoose on saadaval erinevates v\u00e4rvides.<\/em><\/p>\n<p>Dermatoloogiliselt testitud. Sobilik k\u00f5ikidele nahat\u00fc\u00fcpidele. on mittekomedogeenne. Tootele v\u00e4ljastatud Euroopa sertifikaat.<\/p>\n","protected":false},"excerpt":{"rendered":"<p>Uue p\u00f5lvkonna BC kreem peptiidide, Aloe vera, roosivee ja v\u00e4\u00e4riskivide ekstraktidega. On kergeks tonaalseks aluseks, mis katab efektselt pigmendilaigud, punetava naha ja aitab peita akne arme. BC kreem kujutab endast puudritoosi koos BC-fluidumiga immutatud \u0161vammi ja kuiva \u00f5rna spon\u017eiga, millega kreemi nahale kantakse.<\/p>\n","protected":false},"featured_media":676,"comment_status":"open","ping_status":"closed","template":"","meta":{"_acf_changed":false},"pwb-brand":[44],"product_brand":[],"product_cat":[79,83],"product_tag":[105],"class_list":{"0":"post-677","1":"product","2":"type-product","3":"status-publish","4":"has-post-thumbnail","6":"pwb-brand-nanoasia","7":"product_cat-meigi-jaoks","8":"product_cat-jumestuskreemid","9":"product_tag-koik-naha","11":"first","12":"instock","13":"taxable","14":"shipping-taxable","15":"purchasable","16":"product-type-simple"},"acf":[],"yoast_head":"<!-- This site is optimized with the Yoast SEO plugin v25.7 - https:\/\/yoast.com\/wordpress\/plugins\/seo\/ -->\n<title>PEPTIIDIDEGA BC KREEM \u201cJEWELRY RADIANT CUSHION\u201d, SPF50+ \/ JEWELRY RADIANT CUSHION BC KREEM, SPF50+ - Ilutoodete e-pood<\/title>\n<meta name=\"robots\" content=\"noindex, follow, max-snippet:-1, max-image-preview:large, max-video-preview:-1\" \/>\n<meta property=\"og:locale\" content=\"et_EE\" \/>\n<meta property=\"og:type\" content=\"article\" \/>\n<meta property=\"og:title\" content=\"PEPTIIDIDEGA BC KREEM \u201cJEWELRY RADIANT CUSHION\u201d, SPF50+ \/ JEWELRY RADIANT CUSHION BC KREEM, SPF50+ - Ilutoodete e-pood\" \/>\n<meta property=\"og:description\" content=\"Uue p\u00f5lvkonna BC kreem peptiidide, Aloe vera, roosivee ja v\u00e4\u00e4riskivide ekstraktidega. On kergeks tonaalseks aluseks, mis katab efektselt pigmendilaigud, punetava naha ja aitab peita akne arme. BC kreem kujutab endast puudritoosi koos BC-fluidumiga immutatud \u0161vammi ja kuiva \u00f5rna spon\u017eiga, millega kreemi nahale kantakse.\" \/>\n<meta property=\"og:url\" content=\"https:\/\/old.kosmetoloog.ee\/toode\/cushion-jewelry-radiant-with-bc-cream-spf50\/\" \/>\n<meta property=\"og:site_name\" content=\"Ilutoodete e-pood\" \/>\n<meta property=\"article:modified_time\" content=\"2025-08-08T09:52:01+00:00\" \/>\n<meta property=\"og:image\" content=\"https:\/\/old.kosmetoloog.ee\/wp-content\/uploads\/2023\/09\/\u043a\u0443\u0448\u043e\u043d\u044b.jpg\" \/>\n\t<meta property=\"og:image:width\" content=\"960\" \/>\n\t<meta property=\"og:image:height\" content=\"1438\" \/>\n\t<meta property=\"og:image:type\" content=\"image\/jpeg\" \/>\n<meta name=\"twitter:card\" content=\"summary_large_image\" \/>\n<script type=\"application\/ld+json\" class=\"yoast-schema-graph\">{\"@context\":\"https:\/\/schema.org\",\"@graph\":[{\"@type\":\"WebPage\",\"@id\":\"https:\/\/old.kosmetoloog.ee\/toode\/cushion-jewelry-radiant-with-bc-cream-spf50\/\",\"url\":\"https:\/\/old.kosmetoloog.ee\/toode\/cushion-jewelry-radiant-with-bc-cream-spf50\/\",\"name\":\"PEPTIIDIDEGA BC KREEM \u201cJEWELRY RADIANT CUSHION\u201d, SPF50+ \/ JEWELRY RADIANT CUSHION BC KREEM, SPF50+ - Ilutoodete e-pood\",\"isPartOf\":{\"@id\":\"https:\/\/old.kosmetoloog.ee\/#website\"},\"primaryImageOfPage\":{\"@id\":\"https:\/\/old.kosmetoloog.ee\/toode\/cushion-jewelry-radiant-with-bc-cream-spf50\/#primaryimage\"},\"image\":{\"@id\":\"https:\/\/old.kosmetoloog.ee\/toode\/cushion-jewelry-radiant-with-bc-cream-spf50\/#primaryimage\"},\"thumbnailUrl\":\"https:\/\/old.kosmetoloog.ee\/wp-content\/uploads\/2023\/09\/\u043a\u0443\u0448\u043e\u043d\u044b.jpg\",\"datePublished\":\"2023-09-10T16:06:52+00:00\",\"dateModified\":\"2025-08-08T09:52:01+00:00\",\"breadcrumb\":{\"@id\":\"https:\/\/old.kosmetoloog.ee\/toode\/cushion-jewelry-radiant-with-bc-cream-spf50\/#breadcrumb\"},\"inLanguage\":\"et\",\"potentialAction\":[{\"@type\":\"ReadAction\",\"target\":[\"https:\/\/old.kosmetoloog.ee\/toode\/cushion-jewelry-radiant-with-bc-cream-spf50\/\"]}]},{\"@type\":\"ImageObject\",\"inLanguage\":\"et\",\"@id\":\"https:\/\/old.kosmetoloog.ee\/toode\/cushion-jewelry-radiant-with-bc-cream-spf50\/#primaryimage\",\"url\":\"https:\/\/old.kosmetoloog.ee\/wp-content\/uploads\/2023\/09\/\u043a\u0443\u0448\u043e\u043d\u044b.jpg\",\"contentUrl\":\"https:\/\/old.kosmetoloog.ee\/wp-content\/uploads\/2023\/09\/\u043a\u0443\u0448\u043e\u043d\u044b.jpg\",\"width\":960,\"height\":1438},{\"@type\":\"BreadcrumbList\",\"@id\":\"https:\/\/old.kosmetoloog.ee\/toode\/cushion-jewelry-radiant-with-bc-cream-spf50\/#breadcrumb\",\"itemListElement\":[{\"@type\":\"ListItem\",\"position\":1,\"name\":\"Home\",\"item\":\"https:\/\/old.kosmetoloog.ee\/et\/\"},{\"@type\":\"ListItem\",\"position\":2,\"name\":\"Pood\",\"item\":\"https:\/\/old.kosmetoloog.ee\/et\/pood\/\"},{\"@type\":\"ListItem\",\"position\":3,\"name\":\"PEPTIIDIDEGA BC KREEM \u201cJEWELRY RADIANT CUSHION\u201d, SPF50+ \/ JEWELRY RADIANT CUSHION BC KREEM, SPF50+\"}]},{\"@type\":\"WebSite\",\"@id\":\"https:\/\/old.kosmetoloog.ee\/#website\",\"url\":\"https:\/\/old.kosmetoloog.ee\/\",\"name\":\"Ilutoodete e-pood\",\"description\":\"Kosmeetika pood\",\"publisher\":{\"@id\":\"https:\/\/old.kosmetoloog.ee\/#organization\"},\"potentialAction\":[{\"@type\":\"SearchAction\",\"target\":{\"@type\":\"EntryPoint\",\"urlTemplate\":\"https:\/\/old.kosmetoloog.ee\/?s={search_term_string}\"},\"query-input\":{\"@type\":\"PropertyValueSpecification\",\"valueRequired\":true,\"valueName\":\"search_term_string\"}}],\"inLanguage\":\"et\"},{\"@type\":\"Organization\",\"@id\":\"https:\/\/old.kosmetoloog.ee\/#organization\",\"name\":\"You are You O\u00dc\",\"url\":\"https:\/\/old.kosmetoloog.ee\/\",\"logo\":{\"@type\":\"ImageObject\",\"inLanguage\":\"et\",\"@id\":\"https:\/\/old.kosmetoloog.ee\/#\/schema\/logo\/image\/\",\"url\":\"https:\/\/old.kosmetoloog.ee\/wp-content\/uploads\/2023\/08\/logo-1.png\",\"contentUrl\":\"https:\/\/old.kosmetoloog.ee\/wp-content\/uploads\/2023\/08\/logo-1.png\",\"width\":1200,\"height\":964,\"caption\":\"You are You O\u00dc\"},\"image\":{\"@id\":\"https:\/\/old.kosmetoloog.ee\/#\/schema\/logo\/image\/\"}}]}<\/script>\n<!-- \/ Yoast SEO plugin. -->","yoast_head_json":{"title":"PEPTIIDIDEGA BC KREEM \u201cJEWELRY RADIANT CUSHION\u201d, SPF50+ \/ JEWELRY RADIANT CUSHION BC KREEM, SPF50+ - Ilutoodete e-pood","robots":{"index":"noindex","follow":"follow","max-snippet":"max-snippet:-1","max-image-preview":"max-image-preview:large","max-video-preview":"max-video-preview:-1"},"og_locale":"et_EE","og_type":"article","og_title":"PEPTIIDIDEGA BC KREEM \u201cJEWELRY RADIANT CUSHION\u201d, SPF50+ \/ JEWELRY RADIANT CUSHION BC KREEM, SPF50+ - Ilutoodete e-pood","og_description":"Uue p\u00f5lvkonna BC kreem peptiidide, Aloe vera, roosivee ja v\u00e4\u00e4riskivide ekstraktidega. On kergeks tonaalseks aluseks, mis katab efektselt pigmendilaigud, punetava naha ja aitab peita akne arme. BC kreem kujutab endast puudritoosi koos BC-fluidumiga immutatud \u0161vammi ja kuiva \u00f5rna spon\u017eiga, millega kreemi nahale kantakse.","og_url":"https:\/\/old.kosmetoloog.ee\/toode\/cushion-jewelry-radiant-with-bc-cream-spf50\/","og_site_name":"Ilutoodete e-pood","article_modified_time":"2025-08-08T09:52:01+00:00","og_image":[{"width":960,"height":1438,"url":"https:\/\/old.kosmetoloog.ee\/wp-content\/uploads\/2023\/09\/\u043a\u0443\u0448\u043e\u043d\u044b.jpg","type":"image\/jpeg"}],"twitter_card":"summary_large_image","schema":{"@context":"https:\/\/schema.org","@graph":[{"@type":"WebPage","@id":"https:\/\/old.kosmetoloog.ee\/toode\/cushion-jewelry-radiant-with-bc-cream-spf50\/","url":"https:\/\/old.kosmetoloog.ee\/toode\/cushion-jewelry-radiant-with-bc-cream-spf50\/","name":"PEPTIIDIDEGA BC KREEM \u201cJEWELRY RADIANT CUSHION\u201d, SPF50+ \/ JEWELRY RADIANT CUSHION BC KREEM, SPF50+ - Ilutoodete e-pood","isPartOf":{"@id":"https:\/\/old.kosmetoloog.ee\/#website"},"primaryImageOfPage":{"@id":"https:\/\/old.kosmetoloog.ee\/toode\/cushion-jewelry-radiant-with-bc-cream-spf50\/#primaryimage"},"image":{"@id":"https:\/\/old.kosmetoloog.ee\/toode\/cushion-jewelry-radiant-with-bc-cream-spf50\/#primaryimage"},"thumbnailUrl":"https:\/\/old.kosmetoloog.ee\/wp-content\/uploads\/2023\/09\/\u043a\u0443\u0448\u043e\u043d\u044b.jpg","datePublished":"2023-09-10T16:06:52+00:00","dateModified":"2025-08-08T09:52:01+00:00","breadcrumb":{"@id":"https:\/\/old.kosmetoloog.ee\/toode\/cushion-jewelry-radiant-with-bc-cream-spf50\/#breadcrumb"},"inLanguage":"et","potentialAction":[{"@type":"ReadAction","target":["https:\/\/old.kosmetoloog.ee\/toode\/cushion-jewelry-radiant-with-bc-cream-spf50\/"]}]},{"@type":"ImageObject","inLanguage":"et","@id":"https:\/\/old.kosmetoloog.ee\/toode\/cushion-jewelry-radiant-with-bc-cream-spf50\/#primaryimage","url":"https:\/\/old.kosmetoloog.ee\/wp-content\/uploads\/2023\/09\/\u043a\u0443\u0448\u043e\u043d\u044b.jpg","contentUrl":"https:\/\/old.kosmetoloog.ee\/wp-content\/uploads\/2023\/09\/\u043a\u0443\u0448\u043e\u043d\u044b.jpg","width":960,"height":1438},{"@type":"BreadcrumbList","@id":"https:\/\/old.kosmetoloog.ee\/toode\/cushion-jewelry-radiant-with-bc-cream-spf50\/#breadcrumb","itemListElement":[{"@type":"ListItem","position":1,"name":"Home","item":"https:\/\/old.kosmetoloog.ee\/et\/"},{"@type":"ListItem","position":2,"name":"Pood","item":"https:\/\/old.kosmetoloog.ee\/et\/pood\/"},{"@type":"ListItem","position":3,"name":"PEPTIIDIDEGA BC KREEM \u201cJEWELRY RADIANT CUSHION\u201d, SPF50+ \/ JEWELRY RADIANT CUSHION BC KREEM, SPF50+"}]},{"@type":"WebSite","@id":"https:\/\/old.kosmetoloog.ee\/#website","url":"https:\/\/old.kosmetoloog.ee\/","name":"Ilutoodete e-pood","description":"Kosmeetika pood","publisher":{"@id":"https:\/\/old.kosmetoloog.ee\/#organization"},"potentialAction":[{"@type":"SearchAction","target":{"@type":"EntryPoint","urlTemplate":"https:\/\/old.kosmetoloog.ee\/?s={search_term_string}"},"query-input":{"@type":"PropertyValueSpecification","valueRequired":true,"valueName":"search_term_string"}}],"inLanguage":"et"},{"@type":"Organization","@id":"https:\/\/old.kosmetoloog.ee\/#organization","name":"You are You O\u00dc","url":"https:\/\/old.kosmetoloog.ee\/","logo":{"@type":"ImageObject","inLanguage":"et","@id":"https:\/\/old.kosmetoloog.ee\/#\/schema\/logo\/image\/","url":"https:\/\/old.kosmetoloog.ee\/wp-content\/uploads\/2023\/08\/logo-1.png","contentUrl":"https:\/\/old.kosmetoloog.ee\/wp-content\/uploads\/2023\/08\/logo-1.png","width":1200,"height":964,"caption":"You are You O\u00dc"},"image":{"@id":"https:\/\/old.kosmetoloog.ee\/#\/schema\/logo\/image\/"}}]}},"brands":[{"id":44,"name":"NANOASIA","slug":"nanoasia"}],"_links":{"self":[{"href":"https:\/\/old.kosmetoloog.ee\/et\/wp-json\/wp\/v2\/product\/677","targetHints":{"allow":["GET"]}}],"collection":[{"href":"https:\/\/old.kosmetoloog.ee\/et\/wp-json\/wp\/v2\/product"}],"about":[{"href":"https:\/\/old.kosmetoloog.ee\/et\/wp-json\/wp\/v2\/types\/product"}],"replies":[{"embeddable":true,"href":"https:\/\/old.kosmetoloog.ee\/et\/wp-json\/wp\/v2\/comments?post=677"}],"wp:featuredmedia":[{"embeddable":true,"href":"https:\/\/old.kosmetoloog.ee\/et\/wp-json\/wp\/v2\/media\/676"}],"wp:attachment":[{"href":"https:\/\/old.kosmetoloog.ee\/et\/wp-json\/wp\/v2\/media?parent=677"}],"wp:term":[{"taxonomy":"pwb-brand","embeddable":true,"href":"https:\/\/old.kosmetoloog.ee\/et\/wp-json\/wp\/v2\/pwb-brand?post=677"},{"taxonomy":"product_brand","embeddable":true,"href":"https:\/\/old.kosmetoloog.ee\/et\/wp-json\/wp\/v2\/product_brand?post=677"},{"taxonomy":"product_cat","embeddable":true,"href":"https:\/\/old.kosmetoloog.ee\/et\/wp-json\/wp\/v2\/product_cat?post=677"},{"taxonomy":"product_tag","embeddable":true,"href":"https:\/\/old.kosmetoloog.ee\/et\/wp-json\/wp\/v2\/product_tag?post=677"}],"curies":[{"name":"wp","href":"https:\/\/api.w.org\/{rel}","templated":true}]}}