{"id":681,"date":"2023-09-10T20:10:22","date_gmt":"2023-09-10T17:10:22","guid":{"rendered":"https:\/\/uus.kosmetoloog.ee\/product\/bc-%d0%ba%d1%83%d1%88%d0%be%d0%bd-%d1%81-%d0%bf%d0%b5%d0%bf%d1%82%d0%b8%d0%b4%d0%b0%d0%bc%d0%b8-nanodessert-peptide-%d0%b2%d1%81-cushion\/"},"modified":"2023-10-18T13:56:44","modified_gmt":"2023-10-18T10:56:44","slug":"nanodessert-peptide-%d0%b2%d1%81-cushion","status":"publish","type":"product","link":"https:\/\/old.kosmetoloog.ee\/et\/toode\/nanodessert-peptide-%d0%b2%d1%81-cushion\/","title":{"rendered":"BC \u041a\u0423\u0428\u041e\u041d \u0421 \u041f\u0415\u041f\u0422\u0418\u0414\u0410\u041c\u0418 \/ NANODESSERT PEPTIDE \u0412\u0421 CUSHION"},"content":{"rendered":"<p>Nanoasia pakub 2 t\u00fc\u00fcpi kreemi, mis erinevad koostise ja kattetiheduse poolest:<\/p>\n<p>BC kreem Nanodessert Peptide &#8211; mati viimistlusega ja tihedama tekstuuriga. Sobib kuivale, ketendavale nahale, mis vajab toitmist ja lisahooldust<\/p>\n<p>Jewellery Radiant BC kreem kivikestega pakendis &#8211; tekstuurilt kergem, sisaldab rohkem taimseid ekstrakte ja annab loomuliku s\u00e4ra efekti.<\/p>\n<p>Pakub kaitset, vananemisvastast ja p\u00f5letikuvastast toimet ning s\u00fcgavat nahahooldust, samuti pakuvad nahale SPF50 UV-kaitset. Padjal on \u00fcks toon ning seda pole vaja sobivat leidma. Vaid m\u00f5ne minuti p\u00e4rast pealekandmist kohandub kreem t\u00e4nu oma nutikale valemile teie naha tooniga ning muudab selle \u00fchtlaseks ja kauniks. Seet\u00f5ttu tuleb valida mitte kreemi toon, vaid selle kattekiht &#8211; matt v\u00f5i s\u00e4rava efektiga. Peptiididega kreemil on matt viimistlus.<\/p>\n<p>\u2665 peidab naha ebat\u00e4iuslikkust<\/p>\n<p>\u2665 Annab t\u00e4iusliku \u00fchtlase tooni<\/p>\n<p>\u2665 kaitseb enneaegse vananemise eest<\/p>\n<p>\u2665 takistab pigmentatsiooni teket<\/p>\n<p>\u2665 t\u00f5stab naha tugevust ja elastsust<\/p>\n<p>\u2665 kiirendab naha taastumist<\/p>\n<p>\u2665 t\u00e4iendab ja tugevdab nahahoolduskreemide toimet ning kaitseb nahka p\u00e4ikese eest t\u00e4nu SPF 50+<\/p>\n","protected":false},"excerpt":{"rendered":"<p>Uue p\u00f5lvkonna BC kreem peptiidide, Aloe vera, roosivee ja v\u00e4\u00e4riskivide ekstraktidega. On kergeks tonaalseks aluseks, mis katab efektselt pigmendilaigud, punetava naha ja aitab peita akne arme. BC kreem kujutab endast puudritoosi koos BC-fluidumiga immutatud \u0161vammi ja kuiva \u00f5rna spon\u017eiga, millega kreemi nahale kantakse.<\/p>\n<p>Nanoasia spetsialistide poolt v\u00e4lja arendatud BC kreem mitte ainult ei maskeeri erinevaid puudusi, vaid avaldab ka anti-age ja ravivat m\u00f5ju naha probleemsetele piirkondadele.<\/p>\n","protected":false},"featured_media":685,"comment_status":"open","ping_status":"closed","template":"","meta":{"_acf_changed":false},"pwb-brand":[44],"product_brand":[],"product_cat":[79,83],"product_tag":[105,111],"class_list":{"0":"post-681","1":"product","2":"type-product","3":"status-publish","4":"has-post-thumbnail","6":"pwb-brand-nanoasia","7":"product_cat-meigi-jaoks","8":"product_cat-jumestuskreemid","9":"product_tag-koik-naha","10":"product_tag-vananemisvastane","12":"first","13":"instock","14":"taxable","15":"shipping-taxable","16":"purchasable","17":"product-type-simple"},"acf":[],"yoast_head":"<!-- This site is optimized with the Yoast SEO plugin v25.7 - https:\/\/yoast.com\/wordpress\/plugins\/seo\/ -->\n<title>BC \u041a\u0423\u0428\u041e\u041d \u0421 \u041f\u0415\u041f\u0422\u0418\u0414\u0410\u041c\u0418 \/ NANODESSERT PEPTIDE \u0412\u0421 CUSHION - Ilutoodete e-pood<\/title>\n<meta name=\"robots\" content=\"noindex, follow, max-snippet:-1, max-image-preview:large, max-video-preview:-1\" \/>\n<meta property=\"og:locale\" content=\"et_EE\" \/>\n<meta property=\"og:type\" content=\"article\" \/>\n<meta property=\"og:title\" content=\"BC \u041a\u0423\u0428\u041e\u041d \u0421 \u041f\u0415\u041f\u0422\u0418\u0414\u0410\u041c\u0418 \/ NANODESSERT PEPTIDE \u0412\u0421 CUSHION - Ilutoodete e-pood\" \/>\n<meta property=\"og:description\" content=\"Uue p\u00f5lvkonna BC kreem peptiidide, Aloe vera, roosivee ja v\u00e4\u00e4riskivide ekstraktidega. On kergeks tonaalseks aluseks, mis katab efektselt pigmendilaigud, punetava naha ja aitab peita akne arme. BC kreem kujutab endast puudritoosi koos BC-fluidumiga immutatud \u0161vammi ja kuiva \u00f5rna spon\u017eiga, millega kreemi nahale kantakse. Nanoasia spetsialistide poolt v\u00e4lja arendatud BC kreem mitte ainult ei maskeeri erinevaid puudusi, vaid avaldab ka anti-age ja ravivat m\u00f5ju naha probleemsetele piirkondadele.\" \/>\n<meta property=\"og:url\" content=\"https:\/\/old.kosmetoloog.ee\/toode\/nanodessert-peptide-\u0432\u0441-cushion\/\" \/>\n<meta property=\"og:site_name\" content=\"Ilutoodete e-pood\" \/>\n<meta property=\"article:modified_time\" content=\"2023-10-18T10:56:44+00:00\" \/>\n<meta property=\"og:image\" content=\"https:\/\/old.kosmetoloog.ee\/wp-content\/uploads\/2023\/09\/BC-cushoin.jpg\" \/>\n\t<meta property=\"og:image:width\" content=\"1530\" \/>\n\t<meta property=\"og:image:height\" content=\"1530\" \/>\n\t<meta property=\"og:image:type\" content=\"image\/jpeg\" \/>\n<meta name=\"twitter:card\" content=\"summary_large_image\" \/>\n<meta name=\"twitter:label1\" content=\"Est. reading time\" \/>\n\t<meta name=\"twitter:data1\" content=\"1 minut\" \/>\n<script type=\"application\/ld+json\" class=\"yoast-schema-graph\">{\"@context\":\"https:\/\/schema.org\",\"@graph\":[{\"@type\":\"WebPage\",\"@id\":\"https:\/\/old.kosmetoloog.ee\/toode\/nanodessert-peptide-%d0%b2%d1%81-cushion\/\",\"url\":\"https:\/\/old.kosmetoloog.ee\/toode\/nanodessert-peptide-%d0%b2%d1%81-cushion\/\",\"name\":\"BC \u041a\u0423\u0428\u041e\u041d \u0421 \u041f\u0415\u041f\u0422\u0418\u0414\u0410\u041c\u0418 \/ NANODESSERT PEPTIDE \u0412\u0421 CUSHION - Ilutoodete e-pood\",\"isPartOf\":{\"@id\":\"https:\/\/old.kosmetoloog.ee\/#website\"},\"primaryImageOfPage\":{\"@id\":\"https:\/\/old.kosmetoloog.ee\/toode\/nanodessert-peptide-%d0%b2%d1%81-cushion\/#primaryimage\"},\"image\":{\"@id\":\"https:\/\/old.kosmetoloog.ee\/toode\/nanodessert-peptide-%d0%b2%d1%81-cushion\/#primaryimage\"},\"thumbnailUrl\":\"https:\/\/old.kosmetoloog.ee\/wp-content\/uploads\/2023\/09\/BC-cushoin.jpg\",\"datePublished\":\"2023-09-10T17:10:22+00:00\",\"dateModified\":\"2023-10-18T10:56:44+00:00\",\"breadcrumb\":{\"@id\":\"https:\/\/old.kosmetoloog.ee\/toode\/nanodessert-peptide-%d0%b2%d1%81-cushion\/#breadcrumb\"},\"inLanguage\":\"et\",\"potentialAction\":[{\"@type\":\"ReadAction\",\"target\":[\"https:\/\/old.kosmetoloog.ee\/toode\/nanodessert-peptide-%d0%b2%d1%81-cushion\/\"]}]},{\"@type\":\"ImageObject\",\"inLanguage\":\"et\",\"@id\":\"https:\/\/old.kosmetoloog.ee\/toode\/nanodessert-peptide-%d0%b2%d1%81-cushion\/#primaryimage\",\"url\":\"https:\/\/old.kosmetoloog.ee\/wp-content\/uploads\/2023\/09\/BC-cushoin.jpg\",\"contentUrl\":\"https:\/\/old.kosmetoloog.ee\/wp-content\/uploads\/2023\/09\/BC-cushoin.jpg\",\"width\":1530,\"height\":1530},{\"@type\":\"BreadcrumbList\",\"@id\":\"https:\/\/old.kosmetoloog.ee\/toode\/nanodessert-peptide-%d0%b2%d1%81-cushion\/#breadcrumb\",\"itemListElement\":[{\"@type\":\"ListItem\",\"position\":1,\"name\":\"Home\",\"item\":\"https:\/\/old.kosmetoloog.ee\/et\/\"},{\"@type\":\"ListItem\",\"position\":2,\"name\":\"Pood\",\"item\":\"https:\/\/old.kosmetoloog.ee\/et\/pood\/\"},{\"@type\":\"ListItem\",\"position\":3,\"name\":\"BC \u041a\u0423\u0428\u041e\u041d \u0421 \u041f\u0415\u041f\u0422\u0418\u0414\u0410\u041c\u0418 \/ NANODESSERT PEPTIDE \u0412\u0421 CUSHION\"}]},{\"@type\":\"WebSite\",\"@id\":\"https:\/\/old.kosmetoloog.ee\/#website\",\"url\":\"https:\/\/old.kosmetoloog.ee\/\",\"name\":\"Ilutoodete e-pood\",\"description\":\"Kosmeetika pood\",\"publisher\":{\"@id\":\"https:\/\/old.kosmetoloog.ee\/#organization\"},\"potentialAction\":[{\"@type\":\"SearchAction\",\"target\":{\"@type\":\"EntryPoint\",\"urlTemplate\":\"https:\/\/old.kosmetoloog.ee\/?s={search_term_string}\"},\"query-input\":{\"@type\":\"PropertyValueSpecification\",\"valueRequired\":true,\"valueName\":\"search_term_string\"}}],\"inLanguage\":\"et\"},{\"@type\":\"Organization\",\"@id\":\"https:\/\/old.kosmetoloog.ee\/#organization\",\"name\":\"You are You O\u00dc\",\"url\":\"https:\/\/old.kosmetoloog.ee\/\",\"logo\":{\"@type\":\"ImageObject\",\"inLanguage\":\"et\",\"@id\":\"https:\/\/old.kosmetoloog.ee\/#\/schema\/logo\/image\/\",\"url\":\"https:\/\/old.kosmetoloog.ee\/wp-content\/uploads\/2023\/08\/logo-1.png\",\"contentUrl\":\"https:\/\/old.kosmetoloog.ee\/wp-content\/uploads\/2023\/08\/logo-1.png\",\"width\":1200,\"height\":964,\"caption\":\"You are You O\u00dc\"},\"image\":{\"@id\":\"https:\/\/old.kosmetoloog.ee\/#\/schema\/logo\/image\/\"}}]}<\/script>\n<!-- \/ Yoast SEO plugin. -->","yoast_head_json":{"title":"BC \u041a\u0423\u0428\u041e\u041d \u0421 \u041f\u0415\u041f\u0422\u0418\u0414\u0410\u041c\u0418 \/ NANODESSERT PEPTIDE \u0412\u0421 CUSHION - Ilutoodete e-pood","robots":{"index":"noindex","follow":"follow","max-snippet":"max-snippet:-1","max-image-preview":"max-image-preview:large","max-video-preview":"max-video-preview:-1"},"og_locale":"et_EE","og_type":"article","og_title":"BC \u041a\u0423\u0428\u041e\u041d \u0421 \u041f\u0415\u041f\u0422\u0418\u0414\u0410\u041c\u0418 \/ NANODESSERT PEPTIDE \u0412\u0421 CUSHION - Ilutoodete e-pood","og_description":"Uue p\u00f5lvkonna BC kreem peptiidide, Aloe vera, roosivee ja v\u00e4\u00e4riskivide ekstraktidega. On kergeks tonaalseks aluseks, mis katab efektselt pigmendilaigud, punetava naha ja aitab peita akne arme. BC kreem kujutab endast puudritoosi koos BC-fluidumiga immutatud \u0161vammi ja kuiva \u00f5rna spon\u017eiga, millega kreemi nahale kantakse. Nanoasia spetsialistide poolt v\u00e4lja arendatud BC kreem mitte ainult ei maskeeri erinevaid puudusi, vaid avaldab ka anti-age ja ravivat m\u00f5ju naha probleemsetele piirkondadele.","og_url":"https:\/\/old.kosmetoloog.ee\/toode\/nanodessert-peptide-\u0432\u0441-cushion\/","og_site_name":"Ilutoodete e-pood","article_modified_time":"2023-10-18T10:56:44+00:00","og_image":[{"width":1530,"height":1530,"url":"https:\/\/old.kosmetoloog.ee\/wp-content\/uploads\/2023\/09\/BC-cushoin.jpg","type":"image\/jpeg"}],"twitter_card":"summary_large_image","twitter_misc":{"Est. reading time":"1 minut"},"schema":{"@context":"https:\/\/schema.org","@graph":[{"@type":"WebPage","@id":"https:\/\/old.kosmetoloog.ee\/toode\/nanodessert-peptide-%d0%b2%d1%81-cushion\/","url":"https:\/\/old.kosmetoloog.ee\/toode\/nanodessert-peptide-%d0%b2%d1%81-cushion\/","name":"BC \u041a\u0423\u0428\u041e\u041d \u0421 \u041f\u0415\u041f\u0422\u0418\u0414\u0410\u041c\u0418 \/ NANODESSERT PEPTIDE \u0412\u0421 CUSHION - Ilutoodete e-pood","isPartOf":{"@id":"https:\/\/old.kosmetoloog.ee\/#website"},"primaryImageOfPage":{"@id":"https:\/\/old.kosmetoloog.ee\/toode\/nanodessert-peptide-%d0%b2%d1%81-cushion\/#primaryimage"},"image":{"@id":"https:\/\/old.kosmetoloog.ee\/toode\/nanodessert-peptide-%d0%b2%d1%81-cushion\/#primaryimage"},"thumbnailUrl":"https:\/\/old.kosmetoloog.ee\/wp-content\/uploads\/2023\/09\/BC-cushoin.jpg","datePublished":"2023-09-10T17:10:22+00:00","dateModified":"2023-10-18T10:56:44+00:00","breadcrumb":{"@id":"https:\/\/old.kosmetoloog.ee\/toode\/nanodessert-peptide-%d0%b2%d1%81-cushion\/#breadcrumb"},"inLanguage":"et","potentialAction":[{"@type":"ReadAction","target":["https:\/\/old.kosmetoloog.ee\/toode\/nanodessert-peptide-%d0%b2%d1%81-cushion\/"]}]},{"@type":"ImageObject","inLanguage":"et","@id":"https:\/\/old.kosmetoloog.ee\/toode\/nanodessert-peptide-%d0%b2%d1%81-cushion\/#primaryimage","url":"https:\/\/old.kosmetoloog.ee\/wp-content\/uploads\/2023\/09\/BC-cushoin.jpg","contentUrl":"https:\/\/old.kosmetoloog.ee\/wp-content\/uploads\/2023\/09\/BC-cushoin.jpg","width":1530,"height":1530},{"@type":"BreadcrumbList","@id":"https:\/\/old.kosmetoloog.ee\/toode\/nanodessert-peptide-%d0%b2%d1%81-cushion\/#breadcrumb","itemListElement":[{"@type":"ListItem","position":1,"name":"Home","item":"https:\/\/old.kosmetoloog.ee\/et\/"},{"@type":"ListItem","position":2,"name":"Pood","item":"https:\/\/old.kosmetoloog.ee\/et\/pood\/"},{"@type":"ListItem","position":3,"name":"BC \u041a\u0423\u0428\u041e\u041d \u0421 \u041f\u0415\u041f\u0422\u0418\u0414\u0410\u041c\u0418 \/ NANODESSERT PEPTIDE \u0412\u0421 CUSHION"}]},{"@type":"WebSite","@id":"https:\/\/old.kosmetoloog.ee\/#website","url":"https:\/\/old.kosmetoloog.ee\/","name":"Ilutoodete e-pood","description":"Kosmeetika pood","publisher":{"@id":"https:\/\/old.kosmetoloog.ee\/#organization"},"potentialAction":[{"@type":"SearchAction","target":{"@type":"EntryPoint","urlTemplate":"https:\/\/old.kosmetoloog.ee\/?s={search_term_string}"},"query-input":{"@type":"PropertyValueSpecification","valueRequired":true,"valueName":"search_term_string"}}],"inLanguage":"et"},{"@type":"Organization","@id":"https:\/\/old.kosmetoloog.ee\/#organization","name":"You are You O\u00dc","url":"https:\/\/old.kosmetoloog.ee\/","logo":{"@type":"ImageObject","inLanguage":"et","@id":"https:\/\/old.kosmetoloog.ee\/#\/schema\/logo\/image\/","url":"https:\/\/old.kosmetoloog.ee\/wp-content\/uploads\/2023\/08\/logo-1.png","contentUrl":"https:\/\/old.kosmetoloog.ee\/wp-content\/uploads\/2023\/08\/logo-1.png","width":1200,"height":964,"caption":"You are You O\u00dc"},"image":{"@id":"https:\/\/old.kosmetoloog.ee\/#\/schema\/logo\/image\/"}}]}},"brands":[{"id":44,"name":"NANOASIA","slug":"nanoasia"}],"_links":{"self":[{"href":"https:\/\/old.kosmetoloog.ee\/et\/wp-json\/wp\/v2\/product\/681","targetHints":{"allow":["GET"]}}],"collection":[{"href":"https:\/\/old.kosmetoloog.ee\/et\/wp-json\/wp\/v2\/product"}],"about":[{"href":"https:\/\/old.kosmetoloog.ee\/et\/wp-json\/wp\/v2\/types\/product"}],"replies":[{"embeddable":true,"href":"https:\/\/old.kosmetoloog.ee\/et\/wp-json\/wp\/v2\/comments?post=681"}],"wp:featuredmedia":[{"embeddable":true,"href":"https:\/\/old.kosmetoloog.ee\/et\/wp-json\/wp\/v2\/media\/685"}],"wp:attachment":[{"href":"https:\/\/old.kosmetoloog.ee\/et\/wp-json\/wp\/v2\/media?parent=681"}],"wp:term":[{"taxonomy":"pwb-brand","embeddable":true,"href":"https:\/\/old.kosmetoloog.ee\/et\/wp-json\/wp\/v2\/pwb-brand?post=681"},{"taxonomy":"product_brand","embeddable":true,"href":"https:\/\/old.kosmetoloog.ee\/et\/wp-json\/wp\/v2\/product_brand?post=681"},{"taxonomy":"product_cat","embeddable":true,"href":"https:\/\/old.kosmetoloog.ee\/et\/wp-json\/wp\/v2\/product_cat?post=681"},{"taxonomy":"product_tag","embeddable":true,"href":"https:\/\/old.kosmetoloog.ee\/et\/wp-json\/wp\/v2\/product_tag?post=681"}],"curies":[{"name":"wp","href":"https:\/\/api.w.org\/{rel}","templated":true}]}}