{"id":692,"date":"2023-09-10T21:03:23","date_gmt":"2023-09-10T18:03:23","guid":{"rendered":"https:\/\/uus.kosmetoloog.ee\/product\/hudrogeel-silmapadjad-amazing-look\/"},"modified":"2023-10-18T13:56:18","modified_gmt":"2023-10-18T10:56:18","slug":"phoenix-universe-hydrogel-nanopatches-ama","status":"publish","type":"product","link":"https:\/\/old.kosmetoloog.ee\/et\/toode\/phoenix-universe-hydrogel-nanopatches-ama\/","title":{"rendered":"H\u00dcDROGEEL SILMAPADJAD \u201cAMAZING LOOK\u201d"},"content":{"rendered":"<div>Unikaalsed silmapadjad koosnevad t\u00e4isv\u00e4\u00e4rtuslike toimeainete kontsentraadist. Koostis sisaldab peptiide, sealhulgas vananemisvastast EGF-i (sh-Oligopeptide-1).<br aria-hidden=\"true\">Silmapadjad s\u00fcgavniisutavad ja toidavad v\u00e4sinud nahka, leevendavad turseid, helendavad tumedaid silmaaluseid ning t\u00e4idavad kortse. Koostisosa EGF tungib s\u00fcgavale epidermisesse ja aktiveerib nahas biokeemilisi protsesse. T\u00e4nu tihedalt nahale kleepuvale h\u00fcdrogeelile, mis tingib rikkaliku niisutuse ja toitmise, muudavad padjad silma\u00fcmbruse naha terveks, v\u00e4rskeks, pingul ja s\u00e4ravaks.<\/div>\n<div><\/div>\n<div>Karp sisaldab 60 tk ehk 30 paari.<\/div>\n","protected":false},"excerpt":{"rendered":"<p>Unikaalsed silmapadjad peptiididega<\/p>\n","protected":false},"featured_media":690,"comment_status":"open","ping_status":"closed","template":"","meta":{"_acf_changed":false},"pwb-brand":[44],"product_brand":[],"product_cat":[62],"product_tag":[105],"class_list":{"0":"post-692","1":"product","2":"type-product","3":"status-publish","4":"has-post-thumbnail","6":"pwb-brand-nanoasia","7":"product_cat-silmaumbruse-hooldus","8":"product_tag-koik-naha","10":"first","11":"instock","12":"taxable","13":"shipping-taxable","14":"purchasable","15":"product-type-simple"},"acf":[],"yoast_head":"<!-- This site is optimized with the Yoast SEO plugin v25.7 - https:\/\/yoast.com\/wordpress\/plugins\/seo\/ -->\n<title>H\u00dcDROGEEL SILMAPADJAD \u201cAMAZING LOOK\u201d - Ilutoodete e-pood<\/title>\n<meta name=\"robots\" content=\"noindex, follow, max-snippet:-1, max-image-preview:large, max-video-preview:-1\" \/>\n<meta property=\"og:locale\" content=\"et_EE\" \/>\n<meta property=\"og:type\" content=\"article\" \/>\n<meta property=\"og:title\" content=\"H\u00dcDROGEEL SILMAPADJAD \u201cAMAZING LOOK\u201d - Ilutoodete e-pood\" \/>\n<meta property=\"og:description\" content=\"Unikaalsed silmapadjad peptiididega\" \/>\n<meta property=\"og:url\" content=\"https:\/\/old.kosmetoloog.ee\/toode\/phoenix-universe-hydrogel-nanopatches-ama\/\" \/>\n<meta property=\"og:site_name\" content=\"Ilutoodete e-pood\" \/>\n<meta property=\"article:modified_time\" content=\"2023-10-18T10:56:18+00:00\" \/>\n<meta property=\"og:image\" content=\"https:\/\/old.kosmetoloog.ee\/wp-content\/uploads\/2023\/09\/\u0413\u0438\u0434\u0440\u043e\u0433\u0435\u043b\u0435\u0432\u044b-\u043f\u0430\u0442\u0447\u0438.jpg\" \/>\n\t<meta property=\"og:image:width\" content=\"958\" \/>\n\t<meta property=\"og:image:height\" content=\"1280\" \/>\n\t<meta property=\"og:image:type\" content=\"image\/jpeg\" \/>\n<meta name=\"twitter:card\" content=\"summary_large_image\" \/>\n<script type=\"application\/ld+json\" class=\"yoast-schema-graph\">{\"@context\":\"https:\/\/schema.org\",\"@graph\":[{\"@type\":\"WebPage\",\"@id\":\"https:\/\/old.kosmetoloog.ee\/toode\/phoenix-universe-hydrogel-nanopatches-ama\/\",\"url\":\"https:\/\/old.kosmetoloog.ee\/toode\/phoenix-universe-hydrogel-nanopatches-ama\/\",\"name\":\"H\u00dcDROGEEL SILMAPADJAD \u201cAMAZING LOOK\u201d - Ilutoodete e-pood\",\"isPartOf\":{\"@id\":\"https:\/\/old.kosmetoloog.ee\/#website\"},\"primaryImageOfPage\":{\"@id\":\"https:\/\/old.kosmetoloog.ee\/toode\/phoenix-universe-hydrogel-nanopatches-ama\/#primaryimage\"},\"image\":{\"@id\":\"https:\/\/old.kosmetoloog.ee\/toode\/phoenix-universe-hydrogel-nanopatches-ama\/#primaryimage\"},\"thumbnailUrl\":\"https:\/\/old.kosmetoloog.ee\/wp-content\/uploads\/2023\/09\/\u0413\u0438\u0434\u0440\u043e\u0433\u0435\u043b\u0435\u0432\u044b-\u043f\u0430\u0442\u0447\u0438.jpg\",\"datePublished\":\"2023-09-10T18:03:23+00:00\",\"dateModified\":\"2023-10-18T10:56:18+00:00\",\"breadcrumb\":{\"@id\":\"https:\/\/old.kosmetoloog.ee\/toode\/phoenix-universe-hydrogel-nanopatches-ama\/#breadcrumb\"},\"inLanguage\":\"et\",\"potentialAction\":[{\"@type\":\"ReadAction\",\"target\":[\"https:\/\/old.kosmetoloog.ee\/toode\/phoenix-universe-hydrogel-nanopatches-ama\/\"]}]},{\"@type\":\"ImageObject\",\"inLanguage\":\"et\",\"@id\":\"https:\/\/old.kosmetoloog.ee\/toode\/phoenix-universe-hydrogel-nanopatches-ama\/#primaryimage\",\"url\":\"https:\/\/old.kosmetoloog.ee\/wp-content\/uploads\/2023\/09\/\u0413\u0438\u0434\u0440\u043e\u0433\u0435\u043b\u0435\u0432\u044b-\u043f\u0430\u0442\u0447\u0438.jpg\",\"contentUrl\":\"https:\/\/old.kosmetoloog.ee\/wp-content\/uploads\/2023\/09\/\u0413\u0438\u0434\u0440\u043e\u0433\u0435\u043b\u0435\u0432\u044b-\u043f\u0430\u0442\u0447\u0438.jpg\",\"width\":958,\"height\":1280},{\"@type\":\"BreadcrumbList\",\"@id\":\"https:\/\/old.kosmetoloog.ee\/toode\/phoenix-universe-hydrogel-nanopatches-ama\/#breadcrumb\",\"itemListElement\":[{\"@type\":\"ListItem\",\"position\":1,\"name\":\"Home\",\"item\":\"https:\/\/old.kosmetoloog.ee\/et\/\"},{\"@type\":\"ListItem\",\"position\":2,\"name\":\"Pood\",\"item\":\"https:\/\/old.kosmetoloog.ee\/et\/pood\/\"},{\"@type\":\"ListItem\",\"position\":3,\"name\":\"H\u00dcDROGEEL SILMAPADJAD \u201cAMAZING LOOK\u201d\"}]},{\"@type\":\"WebSite\",\"@id\":\"https:\/\/old.kosmetoloog.ee\/#website\",\"url\":\"https:\/\/old.kosmetoloog.ee\/\",\"name\":\"Ilutoodete e-pood\",\"description\":\"Kosmeetika pood\",\"publisher\":{\"@id\":\"https:\/\/old.kosmetoloog.ee\/#organization\"},\"potentialAction\":[{\"@type\":\"SearchAction\",\"target\":{\"@type\":\"EntryPoint\",\"urlTemplate\":\"https:\/\/old.kosmetoloog.ee\/?s={search_term_string}\"},\"query-input\":{\"@type\":\"PropertyValueSpecification\",\"valueRequired\":true,\"valueName\":\"search_term_string\"}}],\"inLanguage\":\"et\"},{\"@type\":\"Organization\",\"@id\":\"https:\/\/old.kosmetoloog.ee\/#organization\",\"name\":\"You are You O\u00dc\",\"url\":\"https:\/\/old.kosmetoloog.ee\/\",\"logo\":{\"@type\":\"ImageObject\",\"inLanguage\":\"et\",\"@id\":\"https:\/\/old.kosmetoloog.ee\/#\/schema\/logo\/image\/\",\"url\":\"https:\/\/old.kosmetoloog.ee\/wp-content\/uploads\/2023\/08\/logo-1.png\",\"contentUrl\":\"https:\/\/old.kosmetoloog.ee\/wp-content\/uploads\/2023\/08\/logo-1.png\",\"width\":1200,\"height\":964,\"caption\":\"You are You O\u00dc\"},\"image\":{\"@id\":\"https:\/\/old.kosmetoloog.ee\/#\/schema\/logo\/image\/\"}}]}<\/script>\n<!-- \/ Yoast SEO plugin. -->","yoast_head_json":{"title":"H\u00dcDROGEEL SILMAPADJAD \u201cAMAZING LOOK\u201d - Ilutoodete e-pood","robots":{"index":"noindex","follow":"follow","max-snippet":"max-snippet:-1","max-image-preview":"max-image-preview:large","max-video-preview":"max-video-preview:-1"},"og_locale":"et_EE","og_type":"article","og_title":"H\u00dcDROGEEL SILMAPADJAD \u201cAMAZING LOOK\u201d - Ilutoodete e-pood","og_description":"Unikaalsed silmapadjad peptiididega","og_url":"https:\/\/old.kosmetoloog.ee\/toode\/phoenix-universe-hydrogel-nanopatches-ama\/","og_site_name":"Ilutoodete e-pood","article_modified_time":"2023-10-18T10:56:18+00:00","og_image":[{"width":958,"height":1280,"url":"https:\/\/old.kosmetoloog.ee\/wp-content\/uploads\/2023\/09\/\u0413\u0438\u0434\u0440\u043e\u0433\u0435\u043b\u0435\u0432\u044b-\u043f\u0430\u0442\u0447\u0438.jpg","type":"image\/jpeg"}],"twitter_card":"summary_large_image","schema":{"@context":"https:\/\/schema.org","@graph":[{"@type":"WebPage","@id":"https:\/\/old.kosmetoloog.ee\/toode\/phoenix-universe-hydrogel-nanopatches-ama\/","url":"https:\/\/old.kosmetoloog.ee\/toode\/phoenix-universe-hydrogel-nanopatches-ama\/","name":"H\u00dcDROGEEL SILMAPADJAD \u201cAMAZING LOOK\u201d - Ilutoodete e-pood","isPartOf":{"@id":"https:\/\/old.kosmetoloog.ee\/#website"},"primaryImageOfPage":{"@id":"https:\/\/old.kosmetoloog.ee\/toode\/phoenix-universe-hydrogel-nanopatches-ama\/#primaryimage"},"image":{"@id":"https:\/\/old.kosmetoloog.ee\/toode\/phoenix-universe-hydrogel-nanopatches-ama\/#primaryimage"},"thumbnailUrl":"https:\/\/old.kosmetoloog.ee\/wp-content\/uploads\/2023\/09\/\u0413\u0438\u0434\u0440\u043e\u0433\u0435\u043b\u0435\u0432\u044b-\u043f\u0430\u0442\u0447\u0438.jpg","datePublished":"2023-09-10T18:03:23+00:00","dateModified":"2023-10-18T10:56:18+00:00","breadcrumb":{"@id":"https:\/\/old.kosmetoloog.ee\/toode\/phoenix-universe-hydrogel-nanopatches-ama\/#breadcrumb"},"inLanguage":"et","potentialAction":[{"@type":"ReadAction","target":["https:\/\/old.kosmetoloog.ee\/toode\/phoenix-universe-hydrogel-nanopatches-ama\/"]}]},{"@type":"ImageObject","inLanguage":"et","@id":"https:\/\/old.kosmetoloog.ee\/toode\/phoenix-universe-hydrogel-nanopatches-ama\/#primaryimage","url":"https:\/\/old.kosmetoloog.ee\/wp-content\/uploads\/2023\/09\/\u0413\u0438\u0434\u0440\u043e\u0433\u0435\u043b\u0435\u0432\u044b-\u043f\u0430\u0442\u0447\u0438.jpg","contentUrl":"https:\/\/old.kosmetoloog.ee\/wp-content\/uploads\/2023\/09\/\u0413\u0438\u0434\u0440\u043e\u0433\u0435\u043b\u0435\u0432\u044b-\u043f\u0430\u0442\u0447\u0438.jpg","width":958,"height":1280},{"@type":"BreadcrumbList","@id":"https:\/\/old.kosmetoloog.ee\/toode\/phoenix-universe-hydrogel-nanopatches-ama\/#breadcrumb","itemListElement":[{"@type":"ListItem","position":1,"name":"Home","item":"https:\/\/old.kosmetoloog.ee\/et\/"},{"@type":"ListItem","position":2,"name":"Pood","item":"https:\/\/old.kosmetoloog.ee\/et\/pood\/"},{"@type":"ListItem","position":3,"name":"H\u00dcDROGEEL SILMAPADJAD \u201cAMAZING LOOK\u201d"}]},{"@type":"WebSite","@id":"https:\/\/old.kosmetoloog.ee\/#website","url":"https:\/\/old.kosmetoloog.ee\/","name":"Ilutoodete e-pood","description":"Kosmeetika pood","publisher":{"@id":"https:\/\/old.kosmetoloog.ee\/#organization"},"potentialAction":[{"@type":"SearchAction","target":{"@type":"EntryPoint","urlTemplate":"https:\/\/old.kosmetoloog.ee\/?s={search_term_string}"},"query-input":{"@type":"PropertyValueSpecification","valueRequired":true,"valueName":"search_term_string"}}],"inLanguage":"et"},{"@type":"Organization","@id":"https:\/\/old.kosmetoloog.ee\/#organization","name":"You are You O\u00dc","url":"https:\/\/old.kosmetoloog.ee\/","logo":{"@type":"ImageObject","inLanguage":"et","@id":"https:\/\/old.kosmetoloog.ee\/#\/schema\/logo\/image\/","url":"https:\/\/old.kosmetoloog.ee\/wp-content\/uploads\/2023\/08\/logo-1.png","contentUrl":"https:\/\/old.kosmetoloog.ee\/wp-content\/uploads\/2023\/08\/logo-1.png","width":1200,"height":964,"caption":"You are You O\u00dc"},"image":{"@id":"https:\/\/old.kosmetoloog.ee\/#\/schema\/logo\/image\/"}}]}},"brands":[{"id":44,"name":"NANOASIA","slug":"nanoasia"}],"_links":{"self":[{"href":"https:\/\/old.kosmetoloog.ee\/et\/wp-json\/wp\/v2\/product\/692","targetHints":{"allow":["GET"]}}],"collection":[{"href":"https:\/\/old.kosmetoloog.ee\/et\/wp-json\/wp\/v2\/product"}],"about":[{"href":"https:\/\/old.kosmetoloog.ee\/et\/wp-json\/wp\/v2\/types\/product"}],"replies":[{"embeddable":true,"href":"https:\/\/old.kosmetoloog.ee\/et\/wp-json\/wp\/v2\/comments?post=692"}],"wp:featuredmedia":[{"embeddable":true,"href":"https:\/\/old.kosmetoloog.ee\/et\/wp-json\/wp\/v2\/media\/690"}],"wp:attachment":[{"href":"https:\/\/old.kosmetoloog.ee\/et\/wp-json\/wp\/v2\/media?parent=692"}],"wp:term":[{"taxonomy":"pwb-brand","embeddable":true,"href":"https:\/\/old.kosmetoloog.ee\/et\/wp-json\/wp\/v2\/pwb-brand?post=692"},{"taxonomy":"product_brand","embeddable":true,"href":"https:\/\/old.kosmetoloog.ee\/et\/wp-json\/wp\/v2\/product_brand?post=692"},{"taxonomy":"product_cat","embeddable":true,"href":"https:\/\/old.kosmetoloog.ee\/et\/wp-json\/wp\/v2\/product_cat?post=692"},{"taxonomy":"product_tag","embeddable":true,"href":"https:\/\/old.kosmetoloog.ee\/et\/wp-json\/wp\/v2\/product_tag?post=692"}],"curies":[{"name":"wp","href":"https:\/\/api.w.org\/{rel}","templated":true}]}}