{"id":696,"date":"2023-09-10T21:30:57","date_gmt":"2023-09-10T18:30:57","guid":{"rendered":"https:\/\/uus.kosmetoloog.ee\/product\/drenaaziefektiga-silmakreem-my-che-eye-cream\/"},"modified":"2023-10-18T13:55:46","modified_gmt":"2023-10-18T10:55:46","slug":"my-che-eye-cream","status":"publish","type":"product","link":"https:\/\/old.kosmetoloog.ee\/et\/toode\/my-che-eye-cream\/","title":{"rendered":"DRENAA\u017dIEFEKTIGA SILMAKREEM \u201cMY CHE EYE CREAM\u201d"},"content":{"rendered":"<p>Ainulaadne, Euroopa nahat\u00fc\u00fcbi jaoks adapteeritud silmakreem, mis sisaldab 100-aastaseid \u017een\u0161enni t\u00fcvirakke, peptiide, aminohappeid, vitamiine, taimeekstrakte ja \u00f5lisid.<\/p>\n<p>Lisaks peatab naharakkude bioloogilist vananemist. Omab pinguldavat toimet t\u00e4nu peptiididele (Palmitoyl Tripeptide \u2013 5, Palmitoyl Pentapeptide \u2013 4), B3-vitamiinile, aminohapetele, \u00f5lidele ja taimeekstraktidele. Tekitab drenaa\u017eiefekti (leevendab turset) kreemi lisatud lagritsajuure ekstrakti ja kakaov\u00f5i t\u00f5ttu. Annab v\u00f5imsa h\u00fcdratsiooni kreemis sisalduva E-vitamiini, aminohapete, h\u00fcaluroonhappe, oliivi\u00f5lide ja jasmiini t\u00f5ttu. Stimuleerib kollageeni ja elastiini tootmist, mille tulemusena toimub kortsude silumine. Suurendab epidermise rakkude loomulikku uuenemisv\u00f5imet. V\u00e4hendab silma\u00fcmbruse naha pigmentatsiooni t\u00e4nu aminohapete ja B3-vitamiini t\u00f5ttu.<\/p>\n<p>\u201cMy Che\u201d silmakreem kaitseb naharakke vabade radikaalide, agressiivsete keskkonnategurite ja fotokahjustuste eest.<\/p>\n<p>Dermatoloogiliselt testitud. Sobilik k\u00f5ikidele nahat\u00fc\u00fcpidele. on mittekomedogeenne. Tootele v\u00e4ljastatud Euroopa sertifikaat.<\/p>\n","protected":false},"excerpt":{"rendered":"<p>Unikaalse koostisega toitev kreem silma\u00fcmbrusele<\/p>\n","protected":false},"featured_media":695,"comment_status":"open","ping_status":"closed","template":"","meta":{"_acf_changed":false},"pwb-brand":[44],"product_brand":[],"product_cat":[62],"product_tag":[105],"class_list":{"0":"post-696","1":"product","2":"type-product","3":"status-publish","4":"has-post-thumbnail","6":"pwb-brand-nanoasia","7":"product_cat-silmaumbruse-hooldus","8":"product_tag-koik-naha","10":"first","11":"instock","12":"taxable","13":"shipping-taxable","14":"purchasable","15":"product-type-simple"},"acf":[],"yoast_head":"<!-- This site is optimized with the Yoast SEO plugin v25.7 - https:\/\/yoast.com\/wordpress\/plugins\/seo\/ -->\n<title>DRENAA\u017dIEFEKTIGA SILMAKREEM \u201cMY CHE EYE CREAM\u201d - Ilutoodete e-pood<\/title>\n<meta name=\"robots\" content=\"noindex, follow, max-snippet:-1, max-image-preview:large, max-video-preview:-1\" \/>\n<meta property=\"og:locale\" content=\"et_EE\" \/>\n<meta property=\"og:type\" content=\"article\" \/>\n<meta property=\"og:title\" content=\"DRENAA\u017dIEFEKTIGA SILMAKREEM \u201cMY CHE EYE CREAM\u201d - Ilutoodete e-pood\" \/>\n<meta property=\"og:description\" content=\"Unikaalse koostisega toitev kreem silma\u00fcmbrusele\" \/>\n<meta property=\"og:url\" content=\"https:\/\/old.kosmetoloog.ee\/toode\/my-che-eye-cream\/\" \/>\n<meta property=\"og:site_name\" content=\"Ilutoodete e-pood\" \/>\n<meta property=\"article:modified_time\" content=\"2023-10-18T10:55:46+00:00\" \/>\n<meta property=\"og:image\" content=\"https:\/\/old.kosmetoloog.ee\/wp-content\/uploads\/2023\/09\/MYCHEEYE.jpg\" \/>\n\t<meta property=\"og:image:width\" content=\"2288\" \/>\n\t<meta property=\"og:image:height\" content=\"2560\" \/>\n\t<meta property=\"og:image:type\" content=\"image\/jpeg\" \/>\n<meta name=\"twitter:card\" content=\"summary_large_image\" \/>\n<meta name=\"twitter:label1\" content=\"Est. reading time\" \/>\n\t<meta name=\"twitter:data1\" content=\"1 minut\" \/>\n<script type=\"application\/ld+json\" class=\"yoast-schema-graph\">{\"@context\":\"https:\/\/schema.org\",\"@graph\":[{\"@type\":\"WebPage\",\"@id\":\"https:\/\/old.kosmetoloog.ee\/toode\/my-che-eye-cream\/\",\"url\":\"https:\/\/old.kosmetoloog.ee\/toode\/my-che-eye-cream\/\",\"name\":\"DRENAA\u017dIEFEKTIGA SILMAKREEM \u201cMY CHE EYE CREAM\u201d - Ilutoodete e-pood\",\"isPartOf\":{\"@id\":\"https:\/\/old.kosmetoloog.ee\/#website\"},\"primaryImageOfPage\":{\"@id\":\"https:\/\/old.kosmetoloog.ee\/toode\/my-che-eye-cream\/#primaryimage\"},\"image\":{\"@id\":\"https:\/\/old.kosmetoloog.ee\/toode\/my-che-eye-cream\/#primaryimage\"},\"thumbnailUrl\":\"https:\/\/old.kosmetoloog.ee\/wp-content\/uploads\/2023\/09\/MYCHEEYE.jpg\",\"datePublished\":\"2023-09-10T18:30:57+00:00\",\"dateModified\":\"2023-10-18T10:55:46+00:00\",\"breadcrumb\":{\"@id\":\"https:\/\/old.kosmetoloog.ee\/toode\/my-che-eye-cream\/#breadcrumb\"},\"inLanguage\":\"et\",\"potentialAction\":[{\"@type\":\"ReadAction\",\"target\":[\"https:\/\/old.kosmetoloog.ee\/toode\/my-che-eye-cream\/\"]}]},{\"@type\":\"ImageObject\",\"inLanguage\":\"et\",\"@id\":\"https:\/\/old.kosmetoloog.ee\/toode\/my-che-eye-cream\/#primaryimage\",\"url\":\"https:\/\/old.kosmetoloog.ee\/wp-content\/uploads\/2023\/09\/MYCHEEYE.jpg\",\"contentUrl\":\"https:\/\/old.kosmetoloog.ee\/wp-content\/uploads\/2023\/09\/MYCHEEYE.jpg\",\"width\":2288,\"height\":2560},{\"@type\":\"BreadcrumbList\",\"@id\":\"https:\/\/old.kosmetoloog.ee\/toode\/my-che-eye-cream\/#breadcrumb\",\"itemListElement\":[{\"@type\":\"ListItem\",\"position\":1,\"name\":\"Home\",\"item\":\"https:\/\/old.kosmetoloog.ee\/et\/\"},{\"@type\":\"ListItem\",\"position\":2,\"name\":\"Pood\",\"item\":\"https:\/\/old.kosmetoloog.ee\/et\/pood\/\"},{\"@type\":\"ListItem\",\"position\":3,\"name\":\"DRENAA\u017dIEFEKTIGA SILMAKREEM \u201cMY CHE EYE CREAM\u201d\"}]},{\"@type\":\"WebSite\",\"@id\":\"https:\/\/old.kosmetoloog.ee\/#website\",\"url\":\"https:\/\/old.kosmetoloog.ee\/\",\"name\":\"Ilutoodete e-pood\",\"description\":\"Kosmeetika pood\",\"publisher\":{\"@id\":\"https:\/\/old.kosmetoloog.ee\/#organization\"},\"potentialAction\":[{\"@type\":\"SearchAction\",\"target\":{\"@type\":\"EntryPoint\",\"urlTemplate\":\"https:\/\/old.kosmetoloog.ee\/?s={search_term_string}\"},\"query-input\":{\"@type\":\"PropertyValueSpecification\",\"valueRequired\":true,\"valueName\":\"search_term_string\"}}],\"inLanguage\":\"et\"},{\"@type\":\"Organization\",\"@id\":\"https:\/\/old.kosmetoloog.ee\/#organization\",\"name\":\"You are You O\u00dc\",\"url\":\"https:\/\/old.kosmetoloog.ee\/\",\"logo\":{\"@type\":\"ImageObject\",\"inLanguage\":\"et\",\"@id\":\"https:\/\/old.kosmetoloog.ee\/#\/schema\/logo\/image\/\",\"url\":\"https:\/\/old.kosmetoloog.ee\/wp-content\/uploads\/2023\/08\/logo-1.png\",\"contentUrl\":\"https:\/\/old.kosmetoloog.ee\/wp-content\/uploads\/2023\/08\/logo-1.png\",\"width\":1200,\"height\":964,\"caption\":\"You are You O\u00dc\"},\"image\":{\"@id\":\"https:\/\/old.kosmetoloog.ee\/#\/schema\/logo\/image\/\"}}]}<\/script>\n<!-- \/ Yoast SEO plugin. -->","yoast_head_json":{"title":"DRENAA\u017dIEFEKTIGA SILMAKREEM \u201cMY CHE EYE CREAM\u201d - Ilutoodete e-pood","robots":{"index":"noindex","follow":"follow","max-snippet":"max-snippet:-1","max-image-preview":"max-image-preview:large","max-video-preview":"max-video-preview:-1"},"og_locale":"et_EE","og_type":"article","og_title":"DRENAA\u017dIEFEKTIGA SILMAKREEM \u201cMY CHE EYE CREAM\u201d - Ilutoodete e-pood","og_description":"Unikaalse koostisega toitev kreem silma\u00fcmbrusele","og_url":"https:\/\/old.kosmetoloog.ee\/toode\/my-che-eye-cream\/","og_site_name":"Ilutoodete e-pood","article_modified_time":"2023-10-18T10:55:46+00:00","og_image":[{"width":2288,"height":2560,"url":"https:\/\/old.kosmetoloog.ee\/wp-content\/uploads\/2023\/09\/MYCHEEYE.jpg","type":"image\/jpeg"}],"twitter_card":"summary_large_image","twitter_misc":{"Est. reading time":"1 minut"},"schema":{"@context":"https:\/\/schema.org","@graph":[{"@type":"WebPage","@id":"https:\/\/old.kosmetoloog.ee\/toode\/my-che-eye-cream\/","url":"https:\/\/old.kosmetoloog.ee\/toode\/my-che-eye-cream\/","name":"DRENAA\u017dIEFEKTIGA SILMAKREEM \u201cMY CHE EYE CREAM\u201d - Ilutoodete e-pood","isPartOf":{"@id":"https:\/\/old.kosmetoloog.ee\/#website"},"primaryImageOfPage":{"@id":"https:\/\/old.kosmetoloog.ee\/toode\/my-che-eye-cream\/#primaryimage"},"image":{"@id":"https:\/\/old.kosmetoloog.ee\/toode\/my-che-eye-cream\/#primaryimage"},"thumbnailUrl":"https:\/\/old.kosmetoloog.ee\/wp-content\/uploads\/2023\/09\/MYCHEEYE.jpg","datePublished":"2023-09-10T18:30:57+00:00","dateModified":"2023-10-18T10:55:46+00:00","breadcrumb":{"@id":"https:\/\/old.kosmetoloog.ee\/toode\/my-che-eye-cream\/#breadcrumb"},"inLanguage":"et","potentialAction":[{"@type":"ReadAction","target":["https:\/\/old.kosmetoloog.ee\/toode\/my-che-eye-cream\/"]}]},{"@type":"ImageObject","inLanguage":"et","@id":"https:\/\/old.kosmetoloog.ee\/toode\/my-che-eye-cream\/#primaryimage","url":"https:\/\/old.kosmetoloog.ee\/wp-content\/uploads\/2023\/09\/MYCHEEYE.jpg","contentUrl":"https:\/\/old.kosmetoloog.ee\/wp-content\/uploads\/2023\/09\/MYCHEEYE.jpg","width":2288,"height":2560},{"@type":"BreadcrumbList","@id":"https:\/\/old.kosmetoloog.ee\/toode\/my-che-eye-cream\/#breadcrumb","itemListElement":[{"@type":"ListItem","position":1,"name":"Home","item":"https:\/\/old.kosmetoloog.ee\/et\/"},{"@type":"ListItem","position":2,"name":"Pood","item":"https:\/\/old.kosmetoloog.ee\/et\/pood\/"},{"@type":"ListItem","position":3,"name":"DRENAA\u017dIEFEKTIGA SILMAKREEM \u201cMY CHE EYE CREAM\u201d"}]},{"@type":"WebSite","@id":"https:\/\/old.kosmetoloog.ee\/#website","url":"https:\/\/old.kosmetoloog.ee\/","name":"Ilutoodete e-pood","description":"Kosmeetika pood","publisher":{"@id":"https:\/\/old.kosmetoloog.ee\/#organization"},"potentialAction":[{"@type":"SearchAction","target":{"@type":"EntryPoint","urlTemplate":"https:\/\/old.kosmetoloog.ee\/?s={search_term_string}"},"query-input":{"@type":"PropertyValueSpecification","valueRequired":true,"valueName":"search_term_string"}}],"inLanguage":"et"},{"@type":"Organization","@id":"https:\/\/old.kosmetoloog.ee\/#organization","name":"You are You O\u00dc","url":"https:\/\/old.kosmetoloog.ee\/","logo":{"@type":"ImageObject","inLanguage":"et","@id":"https:\/\/old.kosmetoloog.ee\/#\/schema\/logo\/image\/","url":"https:\/\/old.kosmetoloog.ee\/wp-content\/uploads\/2023\/08\/logo-1.png","contentUrl":"https:\/\/old.kosmetoloog.ee\/wp-content\/uploads\/2023\/08\/logo-1.png","width":1200,"height":964,"caption":"You are You O\u00dc"},"image":{"@id":"https:\/\/old.kosmetoloog.ee\/#\/schema\/logo\/image\/"}}]}},"brands":[{"id":44,"name":"NANOASIA","slug":"nanoasia"}],"_links":{"self":[{"href":"https:\/\/old.kosmetoloog.ee\/et\/wp-json\/wp\/v2\/product\/696","targetHints":{"allow":["GET"]}}],"collection":[{"href":"https:\/\/old.kosmetoloog.ee\/et\/wp-json\/wp\/v2\/product"}],"about":[{"href":"https:\/\/old.kosmetoloog.ee\/et\/wp-json\/wp\/v2\/types\/product"}],"replies":[{"embeddable":true,"href":"https:\/\/old.kosmetoloog.ee\/et\/wp-json\/wp\/v2\/comments?post=696"}],"wp:featuredmedia":[{"embeddable":true,"href":"https:\/\/old.kosmetoloog.ee\/et\/wp-json\/wp\/v2\/media\/695"}],"wp:attachment":[{"href":"https:\/\/old.kosmetoloog.ee\/et\/wp-json\/wp\/v2\/media?parent=696"}],"wp:term":[{"taxonomy":"pwb-brand","embeddable":true,"href":"https:\/\/old.kosmetoloog.ee\/et\/wp-json\/wp\/v2\/pwb-brand?post=696"},{"taxonomy":"product_brand","embeddable":true,"href":"https:\/\/old.kosmetoloog.ee\/et\/wp-json\/wp\/v2\/product_brand?post=696"},{"taxonomy":"product_cat","embeddable":true,"href":"https:\/\/old.kosmetoloog.ee\/et\/wp-json\/wp\/v2\/product_cat?post=696"},{"taxonomy":"product_tag","embeddable":true,"href":"https:\/\/old.kosmetoloog.ee\/et\/wp-json\/wp\/v2\/product_tag?post=696"}],"curies":[{"name":"wp","href":"https:\/\/api.w.org\/{rel}","templated":true}]}}