{"id":700,"date":"2023-09-10T21:48:24","date_gmt":"2023-09-10T18:48:24","guid":{"rendered":"https:\/\/uus.kosmetoloog.ee\/product\/nanonoeltega-seerum-stop-time-marine-nanotip-serum\/"},"modified":"2023-10-17T22:06:48","modified_gmt":"2023-10-17T19:06:48","slug":"serum-with-nanoneedles-stop-time-marine-nanotip","status":"publish","type":"product","link":"https:\/\/old.kosmetoloog.ee\/et\/toode\/serum-with-nanoneedles-stop-time-marine-nanotip\/","title":{"rendered":"NANON\u00d5ELTEGA SEERUM \u201cSTOP TIME MARINE NANOTIP SERUM\u201d"},"content":{"rendered":"<p>Nanon\u00f5eltega seerum \u201cStop Time Marine Nanotip Serum\u201d uuest NANOASIA Basic sarjast, mis v\u00e4rskendab,<\/p>\n<p>kirgastab ja niisutab koheselt kuiva ja tuhmi nahka.<br \/>\nSeerum sisaldab mikron\u00f5elu ja vereringet aktiveerivaid toimeaineid, t\u00e4nu millele v\u00f5itleb kuperoosa ja rosaatsega, ahendab poorset nahastruktuuri ning helendab pigmentatsiooni.<br \/>\nV\u00e4ga kontsentreeritud, v\u00e4rskendav ja s\u00fcgavniisutav koostis sisaldab h\u00fcaluroonhapet ja peptiide,<br \/>\nmis aktiveerivad vananemisvastaseid protsesse, aitavad siluda peeneid ja s\u00fcgavaid kortse ning parandavad naha \u00fcldist seisundit.<\/p>\n<p>1 gramm seerumit sisaldab rohkem kui 8 miljonit mikron\u00f5ela!<\/p>\n<p>Aktiivsed koostisosad aktiveerivad kollageeni tootmist. Nahka helendavad komponendid v\u00e4hendavad pigmentatsiooni ning aitavad luua selge ja \u00fchtlase nahatooni. Hobukastani ekstrakt ehk looduslik dekongestant ja t\u00f5hus vananemisvastane koostisosa aitavad luua s\u00e4rava ja sileda nahapinna. Adenosiin v\u00e4hendab kortsude teket, andes nahapinnale vitaalsust.<br \/>\nParandab oluliselt naha siledust ning v\u00e4hendab miimiliste kortsude s\u00fcgavust.<br \/>\nArginiin kaitseb nahka vabade radikaalide kahjustuste ja naha enneaegse vananemise eest. On nahka rahustavate omadustega ja aitab<br \/>\nparandada nahakahjustusi.<\/p>\n","protected":false},"excerpt":{"rendered":"<p>\u00dcliefektiivne nanon\u00f5eltega seerum Stop Time Marine Nanotip.<\/p>\n","protected":false},"featured_media":699,"comment_status":"open","ping_status":"closed","template":"","meta":{"_acf_changed":false},"pwb-brand":[44],"product_brand":[],"product_cat":[61],"product_tag":[112],"class_list":{"0":"post-700","1":"product","2":"type-product","3":"status-publish","4":"has-post-thumbnail","6":"pwb-brand-nanoasia","7":"product_cat-seerumid","8":"product_tag-kuiv-nahk","10":"first","11":"outofstock","12":"taxable","13":"shipping-taxable","14":"purchasable","15":"product-type-simple"},"acf":[],"yoast_head":"<!-- This site is optimized with the Yoast SEO plugin v25.7 - https:\/\/yoast.com\/wordpress\/plugins\/seo\/ -->\n<title>NANON\u00d5ELTEGA SEERUM \u201cSTOP TIME MARINE NANOTIP SERUM\u201d - Ilutoodete e-pood<\/title>\n<meta name=\"robots\" content=\"noindex, follow, max-snippet:-1, max-image-preview:large, max-video-preview:-1\" \/>\n<meta property=\"og:locale\" content=\"et_EE\" \/>\n<meta property=\"og:type\" content=\"article\" \/>\n<meta property=\"og:title\" content=\"NANON\u00d5ELTEGA SEERUM \u201cSTOP TIME MARINE NANOTIP SERUM\u201d - Ilutoodete e-pood\" \/>\n<meta property=\"og:description\" content=\"\u00dcliefektiivne nanon\u00f5eltega seerum Stop Time Marine Nanotip.\" \/>\n<meta property=\"og:url\" content=\"https:\/\/old.kosmetoloog.ee\/et\/toode\/serum-with-nanoneedles-stop-time-marine-nanotip\/\" \/>\n<meta property=\"og:site_name\" content=\"Ilutoodete e-pood\" \/>\n<meta property=\"article:modified_time\" content=\"2023-10-17T19:06:48+00:00\" \/>\n<meta property=\"og:image\" content=\"https:\/\/old.kosmetoloog.ee\/wp-content\/uploads\/2023\/09\/Stop_Time_Marine_Nanotip_2.jpg\" \/>\n\t<meta property=\"og:image:width\" content=\"460\" \/>\n\t<meta property=\"og:image:height\" content=\"460\" \/>\n\t<meta property=\"og:image:type\" content=\"image\/jpeg\" \/>\n<meta name=\"twitter:card\" content=\"summary_large_image\" \/>\n<meta name=\"twitter:label1\" content=\"Est. reading time\" \/>\n\t<meta name=\"twitter:data1\" content=\"1 minut\" \/>\n<script type=\"application\/ld+json\" class=\"yoast-schema-graph\">{\"@context\":\"https:\/\/schema.org\",\"@graph\":[{\"@type\":\"WebPage\",\"@id\":\"https:\/\/old.kosmetoloog.ee\/et\/toode\/serum-with-nanoneedles-stop-time-marine-nanotip\/\",\"url\":\"https:\/\/old.kosmetoloog.ee\/et\/toode\/serum-with-nanoneedles-stop-time-marine-nanotip\/\",\"name\":\"NANON\u00d5ELTEGA SEERUM \u201cSTOP TIME MARINE NANOTIP SERUM\u201d - Ilutoodete e-pood\",\"isPartOf\":{\"@id\":\"https:\/\/old.kosmetoloog.ee\/#website\"},\"primaryImageOfPage\":{\"@id\":\"https:\/\/old.kosmetoloog.ee\/et\/toode\/serum-with-nanoneedles-stop-time-marine-nanotip\/#primaryimage\"},\"image\":{\"@id\":\"https:\/\/old.kosmetoloog.ee\/et\/toode\/serum-with-nanoneedles-stop-time-marine-nanotip\/#primaryimage\"},\"thumbnailUrl\":\"https:\/\/old.kosmetoloog.ee\/wp-content\/uploads\/2023\/09\/Stop_Time_Marine_Nanotip_2.jpg\",\"datePublished\":\"2023-09-10T18:48:24+00:00\",\"dateModified\":\"2023-10-17T19:06:48+00:00\",\"breadcrumb\":{\"@id\":\"https:\/\/old.kosmetoloog.ee\/et\/toode\/serum-with-nanoneedles-stop-time-marine-nanotip\/#breadcrumb\"},\"inLanguage\":\"et\",\"potentialAction\":[{\"@type\":\"ReadAction\",\"target\":[\"https:\/\/old.kosmetoloog.ee\/et\/toode\/serum-with-nanoneedles-stop-time-marine-nanotip\/\"]}]},{\"@type\":\"ImageObject\",\"inLanguage\":\"et\",\"@id\":\"https:\/\/old.kosmetoloog.ee\/et\/toode\/serum-with-nanoneedles-stop-time-marine-nanotip\/#primaryimage\",\"url\":\"https:\/\/old.kosmetoloog.ee\/wp-content\/uploads\/2023\/09\/Stop_Time_Marine_Nanotip_2.jpg\",\"contentUrl\":\"https:\/\/old.kosmetoloog.ee\/wp-content\/uploads\/2023\/09\/Stop_Time_Marine_Nanotip_2.jpg\",\"width\":460,\"height\":460},{\"@type\":\"BreadcrumbList\",\"@id\":\"https:\/\/old.kosmetoloog.ee\/et\/toode\/serum-with-nanoneedles-stop-time-marine-nanotip\/#breadcrumb\",\"itemListElement\":[{\"@type\":\"ListItem\",\"position\":1,\"name\":\"Home\",\"item\":\"https:\/\/old.kosmetoloog.ee\/et\/\"},{\"@type\":\"ListItem\",\"position\":2,\"name\":\"Pood\",\"item\":\"https:\/\/old.kosmetoloog.ee\/et\/pood\/\"},{\"@type\":\"ListItem\",\"position\":3,\"name\":\"NANON\u00d5ELTEGA SEERUM \u201cSTOP TIME MARINE NANOTIP SERUM\u201d\"}]},{\"@type\":\"WebSite\",\"@id\":\"https:\/\/old.kosmetoloog.ee\/#website\",\"url\":\"https:\/\/old.kosmetoloog.ee\/\",\"name\":\"Ilutoodete e-pood\",\"description\":\"Kosmeetika pood\",\"publisher\":{\"@id\":\"https:\/\/old.kosmetoloog.ee\/#organization\"},\"potentialAction\":[{\"@type\":\"SearchAction\",\"target\":{\"@type\":\"EntryPoint\",\"urlTemplate\":\"https:\/\/old.kosmetoloog.ee\/?s={search_term_string}\"},\"query-input\":{\"@type\":\"PropertyValueSpecification\",\"valueRequired\":true,\"valueName\":\"search_term_string\"}}],\"inLanguage\":\"et\"},{\"@type\":\"Organization\",\"@id\":\"https:\/\/old.kosmetoloog.ee\/#organization\",\"name\":\"You are You O\u00dc\",\"url\":\"https:\/\/old.kosmetoloog.ee\/\",\"logo\":{\"@type\":\"ImageObject\",\"inLanguage\":\"et\",\"@id\":\"https:\/\/old.kosmetoloog.ee\/#\/schema\/logo\/image\/\",\"url\":\"https:\/\/old.kosmetoloog.ee\/wp-content\/uploads\/2023\/08\/logo-1.png\",\"contentUrl\":\"https:\/\/old.kosmetoloog.ee\/wp-content\/uploads\/2023\/08\/logo-1.png\",\"width\":1200,\"height\":964,\"caption\":\"You are You O\u00dc\"},\"image\":{\"@id\":\"https:\/\/old.kosmetoloog.ee\/#\/schema\/logo\/image\/\"}}]}<\/script>\n<!-- \/ Yoast SEO plugin. -->","yoast_head_json":{"title":"NANON\u00d5ELTEGA SEERUM \u201cSTOP TIME MARINE NANOTIP SERUM\u201d - Ilutoodete e-pood","robots":{"index":"noindex","follow":"follow","max-snippet":"max-snippet:-1","max-image-preview":"max-image-preview:large","max-video-preview":"max-video-preview:-1"},"og_locale":"et_EE","og_type":"article","og_title":"NANON\u00d5ELTEGA SEERUM \u201cSTOP TIME MARINE NANOTIP SERUM\u201d - Ilutoodete e-pood","og_description":"\u00dcliefektiivne nanon\u00f5eltega seerum Stop Time Marine Nanotip.","og_url":"https:\/\/old.kosmetoloog.ee\/et\/toode\/serum-with-nanoneedles-stop-time-marine-nanotip\/","og_site_name":"Ilutoodete e-pood","article_modified_time":"2023-10-17T19:06:48+00:00","og_image":[{"width":460,"height":460,"url":"https:\/\/old.kosmetoloog.ee\/wp-content\/uploads\/2023\/09\/Stop_Time_Marine_Nanotip_2.jpg","type":"image\/jpeg"}],"twitter_card":"summary_large_image","twitter_misc":{"Est. reading time":"1 minut"},"schema":{"@context":"https:\/\/schema.org","@graph":[{"@type":"WebPage","@id":"https:\/\/old.kosmetoloog.ee\/et\/toode\/serum-with-nanoneedles-stop-time-marine-nanotip\/","url":"https:\/\/old.kosmetoloog.ee\/et\/toode\/serum-with-nanoneedles-stop-time-marine-nanotip\/","name":"NANON\u00d5ELTEGA SEERUM \u201cSTOP TIME MARINE NANOTIP SERUM\u201d - Ilutoodete e-pood","isPartOf":{"@id":"https:\/\/old.kosmetoloog.ee\/#website"},"primaryImageOfPage":{"@id":"https:\/\/old.kosmetoloog.ee\/et\/toode\/serum-with-nanoneedles-stop-time-marine-nanotip\/#primaryimage"},"image":{"@id":"https:\/\/old.kosmetoloog.ee\/et\/toode\/serum-with-nanoneedles-stop-time-marine-nanotip\/#primaryimage"},"thumbnailUrl":"https:\/\/old.kosmetoloog.ee\/wp-content\/uploads\/2023\/09\/Stop_Time_Marine_Nanotip_2.jpg","datePublished":"2023-09-10T18:48:24+00:00","dateModified":"2023-10-17T19:06:48+00:00","breadcrumb":{"@id":"https:\/\/old.kosmetoloog.ee\/et\/toode\/serum-with-nanoneedles-stop-time-marine-nanotip\/#breadcrumb"},"inLanguage":"et","potentialAction":[{"@type":"ReadAction","target":["https:\/\/old.kosmetoloog.ee\/et\/toode\/serum-with-nanoneedles-stop-time-marine-nanotip\/"]}]},{"@type":"ImageObject","inLanguage":"et","@id":"https:\/\/old.kosmetoloog.ee\/et\/toode\/serum-with-nanoneedles-stop-time-marine-nanotip\/#primaryimage","url":"https:\/\/old.kosmetoloog.ee\/wp-content\/uploads\/2023\/09\/Stop_Time_Marine_Nanotip_2.jpg","contentUrl":"https:\/\/old.kosmetoloog.ee\/wp-content\/uploads\/2023\/09\/Stop_Time_Marine_Nanotip_2.jpg","width":460,"height":460},{"@type":"BreadcrumbList","@id":"https:\/\/old.kosmetoloog.ee\/et\/toode\/serum-with-nanoneedles-stop-time-marine-nanotip\/#breadcrumb","itemListElement":[{"@type":"ListItem","position":1,"name":"Home","item":"https:\/\/old.kosmetoloog.ee\/et\/"},{"@type":"ListItem","position":2,"name":"Pood","item":"https:\/\/old.kosmetoloog.ee\/et\/pood\/"},{"@type":"ListItem","position":3,"name":"NANON\u00d5ELTEGA SEERUM \u201cSTOP TIME MARINE NANOTIP SERUM\u201d"}]},{"@type":"WebSite","@id":"https:\/\/old.kosmetoloog.ee\/#website","url":"https:\/\/old.kosmetoloog.ee\/","name":"Ilutoodete e-pood","description":"Kosmeetika pood","publisher":{"@id":"https:\/\/old.kosmetoloog.ee\/#organization"},"potentialAction":[{"@type":"SearchAction","target":{"@type":"EntryPoint","urlTemplate":"https:\/\/old.kosmetoloog.ee\/?s={search_term_string}"},"query-input":{"@type":"PropertyValueSpecification","valueRequired":true,"valueName":"search_term_string"}}],"inLanguage":"et"},{"@type":"Organization","@id":"https:\/\/old.kosmetoloog.ee\/#organization","name":"You are You O\u00dc","url":"https:\/\/old.kosmetoloog.ee\/","logo":{"@type":"ImageObject","inLanguage":"et","@id":"https:\/\/old.kosmetoloog.ee\/#\/schema\/logo\/image\/","url":"https:\/\/old.kosmetoloog.ee\/wp-content\/uploads\/2023\/08\/logo-1.png","contentUrl":"https:\/\/old.kosmetoloog.ee\/wp-content\/uploads\/2023\/08\/logo-1.png","width":1200,"height":964,"caption":"You are You O\u00dc"},"image":{"@id":"https:\/\/old.kosmetoloog.ee\/#\/schema\/logo\/image\/"}}]}},"brands":[{"id":44,"name":"NANOASIA","slug":"nanoasia"}],"_links":{"self":[{"href":"https:\/\/old.kosmetoloog.ee\/et\/wp-json\/wp\/v2\/product\/700","targetHints":{"allow":["GET"]}}],"collection":[{"href":"https:\/\/old.kosmetoloog.ee\/et\/wp-json\/wp\/v2\/product"}],"about":[{"href":"https:\/\/old.kosmetoloog.ee\/et\/wp-json\/wp\/v2\/types\/product"}],"replies":[{"embeddable":true,"href":"https:\/\/old.kosmetoloog.ee\/et\/wp-json\/wp\/v2\/comments?post=700"}],"wp:featuredmedia":[{"embeddable":true,"href":"https:\/\/old.kosmetoloog.ee\/et\/wp-json\/wp\/v2\/media\/699"}],"wp:attachment":[{"href":"https:\/\/old.kosmetoloog.ee\/et\/wp-json\/wp\/v2\/media?parent=700"}],"wp:term":[{"taxonomy":"pwb-brand","embeddable":true,"href":"https:\/\/old.kosmetoloog.ee\/et\/wp-json\/wp\/v2\/pwb-brand?post=700"},{"taxonomy":"product_brand","embeddable":true,"href":"https:\/\/old.kosmetoloog.ee\/et\/wp-json\/wp\/v2\/product_brand?post=700"},{"taxonomy":"product_cat","embeddable":true,"href":"https:\/\/old.kosmetoloog.ee\/et\/wp-json\/wp\/v2\/product_cat?post=700"},{"taxonomy":"product_tag","embeddable":true,"href":"https:\/\/old.kosmetoloog.ee\/et\/wp-json\/wp\/v2\/product_tag?post=700"}],"curies":[{"name":"wp","href":"https:\/\/api.w.org\/{rel}","templated":true}]}}