{"id":702,"date":"2023-09-10T18:09:07","date_gmt":"2023-09-10T15:09:07","guid":{"rendered":"https:\/\/uus.kosmetoloog.ee\/product\/peptiididega-kehakreem-nanodessert-body-cream\/"},"modified":"2023-10-18T14:00:51","modified_gmt":"2023-10-18T11:00:51","slug":"nanodessert-body-cre","status":"publish","type":"product","link":"https:\/\/old.kosmetoloog.ee\/et\/toode\/nanodessert-body-cre\/","title":{"rendered":"PEPTIIDIDEGA KEHAKREEM \u201cNANODESSERT BODY CREAM\u201d"},"content":{"rendered":"<p>\u00d5rna tekstuuri, rikkaliku koostise ja h\u00e4mmastava aroomiga NANOASIA kehakreem on teie noorusliku naha saladus, andes t\u00f5elise SPA hoolduse. Uuenduslik kreem on loodud mistahes nahat\u00fc\u00fcbi vajadusi arvestades ning sobib ideaalselt nii kuiva ja pragunenud naha jaoks, kui ka psoriaasi v\u00f5i dermatiidi all kannatavale nahale. Kreem sisaldab kolme kookos\u00f5li ekstrakti, vananemisvastaseid peptiide, adenosiini, p\u00e4evalille\u00f5li, E-vitamiini ja teisi aktiivseid komponente, mis mitte ainult ei toida nahka, vaid ka taastavad naha elastsuse ja noorusliku v\u00e4limuse.<\/p>\n<p>Kreem suurendab naha immuunsust, kollageeni tootmist ning muudab naha pehmeks ja siidiseks. Kasutades kreemi igap\u00e4evaselt, saavutate naha tekstuuris olulisi muutusi ning teie nahk n\u00e4eb j\u00e4rjest noorem ning enam toonuses v\u00e4lja. Kasutades kreemi igap\u00e4evaselt, n\u00e4ete n\u00e4dala jooksul olulisi muutusi naha tekstuuris. Kreemi aroom on rikkalik ja sensuaalne ning loob kehale luksusliku tunde.<\/p>\n<p>Dermatoloogiliselt testitud. Sobilik k\u00f5ikidele nahat\u00fc\u00fcpidele, on mittekomedogeenne. Tootele v\u00e4ljastatud Euroopa sertifikaat.<\/p>\n","protected":false},"excerpt":{"rendered":"<p>NANOASIA kehakreem on sinu noorusliku naha saladus, t\u00f5eline kodune SPA-hooldus.<\/p>\n","protected":false},"featured_media":668,"comment_status":"open","ping_status":"closed","template":"","meta":{"_acf_changed":false},"pwb-brand":[44],"product_brand":[],"product_cat":[65],"product_tag":[105],"class_list":{"0":"post-702","1":"product","2":"type-product","3":"status-publish","4":"has-post-thumbnail","6":"pwb-brand-nanoasia","7":"product_cat-kehahooldus","8":"product_tag-koik-naha","10":"first","11":"outofstock","12":"taxable","13":"shipping-taxable","14":"purchasable","15":"product-type-simple"},"acf":[],"yoast_head":"<!-- This site is optimized with the Yoast SEO plugin v25.7 - https:\/\/yoast.com\/wordpress\/plugins\/seo\/ -->\n<title>PEPTIIDIDEGA KEHAKREEM \u201cNANODESSERT BODY CREAM\u201d - Ilutoodete e-pood<\/title>\n<meta name=\"robots\" content=\"noindex, follow, max-snippet:-1, max-image-preview:large, max-video-preview:-1\" \/>\n<meta property=\"og:locale\" content=\"et_EE\" \/>\n<meta property=\"og:type\" content=\"article\" \/>\n<meta property=\"og:title\" content=\"PEPTIIDIDEGA KEHAKREEM \u201cNANODESSERT BODY CREAM\u201d - Ilutoodete e-pood\" \/>\n<meta property=\"og:description\" content=\"NANOASIA kehakreem on sinu noorusliku naha saladus, t\u00f5eline kodune SPA-hooldus.\" \/>\n<meta property=\"og:url\" content=\"https:\/\/old.kosmetoloog.ee\/toode\/nanodessert-body-cre\/\" \/>\n<meta property=\"og:site_name\" content=\"Ilutoodete e-pood\" \/>\n<meta property=\"article:modified_time\" content=\"2023-10-18T11:00:51+00:00\" \/>\n<meta property=\"og:image\" content=\"https:\/\/old.kosmetoloog.ee\/wp-content\/uploads\/2023\/09\/NANODESSERT-BODY-CREAM-100ml.jpg\" \/>\n\t<meta property=\"og:image:width\" content=\"800\" \/>\n\t<meta property=\"og:image:height\" content=\"800\" \/>\n\t<meta property=\"og:image:type\" content=\"image\/jpeg\" \/>\n<meta name=\"twitter:card\" content=\"summary_large_image\" \/>\n<meta name=\"twitter:label1\" content=\"Est. reading time\" \/>\n\t<meta name=\"twitter:data1\" content=\"1 minut\" \/>\n<script type=\"application\/ld+json\" class=\"yoast-schema-graph\">{\"@context\":\"https:\/\/schema.org\",\"@graph\":[{\"@type\":\"WebPage\",\"@id\":\"https:\/\/old.kosmetoloog.ee\/toode\/nanodessert-body-cre\/\",\"url\":\"https:\/\/old.kosmetoloog.ee\/toode\/nanodessert-body-cre\/\",\"name\":\"PEPTIIDIDEGA KEHAKREEM \u201cNANODESSERT BODY CREAM\u201d - Ilutoodete e-pood\",\"isPartOf\":{\"@id\":\"https:\/\/old.kosmetoloog.ee\/#website\"},\"primaryImageOfPage\":{\"@id\":\"https:\/\/old.kosmetoloog.ee\/toode\/nanodessert-body-cre\/#primaryimage\"},\"image\":{\"@id\":\"https:\/\/old.kosmetoloog.ee\/toode\/nanodessert-body-cre\/#primaryimage\"},\"thumbnailUrl\":\"https:\/\/old.kosmetoloog.ee\/wp-content\/uploads\/2023\/09\/NANODESSERT-BODY-CREAM-100ml.jpg\",\"datePublished\":\"2023-09-10T15:09:07+00:00\",\"dateModified\":\"2023-10-18T11:00:51+00:00\",\"breadcrumb\":{\"@id\":\"https:\/\/old.kosmetoloog.ee\/toode\/nanodessert-body-cre\/#breadcrumb\"},\"inLanguage\":\"et\",\"potentialAction\":[{\"@type\":\"ReadAction\",\"target\":[\"https:\/\/old.kosmetoloog.ee\/toode\/nanodessert-body-cre\/\"]}]},{\"@type\":\"ImageObject\",\"inLanguage\":\"et\",\"@id\":\"https:\/\/old.kosmetoloog.ee\/toode\/nanodessert-body-cre\/#primaryimage\",\"url\":\"https:\/\/old.kosmetoloog.ee\/wp-content\/uploads\/2023\/09\/NANODESSERT-BODY-CREAM-100ml.jpg\",\"contentUrl\":\"https:\/\/old.kosmetoloog.ee\/wp-content\/uploads\/2023\/09\/NANODESSERT-BODY-CREAM-100ml.jpg\",\"width\":800,\"height\":800},{\"@type\":\"BreadcrumbList\",\"@id\":\"https:\/\/old.kosmetoloog.ee\/toode\/nanodessert-body-cre\/#breadcrumb\",\"itemListElement\":[{\"@type\":\"ListItem\",\"position\":1,\"name\":\"Home\",\"item\":\"https:\/\/old.kosmetoloog.ee\/et\/\"},{\"@type\":\"ListItem\",\"position\":2,\"name\":\"Pood\",\"item\":\"https:\/\/old.kosmetoloog.ee\/et\/pood\/\"},{\"@type\":\"ListItem\",\"position\":3,\"name\":\"PEPTIIDIDEGA KEHAKREEM \u201cNANODESSERT BODY CREAM\u201d\"}]},{\"@type\":\"WebSite\",\"@id\":\"https:\/\/old.kosmetoloog.ee\/#website\",\"url\":\"https:\/\/old.kosmetoloog.ee\/\",\"name\":\"Ilutoodete e-pood\",\"description\":\"Kosmeetika pood\",\"publisher\":{\"@id\":\"https:\/\/old.kosmetoloog.ee\/#organization\"},\"potentialAction\":[{\"@type\":\"SearchAction\",\"target\":{\"@type\":\"EntryPoint\",\"urlTemplate\":\"https:\/\/old.kosmetoloog.ee\/?s={search_term_string}\"},\"query-input\":{\"@type\":\"PropertyValueSpecification\",\"valueRequired\":true,\"valueName\":\"search_term_string\"}}],\"inLanguage\":\"et\"},{\"@type\":\"Organization\",\"@id\":\"https:\/\/old.kosmetoloog.ee\/#organization\",\"name\":\"You are You O\u00dc\",\"url\":\"https:\/\/old.kosmetoloog.ee\/\",\"logo\":{\"@type\":\"ImageObject\",\"inLanguage\":\"et\",\"@id\":\"https:\/\/old.kosmetoloog.ee\/#\/schema\/logo\/image\/\",\"url\":\"https:\/\/old.kosmetoloog.ee\/wp-content\/uploads\/2023\/08\/logo-1.png\",\"contentUrl\":\"https:\/\/old.kosmetoloog.ee\/wp-content\/uploads\/2023\/08\/logo-1.png\",\"width\":1200,\"height\":964,\"caption\":\"You are You O\u00dc\"},\"image\":{\"@id\":\"https:\/\/old.kosmetoloog.ee\/#\/schema\/logo\/image\/\"}}]}<\/script>\n<!-- \/ Yoast SEO plugin. -->","yoast_head_json":{"title":"PEPTIIDIDEGA KEHAKREEM \u201cNANODESSERT BODY CREAM\u201d - Ilutoodete e-pood","robots":{"index":"noindex","follow":"follow","max-snippet":"max-snippet:-1","max-image-preview":"max-image-preview:large","max-video-preview":"max-video-preview:-1"},"og_locale":"et_EE","og_type":"article","og_title":"PEPTIIDIDEGA KEHAKREEM \u201cNANODESSERT BODY CREAM\u201d - Ilutoodete e-pood","og_description":"NANOASIA kehakreem on sinu noorusliku naha saladus, t\u00f5eline kodune SPA-hooldus.","og_url":"https:\/\/old.kosmetoloog.ee\/toode\/nanodessert-body-cre\/","og_site_name":"Ilutoodete e-pood","article_modified_time":"2023-10-18T11:00:51+00:00","og_image":[{"width":800,"height":800,"url":"https:\/\/old.kosmetoloog.ee\/wp-content\/uploads\/2023\/09\/NANODESSERT-BODY-CREAM-100ml.jpg","type":"image\/jpeg"}],"twitter_card":"summary_large_image","twitter_misc":{"Est. reading time":"1 minut"},"schema":{"@context":"https:\/\/schema.org","@graph":[{"@type":"WebPage","@id":"https:\/\/old.kosmetoloog.ee\/toode\/nanodessert-body-cre\/","url":"https:\/\/old.kosmetoloog.ee\/toode\/nanodessert-body-cre\/","name":"PEPTIIDIDEGA KEHAKREEM \u201cNANODESSERT BODY CREAM\u201d - Ilutoodete e-pood","isPartOf":{"@id":"https:\/\/old.kosmetoloog.ee\/#website"},"primaryImageOfPage":{"@id":"https:\/\/old.kosmetoloog.ee\/toode\/nanodessert-body-cre\/#primaryimage"},"image":{"@id":"https:\/\/old.kosmetoloog.ee\/toode\/nanodessert-body-cre\/#primaryimage"},"thumbnailUrl":"https:\/\/old.kosmetoloog.ee\/wp-content\/uploads\/2023\/09\/NANODESSERT-BODY-CREAM-100ml.jpg","datePublished":"2023-09-10T15:09:07+00:00","dateModified":"2023-10-18T11:00:51+00:00","breadcrumb":{"@id":"https:\/\/old.kosmetoloog.ee\/toode\/nanodessert-body-cre\/#breadcrumb"},"inLanguage":"et","potentialAction":[{"@type":"ReadAction","target":["https:\/\/old.kosmetoloog.ee\/toode\/nanodessert-body-cre\/"]}]},{"@type":"ImageObject","inLanguage":"et","@id":"https:\/\/old.kosmetoloog.ee\/toode\/nanodessert-body-cre\/#primaryimage","url":"https:\/\/old.kosmetoloog.ee\/wp-content\/uploads\/2023\/09\/NANODESSERT-BODY-CREAM-100ml.jpg","contentUrl":"https:\/\/old.kosmetoloog.ee\/wp-content\/uploads\/2023\/09\/NANODESSERT-BODY-CREAM-100ml.jpg","width":800,"height":800},{"@type":"BreadcrumbList","@id":"https:\/\/old.kosmetoloog.ee\/toode\/nanodessert-body-cre\/#breadcrumb","itemListElement":[{"@type":"ListItem","position":1,"name":"Home","item":"https:\/\/old.kosmetoloog.ee\/et\/"},{"@type":"ListItem","position":2,"name":"Pood","item":"https:\/\/old.kosmetoloog.ee\/et\/pood\/"},{"@type":"ListItem","position":3,"name":"PEPTIIDIDEGA KEHAKREEM \u201cNANODESSERT BODY CREAM\u201d"}]},{"@type":"WebSite","@id":"https:\/\/old.kosmetoloog.ee\/#website","url":"https:\/\/old.kosmetoloog.ee\/","name":"Ilutoodete e-pood","description":"Kosmeetika pood","publisher":{"@id":"https:\/\/old.kosmetoloog.ee\/#organization"},"potentialAction":[{"@type":"SearchAction","target":{"@type":"EntryPoint","urlTemplate":"https:\/\/old.kosmetoloog.ee\/?s={search_term_string}"},"query-input":{"@type":"PropertyValueSpecification","valueRequired":true,"valueName":"search_term_string"}}],"inLanguage":"et"},{"@type":"Organization","@id":"https:\/\/old.kosmetoloog.ee\/#organization","name":"You are You O\u00dc","url":"https:\/\/old.kosmetoloog.ee\/","logo":{"@type":"ImageObject","inLanguage":"et","@id":"https:\/\/old.kosmetoloog.ee\/#\/schema\/logo\/image\/","url":"https:\/\/old.kosmetoloog.ee\/wp-content\/uploads\/2023\/08\/logo-1.png","contentUrl":"https:\/\/old.kosmetoloog.ee\/wp-content\/uploads\/2023\/08\/logo-1.png","width":1200,"height":964,"caption":"You are You O\u00dc"},"image":{"@id":"https:\/\/old.kosmetoloog.ee\/#\/schema\/logo\/image\/"}}]}},"brands":[{"id":44,"name":"NANOASIA","slug":"nanoasia"}],"_links":{"self":[{"href":"https:\/\/old.kosmetoloog.ee\/et\/wp-json\/wp\/v2\/product\/702","targetHints":{"allow":["GET"]}}],"collection":[{"href":"https:\/\/old.kosmetoloog.ee\/et\/wp-json\/wp\/v2\/product"}],"about":[{"href":"https:\/\/old.kosmetoloog.ee\/et\/wp-json\/wp\/v2\/types\/product"}],"replies":[{"embeddable":true,"href":"https:\/\/old.kosmetoloog.ee\/et\/wp-json\/wp\/v2\/comments?post=702"}],"wp:featuredmedia":[{"embeddable":true,"href":"https:\/\/old.kosmetoloog.ee\/et\/wp-json\/wp\/v2\/media\/668"}],"wp:attachment":[{"href":"https:\/\/old.kosmetoloog.ee\/et\/wp-json\/wp\/v2\/media?parent=702"}],"wp:term":[{"taxonomy":"pwb-brand","embeddable":true,"href":"https:\/\/old.kosmetoloog.ee\/et\/wp-json\/wp\/v2\/pwb-brand?post=702"},{"taxonomy":"product_brand","embeddable":true,"href":"https:\/\/old.kosmetoloog.ee\/et\/wp-json\/wp\/v2\/product_brand?post=702"},{"taxonomy":"product_cat","embeddable":true,"href":"https:\/\/old.kosmetoloog.ee\/et\/wp-json\/wp\/v2\/product_cat?post=702"},{"taxonomy":"product_tag","embeddable":true,"href":"https:\/\/old.kosmetoloog.ee\/et\/wp-json\/wp\/v2\/product_tag?post=702"}],"curies":[{"name":"wp","href":"https:\/\/api.w.org\/{rel}","templated":true}]}}