{"id":705,"date":"2023-09-11T12:13:45","date_gmt":"2023-09-11T09:13:45","guid":{"rendered":"https:\/\/uus.kosmetoloog.ee\/product\/puuvillapohine-detox-kangasmask-jeju-marine\/"},"modified":"2024-01-25T14:11:06","modified_gmt":"2024-01-25T12:11:06","slug":"detox-mask-jeju-marine","status":"publish","type":"product","link":"https:\/\/old.kosmetoloog.ee\/et\/toode\/detox-mask-jeju-marine\/","title":{"rendered":"PUUVILLAP\u00d5HINE DETOX KANGASMASK \u201cJEJU MARINE\u201d"},"content":{"rendered":"<p>Puuvillap\u00f5hine \u201dJeju Marine Detox Mask\u201d prebiootikumidega ning vulkaaniliste- ja meremineraalidega sarja esimene toode.<\/p>\n<p>\u201cNanoasia Basic\u201d. Nanoasia Basic tooted sobivad k\u00f5ikidele, on lihtsalt kasutatavad ja t\u00f5husad<\/p>\n<p>igap\u00e4evaseks kasutamiseks. Uus toode sisaldab L\u00f5una-Korea looduslikke koostisosi<\/p>\n<p>Jeju saarelt: merevesi, mineraalid, vetikad, indigotaim, aminohapped,<\/p>\n<p>peptiidid ja prebiootikumid. Saarel puuduvad suured t\u00f6\u00f6stused ja bensiiniautod, seega on saar kuulus puhta \u00f5hu ja ideaalse \u00f6koloogia poolest. Oma loodusrikkuse t\u00f5ttu on Jeju kantud UNESCO maailmap\u00e4randi nimistusse.<\/p>\n<p>T\u00e4nu rikkalikule koostisele on mask mitmefunktsionaalse toimega ja lahendab koheselt mitut \u00fclesannet:<\/p>\n<ul>\n<li>Rahustab \u00e4rritunud nahka ja leevendab p\u00f5letikku<\/li>\n<li>V\u00e4hendab ja leevendab aknet<\/li>\n<li>Niisutab nahka ning parandab jumet<\/li>\n<li>Pakub antioks\u00fcdantset kaitset<\/li>\n<li>Eemaldab toksiine<\/li>\n<li>Parandab nahatooni ja turgorit<\/li>\n<li>Tugevdab veresooni<\/li>\n<\/ul>\n<p>Mask on igap\u00e4evane t\u00f5hus hooldustoode k\u00f5ikidele nahat\u00fc\u00fcpidele.<\/p>\n","protected":false},"excerpt":{"rendered":"<p>Nanoasia \u201dJeju Marine Detox Mask\u201d prebiootikumidega ning vulkaaniliste- ja meremineraalidega. -Nanoasia Basic sarja esimene toode<\/p>\n","protected":false},"featured_media":704,"comment_status":"open","ping_status":"closed","template":"","meta":{"_acf_changed":false},"pwb-brand":[44],"product_brand":[],"product_cat":[59],"product_tag":[112,115,111,104],"class_list":{"0":"post-705","1":"product","2":"type-product","3":"status-publish","4":"has-post-thumbnail","6":"pwb-brand-nanoasia","7":"product_cat-maskid","8":"product_tag-kuiv-nahk","9":"product_tag-probleemne-nahk","10":"product_tag-vananemisvastane","11":"product_tag-cne","13":"first","14":"instock","15":"taxable","16":"shipping-taxable","17":"purchasable","18":"product-type-simple"},"acf":[],"yoast_head":"<!-- This site is optimized with the Yoast SEO plugin v25.7 - https:\/\/yoast.com\/wordpress\/plugins\/seo\/ -->\n<title>PUUVILLAP\u00d5HINE DETOX KANGASMASK \u201cJEJU MARINE\u201d - Ilutoodete e-pood<\/title>\n<meta name=\"robots\" content=\"noindex, follow, max-snippet:-1, max-image-preview:large, max-video-preview:-1\" \/>\n<meta property=\"og:locale\" content=\"et_EE\" \/>\n<meta property=\"og:type\" content=\"article\" \/>\n<meta property=\"og:title\" content=\"PUUVILLAP\u00d5HINE DETOX KANGASMASK \u201cJEJU MARINE\u201d - Ilutoodete e-pood\" \/>\n<meta property=\"og:description\" content=\"Nanoasia \u201dJeju Marine Detox Mask\u201d prebiootikumidega ning vulkaaniliste- ja meremineraalidega. -Nanoasia Basic sarja esimene toode\" \/>\n<meta property=\"og:url\" content=\"https:\/\/old.kosmetoloog.ee\/toode\/detox-mask-jeju-marine\/\" \/>\n<meta property=\"og:site_name\" content=\"Ilutoodete e-pood\" \/>\n<meta property=\"article:modified_time\" content=\"2024-01-25T12:11:06+00:00\" \/>\n<meta property=\"og:image\" content=\"https:\/\/old.kosmetoloog.ee\/wp-content\/uploads\/2023\/09\/Jeju_Marine.jpg\" \/>\n\t<meta property=\"og:image:width\" content=\"1710\" \/>\n\t<meta property=\"og:image:height\" content=\"2283\" \/>\n\t<meta property=\"og:image:type\" content=\"image\/jpeg\" \/>\n<meta name=\"twitter:card\" content=\"summary_large_image\" \/>\n<meta name=\"twitter:label1\" content=\"Est. reading time\" \/>\n\t<meta name=\"twitter:data1\" content=\"1 minut\" \/>\n<script type=\"application\/ld+json\" class=\"yoast-schema-graph\">{\"@context\":\"https:\/\/schema.org\",\"@graph\":[{\"@type\":\"WebPage\",\"@id\":\"https:\/\/old.kosmetoloog.ee\/toode\/detox-mask-jeju-marine\/\",\"url\":\"https:\/\/old.kosmetoloog.ee\/toode\/detox-mask-jeju-marine\/\",\"name\":\"PUUVILLAP\u00d5HINE DETOX KANGASMASK \u201cJEJU MARINE\u201d - Ilutoodete e-pood\",\"isPartOf\":{\"@id\":\"https:\/\/old.kosmetoloog.ee\/#website\"},\"primaryImageOfPage\":{\"@id\":\"https:\/\/old.kosmetoloog.ee\/toode\/detox-mask-jeju-marine\/#primaryimage\"},\"image\":{\"@id\":\"https:\/\/old.kosmetoloog.ee\/toode\/detox-mask-jeju-marine\/#primaryimage\"},\"thumbnailUrl\":\"https:\/\/old.kosmetoloog.ee\/wp-content\/uploads\/2023\/09\/Jeju_Marine.jpg\",\"datePublished\":\"2023-09-11T09:13:45+00:00\",\"dateModified\":\"2024-01-25T12:11:06+00:00\",\"breadcrumb\":{\"@id\":\"https:\/\/old.kosmetoloog.ee\/toode\/detox-mask-jeju-marine\/#breadcrumb\"},\"inLanguage\":\"et\",\"potentialAction\":[{\"@type\":\"ReadAction\",\"target\":[\"https:\/\/old.kosmetoloog.ee\/toode\/detox-mask-jeju-marine\/\"]}]},{\"@type\":\"ImageObject\",\"inLanguage\":\"et\",\"@id\":\"https:\/\/old.kosmetoloog.ee\/toode\/detox-mask-jeju-marine\/#primaryimage\",\"url\":\"https:\/\/old.kosmetoloog.ee\/wp-content\/uploads\/2023\/09\/Jeju_Marine.jpg\",\"contentUrl\":\"https:\/\/old.kosmetoloog.ee\/wp-content\/uploads\/2023\/09\/Jeju_Marine.jpg\",\"width\":1710,\"height\":2283},{\"@type\":\"BreadcrumbList\",\"@id\":\"https:\/\/old.kosmetoloog.ee\/toode\/detox-mask-jeju-marine\/#breadcrumb\",\"itemListElement\":[{\"@type\":\"ListItem\",\"position\":1,\"name\":\"Home\",\"item\":\"https:\/\/old.kosmetoloog.ee\/et\/\"},{\"@type\":\"ListItem\",\"position\":2,\"name\":\"Pood\",\"item\":\"https:\/\/old.kosmetoloog.ee\/et\/pood\/\"},{\"@type\":\"ListItem\",\"position\":3,\"name\":\"PUUVILLAP\u00d5HINE DETOX KANGASMASK \u201cJEJU MARINE\u201d\"}]},{\"@type\":\"WebSite\",\"@id\":\"https:\/\/old.kosmetoloog.ee\/#website\",\"url\":\"https:\/\/old.kosmetoloog.ee\/\",\"name\":\"Ilutoodete e-pood\",\"description\":\"Kosmeetika pood\",\"publisher\":{\"@id\":\"https:\/\/old.kosmetoloog.ee\/#organization\"},\"potentialAction\":[{\"@type\":\"SearchAction\",\"target\":{\"@type\":\"EntryPoint\",\"urlTemplate\":\"https:\/\/old.kosmetoloog.ee\/?s={search_term_string}\"},\"query-input\":{\"@type\":\"PropertyValueSpecification\",\"valueRequired\":true,\"valueName\":\"search_term_string\"}}],\"inLanguage\":\"et\"},{\"@type\":\"Organization\",\"@id\":\"https:\/\/old.kosmetoloog.ee\/#organization\",\"name\":\"You are You O\u00dc\",\"url\":\"https:\/\/old.kosmetoloog.ee\/\",\"logo\":{\"@type\":\"ImageObject\",\"inLanguage\":\"et\",\"@id\":\"https:\/\/old.kosmetoloog.ee\/#\/schema\/logo\/image\/\",\"url\":\"https:\/\/old.kosmetoloog.ee\/wp-content\/uploads\/2023\/08\/logo-1.png\",\"contentUrl\":\"https:\/\/old.kosmetoloog.ee\/wp-content\/uploads\/2023\/08\/logo-1.png\",\"width\":1200,\"height\":964,\"caption\":\"You are You O\u00dc\"},\"image\":{\"@id\":\"https:\/\/old.kosmetoloog.ee\/#\/schema\/logo\/image\/\"}}]}<\/script>\n<!-- \/ Yoast SEO plugin. -->","yoast_head_json":{"title":"PUUVILLAP\u00d5HINE DETOX KANGASMASK \u201cJEJU MARINE\u201d - Ilutoodete e-pood","robots":{"index":"noindex","follow":"follow","max-snippet":"max-snippet:-1","max-image-preview":"max-image-preview:large","max-video-preview":"max-video-preview:-1"},"og_locale":"et_EE","og_type":"article","og_title":"PUUVILLAP\u00d5HINE DETOX KANGASMASK \u201cJEJU MARINE\u201d - Ilutoodete e-pood","og_description":"Nanoasia \u201dJeju Marine Detox Mask\u201d prebiootikumidega ning vulkaaniliste- ja meremineraalidega. -Nanoasia Basic sarja esimene toode","og_url":"https:\/\/old.kosmetoloog.ee\/toode\/detox-mask-jeju-marine\/","og_site_name":"Ilutoodete e-pood","article_modified_time":"2024-01-25T12:11:06+00:00","og_image":[{"width":1710,"height":2283,"url":"https:\/\/old.kosmetoloog.ee\/wp-content\/uploads\/2023\/09\/Jeju_Marine.jpg","type":"image\/jpeg"}],"twitter_card":"summary_large_image","twitter_misc":{"Est. reading time":"1 minut"},"schema":{"@context":"https:\/\/schema.org","@graph":[{"@type":"WebPage","@id":"https:\/\/old.kosmetoloog.ee\/toode\/detox-mask-jeju-marine\/","url":"https:\/\/old.kosmetoloog.ee\/toode\/detox-mask-jeju-marine\/","name":"PUUVILLAP\u00d5HINE DETOX KANGASMASK \u201cJEJU MARINE\u201d - Ilutoodete e-pood","isPartOf":{"@id":"https:\/\/old.kosmetoloog.ee\/#website"},"primaryImageOfPage":{"@id":"https:\/\/old.kosmetoloog.ee\/toode\/detox-mask-jeju-marine\/#primaryimage"},"image":{"@id":"https:\/\/old.kosmetoloog.ee\/toode\/detox-mask-jeju-marine\/#primaryimage"},"thumbnailUrl":"https:\/\/old.kosmetoloog.ee\/wp-content\/uploads\/2023\/09\/Jeju_Marine.jpg","datePublished":"2023-09-11T09:13:45+00:00","dateModified":"2024-01-25T12:11:06+00:00","breadcrumb":{"@id":"https:\/\/old.kosmetoloog.ee\/toode\/detox-mask-jeju-marine\/#breadcrumb"},"inLanguage":"et","potentialAction":[{"@type":"ReadAction","target":["https:\/\/old.kosmetoloog.ee\/toode\/detox-mask-jeju-marine\/"]}]},{"@type":"ImageObject","inLanguage":"et","@id":"https:\/\/old.kosmetoloog.ee\/toode\/detox-mask-jeju-marine\/#primaryimage","url":"https:\/\/old.kosmetoloog.ee\/wp-content\/uploads\/2023\/09\/Jeju_Marine.jpg","contentUrl":"https:\/\/old.kosmetoloog.ee\/wp-content\/uploads\/2023\/09\/Jeju_Marine.jpg","width":1710,"height":2283},{"@type":"BreadcrumbList","@id":"https:\/\/old.kosmetoloog.ee\/toode\/detox-mask-jeju-marine\/#breadcrumb","itemListElement":[{"@type":"ListItem","position":1,"name":"Home","item":"https:\/\/old.kosmetoloog.ee\/et\/"},{"@type":"ListItem","position":2,"name":"Pood","item":"https:\/\/old.kosmetoloog.ee\/et\/pood\/"},{"@type":"ListItem","position":3,"name":"PUUVILLAP\u00d5HINE DETOX KANGASMASK \u201cJEJU MARINE\u201d"}]},{"@type":"WebSite","@id":"https:\/\/old.kosmetoloog.ee\/#website","url":"https:\/\/old.kosmetoloog.ee\/","name":"Ilutoodete e-pood","description":"Kosmeetika pood","publisher":{"@id":"https:\/\/old.kosmetoloog.ee\/#organization"},"potentialAction":[{"@type":"SearchAction","target":{"@type":"EntryPoint","urlTemplate":"https:\/\/old.kosmetoloog.ee\/?s={search_term_string}"},"query-input":{"@type":"PropertyValueSpecification","valueRequired":true,"valueName":"search_term_string"}}],"inLanguage":"et"},{"@type":"Organization","@id":"https:\/\/old.kosmetoloog.ee\/#organization","name":"You are You O\u00dc","url":"https:\/\/old.kosmetoloog.ee\/","logo":{"@type":"ImageObject","inLanguage":"et","@id":"https:\/\/old.kosmetoloog.ee\/#\/schema\/logo\/image\/","url":"https:\/\/old.kosmetoloog.ee\/wp-content\/uploads\/2023\/08\/logo-1.png","contentUrl":"https:\/\/old.kosmetoloog.ee\/wp-content\/uploads\/2023\/08\/logo-1.png","width":1200,"height":964,"caption":"You are You O\u00dc"},"image":{"@id":"https:\/\/old.kosmetoloog.ee\/#\/schema\/logo\/image\/"}}]}},"brands":[{"id":44,"name":"NANOASIA","slug":"nanoasia"}],"_links":{"self":[{"href":"https:\/\/old.kosmetoloog.ee\/et\/wp-json\/wp\/v2\/product\/705","targetHints":{"allow":["GET"]}}],"collection":[{"href":"https:\/\/old.kosmetoloog.ee\/et\/wp-json\/wp\/v2\/product"}],"about":[{"href":"https:\/\/old.kosmetoloog.ee\/et\/wp-json\/wp\/v2\/types\/product"}],"replies":[{"embeddable":true,"href":"https:\/\/old.kosmetoloog.ee\/et\/wp-json\/wp\/v2\/comments?post=705"}],"wp:featuredmedia":[{"embeddable":true,"href":"https:\/\/old.kosmetoloog.ee\/et\/wp-json\/wp\/v2\/media\/704"}],"wp:attachment":[{"href":"https:\/\/old.kosmetoloog.ee\/et\/wp-json\/wp\/v2\/media?parent=705"}],"wp:term":[{"taxonomy":"pwb-brand","embeddable":true,"href":"https:\/\/old.kosmetoloog.ee\/et\/wp-json\/wp\/v2\/pwb-brand?post=705"},{"taxonomy":"product_brand","embeddable":true,"href":"https:\/\/old.kosmetoloog.ee\/et\/wp-json\/wp\/v2\/product_brand?post=705"},{"taxonomy":"product_cat","embeddable":true,"href":"https:\/\/old.kosmetoloog.ee\/et\/wp-json\/wp\/v2\/product_cat?post=705"},{"taxonomy":"product_tag","embeddable":true,"href":"https:\/\/old.kosmetoloog.ee\/et\/wp-json\/wp\/v2\/product_tag?post=705"}],"curies":[{"name":"wp","href":"https:\/\/api.w.org\/{rel}","templated":true}]}}