{"id":712,"date":"2023-09-11T13:13:09","date_gmt":"2023-09-11T10:13:09","guid":{"rendered":"https:\/\/uus.kosmetoloog.ee\/product\/peptiididega-bc-kreem-jewelry-radiant-cushion-spf50-lisa-bc-kreemi-taidisega\/"},"modified":"2023-10-17T22:01:47","modified_gmt":"2023-10-17T19:01:47","slug":"jewelry-radiant-bc-cream-%d0%bd%d0%b0%d0%bf%d0%be%d0%bb%d0%bd%d0%b8%d1%82%d0%b5%d0%bb%d1%8c-spf50-jewelry-radiant-cu","status":"publish","type":"product","link":"https:\/\/old.kosmetoloog.ee\/et\/toode\/jewelry-radiant-bc-cream-%d0%bd%d0%b0%d0%bf%d0%be%d0%bb%d0%bd%d0%b8%d1%82%d0%b5%d0%bb%d1%8c-spf50-jewelry-radiant-cu\/","title":{"rendered":"PEPTIIDIDEGA BC KREEM JEWELRY RADIANT CUSHION + PEPTIIDIDEGA BC KREEMI T\u00c4IDIS \u201cJUWELRY RADIANT CUSHION\u201d, SPF50+"},"content":{"rendered":"<p>Uue p\u00f5lvkonna BC kreem peptiidide, Aloe vera, roosivee ja v\u00e4\u00e4riskivide ekstraktidega. On kergeks tonaalseks aluseks, mis katab efektselt pigmendilaigud, punetava naha ja aitab peita akne arme. BC kreem kujutab endast puudritoosi koos BC-fluidumiga immutatud \u0161vammi ja kuiva \u00f5rna spon\u017eiga, millega kreemi nahale kantakse.<\/p>\n<p>Ideaalset katvust saavutatakse t\u00e4nu toote unikaalsele peenestusele ja selles sisalduvale nanopuudrile v\u00e4\u00e4ris- ja poolv\u00e4\u00e4riskividest, mis loob helendamisefekti nahal. Nanoasia spetsialistide poolt v\u00e4lja arendatud BC kreem mitte ainult ei maskeeri erinevaid puudusi, vaid avaldab ka anti-age ja ravivat m\u00f5ju naha probleemsetele piirkondadele.<\/p>\n<p><em>BC kreemi puudritoose on saadaval erinevates v\u00e4rvides.<\/em><\/p>\n<p><em>P.S. Lisa t\u00e4idis on pakitud hermeetilisse kotti.<\/em><\/p>\n<p>Dermatoloogiliselt testitud. Sobilik k\u00f5ikidele nahat\u00fc\u00fcpidele. on mittekomedogeenne. Tootele v\u00e4ljastatud Euroopa sertifikaat.<\/p>\n","protected":false},"excerpt":{"rendered":"<p>Uue p\u00f5lvkonna BC kreem peptiidide, Aloe vera, roosivee ja v\u00e4\u00e4riskivide ekstraktidega.<\/p>\n","protected":false},"featured_media":711,"comment_status":"open","ping_status":"closed","template":"","meta":{"_acf_changed":false},"pwb-brand":[44],"product_brand":[],"product_cat":[79,83],"product_tag":[105],"class_list":{"0":"post-712","1":"product","2":"type-product","3":"status-publish","4":"has-post-thumbnail","6":"pwb-brand-nanoasia","7":"product_cat-meigi-jaoks","8":"product_cat-jumestuskreemid","9":"product_tag-koik-naha","11":"first","12":"instock","13":"taxable","14":"shipping-taxable","15":"purchasable","16":"product-type-simple"},"acf":[],"yoast_head":"<!-- This site is optimized with the Yoast SEO plugin v25.7 - https:\/\/yoast.com\/wordpress\/plugins\/seo\/ -->\n<title>PEPTIIDIDEGA BC KREEM JEWELRY RADIANT CUSHION + PEPTIIDIDEGA BC KREEMI T\u00c4IDIS \u201cJUWELRY RADIANT CUSHION\u201d, SPF50+ - Ilutoodete e-pood<\/title>\n<meta name=\"robots\" content=\"noindex, follow, max-snippet:-1, max-image-preview:large, max-video-preview:-1\" \/>\n<meta property=\"og:locale\" content=\"et_EE\" \/>\n<meta property=\"og:type\" content=\"article\" \/>\n<meta property=\"og:title\" content=\"PEPTIIDIDEGA BC KREEM JEWELRY RADIANT CUSHION + PEPTIIDIDEGA BC KREEMI T\u00c4IDIS \u201cJUWELRY RADIANT CUSHION\u201d, SPF50+ - Ilutoodete e-pood\" \/>\n<meta property=\"og:description\" content=\"Uue p\u00f5lvkonna BC kreem peptiidide, Aloe vera, roosivee ja v\u00e4\u00e4riskivide ekstraktidega.\" \/>\n<meta property=\"og:url\" content=\"https:\/\/old.kosmetoloog.ee\/et\/toode\/jewelry-radiant-bc-cream-\u043d\u0430\u043f\u043e\u043b\u043d\u0438\u0442\u0435\u043b\u044c-spf50-jewelry-radiant-cu\/\" \/>\n<meta property=\"og:site_name\" content=\"Ilutoodete e-pood\" \/>\n<meta property=\"article:modified_time\" content=\"2023-10-17T19:01:47+00:00\" \/>\n<meta property=\"og:image\" content=\"https:\/\/old.kosmetoloog.ee\/wp-content\/uploads\/2023\/09\/kushon.jpg\" \/>\n\t<meta property=\"og:image:width\" content=\"1080\" \/>\n\t<meta property=\"og:image:height\" content=\"1080\" \/>\n\t<meta property=\"og:image:type\" content=\"image\/jpeg\" \/>\n<meta name=\"twitter:card\" content=\"summary_large_image\" \/>\n<meta name=\"twitter:label1\" content=\"Est. reading time\" \/>\n\t<meta name=\"twitter:data1\" content=\"1 minut\" \/>\n<script type=\"application\/ld+json\" class=\"yoast-schema-graph\">{\"@context\":\"https:\/\/schema.org\",\"@graph\":[{\"@type\":\"WebPage\",\"@id\":\"https:\/\/old.kosmetoloog.ee\/et\/toode\/jewelry-radiant-bc-cream-%d0%bd%d0%b0%d0%bf%d0%be%d0%bb%d0%bd%d0%b8%d1%82%d0%b5%d0%bb%d1%8c-spf50-jewelry-radiant-cu\/\",\"url\":\"https:\/\/old.kosmetoloog.ee\/et\/toode\/jewelry-radiant-bc-cream-%d0%bd%d0%b0%d0%bf%d0%be%d0%bb%d0%bd%d0%b8%d1%82%d0%b5%d0%bb%d1%8c-spf50-jewelry-radiant-cu\/\",\"name\":\"PEPTIIDIDEGA BC KREEM JEWELRY RADIANT CUSHION + PEPTIIDIDEGA BC KREEMI T\u00c4IDIS \u201cJUWELRY RADIANT CUSHION\u201d, SPF50+ - Ilutoodete e-pood\",\"isPartOf\":{\"@id\":\"https:\/\/old.kosmetoloog.ee\/#website\"},\"primaryImageOfPage\":{\"@id\":\"https:\/\/old.kosmetoloog.ee\/et\/toode\/jewelry-radiant-bc-cream-%d0%bd%d0%b0%d0%bf%d0%be%d0%bb%d0%bd%d0%b8%d1%82%d0%b5%d0%bb%d1%8c-spf50-jewelry-radiant-cu\/#primaryimage\"},\"image\":{\"@id\":\"https:\/\/old.kosmetoloog.ee\/et\/toode\/jewelry-radiant-bc-cream-%d0%bd%d0%b0%d0%bf%d0%be%d0%bb%d0%bd%d0%b8%d1%82%d0%b5%d0%bb%d1%8c-spf50-jewelry-radiant-cu\/#primaryimage\"},\"thumbnailUrl\":\"https:\/\/old.kosmetoloog.ee\/wp-content\/uploads\/2023\/09\/kushon.jpg\",\"datePublished\":\"2023-09-11T10:13:09+00:00\",\"dateModified\":\"2023-10-17T19:01:47+00:00\",\"breadcrumb\":{\"@id\":\"https:\/\/old.kosmetoloog.ee\/et\/toode\/jewelry-radiant-bc-cream-%d0%bd%d0%b0%d0%bf%d0%be%d0%bb%d0%bd%d0%b8%d1%82%d0%b5%d0%bb%d1%8c-spf50-jewelry-radiant-cu\/#breadcrumb\"},\"inLanguage\":\"et\",\"potentialAction\":[{\"@type\":\"ReadAction\",\"target\":[\"https:\/\/old.kosmetoloog.ee\/et\/toode\/jewelry-radiant-bc-cream-%d0%bd%d0%b0%d0%bf%d0%be%d0%bb%d0%bd%d0%b8%d1%82%d0%b5%d0%bb%d1%8c-spf50-jewelry-radiant-cu\/\"]}]},{\"@type\":\"ImageObject\",\"inLanguage\":\"et\",\"@id\":\"https:\/\/old.kosmetoloog.ee\/et\/toode\/jewelry-radiant-bc-cream-%d0%bd%d0%b0%d0%bf%d0%be%d0%bb%d0%bd%d0%b8%d1%82%d0%b5%d0%bb%d1%8c-spf50-jewelry-radiant-cu\/#primaryimage\",\"url\":\"https:\/\/old.kosmetoloog.ee\/wp-content\/uploads\/2023\/09\/kushon.jpg\",\"contentUrl\":\"https:\/\/old.kosmetoloog.ee\/wp-content\/uploads\/2023\/09\/kushon.jpg\",\"width\":1080,\"height\":1080},{\"@type\":\"BreadcrumbList\",\"@id\":\"https:\/\/old.kosmetoloog.ee\/et\/toode\/jewelry-radiant-bc-cream-%d0%bd%d0%b0%d0%bf%d0%be%d0%bb%d0%bd%d0%b8%d1%82%d0%b5%d0%bb%d1%8c-spf50-jewelry-radiant-cu\/#breadcrumb\",\"itemListElement\":[{\"@type\":\"ListItem\",\"position\":1,\"name\":\"Home\",\"item\":\"https:\/\/old.kosmetoloog.ee\/et\/\"},{\"@type\":\"ListItem\",\"position\":2,\"name\":\"Pood\",\"item\":\"https:\/\/old.kosmetoloog.ee\/et\/pood\/\"},{\"@type\":\"ListItem\",\"position\":3,\"name\":\"PEPTIIDIDEGA BC KREEM JEWELRY RADIANT CUSHION + PEPTIIDIDEGA BC KREEMI T\u00c4IDIS \u201cJUWELRY RADIANT CUSHION\u201d, SPF50+\"}]},{\"@type\":\"WebSite\",\"@id\":\"https:\/\/old.kosmetoloog.ee\/#website\",\"url\":\"https:\/\/old.kosmetoloog.ee\/\",\"name\":\"Ilutoodete e-pood\",\"description\":\"Kosmeetika pood\",\"publisher\":{\"@id\":\"https:\/\/old.kosmetoloog.ee\/#organization\"},\"potentialAction\":[{\"@type\":\"SearchAction\",\"target\":{\"@type\":\"EntryPoint\",\"urlTemplate\":\"https:\/\/old.kosmetoloog.ee\/?s={search_term_string}\"},\"query-input\":{\"@type\":\"PropertyValueSpecification\",\"valueRequired\":true,\"valueName\":\"search_term_string\"}}],\"inLanguage\":\"et\"},{\"@type\":\"Organization\",\"@id\":\"https:\/\/old.kosmetoloog.ee\/#organization\",\"name\":\"You are You O\u00dc\",\"url\":\"https:\/\/old.kosmetoloog.ee\/\",\"logo\":{\"@type\":\"ImageObject\",\"inLanguage\":\"et\",\"@id\":\"https:\/\/old.kosmetoloog.ee\/#\/schema\/logo\/image\/\",\"url\":\"https:\/\/old.kosmetoloog.ee\/wp-content\/uploads\/2023\/08\/logo-1.png\",\"contentUrl\":\"https:\/\/old.kosmetoloog.ee\/wp-content\/uploads\/2023\/08\/logo-1.png\",\"width\":1200,\"height\":964,\"caption\":\"You are You O\u00dc\"},\"image\":{\"@id\":\"https:\/\/old.kosmetoloog.ee\/#\/schema\/logo\/image\/\"}}]}<\/script>\n<!-- \/ Yoast SEO plugin. -->","yoast_head_json":{"title":"PEPTIIDIDEGA BC KREEM JEWELRY RADIANT CUSHION + PEPTIIDIDEGA BC KREEMI T\u00c4IDIS \u201cJUWELRY RADIANT CUSHION\u201d, SPF50+ - Ilutoodete e-pood","robots":{"index":"noindex","follow":"follow","max-snippet":"max-snippet:-1","max-image-preview":"max-image-preview:large","max-video-preview":"max-video-preview:-1"},"og_locale":"et_EE","og_type":"article","og_title":"PEPTIIDIDEGA BC KREEM JEWELRY RADIANT CUSHION + PEPTIIDIDEGA BC KREEMI T\u00c4IDIS \u201cJUWELRY RADIANT CUSHION\u201d, SPF50+ - Ilutoodete e-pood","og_description":"Uue p\u00f5lvkonna BC kreem peptiidide, Aloe vera, roosivee ja v\u00e4\u00e4riskivide ekstraktidega.","og_url":"https:\/\/old.kosmetoloog.ee\/et\/toode\/jewelry-radiant-bc-cream-\u043d\u0430\u043f\u043e\u043b\u043d\u0438\u0442\u0435\u043b\u044c-spf50-jewelry-radiant-cu\/","og_site_name":"Ilutoodete e-pood","article_modified_time":"2023-10-17T19:01:47+00:00","og_image":[{"width":1080,"height":1080,"url":"https:\/\/old.kosmetoloog.ee\/wp-content\/uploads\/2023\/09\/kushon.jpg","type":"image\/jpeg"}],"twitter_card":"summary_large_image","twitter_misc":{"Est. reading time":"1 minut"},"schema":{"@context":"https:\/\/schema.org","@graph":[{"@type":"WebPage","@id":"https:\/\/old.kosmetoloog.ee\/et\/toode\/jewelry-radiant-bc-cream-%d0%bd%d0%b0%d0%bf%d0%be%d0%bb%d0%bd%d0%b8%d1%82%d0%b5%d0%bb%d1%8c-spf50-jewelry-radiant-cu\/","url":"https:\/\/old.kosmetoloog.ee\/et\/toode\/jewelry-radiant-bc-cream-%d0%bd%d0%b0%d0%bf%d0%be%d0%bb%d0%bd%d0%b8%d1%82%d0%b5%d0%bb%d1%8c-spf50-jewelry-radiant-cu\/","name":"PEPTIIDIDEGA BC KREEM JEWELRY RADIANT CUSHION + PEPTIIDIDEGA BC KREEMI T\u00c4IDIS \u201cJUWELRY RADIANT CUSHION\u201d, SPF50+ - Ilutoodete e-pood","isPartOf":{"@id":"https:\/\/old.kosmetoloog.ee\/#website"},"primaryImageOfPage":{"@id":"https:\/\/old.kosmetoloog.ee\/et\/toode\/jewelry-radiant-bc-cream-%d0%bd%d0%b0%d0%bf%d0%be%d0%bb%d0%bd%d0%b8%d1%82%d0%b5%d0%bb%d1%8c-spf50-jewelry-radiant-cu\/#primaryimage"},"image":{"@id":"https:\/\/old.kosmetoloog.ee\/et\/toode\/jewelry-radiant-bc-cream-%d0%bd%d0%b0%d0%bf%d0%be%d0%bb%d0%bd%d0%b8%d1%82%d0%b5%d0%bb%d1%8c-spf50-jewelry-radiant-cu\/#primaryimage"},"thumbnailUrl":"https:\/\/old.kosmetoloog.ee\/wp-content\/uploads\/2023\/09\/kushon.jpg","datePublished":"2023-09-11T10:13:09+00:00","dateModified":"2023-10-17T19:01:47+00:00","breadcrumb":{"@id":"https:\/\/old.kosmetoloog.ee\/et\/toode\/jewelry-radiant-bc-cream-%d0%bd%d0%b0%d0%bf%d0%be%d0%bb%d0%bd%d0%b8%d1%82%d0%b5%d0%bb%d1%8c-spf50-jewelry-radiant-cu\/#breadcrumb"},"inLanguage":"et","potentialAction":[{"@type":"ReadAction","target":["https:\/\/old.kosmetoloog.ee\/et\/toode\/jewelry-radiant-bc-cream-%d0%bd%d0%b0%d0%bf%d0%be%d0%bb%d0%bd%d0%b8%d1%82%d0%b5%d0%bb%d1%8c-spf50-jewelry-radiant-cu\/"]}]},{"@type":"ImageObject","inLanguage":"et","@id":"https:\/\/old.kosmetoloog.ee\/et\/toode\/jewelry-radiant-bc-cream-%d0%bd%d0%b0%d0%bf%d0%be%d0%bb%d0%bd%d0%b8%d1%82%d0%b5%d0%bb%d1%8c-spf50-jewelry-radiant-cu\/#primaryimage","url":"https:\/\/old.kosmetoloog.ee\/wp-content\/uploads\/2023\/09\/kushon.jpg","contentUrl":"https:\/\/old.kosmetoloog.ee\/wp-content\/uploads\/2023\/09\/kushon.jpg","width":1080,"height":1080},{"@type":"BreadcrumbList","@id":"https:\/\/old.kosmetoloog.ee\/et\/toode\/jewelry-radiant-bc-cream-%d0%bd%d0%b0%d0%bf%d0%be%d0%bb%d0%bd%d0%b8%d1%82%d0%b5%d0%bb%d1%8c-spf50-jewelry-radiant-cu\/#breadcrumb","itemListElement":[{"@type":"ListItem","position":1,"name":"Home","item":"https:\/\/old.kosmetoloog.ee\/et\/"},{"@type":"ListItem","position":2,"name":"Pood","item":"https:\/\/old.kosmetoloog.ee\/et\/pood\/"},{"@type":"ListItem","position":3,"name":"PEPTIIDIDEGA BC KREEM JEWELRY RADIANT CUSHION + PEPTIIDIDEGA BC KREEMI T\u00c4IDIS \u201cJUWELRY RADIANT CUSHION\u201d, SPF50+"}]},{"@type":"WebSite","@id":"https:\/\/old.kosmetoloog.ee\/#website","url":"https:\/\/old.kosmetoloog.ee\/","name":"Ilutoodete e-pood","description":"Kosmeetika pood","publisher":{"@id":"https:\/\/old.kosmetoloog.ee\/#organization"},"potentialAction":[{"@type":"SearchAction","target":{"@type":"EntryPoint","urlTemplate":"https:\/\/old.kosmetoloog.ee\/?s={search_term_string}"},"query-input":{"@type":"PropertyValueSpecification","valueRequired":true,"valueName":"search_term_string"}}],"inLanguage":"et"},{"@type":"Organization","@id":"https:\/\/old.kosmetoloog.ee\/#organization","name":"You are You O\u00dc","url":"https:\/\/old.kosmetoloog.ee\/","logo":{"@type":"ImageObject","inLanguage":"et","@id":"https:\/\/old.kosmetoloog.ee\/#\/schema\/logo\/image\/","url":"https:\/\/old.kosmetoloog.ee\/wp-content\/uploads\/2023\/08\/logo-1.png","contentUrl":"https:\/\/old.kosmetoloog.ee\/wp-content\/uploads\/2023\/08\/logo-1.png","width":1200,"height":964,"caption":"You are You O\u00dc"},"image":{"@id":"https:\/\/old.kosmetoloog.ee\/#\/schema\/logo\/image\/"}}]}},"brands":[{"id":44,"name":"NANOASIA","slug":"nanoasia"}],"_links":{"self":[{"href":"https:\/\/old.kosmetoloog.ee\/et\/wp-json\/wp\/v2\/product\/712","targetHints":{"allow":["GET"]}}],"collection":[{"href":"https:\/\/old.kosmetoloog.ee\/et\/wp-json\/wp\/v2\/product"}],"about":[{"href":"https:\/\/old.kosmetoloog.ee\/et\/wp-json\/wp\/v2\/types\/product"}],"replies":[{"embeddable":true,"href":"https:\/\/old.kosmetoloog.ee\/et\/wp-json\/wp\/v2\/comments?post=712"}],"wp:featuredmedia":[{"embeddable":true,"href":"https:\/\/old.kosmetoloog.ee\/et\/wp-json\/wp\/v2\/media\/711"}],"wp:attachment":[{"href":"https:\/\/old.kosmetoloog.ee\/et\/wp-json\/wp\/v2\/media?parent=712"}],"wp:term":[{"taxonomy":"pwb-brand","embeddable":true,"href":"https:\/\/old.kosmetoloog.ee\/et\/wp-json\/wp\/v2\/pwb-brand?post=712"},{"taxonomy":"product_brand","embeddable":true,"href":"https:\/\/old.kosmetoloog.ee\/et\/wp-json\/wp\/v2\/product_brand?post=712"},{"taxonomy":"product_cat","embeddable":true,"href":"https:\/\/old.kosmetoloog.ee\/et\/wp-json\/wp\/v2\/product_cat?post=712"},{"taxonomy":"product_tag","embeddable":true,"href":"https:\/\/old.kosmetoloog.ee\/et\/wp-json\/wp\/v2\/product_tag?post=712"}],"curies":[{"name":"wp","href":"https:\/\/api.w.org\/{rel}","templated":true}]}}