{"id":716,"date":"2023-09-11T13:45:39","date_gmt":"2023-09-11T10:45:39","guid":{"rendered":"https:\/\/uus.kosmetoloog.ee\/product\/taastav-ja-niisutav-huulelaige-revital-gloss-for-seductive-plump-lips\/"},"modified":"2023-10-17T21:58:46","modified_gmt":"2023-10-17T18:58:46","slug":"revital-gloss-for-seductiv","status":"publish","type":"product","link":"https:\/\/old.kosmetoloog.ee\/et\/toode\/revital-gloss-for-seductiv\/","title":{"rendered":"TAASTAV JA NIISUTAV HUULEL\u00c4IGE \u201cREVITAL GLOSS FOR SEDUCTIVE PLUMP LIPS\u201d"},"content":{"rendered":"<p>Mentooli noodiga huulel\u00e4ige parandab oluliselt huulte v\u00e4limust. Sellel on s\u00e4rav ja l\u00e4ikiv viimistlus.<\/p>\n<p>Vanuse kasvades huulte maht alati v\u00e4heneb. Selle \u00fcheks p\u00f5hjuseks on keha v\u00e4iksem v\u00f5imekus toota kollageeni ja elastiini \u00f5iges koguses. Elustav huulel\u00e4ige on alternatiiv mitsellaar\u00f5lidele ning tuleb toime mitmete probleemidega nagu kuivus, l\u00f5hed ja herpes.<\/p>\n<p>Nanoasia huulel\u00e4ige toimib t\u00e4nu nanotehnoloogiale rakutasandil ja on v\u00f5imeline suurendama huulte mahtu 20-30%, samuti taastama huulte kuju ja kudesid, parandades vereringet ja huultekontuuri (peptiidide m\u00f5ju t\u00f5ttu). Aminohapped ja taimeekstraktid toidavad, niisutavad ja suurendavad huulte naha immuunsust, mille m\u00f5jud on kumulatiivsed ja pikaajalised.<\/p>\n","protected":false},"excerpt":{"rendered":"<p>Uudse tehnoloogiaga huulel\u00e4ige on loodud teie huultele v\u00f5rgutava t\u00e4idluse andmiseks.<\/p>\n","protected":false},"featured_media":715,"comment_status":"open","ping_status":"closed","template":"","meta":{"_acf_changed":false},"pwb-brand":[44],"product_brand":[],"product_cat":[66],"product_tag":[105],"class_list":{"0":"post-716","1":"product","2":"type-product","3":"status-publish","4":"has-post-thumbnail","6":"pwb-brand-nanoasia","7":"product_cat-hultehooldus","8":"product_tag-koik-naha","10":"first","11":"instock","12":"taxable","13":"shipping-taxable","14":"purchasable","15":"product-type-simple"},"acf":[],"yoast_head":"<!-- This site is optimized with the Yoast SEO plugin v25.7 - https:\/\/yoast.com\/wordpress\/plugins\/seo\/ -->\n<title>TAASTAV JA NIISUTAV HUULEL\u00c4IGE \u201cREVITAL GLOSS FOR SEDUCTIVE PLUMP LIPS\u201d - Ilutoodete e-pood<\/title>\n<meta name=\"robots\" content=\"noindex, follow, max-snippet:-1, max-image-preview:large, max-video-preview:-1\" \/>\n<meta property=\"og:locale\" content=\"et_EE\" \/>\n<meta property=\"og:type\" content=\"article\" \/>\n<meta property=\"og:title\" content=\"TAASTAV JA NIISUTAV HUULEL\u00c4IGE \u201cREVITAL GLOSS FOR SEDUCTIVE PLUMP LIPS\u201d - Ilutoodete e-pood\" \/>\n<meta property=\"og:description\" content=\"Uudse tehnoloogiaga huulel\u00e4ige on loodud teie huultele v\u00f5rgutava t\u00e4idluse andmiseks.\" \/>\n<meta property=\"og:url\" content=\"https:\/\/old.kosmetoloog.ee\/toode\/revital-gloss-for-seductiv\/\" \/>\n<meta property=\"og:site_name\" content=\"Ilutoodete e-pood\" \/>\n<meta property=\"article:modified_time\" content=\"2023-10-17T18:58:46+00:00\" \/>\n<meta property=\"og:image\" content=\"https:\/\/old.kosmetoloog.ee\/wp-content\/uploads\/2023\/09\/lipgloss.jpg\" \/>\n\t<meta property=\"og:image:width\" content=\"2406\" \/>\n\t<meta property=\"og:image:height\" content=\"2560\" \/>\n\t<meta property=\"og:image:type\" content=\"image\/jpeg\" \/>\n<meta name=\"twitter:card\" content=\"summary_large_image\" \/>\n<meta name=\"twitter:label1\" content=\"Est. reading time\" \/>\n\t<meta name=\"twitter:data1\" content=\"1 minut\" \/>\n<script type=\"application\/ld+json\" class=\"yoast-schema-graph\">{\"@context\":\"https:\/\/schema.org\",\"@graph\":[{\"@type\":\"WebPage\",\"@id\":\"https:\/\/old.kosmetoloog.ee\/toode\/revital-gloss-for-seductiv\/\",\"url\":\"https:\/\/old.kosmetoloog.ee\/toode\/revital-gloss-for-seductiv\/\",\"name\":\"TAASTAV JA NIISUTAV HUULEL\u00c4IGE \u201cREVITAL GLOSS FOR SEDUCTIVE PLUMP LIPS\u201d - Ilutoodete e-pood\",\"isPartOf\":{\"@id\":\"https:\/\/old.kosmetoloog.ee\/#website\"},\"primaryImageOfPage\":{\"@id\":\"https:\/\/old.kosmetoloog.ee\/toode\/revital-gloss-for-seductiv\/#primaryimage\"},\"image\":{\"@id\":\"https:\/\/old.kosmetoloog.ee\/toode\/revital-gloss-for-seductiv\/#primaryimage\"},\"thumbnailUrl\":\"https:\/\/old.kosmetoloog.ee\/wp-content\/uploads\/2023\/09\/lipgloss.jpg\",\"datePublished\":\"2023-09-11T10:45:39+00:00\",\"dateModified\":\"2023-10-17T18:58:46+00:00\",\"breadcrumb\":{\"@id\":\"https:\/\/old.kosmetoloog.ee\/toode\/revital-gloss-for-seductiv\/#breadcrumb\"},\"inLanguage\":\"et\",\"potentialAction\":[{\"@type\":\"ReadAction\",\"target\":[\"https:\/\/old.kosmetoloog.ee\/toode\/revital-gloss-for-seductiv\/\"]}]},{\"@type\":\"ImageObject\",\"inLanguage\":\"et\",\"@id\":\"https:\/\/old.kosmetoloog.ee\/toode\/revital-gloss-for-seductiv\/#primaryimage\",\"url\":\"https:\/\/old.kosmetoloog.ee\/wp-content\/uploads\/2023\/09\/lipgloss.jpg\",\"contentUrl\":\"https:\/\/old.kosmetoloog.ee\/wp-content\/uploads\/2023\/09\/lipgloss.jpg\",\"width\":2406,\"height\":2560},{\"@type\":\"BreadcrumbList\",\"@id\":\"https:\/\/old.kosmetoloog.ee\/toode\/revital-gloss-for-seductiv\/#breadcrumb\",\"itemListElement\":[{\"@type\":\"ListItem\",\"position\":1,\"name\":\"Home\",\"item\":\"https:\/\/old.kosmetoloog.ee\/et\/\"},{\"@type\":\"ListItem\",\"position\":2,\"name\":\"Pood\",\"item\":\"https:\/\/old.kosmetoloog.ee\/et\/pood\/\"},{\"@type\":\"ListItem\",\"position\":3,\"name\":\"TAASTAV JA NIISUTAV HUULEL\u00c4IGE \u201cREVITAL GLOSS FOR SEDUCTIVE PLUMP LIPS\u201d\"}]},{\"@type\":\"WebSite\",\"@id\":\"https:\/\/old.kosmetoloog.ee\/#website\",\"url\":\"https:\/\/old.kosmetoloog.ee\/\",\"name\":\"Ilutoodete e-pood\",\"description\":\"Kosmeetika pood\",\"publisher\":{\"@id\":\"https:\/\/old.kosmetoloog.ee\/#organization\"},\"potentialAction\":[{\"@type\":\"SearchAction\",\"target\":{\"@type\":\"EntryPoint\",\"urlTemplate\":\"https:\/\/old.kosmetoloog.ee\/?s={search_term_string}\"},\"query-input\":{\"@type\":\"PropertyValueSpecification\",\"valueRequired\":true,\"valueName\":\"search_term_string\"}}],\"inLanguage\":\"et\"},{\"@type\":\"Organization\",\"@id\":\"https:\/\/old.kosmetoloog.ee\/#organization\",\"name\":\"You are You O\u00dc\",\"url\":\"https:\/\/old.kosmetoloog.ee\/\",\"logo\":{\"@type\":\"ImageObject\",\"inLanguage\":\"et\",\"@id\":\"https:\/\/old.kosmetoloog.ee\/#\/schema\/logo\/image\/\",\"url\":\"https:\/\/old.kosmetoloog.ee\/wp-content\/uploads\/2023\/08\/logo-1.png\",\"contentUrl\":\"https:\/\/old.kosmetoloog.ee\/wp-content\/uploads\/2023\/08\/logo-1.png\",\"width\":1200,\"height\":964,\"caption\":\"You are You O\u00dc\"},\"image\":{\"@id\":\"https:\/\/old.kosmetoloog.ee\/#\/schema\/logo\/image\/\"}}]}<\/script>\n<!-- \/ Yoast SEO plugin. -->","yoast_head_json":{"title":"TAASTAV JA NIISUTAV HUULEL\u00c4IGE \u201cREVITAL GLOSS FOR SEDUCTIVE PLUMP LIPS\u201d - Ilutoodete e-pood","robots":{"index":"noindex","follow":"follow","max-snippet":"max-snippet:-1","max-image-preview":"max-image-preview:large","max-video-preview":"max-video-preview:-1"},"og_locale":"et_EE","og_type":"article","og_title":"TAASTAV JA NIISUTAV HUULEL\u00c4IGE \u201cREVITAL GLOSS FOR SEDUCTIVE PLUMP LIPS\u201d - Ilutoodete e-pood","og_description":"Uudse tehnoloogiaga huulel\u00e4ige on loodud teie huultele v\u00f5rgutava t\u00e4idluse andmiseks.","og_url":"https:\/\/old.kosmetoloog.ee\/toode\/revital-gloss-for-seductiv\/","og_site_name":"Ilutoodete e-pood","article_modified_time":"2023-10-17T18:58:46+00:00","og_image":[{"width":2406,"height":2560,"url":"https:\/\/old.kosmetoloog.ee\/wp-content\/uploads\/2023\/09\/lipgloss.jpg","type":"image\/jpeg"}],"twitter_card":"summary_large_image","twitter_misc":{"Est. reading time":"1 minut"},"schema":{"@context":"https:\/\/schema.org","@graph":[{"@type":"WebPage","@id":"https:\/\/old.kosmetoloog.ee\/toode\/revital-gloss-for-seductiv\/","url":"https:\/\/old.kosmetoloog.ee\/toode\/revital-gloss-for-seductiv\/","name":"TAASTAV JA NIISUTAV HUULEL\u00c4IGE \u201cREVITAL GLOSS FOR SEDUCTIVE PLUMP LIPS\u201d - Ilutoodete e-pood","isPartOf":{"@id":"https:\/\/old.kosmetoloog.ee\/#website"},"primaryImageOfPage":{"@id":"https:\/\/old.kosmetoloog.ee\/toode\/revital-gloss-for-seductiv\/#primaryimage"},"image":{"@id":"https:\/\/old.kosmetoloog.ee\/toode\/revital-gloss-for-seductiv\/#primaryimage"},"thumbnailUrl":"https:\/\/old.kosmetoloog.ee\/wp-content\/uploads\/2023\/09\/lipgloss.jpg","datePublished":"2023-09-11T10:45:39+00:00","dateModified":"2023-10-17T18:58:46+00:00","breadcrumb":{"@id":"https:\/\/old.kosmetoloog.ee\/toode\/revital-gloss-for-seductiv\/#breadcrumb"},"inLanguage":"et","potentialAction":[{"@type":"ReadAction","target":["https:\/\/old.kosmetoloog.ee\/toode\/revital-gloss-for-seductiv\/"]}]},{"@type":"ImageObject","inLanguage":"et","@id":"https:\/\/old.kosmetoloog.ee\/toode\/revital-gloss-for-seductiv\/#primaryimage","url":"https:\/\/old.kosmetoloog.ee\/wp-content\/uploads\/2023\/09\/lipgloss.jpg","contentUrl":"https:\/\/old.kosmetoloog.ee\/wp-content\/uploads\/2023\/09\/lipgloss.jpg","width":2406,"height":2560},{"@type":"BreadcrumbList","@id":"https:\/\/old.kosmetoloog.ee\/toode\/revital-gloss-for-seductiv\/#breadcrumb","itemListElement":[{"@type":"ListItem","position":1,"name":"Home","item":"https:\/\/old.kosmetoloog.ee\/et\/"},{"@type":"ListItem","position":2,"name":"Pood","item":"https:\/\/old.kosmetoloog.ee\/et\/pood\/"},{"@type":"ListItem","position":3,"name":"TAASTAV JA NIISUTAV HUULEL\u00c4IGE \u201cREVITAL GLOSS FOR SEDUCTIVE PLUMP LIPS\u201d"}]},{"@type":"WebSite","@id":"https:\/\/old.kosmetoloog.ee\/#website","url":"https:\/\/old.kosmetoloog.ee\/","name":"Ilutoodete e-pood","description":"Kosmeetika pood","publisher":{"@id":"https:\/\/old.kosmetoloog.ee\/#organization"},"potentialAction":[{"@type":"SearchAction","target":{"@type":"EntryPoint","urlTemplate":"https:\/\/old.kosmetoloog.ee\/?s={search_term_string}"},"query-input":{"@type":"PropertyValueSpecification","valueRequired":true,"valueName":"search_term_string"}}],"inLanguage":"et"},{"@type":"Organization","@id":"https:\/\/old.kosmetoloog.ee\/#organization","name":"You are You O\u00dc","url":"https:\/\/old.kosmetoloog.ee\/","logo":{"@type":"ImageObject","inLanguage":"et","@id":"https:\/\/old.kosmetoloog.ee\/#\/schema\/logo\/image\/","url":"https:\/\/old.kosmetoloog.ee\/wp-content\/uploads\/2023\/08\/logo-1.png","contentUrl":"https:\/\/old.kosmetoloog.ee\/wp-content\/uploads\/2023\/08\/logo-1.png","width":1200,"height":964,"caption":"You are You O\u00dc"},"image":{"@id":"https:\/\/old.kosmetoloog.ee\/#\/schema\/logo\/image\/"}}]}},"brands":[{"id":44,"name":"NANOASIA","slug":"nanoasia"}],"_links":{"self":[{"href":"https:\/\/old.kosmetoloog.ee\/et\/wp-json\/wp\/v2\/product\/716","targetHints":{"allow":["GET"]}}],"collection":[{"href":"https:\/\/old.kosmetoloog.ee\/et\/wp-json\/wp\/v2\/product"}],"about":[{"href":"https:\/\/old.kosmetoloog.ee\/et\/wp-json\/wp\/v2\/types\/product"}],"replies":[{"embeddable":true,"href":"https:\/\/old.kosmetoloog.ee\/et\/wp-json\/wp\/v2\/comments?post=716"}],"wp:featuredmedia":[{"embeddable":true,"href":"https:\/\/old.kosmetoloog.ee\/et\/wp-json\/wp\/v2\/media\/715"}],"wp:attachment":[{"href":"https:\/\/old.kosmetoloog.ee\/et\/wp-json\/wp\/v2\/media?parent=716"}],"wp:term":[{"taxonomy":"pwb-brand","embeddable":true,"href":"https:\/\/old.kosmetoloog.ee\/et\/wp-json\/wp\/v2\/pwb-brand?post=716"},{"taxonomy":"product_brand","embeddable":true,"href":"https:\/\/old.kosmetoloog.ee\/et\/wp-json\/wp\/v2\/product_brand?post=716"},{"taxonomy":"product_cat","embeddable":true,"href":"https:\/\/old.kosmetoloog.ee\/et\/wp-json\/wp\/v2\/product_cat?post=716"},{"taxonomy":"product_tag","embeddable":true,"href":"https:\/\/old.kosmetoloog.ee\/et\/wp-json\/wp\/v2\/product_tag?post=716"}],"curies":[{"name":"wp","href":"https:\/\/api.w.org\/{rel}","templated":true}]}}