{"id":722,"date":"2023-09-11T14:26:00","date_gmt":"2023-09-11T11:26:00","guid":{"rendered":"https:\/\/uus.kosmetoloog.ee\/product\/koduseks-kasutamiseks-seerum-2-tk\/"},"modified":"2023-10-17T21:58:08","modified_gmt":"2023-10-17T18:58:08","slug":"nanoasia-%d0%b0%d0%bc%d0%bf%d1%83%d0%bb%d1%8b-2%d1%88%d1%82-portable-compressor-ampoules-2-pcs","status":"publish","type":"product","link":"https:\/\/old.kosmetoloog.ee\/et\/toode\/nanoasia-%d0%b0%d0%bc%d0%bf%d1%83%d0%bb%d1%8b-2%d1%88%d1%82-portable-compressor-ampoules-2-pcs\/","title":{"rendered":"KODUSEKS KASUTAMISEKS + SEERUM (2 TK)"},"content":{"rendered":"<p>Kui teil on tihe ajakava ja teil pole piisavalt aega ilusalongi k\u00fclastamiseks, on kodune seade just see mida vajate. Tegemist on tervikliku salongi protseduuriga enda kodus, puhkusel v\u00f5i \u00e4rireisil.<\/p>\n<p>NANOASIA aparaat koduseks kasutamiseks annab paljudele v\u00f5imaluse taastada oma naha s\u00e4ra, v\u00e4rskuse, tervisliku ilme ja nooruse. Sealjuures on seadet v\u00e4ga mugav kasutada. \u00d5hupintsli abil saate sooritada aqua-koorimist, teha n\u00e4omassaa\u017ei, anda nahka t\u00f5stvat ja niisutavat efekti \u00fchekorraga.<\/p>\n<p>Komplekt sisaldab v\u00e4ikest, kaasaskantavat aparaati, mis on analoogsete seas (sama suurusega) k\u00f5ige v\u00f5imsam. On varustatud automaatse r\u00f5huregulaatoriga, mis l\u00fclitab aparaadi v\u00e4lja pihustuse katkemisel. Kompaktne suurus, mugav kasutamine ja vastupidava koti olemasolu teevad aparaadi ideaalseks v\u00e4ljas\u00f5itude jaoks. Peale aparaadi ja tarvikute mahub kotti veel NANOASIA seerumite varu 7-14 p\u00e4evaks, mis on v\u00e4ga mugav transportimise jaoks.<\/p>\n<p>NANOASIA seadmel on palju eeliseid:<\/p>\n<p>\u00d6konoomiline<br \/>\nPraktiline<br \/>\nKvaliteetne<br \/>\nT\u00f5hus<br \/>\nMultifunktsionaalne<br \/>\nOhutu<\/p>\n<p>Tehniline iseloomustus:<\/p>\n<p>Maksimaalne r\u00f5hk 2,5 atm<br \/>\nJ\u00f5udlus 10 l\/min<br \/>\nVoolikupesa 1\/8<br \/>\nPinge 220V\/50Hz<br \/>\nKaal 1,1 kg<\/p>\n","protected":false},"excerpt":{"rendered":"<p>Kompaktne, kuid v\u00f5imas seade kohapealseks kosmeetiku protseduurideks v\u00f5i koduseks kasutamiseks.<\/p>\n","protected":false},"featured_media":719,"comment_status":"open","ping_status":"closed","template":"","meta":{"_acf_changed":false},"pwb-brand":[44],"product_brand":[],"product_cat":[67],"product_tag":[],"class_list":{"0":"post-722","1":"product","2":"type-product","3":"status-publish","4":"has-post-thumbnail","6":"pwb-brand-nanoasia","7":"product_cat-seadmeid","9":"first","10":"outofstock","11":"sale","12":"taxable","13":"shipping-taxable","14":"purchasable","15":"product-type-simple"},"acf":[],"yoast_head":"<!-- This site is optimized with the Yoast SEO plugin v25.7 - https:\/\/yoast.com\/wordpress\/plugins\/seo\/ -->\n<title>KODUSEKS KASUTAMISEKS + SEERUM (2 TK) - Ilutoodete e-pood<\/title>\n<meta name=\"robots\" content=\"noindex, follow, max-snippet:-1, max-image-preview:large, max-video-preview:-1\" \/>\n<meta property=\"og:locale\" content=\"et_EE\" \/>\n<meta property=\"og:type\" content=\"article\" \/>\n<meta property=\"og:title\" content=\"KODUSEKS KASUTAMISEKS + SEERUM (2 TK) - Ilutoodete e-pood\" \/>\n<meta property=\"og:description\" content=\"Kompaktne, kuid v\u00f5imas seade kohapealseks kosmeetiku protseduurideks v\u00f5i koduseks kasutamiseks.\" \/>\n<meta property=\"og:url\" content=\"https:\/\/old.kosmetoloog.ee\/toode\/nanoasia-\u0430\u043c\u043f\u0443\u043b\u044b-2\u0448\u0442-portable-compressor-ampoules-2-pcs\/\" \/>\n<meta property=\"og:site_name\" content=\"Ilutoodete e-pood\" \/>\n<meta property=\"article:modified_time\" content=\"2023-10-17T18:58:08+00:00\" \/>\n<meta property=\"og:image\" content=\"https:\/\/old.kosmetoloog.ee\/wp-content\/uploads\/2023\/09\/APPARAT.png\" \/>\n\t<meta property=\"og:image:width\" content=\"575\" \/>\n\t<meta property=\"og:image:height\" content=\"608\" \/>\n\t<meta property=\"og:image:type\" content=\"image\/png\" \/>\n<meta name=\"twitter:card\" content=\"summary_large_image\" \/>\n<meta name=\"twitter:label1\" content=\"Est. reading time\" \/>\n\t<meta name=\"twitter:data1\" content=\"1 minut\" \/>\n<script type=\"application\/ld+json\" class=\"yoast-schema-graph\">{\"@context\":\"https:\/\/schema.org\",\"@graph\":[{\"@type\":\"WebPage\",\"@id\":\"https:\/\/old.kosmetoloog.ee\/toode\/nanoasia-%d0%b0%d0%bc%d0%bf%d1%83%d0%bb%d1%8b-2%d1%88%d1%82-portable-compressor-ampoules-2-pcs\/\",\"url\":\"https:\/\/old.kosmetoloog.ee\/toode\/nanoasia-%d0%b0%d0%bc%d0%bf%d1%83%d0%bb%d1%8b-2%d1%88%d1%82-portable-compressor-ampoules-2-pcs\/\",\"name\":\"KODUSEKS KASUTAMISEKS + SEERUM (2 TK) - Ilutoodete e-pood\",\"isPartOf\":{\"@id\":\"https:\/\/old.kosmetoloog.ee\/#website\"},\"primaryImageOfPage\":{\"@id\":\"https:\/\/old.kosmetoloog.ee\/toode\/nanoasia-%d0%b0%d0%bc%d0%bf%d1%83%d0%bb%d1%8b-2%d1%88%d1%82-portable-compressor-ampoules-2-pcs\/#primaryimage\"},\"image\":{\"@id\":\"https:\/\/old.kosmetoloog.ee\/toode\/nanoasia-%d0%b0%d0%bc%d0%bf%d1%83%d0%bb%d1%8b-2%d1%88%d1%82-portable-compressor-ampoules-2-pcs\/#primaryimage\"},\"thumbnailUrl\":\"https:\/\/old.kosmetoloog.ee\/wp-content\/uploads\/2023\/09\/APPARAT.png\",\"datePublished\":\"2023-09-11T11:26:00+00:00\",\"dateModified\":\"2023-10-17T18:58:08+00:00\",\"breadcrumb\":{\"@id\":\"https:\/\/old.kosmetoloog.ee\/toode\/nanoasia-%d0%b0%d0%bc%d0%bf%d1%83%d0%bb%d1%8b-2%d1%88%d1%82-portable-compressor-ampoules-2-pcs\/#breadcrumb\"},\"inLanguage\":\"et\",\"potentialAction\":[{\"@type\":\"ReadAction\",\"target\":[\"https:\/\/old.kosmetoloog.ee\/toode\/nanoasia-%d0%b0%d0%bc%d0%bf%d1%83%d0%bb%d1%8b-2%d1%88%d1%82-portable-compressor-ampoules-2-pcs\/\"]}]},{\"@type\":\"ImageObject\",\"inLanguage\":\"et\",\"@id\":\"https:\/\/old.kosmetoloog.ee\/toode\/nanoasia-%d0%b0%d0%bc%d0%bf%d1%83%d0%bb%d1%8b-2%d1%88%d1%82-portable-compressor-ampoules-2-pcs\/#primaryimage\",\"url\":\"https:\/\/old.kosmetoloog.ee\/wp-content\/uploads\/2023\/09\/APPARAT.png\",\"contentUrl\":\"https:\/\/old.kosmetoloog.ee\/wp-content\/uploads\/2023\/09\/APPARAT.png\",\"width\":575,\"height\":608},{\"@type\":\"BreadcrumbList\",\"@id\":\"https:\/\/old.kosmetoloog.ee\/toode\/nanoasia-%d0%b0%d0%bc%d0%bf%d1%83%d0%bb%d1%8b-2%d1%88%d1%82-portable-compressor-ampoules-2-pcs\/#breadcrumb\",\"itemListElement\":[{\"@type\":\"ListItem\",\"position\":1,\"name\":\"Home\",\"item\":\"https:\/\/old.kosmetoloog.ee\/et\/\"},{\"@type\":\"ListItem\",\"position\":2,\"name\":\"Pood\",\"item\":\"https:\/\/old.kosmetoloog.ee\/et\/pood\/\"},{\"@type\":\"ListItem\",\"position\":3,\"name\":\"KODUSEKS KASUTAMISEKS + SEERUM (2 TK)\"}]},{\"@type\":\"WebSite\",\"@id\":\"https:\/\/old.kosmetoloog.ee\/#website\",\"url\":\"https:\/\/old.kosmetoloog.ee\/\",\"name\":\"Ilutoodete e-pood\",\"description\":\"Kosmeetika pood\",\"publisher\":{\"@id\":\"https:\/\/old.kosmetoloog.ee\/#organization\"},\"potentialAction\":[{\"@type\":\"SearchAction\",\"target\":{\"@type\":\"EntryPoint\",\"urlTemplate\":\"https:\/\/old.kosmetoloog.ee\/?s={search_term_string}\"},\"query-input\":{\"@type\":\"PropertyValueSpecification\",\"valueRequired\":true,\"valueName\":\"search_term_string\"}}],\"inLanguage\":\"et\"},{\"@type\":\"Organization\",\"@id\":\"https:\/\/old.kosmetoloog.ee\/#organization\",\"name\":\"You are You O\u00dc\",\"url\":\"https:\/\/old.kosmetoloog.ee\/\",\"logo\":{\"@type\":\"ImageObject\",\"inLanguage\":\"et\",\"@id\":\"https:\/\/old.kosmetoloog.ee\/#\/schema\/logo\/image\/\",\"url\":\"https:\/\/old.kosmetoloog.ee\/wp-content\/uploads\/2023\/08\/logo-1.png\",\"contentUrl\":\"https:\/\/old.kosmetoloog.ee\/wp-content\/uploads\/2023\/08\/logo-1.png\",\"width\":1200,\"height\":964,\"caption\":\"You are You O\u00dc\"},\"image\":{\"@id\":\"https:\/\/old.kosmetoloog.ee\/#\/schema\/logo\/image\/\"}}]}<\/script>\n<!-- \/ Yoast SEO plugin. -->","yoast_head_json":{"title":"KODUSEKS KASUTAMISEKS + SEERUM (2 TK) - Ilutoodete e-pood","robots":{"index":"noindex","follow":"follow","max-snippet":"max-snippet:-1","max-image-preview":"max-image-preview:large","max-video-preview":"max-video-preview:-1"},"og_locale":"et_EE","og_type":"article","og_title":"KODUSEKS KASUTAMISEKS + SEERUM (2 TK) - Ilutoodete e-pood","og_description":"Kompaktne, kuid v\u00f5imas seade kohapealseks kosmeetiku protseduurideks v\u00f5i koduseks kasutamiseks.","og_url":"https:\/\/old.kosmetoloog.ee\/toode\/nanoasia-\u0430\u043c\u043f\u0443\u043b\u044b-2\u0448\u0442-portable-compressor-ampoules-2-pcs\/","og_site_name":"Ilutoodete e-pood","article_modified_time":"2023-10-17T18:58:08+00:00","og_image":[{"width":575,"height":608,"url":"https:\/\/old.kosmetoloog.ee\/wp-content\/uploads\/2023\/09\/APPARAT.png","type":"image\/png"}],"twitter_card":"summary_large_image","twitter_misc":{"Est. reading time":"1 minut"},"schema":{"@context":"https:\/\/schema.org","@graph":[{"@type":"WebPage","@id":"https:\/\/old.kosmetoloog.ee\/toode\/nanoasia-%d0%b0%d0%bc%d0%bf%d1%83%d0%bb%d1%8b-2%d1%88%d1%82-portable-compressor-ampoules-2-pcs\/","url":"https:\/\/old.kosmetoloog.ee\/toode\/nanoasia-%d0%b0%d0%bc%d0%bf%d1%83%d0%bb%d1%8b-2%d1%88%d1%82-portable-compressor-ampoules-2-pcs\/","name":"KODUSEKS KASUTAMISEKS + SEERUM (2 TK) - Ilutoodete e-pood","isPartOf":{"@id":"https:\/\/old.kosmetoloog.ee\/#website"},"primaryImageOfPage":{"@id":"https:\/\/old.kosmetoloog.ee\/toode\/nanoasia-%d0%b0%d0%bc%d0%bf%d1%83%d0%bb%d1%8b-2%d1%88%d1%82-portable-compressor-ampoules-2-pcs\/#primaryimage"},"image":{"@id":"https:\/\/old.kosmetoloog.ee\/toode\/nanoasia-%d0%b0%d0%bc%d0%bf%d1%83%d0%bb%d1%8b-2%d1%88%d1%82-portable-compressor-ampoules-2-pcs\/#primaryimage"},"thumbnailUrl":"https:\/\/old.kosmetoloog.ee\/wp-content\/uploads\/2023\/09\/APPARAT.png","datePublished":"2023-09-11T11:26:00+00:00","dateModified":"2023-10-17T18:58:08+00:00","breadcrumb":{"@id":"https:\/\/old.kosmetoloog.ee\/toode\/nanoasia-%d0%b0%d0%bc%d0%bf%d1%83%d0%bb%d1%8b-2%d1%88%d1%82-portable-compressor-ampoules-2-pcs\/#breadcrumb"},"inLanguage":"et","potentialAction":[{"@type":"ReadAction","target":["https:\/\/old.kosmetoloog.ee\/toode\/nanoasia-%d0%b0%d0%bc%d0%bf%d1%83%d0%bb%d1%8b-2%d1%88%d1%82-portable-compressor-ampoules-2-pcs\/"]}]},{"@type":"ImageObject","inLanguage":"et","@id":"https:\/\/old.kosmetoloog.ee\/toode\/nanoasia-%d0%b0%d0%bc%d0%bf%d1%83%d0%bb%d1%8b-2%d1%88%d1%82-portable-compressor-ampoules-2-pcs\/#primaryimage","url":"https:\/\/old.kosmetoloog.ee\/wp-content\/uploads\/2023\/09\/APPARAT.png","contentUrl":"https:\/\/old.kosmetoloog.ee\/wp-content\/uploads\/2023\/09\/APPARAT.png","width":575,"height":608},{"@type":"BreadcrumbList","@id":"https:\/\/old.kosmetoloog.ee\/toode\/nanoasia-%d0%b0%d0%bc%d0%bf%d1%83%d0%bb%d1%8b-2%d1%88%d1%82-portable-compressor-ampoules-2-pcs\/#breadcrumb","itemListElement":[{"@type":"ListItem","position":1,"name":"Home","item":"https:\/\/old.kosmetoloog.ee\/et\/"},{"@type":"ListItem","position":2,"name":"Pood","item":"https:\/\/old.kosmetoloog.ee\/et\/pood\/"},{"@type":"ListItem","position":3,"name":"KODUSEKS KASUTAMISEKS + SEERUM (2 TK)"}]},{"@type":"WebSite","@id":"https:\/\/old.kosmetoloog.ee\/#website","url":"https:\/\/old.kosmetoloog.ee\/","name":"Ilutoodete e-pood","description":"Kosmeetika pood","publisher":{"@id":"https:\/\/old.kosmetoloog.ee\/#organization"},"potentialAction":[{"@type":"SearchAction","target":{"@type":"EntryPoint","urlTemplate":"https:\/\/old.kosmetoloog.ee\/?s={search_term_string}"},"query-input":{"@type":"PropertyValueSpecification","valueRequired":true,"valueName":"search_term_string"}}],"inLanguage":"et"},{"@type":"Organization","@id":"https:\/\/old.kosmetoloog.ee\/#organization","name":"You are You O\u00dc","url":"https:\/\/old.kosmetoloog.ee\/","logo":{"@type":"ImageObject","inLanguage":"et","@id":"https:\/\/old.kosmetoloog.ee\/#\/schema\/logo\/image\/","url":"https:\/\/old.kosmetoloog.ee\/wp-content\/uploads\/2023\/08\/logo-1.png","contentUrl":"https:\/\/old.kosmetoloog.ee\/wp-content\/uploads\/2023\/08\/logo-1.png","width":1200,"height":964,"caption":"You are You O\u00dc"},"image":{"@id":"https:\/\/old.kosmetoloog.ee\/#\/schema\/logo\/image\/"}}]}},"brands":[{"id":44,"name":"NANOASIA","slug":"nanoasia"}],"_links":{"self":[{"href":"https:\/\/old.kosmetoloog.ee\/et\/wp-json\/wp\/v2\/product\/722","targetHints":{"allow":["GET"]}}],"collection":[{"href":"https:\/\/old.kosmetoloog.ee\/et\/wp-json\/wp\/v2\/product"}],"about":[{"href":"https:\/\/old.kosmetoloog.ee\/et\/wp-json\/wp\/v2\/types\/product"}],"replies":[{"embeddable":true,"href":"https:\/\/old.kosmetoloog.ee\/et\/wp-json\/wp\/v2\/comments?post=722"}],"wp:featuredmedia":[{"embeddable":true,"href":"https:\/\/old.kosmetoloog.ee\/et\/wp-json\/wp\/v2\/media\/719"}],"wp:attachment":[{"href":"https:\/\/old.kosmetoloog.ee\/et\/wp-json\/wp\/v2\/media?parent=722"}],"wp:term":[{"taxonomy":"pwb-brand","embeddable":true,"href":"https:\/\/old.kosmetoloog.ee\/et\/wp-json\/wp\/v2\/pwb-brand?post=722"},{"taxonomy":"product_brand","embeddable":true,"href":"https:\/\/old.kosmetoloog.ee\/et\/wp-json\/wp\/v2\/product_brand?post=722"},{"taxonomy":"product_cat","embeddable":true,"href":"https:\/\/old.kosmetoloog.ee\/et\/wp-json\/wp\/v2\/product_cat?post=722"},{"taxonomy":"product_tag","embeddable":true,"href":"https:\/\/old.kosmetoloog.ee\/et\/wp-json\/wp\/v2\/product_tag?post=722"}],"curies":[{"name":"wp","href":"https:\/\/api.w.org\/{rel}","templated":true}]}}