{"id":726,"date":"2023-09-11T21:25:32","date_gmt":"2023-09-11T18:25:32","guid":{"rendered":"https:\/\/uus.kosmetoloog.ee\/product\/kosmeetiline-naomask-speedy-facial-cool-meso-mask\/"},"modified":"2023-10-17T21:57:29","modified_gmt":"2023-10-17T18:57:29","slug":"speedy-facial-cool-meso-mask","status":"publish","type":"product","link":"https:\/\/old.kosmetoloog.ee\/et\/toode\/speedy-facial-cool-meso-mask\/","title":{"rendered":"KOSMEETILINE N\u00c4OMASK \u201cSPEEDY FACIAL COOL MESO MASK\u201d"},"content":{"rendered":"<p>Unikaalne uudistoode sisaldab endas k\u00f5ige aktiivsemaid toimeaineid \u2013 galaktoosi ekstrakti, trehaloosi, peptiide, pueraria juure ekstrakti, \u00f5htune priimula \u00f5li, argileriini ja palju teisi kasulikke koostisaineid. See on nahahoolduse kiirabi! T\u00e4nu nanotehnoloogiale ja TOP koostisainetele, on mask oma toimelt v\u00f5rdne ilus\u00fcstide toimega. Mask taastab suurep\u00e4raselt naha p\u00e4rast laserprotseduure, koorimisi ja keemilisi piilinguid. Annab nahale kauakestva lifting efekti ning aitab n\u00e4htavalt ahendada poore, j\u00e4ttes naha siledaks, sametiseks ja s\u00e4ravaks. \u00dchtlustab nahatooni, v\u00e4rskendab ning elustab v\u00e4sinud ja tuhmunud nahka. Tulemusena n\u00e4eb nahk v\u00e4lja pringim, s\u00e4ravam ja siledam. Saavutate nahal kohese v\u00e4rskuse ning sametise ja mugavustunde.<\/p>\n<p><strong>Peamised m\u00f5jud nahale:<\/strong><\/p>\n<ul>\n<li>Leevendab s\u00fcgelust ja \u00e4rritust<\/li>\n<li>Toidab ja niisutab nahka<\/li>\n<li>Parandab verevarustust ja mikrotsirkulatsiooni<\/li>\n<li>Parandab naha toonust ja elastsust<\/li>\n<li>Helendab tedret\u00e4hne ja pigmendilaike<\/li>\n<li>Taastab rasun\u00e4\u00e4rmete t\u00f6\u00f6d<\/li>\n<li>V\u00f5itleb kortsude vastu ja on t\u00f5stva toimega<\/li>\n<li>Tungib s\u00fcgavale naha rakkudesse<\/li>\n<li>Taastab nahka p\u00e4rast lasereid, koorimisi ja keemilisi piilinguid<\/li>\n<li>V\u00e4hendab turseid<\/li>\n<li>\u00dchtlustab jumet<\/li>\n<li>On p\u00f5letikuvastase toimega<\/li>\n<li>V\u00f5itleb aknega<\/li>\n<li>Muudab naha pehmeks, elastseks ja siledaks<\/li>\n<li>Toimib rakutasandil ning annab nahale efekti, mida ei saa \u201cmaha pesta\u201d peale maski maha loputamist<\/li>\n<\/ul>\n","protected":false},"excerpt":{"rendered":"<p>Jahutav mesomask naha s\u00fcgavaks taastamiseks.<\/p>\n","protected":false},"featured_media":725,"comment_status":"open","ping_status":"closed","template":"","meta":{"_acf_changed":false},"pwb-brand":[44],"product_brand":[],"product_cat":[59],"product_tag":[105,108,111,104],"class_list":{"0":"post-726","1":"product","2":"type-product","3":"status-publish","4":"has-post-thumbnail","6":"pwb-brand-nanoasia","7":"product_cat-maskid","8":"product_tag-koik-naha","9":"product_tag-pigmentatsioon","10":"product_tag-vananemisvastane","11":"product_tag-cne","13":"first","14":"outofstock","15":"taxable","16":"shipping-taxable","17":"purchasable","18":"product-type-simple"},"acf":[],"yoast_head":"<!-- This site is optimized with the Yoast SEO plugin v25.7 - https:\/\/yoast.com\/wordpress\/plugins\/seo\/ -->\n<title>KOSMEETILINE N\u00c4OMASK \u201cSPEEDY FACIAL COOL MESO MASK\u201d - Ilutoodete e-pood<\/title>\n<meta name=\"robots\" content=\"noindex, follow, max-snippet:-1, max-image-preview:large, max-video-preview:-1\" \/>\n<meta property=\"og:locale\" content=\"et_EE\" \/>\n<meta property=\"og:type\" content=\"article\" \/>\n<meta property=\"og:title\" content=\"KOSMEETILINE N\u00c4OMASK \u201cSPEEDY FACIAL COOL MESO MASK\u201d - Ilutoodete e-pood\" \/>\n<meta property=\"og:description\" content=\"Jahutav mesomask naha s\u00fcgavaks taastamiseks.\" \/>\n<meta property=\"og:url\" content=\"https:\/\/old.kosmetoloog.ee\/et\/toode\/speedy-facial-cool-meso-mask\/\" \/>\n<meta property=\"og:site_name\" content=\"Ilutoodete e-pood\" \/>\n<meta property=\"article:modified_time\" content=\"2023-10-17T18:57:29+00:00\" \/>\n<meta property=\"og:image\" content=\"https:\/\/old.kosmetoloog.ee\/wp-content\/uploads\/2023\/09\/MesoMask.jpg\" \/>\n\t<meta property=\"og:image:width\" content=\"2262\" \/>\n\t<meta property=\"og:image:height\" content=\"2560\" \/>\n\t<meta property=\"og:image:type\" content=\"image\/jpeg\" \/>\n<meta name=\"twitter:card\" content=\"summary_large_image\" \/>\n<meta name=\"twitter:label1\" content=\"Est. reading time\" \/>\n\t<meta name=\"twitter:data1\" content=\"1 minut\" \/>\n<script type=\"application\/ld+json\" class=\"yoast-schema-graph\">{\"@context\":\"https:\/\/schema.org\",\"@graph\":[{\"@type\":\"WebPage\",\"@id\":\"https:\/\/old.kosmetoloog.ee\/et\/toode\/speedy-facial-cool-meso-mask\/\",\"url\":\"https:\/\/old.kosmetoloog.ee\/et\/toode\/speedy-facial-cool-meso-mask\/\",\"name\":\"KOSMEETILINE N\u00c4OMASK \u201cSPEEDY FACIAL COOL MESO MASK\u201d - Ilutoodete e-pood\",\"isPartOf\":{\"@id\":\"https:\/\/old.kosmetoloog.ee\/#website\"},\"primaryImageOfPage\":{\"@id\":\"https:\/\/old.kosmetoloog.ee\/et\/toode\/speedy-facial-cool-meso-mask\/#primaryimage\"},\"image\":{\"@id\":\"https:\/\/old.kosmetoloog.ee\/et\/toode\/speedy-facial-cool-meso-mask\/#primaryimage\"},\"thumbnailUrl\":\"https:\/\/old.kosmetoloog.ee\/wp-content\/uploads\/2023\/09\/MesoMask.jpg\",\"datePublished\":\"2023-09-11T18:25:32+00:00\",\"dateModified\":\"2023-10-17T18:57:29+00:00\",\"breadcrumb\":{\"@id\":\"https:\/\/old.kosmetoloog.ee\/et\/toode\/speedy-facial-cool-meso-mask\/#breadcrumb\"},\"inLanguage\":\"et\",\"potentialAction\":[{\"@type\":\"ReadAction\",\"target\":[\"https:\/\/old.kosmetoloog.ee\/et\/toode\/speedy-facial-cool-meso-mask\/\"]}]},{\"@type\":\"ImageObject\",\"inLanguage\":\"et\",\"@id\":\"https:\/\/old.kosmetoloog.ee\/et\/toode\/speedy-facial-cool-meso-mask\/#primaryimage\",\"url\":\"https:\/\/old.kosmetoloog.ee\/wp-content\/uploads\/2023\/09\/MesoMask.jpg\",\"contentUrl\":\"https:\/\/old.kosmetoloog.ee\/wp-content\/uploads\/2023\/09\/MesoMask.jpg\",\"width\":2262,\"height\":2560},{\"@type\":\"BreadcrumbList\",\"@id\":\"https:\/\/old.kosmetoloog.ee\/et\/toode\/speedy-facial-cool-meso-mask\/#breadcrumb\",\"itemListElement\":[{\"@type\":\"ListItem\",\"position\":1,\"name\":\"Home\",\"item\":\"https:\/\/old.kosmetoloog.ee\/et\/\"},{\"@type\":\"ListItem\",\"position\":2,\"name\":\"Pood\",\"item\":\"https:\/\/old.kosmetoloog.ee\/et\/pood\/\"},{\"@type\":\"ListItem\",\"position\":3,\"name\":\"KOSMEETILINE N\u00c4OMASK \u201cSPEEDY FACIAL COOL MESO MASK\u201d\"}]},{\"@type\":\"WebSite\",\"@id\":\"https:\/\/old.kosmetoloog.ee\/#website\",\"url\":\"https:\/\/old.kosmetoloog.ee\/\",\"name\":\"Ilutoodete e-pood\",\"description\":\"Kosmeetika pood\",\"publisher\":{\"@id\":\"https:\/\/old.kosmetoloog.ee\/#organization\"},\"potentialAction\":[{\"@type\":\"SearchAction\",\"target\":{\"@type\":\"EntryPoint\",\"urlTemplate\":\"https:\/\/old.kosmetoloog.ee\/?s={search_term_string}\"},\"query-input\":{\"@type\":\"PropertyValueSpecification\",\"valueRequired\":true,\"valueName\":\"search_term_string\"}}],\"inLanguage\":\"et\"},{\"@type\":\"Organization\",\"@id\":\"https:\/\/old.kosmetoloog.ee\/#organization\",\"name\":\"You are You O\u00dc\",\"url\":\"https:\/\/old.kosmetoloog.ee\/\",\"logo\":{\"@type\":\"ImageObject\",\"inLanguage\":\"et\",\"@id\":\"https:\/\/old.kosmetoloog.ee\/#\/schema\/logo\/image\/\",\"url\":\"https:\/\/old.kosmetoloog.ee\/wp-content\/uploads\/2023\/08\/logo-1.png\",\"contentUrl\":\"https:\/\/old.kosmetoloog.ee\/wp-content\/uploads\/2023\/08\/logo-1.png\",\"width\":1200,\"height\":964,\"caption\":\"You are You O\u00dc\"},\"image\":{\"@id\":\"https:\/\/old.kosmetoloog.ee\/#\/schema\/logo\/image\/\"}}]}<\/script>\n<!-- \/ Yoast SEO plugin. -->","yoast_head_json":{"title":"KOSMEETILINE N\u00c4OMASK \u201cSPEEDY FACIAL COOL MESO MASK\u201d - Ilutoodete e-pood","robots":{"index":"noindex","follow":"follow","max-snippet":"max-snippet:-1","max-image-preview":"max-image-preview:large","max-video-preview":"max-video-preview:-1"},"og_locale":"et_EE","og_type":"article","og_title":"KOSMEETILINE N\u00c4OMASK \u201cSPEEDY FACIAL COOL MESO MASK\u201d - Ilutoodete e-pood","og_description":"Jahutav mesomask naha s\u00fcgavaks taastamiseks.","og_url":"https:\/\/old.kosmetoloog.ee\/et\/toode\/speedy-facial-cool-meso-mask\/","og_site_name":"Ilutoodete e-pood","article_modified_time":"2023-10-17T18:57:29+00:00","og_image":[{"width":2262,"height":2560,"url":"https:\/\/old.kosmetoloog.ee\/wp-content\/uploads\/2023\/09\/MesoMask.jpg","type":"image\/jpeg"}],"twitter_card":"summary_large_image","twitter_misc":{"Est. reading time":"1 minut"},"schema":{"@context":"https:\/\/schema.org","@graph":[{"@type":"WebPage","@id":"https:\/\/old.kosmetoloog.ee\/et\/toode\/speedy-facial-cool-meso-mask\/","url":"https:\/\/old.kosmetoloog.ee\/et\/toode\/speedy-facial-cool-meso-mask\/","name":"KOSMEETILINE N\u00c4OMASK \u201cSPEEDY FACIAL COOL MESO MASK\u201d - Ilutoodete e-pood","isPartOf":{"@id":"https:\/\/old.kosmetoloog.ee\/#website"},"primaryImageOfPage":{"@id":"https:\/\/old.kosmetoloog.ee\/et\/toode\/speedy-facial-cool-meso-mask\/#primaryimage"},"image":{"@id":"https:\/\/old.kosmetoloog.ee\/et\/toode\/speedy-facial-cool-meso-mask\/#primaryimage"},"thumbnailUrl":"https:\/\/old.kosmetoloog.ee\/wp-content\/uploads\/2023\/09\/MesoMask.jpg","datePublished":"2023-09-11T18:25:32+00:00","dateModified":"2023-10-17T18:57:29+00:00","breadcrumb":{"@id":"https:\/\/old.kosmetoloog.ee\/et\/toode\/speedy-facial-cool-meso-mask\/#breadcrumb"},"inLanguage":"et","potentialAction":[{"@type":"ReadAction","target":["https:\/\/old.kosmetoloog.ee\/et\/toode\/speedy-facial-cool-meso-mask\/"]}]},{"@type":"ImageObject","inLanguage":"et","@id":"https:\/\/old.kosmetoloog.ee\/et\/toode\/speedy-facial-cool-meso-mask\/#primaryimage","url":"https:\/\/old.kosmetoloog.ee\/wp-content\/uploads\/2023\/09\/MesoMask.jpg","contentUrl":"https:\/\/old.kosmetoloog.ee\/wp-content\/uploads\/2023\/09\/MesoMask.jpg","width":2262,"height":2560},{"@type":"BreadcrumbList","@id":"https:\/\/old.kosmetoloog.ee\/et\/toode\/speedy-facial-cool-meso-mask\/#breadcrumb","itemListElement":[{"@type":"ListItem","position":1,"name":"Home","item":"https:\/\/old.kosmetoloog.ee\/et\/"},{"@type":"ListItem","position":2,"name":"Pood","item":"https:\/\/old.kosmetoloog.ee\/et\/pood\/"},{"@type":"ListItem","position":3,"name":"KOSMEETILINE N\u00c4OMASK \u201cSPEEDY FACIAL COOL MESO MASK\u201d"}]},{"@type":"WebSite","@id":"https:\/\/old.kosmetoloog.ee\/#website","url":"https:\/\/old.kosmetoloog.ee\/","name":"Ilutoodete e-pood","description":"Kosmeetika pood","publisher":{"@id":"https:\/\/old.kosmetoloog.ee\/#organization"},"potentialAction":[{"@type":"SearchAction","target":{"@type":"EntryPoint","urlTemplate":"https:\/\/old.kosmetoloog.ee\/?s={search_term_string}"},"query-input":{"@type":"PropertyValueSpecification","valueRequired":true,"valueName":"search_term_string"}}],"inLanguage":"et"},{"@type":"Organization","@id":"https:\/\/old.kosmetoloog.ee\/#organization","name":"You are You O\u00dc","url":"https:\/\/old.kosmetoloog.ee\/","logo":{"@type":"ImageObject","inLanguage":"et","@id":"https:\/\/old.kosmetoloog.ee\/#\/schema\/logo\/image\/","url":"https:\/\/old.kosmetoloog.ee\/wp-content\/uploads\/2023\/08\/logo-1.png","contentUrl":"https:\/\/old.kosmetoloog.ee\/wp-content\/uploads\/2023\/08\/logo-1.png","width":1200,"height":964,"caption":"You are You O\u00dc"},"image":{"@id":"https:\/\/old.kosmetoloog.ee\/#\/schema\/logo\/image\/"}}]}},"brands":[{"id":44,"name":"NANOASIA","slug":"nanoasia"}],"_links":{"self":[{"href":"https:\/\/old.kosmetoloog.ee\/et\/wp-json\/wp\/v2\/product\/726","targetHints":{"allow":["GET"]}}],"collection":[{"href":"https:\/\/old.kosmetoloog.ee\/et\/wp-json\/wp\/v2\/product"}],"about":[{"href":"https:\/\/old.kosmetoloog.ee\/et\/wp-json\/wp\/v2\/types\/product"}],"replies":[{"embeddable":true,"href":"https:\/\/old.kosmetoloog.ee\/et\/wp-json\/wp\/v2\/comments?post=726"}],"wp:featuredmedia":[{"embeddable":true,"href":"https:\/\/old.kosmetoloog.ee\/et\/wp-json\/wp\/v2\/media\/725"}],"wp:attachment":[{"href":"https:\/\/old.kosmetoloog.ee\/et\/wp-json\/wp\/v2\/media?parent=726"}],"wp:term":[{"taxonomy":"pwb-brand","embeddable":true,"href":"https:\/\/old.kosmetoloog.ee\/et\/wp-json\/wp\/v2\/pwb-brand?post=726"},{"taxonomy":"product_brand","embeddable":true,"href":"https:\/\/old.kosmetoloog.ee\/et\/wp-json\/wp\/v2\/product_brand?post=726"},{"taxonomy":"product_cat","embeddable":true,"href":"https:\/\/old.kosmetoloog.ee\/et\/wp-json\/wp\/v2\/product_cat?post=726"},{"taxonomy":"product_tag","embeddable":true,"href":"https:\/\/old.kosmetoloog.ee\/et\/wp-json\/wp\/v2\/product_tag?post=726"}],"curies":[{"name":"wp","href":"https:\/\/api.w.org\/{rel}","templated":true}]}}