{"id":730,"date":"2023-09-11T21:46:21","date_gmt":"2023-09-11T18:46:21","guid":{"rendered":"https:\/\/uus.kosmetoloog.ee\/product\/nanoasia-seerum-multi-peptide-complex-bomb\/"},"modified":"2023-10-17T21:56:51","modified_gmt":"2023-10-17T18:56:51","slug":"eternal-youth-multi-peptide-serum","status":"publish","type":"product","link":"https:\/\/old.kosmetoloog.ee\/et\/toode\/eternal-youth-multi-peptide-serum\/","title":{"rendered":"NANOASIA SEERUM \u201cMULTI-PEPTIDE COMPLEX BOMB\u201d"},"content":{"rendered":"<p>K\u00f5ige arenenum multipeptiidne seerum \u201cEternal Youth Multi Peptide Serum\u201d, mis sisaldab 14 peptiidi, 7 vitamiini, h\u00fcaluroonhapet ja taimeekstrakte, on kombinatsiooni parimatest ja spetsiaalselt valitud peptiididest, mis muudavad teie nahka koheselt, pakkudes \u00fcletamatut liftingut, s\u00fcgavat niisutust ja toitmist.<\/p>\n<p>Vitamiinide kompleks tugevdab veresoonte seinu, omab antioks\u00fcdantset ja v\u00f5imast vananemisvastast toimet. Seerumis sisalduvad juhtivad ained tagavad koostise suurep\u00e4rase imendumise naha s\u00fcgavatesse kihtidesse, ilma s\u00fcste ja aparaate kasutamata. Seerumit saab kasutada hommikul ja \u00f5htul, kas iseseivalt v\u00f5i mistahes kreemi all.<\/p>\n<p>T\u00e4nu kompositsioonis sisalduvatele neuropeptiididele on nahk siledam ja toniseeritum. Samuti kiireneb rakkude uuenemise loomulik protsess. Regulaarne kasutamine stimuleerib uue kollageeni tootmist ja v\u00e4hendab oluliselt miimikakortsude s\u00fcgavust. Selle tagaj\u00e4rjel muutub nahk siledamaks, pringimaks ja v\u00e4rskemaks. Dermatoloogiliselt testitud. Sobilik k\u00f5ikidele nahat\u00fc\u00fcpidele, on mittekomedogeenne. Tootele v\u00e4ljastatud Euroopa sertifikaat.<\/p>\n","protected":false},"excerpt":{"rendered":"<p>K\u00f5ige arenenum multipeptiidne seerum .<\/p>\n","protected":false},"featured_media":729,"comment_status":"open","ping_status":"closed","template":"","meta":{"_acf_changed":false},"pwb-brand":[44],"product_brand":[],"product_cat":[61],"product_tag":[111],"class_list":{"0":"post-730","1":"product","2":"type-product","3":"status-publish","4":"has-post-thumbnail","6":"pwb-brand-nanoasia","7":"product_cat-seerumid","8":"product_tag-vananemisvastane","10":"first","11":"outofstock","12":"taxable","13":"shipping-taxable","14":"purchasable","15":"product-type-simple"},"acf":[],"yoast_head":"<!-- This site is optimized with the Yoast SEO plugin v25.7 - https:\/\/yoast.com\/wordpress\/plugins\/seo\/ -->\n<title>NANOASIA SEERUM \u201cMULTI-PEPTIDE COMPLEX BOMB\u201d - Ilutoodete e-pood<\/title>\n<meta name=\"robots\" content=\"noindex, follow, max-snippet:-1, max-image-preview:large, max-video-preview:-1\" \/>\n<meta property=\"og:locale\" content=\"et_EE\" \/>\n<meta property=\"og:type\" content=\"article\" \/>\n<meta property=\"og:title\" content=\"NANOASIA SEERUM \u201cMULTI-PEPTIDE COMPLEX BOMB\u201d - Ilutoodete e-pood\" \/>\n<meta property=\"og:description\" content=\"K\u00f5ige arenenum multipeptiidne seerum .\" \/>\n<meta property=\"og:url\" content=\"https:\/\/old.kosmetoloog.ee\/toode\/eternal-youth-multi-peptide-serum\/\" \/>\n<meta property=\"og:site_name\" content=\"Ilutoodete e-pood\" \/>\n<meta property=\"article:modified_time\" content=\"2023-10-17T18:56:51+00:00\" \/>\n<meta property=\"og:image\" content=\"https:\/\/old.kosmetoloog.ee\/wp-content\/uploads\/2023\/09\/PEPTIDE-SERUM.jpg\" \/>\n\t<meta property=\"og:image:width\" content=\"728\" \/>\n\t<meta property=\"og:image:height\" content=\"546\" \/>\n\t<meta property=\"og:image:type\" content=\"image\/jpeg\" \/>\n<meta name=\"twitter:card\" content=\"summary_large_image\" \/>\n<meta name=\"twitter:label1\" content=\"Est. reading time\" \/>\n\t<meta name=\"twitter:data1\" content=\"1 minut\" \/>\n<script type=\"application\/ld+json\" class=\"yoast-schema-graph\">{\"@context\":\"https:\/\/schema.org\",\"@graph\":[{\"@type\":\"WebPage\",\"@id\":\"https:\/\/old.kosmetoloog.ee\/toode\/eternal-youth-multi-peptide-serum\/\",\"url\":\"https:\/\/old.kosmetoloog.ee\/toode\/eternal-youth-multi-peptide-serum\/\",\"name\":\"NANOASIA SEERUM \u201cMULTI-PEPTIDE COMPLEX BOMB\u201d - Ilutoodete e-pood\",\"isPartOf\":{\"@id\":\"https:\/\/old.kosmetoloog.ee\/#website\"},\"primaryImageOfPage\":{\"@id\":\"https:\/\/old.kosmetoloog.ee\/toode\/eternal-youth-multi-peptide-serum\/#primaryimage\"},\"image\":{\"@id\":\"https:\/\/old.kosmetoloog.ee\/toode\/eternal-youth-multi-peptide-serum\/#primaryimage\"},\"thumbnailUrl\":\"https:\/\/old.kosmetoloog.ee\/wp-content\/uploads\/2023\/09\/PEPTIDE-SERUM.jpg\",\"datePublished\":\"2023-09-11T18:46:21+00:00\",\"dateModified\":\"2023-10-17T18:56:51+00:00\",\"breadcrumb\":{\"@id\":\"https:\/\/old.kosmetoloog.ee\/toode\/eternal-youth-multi-peptide-serum\/#breadcrumb\"},\"inLanguage\":\"et\",\"potentialAction\":[{\"@type\":\"ReadAction\",\"target\":[\"https:\/\/old.kosmetoloog.ee\/toode\/eternal-youth-multi-peptide-serum\/\"]}]},{\"@type\":\"ImageObject\",\"inLanguage\":\"et\",\"@id\":\"https:\/\/old.kosmetoloog.ee\/toode\/eternal-youth-multi-peptide-serum\/#primaryimage\",\"url\":\"https:\/\/old.kosmetoloog.ee\/wp-content\/uploads\/2023\/09\/PEPTIDE-SERUM.jpg\",\"contentUrl\":\"https:\/\/old.kosmetoloog.ee\/wp-content\/uploads\/2023\/09\/PEPTIDE-SERUM.jpg\",\"width\":728,\"height\":546},{\"@type\":\"BreadcrumbList\",\"@id\":\"https:\/\/old.kosmetoloog.ee\/toode\/eternal-youth-multi-peptide-serum\/#breadcrumb\",\"itemListElement\":[{\"@type\":\"ListItem\",\"position\":1,\"name\":\"Home\",\"item\":\"https:\/\/old.kosmetoloog.ee\/et\/\"},{\"@type\":\"ListItem\",\"position\":2,\"name\":\"Pood\",\"item\":\"https:\/\/old.kosmetoloog.ee\/et\/pood\/\"},{\"@type\":\"ListItem\",\"position\":3,\"name\":\"NANOASIA SEERUM \u201cMULTI-PEPTIDE COMPLEX BOMB\u201d\"}]},{\"@type\":\"WebSite\",\"@id\":\"https:\/\/old.kosmetoloog.ee\/#website\",\"url\":\"https:\/\/old.kosmetoloog.ee\/\",\"name\":\"Ilutoodete e-pood\",\"description\":\"Kosmeetika pood\",\"publisher\":{\"@id\":\"https:\/\/old.kosmetoloog.ee\/#organization\"},\"potentialAction\":[{\"@type\":\"SearchAction\",\"target\":{\"@type\":\"EntryPoint\",\"urlTemplate\":\"https:\/\/old.kosmetoloog.ee\/?s={search_term_string}\"},\"query-input\":{\"@type\":\"PropertyValueSpecification\",\"valueRequired\":true,\"valueName\":\"search_term_string\"}}],\"inLanguage\":\"et\"},{\"@type\":\"Organization\",\"@id\":\"https:\/\/old.kosmetoloog.ee\/#organization\",\"name\":\"You are You O\u00dc\",\"url\":\"https:\/\/old.kosmetoloog.ee\/\",\"logo\":{\"@type\":\"ImageObject\",\"inLanguage\":\"et\",\"@id\":\"https:\/\/old.kosmetoloog.ee\/#\/schema\/logo\/image\/\",\"url\":\"https:\/\/old.kosmetoloog.ee\/wp-content\/uploads\/2023\/08\/logo-1.png\",\"contentUrl\":\"https:\/\/old.kosmetoloog.ee\/wp-content\/uploads\/2023\/08\/logo-1.png\",\"width\":1200,\"height\":964,\"caption\":\"You are You O\u00dc\"},\"image\":{\"@id\":\"https:\/\/old.kosmetoloog.ee\/#\/schema\/logo\/image\/\"}}]}<\/script>\n<!-- \/ Yoast SEO plugin. -->","yoast_head_json":{"title":"NANOASIA SEERUM \u201cMULTI-PEPTIDE COMPLEX BOMB\u201d - Ilutoodete e-pood","robots":{"index":"noindex","follow":"follow","max-snippet":"max-snippet:-1","max-image-preview":"max-image-preview:large","max-video-preview":"max-video-preview:-1"},"og_locale":"et_EE","og_type":"article","og_title":"NANOASIA SEERUM \u201cMULTI-PEPTIDE COMPLEX BOMB\u201d - Ilutoodete e-pood","og_description":"K\u00f5ige arenenum multipeptiidne seerum .","og_url":"https:\/\/old.kosmetoloog.ee\/toode\/eternal-youth-multi-peptide-serum\/","og_site_name":"Ilutoodete e-pood","article_modified_time":"2023-10-17T18:56:51+00:00","og_image":[{"width":728,"height":546,"url":"https:\/\/old.kosmetoloog.ee\/wp-content\/uploads\/2023\/09\/PEPTIDE-SERUM.jpg","type":"image\/jpeg"}],"twitter_card":"summary_large_image","twitter_misc":{"Est. reading time":"1 minut"},"schema":{"@context":"https:\/\/schema.org","@graph":[{"@type":"WebPage","@id":"https:\/\/old.kosmetoloog.ee\/toode\/eternal-youth-multi-peptide-serum\/","url":"https:\/\/old.kosmetoloog.ee\/toode\/eternal-youth-multi-peptide-serum\/","name":"NANOASIA SEERUM \u201cMULTI-PEPTIDE COMPLEX BOMB\u201d - Ilutoodete e-pood","isPartOf":{"@id":"https:\/\/old.kosmetoloog.ee\/#website"},"primaryImageOfPage":{"@id":"https:\/\/old.kosmetoloog.ee\/toode\/eternal-youth-multi-peptide-serum\/#primaryimage"},"image":{"@id":"https:\/\/old.kosmetoloog.ee\/toode\/eternal-youth-multi-peptide-serum\/#primaryimage"},"thumbnailUrl":"https:\/\/old.kosmetoloog.ee\/wp-content\/uploads\/2023\/09\/PEPTIDE-SERUM.jpg","datePublished":"2023-09-11T18:46:21+00:00","dateModified":"2023-10-17T18:56:51+00:00","breadcrumb":{"@id":"https:\/\/old.kosmetoloog.ee\/toode\/eternal-youth-multi-peptide-serum\/#breadcrumb"},"inLanguage":"et","potentialAction":[{"@type":"ReadAction","target":["https:\/\/old.kosmetoloog.ee\/toode\/eternal-youth-multi-peptide-serum\/"]}]},{"@type":"ImageObject","inLanguage":"et","@id":"https:\/\/old.kosmetoloog.ee\/toode\/eternal-youth-multi-peptide-serum\/#primaryimage","url":"https:\/\/old.kosmetoloog.ee\/wp-content\/uploads\/2023\/09\/PEPTIDE-SERUM.jpg","contentUrl":"https:\/\/old.kosmetoloog.ee\/wp-content\/uploads\/2023\/09\/PEPTIDE-SERUM.jpg","width":728,"height":546},{"@type":"BreadcrumbList","@id":"https:\/\/old.kosmetoloog.ee\/toode\/eternal-youth-multi-peptide-serum\/#breadcrumb","itemListElement":[{"@type":"ListItem","position":1,"name":"Home","item":"https:\/\/old.kosmetoloog.ee\/et\/"},{"@type":"ListItem","position":2,"name":"Pood","item":"https:\/\/old.kosmetoloog.ee\/et\/pood\/"},{"@type":"ListItem","position":3,"name":"NANOASIA SEERUM \u201cMULTI-PEPTIDE COMPLEX BOMB\u201d"}]},{"@type":"WebSite","@id":"https:\/\/old.kosmetoloog.ee\/#website","url":"https:\/\/old.kosmetoloog.ee\/","name":"Ilutoodete e-pood","description":"Kosmeetika pood","publisher":{"@id":"https:\/\/old.kosmetoloog.ee\/#organization"},"potentialAction":[{"@type":"SearchAction","target":{"@type":"EntryPoint","urlTemplate":"https:\/\/old.kosmetoloog.ee\/?s={search_term_string}"},"query-input":{"@type":"PropertyValueSpecification","valueRequired":true,"valueName":"search_term_string"}}],"inLanguage":"et"},{"@type":"Organization","@id":"https:\/\/old.kosmetoloog.ee\/#organization","name":"You are You O\u00dc","url":"https:\/\/old.kosmetoloog.ee\/","logo":{"@type":"ImageObject","inLanguage":"et","@id":"https:\/\/old.kosmetoloog.ee\/#\/schema\/logo\/image\/","url":"https:\/\/old.kosmetoloog.ee\/wp-content\/uploads\/2023\/08\/logo-1.png","contentUrl":"https:\/\/old.kosmetoloog.ee\/wp-content\/uploads\/2023\/08\/logo-1.png","width":1200,"height":964,"caption":"You are You O\u00dc"},"image":{"@id":"https:\/\/old.kosmetoloog.ee\/#\/schema\/logo\/image\/"}}]}},"brands":[{"id":44,"name":"NANOASIA","slug":"nanoasia"}],"_links":{"self":[{"href":"https:\/\/old.kosmetoloog.ee\/et\/wp-json\/wp\/v2\/product\/730","targetHints":{"allow":["GET"]}}],"collection":[{"href":"https:\/\/old.kosmetoloog.ee\/et\/wp-json\/wp\/v2\/product"}],"about":[{"href":"https:\/\/old.kosmetoloog.ee\/et\/wp-json\/wp\/v2\/types\/product"}],"replies":[{"embeddable":true,"href":"https:\/\/old.kosmetoloog.ee\/et\/wp-json\/wp\/v2\/comments?post=730"}],"wp:featuredmedia":[{"embeddable":true,"href":"https:\/\/old.kosmetoloog.ee\/et\/wp-json\/wp\/v2\/media\/729"}],"wp:attachment":[{"href":"https:\/\/old.kosmetoloog.ee\/et\/wp-json\/wp\/v2\/media?parent=730"}],"wp:term":[{"taxonomy":"pwb-brand","embeddable":true,"href":"https:\/\/old.kosmetoloog.ee\/et\/wp-json\/wp\/v2\/pwb-brand?post=730"},{"taxonomy":"product_brand","embeddable":true,"href":"https:\/\/old.kosmetoloog.ee\/et\/wp-json\/wp\/v2\/product_brand?post=730"},{"taxonomy":"product_cat","embeddable":true,"href":"https:\/\/old.kosmetoloog.ee\/et\/wp-json\/wp\/v2\/product_cat?post=730"},{"taxonomy":"product_tag","embeddable":true,"href":"https:\/\/old.kosmetoloog.ee\/et\/wp-json\/wp\/v2\/product_tag?post=730"}],"curies":[{"name":"wp","href":"https:\/\/api.w.org\/{rel}","templated":true}]}}