{"id":734,"date":"2023-09-11T22:03:42","date_gmt":"2023-09-11T19:03:42","guid":{"rendered":"https:\/\/uus.kosmetoloog.ee\/product\/poletikuvastane-naonektar-eva-jewelry-mist\/"},"modified":"2023-10-17T21:56:09","modified_gmt":"2023-10-17T18:56:09","slug":"eva-jewelry-mist","status":"publish","type":"product","link":"https:\/\/old.kosmetoloog.ee\/et\/toode\/eva-jewelry-mist\/","title":{"rendered":"P\u00d5LETIKUVASTANE NEKTAR N\u00c4OLELE \/ \u00abEVA JEWELRY MIST\u00bb"},"content":{"rendered":"<div>100% looduslik nektar (loor) n\u00e4onahale. Oma koostiselt sarnaneb nektar seerumiga ning on parim alternatiiv mitsellaar- ja termilisele veele igap\u00e4evaseks kasutamiseks.<\/div>\n<div>\n<div>T\u00e4nu koostises sisalduvatele \u00f5lidele ja taimeekstraktidele on nektaril suurep\u00e4rane niisutav ja vananemisprotsesse aeglustav toime. Ta pehmendab ja toniseerib nahka, suurendab naha immuunsust ning annab suurep\u00e4rase antioks\u00fcdantse- ja antibakteriaalse toime.<\/div>\n<div>Lisaks parandab n\u00e4onaha veresoonte mikrotsirkulatsiooni, tugevdab veresoonte ning kapillaaride seinu ja aitab \u00e4ra hoiada nende l\u00e4bipaistvuse.<\/div>\n<div>Dermatoloogiliselt testitud. Sobilik k\u00f5ikidele nahat\u00fc\u00fcpidele, on mittekomedogeenne. Tootele v\u00e4ljastatud Euroopa sertifikaat.<\/div>\n<\/div>\n","protected":false},"excerpt":{"rendered":"<p>100% looduslik nektar <i>(loor)<\/i> n\u00e4onahale.<\/p>\n","protected":false},"featured_media":733,"comment_status":"open","ping_status":"closed","template":"","meta":{"_acf_changed":false},"pwb-brand":[44],"product_brand":[],"product_cat":[61],"product_tag":[105],"class_list":{"0":"post-734","1":"product","2":"type-product","3":"status-publish","4":"has-post-thumbnail","6":"pwb-brand-nanoasia","7":"product_cat-seerumid","8":"product_tag-koik-naha","10":"first","11":"instock","12":"taxable","13":"shipping-taxable","14":"purchasable","15":"product-type-simple"},"acf":[],"yoast_head":"<!-- This site is optimized with the Yoast SEO plugin v25.7 - https:\/\/yoast.com\/wordpress\/plugins\/seo\/ -->\n<title>P\u00d5LETIKUVASTANE NEKTAR N\u00c4OLELE \/ \u00abEVA JEWELRY MIST\u00bb - Ilutoodete e-pood<\/title>\n<meta name=\"robots\" content=\"noindex, follow, max-snippet:-1, max-image-preview:large, max-video-preview:-1\" \/>\n<meta property=\"og:locale\" content=\"et_EE\" \/>\n<meta property=\"og:type\" content=\"article\" \/>\n<meta property=\"og:title\" content=\"P\u00d5LETIKUVASTANE NEKTAR N\u00c4OLELE \/ \u00abEVA JEWELRY MIST\u00bb - Ilutoodete e-pood\" \/>\n<meta property=\"og:description\" content=\"100% looduslik nektar (loor) n\u00e4onahale.\" \/>\n<meta property=\"og:url\" content=\"https:\/\/old.kosmetoloog.ee\/toode\/eva-jewelry-mist\/\" \/>\n<meta property=\"og:site_name\" content=\"Ilutoodete e-pood\" \/>\n<meta property=\"article:modified_time\" content=\"2023-10-17T18:56:09+00:00\" \/>\n<meta property=\"og:image\" content=\"https:\/\/old.kosmetoloog.ee\/wp-content\/uploads\/2023\/09\/EVA-JEWELRY-MIST.jpg\" \/>\n\t<meta property=\"og:image:width\" content=\"2560\" \/>\n\t<meta property=\"og:image:height\" content=\"2520\" \/>\n\t<meta property=\"og:image:type\" content=\"image\/jpeg\" \/>\n<meta name=\"twitter:card\" content=\"summary_large_image\" \/>\n<script type=\"application\/ld+json\" class=\"yoast-schema-graph\">{\"@context\":\"https:\/\/schema.org\",\"@graph\":[{\"@type\":\"WebPage\",\"@id\":\"https:\/\/old.kosmetoloog.ee\/toode\/eva-jewelry-mist\/\",\"url\":\"https:\/\/old.kosmetoloog.ee\/toode\/eva-jewelry-mist\/\",\"name\":\"P\u00d5LETIKUVASTANE NEKTAR N\u00c4OLELE \/ \u00abEVA JEWELRY MIST\u00bb - Ilutoodete e-pood\",\"isPartOf\":{\"@id\":\"https:\/\/old.kosmetoloog.ee\/#website\"},\"primaryImageOfPage\":{\"@id\":\"https:\/\/old.kosmetoloog.ee\/toode\/eva-jewelry-mist\/#primaryimage\"},\"image\":{\"@id\":\"https:\/\/old.kosmetoloog.ee\/toode\/eva-jewelry-mist\/#primaryimage\"},\"thumbnailUrl\":\"https:\/\/old.kosmetoloog.ee\/wp-content\/uploads\/2023\/09\/EVA-JEWELRY-MIST.jpg\",\"datePublished\":\"2023-09-11T19:03:42+00:00\",\"dateModified\":\"2023-10-17T18:56:09+00:00\",\"breadcrumb\":{\"@id\":\"https:\/\/old.kosmetoloog.ee\/toode\/eva-jewelry-mist\/#breadcrumb\"},\"inLanguage\":\"et\",\"potentialAction\":[{\"@type\":\"ReadAction\",\"target\":[\"https:\/\/old.kosmetoloog.ee\/toode\/eva-jewelry-mist\/\"]}]},{\"@type\":\"ImageObject\",\"inLanguage\":\"et\",\"@id\":\"https:\/\/old.kosmetoloog.ee\/toode\/eva-jewelry-mist\/#primaryimage\",\"url\":\"https:\/\/old.kosmetoloog.ee\/wp-content\/uploads\/2023\/09\/EVA-JEWELRY-MIST.jpg\",\"contentUrl\":\"https:\/\/old.kosmetoloog.ee\/wp-content\/uploads\/2023\/09\/EVA-JEWELRY-MIST.jpg\",\"width\":2560,\"height\":2520},{\"@type\":\"BreadcrumbList\",\"@id\":\"https:\/\/old.kosmetoloog.ee\/toode\/eva-jewelry-mist\/#breadcrumb\",\"itemListElement\":[{\"@type\":\"ListItem\",\"position\":1,\"name\":\"Home\",\"item\":\"https:\/\/old.kosmetoloog.ee\/et\/\"},{\"@type\":\"ListItem\",\"position\":2,\"name\":\"Pood\",\"item\":\"https:\/\/old.kosmetoloog.ee\/et\/pood\/\"},{\"@type\":\"ListItem\",\"position\":3,\"name\":\"P\u00d5LETIKUVASTANE NEKTAR N\u00c4OLELE \/ \u00abEVA JEWELRY MIST\u00bb\"}]},{\"@type\":\"WebSite\",\"@id\":\"https:\/\/old.kosmetoloog.ee\/#website\",\"url\":\"https:\/\/old.kosmetoloog.ee\/\",\"name\":\"Ilutoodete e-pood\",\"description\":\"Kosmeetika pood\",\"publisher\":{\"@id\":\"https:\/\/old.kosmetoloog.ee\/#organization\"},\"potentialAction\":[{\"@type\":\"SearchAction\",\"target\":{\"@type\":\"EntryPoint\",\"urlTemplate\":\"https:\/\/old.kosmetoloog.ee\/?s={search_term_string}\"},\"query-input\":{\"@type\":\"PropertyValueSpecification\",\"valueRequired\":true,\"valueName\":\"search_term_string\"}}],\"inLanguage\":\"et\"},{\"@type\":\"Organization\",\"@id\":\"https:\/\/old.kosmetoloog.ee\/#organization\",\"name\":\"You are You O\u00dc\",\"url\":\"https:\/\/old.kosmetoloog.ee\/\",\"logo\":{\"@type\":\"ImageObject\",\"inLanguage\":\"et\",\"@id\":\"https:\/\/old.kosmetoloog.ee\/#\/schema\/logo\/image\/\",\"url\":\"https:\/\/old.kosmetoloog.ee\/wp-content\/uploads\/2023\/08\/logo-1.png\",\"contentUrl\":\"https:\/\/old.kosmetoloog.ee\/wp-content\/uploads\/2023\/08\/logo-1.png\",\"width\":1200,\"height\":964,\"caption\":\"You are You O\u00dc\"},\"image\":{\"@id\":\"https:\/\/old.kosmetoloog.ee\/#\/schema\/logo\/image\/\"}}]}<\/script>\n<!-- \/ Yoast SEO plugin. -->","yoast_head_json":{"title":"P\u00d5LETIKUVASTANE NEKTAR N\u00c4OLELE \/ \u00abEVA JEWELRY MIST\u00bb - Ilutoodete e-pood","robots":{"index":"noindex","follow":"follow","max-snippet":"max-snippet:-1","max-image-preview":"max-image-preview:large","max-video-preview":"max-video-preview:-1"},"og_locale":"et_EE","og_type":"article","og_title":"P\u00d5LETIKUVASTANE NEKTAR N\u00c4OLELE \/ \u00abEVA JEWELRY MIST\u00bb - Ilutoodete e-pood","og_description":"100% looduslik nektar (loor) n\u00e4onahale.","og_url":"https:\/\/old.kosmetoloog.ee\/toode\/eva-jewelry-mist\/","og_site_name":"Ilutoodete e-pood","article_modified_time":"2023-10-17T18:56:09+00:00","og_image":[{"width":2560,"height":2520,"url":"https:\/\/old.kosmetoloog.ee\/wp-content\/uploads\/2023\/09\/EVA-JEWELRY-MIST.jpg","type":"image\/jpeg"}],"twitter_card":"summary_large_image","schema":{"@context":"https:\/\/schema.org","@graph":[{"@type":"WebPage","@id":"https:\/\/old.kosmetoloog.ee\/toode\/eva-jewelry-mist\/","url":"https:\/\/old.kosmetoloog.ee\/toode\/eva-jewelry-mist\/","name":"P\u00d5LETIKUVASTANE NEKTAR N\u00c4OLELE \/ \u00abEVA JEWELRY MIST\u00bb - Ilutoodete e-pood","isPartOf":{"@id":"https:\/\/old.kosmetoloog.ee\/#website"},"primaryImageOfPage":{"@id":"https:\/\/old.kosmetoloog.ee\/toode\/eva-jewelry-mist\/#primaryimage"},"image":{"@id":"https:\/\/old.kosmetoloog.ee\/toode\/eva-jewelry-mist\/#primaryimage"},"thumbnailUrl":"https:\/\/old.kosmetoloog.ee\/wp-content\/uploads\/2023\/09\/EVA-JEWELRY-MIST.jpg","datePublished":"2023-09-11T19:03:42+00:00","dateModified":"2023-10-17T18:56:09+00:00","breadcrumb":{"@id":"https:\/\/old.kosmetoloog.ee\/toode\/eva-jewelry-mist\/#breadcrumb"},"inLanguage":"et","potentialAction":[{"@type":"ReadAction","target":["https:\/\/old.kosmetoloog.ee\/toode\/eva-jewelry-mist\/"]}]},{"@type":"ImageObject","inLanguage":"et","@id":"https:\/\/old.kosmetoloog.ee\/toode\/eva-jewelry-mist\/#primaryimage","url":"https:\/\/old.kosmetoloog.ee\/wp-content\/uploads\/2023\/09\/EVA-JEWELRY-MIST.jpg","contentUrl":"https:\/\/old.kosmetoloog.ee\/wp-content\/uploads\/2023\/09\/EVA-JEWELRY-MIST.jpg","width":2560,"height":2520},{"@type":"BreadcrumbList","@id":"https:\/\/old.kosmetoloog.ee\/toode\/eva-jewelry-mist\/#breadcrumb","itemListElement":[{"@type":"ListItem","position":1,"name":"Home","item":"https:\/\/old.kosmetoloog.ee\/et\/"},{"@type":"ListItem","position":2,"name":"Pood","item":"https:\/\/old.kosmetoloog.ee\/et\/pood\/"},{"@type":"ListItem","position":3,"name":"P\u00d5LETIKUVASTANE NEKTAR N\u00c4OLELE \/ \u00abEVA JEWELRY MIST\u00bb"}]},{"@type":"WebSite","@id":"https:\/\/old.kosmetoloog.ee\/#website","url":"https:\/\/old.kosmetoloog.ee\/","name":"Ilutoodete e-pood","description":"Kosmeetika pood","publisher":{"@id":"https:\/\/old.kosmetoloog.ee\/#organization"},"potentialAction":[{"@type":"SearchAction","target":{"@type":"EntryPoint","urlTemplate":"https:\/\/old.kosmetoloog.ee\/?s={search_term_string}"},"query-input":{"@type":"PropertyValueSpecification","valueRequired":true,"valueName":"search_term_string"}}],"inLanguage":"et"},{"@type":"Organization","@id":"https:\/\/old.kosmetoloog.ee\/#organization","name":"You are You O\u00dc","url":"https:\/\/old.kosmetoloog.ee\/","logo":{"@type":"ImageObject","inLanguage":"et","@id":"https:\/\/old.kosmetoloog.ee\/#\/schema\/logo\/image\/","url":"https:\/\/old.kosmetoloog.ee\/wp-content\/uploads\/2023\/08\/logo-1.png","contentUrl":"https:\/\/old.kosmetoloog.ee\/wp-content\/uploads\/2023\/08\/logo-1.png","width":1200,"height":964,"caption":"You are You O\u00dc"},"image":{"@id":"https:\/\/old.kosmetoloog.ee\/#\/schema\/logo\/image\/"}}]}},"brands":[{"id":44,"name":"NANOASIA","slug":"nanoasia"}],"_links":{"self":[{"href":"https:\/\/old.kosmetoloog.ee\/et\/wp-json\/wp\/v2\/product\/734","targetHints":{"allow":["GET"]}}],"collection":[{"href":"https:\/\/old.kosmetoloog.ee\/et\/wp-json\/wp\/v2\/product"}],"about":[{"href":"https:\/\/old.kosmetoloog.ee\/et\/wp-json\/wp\/v2\/types\/product"}],"replies":[{"embeddable":true,"href":"https:\/\/old.kosmetoloog.ee\/et\/wp-json\/wp\/v2\/comments?post=734"}],"wp:featuredmedia":[{"embeddable":true,"href":"https:\/\/old.kosmetoloog.ee\/et\/wp-json\/wp\/v2\/media\/733"}],"wp:attachment":[{"href":"https:\/\/old.kosmetoloog.ee\/et\/wp-json\/wp\/v2\/media?parent=734"}],"wp:term":[{"taxonomy":"pwb-brand","embeddable":true,"href":"https:\/\/old.kosmetoloog.ee\/et\/wp-json\/wp\/v2\/pwb-brand?post=734"},{"taxonomy":"product_brand","embeddable":true,"href":"https:\/\/old.kosmetoloog.ee\/et\/wp-json\/wp\/v2\/product_brand?post=734"},{"taxonomy":"product_cat","embeddable":true,"href":"https:\/\/old.kosmetoloog.ee\/et\/wp-json\/wp\/v2\/product_cat?post=734"},{"taxonomy":"product_tag","embeddable":true,"href":"https:\/\/old.kosmetoloog.ee\/et\/wp-json\/wp\/v2\/product_tag?post=734"}],"curies":[{"name":"wp","href":"https:\/\/api.w.org\/{rel}","templated":true}]}}