{"id":738,"date":"2023-09-11T22:56:04","date_gmt":"2023-09-11T19:56:04","guid":{"rendered":"https:\/\/uus.kosmetoloog.ee\/product\/nanoasia-seerum-skin-do-ampoule\/"},"modified":"2023-10-17T21:54:48","modified_gmt":"2023-10-17T18:54:48","slug":"skin-do-ampoule","status":"publish","type":"product","link":"https:\/\/old.kosmetoloog.ee\/et\/toode\/skin-do-ampoule\/","title":{"rendered":"NANOASIA SEERUM \u201cSKIN DO AMPOULE\u201d"},"content":{"rendered":"<p><em>Botox<\/em> efektiga <span class=\"b\">Skin Do<\/span> ampull tungib otse p\u00e4risnahka Taastab naha toonust ja elastsust ning silendab kortse. Elimineerib miimikakortse suunurkades, silmade v\u00e4lisnurkades ja laubal. T\u00f5hustab kollageeni ja elastiini tootmist, taastab sidekudet, tugevdab veresooni ning niisutab nahka. Seerum sisaldab k\u00f5ikide peptiidide r\u00fchmasid: gl\u00fckosaminogl\u00fckaane, nooruse vitamiine (E, H, B3, K), h\u00fcaluroonhapet, immunomoduleerivaid taimi ja adenosiini.<\/p>\n<p>\u2665 Reguleerib kollageeni s\u00fcnteesi blokaadi<\/p>\n<p>\u2665 Taastab kollageenkiudude rakustruktuuri<\/p>\n<p>\u2665 Supresseerib (surub maha) \u00fcliaktiivseid rasun\u00e4\u00e4rmeid (akne vastu)<\/p>\n<p>\u2665 Suurendab ainevahetusprotsesse rakkudes<\/p>\n<p>\u2665 Parandab rakkude taastumist<\/p>\n<p>\u2665 Helendab pigmentatsiooni<\/p>\n<p>\u2665 Parandab vereringet<\/p>\n<p>\u2665 Parandab jumet<\/p>\n<p>\u2665 \u0412Taastab naha struktuuri<\/p>\n<p>\u2665 Aeglustab n\u00e4rviimpulsside juhtivust, l\u00f5dvestades pehmelt n\u00e4olihaseid.<\/p>\n<p class=\"p1\">Dermatoloogiliselt testitud. Sobilik k\u00f5ikidele nahat\u00fc\u00fcpidele. on mittekomedogeenne. Tootele v\u00e4ljastatud Euroopa sertifikaat.<\/p>\n","protected":false},"excerpt":{"rendered":"<p>Lihaseid l\u00f5dvestav seerum botox efektiga. Sisaldab 15 peptiidi!<\/p>\n<p>&nbsp;<\/p>\n","protected":false},"featured_media":737,"comment_status":"open","ping_status":"closed","template":"","meta":{"_acf_changed":false},"pwb-brand":[44],"product_brand":[],"product_cat":[61],"product_tag":[105],"class_list":{"0":"post-738","1":"product","2":"type-product","3":"status-publish","4":"has-post-thumbnail","6":"pwb-brand-nanoasia","7":"product_cat-seerumid","8":"product_tag-koik-naha","10":"first","11":"instock","12":"taxable","13":"shipping-taxable","14":"purchasable","15":"product-type-simple"},"acf":[],"yoast_head":"<!-- This site is optimized with the Yoast SEO plugin v25.7 - https:\/\/yoast.com\/wordpress\/plugins\/seo\/ -->\n<title>NANOASIA SEERUM \u201cSKIN DO AMPOULE\u201d - Ilutoodete e-pood<\/title>\n<meta name=\"robots\" content=\"noindex, follow, max-snippet:-1, max-image-preview:large, max-video-preview:-1\" \/>\n<meta property=\"og:locale\" content=\"et_EE\" \/>\n<meta property=\"og:type\" content=\"article\" \/>\n<meta property=\"og:title\" content=\"NANOASIA SEERUM \u201cSKIN DO AMPOULE\u201d - Ilutoodete e-pood\" \/>\n<meta property=\"og:description\" content=\"Lihaseid l\u00f5dvestav seerum botox efektiga. Sisaldab 15 peptiidi! &nbsp;\" \/>\n<meta property=\"og:url\" content=\"https:\/\/old.kosmetoloog.ee\/toode\/skin-do-ampoule\/\" \/>\n<meta property=\"og:site_name\" content=\"Ilutoodete e-pood\" \/>\n<meta property=\"article:modified_time\" content=\"2023-10-17T18:54:48+00:00\" \/>\n<meta property=\"og:image\" content=\"https:\/\/old.kosmetoloog.ee\/wp-content\/uploads\/2023\/09\/Skin-Do-Ampoule-1.jpg\" \/>\n\t<meta property=\"og:image:width\" content=\"1200\" \/>\n\t<meta property=\"og:image:height\" content=\"1200\" \/>\n\t<meta property=\"og:image:type\" content=\"image\/jpeg\" \/>\n<meta name=\"twitter:card\" content=\"summary_large_image\" \/>\n<meta name=\"twitter:label1\" content=\"Est. reading time\" \/>\n\t<meta name=\"twitter:data1\" content=\"1 minut\" \/>\n<script type=\"application\/ld+json\" class=\"yoast-schema-graph\">{\"@context\":\"https:\/\/schema.org\",\"@graph\":[{\"@type\":\"WebPage\",\"@id\":\"https:\/\/old.kosmetoloog.ee\/toode\/skin-do-ampoule\/\",\"url\":\"https:\/\/old.kosmetoloog.ee\/toode\/skin-do-ampoule\/\",\"name\":\"NANOASIA SEERUM \u201cSKIN DO AMPOULE\u201d - Ilutoodete e-pood\",\"isPartOf\":{\"@id\":\"https:\/\/old.kosmetoloog.ee\/#website\"},\"primaryImageOfPage\":{\"@id\":\"https:\/\/old.kosmetoloog.ee\/toode\/skin-do-ampoule\/#primaryimage\"},\"image\":{\"@id\":\"https:\/\/old.kosmetoloog.ee\/toode\/skin-do-ampoule\/#primaryimage\"},\"thumbnailUrl\":\"https:\/\/old.kosmetoloog.ee\/wp-content\/uploads\/2023\/09\/Skin-Do-Ampoule-1.jpg\",\"datePublished\":\"2023-09-11T19:56:04+00:00\",\"dateModified\":\"2023-10-17T18:54:48+00:00\",\"breadcrumb\":{\"@id\":\"https:\/\/old.kosmetoloog.ee\/toode\/skin-do-ampoule\/#breadcrumb\"},\"inLanguage\":\"et\",\"potentialAction\":[{\"@type\":\"ReadAction\",\"target\":[\"https:\/\/old.kosmetoloog.ee\/toode\/skin-do-ampoule\/\"]}]},{\"@type\":\"ImageObject\",\"inLanguage\":\"et\",\"@id\":\"https:\/\/old.kosmetoloog.ee\/toode\/skin-do-ampoule\/#primaryimage\",\"url\":\"https:\/\/old.kosmetoloog.ee\/wp-content\/uploads\/2023\/09\/Skin-Do-Ampoule-1.jpg\",\"contentUrl\":\"https:\/\/old.kosmetoloog.ee\/wp-content\/uploads\/2023\/09\/Skin-Do-Ampoule-1.jpg\",\"width\":1200,\"height\":1200},{\"@type\":\"BreadcrumbList\",\"@id\":\"https:\/\/old.kosmetoloog.ee\/toode\/skin-do-ampoule\/#breadcrumb\",\"itemListElement\":[{\"@type\":\"ListItem\",\"position\":1,\"name\":\"Home\",\"item\":\"https:\/\/old.kosmetoloog.ee\/et\/\"},{\"@type\":\"ListItem\",\"position\":2,\"name\":\"Pood\",\"item\":\"https:\/\/old.kosmetoloog.ee\/et\/pood\/\"},{\"@type\":\"ListItem\",\"position\":3,\"name\":\"NANOASIA SEERUM \u201cSKIN DO AMPOULE\u201d\"}]},{\"@type\":\"WebSite\",\"@id\":\"https:\/\/old.kosmetoloog.ee\/#website\",\"url\":\"https:\/\/old.kosmetoloog.ee\/\",\"name\":\"Ilutoodete e-pood\",\"description\":\"Kosmeetika pood\",\"publisher\":{\"@id\":\"https:\/\/old.kosmetoloog.ee\/#organization\"},\"potentialAction\":[{\"@type\":\"SearchAction\",\"target\":{\"@type\":\"EntryPoint\",\"urlTemplate\":\"https:\/\/old.kosmetoloog.ee\/?s={search_term_string}\"},\"query-input\":{\"@type\":\"PropertyValueSpecification\",\"valueRequired\":true,\"valueName\":\"search_term_string\"}}],\"inLanguage\":\"et\"},{\"@type\":\"Organization\",\"@id\":\"https:\/\/old.kosmetoloog.ee\/#organization\",\"name\":\"You are You O\u00dc\",\"url\":\"https:\/\/old.kosmetoloog.ee\/\",\"logo\":{\"@type\":\"ImageObject\",\"inLanguage\":\"et\",\"@id\":\"https:\/\/old.kosmetoloog.ee\/#\/schema\/logo\/image\/\",\"url\":\"https:\/\/old.kosmetoloog.ee\/wp-content\/uploads\/2023\/08\/logo-1.png\",\"contentUrl\":\"https:\/\/old.kosmetoloog.ee\/wp-content\/uploads\/2023\/08\/logo-1.png\",\"width\":1200,\"height\":964,\"caption\":\"You are You O\u00dc\"},\"image\":{\"@id\":\"https:\/\/old.kosmetoloog.ee\/#\/schema\/logo\/image\/\"}}]}<\/script>\n<!-- \/ Yoast SEO plugin. -->","yoast_head_json":{"title":"NANOASIA SEERUM \u201cSKIN DO AMPOULE\u201d - Ilutoodete e-pood","robots":{"index":"noindex","follow":"follow","max-snippet":"max-snippet:-1","max-image-preview":"max-image-preview:large","max-video-preview":"max-video-preview:-1"},"og_locale":"et_EE","og_type":"article","og_title":"NANOASIA SEERUM \u201cSKIN DO AMPOULE\u201d - Ilutoodete e-pood","og_description":"Lihaseid l\u00f5dvestav seerum botox efektiga. Sisaldab 15 peptiidi! &nbsp;","og_url":"https:\/\/old.kosmetoloog.ee\/toode\/skin-do-ampoule\/","og_site_name":"Ilutoodete e-pood","article_modified_time":"2023-10-17T18:54:48+00:00","og_image":[{"width":1200,"height":1200,"url":"https:\/\/old.kosmetoloog.ee\/wp-content\/uploads\/2023\/09\/Skin-Do-Ampoule-1.jpg","type":"image\/jpeg"}],"twitter_card":"summary_large_image","twitter_misc":{"Est. reading time":"1 minut"},"schema":{"@context":"https:\/\/schema.org","@graph":[{"@type":"WebPage","@id":"https:\/\/old.kosmetoloog.ee\/toode\/skin-do-ampoule\/","url":"https:\/\/old.kosmetoloog.ee\/toode\/skin-do-ampoule\/","name":"NANOASIA SEERUM \u201cSKIN DO AMPOULE\u201d - Ilutoodete e-pood","isPartOf":{"@id":"https:\/\/old.kosmetoloog.ee\/#website"},"primaryImageOfPage":{"@id":"https:\/\/old.kosmetoloog.ee\/toode\/skin-do-ampoule\/#primaryimage"},"image":{"@id":"https:\/\/old.kosmetoloog.ee\/toode\/skin-do-ampoule\/#primaryimage"},"thumbnailUrl":"https:\/\/old.kosmetoloog.ee\/wp-content\/uploads\/2023\/09\/Skin-Do-Ampoule-1.jpg","datePublished":"2023-09-11T19:56:04+00:00","dateModified":"2023-10-17T18:54:48+00:00","breadcrumb":{"@id":"https:\/\/old.kosmetoloog.ee\/toode\/skin-do-ampoule\/#breadcrumb"},"inLanguage":"et","potentialAction":[{"@type":"ReadAction","target":["https:\/\/old.kosmetoloog.ee\/toode\/skin-do-ampoule\/"]}]},{"@type":"ImageObject","inLanguage":"et","@id":"https:\/\/old.kosmetoloog.ee\/toode\/skin-do-ampoule\/#primaryimage","url":"https:\/\/old.kosmetoloog.ee\/wp-content\/uploads\/2023\/09\/Skin-Do-Ampoule-1.jpg","contentUrl":"https:\/\/old.kosmetoloog.ee\/wp-content\/uploads\/2023\/09\/Skin-Do-Ampoule-1.jpg","width":1200,"height":1200},{"@type":"BreadcrumbList","@id":"https:\/\/old.kosmetoloog.ee\/toode\/skin-do-ampoule\/#breadcrumb","itemListElement":[{"@type":"ListItem","position":1,"name":"Home","item":"https:\/\/old.kosmetoloog.ee\/et\/"},{"@type":"ListItem","position":2,"name":"Pood","item":"https:\/\/old.kosmetoloog.ee\/et\/pood\/"},{"@type":"ListItem","position":3,"name":"NANOASIA SEERUM \u201cSKIN DO AMPOULE\u201d"}]},{"@type":"WebSite","@id":"https:\/\/old.kosmetoloog.ee\/#website","url":"https:\/\/old.kosmetoloog.ee\/","name":"Ilutoodete e-pood","description":"Kosmeetika pood","publisher":{"@id":"https:\/\/old.kosmetoloog.ee\/#organization"},"potentialAction":[{"@type":"SearchAction","target":{"@type":"EntryPoint","urlTemplate":"https:\/\/old.kosmetoloog.ee\/?s={search_term_string}"},"query-input":{"@type":"PropertyValueSpecification","valueRequired":true,"valueName":"search_term_string"}}],"inLanguage":"et"},{"@type":"Organization","@id":"https:\/\/old.kosmetoloog.ee\/#organization","name":"You are You O\u00dc","url":"https:\/\/old.kosmetoloog.ee\/","logo":{"@type":"ImageObject","inLanguage":"et","@id":"https:\/\/old.kosmetoloog.ee\/#\/schema\/logo\/image\/","url":"https:\/\/old.kosmetoloog.ee\/wp-content\/uploads\/2023\/08\/logo-1.png","contentUrl":"https:\/\/old.kosmetoloog.ee\/wp-content\/uploads\/2023\/08\/logo-1.png","width":1200,"height":964,"caption":"You are You O\u00dc"},"image":{"@id":"https:\/\/old.kosmetoloog.ee\/#\/schema\/logo\/image\/"}}]}},"brands":[{"id":44,"name":"NANOASIA","slug":"nanoasia"}],"_links":{"self":[{"href":"https:\/\/old.kosmetoloog.ee\/et\/wp-json\/wp\/v2\/product\/738","targetHints":{"allow":["GET"]}}],"collection":[{"href":"https:\/\/old.kosmetoloog.ee\/et\/wp-json\/wp\/v2\/product"}],"about":[{"href":"https:\/\/old.kosmetoloog.ee\/et\/wp-json\/wp\/v2\/types\/product"}],"replies":[{"embeddable":true,"href":"https:\/\/old.kosmetoloog.ee\/et\/wp-json\/wp\/v2\/comments?post=738"}],"wp:featuredmedia":[{"embeddable":true,"href":"https:\/\/old.kosmetoloog.ee\/et\/wp-json\/wp\/v2\/media\/737"}],"wp:attachment":[{"href":"https:\/\/old.kosmetoloog.ee\/et\/wp-json\/wp\/v2\/media?parent=738"}],"wp:term":[{"taxonomy":"pwb-brand","embeddable":true,"href":"https:\/\/old.kosmetoloog.ee\/et\/wp-json\/wp\/v2\/pwb-brand?post=738"},{"taxonomy":"product_brand","embeddable":true,"href":"https:\/\/old.kosmetoloog.ee\/et\/wp-json\/wp\/v2\/product_brand?post=738"},{"taxonomy":"product_cat","embeddable":true,"href":"https:\/\/old.kosmetoloog.ee\/et\/wp-json\/wp\/v2\/product_cat?post=738"},{"taxonomy":"product_tag","embeddable":true,"href":"https:\/\/old.kosmetoloog.ee\/et\/wp-json\/wp\/v2\/product_tag?post=738"}],"curies":[{"name":"wp","href":"https:\/\/api.w.org\/{rel}","templated":true}]}}