{"id":743,"date":"2023-09-11T23:19:40","date_gmt":"2023-09-11T20:19:40","guid":{"rendered":"https:\/\/uus.kosmetoloog.ee\/product\/peptiididega-bc-kreemi-taidis-jewelry-radiant-cushion-spf50\/"},"modified":"2025-06-27T12:22:22","modified_gmt":"2025-06-27T09:22:22","slug":"taidis-bc-cream-jewelry-radiant-cushion-spf50","status":"publish","type":"product","link":"https:\/\/old.kosmetoloog.ee\/et\/toode\/taidis-bc-cream-jewelry-radiant-cushion-spf50\/","title":{"rendered":"PEPTIIDIDEGA BC KREEMI T\u00c4IDIS \u201cJEWELRY RADIANT CUSHION\u201d, SPF50+"},"content":{"rendered":"<p>BC kreemi t\u00e4idis \u2013 uue p\u00f5lvkonna BC kreem peptiidide, Aloe vera, roosivee ja v\u00e4\u00e4riskivide ekstraktidega. On kergeks tonaalseks aluseks, mis katab efektselt pigmendilaigud, punetava naha ja aitab peita akne arme.<\/p>\n<p>On \u00e4\u00e4retult kauni v\u00e4limuse ja peaaegu kaalutu tekstuuriga.<\/p>\n<p>BC kreem kujutab endast puudritoosi koos BC-fluidumiga immutatud \u0161vammi ja kuiva \u00f5rna spon\u017eiga, millega kreemi nahale kantakse. Puudritoosil on originaalne disain ning on kaunistatud kristallidega. Ideaalset katvust saavutatakse t\u00e4nu toote unikaalsele peenestusele ja selles sisalduvale nanopuudrile v\u00e4\u00e4ris- ja poolv\u00e4\u00e4riskividest, mis loob helendamisefekti nahal. Nanoasia spetsialistide poolt v\u00e4lja arendatud BC kreem mitte ainult ei maskeeri erinevaid puudusi, vaid avaldab ka anti-age ja ravivat m\u00f5ju naha probleemsetele piirkondadele.<\/p>\n<p>PS. T\u00e4idis on pakendatud hermeetlisse kotti.<\/p>\n<p>Dermatoloogiliselt testitud. Sobilik k\u00f5ikidele nahat\u00fc\u00fcpidele. on mittekomedogeenne. Tootele v\u00e4ljastatud Euroopa sertifikaat.<\/p>\n","protected":false},"excerpt":{"rendered":"<p>BC kreemi t\u00e4idis SPF 50+ kaitsega<\/p>\n","protected":false},"featured_media":741,"comment_status":"open","ping_status":"closed","template":"","meta":{"_acf_changed":false},"pwb-brand":[44],"product_brand":[],"product_cat":[79,83],"product_tag":[105],"class_list":{"0":"post-743","1":"product","2":"type-product","3":"status-publish","4":"has-post-thumbnail","6":"pwb-brand-nanoasia","7":"product_cat-meigi-jaoks","8":"product_cat-jumestuskreemid","9":"product_tag-koik-naha","11":"first","12":"instock","13":"taxable","14":"shipping-taxable","15":"purchasable","16":"product-type-simple"},"acf":[],"yoast_head":"<!-- This site is optimized with the Yoast SEO plugin v25.7 - https:\/\/yoast.com\/wordpress\/plugins\/seo\/ -->\n<title>PEPTIIDIDEGA BC KREEMI T\u00c4IDIS \u201cJEWELRY RADIANT CUSHION\u201d, SPF50+ - Ilutoodete e-pood<\/title>\n<meta name=\"robots\" content=\"noindex, follow, max-snippet:-1, max-image-preview:large, max-video-preview:-1\" \/>\n<meta property=\"og:locale\" content=\"et_EE\" \/>\n<meta property=\"og:type\" content=\"article\" \/>\n<meta property=\"og:title\" content=\"PEPTIIDIDEGA BC KREEMI T\u00c4IDIS \u201cJEWELRY RADIANT CUSHION\u201d, SPF50+ - Ilutoodete e-pood\" \/>\n<meta property=\"og:description\" content=\"BC kreemi t\u00e4idis SPF 50+ kaitsega\" \/>\n<meta property=\"og:url\" content=\"https:\/\/old.kosmetoloog.ee\/toode\/\u043d\u0430\u043f\u043e\u043b\u043d\u0438\u0442\u0435\u043b\u044c-bc-cream-jewelry-radiant-cushion-spf50\/\" \/>\n<meta property=\"og:site_name\" content=\"Ilutoodete e-pood\" \/>\n<meta property=\"article:modified_time\" content=\"2025-06-27T09:22:22+00:00\" \/>\n<meta property=\"og:image\" content=\"https:\/\/old.kosmetoloog.ee\/wp-content\/uploads\/2023\/09\/BCCREAM-SPF50\u041d\u0410\u041f\u041e\u041b\u041d\u0418\u0422\u0415\u041b\u042c.jpg\" \/>\n\t<meta property=\"og:image:width\" content=\"1000\" \/>\n\t<meta property=\"og:image:height\" content=\"1000\" \/>\n\t<meta property=\"og:image:type\" content=\"image\/jpeg\" \/>\n<meta name=\"twitter:card\" content=\"summary_large_image\" \/>\n<meta name=\"twitter:label1\" content=\"Est. reading time\" \/>\n\t<meta name=\"twitter:data1\" content=\"1 minut\" \/>\n<script type=\"application\/ld+json\" class=\"yoast-schema-graph\">{\"@context\":\"https:\/\/schema.org\",\"@graph\":[{\"@type\":\"WebPage\",\"@id\":\"https:\/\/old.kosmetoloog.ee\/toode\/%d0%bd%d0%b0%d0%bf%d0%be%d0%bb%d0%bd%d0%b8%d1%82%d0%b5%d0%bb%d1%8c-bc-cream-jewelry-radiant-cushion-spf50\/\",\"url\":\"https:\/\/old.kosmetoloog.ee\/toode\/%d0%bd%d0%b0%d0%bf%d0%be%d0%bb%d0%bd%d0%b8%d1%82%d0%b5%d0%bb%d1%8c-bc-cream-jewelry-radiant-cushion-spf50\/\",\"name\":\"PEPTIIDIDEGA BC KREEMI T\u00c4IDIS \u201cJEWELRY RADIANT CUSHION\u201d, SPF50+ - Ilutoodete e-pood\",\"isPartOf\":{\"@id\":\"https:\/\/old.kosmetoloog.ee\/#website\"},\"primaryImageOfPage\":{\"@id\":\"https:\/\/old.kosmetoloog.ee\/toode\/%d0%bd%d0%b0%d0%bf%d0%be%d0%bb%d0%bd%d0%b8%d1%82%d0%b5%d0%bb%d1%8c-bc-cream-jewelry-radiant-cushion-spf50\/#primaryimage\"},\"image\":{\"@id\":\"https:\/\/old.kosmetoloog.ee\/toode\/%d0%bd%d0%b0%d0%bf%d0%be%d0%bb%d0%bd%d0%b8%d1%82%d0%b5%d0%bb%d1%8c-bc-cream-jewelry-radiant-cushion-spf50\/#primaryimage\"},\"thumbnailUrl\":\"https:\/\/old.kosmetoloog.ee\/wp-content\/uploads\/2023\/09\/BCCREAM-SPF50\u041d\u0410\u041f\u041e\u041b\u041d\u0418\u0422\u0415\u041b\u042c.jpg\",\"datePublished\":\"2023-09-11T20:19:40+00:00\",\"dateModified\":\"2025-06-27T09:22:22+00:00\",\"breadcrumb\":{\"@id\":\"https:\/\/old.kosmetoloog.ee\/toode\/%d0%bd%d0%b0%d0%bf%d0%be%d0%bb%d0%bd%d0%b8%d1%82%d0%b5%d0%bb%d1%8c-bc-cream-jewelry-radiant-cushion-spf50\/#breadcrumb\"},\"inLanguage\":\"et\",\"potentialAction\":[{\"@type\":\"ReadAction\",\"target\":[\"https:\/\/old.kosmetoloog.ee\/toode\/%d0%bd%d0%b0%d0%bf%d0%be%d0%bb%d0%bd%d0%b8%d1%82%d0%b5%d0%bb%d1%8c-bc-cream-jewelry-radiant-cushion-spf50\/\"]}]},{\"@type\":\"ImageObject\",\"inLanguage\":\"et\",\"@id\":\"https:\/\/old.kosmetoloog.ee\/toode\/%d0%bd%d0%b0%d0%bf%d0%be%d0%bb%d0%bd%d0%b8%d1%82%d0%b5%d0%bb%d1%8c-bc-cream-jewelry-radiant-cushion-spf50\/#primaryimage\",\"url\":\"https:\/\/old.kosmetoloog.ee\/wp-content\/uploads\/2023\/09\/BCCREAM-SPF50\u041d\u0410\u041f\u041e\u041b\u041d\u0418\u0422\u0415\u041b\u042c.jpg\",\"contentUrl\":\"https:\/\/old.kosmetoloog.ee\/wp-content\/uploads\/2023\/09\/BCCREAM-SPF50\u041d\u0410\u041f\u041e\u041b\u041d\u0418\u0422\u0415\u041b\u042c.jpg\",\"width\":1000,\"height\":1000},{\"@type\":\"BreadcrumbList\",\"@id\":\"https:\/\/old.kosmetoloog.ee\/toode\/%d0%bd%d0%b0%d0%bf%d0%be%d0%bb%d0%bd%d0%b8%d1%82%d0%b5%d0%bb%d1%8c-bc-cream-jewelry-radiant-cushion-spf50\/#breadcrumb\",\"itemListElement\":[{\"@type\":\"ListItem\",\"position\":1,\"name\":\"Home\",\"item\":\"https:\/\/old.kosmetoloog.ee\/et\/\"},{\"@type\":\"ListItem\",\"position\":2,\"name\":\"Pood\",\"item\":\"https:\/\/old.kosmetoloog.ee\/et\/pood\/\"},{\"@type\":\"ListItem\",\"position\":3,\"name\":\"PEPTIIDIDEGA BC KREEMI T\u00c4IDIS \u201cJEWELRY RADIANT CUSHION\u201d, SPF50+\"}]},{\"@type\":\"WebSite\",\"@id\":\"https:\/\/old.kosmetoloog.ee\/#website\",\"url\":\"https:\/\/old.kosmetoloog.ee\/\",\"name\":\"Ilutoodete e-pood\",\"description\":\"Kosmeetika pood\",\"publisher\":{\"@id\":\"https:\/\/old.kosmetoloog.ee\/#organization\"},\"potentialAction\":[{\"@type\":\"SearchAction\",\"target\":{\"@type\":\"EntryPoint\",\"urlTemplate\":\"https:\/\/old.kosmetoloog.ee\/?s={search_term_string}\"},\"query-input\":{\"@type\":\"PropertyValueSpecification\",\"valueRequired\":true,\"valueName\":\"search_term_string\"}}],\"inLanguage\":\"et\"},{\"@type\":\"Organization\",\"@id\":\"https:\/\/old.kosmetoloog.ee\/#organization\",\"name\":\"You are You O\u00dc\",\"url\":\"https:\/\/old.kosmetoloog.ee\/\",\"logo\":{\"@type\":\"ImageObject\",\"inLanguage\":\"et\",\"@id\":\"https:\/\/old.kosmetoloog.ee\/#\/schema\/logo\/image\/\",\"url\":\"https:\/\/old.kosmetoloog.ee\/wp-content\/uploads\/2023\/08\/logo-1.png\",\"contentUrl\":\"https:\/\/old.kosmetoloog.ee\/wp-content\/uploads\/2023\/08\/logo-1.png\",\"width\":1200,\"height\":964,\"caption\":\"You are You O\u00dc\"},\"image\":{\"@id\":\"https:\/\/old.kosmetoloog.ee\/#\/schema\/logo\/image\/\"}}]}<\/script>\n<!-- \/ Yoast SEO plugin. -->","yoast_head_json":{"title":"PEPTIIDIDEGA BC KREEMI T\u00c4IDIS \u201cJEWELRY RADIANT CUSHION\u201d, SPF50+ - Ilutoodete e-pood","robots":{"index":"noindex","follow":"follow","max-snippet":"max-snippet:-1","max-image-preview":"max-image-preview:large","max-video-preview":"max-video-preview:-1"},"og_locale":"et_EE","og_type":"article","og_title":"PEPTIIDIDEGA BC KREEMI T\u00c4IDIS \u201cJEWELRY RADIANT CUSHION\u201d, SPF50+ - Ilutoodete e-pood","og_description":"BC kreemi t\u00e4idis SPF 50+ kaitsega","og_url":"https:\/\/old.kosmetoloog.ee\/toode\/\u043d\u0430\u043f\u043e\u043b\u043d\u0438\u0442\u0435\u043b\u044c-bc-cream-jewelry-radiant-cushion-spf50\/","og_site_name":"Ilutoodete e-pood","article_modified_time":"2025-06-27T09:22:22+00:00","og_image":[{"width":1000,"height":1000,"url":"https:\/\/old.kosmetoloog.ee\/wp-content\/uploads\/2023\/09\/BCCREAM-SPF50\u041d\u0410\u041f\u041e\u041b\u041d\u0418\u0422\u0415\u041b\u042c.jpg","type":"image\/jpeg"}],"twitter_card":"summary_large_image","twitter_misc":{"Est. reading time":"1 minut"},"schema":{"@context":"https:\/\/schema.org","@graph":[{"@type":"WebPage","@id":"https:\/\/old.kosmetoloog.ee\/toode\/%d0%bd%d0%b0%d0%bf%d0%be%d0%bb%d0%bd%d0%b8%d1%82%d0%b5%d0%bb%d1%8c-bc-cream-jewelry-radiant-cushion-spf50\/","url":"https:\/\/old.kosmetoloog.ee\/toode\/%d0%bd%d0%b0%d0%bf%d0%be%d0%bb%d0%bd%d0%b8%d1%82%d0%b5%d0%bb%d1%8c-bc-cream-jewelry-radiant-cushion-spf50\/","name":"PEPTIIDIDEGA BC KREEMI T\u00c4IDIS \u201cJEWELRY RADIANT CUSHION\u201d, SPF50+ - Ilutoodete e-pood","isPartOf":{"@id":"https:\/\/old.kosmetoloog.ee\/#website"},"primaryImageOfPage":{"@id":"https:\/\/old.kosmetoloog.ee\/toode\/%d0%bd%d0%b0%d0%bf%d0%be%d0%bb%d0%bd%d0%b8%d1%82%d0%b5%d0%bb%d1%8c-bc-cream-jewelry-radiant-cushion-spf50\/#primaryimage"},"image":{"@id":"https:\/\/old.kosmetoloog.ee\/toode\/%d0%bd%d0%b0%d0%bf%d0%be%d0%bb%d0%bd%d0%b8%d1%82%d0%b5%d0%bb%d1%8c-bc-cream-jewelry-radiant-cushion-spf50\/#primaryimage"},"thumbnailUrl":"https:\/\/old.kosmetoloog.ee\/wp-content\/uploads\/2023\/09\/BCCREAM-SPF50\u041d\u0410\u041f\u041e\u041b\u041d\u0418\u0422\u0415\u041b\u042c.jpg","datePublished":"2023-09-11T20:19:40+00:00","dateModified":"2025-06-27T09:22:22+00:00","breadcrumb":{"@id":"https:\/\/old.kosmetoloog.ee\/toode\/%d0%bd%d0%b0%d0%bf%d0%be%d0%bb%d0%bd%d0%b8%d1%82%d0%b5%d0%bb%d1%8c-bc-cream-jewelry-radiant-cushion-spf50\/#breadcrumb"},"inLanguage":"et","potentialAction":[{"@type":"ReadAction","target":["https:\/\/old.kosmetoloog.ee\/toode\/%d0%bd%d0%b0%d0%bf%d0%be%d0%bb%d0%bd%d0%b8%d1%82%d0%b5%d0%bb%d1%8c-bc-cream-jewelry-radiant-cushion-spf50\/"]}]},{"@type":"ImageObject","inLanguage":"et","@id":"https:\/\/old.kosmetoloog.ee\/toode\/%d0%bd%d0%b0%d0%bf%d0%be%d0%bb%d0%bd%d0%b8%d1%82%d0%b5%d0%bb%d1%8c-bc-cream-jewelry-radiant-cushion-spf50\/#primaryimage","url":"https:\/\/old.kosmetoloog.ee\/wp-content\/uploads\/2023\/09\/BCCREAM-SPF50\u041d\u0410\u041f\u041e\u041b\u041d\u0418\u0422\u0415\u041b\u042c.jpg","contentUrl":"https:\/\/old.kosmetoloog.ee\/wp-content\/uploads\/2023\/09\/BCCREAM-SPF50\u041d\u0410\u041f\u041e\u041b\u041d\u0418\u0422\u0415\u041b\u042c.jpg","width":1000,"height":1000},{"@type":"BreadcrumbList","@id":"https:\/\/old.kosmetoloog.ee\/toode\/%d0%bd%d0%b0%d0%bf%d0%be%d0%bb%d0%bd%d0%b8%d1%82%d0%b5%d0%bb%d1%8c-bc-cream-jewelry-radiant-cushion-spf50\/#breadcrumb","itemListElement":[{"@type":"ListItem","position":1,"name":"Home","item":"https:\/\/old.kosmetoloog.ee\/et\/"},{"@type":"ListItem","position":2,"name":"Pood","item":"https:\/\/old.kosmetoloog.ee\/et\/pood\/"},{"@type":"ListItem","position":3,"name":"PEPTIIDIDEGA BC KREEMI T\u00c4IDIS \u201cJEWELRY RADIANT CUSHION\u201d, SPF50+"}]},{"@type":"WebSite","@id":"https:\/\/old.kosmetoloog.ee\/#website","url":"https:\/\/old.kosmetoloog.ee\/","name":"Ilutoodete e-pood","description":"Kosmeetika pood","publisher":{"@id":"https:\/\/old.kosmetoloog.ee\/#organization"},"potentialAction":[{"@type":"SearchAction","target":{"@type":"EntryPoint","urlTemplate":"https:\/\/old.kosmetoloog.ee\/?s={search_term_string}"},"query-input":{"@type":"PropertyValueSpecification","valueRequired":true,"valueName":"search_term_string"}}],"inLanguage":"et"},{"@type":"Organization","@id":"https:\/\/old.kosmetoloog.ee\/#organization","name":"You are You O\u00dc","url":"https:\/\/old.kosmetoloog.ee\/","logo":{"@type":"ImageObject","inLanguage":"et","@id":"https:\/\/old.kosmetoloog.ee\/#\/schema\/logo\/image\/","url":"https:\/\/old.kosmetoloog.ee\/wp-content\/uploads\/2023\/08\/logo-1.png","contentUrl":"https:\/\/old.kosmetoloog.ee\/wp-content\/uploads\/2023\/08\/logo-1.png","width":1200,"height":964,"caption":"You are You O\u00dc"},"image":{"@id":"https:\/\/old.kosmetoloog.ee\/#\/schema\/logo\/image\/"}}]}},"brands":[{"id":44,"name":"NANOASIA","slug":"nanoasia"}],"_links":{"self":[{"href":"https:\/\/old.kosmetoloog.ee\/et\/wp-json\/wp\/v2\/product\/743","targetHints":{"allow":["GET"]}}],"collection":[{"href":"https:\/\/old.kosmetoloog.ee\/et\/wp-json\/wp\/v2\/product"}],"about":[{"href":"https:\/\/old.kosmetoloog.ee\/et\/wp-json\/wp\/v2\/types\/product"}],"replies":[{"embeddable":true,"href":"https:\/\/old.kosmetoloog.ee\/et\/wp-json\/wp\/v2\/comments?post=743"}],"wp:featuredmedia":[{"embeddable":true,"href":"https:\/\/old.kosmetoloog.ee\/et\/wp-json\/wp\/v2\/media\/741"}],"wp:attachment":[{"href":"https:\/\/old.kosmetoloog.ee\/et\/wp-json\/wp\/v2\/media?parent=743"}],"wp:term":[{"taxonomy":"pwb-brand","embeddable":true,"href":"https:\/\/old.kosmetoloog.ee\/et\/wp-json\/wp\/v2\/pwb-brand?post=743"},{"taxonomy":"product_brand","embeddable":true,"href":"https:\/\/old.kosmetoloog.ee\/et\/wp-json\/wp\/v2\/product_brand?post=743"},{"taxonomy":"product_cat","embeddable":true,"href":"https:\/\/old.kosmetoloog.ee\/et\/wp-json\/wp\/v2\/product_cat?post=743"},{"taxonomy":"product_tag","embeddable":true,"href":"https:\/\/old.kosmetoloog.ee\/et\/wp-json\/wp\/v2\/product_tag?post=743"}],"curies":[{"name":"wp","href":"https:\/\/api.w.org\/{rel}","templated":true}]}}