{"id":747,"date":"2023-09-11T23:41:39","date_gmt":"2023-09-11T20:41:39","guid":{"rendered":"https:\/\/uus.kosmetoloog.ee\/product\/noorendav-naokreem-eva-jewelry-radiant-souffle-face-cream\/"},"modified":"2023-10-17T21:51:50","modified_gmt":"2023-10-17T18:51:50","slug":"eva-jewelry-radiant-souffle-face-cream","status":"publish","type":"product","link":"https:\/\/old.kosmetoloog.ee\/et\/toode\/eva-jewelry-radiant-souffle-face-cream\/","title":{"rendered":"NOORENDAV N\u00c4OKREEM \u201cEVA JEWELRY RADIANT SOUFFLE FACE CREAM\u201d"},"content":{"rendered":"<p>Ainulaadne intensiivne noorendav \u201cEWA JEWELRY RADIANT SOUFFLE\u201d n\u00e4okreem 40+ naha t\u00e4ielikuks taastumiseks.<\/p>\n<p>Valem sisaldab 8 peptiidi, 18 aminohapet, 3 vitamiini ja 14 erinevat taimeekstrakti.<\/p>\n<p>KREEEMI P\u00d5HIOMADUSED:<\/p>\n<p>Aitab oluliselt parandada naha tervist ning kaitseb naharakke vabade radikaalide kahjustuste eest. Kreemil on v\u00f5imas antioks\u00fcdantne toime (sisaldab antioks\u00fcdanti nimega resveratrol), tugev vananemisvastane m\u00f5ju, silub kortse ja peatab naharakkude bioloogilist vananemist. Toidab ja niisutab vananevat nahka ning parandab naha immuunsust.<\/p>\n<p>Dermatoloogiliselt testitud. Sobilik k\u00f5ikidele nahat\u00fc\u00fcpidele. on mittekomedogeenne. Tootele v\u00e4ljastatud Euroopa sertifikaat.<\/p>\n","protected":false},"excerpt":{"rendered":"<p>Ainulaadne intensiivne noorendav \u201cEWA JEWELRY RADIANT SOUFFLE\u201d n\u00e4okreem 40+ naha t\u00e4ielikuks taastumiseks.<\/p>\n","protected":false},"featured_media":746,"comment_status":"open","ping_status":"closed","template":"","meta":{"_acf_changed":false},"pwb-brand":[44],"product_brand":[],"product_cat":[58],"product_tag":[105],"class_list":{"0":"post-747","1":"product","2":"type-product","3":"status-publish","4":"has-post-thumbnail","6":"pwb-brand-nanoasia","7":"product_cat-nao-ja-kaelakreemid","8":"product_tag-koik-naha","10":"first","11":"instock","12":"taxable","13":"shipping-taxable","14":"purchasable","15":"product-type-simple"},"acf":[],"yoast_head":"<!-- This site is optimized with the Yoast SEO plugin v25.7 - https:\/\/yoast.com\/wordpress\/plugins\/seo\/ -->\n<title>NOORENDAV N\u00c4OKREEM \u201cEVA JEWELRY RADIANT SOUFFLE FACE CREAM\u201d - Ilutoodete e-pood<\/title>\n<meta name=\"robots\" content=\"noindex, follow, max-snippet:-1, max-image-preview:large, max-video-preview:-1\" \/>\n<meta property=\"og:locale\" content=\"et_EE\" \/>\n<meta property=\"og:type\" content=\"article\" \/>\n<meta property=\"og:title\" content=\"NOORENDAV N\u00c4OKREEM \u201cEVA JEWELRY RADIANT SOUFFLE FACE CREAM\u201d - Ilutoodete e-pood\" \/>\n<meta property=\"og:description\" content=\"Ainulaadne intensiivne noorendav \u201cEWA JEWELRY RADIANT SOUFFLE\u201d n\u00e4okreem 40+ naha t\u00e4ielikuks taastumiseks.\" \/>\n<meta property=\"og:url\" content=\"https:\/\/old.kosmetoloog.ee\/et\/toode\/eva-jewelry-radiant-souffle-face-cream\/\" \/>\n<meta property=\"og:site_name\" content=\"Ilutoodete e-pood\" \/>\n<meta property=\"article:modified_time\" content=\"2023-10-17T18:51:50+00:00\" \/>\n<meta property=\"og:image\" content=\"https:\/\/old.kosmetoloog.ee\/wp-content\/uploads\/2023\/09\/WELRY-RADIANT-SOUFFLE-.jpg\" \/>\n\t<meta property=\"og:image:width\" content=\"1500\" \/>\n\t<meta property=\"og:image:height\" content=\"1500\" \/>\n\t<meta property=\"og:image:type\" content=\"image\/jpeg\" \/>\n<meta name=\"twitter:card\" content=\"summary_large_image\" \/>\n<script type=\"application\/ld+json\" class=\"yoast-schema-graph\">{\"@context\":\"https:\/\/schema.org\",\"@graph\":[{\"@type\":\"WebPage\",\"@id\":\"https:\/\/old.kosmetoloog.ee\/et\/toode\/eva-jewelry-radiant-souffle-face-cream\/\",\"url\":\"https:\/\/old.kosmetoloog.ee\/et\/toode\/eva-jewelry-radiant-souffle-face-cream\/\",\"name\":\"NOORENDAV N\u00c4OKREEM \u201cEVA JEWELRY RADIANT SOUFFLE FACE CREAM\u201d - Ilutoodete e-pood\",\"isPartOf\":{\"@id\":\"https:\/\/old.kosmetoloog.ee\/#website\"},\"primaryImageOfPage\":{\"@id\":\"https:\/\/old.kosmetoloog.ee\/et\/toode\/eva-jewelry-radiant-souffle-face-cream\/#primaryimage\"},\"image\":{\"@id\":\"https:\/\/old.kosmetoloog.ee\/et\/toode\/eva-jewelry-radiant-souffle-face-cream\/#primaryimage\"},\"thumbnailUrl\":\"https:\/\/old.kosmetoloog.ee\/wp-content\/uploads\/2023\/09\/WELRY-RADIANT-SOUFFLE-.jpg\",\"datePublished\":\"2023-09-11T20:41:39+00:00\",\"dateModified\":\"2023-10-17T18:51:50+00:00\",\"breadcrumb\":{\"@id\":\"https:\/\/old.kosmetoloog.ee\/et\/toode\/eva-jewelry-radiant-souffle-face-cream\/#breadcrumb\"},\"inLanguage\":\"et\",\"potentialAction\":[{\"@type\":\"ReadAction\",\"target\":[\"https:\/\/old.kosmetoloog.ee\/et\/toode\/eva-jewelry-radiant-souffle-face-cream\/\"]}]},{\"@type\":\"ImageObject\",\"inLanguage\":\"et\",\"@id\":\"https:\/\/old.kosmetoloog.ee\/et\/toode\/eva-jewelry-radiant-souffle-face-cream\/#primaryimage\",\"url\":\"https:\/\/old.kosmetoloog.ee\/wp-content\/uploads\/2023\/09\/WELRY-RADIANT-SOUFFLE-.jpg\",\"contentUrl\":\"https:\/\/old.kosmetoloog.ee\/wp-content\/uploads\/2023\/09\/WELRY-RADIANT-SOUFFLE-.jpg\",\"width\":1500,\"height\":1500},{\"@type\":\"BreadcrumbList\",\"@id\":\"https:\/\/old.kosmetoloog.ee\/et\/toode\/eva-jewelry-radiant-souffle-face-cream\/#breadcrumb\",\"itemListElement\":[{\"@type\":\"ListItem\",\"position\":1,\"name\":\"Home\",\"item\":\"https:\/\/old.kosmetoloog.ee\/et\/\"},{\"@type\":\"ListItem\",\"position\":2,\"name\":\"Pood\",\"item\":\"https:\/\/old.kosmetoloog.ee\/et\/pood\/\"},{\"@type\":\"ListItem\",\"position\":3,\"name\":\"NOORENDAV N\u00c4OKREEM \u201cEVA JEWELRY RADIANT SOUFFLE FACE CREAM\u201d\"}]},{\"@type\":\"WebSite\",\"@id\":\"https:\/\/old.kosmetoloog.ee\/#website\",\"url\":\"https:\/\/old.kosmetoloog.ee\/\",\"name\":\"Ilutoodete e-pood\",\"description\":\"Kosmeetika pood\",\"publisher\":{\"@id\":\"https:\/\/old.kosmetoloog.ee\/#organization\"},\"potentialAction\":[{\"@type\":\"SearchAction\",\"target\":{\"@type\":\"EntryPoint\",\"urlTemplate\":\"https:\/\/old.kosmetoloog.ee\/?s={search_term_string}\"},\"query-input\":{\"@type\":\"PropertyValueSpecification\",\"valueRequired\":true,\"valueName\":\"search_term_string\"}}],\"inLanguage\":\"et\"},{\"@type\":\"Organization\",\"@id\":\"https:\/\/old.kosmetoloog.ee\/#organization\",\"name\":\"You are You O\u00dc\",\"url\":\"https:\/\/old.kosmetoloog.ee\/\",\"logo\":{\"@type\":\"ImageObject\",\"inLanguage\":\"et\",\"@id\":\"https:\/\/old.kosmetoloog.ee\/#\/schema\/logo\/image\/\",\"url\":\"https:\/\/old.kosmetoloog.ee\/wp-content\/uploads\/2023\/08\/logo-1.png\",\"contentUrl\":\"https:\/\/old.kosmetoloog.ee\/wp-content\/uploads\/2023\/08\/logo-1.png\",\"width\":1200,\"height\":964,\"caption\":\"You are You O\u00dc\"},\"image\":{\"@id\":\"https:\/\/old.kosmetoloog.ee\/#\/schema\/logo\/image\/\"}}]}<\/script>\n<!-- \/ Yoast SEO plugin. -->","yoast_head_json":{"title":"NOORENDAV N\u00c4OKREEM \u201cEVA JEWELRY RADIANT SOUFFLE FACE CREAM\u201d - Ilutoodete e-pood","robots":{"index":"noindex","follow":"follow","max-snippet":"max-snippet:-1","max-image-preview":"max-image-preview:large","max-video-preview":"max-video-preview:-1"},"og_locale":"et_EE","og_type":"article","og_title":"NOORENDAV N\u00c4OKREEM \u201cEVA JEWELRY RADIANT SOUFFLE FACE CREAM\u201d - Ilutoodete e-pood","og_description":"Ainulaadne intensiivne noorendav \u201cEWA JEWELRY RADIANT SOUFFLE\u201d n\u00e4okreem 40+ naha t\u00e4ielikuks taastumiseks.","og_url":"https:\/\/old.kosmetoloog.ee\/et\/toode\/eva-jewelry-radiant-souffle-face-cream\/","og_site_name":"Ilutoodete e-pood","article_modified_time":"2023-10-17T18:51:50+00:00","og_image":[{"width":1500,"height":1500,"url":"https:\/\/old.kosmetoloog.ee\/wp-content\/uploads\/2023\/09\/WELRY-RADIANT-SOUFFLE-.jpg","type":"image\/jpeg"}],"twitter_card":"summary_large_image","schema":{"@context":"https:\/\/schema.org","@graph":[{"@type":"WebPage","@id":"https:\/\/old.kosmetoloog.ee\/et\/toode\/eva-jewelry-radiant-souffle-face-cream\/","url":"https:\/\/old.kosmetoloog.ee\/et\/toode\/eva-jewelry-radiant-souffle-face-cream\/","name":"NOORENDAV N\u00c4OKREEM \u201cEVA JEWELRY RADIANT SOUFFLE FACE CREAM\u201d - Ilutoodete e-pood","isPartOf":{"@id":"https:\/\/old.kosmetoloog.ee\/#website"},"primaryImageOfPage":{"@id":"https:\/\/old.kosmetoloog.ee\/et\/toode\/eva-jewelry-radiant-souffle-face-cream\/#primaryimage"},"image":{"@id":"https:\/\/old.kosmetoloog.ee\/et\/toode\/eva-jewelry-radiant-souffle-face-cream\/#primaryimage"},"thumbnailUrl":"https:\/\/old.kosmetoloog.ee\/wp-content\/uploads\/2023\/09\/WELRY-RADIANT-SOUFFLE-.jpg","datePublished":"2023-09-11T20:41:39+00:00","dateModified":"2023-10-17T18:51:50+00:00","breadcrumb":{"@id":"https:\/\/old.kosmetoloog.ee\/et\/toode\/eva-jewelry-radiant-souffle-face-cream\/#breadcrumb"},"inLanguage":"et","potentialAction":[{"@type":"ReadAction","target":["https:\/\/old.kosmetoloog.ee\/et\/toode\/eva-jewelry-radiant-souffle-face-cream\/"]}]},{"@type":"ImageObject","inLanguage":"et","@id":"https:\/\/old.kosmetoloog.ee\/et\/toode\/eva-jewelry-radiant-souffle-face-cream\/#primaryimage","url":"https:\/\/old.kosmetoloog.ee\/wp-content\/uploads\/2023\/09\/WELRY-RADIANT-SOUFFLE-.jpg","contentUrl":"https:\/\/old.kosmetoloog.ee\/wp-content\/uploads\/2023\/09\/WELRY-RADIANT-SOUFFLE-.jpg","width":1500,"height":1500},{"@type":"BreadcrumbList","@id":"https:\/\/old.kosmetoloog.ee\/et\/toode\/eva-jewelry-radiant-souffle-face-cream\/#breadcrumb","itemListElement":[{"@type":"ListItem","position":1,"name":"Home","item":"https:\/\/old.kosmetoloog.ee\/et\/"},{"@type":"ListItem","position":2,"name":"Pood","item":"https:\/\/old.kosmetoloog.ee\/et\/pood\/"},{"@type":"ListItem","position":3,"name":"NOORENDAV N\u00c4OKREEM \u201cEVA JEWELRY RADIANT SOUFFLE FACE CREAM\u201d"}]},{"@type":"WebSite","@id":"https:\/\/old.kosmetoloog.ee\/#website","url":"https:\/\/old.kosmetoloog.ee\/","name":"Ilutoodete e-pood","description":"Kosmeetika pood","publisher":{"@id":"https:\/\/old.kosmetoloog.ee\/#organization"},"potentialAction":[{"@type":"SearchAction","target":{"@type":"EntryPoint","urlTemplate":"https:\/\/old.kosmetoloog.ee\/?s={search_term_string}"},"query-input":{"@type":"PropertyValueSpecification","valueRequired":true,"valueName":"search_term_string"}}],"inLanguage":"et"},{"@type":"Organization","@id":"https:\/\/old.kosmetoloog.ee\/#organization","name":"You are You O\u00dc","url":"https:\/\/old.kosmetoloog.ee\/","logo":{"@type":"ImageObject","inLanguage":"et","@id":"https:\/\/old.kosmetoloog.ee\/#\/schema\/logo\/image\/","url":"https:\/\/old.kosmetoloog.ee\/wp-content\/uploads\/2023\/08\/logo-1.png","contentUrl":"https:\/\/old.kosmetoloog.ee\/wp-content\/uploads\/2023\/08\/logo-1.png","width":1200,"height":964,"caption":"You are You O\u00dc"},"image":{"@id":"https:\/\/old.kosmetoloog.ee\/#\/schema\/logo\/image\/"}}]}},"brands":[{"id":44,"name":"NANOASIA","slug":"nanoasia"}],"_links":{"self":[{"href":"https:\/\/old.kosmetoloog.ee\/et\/wp-json\/wp\/v2\/product\/747","targetHints":{"allow":["GET"]}}],"collection":[{"href":"https:\/\/old.kosmetoloog.ee\/et\/wp-json\/wp\/v2\/product"}],"about":[{"href":"https:\/\/old.kosmetoloog.ee\/et\/wp-json\/wp\/v2\/types\/product"}],"replies":[{"embeddable":true,"href":"https:\/\/old.kosmetoloog.ee\/et\/wp-json\/wp\/v2\/comments?post=747"}],"wp:featuredmedia":[{"embeddable":true,"href":"https:\/\/old.kosmetoloog.ee\/et\/wp-json\/wp\/v2\/media\/746"}],"wp:attachment":[{"href":"https:\/\/old.kosmetoloog.ee\/et\/wp-json\/wp\/v2\/media?parent=747"}],"wp:term":[{"taxonomy":"pwb-brand","embeddable":true,"href":"https:\/\/old.kosmetoloog.ee\/et\/wp-json\/wp\/v2\/pwb-brand?post=747"},{"taxonomy":"product_brand","embeddable":true,"href":"https:\/\/old.kosmetoloog.ee\/et\/wp-json\/wp\/v2\/product_brand?post=747"},{"taxonomy":"product_cat","embeddable":true,"href":"https:\/\/old.kosmetoloog.ee\/et\/wp-json\/wp\/v2\/product_cat?post=747"},{"taxonomy":"product_tag","embeddable":true,"href":"https:\/\/old.kosmetoloog.ee\/et\/wp-json\/wp\/v2\/product_tag?post=747"}],"curies":[{"name":"wp","href":"https:\/\/api.w.org\/{rel}","templated":true}]}}