{"id":751,"date":"2023-09-12T12:08:38","date_gmt":"2023-09-12T09:08:38","guid":{"rendered":"https:\/\/uus.kosmetoloog.ee\/product\/nanoasia-seerum-jewelry-radiant-air-ampoule-35\/"},"modified":"2023-10-24T15:44:00","modified_gmt":"2023-10-24T12:44:00","slug":"seerum-jewelry-radiant-air-ampoules-lifting-serum-35","status":"publish","type":"product","link":"https:\/\/old.kosmetoloog.ee\/et\/toode\/seerum-jewelry-radiant-air-ampoules-lifting-serum-35\/","title":{"rendered":"NANOASIA SEERUM \u201cJEWELRY RADIANT AIR AMPOULE\u201d, 35+"},"content":{"rendered":"<p>MULTIVALEM: 35+ lifting seerum annab v\u00f5imaluse tegeleda k\u00f5ikide vanusega seotud muutuste raviga \u00fche preparaadiga. Kiire efekt saavutatakse juba peale esimeset kasutuskorda! Preparaati on kogutud tugevad antioks\u00fcdandid, peptiidid ja v\u00e4\u00e4riskivide ekstraktid.<\/p>\n<p>Sisaldab p\u00e4\u00e4sukesepesa ekstrakti, mis on \u00fcks kallimaid ekstrakte kosmetoloogias.<\/p>\n<p>P\u00e4\u00e4sukesepesa sisaldusega seerum parandab naha \u00fcldist seisundit, niisutab ja toidab s\u00fcgavuti, suurendab naha elastsust, modelleerib n\u00e4oovaali, pehmendab ja v\u00e4rskendab nahka. Annab selget lifting efekti, ahendab poore, annab nahale loomuliku s\u00e4ra, tugevdab naha vastupidavust, parandab kapillaaride elastsust ja hapnikuringet rakkudes. T\u00f5eline botox efekt ilma s\u00fcstideta! Omab p\u00f5letikuvastast toimet ning kaitseb UV kiirguse eest.<\/p>\n<p>Dermatoloogiliselt testitud. Sobilik k\u00f5ikidele nahat\u00fc\u00fcpidele. on mittekomedogeenne. Tootele v\u00e4ljastatud Euroopa sertifikaat.<\/p>\n","protected":false},"excerpt":{"rendered":"<p>T\u00f5eline <em>botox-efekt<\/em> ilma s\u00fcstideta, <strong>35+<\/strong>!<\/p>\n","protected":false},"featured_media":1638,"comment_status":"open","ping_status":"closed","template":"","meta":{"_acf_changed":false},"pwb-brand":[44],"product_brand":[],"product_cat":[61],"product_tag":[105],"class_list":{"0":"post-751","1":"product","2":"type-product","3":"status-publish","4":"has-post-thumbnail","6":"pwb-brand-nanoasia","7":"product_cat-seerumid","8":"product_tag-koik-naha","10":"first","11":"outofstock","12":"taxable","13":"shipping-taxable","14":"purchasable","15":"product-type-simple"},"acf":[],"yoast_head":"<!-- This site is optimized with the Yoast SEO plugin v25.7 - https:\/\/yoast.com\/wordpress\/plugins\/seo\/ -->\n<title>NANOASIA SEERUM \u201cJEWELRY RADIANT AIR AMPOULE\u201d, 35+ - Ilutoodete e-pood<\/title>\n<meta name=\"robots\" content=\"noindex, follow, max-snippet:-1, max-image-preview:large, max-video-preview:-1\" \/>\n<meta property=\"og:locale\" content=\"et_EE\" \/>\n<meta property=\"og:type\" content=\"article\" \/>\n<meta property=\"og:title\" content=\"NANOASIA SEERUM \u201cJEWELRY RADIANT AIR AMPOULE\u201d, 35+ - Ilutoodete e-pood\" \/>\n<meta property=\"og:description\" content=\"T\u00f5eline botox-efekt ilma s\u00fcstideta, 35+!\" \/>\n<meta property=\"og:url\" content=\"https:\/\/old.kosmetoloog.ee\/toode\/jewelry-radiant-air-ampoules-lifting-serum-35\/\" \/>\n<meta property=\"og:site_name\" content=\"Ilutoodete e-pood\" \/>\n<meta property=\"article:modified_time\" content=\"2023-10-24T12:44:00+00:00\" \/>\n<meta property=\"og:image\" content=\"https:\/\/old.kosmetoloog.ee\/wp-content\/uploads\/2023\/09\/air-ampoule.jpg\" \/>\n\t<meta property=\"og:image:width\" content=\"1152\" \/>\n\t<meta property=\"og:image:height\" content=\"1536\" \/>\n\t<meta property=\"og:image:type\" content=\"image\/jpeg\" \/>\n<meta name=\"twitter:card\" content=\"summary_large_image\" \/>\n<meta name=\"twitter:label1\" content=\"Est. reading time\" \/>\n\t<meta name=\"twitter:data1\" content=\"1 minut\" \/>\n<script type=\"application\/ld+json\" class=\"yoast-schema-graph\">{\"@context\":\"https:\/\/schema.org\",\"@graph\":[{\"@type\":\"WebPage\",\"@id\":\"https:\/\/old.kosmetoloog.ee\/toode\/jewelry-radiant-air-ampoules-lifting-serum-35\/\",\"url\":\"https:\/\/old.kosmetoloog.ee\/toode\/jewelry-radiant-air-ampoules-lifting-serum-35\/\",\"name\":\"NANOASIA SEERUM \u201cJEWELRY RADIANT AIR AMPOULE\u201d, 35+ - Ilutoodete e-pood\",\"isPartOf\":{\"@id\":\"https:\/\/old.kosmetoloog.ee\/#website\"},\"primaryImageOfPage\":{\"@id\":\"https:\/\/old.kosmetoloog.ee\/toode\/jewelry-radiant-air-ampoules-lifting-serum-35\/#primaryimage\"},\"image\":{\"@id\":\"https:\/\/old.kosmetoloog.ee\/toode\/jewelry-radiant-air-ampoules-lifting-serum-35\/#primaryimage\"},\"thumbnailUrl\":\"https:\/\/old.kosmetoloog.ee\/wp-content\/uploads\/2023\/09\/air-ampoule.jpg\",\"datePublished\":\"2023-09-12T09:08:38+00:00\",\"dateModified\":\"2023-10-24T12:44:00+00:00\",\"breadcrumb\":{\"@id\":\"https:\/\/old.kosmetoloog.ee\/toode\/jewelry-radiant-air-ampoules-lifting-serum-35\/#breadcrumb\"},\"inLanguage\":\"et\",\"potentialAction\":[{\"@type\":\"ReadAction\",\"target\":[\"https:\/\/old.kosmetoloog.ee\/toode\/jewelry-radiant-air-ampoules-lifting-serum-35\/\"]}]},{\"@type\":\"ImageObject\",\"inLanguage\":\"et\",\"@id\":\"https:\/\/old.kosmetoloog.ee\/toode\/jewelry-radiant-air-ampoules-lifting-serum-35\/#primaryimage\",\"url\":\"https:\/\/old.kosmetoloog.ee\/wp-content\/uploads\/2023\/09\/air-ampoule.jpg\",\"contentUrl\":\"https:\/\/old.kosmetoloog.ee\/wp-content\/uploads\/2023\/09\/air-ampoule.jpg\",\"width\":1152,\"height\":1536},{\"@type\":\"BreadcrumbList\",\"@id\":\"https:\/\/old.kosmetoloog.ee\/toode\/jewelry-radiant-air-ampoules-lifting-serum-35\/#breadcrumb\",\"itemListElement\":[{\"@type\":\"ListItem\",\"position\":1,\"name\":\"Home\",\"item\":\"https:\/\/old.kosmetoloog.ee\/et\/\"},{\"@type\":\"ListItem\",\"position\":2,\"name\":\"Pood\",\"item\":\"https:\/\/old.kosmetoloog.ee\/et\/pood\/\"},{\"@type\":\"ListItem\",\"position\":3,\"name\":\"NANOASIA SEERUM \u201cJEWELRY RADIANT AIR AMPOULE\u201d, 35+\"}]},{\"@type\":\"WebSite\",\"@id\":\"https:\/\/old.kosmetoloog.ee\/#website\",\"url\":\"https:\/\/old.kosmetoloog.ee\/\",\"name\":\"Ilutoodete e-pood\",\"description\":\"Kosmeetika pood\",\"publisher\":{\"@id\":\"https:\/\/old.kosmetoloog.ee\/#organization\"},\"potentialAction\":[{\"@type\":\"SearchAction\",\"target\":{\"@type\":\"EntryPoint\",\"urlTemplate\":\"https:\/\/old.kosmetoloog.ee\/?s={search_term_string}\"},\"query-input\":{\"@type\":\"PropertyValueSpecification\",\"valueRequired\":true,\"valueName\":\"search_term_string\"}}],\"inLanguage\":\"et\"},{\"@type\":\"Organization\",\"@id\":\"https:\/\/old.kosmetoloog.ee\/#organization\",\"name\":\"You are You O\u00dc\",\"url\":\"https:\/\/old.kosmetoloog.ee\/\",\"logo\":{\"@type\":\"ImageObject\",\"inLanguage\":\"et\",\"@id\":\"https:\/\/old.kosmetoloog.ee\/#\/schema\/logo\/image\/\",\"url\":\"https:\/\/old.kosmetoloog.ee\/wp-content\/uploads\/2023\/08\/logo-1.png\",\"contentUrl\":\"https:\/\/old.kosmetoloog.ee\/wp-content\/uploads\/2023\/08\/logo-1.png\",\"width\":1200,\"height\":964,\"caption\":\"You are You O\u00dc\"},\"image\":{\"@id\":\"https:\/\/old.kosmetoloog.ee\/#\/schema\/logo\/image\/\"}}]}<\/script>\n<!-- \/ Yoast SEO plugin. -->","yoast_head_json":{"title":"NANOASIA SEERUM \u201cJEWELRY RADIANT AIR AMPOULE\u201d, 35+ - Ilutoodete e-pood","robots":{"index":"noindex","follow":"follow","max-snippet":"max-snippet:-1","max-image-preview":"max-image-preview:large","max-video-preview":"max-video-preview:-1"},"og_locale":"et_EE","og_type":"article","og_title":"NANOASIA SEERUM \u201cJEWELRY RADIANT AIR AMPOULE\u201d, 35+ - Ilutoodete e-pood","og_description":"T\u00f5eline botox-efekt ilma s\u00fcstideta, 35+!","og_url":"https:\/\/old.kosmetoloog.ee\/toode\/jewelry-radiant-air-ampoules-lifting-serum-35\/","og_site_name":"Ilutoodete e-pood","article_modified_time":"2023-10-24T12:44:00+00:00","og_image":[{"width":1152,"height":1536,"url":"https:\/\/old.kosmetoloog.ee\/wp-content\/uploads\/2023\/09\/air-ampoule.jpg","type":"image\/jpeg"}],"twitter_card":"summary_large_image","twitter_misc":{"Est. reading time":"1 minut"},"schema":{"@context":"https:\/\/schema.org","@graph":[{"@type":"WebPage","@id":"https:\/\/old.kosmetoloog.ee\/toode\/jewelry-radiant-air-ampoules-lifting-serum-35\/","url":"https:\/\/old.kosmetoloog.ee\/toode\/jewelry-radiant-air-ampoules-lifting-serum-35\/","name":"NANOASIA SEERUM \u201cJEWELRY RADIANT AIR AMPOULE\u201d, 35+ - Ilutoodete e-pood","isPartOf":{"@id":"https:\/\/old.kosmetoloog.ee\/#website"},"primaryImageOfPage":{"@id":"https:\/\/old.kosmetoloog.ee\/toode\/jewelry-radiant-air-ampoules-lifting-serum-35\/#primaryimage"},"image":{"@id":"https:\/\/old.kosmetoloog.ee\/toode\/jewelry-radiant-air-ampoules-lifting-serum-35\/#primaryimage"},"thumbnailUrl":"https:\/\/old.kosmetoloog.ee\/wp-content\/uploads\/2023\/09\/air-ampoule.jpg","datePublished":"2023-09-12T09:08:38+00:00","dateModified":"2023-10-24T12:44:00+00:00","breadcrumb":{"@id":"https:\/\/old.kosmetoloog.ee\/toode\/jewelry-radiant-air-ampoules-lifting-serum-35\/#breadcrumb"},"inLanguage":"et","potentialAction":[{"@type":"ReadAction","target":["https:\/\/old.kosmetoloog.ee\/toode\/jewelry-radiant-air-ampoules-lifting-serum-35\/"]}]},{"@type":"ImageObject","inLanguage":"et","@id":"https:\/\/old.kosmetoloog.ee\/toode\/jewelry-radiant-air-ampoules-lifting-serum-35\/#primaryimage","url":"https:\/\/old.kosmetoloog.ee\/wp-content\/uploads\/2023\/09\/air-ampoule.jpg","contentUrl":"https:\/\/old.kosmetoloog.ee\/wp-content\/uploads\/2023\/09\/air-ampoule.jpg","width":1152,"height":1536},{"@type":"BreadcrumbList","@id":"https:\/\/old.kosmetoloog.ee\/toode\/jewelry-radiant-air-ampoules-lifting-serum-35\/#breadcrumb","itemListElement":[{"@type":"ListItem","position":1,"name":"Home","item":"https:\/\/old.kosmetoloog.ee\/et\/"},{"@type":"ListItem","position":2,"name":"Pood","item":"https:\/\/old.kosmetoloog.ee\/et\/pood\/"},{"@type":"ListItem","position":3,"name":"NANOASIA SEERUM \u201cJEWELRY RADIANT AIR AMPOULE\u201d, 35+"}]},{"@type":"WebSite","@id":"https:\/\/old.kosmetoloog.ee\/#website","url":"https:\/\/old.kosmetoloog.ee\/","name":"Ilutoodete e-pood","description":"Kosmeetika pood","publisher":{"@id":"https:\/\/old.kosmetoloog.ee\/#organization"},"potentialAction":[{"@type":"SearchAction","target":{"@type":"EntryPoint","urlTemplate":"https:\/\/old.kosmetoloog.ee\/?s={search_term_string}"},"query-input":{"@type":"PropertyValueSpecification","valueRequired":true,"valueName":"search_term_string"}}],"inLanguage":"et"},{"@type":"Organization","@id":"https:\/\/old.kosmetoloog.ee\/#organization","name":"You are You O\u00dc","url":"https:\/\/old.kosmetoloog.ee\/","logo":{"@type":"ImageObject","inLanguage":"et","@id":"https:\/\/old.kosmetoloog.ee\/#\/schema\/logo\/image\/","url":"https:\/\/old.kosmetoloog.ee\/wp-content\/uploads\/2023\/08\/logo-1.png","contentUrl":"https:\/\/old.kosmetoloog.ee\/wp-content\/uploads\/2023\/08\/logo-1.png","width":1200,"height":964,"caption":"You are You O\u00dc"},"image":{"@id":"https:\/\/old.kosmetoloog.ee\/#\/schema\/logo\/image\/"}}]}},"brands":[{"id":44,"name":"NANOASIA","slug":"nanoasia"}],"_links":{"self":[{"href":"https:\/\/old.kosmetoloog.ee\/et\/wp-json\/wp\/v2\/product\/751","targetHints":{"allow":["GET"]}}],"collection":[{"href":"https:\/\/old.kosmetoloog.ee\/et\/wp-json\/wp\/v2\/product"}],"about":[{"href":"https:\/\/old.kosmetoloog.ee\/et\/wp-json\/wp\/v2\/types\/product"}],"replies":[{"embeddable":true,"href":"https:\/\/old.kosmetoloog.ee\/et\/wp-json\/wp\/v2\/comments?post=751"}],"wp:featuredmedia":[{"embeddable":true,"href":"https:\/\/old.kosmetoloog.ee\/et\/wp-json\/wp\/v2\/media\/1638"}],"wp:attachment":[{"href":"https:\/\/old.kosmetoloog.ee\/et\/wp-json\/wp\/v2\/media?parent=751"}],"wp:term":[{"taxonomy":"pwb-brand","embeddable":true,"href":"https:\/\/old.kosmetoloog.ee\/et\/wp-json\/wp\/v2\/pwb-brand?post=751"},{"taxonomy":"product_brand","embeddable":true,"href":"https:\/\/old.kosmetoloog.ee\/et\/wp-json\/wp\/v2\/product_brand?post=751"},{"taxonomy":"product_cat","embeddable":true,"href":"https:\/\/old.kosmetoloog.ee\/et\/wp-json\/wp\/v2\/product_cat?post=751"},{"taxonomy":"product_tag","embeddable":true,"href":"https:\/\/old.kosmetoloog.ee\/et\/wp-json\/wp\/v2\/product_tag?post=751"}],"curies":[{"name":"wp","href":"https:\/\/api.w.org\/{rel}","templated":true}]}}