{"id":755,"date":"2023-09-12T12:31:35","date_gmt":"2023-09-12T09:31:35","guid":{"rendered":"https:\/\/uus.kosmetoloog.ee\/product\/nanoasia-seerum-multi-peptide-complex-bomb\/"},"modified":"2023-10-24T15:20:16","modified_gmt":"2023-10-24T12:20:16","slug":"nanoasia-multi-peptide-complex-bomb","status":"publish","type":"product","link":"https:\/\/old.kosmetoloog.ee\/et\/toode\/nanoasia-multi-peptide-complex-bomb\/","title":{"rendered":"NANOASIA SEERUM \u201cMULTI-PEPTIDE COMPLEX BOMB\u201d"},"content":{"rendered":"<p>Valem on v\u00e4ljat\u00f6\u00f6tatud ja t\u00e4iendatud seitsme aasta v\u00e4ltel. See on ainulaadne vananemisvastane nahahooldus rekordiliselt k\u00f5rge argireliini kontsentratsiooniga. T\u00e4nu toote madalmolekulaarsele koostisele ja selle suurusele, on koostisosad vaid 4 nm, mis v\u00f5imaldab koostisosadel p\u00e4\u00e4seda s\u00fcgavamatesse nahakihtidesse, tagades erinevaid toimeained. Kasutage seerumit koos Nanoasia n\u00e4ohooldusaparaadiga, mis annab v\u00f5imaluse taastada oma naha s\u00e4ra, v\u00e4rskuse, tervisliku jume ja nooruse. Sealjuures on seadet v\u00e4ga mugav kasutada. \u00d5hupintsli abil saate sooritada aqua-koorimist ning Nanoasia seerumiga teostada mesoteraapiat, teha n\u00e4omassaa\u017ei, anda nahka t\u00f5stvat ja niisutavat efekti \u00fchekorraga.<\/p>\n<ul>\n<li><strong>Naha kaitse<\/strong> Seerum sisaldab antioks\u00fcdantide \u00fchendatud valemit koos taimsete ekstraktidega. Neutraliseerib vabasid radikaale ja l\u00e4bi selle taastab naha loomuliku kaitse v\u00e4liste kahjulike m\u00f5jude eest. T\u00f5stab naha immuunsuskaitset.<\/li>\n<li><strong>Kujundab n\u00e4oovaali ja selle ilmekust<\/strong> . Loob naha all tugeva v\u00f5rgustiku, mis kujundab ideaalselt n\u00e4oovaali. Kergitab p\u00f5ski ja muudab need elastseteks, samal ajal v\u00e4rskendades n\u00e4ojumet. Eemaldab kortsukesed ninal ja huultel, turse silmade alt ning soodustab n\u00e4o salenemist (vereringluse parandamine l\u00fcmfidrenaa\u017ei abil).<\/li>\n<li><strong>Kortsude eemaldamine ja prof\u00fclaktika.<\/strong>Taastab naha toonuse ja elastsuse. V\u00e4hendab kortsude arvu ja silendab nende s\u00fcgavust, pinguldab nahka ning eemaldab lihasspasme, s\u00e4ilitades n\u00e4o loomuliku miimika. Vabastab tursetest ja tumedatest ringidest silmade \u00fcmber ning soodustab pigmendilaikude ja naha helendamist.<\/li>\n<li><strong>Naha toitmine. <\/strong>Toidab aktiivselt nahka ja n\u00e4olihaseid. Unikaalsed raviained p\u00e4\u00e4sevad s\u00fcgavale nahastruktuuri sisse, avaldades kauakestvat ravivat m\u00f5ju. Nahk k\u00fcllastub aktiivsete toitainetega, mille tulemusena taastab naha toonuse ning n\u00e4olihaskonna.<\/li>\n<li><strong>Naha noorendamine raku tasandil.<\/strong> Ennetab naha patoloogilisi protsesse, stimuleerib rakkude eneseregeneratsiooni ning bioloogilist uuendust. Ennetab kortsude ja vanusega seotud pigmentatsiooni teket. Tugevdab kollageeni ja elastiini (naha maatriks) h\u00fcaluroonhappe s\u00fcnteesi. Taimedest ekstraktid ja peptiidid suurendavad naha t\u00fcvirakkude eluts\u00fcklit, v\u00e4hendades silmalaugude v\u00e4simust ja vananemism\u00e4rke silmade v\u00e4lisnurkades ja laubal, silendades isegi k\u00f5ige s\u00fcgavamaid kortse. Tulemus on v\u00f5rreldav botulotoksiini s\u00fcstidega, kuid ei ole absoluutselt toksiline.<\/li>\n<\/ul>\n<p>Dermatoloogiliselt testitud. Sobilik k\u00f5ikidele nahat\u00fc\u00fcpidele. on mittekomedogeenne. Tootele v\u00e4ljastatud Euroopa sertifikaat.<\/p>\n","protected":false},"excerpt":{"rendered":"<p>Ainulaadne nanokompleks, sisaldades \u00fclimalt puhtaid aineid.<\/p>\n<p>Sisaldab 7 peptiiti, 17 transdermaalset aminohapet ja 12 taimeekstrakti.<\/p>\n","protected":false},"featured_media":1636,"comment_status":"open","ping_status":"closed","template":"","meta":{"_acf_changed":false},"pwb-brand":[44],"product_brand":[],"product_cat":[61],"product_tag":[105],"class_list":{"0":"post-755","1":"product","2":"type-product","3":"status-publish","4":"has-post-thumbnail","6":"pwb-brand-nanoasia","7":"product_cat-seerumid","8":"product_tag-koik-naha","10":"first","11":"instock","12":"taxable","13":"shipping-taxable","14":"purchasable","15":"product-type-simple"},"acf":[],"yoast_head":"<!-- This site is optimized with the Yoast SEO plugin v25.7 - https:\/\/yoast.com\/wordpress\/plugins\/seo\/ -->\n<title>NANOASIA SEERUM \u201cMULTI-PEPTIDE COMPLEX BOMB\u201d - Ilutoodete e-pood<\/title>\n<meta name=\"robots\" content=\"noindex, follow, max-snippet:-1, max-image-preview:large, max-video-preview:-1\" \/>\n<meta property=\"og:locale\" content=\"et_EE\" \/>\n<meta property=\"og:type\" content=\"article\" \/>\n<meta property=\"og:title\" content=\"NANOASIA SEERUM \u201cMULTI-PEPTIDE COMPLEX BOMB\u201d - Ilutoodete e-pood\" \/>\n<meta property=\"og:description\" content=\"Ainulaadne nanokompleks, sisaldades \u00fclimalt puhtaid aineid. Sisaldab 7 peptiiti, 17 transdermaalset aminohapet ja 12 taimeekstrakti.\" \/>\n<meta property=\"og:url\" content=\"https:\/\/old.kosmetoloog.ee\/toode\/nanoasia-multi-peptide-complex-bomb\/\" \/>\n<meta property=\"og:site_name\" content=\"Ilutoodete e-pood\" \/>\n<meta property=\"article:modified_time\" content=\"2023-10-24T12:20:16+00:00\" \/>\n<meta property=\"og:image\" content=\"https:\/\/old.kosmetoloog.ee\/wp-content\/uploads\/2023\/09\/Multi-peptide1.jpg\" \/>\n\t<meta property=\"og:image:width\" content=\"1500\" \/>\n\t<meta property=\"og:image:height\" content=\"1500\" \/>\n\t<meta property=\"og:image:type\" content=\"image\/jpeg\" \/>\n<meta name=\"twitter:card\" content=\"summary_large_image\" \/>\n<meta name=\"twitter:label1\" content=\"Est. reading time\" \/>\n\t<meta name=\"twitter:data1\" content=\"2 minutit\" \/>\n<script type=\"application\/ld+json\" class=\"yoast-schema-graph\">{\"@context\":\"https:\/\/schema.org\",\"@graph\":[{\"@type\":\"WebPage\",\"@id\":\"https:\/\/old.kosmetoloog.ee\/toode\/nanoasia-multi-peptide-complex-bomb\/\",\"url\":\"https:\/\/old.kosmetoloog.ee\/toode\/nanoasia-multi-peptide-complex-bomb\/\",\"name\":\"NANOASIA SEERUM \u201cMULTI-PEPTIDE COMPLEX BOMB\u201d - Ilutoodete e-pood\",\"isPartOf\":{\"@id\":\"https:\/\/old.kosmetoloog.ee\/#website\"},\"primaryImageOfPage\":{\"@id\":\"https:\/\/old.kosmetoloog.ee\/toode\/nanoasia-multi-peptide-complex-bomb\/#primaryimage\"},\"image\":{\"@id\":\"https:\/\/old.kosmetoloog.ee\/toode\/nanoasia-multi-peptide-complex-bomb\/#primaryimage\"},\"thumbnailUrl\":\"https:\/\/old.kosmetoloog.ee\/wp-content\/uploads\/2023\/09\/Multi-peptide1.jpg\",\"datePublished\":\"2023-09-12T09:31:35+00:00\",\"dateModified\":\"2023-10-24T12:20:16+00:00\",\"breadcrumb\":{\"@id\":\"https:\/\/old.kosmetoloog.ee\/toode\/nanoasia-multi-peptide-complex-bomb\/#breadcrumb\"},\"inLanguage\":\"et\",\"potentialAction\":[{\"@type\":\"ReadAction\",\"target\":[\"https:\/\/old.kosmetoloog.ee\/toode\/nanoasia-multi-peptide-complex-bomb\/\"]}]},{\"@type\":\"ImageObject\",\"inLanguage\":\"et\",\"@id\":\"https:\/\/old.kosmetoloog.ee\/toode\/nanoasia-multi-peptide-complex-bomb\/#primaryimage\",\"url\":\"https:\/\/old.kosmetoloog.ee\/wp-content\/uploads\/2023\/09\/Multi-peptide1.jpg\",\"contentUrl\":\"https:\/\/old.kosmetoloog.ee\/wp-content\/uploads\/2023\/09\/Multi-peptide1.jpg\",\"width\":1500,\"height\":1500},{\"@type\":\"BreadcrumbList\",\"@id\":\"https:\/\/old.kosmetoloog.ee\/toode\/nanoasia-multi-peptide-complex-bomb\/#breadcrumb\",\"itemListElement\":[{\"@type\":\"ListItem\",\"position\":1,\"name\":\"Home\",\"item\":\"https:\/\/old.kosmetoloog.ee\/et\/\"},{\"@type\":\"ListItem\",\"position\":2,\"name\":\"Pood\",\"item\":\"https:\/\/old.kosmetoloog.ee\/et\/pood\/\"},{\"@type\":\"ListItem\",\"position\":3,\"name\":\"NANOASIA SEERUM \u201cMULTI-PEPTIDE COMPLEX BOMB\u201d\"}]},{\"@type\":\"WebSite\",\"@id\":\"https:\/\/old.kosmetoloog.ee\/#website\",\"url\":\"https:\/\/old.kosmetoloog.ee\/\",\"name\":\"Ilutoodete e-pood\",\"description\":\"Kosmeetika pood\",\"publisher\":{\"@id\":\"https:\/\/old.kosmetoloog.ee\/#organization\"},\"potentialAction\":[{\"@type\":\"SearchAction\",\"target\":{\"@type\":\"EntryPoint\",\"urlTemplate\":\"https:\/\/old.kosmetoloog.ee\/?s={search_term_string}\"},\"query-input\":{\"@type\":\"PropertyValueSpecification\",\"valueRequired\":true,\"valueName\":\"search_term_string\"}}],\"inLanguage\":\"et\"},{\"@type\":\"Organization\",\"@id\":\"https:\/\/old.kosmetoloog.ee\/#organization\",\"name\":\"You are You O\u00dc\",\"url\":\"https:\/\/old.kosmetoloog.ee\/\",\"logo\":{\"@type\":\"ImageObject\",\"inLanguage\":\"et\",\"@id\":\"https:\/\/old.kosmetoloog.ee\/#\/schema\/logo\/image\/\",\"url\":\"https:\/\/old.kosmetoloog.ee\/wp-content\/uploads\/2023\/08\/logo-1.png\",\"contentUrl\":\"https:\/\/old.kosmetoloog.ee\/wp-content\/uploads\/2023\/08\/logo-1.png\",\"width\":1200,\"height\":964,\"caption\":\"You are You O\u00dc\"},\"image\":{\"@id\":\"https:\/\/old.kosmetoloog.ee\/#\/schema\/logo\/image\/\"}}]}<\/script>\n<!-- \/ Yoast SEO plugin. -->","yoast_head_json":{"title":"NANOASIA SEERUM \u201cMULTI-PEPTIDE COMPLEX BOMB\u201d - Ilutoodete e-pood","robots":{"index":"noindex","follow":"follow","max-snippet":"max-snippet:-1","max-image-preview":"max-image-preview:large","max-video-preview":"max-video-preview:-1"},"og_locale":"et_EE","og_type":"article","og_title":"NANOASIA SEERUM \u201cMULTI-PEPTIDE COMPLEX BOMB\u201d - Ilutoodete e-pood","og_description":"Ainulaadne nanokompleks, sisaldades \u00fclimalt puhtaid aineid. Sisaldab 7 peptiiti, 17 transdermaalset aminohapet ja 12 taimeekstrakti.","og_url":"https:\/\/old.kosmetoloog.ee\/toode\/nanoasia-multi-peptide-complex-bomb\/","og_site_name":"Ilutoodete e-pood","article_modified_time":"2023-10-24T12:20:16+00:00","og_image":[{"width":1500,"height":1500,"url":"https:\/\/old.kosmetoloog.ee\/wp-content\/uploads\/2023\/09\/Multi-peptide1.jpg","type":"image\/jpeg"}],"twitter_card":"summary_large_image","twitter_misc":{"Est. reading time":"2 minutit"},"schema":{"@context":"https:\/\/schema.org","@graph":[{"@type":"WebPage","@id":"https:\/\/old.kosmetoloog.ee\/toode\/nanoasia-multi-peptide-complex-bomb\/","url":"https:\/\/old.kosmetoloog.ee\/toode\/nanoasia-multi-peptide-complex-bomb\/","name":"NANOASIA SEERUM \u201cMULTI-PEPTIDE COMPLEX BOMB\u201d - Ilutoodete e-pood","isPartOf":{"@id":"https:\/\/old.kosmetoloog.ee\/#website"},"primaryImageOfPage":{"@id":"https:\/\/old.kosmetoloog.ee\/toode\/nanoasia-multi-peptide-complex-bomb\/#primaryimage"},"image":{"@id":"https:\/\/old.kosmetoloog.ee\/toode\/nanoasia-multi-peptide-complex-bomb\/#primaryimage"},"thumbnailUrl":"https:\/\/old.kosmetoloog.ee\/wp-content\/uploads\/2023\/09\/Multi-peptide1.jpg","datePublished":"2023-09-12T09:31:35+00:00","dateModified":"2023-10-24T12:20:16+00:00","breadcrumb":{"@id":"https:\/\/old.kosmetoloog.ee\/toode\/nanoasia-multi-peptide-complex-bomb\/#breadcrumb"},"inLanguage":"et","potentialAction":[{"@type":"ReadAction","target":["https:\/\/old.kosmetoloog.ee\/toode\/nanoasia-multi-peptide-complex-bomb\/"]}]},{"@type":"ImageObject","inLanguage":"et","@id":"https:\/\/old.kosmetoloog.ee\/toode\/nanoasia-multi-peptide-complex-bomb\/#primaryimage","url":"https:\/\/old.kosmetoloog.ee\/wp-content\/uploads\/2023\/09\/Multi-peptide1.jpg","contentUrl":"https:\/\/old.kosmetoloog.ee\/wp-content\/uploads\/2023\/09\/Multi-peptide1.jpg","width":1500,"height":1500},{"@type":"BreadcrumbList","@id":"https:\/\/old.kosmetoloog.ee\/toode\/nanoasia-multi-peptide-complex-bomb\/#breadcrumb","itemListElement":[{"@type":"ListItem","position":1,"name":"Home","item":"https:\/\/old.kosmetoloog.ee\/et\/"},{"@type":"ListItem","position":2,"name":"Pood","item":"https:\/\/old.kosmetoloog.ee\/et\/pood\/"},{"@type":"ListItem","position":3,"name":"NANOASIA SEERUM \u201cMULTI-PEPTIDE COMPLEX BOMB\u201d"}]},{"@type":"WebSite","@id":"https:\/\/old.kosmetoloog.ee\/#website","url":"https:\/\/old.kosmetoloog.ee\/","name":"Ilutoodete e-pood","description":"Kosmeetika pood","publisher":{"@id":"https:\/\/old.kosmetoloog.ee\/#organization"},"potentialAction":[{"@type":"SearchAction","target":{"@type":"EntryPoint","urlTemplate":"https:\/\/old.kosmetoloog.ee\/?s={search_term_string}"},"query-input":{"@type":"PropertyValueSpecification","valueRequired":true,"valueName":"search_term_string"}}],"inLanguage":"et"},{"@type":"Organization","@id":"https:\/\/old.kosmetoloog.ee\/#organization","name":"You are You O\u00dc","url":"https:\/\/old.kosmetoloog.ee\/","logo":{"@type":"ImageObject","inLanguage":"et","@id":"https:\/\/old.kosmetoloog.ee\/#\/schema\/logo\/image\/","url":"https:\/\/old.kosmetoloog.ee\/wp-content\/uploads\/2023\/08\/logo-1.png","contentUrl":"https:\/\/old.kosmetoloog.ee\/wp-content\/uploads\/2023\/08\/logo-1.png","width":1200,"height":964,"caption":"You are You O\u00dc"},"image":{"@id":"https:\/\/old.kosmetoloog.ee\/#\/schema\/logo\/image\/"}}]}},"brands":[{"id":44,"name":"NANOASIA","slug":"nanoasia"}],"_links":{"self":[{"href":"https:\/\/old.kosmetoloog.ee\/et\/wp-json\/wp\/v2\/product\/755","targetHints":{"allow":["GET"]}}],"collection":[{"href":"https:\/\/old.kosmetoloog.ee\/et\/wp-json\/wp\/v2\/product"}],"about":[{"href":"https:\/\/old.kosmetoloog.ee\/et\/wp-json\/wp\/v2\/types\/product"}],"replies":[{"embeddable":true,"href":"https:\/\/old.kosmetoloog.ee\/et\/wp-json\/wp\/v2\/comments?post=755"}],"wp:featuredmedia":[{"embeddable":true,"href":"https:\/\/old.kosmetoloog.ee\/et\/wp-json\/wp\/v2\/media\/1636"}],"wp:attachment":[{"href":"https:\/\/old.kosmetoloog.ee\/et\/wp-json\/wp\/v2\/media?parent=755"}],"wp:term":[{"taxonomy":"pwb-brand","embeddable":true,"href":"https:\/\/old.kosmetoloog.ee\/et\/wp-json\/wp\/v2\/pwb-brand?post=755"},{"taxonomy":"product_brand","embeddable":true,"href":"https:\/\/old.kosmetoloog.ee\/et\/wp-json\/wp\/v2\/product_brand?post=755"},{"taxonomy":"product_cat","embeddable":true,"href":"https:\/\/old.kosmetoloog.ee\/et\/wp-json\/wp\/v2\/product_cat?post=755"},{"taxonomy":"product_tag","embeddable":true,"href":"https:\/\/old.kosmetoloog.ee\/et\/wp-json\/wp\/v2\/product_tag?post=755"}],"curies":[{"name":"wp","href":"https:\/\/api.w.org\/{rel}","templated":true}]}}