{"id":767,"date":"2023-09-12T14:25:37","date_gmt":"2023-09-12T11:25:37","guid":{"rendered":"https:\/\/uus.kosmetoloog.ee\/product\/geeljas-naokoorija-nanodessert-air-bubble-peeling-gel\/"},"modified":"2025-07-18T13:07:49","modified_gmt":"2025-07-18T10:07:49","slug":"air-bubbles-peeling","status":"publish","type":"product","link":"https:\/\/old.kosmetoloog.ee\/et\/toode\/air-bubbles-peeling\/","title":{"rendered":"GEELJAS N\u00c4OKOORIJA \u201cNANODESSERT AIR BUBBLE PEELING GEL\u201d"},"content":{"rendered":"<p>Kui agressiivne puhastamine on probleemse, p\u00f5letikulise, tundliku, kuiva v\u00f5i \u00f5hukese nahaga inimestele vastun\u00e4idustatud,<br \/>\nsiis geeljas n\u00e4okoorija aitab puhastamise teha mitte ainult v\u00f5imalikuks, vaid ka vajalikuks.<\/p>\n<p>Geeljas koorija on ohutu ja toimib v\u00e4ga \u00f5rnalt. Naha puhastamine toimub pehmete massaa\u017eiliigutuste abiga:<\/p>\n<p>1. Epidermise surnud naharakkude \u00f5rn eemaldamine kosmeetiliste hapete abil (puuviljaekstrakt, salits\u00fc\u00fclhape, piimhape ja mitmed teised happed).<\/p>\n<p>2. Mikrotselluloosi osakesed koguvad keratiniseeritud rakke ja saasteaineid, tuues need rullumise viisil naha pinnale.<\/p>\n<p>Koorija suurendab mikrotsirkulatsiooni ja stimuleerib rakkude uuenemist. Kiirendab naha struktuuri uuestis\u00fcndi. Eemaldab komedoonid, puhastab poorid ja v\u00e4hendab pigmentatsiooni. Nahk on sile, v\u00e4rske ja terve.<\/p>\n<p>Dermatoloogiliselt testitud. Sobilik k\u00f5ikidele nahat\u00fc\u00fcpidele. on mittekomedogeenne. Tootele v\u00e4ljastatud Euroopa sertifikaat.<\/p>\n","protected":false},"excerpt":{"rendered":"<p>Geeljas n\u00e4okoorija -puhastab ja uuendab nahka ning omab ka toitvat ja noorendavat funktsiooni.<\/p>\n","protected":false},"featured_media":766,"comment_status":"open","ping_status":"closed","template":"","meta":{"_acf_changed":false},"pwb-brand":[44],"product_brand":[],"product_cat":[68],"product_tag":[105],"class_list":{"0":"post-767","1":"product","2":"type-product","3":"status-publish","4":"has-post-thumbnail","6":"pwb-brand-nanoasia","7":"product_cat-koorijad","8":"product_tag-koik-naha","10":"first","11":"outofstock","12":"taxable","13":"shipping-taxable","14":"purchasable","15":"product-type-simple"},"acf":[],"yoast_head":"<!-- This site is optimized with the Yoast SEO plugin v25.7 - https:\/\/yoast.com\/wordpress\/plugins\/seo\/ -->\n<title>GEELJAS N\u00c4OKOORIJA \u201cNANODESSERT AIR BUBBLE PEELING GEL\u201d - Ilutoodete e-pood<\/title>\n<meta name=\"robots\" content=\"noindex, follow, max-snippet:-1, max-image-preview:large, max-video-preview:-1\" \/>\n<meta property=\"og:locale\" content=\"et_EE\" \/>\n<meta property=\"og:type\" content=\"article\" \/>\n<meta property=\"og:title\" content=\"GEELJAS N\u00c4OKOORIJA \u201cNANODESSERT AIR BUBBLE PEELING GEL\u201d - Ilutoodete e-pood\" \/>\n<meta property=\"og:description\" content=\"Geeljas n\u00e4okoorija -puhastab ja uuendab nahka ning omab ka toitvat ja noorendavat funktsiooni.\" \/>\n<meta property=\"og:url\" content=\"https:\/\/old.kosmetoloog.ee\/toode\/air-bubbles-peeling\/\" \/>\n<meta property=\"og:site_name\" content=\"Ilutoodete e-pood\" \/>\n<meta property=\"article:modified_time\" content=\"2025-07-18T10:07:49+00:00\" \/>\n<meta property=\"og:image\" content=\"https:\/\/old.kosmetoloog.ee\/wp-content\/uploads\/2023\/09\/peeling-2.jpg\" \/>\n\t<meta property=\"og:image:width\" content=\"1500\" \/>\n\t<meta property=\"og:image:height\" content=\"1500\" \/>\n\t<meta property=\"og:image:type\" content=\"image\/jpeg\" \/>\n<meta name=\"twitter:card\" content=\"summary_large_image\" \/>\n<meta name=\"twitter:label1\" content=\"Est. reading time\" \/>\n\t<meta name=\"twitter:data1\" content=\"1 minut\" \/>\n<script type=\"application\/ld+json\" class=\"yoast-schema-graph\">{\"@context\":\"https:\/\/schema.org\",\"@graph\":[{\"@type\":\"WebPage\",\"@id\":\"https:\/\/old.kosmetoloog.ee\/toode\/air-bubbles-peeling\/\",\"url\":\"https:\/\/old.kosmetoloog.ee\/toode\/air-bubbles-peeling\/\",\"name\":\"GEELJAS N\u00c4OKOORIJA \u201cNANODESSERT AIR BUBBLE PEELING GEL\u201d - Ilutoodete e-pood\",\"isPartOf\":{\"@id\":\"https:\/\/old.kosmetoloog.ee\/#website\"},\"primaryImageOfPage\":{\"@id\":\"https:\/\/old.kosmetoloog.ee\/toode\/air-bubbles-peeling\/#primaryimage\"},\"image\":{\"@id\":\"https:\/\/old.kosmetoloog.ee\/toode\/air-bubbles-peeling\/#primaryimage\"},\"thumbnailUrl\":\"https:\/\/old.kosmetoloog.ee\/wp-content\/uploads\/2023\/09\/peeling-2.jpg\",\"datePublished\":\"2023-09-12T11:25:37+00:00\",\"dateModified\":\"2025-07-18T10:07:49+00:00\",\"breadcrumb\":{\"@id\":\"https:\/\/old.kosmetoloog.ee\/toode\/air-bubbles-peeling\/#breadcrumb\"},\"inLanguage\":\"et\",\"potentialAction\":[{\"@type\":\"ReadAction\",\"target\":[\"https:\/\/old.kosmetoloog.ee\/toode\/air-bubbles-peeling\/\"]}]},{\"@type\":\"ImageObject\",\"inLanguage\":\"et\",\"@id\":\"https:\/\/old.kosmetoloog.ee\/toode\/air-bubbles-peeling\/#primaryimage\",\"url\":\"https:\/\/old.kosmetoloog.ee\/wp-content\/uploads\/2023\/09\/peeling-2.jpg\",\"contentUrl\":\"https:\/\/old.kosmetoloog.ee\/wp-content\/uploads\/2023\/09\/peeling-2.jpg\",\"width\":1500,\"height\":1500},{\"@type\":\"BreadcrumbList\",\"@id\":\"https:\/\/old.kosmetoloog.ee\/toode\/air-bubbles-peeling\/#breadcrumb\",\"itemListElement\":[{\"@type\":\"ListItem\",\"position\":1,\"name\":\"Home\",\"item\":\"https:\/\/old.kosmetoloog.ee\/et\/\"},{\"@type\":\"ListItem\",\"position\":2,\"name\":\"Pood\",\"item\":\"https:\/\/old.kosmetoloog.ee\/et\/pood\/\"},{\"@type\":\"ListItem\",\"position\":3,\"name\":\"GEELJAS N\u00c4OKOORIJA \u201cNANODESSERT AIR BUBBLE PEELING GEL\u201d\"}]},{\"@type\":\"WebSite\",\"@id\":\"https:\/\/old.kosmetoloog.ee\/#website\",\"url\":\"https:\/\/old.kosmetoloog.ee\/\",\"name\":\"Ilutoodete e-pood\",\"description\":\"Kosmeetika pood\",\"publisher\":{\"@id\":\"https:\/\/old.kosmetoloog.ee\/#organization\"},\"potentialAction\":[{\"@type\":\"SearchAction\",\"target\":{\"@type\":\"EntryPoint\",\"urlTemplate\":\"https:\/\/old.kosmetoloog.ee\/?s={search_term_string}\"},\"query-input\":{\"@type\":\"PropertyValueSpecification\",\"valueRequired\":true,\"valueName\":\"search_term_string\"}}],\"inLanguage\":\"et\"},{\"@type\":\"Organization\",\"@id\":\"https:\/\/old.kosmetoloog.ee\/#organization\",\"name\":\"You are You O\u00dc\",\"url\":\"https:\/\/old.kosmetoloog.ee\/\",\"logo\":{\"@type\":\"ImageObject\",\"inLanguage\":\"et\",\"@id\":\"https:\/\/old.kosmetoloog.ee\/#\/schema\/logo\/image\/\",\"url\":\"https:\/\/old.kosmetoloog.ee\/wp-content\/uploads\/2023\/08\/logo-1.png\",\"contentUrl\":\"https:\/\/old.kosmetoloog.ee\/wp-content\/uploads\/2023\/08\/logo-1.png\",\"width\":1200,\"height\":964,\"caption\":\"You are You O\u00dc\"},\"image\":{\"@id\":\"https:\/\/old.kosmetoloog.ee\/#\/schema\/logo\/image\/\"}}]}<\/script>\n<!-- \/ Yoast SEO plugin. -->","yoast_head_json":{"title":"GEELJAS N\u00c4OKOORIJA \u201cNANODESSERT AIR BUBBLE PEELING GEL\u201d - Ilutoodete e-pood","robots":{"index":"noindex","follow":"follow","max-snippet":"max-snippet:-1","max-image-preview":"max-image-preview:large","max-video-preview":"max-video-preview:-1"},"og_locale":"et_EE","og_type":"article","og_title":"GEELJAS N\u00c4OKOORIJA \u201cNANODESSERT AIR BUBBLE PEELING GEL\u201d - Ilutoodete e-pood","og_description":"Geeljas n\u00e4okoorija -puhastab ja uuendab nahka ning omab ka toitvat ja noorendavat funktsiooni.","og_url":"https:\/\/old.kosmetoloog.ee\/toode\/air-bubbles-peeling\/","og_site_name":"Ilutoodete e-pood","article_modified_time":"2025-07-18T10:07:49+00:00","og_image":[{"width":1500,"height":1500,"url":"https:\/\/old.kosmetoloog.ee\/wp-content\/uploads\/2023\/09\/peeling-2.jpg","type":"image\/jpeg"}],"twitter_card":"summary_large_image","twitter_misc":{"Est. reading time":"1 minut"},"schema":{"@context":"https:\/\/schema.org","@graph":[{"@type":"WebPage","@id":"https:\/\/old.kosmetoloog.ee\/toode\/air-bubbles-peeling\/","url":"https:\/\/old.kosmetoloog.ee\/toode\/air-bubbles-peeling\/","name":"GEELJAS N\u00c4OKOORIJA \u201cNANODESSERT AIR BUBBLE PEELING GEL\u201d - Ilutoodete e-pood","isPartOf":{"@id":"https:\/\/old.kosmetoloog.ee\/#website"},"primaryImageOfPage":{"@id":"https:\/\/old.kosmetoloog.ee\/toode\/air-bubbles-peeling\/#primaryimage"},"image":{"@id":"https:\/\/old.kosmetoloog.ee\/toode\/air-bubbles-peeling\/#primaryimage"},"thumbnailUrl":"https:\/\/old.kosmetoloog.ee\/wp-content\/uploads\/2023\/09\/peeling-2.jpg","datePublished":"2023-09-12T11:25:37+00:00","dateModified":"2025-07-18T10:07:49+00:00","breadcrumb":{"@id":"https:\/\/old.kosmetoloog.ee\/toode\/air-bubbles-peeling\/#breadcrumb"},"inLanguage":"et","potentialAction":[{"@type":"ReadAction","target":["https:\/\/old.kosmetoloog.ee\/toode\/air-bubbles-peeling\/"]}]},{"@type":"ImageObject","inLanguage":"et","@id":"https:\/\/old.kosmetoloog.ee\/toode\/air-bubbles-peeling\/#primaryimage","url":"https:\/\/old.kosmetoloog.ee\/wp-content\/uploads\/2023\/09\/peeling-2.jpg","contentUrl":"https:\/\/old.kosmetoloog.ee\/wp-content\/uploads\/2023\/09\/peeling-2.jpg","width":1500,"height":1500},{"@type":"BreadcrumbList","@id":"https:\/\/old.kosmetoloog.ee\/toode\/air-bubbles-peeling\/#breadcrumb","itemListElement":[{"@type":"ListItem","position":1,"name":"Home","item":"https:\/\/old.kosmetoloog.ee\/et\/"},{"@type":"ListItem","position":2,"name":"Pood","item":"https:\/\/old.kosmetoloog.ee\/et\/pood\/"},{"@type":"ListItem","position":3,"name":"GEELJAS N\u00c4OKOORIJA \u201cNANODESSERT AIR BUBBLE PEELING GEL\u201d"}]},{"@type":"WebSite","@id":"https:\/\/old.kosmetoloog.ee\/#website","url":"https:\/\/old.kosmetoloog.ee\/","name":"Ilutoodete e-pood","description":"Kosmeetika pood","publisher":{"@id":"https:\/\/old.kosmetoloog.ee\/#organization"},"potentialAction":[{"@type":"SearchAction","target":{"@type":"EntryPoint","urlTemplate":"https:\/\/old.kosmetoloog.ee\/?s={search_term_string}"},"query-input":{"@type":"PropertyValueSpecification","valueRequired":true,"valueName":"search_term_string"}}],"inLanguage":"et"},{"@type":"Organization","@id":"https:\/\/old.kosmetoloog.ee\/#organization","name":"You are You O\u00dc","url":"https:\/\/old.kosmetoloog.ee\/","logo":{"@type":"ImageObject","inLanguage":"et","@id":"https:\/\/old.kosmetoloog.ee\/#\/schema\/logo\/image\/","url":"https:\/\/old.kosmetoloog.ee\/wp-content\/uploads\/2023\/08\/logo-1.png","contentUrl":"https:\/\/old.kosmetoloog.ee\/wp-content\/uploads\/2023\/08\/logo-1.png","width":1200,"height":964,"caption":"You are You O\u00dc"},"image":{"@id":"https:\/\/old.kosmetoloog.ee\/#\/schema\/logo\/image\/"}}]}},"brands":[{"id":44,"name":"NANOASIA","slug":"nanoasia"}],"_links":{"self":[{"href":"https:\/\/old.kosmetoloog.ee\/et\/wp-json\/wp\/v2\/product\/767","targetHints":{"allow":["GET"]}}],"collection":[{"href":"https:\/\/old.kosmetoloog.ee\/et\/wp-json\/wp\/v2\/product"}],"about":[{"href":"https:\/\/old.kosmetoloog.ee\/et\/wp-json\/wp\/v2\/types\/product"}],"replies":[{"embeddable":true,"href":"https:\/\/old.kosmetoloog.ee\/et\/wp-json\/wp\/v2\/comments?post=767"}],"wp:featuredmedia":[{"embeddable":true,"href":"https:\/\/old.kosmetoloog.ee\/et\/wp-json\/wp\/v2\/media\/766"}],"wp:attachment":[{"href":"https:\/\/old.kosmetoloog.ee\/et\/wp-json\/wp\/v2\/media?parent=767"}],"wp:term":[{"taxonomy":"pwb-brand","embeddable":true,"href":"https:\/\/old.kosmetoloog.ee\/et\/wp-json\/wp\/v2\/pwb-brand?post=767"},{"taxonomy":"product_brand","embeddable":true,"href":"https:\/\/old.kosmetoloog.ee\/et\/wp-json\/wp\/v2\/product_brand?post=767"},{"taxonomy":"product_cat","embeddable":true,"href":"https:\/\/old.kosmetoloog.ee\/et\/wp-json\/wp\/v2\/product_cat?post=767"},{"taxonomy":"product_tag","embeddable":true,"href":"https:\/\/old.kosmetoloog.ee\/et\/wp-json\/wp\/v2\/product_tag?post=767"}],"curies":[{"name":"wp","href":"https:\/\/api.w.org\/{rel}","templated":true}]}}