{"id":776,"date":"2023-09-12T15:48:28","date_gmt":"2023-09-12T12:48:28","guid":{"rendered":"https:\/\/uus.kosmetoloog.ee\/product\/%d0%ba%d1%80%d0%b5%d0%bc-%d0%b4%d0%bb%d1%8f-%d0%bb%d0%b8%d1%86%d0%b0-stop-time-marine-collagen-cream\/"},"modified":"2023-10-17T21:48:26","modified_gmt":"2023-10-17T18:48:26","slug":"stop-time-marine-collagen-cream","status":"publish","type":"product","link":"https:\/\/old.kosmetoloog.ee\/et\/toode\/stop-time-marine-collagen-cream\/","title":{"rendered":"\u041a\u0420\u0415\u041c \u0414\u041b\u042f \u041b\u0418\u0426\u0410 \u201cSTOP TIME MARINE COLLAGEN CREAM\u201d"},"content":{"rendered":"<p>Kollageeni sisaldav n\u00e4okreem \u201cStop Time Marine Collagen Cream\u201d NANOASIA Basic sarjast, taastab nahka, kaitseb ja aitab saavutada kiire \u201clifting\u201d ehk t\u00f5stmisefekti. 20% toote koostisest on ohutu h\u00fcdrol\u00fc\u00fcsitud kollageen, mis on p\u00e4rit taimedest. Kollageen tagab nahale kohese \u201clifting\u201d ehk t\u00f5stmisefekti, toitvuse ning niisutuse. Koostises olevad 3 probiootikumi moodustavad 15% toote koostisest ning loovad nahale \u00f5ige mikrofloora, t\u00f5stavad oluliselt naha immuunsust, kiirendavad rakkude taastumist ja v\u00e4hendavad akne raskusastet. Avokaado ekstrakt, 4 peptiidi, vitamiinid ja keramiidid fikseerivad ja tugevdavad toimet. Kreem aktiveerib vananemisvastaseid protsesse, aitab siluda peeneid ja s\u00fcgavaid kortse ning parandab naha \u00fcldist seisundit. Sobilik k\u00f5ikidele nahat\u00fc\u00fcpidele.<\/p>\n<p>Kreemi toime:<\/p>\n<ul>\n<li>annab kohese t\u00f5stva efekti<\/li>\n<li>v\u00e4hendab kortse<\/li>\n<li>suurendab oma kollageeni ja elastiini tootmist<\/li>\n<li>v\u00e4hendab pigmentatsiooni<\/li>\n<li>niisutab ja toniseerib<\/li>\n<li>toidab ja pehmendab<\/li>\n<li>matistab nahka ja ahendab poore<\/li>\n<li>leevendab p\u00f5letikku ja \u00e4rritust<\/li>\n<li>v\u00e4hendab aknet<\/li>\n<li>suurendab naha kaitsefunktsioone<\/li>\n<li>kiirendab regenereerimisprotsesse<\/li>\n<\/ul>\n","protected":false},"excerpt":{"rendered":"<p>Kollageeniga elustav n\u00e4okreem kohese lifting-efektiga.<\/p>\n","protected":false},"featured_media":775,"comment_status":"open","ping_status":"closed","template":"","meta":{"_acf_changed":false},"pwb-brand":[44],"product_brand":[],"product_cat":[58],"product_tag":[105,108,111],"class_list":{"0":"post-776","1":"product","2":"type-product","3":"status-publish","4":"has-post-thumbnail","6":"pwb-brand-nanoasia","7":"product_cat-nao-ja-kaelakreemid","8":"product_tag-koik-naha","9":"product_tag-pigmentatsioon","10":"product_tag-vananemisvastane","12":"first","13":"instock","14":"taxable","15":"shipping-taxable","16":"purchasable","17":"product-type-simple"},"acf":[],"yoast_head":"<!-- This site is optimized with the Yoast SEO plugin v25.7 - https:\/\/yoast.com\/wordpress\/plugins\/seo\/ -->\n<title>\u041a\u0420\u0415\u041c \u0414\u041b\u042f \u041b\u0418\u0426\u0410 \u201cSTOP TIME MARINE COLLAGEN CREAM\u201d - Ilutoodete e-pood<\/title>\n<meta name=\"robots\" content=\"noindex, follow, max-snippet:-1, max-image-preview:large, max-video-preview:-1\" \/>\n<meta property=\"og:locale\" content=\"et_EE\" \/>\n<meta property=\"og:type\" content=\"article\" \/>\n<meta property=\"og:title\" content=\"\u041a\u0420\u0415\u041c \u0414\u041b\u042f \u041b\u0418\u0426\u0410 \u201cSTOP TIME MARINE COLLAGEN CREAM\u201d - Ilutoodete e-pood\" \/>\n<meta property=\"og:description\" content=\"Kollageeniga elustav n\u00e4okreem kohese lifting-efektiga.\" \/>\n<meta property=\"og:url\" content=\"https:\/\/old.kosmetoloog.ee\/toode\/stop-time-marine-collagen-cream\/\" \/>\n<meta property=\"og:site_name\" content=\"Ilutoodete e-pood\" \/>\n<meta property=\"article:modified_time\" content=\"2023-10-17T18:48:26+00:00\" \/>\n<meta property=\"og:image\" content=\"https:\/\/old.kosmetoloog.ee\/wp-content\/uploads\/2023\/09\/NanoAsia-Basic.jpg\" \/>\n\t<meta property=\"og:image:width\" content=\"460\" \/>\n\t<meta property=\"og:image:height\" content=\"460\" \/>\n\t<meta property=\"og:image:type\" content=\"image\/jpeg\" \/>\n<meta name=\"twitter:card\" content=\"summary_large_image\" \/>\n<meta name=\"twitter:label1\" content=\"Est. reading time\" \/>\n\t<meta name=\"twitter:data1\" content=\"1 minut\" \/>\n<script type=\"application\/ld+json\" class=\"yoast-schema-graph\">{\"@context\":\"https:\/\/schema.org\",\"@graph\":[{\"@type\":\"WebPage\",\"@id\":\"https:\/\/old.kosmetoloog.ee\/toode\/stop-time-marine-collagen-cream\/\",\"url\":\"https:\/\/old.kosmetoloog.ee\/toode\/stop-time-marine-collagen-cream\/\",\"name\":\"\u041a\u0420\u0415\u041c \u0414\u041b\u042f \u041b\u0418\u0426\u0410 \u201cSTOP TIME MARINE COLLAGEN CREAM\u201d - Ilutoodete e-pood\",\"isPartOf\":{\"@id\":\"https:\/\/old.kosmetoloog.ee\/#website\"},\"primaryImageOfPage\":{\"@id\":\"https:\/\/old.kosmetoloog.ee\/toode\/stop-time-marine-collagen-cream\/#primaryimage\"},\"image\":{\"@id\":\"https:\/\/old.kosmetoloog.ee\/toode\/stop-time-marine-collagen-cream\/#primaryimage\"},\"thumbnailUrl\":\"https:\/\/old.kosmetoloog.ee\/wp-content\/uploads\/2023\/09\/NanoAsia-Basic.jpg\",\"datePublished\":\"2023-09-12T12:48:28+00:00\",\"dateModified\":\"2023-10-17T18:48:26+00:00\",\"breadcrumb\":{\"@id\":\"https:\/\/old.kosmetoloog.ee\/toode\/stop-time-marine-collagen-cream\/#breadcrumb\"},\"inLanguage\":\"et\",\"potentialAction\":[{\"@type\":\"ReadAction\",\"target\":[\"https:\/\/old.kosmetoloog.ee\/toode\/stop-time-marine-collagen-cream\/\"]}]},{\"@type\":\"ImageObject\",\"inLanguage\":\"et\",\"@id\":\"https:\/\/old.kosmetoloog.ee\/toode\/stop-time-marine-collagen-cream\/#primaryimage\",\"url\":\"https:\/\/old.kosmetoloog.ee\/wp-content\/uploads\/2023\/09\/NanoAsia-Basic.jpg\",\"contentUrl\":\"https:\/\/old.kosmetoloog.ee\/wp-content\/uploads\/2023\/09\/NanoAsia-Basic.jpg\",\"width\":460,\"height\":460},{\"@type\":\"BreadcrumbList\",\"@id\":\"https:\/\/old.kosmetoloog.ee\/toode\/stop-time-marine-collagen-cream\/#breadcrumb\",\"itemListElement\":[{\"@type\":\"ListItem\",\"position\":1,\"name\":\"Home\",\"item\":\"https:\/\/old.kosmetoloog.ee\/et\/\"},{\"@type\":\"ListItem\",\"position\":2,\"name\":\"Pood\",\"item\":\"https:\/\/old.kosmetoloog.ee\/et\/pood\/\"},{\"@type\":\"ListItem\",\"position\":3,\"name\":\"\u041a\u0420\u0415\u041c \u0414\u041b\u042f \u041b\u0418\u0426\u0410 \u201cSTOP TIME MARINE COLLAGEN CREAM\u201d\"}]},{\"@type\":\"WebSite\",\"@id\":\"https:\/\/old.kosmetoloog.ee\/#website\",\"url\":\"https:\/\/old.kosmetoloog.ee\/\",\"name\":\"Ilutoodete e-pood\",\"description\":\"Kosmeetika pood\",\"publisher\":{\"@id\":\"https:\/\/old.kosmetoloog.ee\/#organization\"},\"potentialAction\":[{\"@type\":\"SearchAction\",\"target\":{\"@type\":\"EntryPoint\",\"urlTemplate\":\"https:\/\/old.kosmetoloog.ee\/?s={search_term_string}\"},\"query-input\":{\"@type\":\"PropertyValueSpecification\",\"valueRequired\":true,\"valueName\":\"search_term_string\"}}],\"inLanguage\":\"et\"},{\"@type\":\"Organization\",\"@id\":\"https:\/\/old.kosmetoloog.ee\/#organization\",\"name\":\"You are You O\u00dc\",\"url\":\"https:\/\/old.kosmetoloog.ee\/\",\"logo\":{\"@type\":\"ImageObject\",\"inLanguage\":\"et\",\"@id\":\"https:\/\/old.kosmetoloog.ee\/#\/schema\/logo\/image\/\",\"url\":\"https:\/\/old.kosmetoloog.ee\/wp-content\/uploads\/2023\/08\/logo-1.png\",\"contentUrl\":\"https:\/\/old.kosmetoloog.ee\/wp-content\/uploads\/2023\/08\/logo-1.png\",\"width\":1200,\"height\":964,\"caption\":\"You are You O\u00dc\"},\"image\":{\"@id\":\"https:\/\/old.kosmetoloog.ee\/#\/schema\/logo\/image\/\"}}]}<\/script>\n<!-- \/ Yoast SEO plugin. -->","yoast_head_json":{"title":"\u041a\u0420\u0415\u041c \u0414\u041b\u042f \u041b\u0418\u0426\u0410 \u201cSTOP TIME MARINE COLLAGEN CREAM\u201d - Ilutoodete e-pood","robots":{"index":"noindex","follow":"follow","max-snippet":"max-snippet:-1","max-image-preview":"max-image-preview:large","max-video-preview":"max-video-preview:-1"},"og_locale":"et_EE","og_type":"article","og_title":"\u041a\u0420\u0415\u041c \u0414\u041b\u042f \u041b\u0418\u0426\u0410 \u201cSTOP TIME MARINE COLLAGEN CREAM\u201d - Ilutoodete e-pood","og_description":"Kollageeniga elustav n\u00e4okreem kohese lifting-efektiga.","og_url":"https:\/\/old.kosmetoloog.ee\/toode\/stop-time-marine-collagen-cream\/","og_site_name":"Ilutoodete e-pood","article_modified_time":"2023-10-17T18:48:26+00:00","og_image":[{"width":460,"height":460,"url":"https:\/\/old.kosmetoloog.ee\/wp-content\/uploads\/2023\/09\/NanoAsia-Basic.jpg","type":"image\/jpeg"}],"twitter_card":"summary_large_image","twitter_misc":{"Est. reading time":"1 minut"},"schema":{"@context":"https:\/\/schema.org","@graph":[{"@type":"WebPage","@id":"https:\/\/old.kosmetoloog.ee\/toode\/stop-time-marine-collagen-cream\/","url":"https:\/\/old.kosmetoloog.ee\/toode\/stop-time-marine-collagen-cream\/","name":"\u041a\u0420\u0415\u041c \u0414\u041b\u042f \u041b\u0418\u0426\u0410 \u201cSTOP TIME MARINE COLLAGEN CREAM\u201d - Ilutoodete e-pood","isPartOf":{"@id":"https:\/\/old.kosmetoloog.ee\/#website"},"primaryImageOfPage":{"@id":"https:\/\/old.kosmetoloog.ee\/toode\/stop-time-marine-collagen-cream\/#primaryimage"},"image":{"@id":"https:\/\/old.kosmetoloog.ee\/toode\/stop-time-marine-collagen-cream\/#primaryimage"},"thumbnailUrl":"https:\/\/old.kosmetoloog.ee\/wp-content\/uploads\/2023\/09\/NanoAsia-Basic.jpg","datePublished":"2023-09-12T12:48:28+00:00","dateModified":"2023-10-17T18:48:26+00:00","breadcrumb":{"@id":"https:\/\/old.kosmetoloog.ee\/toode\/stop-time-marine-collagen-cream\/#breadcrumb"},"inLanguage":"et","potentialAction":[{"@type":"ReadAction","target":["https:\/\/old.kosmetoloog.ee\/toode\/stop-time-marine-collagen-cream\/"]}]},{"@type":"ImageObject","inLanguage":"et","@id":"https:\/\/old.kosmetoloog.ee\/toode\/stop-time-marine-collagen-cream\/#primaryimage","url":"https:\/\/old.kosmetoloog.ee\/wp-content\/uploads\/2023\/09\/NanoAsia-Basic.jpg","contentUrl":"https:\/\/old.kosmetoloog.ee\/wp-content\/uploads\/2023\/09\/NanoAsia-Basic.jpg","width":460,"height":460},{"@type":"BreadcrumbList","@id":"https:\/\/old.kosmetoloog.ee\/toode\/stop-time-marine-collagen-cream\/#breadcrumb","itemListElement":[{"@type":"ListItem","position":1,"name":"Home","item":"https:\/\/old.kosmetoloog.ee\/et\/"},{"@type":"ListItem","position":2,"name":"Pood","item":"https:\/\/old.kosmetoloog.ee\/et\/pood\/"},{"@type":"ListItem","position":3,"name":"\u041a\u0420\u0415\u041c \u0414\u041b\u042f \u041b\u0418\u0426\u0410 \u201cSTOP TIME MARINE COLLAGEN CREAM\u201d"}]},{"@type":"WebSite","@id":"https:\/\/old.kosmetoloog.ee\/#website","url":"https:\/\/old.kosmetoloog.ee\/","name":"Ilutoodete e-pood","description":"Kosmeetika pood","publisher":{"@id":"https:\/\/old.kosmetoloog.ee\/#organization"},"potentialAction":[{"@type":"SearchAction","target":{"@type":"EntryPoint","urlTemplate":"https:\/\/old.kosmetoloog.ee\/?s={search_term_string}"},"query-input":{"@type":"PropertyValueSpecification","valueRequired":true,"valueName":"search_term_string"}}],"inLanguage":"et"},{"@type":"Organization","@id":"https:\/\/old.kosmetoloog.ee\/#organization","name":"You are You O\u00dc","url":"https:\/\/old.kosmetoloog.ee\/","logo":{"@type":"ImageObject","inLanguage":"et","@id":"https:\/\/old.kosmetoloog.ee\/#\/schema\/logo\/image\/","url":"https:\/\/old.kosmetoloog.ee\/wp-content\/uploads\/2023\/08\/logo-1.png","contentUrl":"https:\/\/old.kosmetoloog.ee\/wp-content\/uploads\/2023\/08\/logo-1.png","width":1200,"height":964,"caption":"You are You O\u00dc"},"image":{"@id":"https:\/\/old.kosmetoloog.ee\/#\/schema\/logo\/image\/"}}]}},"brands":[{"id":44,"name":"NANOASIA","slug":"nanoasia"}],"_links":{"self":[{"href":"https:\/\/old.kosmetoloog.ee\/et\/wp-json\/wp\/v2\/product\/776","targetHints":{"allow":["GET"]}}],"collection":[{"href":"https:\/\/old.kosmetoloog.ee\/et\/wp-json\/wp\/v2\/product"}],"about":[{"href":"https:\/\/old.kosmetoloog.ee\/et\/wp-json\/wp\/v2\/types\/product"}],"replies":[{"embeddable":true,"href":"https:\/\/old.kosmetoloog.ee\/et\/wp-json\/wp\/v2\/comments?post=776"}],"wp:featuredmedia":[{"embeddable":true,"href":"https:\/\/old.kosmetoloog.ee\/et\/wp-json\/wp\/v2\/media\/775"}],"wp:attachment":[{"href":"https:\/\/old.kosmetoloog.ee\/et\/wp-json\/wp\/v2\/media?parent=776"}],"wp:term":[{"taxonomy":"pwb-brand","embeddable":true,"href":"https:\/\/old.kosmetoloog.ee\/et\/wp-json\/wp\/v2\/pwb-brand?post=776"},{"taxonomy":"product_brand","embeddable":true,"href":"https:\/\/old.kosmetoloog.ee\/et\/wp-json\/wp\/v2\/product_brand?post=776"},{"taxonomy":"product_cat","embeddable":true,"href":"https:\/\/old.kosmetoloog.ee\/et\/wp-json\/wp\/v2\/product_cat?post=776"},{"taxonomy":"product_tag","embeddable":true,"href":"https:\/\/old.kosmetoloog.ee\/et\/wp-json\/wp\/v2\/product_tag?post=776"}],"curies":[{"name":"wp","href":"https:\/\/api.w.org\/{rel}","templated":true}]}}