{"id":780,"date":"2023-09-12T18:18:58","date_gmt":"2023-09-12T15:18:58","guid":{"rendered":"https:\/\/uus.kosmetoloog.ee\/product\/biotselluloosmask-phoenix-nanomask-skin-rebirth-happiness\/"},"modified":"2023-10-17T21:38:07","modified_gmt":"2023-10-17T18:38:07","slug":"phoenix-nanomask-skin-rebirth-h","status":"publish","type":"product","link":"https:\/\/old.kosmetoloog.ee\/et\/toode\/phoenix-nanomask-skin-rebirth-h\/","title":{"rendered":"BIOTSELLULOOSMASK \u201cPHOENIX NANOMASK. SKIN REBIRTH HAPPINESS\u201d"},"content":{"rendered":"<p>Uskumatult \u00f5rna tekstuuriga mask on immutatud kokteiliga k\u00f5ige v\u00f5imsamatest komponentidest, mis tungivad naha s\u00fcgavatesse kihtidesse ja annavad maksimaalse efekti.<\/p>\n<p>Biotselluloosmask on asendamatu ja ainulaadne! Kui hindate oma nahka, t\u00e4idab see ainulaadne toode teie naha eluga!<\/p>\n<p>15 ml seerumit \u2013 see on uskumatult rikkalik kokteil naha ilu ja tervise jaoks, mis tagab s\u00fcgava protseduuri m\u00f5ju, vananemisvastaste protsesside aktiveerimise ja naharakkude \u00e4ratamise. Phoenix NANOMASK komplekt sisaldab kahte seerumiga immutatud biotselluloosmaskiga kapslit.<\/p>\n<p>Biotselluloosmaterjali elastsus v\u00f5imaldab maskil tihedalt n\u00e4ole sobituda, v\u00f5imaldades nahal l\u00e4hedat kokkupuudet seerumiga kogu protsessi jooksul. Biotselluloosmaski ainulaadne struktuur, mille kiud on nanosuurused, on biotehnoloogia saadus, mis saadakse kookospiima fermenteerimisel konkreetsete bakterite toimel. See on looduslik ja ohutu biomaterjal teie nahale, mis on v\u00f5imsalt tervendava, raviva ja taastava toimega ning ei sisalda kahjulikke baktereid ega toksiine, on steriilne ja t\u00e4iesti puhas.<\/p>\n<p>Fikseerimisprotsessi k\u00e4igus sulandub mask teie nahale, pinguldades nahka ja pakkudes meeldivat kompressiooni. Selline \u201cmassaa\u017e\u201d soodustab intensiivsemat l\u00fcmfidrenaa\u017ei, s\u00fcgavat toitmist, niisutust ja naha hingamist.<\/p>\n<p>Mask on eriti vajalik p\u00e4rast traumaatilisi ja invasiivseid protseduure n\u00e4onaha kiiremaks taastumiseks.<\/p>\n<p>\u2665 Antioks\u00fcdante toime avaldub t\u00e4nu trehaloosi, ts\u00fcoliidi, taimeekstraktide (kookospoor, lagritsajuur, roheline tee, mooruspuu, Aloe vera, pojengijuur, nuttev forsidia), koens\u00fc\u00fcm Q10, ts\u00fcsteiini ja vasktripeptiidi t\u00f5ttu.<\/p>\n<p>\u2665 Pigmentatsiooni (sh vanusega seotud pigmentatsiooni) v\u00e4hendamine ja naha helendamine toimub t\u00e4nu B3-vitamiini, koens\u00fc\u00fcmi Q10, Galactomycesi ekstrakti, mooruspuu ekstrakti, lagritsa, arginiini ja fen\u00fc\u00fclalaniini t\u00f5ttu.<\/p>\n<p>\u2665 Niisutav t\u00e4nu h\u00fcaluroonhappe, vitamiin B3, trehaloosi, Galactomyces ekstraktide, Comfrey ekstraktide, gl\u00fctsiini ja alaniini t\u00f5ttu.<\/p>\n<p>\u2665 Vananemisvastast toimet annavad \u017een\u0161enni juureekstrakt, trehaloos, Astragaluse ekstrakt ja koens\u00fc\u00fcm Q10.<\/p>\n<p>\u2665 P\u00f5letikuvastast toimet teostavad Galactomyces\u2019i ekstrakt, taimeekstraktid (Astragalus, pojengijuur, Comfrey juur, Aloe vera, \u017een\u0161enni juur, Angelica, Zhguni juur, Highlanderi juur ja vasktripeptiid 1.<\/p>\n<p>\u2665 Veresoonte ja kapillaaride seinte tugevdamine toimub t\u00e4nu astragaluse ekstrakti, rohelise teelehe ekstrakti ja mooruspuu ekstrakti t\u00f5ttu.<\/p>\n<p>\u2665 Kollageeni tootmine aktiveerub t\u00e4nu vitamiin B3, \u017een\u0161enni juureekstrakti, mooruspuu ekstrakti, l\u00fcsiini, treoniini, proliini, vasktripeptiidi 1, heksapeptiidi 9 ja palmito\u00fc\u00fclpentapeptiid 4 t\u00f5ttu.<\/p>\n<p>\u2665 Kortsude v\u00e4henemine toimub arginiini, atset\u00fc\u00fclheksapeptiidi 8, vasktripeptiidi 1 ja heksapeptiidi 9 toimel.<\/p>\n","protected":false},"excerpt":{"rendered":"<p>Eksklusiivne innovaatiline biotselluloosmask \u201cPHOENIX NANOMASK. SKIN REBIRTH HAPPINESS\u201d on ainulaadse valemiga, mis on v\u00e4lja t\u00f6\u00f6tatud L\u00f5una-Korea k\u00f5ige arenenuma nanotehnoloogia baasil!<\/p>\n","protected":false},"featured_media":779,"comment_status":"open","ping_status":"closed","template":"","meta":{"_acf_changed":false},"pwb-brand":[44],"product_brand":[],"product_cat":[59],"product_tag":[105],"class_list":{"0":"post-780","1":"product","2":"type-product","3":"status-publish","4":"has-post-thumbnail","6":"pwb-brand-nanoasia","7":"product_cat-maskid","8":"product_tag-koik-naha","10":"first","11":"outofstock","12":"taxable","13":"shipping-taxable","14":"purchasable","15":"product-type-simple"},"acf":[],"yoast_head":"<!-- This site is optimized with the Yoast SEO plugin v25.7 - https:\/\/yoast.com\/wordpress\/plugins\/seo\/ -->\n<title>BIOTSELLULOOSMASK \u201cPHOENIX NANOMASK. SKIN REBIRTH HAPPINESS\u201d - Ilutoodete e-pood<\/title>\n<meta name=\"robots\" content=\"noindex, follow, max-snippet:-1, max-image-preview:large, max-video-preview:-1\" \/>\n<meta property=\"og:locale\" content=\"et_EE\" \/>\n<meta property=\"og:type\" content=\"article\" \/>\n<meta property=\"og:title\" content=\"BIOTSELLULOOSMASK \u201cPHOENIX NANOMASK. SKIN REBIRTH HAPPINESS\u201d - Ilutoodete e-pood\" \/>\n<meta property=\"og:description\" content=\"Eksklusiivne innovaatiline biotselluloosmask \u201cPHOENIX NANOMASK. SKIN REBIRTH HAPPINESS\u201d on ainulaadse valemiga, mis on v\u00e4lja t\u00f6\u00f6tatud L\u00f5una-Korea k\u00f5ige arenenuma nanotehnoloogia baasil!\" \/>\n<meta property=\"og:url\" content=\"https:\/\/old.kosmetoloog.ee\/toode\/phoenix-nanomask-skin-rebirth-h\/\" \/>\n<meta property=\"og:site_name\" content=\"Ilutoodete e-pood\" \/>\n<meta property=\"article:modified_time\" content=\"2023-10-17T18:38:07+00:00\" \/>\n<meta property=\"og:image\" content=\"https:\/\/old.kosmetoloog.ee\/wp-content\/uploads\/2023\/09\/phoenix.jpg\" \/>\n\t<meta property=\"og:image:width\" content=\"500\" \/>\n\t<meta property=\"og:image:height\" content=\"500\" \/>\n\t<meta property=\"og:image:type\" content=\"image\/jpeg\" \/>\n<meta name=\"twitter:card\" content=\"summary_large_image\" \/>\n<meta name=\"twitter:label1\" content=\"Est. reading time\" \/>\n\t<meta name=\"twitter:data1\" content=\"2 minutit\" \/>\n<script type=\"application\/ld+json\" class=\"yoast-schema-graph\">{\"@context\":\"https:\/\/schema.org\",\"@graph\":[{\"@type\":\"WebPage\",\"@id\":\"https:\/\/old.kosmetoloog.ee\/toode\/phoenix-nanomask-skin-rebirth-h\/\",\"url\":\"https:\/\/old.kosmetoloog.ee\/toode\/phoenix-nanomask-skin-rebirth-h\/\",\"name\":\"BIOTSELLULOOSMASK \u201cPHOENIX NANOMASK. SKIN REBIRTH HAPPINESS\u201d - Ilutoodete e-pood\",\"isPartOf\":{\"@id\":\"https:\/\/old.kosmetoloog.ee\/#website\"},\"primaryImageOfPage\":{\"@id\":\"https:\/\/old.kosmetoloog.ee\/toode\/phoenix-nanomask-skin-rebirth-h\/#primaryimage\"},\"image\":{\"@id\":\"https:\/\/old.kosmetoloog.ee\/toode\/phoenix-nanomask-skin-rebirth-h\/#primaryimage\"},\"thumbnailUrl\":\"https:\/\/old.kosmetoloog.ee\/wp-content\/uploads\/2023\/09\/phoenix.jpg\",\"datePublished\":\"2023-09-12T15:18:58+00:00\",\"dateModified\":\"2023-10-17T18:38:07+00:00\",\"breadcrumb\":{\"@id\":\"https:\/\/old.kosmetoloog.ee\/toode\/phoenix-nanomask-skin-rebirth-h\/#breadcrumb\"},\"inLanguage\":\"et\",\"potentialAction\":[{\"@type\":\"ReadAction\",\"target\":[\"https:\/\/old.kosmetoloog.ee\/toode\/phoenix-nanomask-skin-rebirth-h\/\"]}]},{\"@type\":\"ImageObject\",\"inLanguage\":\"et\",\"@id\":\"https:\/\/old.kosmetoloog.ee\/toode\/phoenix-nanomask-skin-rebirth-h\/#primaryimage\",\"url\":\"https:\/\/old.kosmetoloog.ee\/wp-content\/uploads\/2023\/09\/phoenix.jpg\",\"contentUrl\":\"https:\/\/old.kosmetoloog.ee\/wp-content\/uploads\/2023\/09\/phoenix.jpg\",\"width\":500,\"height\":500},{\"@type\":\"BreadcrumbList\",\"@id\":\"https:\/\/old.kosmetoloog.ee\/toode\/phoenix-nanomask-skin-rebirth-h\/#breadcrumb\",\"itemListElement\":[{\"@type\":\"ListItem\",\"position\":1,\"name\":\"Home\",\"item\":\"https:\/\/old.kosmetoloog.ee\/et\/\"},{\"@type\":\"ListItem\",\"position\":2,\"name\":\"Pood\",\"item\":\"https:\/\/old.kosmetoloog.ee\/et\/pood\/\"},{\"@type\":\"ListItem\",\"position\":3,\"name\":\"BIOTSELLULOOSMASK \u201cPHOENIX NANOMASK. SKIN REBIRTH HAPPINESS\u201d\"}]},{\"@type\":\"WebSite\",\"@id\":\"https:\/\/old.kosmetoloog.ee\/#website\",\"url\":\"https:\/\/old.kosmetoloog.ee\/\",\"name\":\"Ilutoodete e-pood\",\"description\":\"Kosmeetika pood\",\"publisher\":{\"@id\":\"https:\/\/old.kosmetoloog.ee\/#organization\"},\"potentialAction\":[{\"@type\":\"SearchAction\",\"target\":{\"@type\":\"EntryPoint\",\"urlTemplate\":\"https:\/\/old.kosmetoloog.ee\/?s={search_term_string}\"},\"query-input\":{\"@type\":\"PropertyValueSpecification\",\"valueRequired\":true,\"valueName\":\"search_term_string\"}}],\"inLanguage\":\"et\"},{\"@type\":\"Organization\",\"@id\":\"https:\/\/old.kosmetoloog.ee\/#organization\",\"name\":\"You are You O\u00dc\",\"url\":\"https:\/\/old.kosmetoloog.ee\/\",\"logo\":{\"@type\":\"ImageObject\",\"inLanguage\":\"et\",\"@id\":\"https:\/\/old.kosmetoloog.ee\/#\/schema\/logo\/image\/\",\"url\":\"https:\/\/old.kosmetoloog.ee\/wp-content\/uploads\/2023\/08\/logo-1.png\",\"contentUrl\":\"https:\/\/old.kosmetoloog.ee\/wp-content\/uploads\/2023\/08\/logo-1.png\",\"width\":1200,\"height\":964,\"caption\":\"You are You O\u00dc\"},\"image\":{\"@id\":\"https:\/\/old.kosmetoloog.ee\/#\/schema\/logo\/image\/\"}}]}<\/script>\n<!-- \/ Yoast SEO plugin. -->","yoast_head_json":{"title":"BIOTSELLULOOSMASK \u201cPHOENIX NANOMASK. SKIN REBIRTH HAPPINESS\u201d - Ilutoodete e-pood","robots":{"index":"noindex","follow":"follow","max-snippet":"max-snippet:-1","max-image-preview":"max-image-preview:large","max-video-preview":"max-video-preview:-1"},"og_locale":"et_EE","og_type":"article","og_title":"BIOTSELLULOOSMASK \u201cPHOENIX NANOMASK. SKIN REBIRTH HAPPINESS\u201d - Ilutoodete e-pood","og_description":"Eksklusiivne innovaatiline biotselluloosmask \u201cPHOENIX NANOMASK. SKIN REBIRTH HAPPINESS\u201d on ainulaadse valemiga, mis on v\u00e4lja t\u00f6\u00f6tatud L\u00f5una-Korea k\u00f5ige arenenuma nanotehnoloogia baasil!","og_url":"https:\/\/old.kosmetoloog.ee\/toode\/phoenix-nanomask-skin-rebirth-h\/","og_site_name":"Ilutoodete e-pood","article_modified_time":"2023-10-17T18:38:07+00:00","og_image":[{"width":500,"height":500,"url":"https:\/\/old.kosmetoloog.ee\/wp-content\/uploads\/2023\/09\/phoenix.jpg","type":"image\/jpeg"}],"twitter_card":"summary_large_image","twitter_misc":{"Est. reading time":"2 minutit"},"schema":{"@context":"https:\/\/schema.org","@graph":[{"@type":"WebPage","@id":"https:\/\/old.kosmetoloog.ee\/toode\/phoenix-nanomask-skin-rebirth-h\/","url":"https:\/\/old.kosmetoloog.ee\/toode\/phoenix-nanomask-skin-rebirth-h\/","name":"BIOTSELLULOOSMASK \u201cPHOENIX NANOMASK. SKIN REBIRTH HAPPINESS\u201d - Ilutoodete e-pood","isPartOf":{"@id":"https:\/\/old.kosmetoloog.ee\/#website"},"primaryImageOfPage":{"@id":"https:\/\/old.kosmetoloog.ee\/toode\/phoenix-nanomask-skin-rebirth-h\/#primaryimage"},"image":{"@id":"https:\/\/old.kosmetoloog.ee\/toode\/phoenix-nanomask-skin-rebirth-h\/#primaryimage"},"thumbnailUrl":"https:\/\/old.kosmetoloog.ee\/wp-content\/uploads\/2023\/09\/phoenix.jpg","datePublished":"2023-09-12T15:18:58+00:00","dateModified":"2023-10-17T18:38:07+00:00","breadcrumb":{"@id":"https:\/\/old.kosmetoloog.ee\/toode\/phoenix-nanomask-skin-rebirth-h\/#breadcrumb"},"inLanguage":"et","potentialAction":[{"@type":"ReadAction","target":["https:\/\/old.kosmetoloog.ee\/toode\/phoenix-nanomask-skin-rebirth-h\/"]}]},{"@type":"ImageObject","inLanguage":"et","@id":"https:\/\/old.kosmetoloog.ee\/toode\/phoenix-nanomask-skin-rebirth-h\/#primaryimage","url":"https:\/\/old.kosmetoloog.ee\/wp-content\/uploads\/2023\/09\/phoenix.jpg","contentUrl":"https:\/\/old.kosmetoloog.ee\/wp-content\/uploads\/2023\/09\/phoenix.jpg","width":500,"height":500},{"@type":"BreadcrumbList","@id":"https:\/\/old.kosmetoloog.ee\/toode\/phoenix-nanomask-skin-rebirth-h\/#breadcrumb","itemListElement":[{"@type":"ListItem","position":1,"name":"Home","item":"https:\/\/old.kosmetoloog.ee\/et\/"},{"@type":"ListItem","position":2,"name":"Pood","item":"https:\/\/old.kosmetoloog.ee\/et\/pood\/"},{"@type":"ListItem","position":3,"name":"BIOTSELLULOOSMASK \u201cPHOENIX NANOMASK. SKIN REBIRTH HAPPINESS\u201d"}]},{"@type":"WebSite","@id":"https:\/\/old.kosmetoloog.ee\/#website","url":"https:\/\/old.kosmetoloog.ee\/","name":"Ilutoodete e-pood","description":"Kosmeetika pood","publisher":{"@id":"https:\/\/old.kosmetoloog.ee\/#organization"},"potentialAction":[{"@type":"SearchAction","target":{"@type":"EntryPoint","urlTemplate":"https:\/\/old.kosmetoloog.ee\/?s={search_term_string}"},"query-input":{"@type":"PropertyValueSpecification","valueRequired":true,"valueName":"search_term_string"}}],"inLanguage":"et"},{"@type":"Organization","@id":"https:\/\/old.kosmetoloog.ee\/#organization","name":"You are You O\u00dc","url":"https:\/\/old.kosmetoloog.ee\/","logo":{"@type":"ImageObject","inLanguage":"et","@id":"https:\/\/old.kosmetoloog.ee\/#\/schema\/logo\/image\/","url":"https:\/\/old.kosmetoloog.ee\/wp-content\/uploads\/2023\/08\/logo-1.png","contentUrl":"https:\/\/old.kosmetoloog.ee\/wp-content\/uploads\/2023\/08\/logo-1.png","width":1200,"height":964,"caption":"You are You O\u00dc"},"image":{"@id":"https:\/\/old.kosmetoloog.ee\/#\/schema\/logo\/image\/"}}]}},"brands":[{"id":44,"name":"NANOASIA","slug":"nanoasia"}],"_links":{"self":[{"href":"https:\/\/old.kosmetoloog.ee\/et\/wp-json\/wp\/v2\/product\/780","targetHints":{"allow":["GET"]}}],"collection":[{"href":"https:\/\/old.kosmetoloog.ee\/et\/wp-json\/wp\/v2\/product"}],"about":[{"href":"https:\/\/old.kosmetoloog.ee\/et\/wp-json\/wp\/v2\/types\/product"}],"replies":[{"embeddable":true,"href":"https:\/\/old.kosmetoloog.ee\/et\/wp-json\/wp\/v2\/comments?post=780"}],"wp:featuredmedia":[{"embeddable":true,"href":"https:\/\/old.kosmetoloog.ee\/et\/wp-json\/wp\/v2\/media\/779"}],"wp:attachment":[{"href":"https:\/\/old.kosmetoloog.ee\/et\/wp-json\/wp\/v2\/media?parent=780"}],"wp:term":[{"taxonomy":"pwb-brand","embeddable":true,"href":"https:\/\/old.kosmetoloog.ee\/et\/wp-json\/wp\/v2\/pwb-brand?post=780"},{"taxonomy":"product_brand","embeddable":true,"href":"https:\/\/old.kosmetoloog.ee\/et\/wp-json\/wp\/v2\/product_brand?post=780"},{"taxonomy":"product_cat","embeddable":true,"href":"https:\/\/old.kosmetoloog.ee\/et\/wp-json\/wp\/v2\/product_cat?post=780"},{"taxonomy":"product_tag","embeddable":true,"href":"https:\/\/old.kosmetoloog.ee\/et\/wp-json\/wp\/v2\/product_tag?post=780"}],"curies":[{"name":"wp","href":"https:\/\/api.w.org\/{rel}","templated":true}]}}