{"id":789,"date":"2023-09-12T18:53:07","date_gmt":"2023-09-12T15:53:07","guid":{"rendered":"https:\/\/uus.kosmetoloog.ee\/product\/nanonoeltega-seerum-nanodessert-with-nanotip\/"},"modified":"2023-10-17T21:37:07","modified_gmt":"2023-10-17T18:37:07","slug":"nanodessert-nanotip-serum","status":"publish","type":"product","link":"https:\/\/old.kosmetoloog.ee\/et\/toode\/nanodessert-nanotip-serum\/","title":{"rendered":"NANON\u00d5ELTEGA SEERUM \u201cNANODESSERT WITH NANOTIP\u201d"},"content":{"rendered":"<p>Nanon\u00f5elad on NANOASIA poolt v\u00e4lja t\u00f6\u00f6tatud revolutsiooniline tehnoloogia.<\/p>\n<p>Nanon\u00f5elad on NANOASIA kaubam\u00e4rgi suur eelis, kuna nanon\u00f5elad aitavad aktiivselt kaasa k\u00f5ikide nahakihtide uuenemisele.<\/p>\n<p>Toodete regulaarne kasutamine parandab m\u00e4rgatavalt naha tekstuuri ja seisundit ning v\u00e4hendab akne tagaj\u00e4rjel tekkinud arme. Lisab elastsust, aitab nahal uueneda, v\u00e4hendab pigmentatsiooni ja \u00fchtlustab nahatooni.<\/p>\n<p>Need on <em>must-have tooted<\/em> pigmendilaikude, kuperoosa ja rosaatsea puhul ning v\u00f5itlemaks vanusest tingitud naha muutustega. Toimeained tungivad naha s\u00fcgavamatesse kihtidesse ja toimub aktiivne rakkude uuenemine. Rakud on rikastatud ainulaadse antioks\u00fcdantse koostisega, t\u00e4nu millele suureneb naha immuunsus ja nahk muutub s\u00e4ravaks ning kiirgavaks.<\/p>\n<p>Sisaldab iselahustuvaid nanon\u00f5elasid meretaimelt Nanotip. Nende roll on &#8220;nanopunktsioonid&#8221;, t\u00e4nu millele tungivad seerumi ja kreemi koostisosad s\u00fcgavale, kuni basaalkihini ning stimuleerivad kiiret ja t\u00f5husat noorenemist, lahendades samal ajal palju muid probleeme.<\/p>\n<p>Nanon\u00f5eltega seerum koos nanon\u00f5elte kreemiga annab efekti, mis muidu oleks saavutatav s\u00fcstimise teel. \u201cNanotunnelid\u201d tekivad massaa\u017ei ja merelise p\u00e4ritoluga nanon\u00f5elte m\u00f5jul. T\u00e4nu neile tungivad koostisosad naha s\u00fcgavamatesse kihtidesse ja toimub basaalkihi keratinots\u00fc\u00fctide aktiivne proliferatsioon. Suureneb makrofaagide tootmine, t\u00e4nu fagots\u00fctoosile p\u00fc\u00fctakse kinni ja h\u00e4vitatakse vanad mittevajalikud rakud. See protsess v\u00e4hendab pigmentatsiooni, akne j\u00e4lgi ja arme ning v\u00e4hendab rosaatsea teket.<\/p>\n<p>Dermatoloogiliselt testitud. Sobilik k\u00f5ikidele nahat\u00fc\u00fcpidele. on mittekomedogeenne. Tootele v\u00e4ljastatud Euroopa sertifikaat.<\/p>\n","protected":false},"excerpt":{"rendered":"<p>Nanon\u00f5eltega seerum naha taastamiseks.<\/p>\n","protected":false},"featured_media":3375,"comment_status":"open","ping_status":"closed","template":"","meta":{"_acf_changed":false},"pwb-brand":[44],"product_brand":[],"product_cat":[61],"product_tag":[108,109,111],"class_list":{"0":"post-789","1":"product","2":"type-product","3":"status-publish","4":"has-post-thumbnail","6":"pwb-brand-nanoasia","7":"product_cat-seerumid","8":"product_tag-pigmentatsioon","9":"product_tag-rosatsea-kuperoos","10":"product_tag-vananemisvastane","12":"first","13":"instock","14":"taxable","15":"shipping-taxable","16":"purchasable","17":"product-type-simple"},"acf":[],"yoast_head":"<!-- This site is optimized with the Yoast SEO plugin v25.7 - https:\/\/yoast.com\/wordpress\/plugins\/seo\/ -->\n<title>NANON\u00d5ELTEGA SEERUM \u201cNANODESSERT WITH NANOTIP\u201d - Ilutoodete e-pood<\/title>\n<meta name=\"robots\" content=\"noindex, follow, max-snippet:-1, max-image-preview:large, max-video-preview:-1\" \/>\n<meta property=\"og:locale\" content=\"et_EE\" \/>\n<meta property=\"og:type\" content=\"article\" \/>\n<meta property=\"og:title\" content=\"NANON\u00d5ELTEGA SEERUM \u201cNANODESSERT WITH NANOTIP\u201d - Ilutoodete e-pood\" \/>\n<meta property=\"og:description\" content=\"Nanon\u00f5eltega seerum naha taastamiseks.\" \/>\n<meta property=\"og:url\" content=\"https:\/\/old.kosmetoloog.ee\/toode\/nanodessert-nanotip-serum\/\" \/>\n<meta property=\"og:site_name\" content=\"Ilutoodete e-pood\" \/>\n<meta property=\"article:modified_time\" content=\"2023-10-17T18:37:07+00:00\" \/>\n<meta property=\"og:image\" content=\"https:\/\/old.kosmetoloog.ee\/wp-content\/uploads\/2023\/09\/IMG_0438.jpg\" \/>\n\t<meta property=\"og:image:width\" content=\"1080\" \/>\n\t<meta property=\"og:image:height\" content=\"1080\" \/>\n\t<meta property=\"og:image:type\" content=\"image\/jpeg\" \/>\n<meta name=\"twitter:card\" content=\"summary_large_image\" \/>\n<meta name=\"twitter:label1\" content=\"Est. reading time\" \/>\n\t<meta name=\"twitter:data1\" content=\"1 minut\" \/>\n<script type=\"application\/ld+json\" class=\"yoast-schema-graph\">{\"@context\":\"https:\/\/schema.org\",\"@graph\":[{\"@type\":\"WebPage\",\"@id\":\"https:\/\/old.kosmetoloog.ee\/toode\/nanodessert-nanotip-serum\/\",\"url\":\"https:\/\/old.kosmetoloog.ee\/toode\/nanodessert-nanotip-serum\/\",\"name\":\"NANON\u00d5ELTEGA SEERUM \u201cNANODESSERT WITH NANOTIP\u201d - Ilutoodete e-pood\",\"isPartOf\":{\"@id\":\"https:\/\/old.kosmetoloog.ee\/#website\"},\"primaryImageOfPage\":{\"@id\":\"https:\/\/old.kosmetoloog.ee\/toode\/nanodessert-nanotip-serum\/#primaryimage\"},\"image\":{\"@id\":\"https:\/\/old.kosmetoloog.ee\/toode\/nanodessert-nanotip-serum\/#primaryimage\"},\"thumbnailUrl\":\"https:\/\/old.kosmetoloog.ee\/wp-content\/uploads\/2023\/09\/IMG_0438.jpg\",\"datePublished\":\"2023-09-12T15:53:07+00:00\",\"dateModified\":\"2023-10-17T18:37:07+00:00\",\"breadcrumb\":{\"@id\":\"https:\/\/old.kosmetoloog.ee\/toode\/nanodessert-nanotip-serum\/#breadcrumb\"},\"inLanguage\":\"et\",\"potentialAction\":[{\"@type\":\"ReadAction\",\"target\":[\"https:\/\/old.kosmetoloog.ee\/toode\/nanodessert-nanotip-serum\/\"]}]},{\"@type\":\"ImageObject\",\"inLanguage\":\"et\",\"@id\":\"https:\/\/old.kosmetoloog.ee\/toode\/nanodessert-nanotip-serum\/#primaryimage\",\"url\":\"https:\/\/old.kosmetoloog.ee\/wp-content\/uploads\/2023\/09\/IMG_0438.jpg\",\"contentUrl\":\"https:\/\/old.kosmetoloog.ee\/wp-content\/uploads\/2023\/09\/IMG_0438.jpg\",\"width\":1080,\"height\":1080},{\"@type\":\"BreadcrumbList\",\"@id\":\"https:\/\/old.kosmetoloog.ee\/toode\/nanodessert-nanotip-serum\/#breadcrumb\",\"itemListElement\":[{\"@type\":\"ListItem\",\"position\":1,\"name\":\"Home\",\"item\":\"https:\/\/old.kosmetoloog.ee\/et\/\"},{\"@type\":\"ListItem\",\"position\":2,\"name\":\"Pood\",\"item\":\"https:\/\/old.kosmetoloog.ee\/et\/pood\/\"},{\"@type\":\"ListItem\",\"position\":3,\"name\":\"NANON\u00d5ELTEGA SEERUM \u201cNANODESSERT WITH NANOTIP\u201d\"}]},{\"@type\":\"WebSite\",\"@id\":\"https:\/\/old.kosmetoloog.ee\/#website\",\"url\":\"https:\/\/old.kosmetoloog.ee\/\",\"name\":\"Ilutoodete e-pood\",\"description\":\"Kosmeetika pood\",\"publisher\":{\"@id\":\"https:\/\/old.kosmetoloog.ee\/#organization\"},\"potentialAction\":[{\"@type\":\"SearchAction\",\"target\":{\"@type\":\"EntryPoint\",\"urlTemplate\":\"https:\/\/old.kosmetoloog.ee\/?s={search_term_string}\"},\"query-input\":{\"@type\":\"PropertyValueSpecification\",\"valueRequired\":true,\"valueName\":\"search_term_string\"}}],\"inLanguage\":\"et\"},{\"@type\":\"Organization\",\"@id\":\"https:\/\/old.kosmetoloog.ee\/#organization\",\"name\":\"You are You O\u00dc\",\"url\":\"https:\/\/old.kosmetoloog.ee\/\",\"logo\":{\"@type\":\"ImageObject\",\"inLanguage\":\"et\",\"@id\":\"https:\/\/old.kosmetoloog.ee\/#\/schema\/logo\/image\/\",\"url\":\"https:\/\/old.kosmetoloog.ee\/wp-content\/uploads\/2023\/08\/logo-1.png\",\"contentUrl\":\"https:\/\/old.kosmetoloog.ee\/wp-content\/uploads\/2023\/08\/logo-1.png\",\"width\":1200,\"height\":964,\"caption\":\"You are You O\u00dc\"},\"image\":{\"@id\":\"https:\/\/old.kosmetoloog.ee\/#\/schema\/logo\/image\/\"}}]}<\/script>\n<!-- \/ Yoast SEO plugin. -->","yoast_head_json":{"title":"NANON\u00d5ELTEGA SEERUM \u201cNANODESSERT WITH NANOTIP\u201d - Ilutoodete e-pood","robots":{"index":"noindex","follow":"follow","max-snippet":"max-snippet:-1","max-image-preview":"max-image-preview:large","max-video-preview":"max-video-preview:-1"},"og_locale":"et_EE","og_type":"article","og_title":"NANON\u00d5ELTEGA SEERUM \u201cNANODESSERT WITH NANOTIP\u201d - Ilutoodete e-pood","og_description":"Nanon\u00f5eltega seerum naha taastamiseks.","og_url":"https:\/\/old.kosmetoloog.ee\/toode\/nanodessert-nanotip-serum\/","og_site_name":"Ilutoodete e-pood","article_modified_time":"2023-10-17T18:37:07+00:00","og_image":[{"width":1080,"height":1080,"url":"https:\/\/old.kosmetoloog.ee\/wp-content\/uploads\/2023\/09\/IMG_0438.jpg","type":"image\/jpeg"}],"twitter_card":"summary_large_image","twitter_misc":{"Est. reading time":"1 minut"},"schema":{"@context":"https:\/\/schema.org","@graph":[{"@type":"WebPage","@id":"https:\/\/old.kosmetoloog.ee\/toode\/nanodessert-nanotip-serum\/","url":"https:\/\/old.kosmetoloog.ee\/toode\/nanodessert-nanotip-serum\/","name":"NANON\u00d5ELTEGA SEERUM \u201cNANODESSERT WITH NANOTIP\u201d - Ilutoodete e-pood","isPartOf":{"@id":"https:\/\/old.kosmetoloog.ee\/#website"},"primaryImageOfPage":{"@id":"https:\/\/old.kosmetoloog.ee\/toode\/nanodessert-nanotip-serum\/#primaryimage"},"image":{"@id":"https:\/\/old.kosmetoloog.ee\/toode\/nanodessert-nanotip-serum\/#primaryimage"},"thumbnailUrl":"https:\/\/old.kosmetoloog.ee\/wp-content\/uploads\/2023\/09\/IMG_0438.jpg","datePublished":"2023-09-12T15:53:07+00:00","dateModified":"2023-10-17T18:37:07+00:00","breadcrumb":{"@id":"https:\/\/old.kosmetoloog.ee\/toode\/nanodessert-nanotip-serum\/#breadcrumb"},"inLanguage":"et","potentialAction":[{"@type":"ReadAction","target":["https:\/\/old.kosmetoloog.ee\/toode\/nanodessert-nanotip-serum\/"]}]},{"@type":"ImageObject","inLanguage":"et","@id":"https:\/\/old.kosmetoloog.ee\/toode\/nanodessert-nanotip-serum\/#primaryimage","url":"https:\/\/old.kosmetoloog.ee\/wp-content\/uploads\/2023\/09\/IMG_0438.jpg","contentUrl":"https:\/\/old.kosmetoloog.ee\/wp-content\/uploads\/2023\/09\/IMG_0438.jpg","width":1080,"height":1080},{"@type":"BreadcrumbList","@id":"https:\/\/old.kosmetoloog.ee\/toode\/nanodessert-nanotip-serum\/#breadcrumb","itemListElement":[{"@type":"ListItem","position":1,"name":"Home","item":"https:\/\/old.kosmetoloog.ee\/et\/"},{"@type":"ListItem","position":2,"name":"Pood","item":"https:\/\/old.kosmetoloog.ee\/et\/pood\/"},{"@type":"ListItem","position":3,"name":"NANON\u00d5ELTEGA SEERUM \u201cNANODESSERT WITH NANOTIP\u201d"}]},{"@type":"WebSite","@id":"https:\/\/old.kosmetoloog.ee\/#website","url":"https:\/\/old.kosmetoloog.ee\/","name":"Ilutoodete e-pood","description":"Kosmeetika pood","publisher":{"@id":"https:\/\/old.kosmetoloog.ee\/#organization"},"potentialAction":[{"@type":"SearchAction","target":{"@type":"EntryPoint","urlTemplate":"https:\/\/old.kosmetoloog.ee\/?s={search_term_string}"},"query-input":{"@type":"PropertyValueSpecification","valueRequired":true,"valueName":"search_term_string"}}],"inLanguage":"et"},{"@type":"Organization","@id":"https:\/\/old.kosmetoloog.ee\/#organization","name":"You are You O\u00dc","url":"https:\/\/old.kosmetoloog.ee\/","logo":{"@type":"ImageObject","inLanguage":"et","@id":"https:\/\/old.kosmetoloog.ee\/#\/schema\/logo\/image\/","url":"https:\/\/old.kosmetoloog.ee\/wp-content\/uploads\/2023\/08\/logo-1.png","contentUrl":"https:\/\/old.kosmetoloog.ee\/wp-content\/uploads\/2023\/08\/logo-1.png","width":1200,"height":964,"caption":"You are You O\u00dc"},"image":{"@id":"https:\/\/old.kosmetoloog.ee\/#\/schema\/logo\/image\/"}}]}},"brands":[{"id":44,"name":"NANOASIA","slug":"nanoasia"}],"_links":{"self":[{"href":"https:\/\/old.kosmetoloog.ee\/et\/wp-json\/wp\/v2\/product\/789","targetHints":{"allow":["GET"]}}],"collection":[{"href":"https:\/\/old.kosmetoloog.ee\/et\/wp-json\/wp\/v2\/product"}],"about":[{"href":"https:\/\/old.kosmetoloog.ee\/et\/wp-json\/wp\/v2\/types\/product"}],"replies":[{"embeddable":true,"href":"https:\/\/old.kosmetoloog.ee\/et\/wp-json\/wp\/v2\/comments?post=789"}],"wp:featuredmedia":[{"embeddable":true,"href":"https:\/\/old.kosmetoloog.ee\/et\/wp-json\/wp\/v2\/media\/3375"}],"wp:attachment":[{"href":"https:\/\/old.kosmetoloog.ee\/et\/wp-json\/wp\/v2\/media?parent=789"}],"wp:term":[{"taxonomy":"pwb-brand","embeddable":true,"href":"https:\/\/old.kosmetoloog.ee\/et\/wp-json\/wp\/v2\/pwb-brand?post=789"},{"taxonomy":"product_brand","embeddable":true,"href":"https:\/\/old.kosmetoloog.ee\/et\/wp-json\/wp\/v2\/product_brand?post=789"},{"taxonomy":"product_cat","embeddable":true,"href":"https:\/\/old.kosmetoloog.ee\/et\/wp-json\/wp\/v2\/product_cat?post=789"},{"taxonomy":"product_tag","embeddable":true,"href":"https:\/\/old.kosmetoloog.ee\/et\/wp-json\/wp\/v2\/product_tag?post=789"}],"curies":[{"name":"wp","href":"https:\/\/api.w.org\/{rel}","templated":true}]}}