{"id":793,"date":"2023-09-12T20:38:43","date_gmt":"2023-09-12T17:38:43","guid":{"rendered":"https:\/\/uus.kosmetoloog.ee\/product\/niisutav-naokreem-my-che-face-cream\/"},"modified":"2023-10-17T18:06:59","modified_gmt":"2023-10-17T15:06:59","slug":"my-che-face-cream","status":"publish","type":"product","link":"https:\/\/old.kosmetoloog.ee\/et\/toode\/my-che-face-cream\/","title":{"rendered":"NIISUTAV N\u00c4OKREEM \u201cMY CHE FACE CREAM\u201d"},"content":{"rendered":"<p>\u201cMy Che\u201d n\u00e4okreem kaitseb naharakke vabade radikaalide, agressiivsete keskkonnategurite ja fotokahjustuste eest. Lisaks peatab naharakkude bioloogilist vananemist. Stimuleerib kollageeni ja elastiini tootmist, mille t\u00f5ttu toimub kortsude silumine. Suurendab epidermise rakkude loomulikku uuenemisv\u00f5imet. Omab eriti intensiivset niisutavat toimet. T\u00f6\u00f6tab aknej\u00e4rgsete muutustega, v\u00e4hendab naha pigmentatsiooni ning leevendab turset.<\/p>\n<p>My Che n\u00e4okreem sobib k\u00f5ikidele nahat\u00fc\u00fcpidele, nii naistele kui meestele.<\/p>\n<p>Dermatoloogiliselt testitud. Sobilik k\u00f5ikidele nahat\u00fc\u00fcpidele. on mittekomedogeenne. Tootele v\u00e4ljastatud Euroopa sertifikaat.<\/p>\n","protected":false},"excerpt":{"rendered":"<p>Ainulaadne, Euroopa nahat\u00fc\u00fcbi jaoks adapteeritud kreem, mis sisaldab 100-aastaseid \u017een\u0161enni t\u00fcvirakke, peptiide, aminohappeid, vitamiine, taimeekstrakte ja \u00f5lisid.<\/p>\n","protected":false},"featured_media":792,"comment_status":"open","ping_status":"closed","template":"","meta":{"_acf_changed":false},"pwb-brand":[44],"product_brand":[],"product_cat":[58],"product_tag":[105],"class_list":{"0":"post-793","1":"product","2":"type-product","3":"status-publish","4":"has-post-thumbnail","6":"pwb-brand-nanoasia","7":"product_cat-nao-ja-kaelakreemid","8":"product_tag-koik-naha","10":"first","11":"instock","12":"taxable","13":"shipping-taxable","14":"purchasable","15":"product-type-simple"},"acf":[],"yoast_head":"<!-- This site is optimized with the Yoast SEO plugin v25.7 - https:\/\/yoast.com\/wordpress\/plugins\/seo\/ -->\n<title>NIISUTAV N\u00c4OKREEM \u201cMY CHE FACE CREAM\u201d - Ilutoodete e-pood<\/title>\n<meta name=\"robots\" content=\"noindex, follow, max-snippet:-1, max-image-preview:large, max-video-preview:-1\" \/>\n<meta property=\"og:locale\" content=\"et_EE\" \/>\n<meta property=\"og:type\" content=\"article\" \/>\n<meta property=\"og:title\" content=\"NIISUTAV N\u00c4OKREEM \u201cMY CHE FACE CREAM\u201d - Ilutoodete e-pood\" \/>\n<meta property=\"og:description\" content=\"Ainulaadne, Euroopa nahat\u00fc\u00fcbi jaoks adapteeritud kreem, mis sisaldab 100-aastaseid \u017een\u0161enni t\u00fcvirakke, peptiide, aminohappeid, vitamiine, taimeekstrakte ja \u00f5lisid.\" \/>\n<meta property=\"og:url\" content=\"https:\/\/old.kosmetoloog.ee\/toode\/my-che-face-cream\/\" \/>\n<meta property=\"og:site_name\" content=\"Ilutoodete e-pood\" \/>\n<meta property=\"article:modified_time\" content=\"2023-10-17T15:06:59+00:00\" \/>\n<meta property=\"og:image\" content=\"https:\/\/old.kosmetoloog.ee\/wp-content\/uploads\/2023\/09\/\u041a\u0420\u0415\u041c-\u0414\u041b\u042f-\u041b\u0418\u0426\u0410-MY-CHE-FACE-CREAM.jpg\" \/>\n\t<meta property=\"og:image:width\" content=\"2423\" \/>\n\t<meta property=\"og:image:height\" content=\"2560\" \/>\n\t<meta property=\"og:image:type\" content=\"image\/jpeg\" \/>\n<meta name=\"twitter:card\" content=\"summary_large_image\" \/>\n<script type=\"application\/ld+json\" class=\"yoast-schema-graph\">{\"@context\":\"https:\/\/schema.org\",\"@graph\":[{\"@type\":\"WebPage\",\"@id\":\"https:\/\/old.kosmetoloog.ee\/toode\/my-che-face-cream\/\",\"url\":\"https:\/\/old.kosmetoloog.ee\/toode\/my-che-face-cream\/\",\"name\":\"NIISUTAV N\u00c4OKREEM \u201cMY CHE FACE CREAM\u201d - Ilutoodete e-pood\",\"isPartOf\":{\"@id\":\"https:\/\/old.kosmetoloog.ee\/#website\"},\"primaryImageOfPage\":{\"@id\":\"https:\/\/old.kosmetoloog.ee\/toode\/my-che-face-cream\/#primaryimage\"},\"image\":{\"@id\":\"https:\/\/old.kosmetoloog.ee\/toode\/my-che-face-cream\/#primaryimage\"},\"thumbnailUrl\":\"https:\/\/old.kosmetoloog.ee\/wp-content\/uploads\/2023\/09\/\u041a\u0420\u0415\u041c-\u0414\u041b\u042f-\u041b\u0418\u0426\u0410-MY-CHE-FACE-CREAM.jpg\",\"datePublished\":\"2023-09-12T17:38:43+00:00\",\"dateModified\":\"2023-10-17T15:06:59+00:00\",\"breadcrumb\":{\"@id\":\"https:\/\/old.kosmetoloog.ee\/toode\/my-che-face-cream\/#breadcrumb\"},\"inLanguage\":\"et\",\"potentialAction\":[{\"@type\":\"ReadAction\",\"target\":[\"https:\/\/old.kosmetoloog.ee\/toode\/my-che-face-cream\/\"]}]},{\"@type\":\"ImageObject\",\"inLanguage\":\"et\",\"@id\":\"https:\/\/old.kosmetoloog.ee\/toode\/my-che-face-cream\/#primaryimage\",\"url\":\"https:\/\/old.kosmetoloog.ee\/wp-content\/uploads\/2023\/09\/\u041a\u0420\u0415\u041c-\u0414\u041b\u042f-\u041b\u0418\u0426\u0410-MY-CHE-FACE-CREAM.jpg\",\"contentUrl\":\"https:\/\/old.kosmetoloog.ee\/wp-content\/uploads\/2023\/09\/\u041a\u0420\u0415\u041c-\u0414\u041b\u042f-\u041b\u0418\u0426\u0410-MY-CHE-FACE-CREAM.jpg\",\"width\":2423,\"height\":2560},{\"@type\":\"BreadcrumbList\",\"@id\":\"https:\/\/old.kosmetoloog.ee\/toode\/my-che-face-cream\/#breadcrumb\",\"itemListElement\":[{\"@type\":\"ListItem\",\"position\":1,\"name\":\"Home\",\"item\":\"https:\/\/old.kosmetoloog.ee\/et\/\"},{\"@type\":\"ListItem\",\"position\":2,\"name\":\"Pood\",\"item\":\"https:\/\/old.kosmetoloog.ee\/et\/pood\/\"},{\"@type\":\"ListItem\",\"position\":3,\"name\":\"NIISUTAV N\u00c4OKREEM \u201cMY CHE FACE CREAM\u201d\"}]},{\"@type\":\"WebSite\",\"@id\":\"https:\/\/old.kosmetoloog.ee\/#website\",\"url\":\"https:\/\/old.kosmetoloog.ee\/\",\"name\":\"Ilutoodete e-pood\",\"description\":\"Kosmeetika pood\",\"publisher\":{\"@id\":\"https:\/\/old.kosmetoloog.ee\/#organization\"},\"potentialAction\":[{\"@type\":\"SearchAction\",\"target\":{\"@type\":\"EntryPoint\",\"urlTemplate\":\"https:\/\/old.kosmetoloog.ee\/?s={search_term_string}\"},\"query-input\":{\"@type\":\"PropertyValueSpecification\",\"valueRequired\":true,\"valueName\":\"search_term_string\"}}],\"inLanguage\":\"et\"},{\"@type\":\"Organization\",\"@id\":\"https:\/\/old.kosmetoloog.ee\/#organization\",\"name\":\"You are You O\u00dc\",\"url\":\"https:\/\/old.kosmetoloog.ee\/\",\"logo\":{\"@type\":\"ImageObject\",\"inLanguage\":\"et\",\"@id\":\"https:\/\/old.kosmetoloog.ee\/#\/schema\/logo\/image\/\",\"url\":\"https:\/\/old.kosmetoloog.ee\/wp-content\/uploads\/2023\/08\/logo-1.png\",\"contentUrl\":\"https:\/\/old.kosmetoloog.ee\/wp-content\/uploads\/2023\/08\/logo-1.png\",\"width\":1200,\"height\":964,\"caption\":\"You are You O\u00dc\"},\"image\":{\"@id\":\"https:\/\/old.kosmetoloog.ee\/#\/schema\/logo\/image\/\"}}]}<\/script>\n<!-- \/ Yoast SEO plugin. -->","yoast_head_json":{"title":"NIISUTAV N\u00c4OKREEM \u201cMY CHE FACE CREAM\u201d - Ilutoodete e-pood","robots":{"index":"noindex","follow":"follow","max-snippet":"max-snippet:-1","max-image-preview":"max-image-preview:large","max-video-preview":"max-video-preview:-1"},"og_locale":"et_EE","og_type":"article","og_title":"NIISUTAV N\u00c4OKREEM \u201cMY CHE FACE CREAM\u201d - Ilutoodete e-pood","og_description":"Ainulaadne, Euroopa nahat\u00fc\u00fcbi jaoks adapteeritud kreem, mis sisaldab 100-aastaseid \u017een\u0161enni t\u00fcvirakke, peptiide, aminohappeid, vitamiine, taimeekstrakte ja \u00f5lisid.","og_url":"https:\/\/old.kosmetoloog.ee\/toode\/my-che-face-cream\/","og_site_name":"Ilutoodete e-pood","article_modified_time":"2023-10-17T15:06:59+00:00","og_image":[{"width":2423,"height":2560,"url":"https:\/\/old.kosmetoloog.ee\/wp-content\/uploads\/2023\/09\/\u041a\u0420\u0415\u041c-\u0414\u041b\u042f-\u041b\u0418\u0426\u0410-MY-CHE-FACE-CREAM.jpg","type":"image\/jpeg"}],"twitter_card":"summary_large_image","schema":{"@context":"https:\/\/schema.org","@graph":[{"@type":"WebPage","@id":"https:\/\/old.kosmetoloog.ee\/toode\/my-che-face-cream\/","url":"https:\/\/old.kosmetoloog.ee\/toode\/my-che-face-cream\/","name":"NIISUTAV N\u00c4OKREEM \u201cMY CHE FACE CREAM\u201d - Ilutoodete e-pood","isPartOf":{"@id":"https:\/\/old.kosmetoloog.ee\/#website"},"primaryImageOfPage":{"@id":"https:\/\/old.kosmetoloog.ee\/toode\/my-che-face-cream\/#primaryimage"},"image":{"@id":"https:\/\/old.kosmetoloog.ee\/toode\/my-che-face-cream\/#primaryimage"},"thumbnailUrl":"https:\/\/old.kosmetoloog.ee\/wp-content\/uploads\/2023\/09\/\u041a\u0420\u0415\u041c-\u0414\u041b\u042f-\u041b\u0418\u0426\u0410-MY-CHE-FACE-CREAM.jpg","datePublished":"2023-09-12T17:38:43+00:00","dateModified":"2023-10-17T15:06:59+00:00","breadcrumb":{"@id":"https:\/\/old.kosmetoloog.ee\/toode\/my-che-face-cream\/#breadcrumb"},"inLanguage":"et","potentialAction":[{"@type":"ReadAction","target":["https:\/\/old.kosmetoloog.ee\/toode\/my-che-face-cream\/"]}]},{"@type":"ImageObject","inLanguage":"et","@id":"https:\/\/old.kosmetoloog.ee\/toode\/my-che-face-cream\/#primaryimage","url":"https:\/\/old.kosmetoloog.ee\/wp-content\/uploads\/2023\/09\/\u041a\u0420\u0415\u041c-\u0414\u041b\u042f-\u041b\u0418\u0426\u0410-MY-CHE-FACE-CREAM.jpg","contentUrl":"https:\/\/old.kosmetoloog.ee\/wp-content\/uploads\/2023\/09\/\u041a\u0420\u0415\u041c-\u0414\u041b\u042f-\u041b\u0418\u0426\u0410-MY-CHE-FACE-CREAM.jpg","width":2423,"height":2560},{"@type":"BreadcrumbList","@id":"https:\/\/old.kosmetoloog.ee\/toode\/my-che-face-cream\/#breadcrumb","itemListElement":[{"@type":"ListItem","position":1,"name":"Home","item":"https:\/\/old.kosmetoloog.ee\/et\/"},{"@type":"ListItem","position":2,"name":"Pood","item":"https:\/\/old.kosmetoloog.ee\/et\/pood\/"},{"@type":"ListItem","position":3,"name":"NIISUTAV N\u00c4OKREEM \u201cMY CHE FACE CREAM\u201d"}]},{"@type":"WebSite","@id":"https:\/\/old.kosmetoloog.ee\/#website","url":"https:\/\/old.kosmetoloog.ee\/","name":"Ilutoodete e-pood","description":"Kosmeetika pood","publisher":{"@id":"https:\/\/old.kosmetoloog.ee\/#organization"},"potentialAction":[{"@type":"SearchAction","target":{"@type":"EntryPoint","urlTemplate":"https:\/\/old.kosmetoloog.ee\/?s={search_term_string}"},"query-input":{"@type":"PropertyValueSpecification","valueRequired":true,"valueName":"search_term_string"}}],"inLanguage":"et"},{"@type":"Organization","@id":"https:\/\/old.kosmetoloog.ee\/#organization","name":"You are You O\u00dc","url":"https:\/\/old.kosmetoloog.ee\/","logo":{"@type":"ImageObject","inLanguage":"et","@id":"https:\/\/old.kosmetoloog.ee\/#\/schema\/logo\/image\/","url":"https:\/\/old.kosmetoloog.ee\/wp-content\/uploads\/2023\/08\/logo-1.png","contentUrl":"https:\/\/old.kosmetoloog.ee\/wp-content\/uploads\/2023\/08\/logo-1.png","width":1200,"height":964,"caption":"You are You O\u00dc"},"image":{"@id":"https:\/\/old.kosmetoloog.ee\/#\/schema\/logo\/image\/"}}]}},"brands":[{"id":44,"name":"NANOASIA","slug":"nanoasia"}],"_links":{"self":[{"href":"https:\/\/old.kosmetoloog.ee\/et\/wp-json\/wp\/v2\/product\/793","targetHints":{"allow":["GET"]}}],"collection":[{"href":"https:\/\/old.kosmetoloog.ee\/et\/wp-json\/wp\/v2\/product"}],"about":[{"href":"https:\/\/old.kosmetoloog.ee\/et\/wp-json\/wp\/v2\/types\/product"}],"replies":[{"embeddable":true,"href":"https:\/\/old.kosmetoloog.ee\/et\/wp-json\/wp\/v2\/comments?post=793"}],"wp:featuredmedia":[{"embeddable":true,"href":"https:\/\/old.kosmetoloog.ee\/et\/wp-json\/wp\/v2\/media\/792"}],"wp:attachment":[{"href":"https:\/\/old.kosmetoloog.ee\/et\/wp-json\/wp\/v2\/media?parent=793"}],"wp:term":[{"taxonomy":"pwb-brand","embeddable":true,"href":"https:\/\/old.kosmetoloog.ee\/et\/wp-json\/wp\/v2\/pwb-brand?post=793"},{"taxonomy":"product_brand","embeddable":true,"href":"https:\/\/old.kosmetoloog.ee\/et\/wp-json\/wp\/v2\/product_brand?post=793"},{"taxonomy":"product_cat","embeddable":true,"href":"https:\/\/old.kosmetoloog.ee\/et\/wp-json\/wp\/v2\/product_cat?post=793"},{"taxonomy":"product_tag","embeddable":true,"href":"https:\/\/old.kosmetoloog.ee\/et\/wp-json\/wp\/v2\/product_tag?post=793"}],"curies":[{"name":"wp","href":"https:\/\/api.w.org\/{rel}","templated":true}]}}