{"id":801,"date":"2023-09-13T11:52:20","date_gmt":"2023-09-13T08:52:20","guid":{"rendered":"https:\/\/uus.kosmetoloog.ee\/product\/lotion-sos-ebataiuslikku-vastu\/"},"modified":"2025-08-02T11:58:35","modified_gmt":"2025-08-02T08:58:35","slug":"lotion-sos-imperfections-sos-imperfections","status":"publish","type":"product","link":"https:\/\/old.kosmetoloog.ee\/et\/toode\/lotion-sos-imperfections-sos-imperfections\/","title":{"rendered":"LOTION SOS Ebat\u00e4iuslikku vastu"},"content":{"rendered":"<p>T\u00f5eline intensiivne kohalik kuivatav hooldus. See lotion puhastab vistrikud ja plekid. T\u00e4nu sihip\u00e4rasele roll&#8217;on otsale neutraliseerib see t\u00e4pselt puudused. Vaid m\u00f5ne p\u00e4evaga need puhastatakse, kuivatatakse ja korrigeeritakse. Selle koostisse integreeritud puhastavatest taimsetest toimeainetest koosnev kokteil, mis koosneb ainult eeterlikest \u00f5lidest ja taimeekstraktidest, mis on valitud ebat\u00e4iuslikkuse k\u00f5rvaldamiseks, kiirendab nende kadumist ja aktiveerib nende resorptsiooni. Vistrike suurus ja punetus v\u00e4henevad, nende arv v\u00e4heneb. Nahk on n\u00e4htavalt selgem, tervem. Nutikas r\u00e4ndtoode, mis on alati k\u00e4ep\u00e4rast, et v\u00f5idelda vistrike vastu! Vegan valem.<\/p>\n","protected":false},"excerpt":{"rendered":"<p>Looduslik, intensiivne t\u00e4pplotion akne raviks ja mustpeade eemaldamiseks.<\/p>\n","protected":false},"featured_media":796,"comment_status":"open","ping_status":"closed","template":"","meta":{"_acf_changed":false},"pwb-brand":[43],"product_brand":[],"product_cat":[64],"product_tag":[117,107,106],"class_list":{"0":"post-801","1":"product","2":"type-product","3":"status-publish","4":"has-post-thumbnail","6":"pwb-brand-phyt","7":"product_cat-kontsentraadid","8":"product_tag-kombineeritud-nahk","9":"product_tag-normaalne-nahk","10":"product_tag-rasune-nahk","12":"first","13":"outofstock","14":"taxable","15":"shipping-taxable","16":"purchasable","17":"product-type-simple"},"acf":[],"yoast_head":"<!-- This site is optimized with the Yoast SEO plugin v25.7 - https:\/\/yoast.com\/wordpress\/plugins\/seo\/ -->\n<title>LOTION SOS Ebat\u00e4iuslikku vastu - Ilutoodete e-pood<\/title>\n<meta name=\"robots\" content=\"noindex, follow, max-snippet:-1, max-image-preview:large, max-video-preview:-1\" \/>\n<meta property=\"og:locale\" content=\"et_EE\" \/>\n<meta property=\"og:type\" content=\"article\" \/>\n<meta property=\"og:title\" content=\"LOTION SOS Ebat\u00e4iuslikku vastu - Ilutoodete e-pood\" \/>\n<meta property=\"og:description\" content=\"Looduslik, intensiivne t\u00e4pplotion akne raviks ja mustpeade eemaldamiseks.\" \/>\n<meta property=\"og:url\" content=\"https:\/\/old.kosmetoloog.ee\/toode\/lotion-sos-imperfections-sos-imperfections\/\" \/>\n<meta property=\"og:site_name\" content=\"Ilutoodete e-pood\" \/>\n<meta property=\"article:modified_time\" content=\"2025-08-02T08:58:35+00:00\" \/>\n<meta property=\"og:image\" content=\"https:\/\/old.kosmetoloog.ee\/wp-content\/uploads\/2023\/09\/SOS-IMPERFECTIONS.jpg\" \/>\n\t<meta property=\"og:image:width\" content=\"900\" \/>\n\t<meta property=\"og:image:height\" content=\"900\" \/>\n\t<meta property=\"og:image:type\" content=\"image\/jpeg\" \/>\n<meta name=\"twitter:card\" content=\"summary_large_image\" \/>\n<script type=\"application\/ld+json\" class=\"yoast-schema-graph\">{\"@context\":\"https:\/\/schema.org\",\"@graph\":[{\"@type\":\"WebPage\",\"@id\":\"https:\/\/old.kosmetoloog.ee\/toode\/lotion-sos-imperfections-sos-imperfections\/\",\"url\":\"https:\/\/old.kosmetoloog.ee\/toode\/lotion-sos-imperfections-sos-imperfections\/\",\"name\":\"LOTION SOS Ebat\u00e4iuslikku vastu - Ilutoodete e-pood\",\"isPartOf\":{\"@id\":\"https:\/\/old.kosmetoloog.ee\/#website\"},\"primaryImageOfPage\":{\"@id\":\"https:\/\/old.kosmetoloog.ee\/toode\/lotion-sos-imperfections-sos-imperfections\/#primaryimage\"},\"image\":{\"@id\":\"https:\/\/old.kosmetoloog.ee\/toode\/lotion-sos-imperfections-sos-imperfections\/#primaryimage\"},\"thumbnailUrl\":\"https:\/\/old.kosmetoloog.ee\/wp-content\/uploads\/2023\/09\/SOS-IMPERFECTIONS.jpg\",\"datePublished\":\"2023-09-13T08:52:20+00:00\",\"dateModified\":\"2025-08-02T08:58:35+00:00\",\"breadcrumb\":{\"@id\":\"https:\/\/old.kosmetoloog.ee\/toode\/lotion-sos-imperfections-sos-imperfections\/#breadcrumb\"},\"inLanguage\":\"et\",\"potentialAction\":[{\"@type\":\"ReadAction\",\"target\":[\"https:\/\/old.kosmetoloog.ee\/toode\/lotion-sos-imperfections-sos-imperfections\/\"]}]},{\"@type\":\"ImageObject\",\"inLanguage\":\"et\",\"@id\":\"https:\/\/old.kosmetoloog.ee\/toode\/lotion-sos-imperfections-sos-imperfections\/#primaryimage\",\"url\":\"https:\/\/old.kosmetoloog.ee\/wp-content\/uploads\/2023\/09\/SOS-IMPERFECTIONS.jpg\",\"contentUrl\":\"https:\/\/old.kosmetoloog.ee\/wp-content\/uploads\/2023\/09\/SOS-IMPERFECTIONS.jpg\",\"width\":900,\"height\":900},{\"@type\":\"BreadcrumbList\",\"@id\":\"https:\/\/old.kosmetoloog.ee\/toode\/lotion-sos-imperfections-sos-imperfections\/#breadcrumb\",\"itemListElement\":[{\"@type\":\"ListItem\",\"position\":1,\"name\":\"Home\",\"item\":\"https:\/\/old.kosmetoloog.ee\/et\/\"},{\"@type\":\"ListItem\",\"position\":2,\"name\":\"Pood\",\"item\":\"https:\/\/old.kosmetoloog.ee\/et\/pood\/\"},{\"@type\":\"ListItem\",\"position\":3,\"name\":\"LOTION SOS Ebat\u00e4iuslikku vastu\"}]},{\"@type\":\"WebSite\",\"@id\":\"https:\/\/old.kosmetoloog.ee\/#website\",\"url\":\"https:\/\/old.kosmetoloog.ee\/\",\"name\":\"Ilutoodete e-pood\",\"description\":\"Kosmeetika pood\",\"publisher\":{\"@id\":\"https:\/\/old.kosmetoloog.ee\/#organization\"},\"potentialAction\":[{\"@type\":\"SearchAction\",\"target\":{\"@type\":\"EntryPoint\",\"urlTemplate\":\"https:\/\/old.kosmetoloog.ee\/?s={search_term_string}\"},\"query-input\":{\"@type\":\"PropertyValueSpecification\",\"valueRequired\":true,\"valueName\":\"search_term_string\"}}],\"inLanguage\":\"et\"},{\"@type\":\"Organization\",\"@id\":\"https:\/\/old.kosmetoloog.ee\/#organization\",\"name\":\"You are You O\u00dc\",\"url\":\"https:\/\/old.kosmetoloog.ee\/\",\"logo\":{\"@type\":\"ImageObject\",\"inLanguage\":\"et\",\"@id\":\"https:\/\/old.kosmetoloog.ee\/#\/schema\/logo\/image\/\",\"url\":\"https:\/\/old.kosmetoloog.ee\/wp-content\/uploads\/2023\/08\/logo-1.png\",\"contentUrl\":\"https:\/\/old.kosmetoloog.ee\/wp-content\/uploads\/2023\/08\/logo-1.png\",\"width\":1200,\"height\":964,\"caption\":\"You are You O\u00dc\"},\"image\":{\"@id\":\"https:\/\/old.kosmetoloog.ee\/#\/schema\/logo\/image\/\"}}]}<\/script>\n<!-- \/ Yoast SEO plugin. -->","yoast_head_json":{"title":"LOTION SOS Ebat\u00e4iuslikku vastu - Ilutoodete e-pood","robots":{"index":"noindex","follow":"follow","max-snippet":"max-snippet:-1","max-image-preview":"max-image-preview:large","max-video-preview":"max-video-preview:-1"},"og_locale":"et_EE","og_type":"article","og_title":"LOTION SOS Ebat\u00e4iuslikku vastu - Ilutoodete e-pood","og_description":"Looduslik, intensiivne t\u00e4pplotion akne raviks ja mustpeade eemaldamiseks.","og_url":"https:\/\/old.kosmetoloog.ee\/toode\/lotion-sos-imperfections-sos-imperfections\/","og_site_name":"Ilutoodete e-pood","article_modified_time":"2025-08-02T08:58:35+00:00","og_image":[{"width":900,"height":900,"url":"https:\/\/old.kosmetoloog.ee\/wp-content\/uploads\/2023\/09\/SOS-IMPERFECTIONS.jpg","type":"image\/jpeg"}],"twitter_card":"summary_large_image","schema":{"@context":"https:\/\/schema.org","@graph":[{"@type":"WebPage","@id":"https:\/\/old.kosmetoloog.ee\/toode\/lotion-sos-imperfections-sos-imperfections\/","url":"https:\/\/old.kosmetoloog.ee\/toode\/lotion-sos-imperfections-sos-imperfections\/","name":"LOTION SOS Ebat\u00e4iuslikku vastu - Ilutoodete e-pood","isPartOf":{"@id":"https:\/\/old.kosmetoloog.ee\/#website"},"primaryImageOfPage":{"@id":"https:\/\/old.kosmetoloog.ee\/toode\/lotion-sos-imperfections-sos-imperfections\/#primaryimage"},"image":{"@id":"https:\/\/old.kosmetoloog.ee\/toode\/lotion-sos-imperfections-sos-imperfections\/#primaryimage"},"thumbnailUrl":"https:\/\/old.kosmetoloog.ee\/wp-content\/uploads\/2023\/09\/SOS-IMPERFECTIONS.jpg","datePublished":"2023-09-13T08:52:20+00:00","dateModified":"2025-08-02T08:58:35+00:00","breadcrumb":{"@id":"https:\/\/old.kosmetoloog.ee\/toode\/lotion-sos-imperfections-sos-imperfections\/#breadcrumb"},"inLanguage":"et","potentialAction":[{"@type":"ReadAction","target":["https:\/\/old.kosmetoloog.ee\/toode\/lotion-sos-imperfections-sos-imperfections\/"]}]},{"@type":"ImageObject","inLanguage":"et","@id":"https:\/\/old.kosmetoloog.ee\/toode\/lotion-sos-imperfections-sos-imperfections\/#primaryimage","url":"https:\/\/old.kosmetoloog.ee\/wp-content\/uploads\/2023\/09\/SOS-IMPERFECTIONS.jpg","contentUrl":"https:\/\/old.kosmetoloog.ee\/wp-content\/uploads\/2023\/09\/SOS-IMPERFECTIONS.jpg","width":900,"height":900},{"@type":"BreadcrumbList","@id":"https:\/\/old.kosmetoloog.ee\/toode\/lotion-sos-imperfections-sos-imperfections\/#breadcrumb","itemListElement":[{"@type":"ListItem","position":1,"name":"Home","item":"https:\/\/old.kosmetoloog.ee\/et\/"},{"@type":"ListItem","position":2,"name":"Pood","item":"https:\/\/old.kosmetoloog.ee\/et\/pood\/"},{"@type":"ListItem","position":3,"name":"LOTION SOS Ebat\u00e4iuslikku vastu"}]},{"@type":"WebSite","@id":"https:\/\/old.kosmetoloog.ee\/#website","url":"https:\/\/old.kosmetoloog.ee\/","name":"Ilutoodete e-pood","description":"Kosmeetika pood","publisher":{"@id":"https:\/\/old.kosmetoloog.ee\/#organization"},"potentialAction":[{"@type":"SearchAction","target":{"@type":"EntryPoint","urlTemplate":"https:\/\/old.kosmetoloog.ee\/?s={search_term_string}"},"query-input":{"@type":"PropertyValueSpecification","valueRequired":true,"valueName":"search_term_string"}}],"inLanguage":"et"},{"@type":"Organization","@id":"https:\/\/old.kosmetoloog.ee\/#organization","name":"You are You O\u00dc","url":"https:\/\/old.kosmetoloog.ee\/","logo":{"@type":"ImageObject","inLanguage":"et","@id":"https:\/\/old.kosmetoloog.ee\/#\/schema\/logo\/image\/","url":"https:\/\/old.kosmetoloog.ee\/wp-content\/uploads\/2023\/08\/logo-1.png","contentUrl":"https:\/\/old.kosmetoloog.ee\/wp-content\/uploads\/2023\/08\/logo-1.png","width":1200,"height":964,"caption":"You are You O\u00dc"},"image":{"@id":"https:\/\/old.kosmetoloog.ee\/#\/schema\/logo\/image\/"}}]}},"brands":[{"id":43,"name":"PHYT'S","slug":"phyt"}],"_links":{"self":[{"href":"https:\/\/old.kosmetoloog.ee\/et\/wp-json\/wp\/v2\/product\/801","targetHints":{"allow":["GET"]}}],"collection":[{"href":"https:\/\/old.kosmetoloog.ee\/et\/wp-json\/wp\/v2\/product"}],"about":[{"href":"https:\/\/old.kosmetoloog.ee\/et\/wp-json\/wp\/v2\/types\/product"}],"replies":[{"embeddable":true,"href":"https:\/\/old.kosmetoloog.ee\/et\/wp-json\/wp\/v2\/comments?post=801"}],"wp:featuredmedia":[{"embeddable":true,"href":"https:\/\/old.kosmetoloog.ee\/et\/wp-json\/wp\/v2\/media\/796"}],"wp:attachment":[{"href":"https:\/\/old.kosmetoloog.ee\/et\/wp-json\/wp\/v2\/media?parent=801"}],"wp:term":[{"taxonomy":"pwb-brand","embeddable":true,"href":"https:\/\/old.kosmetoloog.ee\/et\/wp-json\/wp\/v2\/pwb-brand?post=801"},{"taxonomy":"product_brand","embeddable":true,"href":"https:\/\/old.kosmetoloog.ee\/et\/wp-json\/wp\/v2\/product_brand?post=801"},{"taxonomy":"product_cat","embeddable":true,"href":"https:\/\/old.kosmetoloog.ee\/et\/wp-json\/wp\/v2\/product_cat?post=801"},{"taxonomy":"product_tag","embeddable":true,"href":"https:\/\/old.kosmetoloog.ee\/et\/wp-json\/wp\/v2\/product_tag?post=801"}],"curies":[{"name":"wp","href":"https:\/\/api.w.org\/{rel}","templated":true}]}}