{"id":846,"date":"2023-09-14T14:14:56","date_gmt":"2023-09-14T11:14:56","guid":{"rendered":"https:\/\/uus.kosmetoloog.ee\/product\/juuste-losjoon-stimuleeriv\/"},"modified":"2023-10-17T17:23:40","modified_gmt":"2023-10-17T14:23:40","slug":"hair-stimulating-lotion-lotion-stimulante","status":"publish","type":"product","link":"https:\/\/old.kosmetoloog.ee\/et\/toode\/hair-stimulating-lotion-lotion-stimulante\/","title":{"rendered":"JUUSTE LOSJOON &#8220;Stimuleeriv&#8221;"},"content":{"rendered":"<p>Ampullides losjoon spirea, lutserni, musta s\u00f5stra, kaneeli ekstraktide ja eeterlike \u00f5lidega parandab peanaha mikrotsirkulatsiooni, toidab ja tugevdab juuri, rikastab vitamiinide ja mineraalidega, hoiab \u00e4ra juuste v\u00e4ljalangemist ja stimuleerib uute kasvu.<\/p>\n<p>Juuksed muutuvad tihedamaks ja elastsemaks.<\/p>\n<p>Tootel on 100% looduslik koostis ja BIO kvaliteedim\u00e4rk.<\/p>\n<p>Ei sisalda silikooni, parabeene, mineraal\u00f5lisid, pol\u00fcet\u00fcleengl\u00fckooli, fenoks\u00fcetanooli, s\u00fcnteetilisi l\u00f5hna- ja v\u00e4rvaineid, geneetiliselt muundetud komponente.<\/p>\n","protected":false},"excerpt":{"rendered":"<p>PHYT&#8217;S losjoon juustele &#8220;Stimuleeriv&#8221;<\/p>\n","protected":false},"featured_media":845,"comment_status":"open","ping_status":"closed","template":"","meta":{"_acf_changed":false},"pwb-brand":[43],"product_brand":[],"product_cat":[70],"product_tag":[119,105],"class_list":{"0":"post-846","1":"product","2":"type-product","3":"status-publish","4":"has-post-thumbnail","6":"pwb-brand-phyt","7":"product_cat-juuksehooldus","8":"product_tag-uuste-valjalangemine","9":"product_tag-koik-naha","11":"first","12":"instock","13":"taxable","14":"shipping-taxable","15":"purchasable","16":"product-type-simple"},"acf":[],"yoast_head":"<!-- This site is optimized with the Yoast SEO plugin v25.7 - https:\/\/yoast.com\/wordpress\/plugins\/seo\/ -->\n<title>JUUSTE LOSJOON &quot;Stimuleeriv&quot; - Ilutoodete e-pood<\/title>\n<meta name=\"robots\" content=\"noindex, follow, max-snippet:-1, max-image-preview:large, max-video-preview:-1\" \/>\n<meta property=\"og:locale\" content=\"et_EE\" \/>\n<meta property=\"og:type\" content=\"article\" \/>\n<meta property=\"og:title\" content=\"JUUSTE LOSJOON &quot;Stimuleeriv&quot; - Ilutoodete e-pood\" \/>\n<meta property=\"og:description\" content=\"PHYT&#039;S losjoon juustele &quot;Stimuleeriv&quot;\" \/>\n<meta property=\"og:url\" content=\"https:\/\/old.kosmetoloog.ee\/toode\/hair-stimulating-lotion-lotion-stimulante\/\" \/>\n<meta property=\"og:site_name\" content=\"Ilutoodete e-pood\" \/>\n<meta property=\"article:modified_time\" content=\"2023-10-17T14:23:40+00:00\" \/>\n<meta property=\"og:image\" content=\"https:\/\/old.kosmetoloog.ee\/wp-content\/uploads\/2023\/09\/\u043a\u0430\u043f\u0441\u0443\u043b\u044b-\u0434\u043b\u044f-\u0432\u043e\u043b\u043e\u0441.jpg\" \/>\n\t<meta property=\"og:image:width\" content=\"600\" \/>\n\t<meta property=\"og:image:height\" content=\"600\" \/>\n\t<meta property=\"og:image:type\" content=\"image\/jpeg\" \/>\n<meta name=\"twitter:card\" content=\"summary_large_image\" \/>\n<script type=\"application\/ld+json\" class=\"yoast-schema-graph\">{\"@context\":\"https:\/\/schema.org\",\"@graph\":[{\"@type\":\"WebPage\",\"@id\":\"https:\/\/old.kosmetoloog.ee\/toode\/hair-stimulating-lotion-lotion-stimulante\/\",\"url\":\"https:\/\/old.kosmetoloog.ee\/toode\/hair-stimulating-lotion-lotion-stimulante\/\",\"name\":\"JUUSTE LOSJOON \\\"Stimuleeriv\\\" - Ilutoodete e-pood\",\"isPartOf\":{\"@id\":\"https:\/\/old.kosmetoloog.ee\/#website\"},\"primaryImageOfPage\":{\"@id\":\"https:\/\/old.kosmetoloog.ee\/toode\/hair-stimulating-lotion-lotion-stimulante\/#primaryimage\"},\"image\":{\"@id\":\"https:\/\/old.kosmetoloog.ee\/toode\/hair-stimulating-lotion-lotion-stimulante\/#primaryimage\"},\"thumbnailUrl\":\"https:\/\/old.kosmetoloog.ee\/wp-content\/uploads\/2023\/09\/\u043a\u0430\u043f\u0441\u0443\u043b\u044b-\u0434\u043b\u044f-\u0432\u043e\u043b\u043e\u0441.jpg\",\"datePublished\":\"2023-09-14T11:14:56+00:00\",\"dateModified\":\"2023-10-17T14:23:40+00:00\",\"breadcrumb\":{\"@id\":\"https:\/\/old.kosmetoloog.ee\/toode\/hair-stimulating-lotion-lotion-stimulante\/#breadcrumb\"},\"inLanguage\":\"et\",\"potentialAction\":[{\"@type\":\"ReadAction\",\"target\":[\"https:\/\/old.kosmetoloog.ee\/toode\/hair-stimulating-lotion-lotion-stimulante\/\"]}]},{\"@type\":\"ImageObject\",\"inLanguage\":\"et\",\"@id\":\"https:\/\/old.kosmetoloog.ee\/toode\/hair-stimulating-lotion-lotion-stimulante\/#primaryimage\",\"url\":\"https:\/\/old.kosmetoloog.ee\/wp-content\/uploads\/2023\/09\/\u043a\u0430\u043f\u0441\u0443\u043b\u044b-\u0434\u043b\u044f-\u0432\u043e\u043b\u043e\u0441.jpg\",\"contentUrl\":\"https:\/\/old.kosmetoloog.ee\/wp-content\/uploads\/2023\/09\/\u043a\u0430\u043f\u0441\u0443\u043b\u044b-\u0434\u043b\u044f-\u0432\u043e\u043b\u043e\u0441.jpg\",\"width\":600,\"height\":600},{\"@type\":\"BreadcrumbList\",\"@id\":\"https:\/\/old.kosmetoloog.ee\/toode\/hair-stimulating-lotion-lotion-stimulante\/#breadcrumb\",\"itemListElement\":[{\"@type\":\"ListItem\",\"position\":1,\"name\":\"Home\",\"item\":\"https:\/\/old.kosmetoloog.ee\/et\/\"},{\"@type\":\"ListItem\",\"position\":2,\"name\":\"Pood\",\"item\":\"https:\/\/old.kosmetoloog.ee\/et\/pood\/\"},{\"@type\":\"ListItem\",\"position\":3,\"name\":\"JUUSTE LOSJOON &#171;Stimuleeriv&#187;\"}]},{\"@type\":\"WebSite\",\"@id\":\"https:\/\/old.kosmetoloog.ee\/#website\",\"url\":\"https:\/\/old.kosmetoloog.ee\/\",\"name\":\"Ilutoodete e-pood\",\"description\":\"Kosmeetika pood\",\"publisher\":{\"@id\":\"https:\/\/old.kosmetoloog.ee\/#organization\"},\"potentialAction\":[{\"@type\":\"SearchAction\",\"target\":{\"@type\":\"EntryPoint\",\"urlTemplate\":\"https:\/\/old.kosmetoloog.ee\/?s={search_term_string}\"},\"query-input\":{\"@type\":\"PropertyValueSpecification\",\"valueRequired\":true,\"valueName\":\"search_term_string\"}}],\"inLanguage\":\"et\"},{\"@type\":\"Organization\",\"@id\":\"https:\/\/old.kosmetoloog.ee\/#organization\",\"name\":\"You are You O\u00dc\",\"url\":\"https:\/\/old.kosmetoloog.ee\/\",\"logo\":{\"@type\":\"ImageObject\",\"inLanguage\":\"et\",\"@id\":\"https:\/\/old.kosmetoloog.ee\/#\/schema\/logo\/image\/\",\"url\":\"https:\/\/old.kosmetoloog.ee\/wp-content\/uploads\/2023\/08\/logo-1.png\",\"contentUrl\":\"https:\/\/old.kosmetoloog.ee\/wp-content\/uploads\/2023\/08\/logo-1.png\",\"width\":1200,\"height\":964,\"caption\":\"You are You O\u00dc\"},\"image\":{\"@id\":\"https:\/\/old.kosmetoloog.ee\/#\/schema\/logo\/image\/\"}}]}<\/script>\n<!-- \/ Yoast SEO plugin. -->","yoast_head_json":{"title":"JUUSTE LOSJOON \"Stimuleeriv\" - Ilutoodete e-pood","robots":{"index":"noindex","follow":"follow","max-snippet":"max-snippet:-1","max-image-preview":"max-image-preview:large","max-video-preview":"max-video-preview:-1"},"og_locale":"et_EE","og_type":"article","og_title":"JUUSTE LOSJOON \"Stimuleeriv\" - Ilutoodete e-pood","og_description":"PHYT'S losjoon juustele \"Stimuleeriv\"","og_url":"https:\/\/old.kosmetoloog.ee\/toode\/hair-stimulating-lotion-lotion-stimulante\/","og_site_name":"Ilutoodete e-pood","article_modified_time":"2023-10-17T14:23:40+00:00","og_image":[{"width":600,"height":600,"url":"https:\/\/old.kosmetoloog.ee\/wp-content\/uploads\/2023\/09\/\u043a\u0430\u043f\u0441\u0443\u043b\u044b-\u0434\u043b\u044f-\u0432\u043e\u043b\u043e\u0441.jpg","type":"image\/jpeg"}],"twitter_card":"summary_large_image","schema":{"@context":"https:\/\/schema.org","@graph":[{"@type":"WebPage","@id":"https:\/\/old.kosmetoloog.ee\/toode\/hair-stimulating-lotion-lotion-stimulante\/","url":"https:\/\/old.kosmetoloog.ee\/toode\/hair-stimulating-lotion-lotion-stimulante\/","name":"JUUSTE LOSJOON \"Stimuleeriv\" - Ilutoodete e-pood","isPartOf":{"@id":"https:\/\/old.kosmetoloog.ee\/#website"},"primaryImageOfPage":{"@id":"https:\/\/old.kosmetoloog.ee\/toode\/hair-stimulating-lotion-lotion-stimulante\/#primaryimage"},"image":{"@id":"https:\/\/old.kosmetoloog.ee\/toode\/hair-stimulating-lotion-lotion-stimulante\/#primaryimage"},"thumbnailUrl":"https:\/\/old.kosmetoloog.ee\/wp-content\/uploads\/2023\/09\/\u043a\u0430\u043f\u0441\u0443\u043b\u044b-\u0434\u043b\u044f-\u0432\u043e\u043b\u043e\u0441.jpg","datePublished":"2023-09-14T11:14:56+00:00","dateModified":"2023-10-17T14:23:40+00:00","breadcrumb":{"@id":"https:\/\/old.kosmetoloog.ee\/toode\/hair-stimulating-lotion-lotion-stimulante\/#breadcrumb"},"inLanguage":"et","potentialAction":[{"@type":"ReadAction","target":["https:\/\/old.kosmetoloog.ee\/toode\/hair-stimulating-lotion-lotion-stimulante\/"]}]},{"@type":"ImageObject","inLanguage":"et","@id":"https:\/\/old.kosmetoloog.ee\/toode\/hair-stimulating-lotion-lotion-stimulante\/#primaryimage","url":"https:\/\/old.kosmetoloog.ee\/wp-content\/uploads\/2023\/09\/\u043a\u0430\u043f\u0441\u0443\u043b\u044b-\u0434\u043b\u044f-\u0432\u043e\u043b\u043e\u0441.jpg","contentUrl":"https:\/\/old.kosmetoloog.ee\/wp-content\/uploads\/2023\/09\/\u043a\u0430\u043f\u0441\u0443\u043b\u044b-\u0434\u043b\u044f-\u0432\u043e\u043b\u043e\u0441.jpg","width":600,"height":600},{"@type":"BreadcrumbList","@id":"https:\/\/old.kosmetoloog.ee\/toode\/hair-stimulating-lotion-lotion-stimulante\/#breadcrumb","itemListElement":[{"@type":"ListItem","position":1,"name":"Home","item":"https:\/\/old.kosmetoloog.ee\/et\/"},{"@type":"ListItem","position":2,"name":"Pood","item":"https:\/\/old.kosmetoloog.ee\/et\/pood\/"},{"@type":"ListItem","position":3,"name":"JUUSTE LOSJOON &#171;Stimuleeriv&#187;"}]},{"@type":"WebSite","@id":"https:\/\/old.kosmetoloog.ee\/#website","url":"https:\/\/old.kosmetoloog.ee\/","name":"Ilutoodete e-pood","description":"Kosmeetika pood","publisher":{"@id":"https:\/\/old.kosmetoloog.ee\/#organization"},"potentialAction":[{"@type":"SearchAction","target":{"@type":"EntryPoint","urlTemplate":"https:\/\/old.kosmetoloog.ee\/?s={search_term_string}"},"query-input":{"@type":"PropertyValueSpecification","valueRequired":true,"valueName":"search_term_string"}}],"inLanguage":"et"},{"@type":"Organization","@id":"https:\/\/old.kosmetoloog.ee\/#organization","name":"You are You O\u00dc","url":"https:\/\/old.kosmetoloog.ee\/","logo":{"@type":"ImageObject","inLanguage":"et","@id":"https:\/\/old.kosmetoloog.ee\/#\/schema\/logo\/image\/","url":"https:\/\/old.kosmetoloog.ee\/wp-content\/uploads\/2023\/08\/logo-1.png","contentUrl":"https:\/\/old.kosmetoloog.ee\/wp-content\/uploads\/2023\/08\/logo-1.png","width":1200,"height":964,"caption":"You are You O\u00dc"},"image":{"@id":"https:\/\/old.kosmetoloog.ee\/#\/schema\/logo\/image\/"}}]}},"brands":[{"id":43,"name":"PHYT'S","slug":"phyt"}],"_links":{"self":[{"href":"https:\/\/old.kosmetoloog.ee\/et\/wp-json\/wp\/v2\/product\/846","targetHints":{"allow":["GET"]}}],"collection":[{"href":"https:\/\/old.kosmetoloog.ee\/et\/wp-json\/wp\/v2\/product"}],"about":[{"href":"https:\/\/old.kosmetoloog.ee\/et\/wp-json\/wp\/v2\/types\/product"}],"replies":[{"embeddable":true,"href":"https:\/\/old.kosmetoloog.ee\/et\/wp-json\/wp\/v2\/comments?post=846"}],"wp:featuredmedia":[{"embeddable":true,"href":"https:\/\/old.kosmetoloog.ee\/et\/wp-json\/wp\/v2\/media\/845"}],"wp:attachment":[{"href":"https:\/\/old.kosmetoloog.ee\/et\/wp-json\/wp\/v2\/media?parent=846"}],"wp:term":[{"taxonomy":"pwb-brand","embeddable":true,"href":"https:\/\/old.kosmetoloog.ee\/et\/wp-json\/wp\/v2\/pwb-brand?post=846"},{"taxonomy":"product_brand","embeddable":true,"href":"https:\/\/old.kosmetoloog.ee\/et\/wp-json\/wp\/v2\/product_brand?post=846"},{"taxonomy":"product_cat","embeddable":true,"href":"https:\/\/old.kosmetoloog.ee\/et\/wp-json\/wp\/v2\/product_cat?post=846"},{"taxonomy":"product_tag","embeddable":true,"href":"https:\/\/old.kosmetoloog.ee\/et\/wp-json\/wp\/v2\/product_tag?post=846"}],"curies":[{"name":"wp","href":"https:\/\/api.w.org\/{rel}","templated":true}]}}