{"id":859,"date":"2023-09-14T23:31:48","date_gmt":"2023-09-14T20:31:48","guid":{"rendered":"https:\/\/uus.kosmetoloog.ee\/product\/puhastusvaht-mousse-nettoyante\/"},"modified":"2025-08-08T09:57:36","modified_gmt":"2025-08-08T06:57:36","slug":"foam-cleanser-mousse-nettoyante","status":"publish","type":"product","link":"https:\/\/old.kosmetoloog.ee\/et\/toode\/foam-cleanser-mousse-nettoyante\/","title":{"rendered":"PUHASTUSVAHT \/ MOUSSE NETTOYANTE"},"content":{"rendered":"<p>Toode hoolikalt eemaldab mustuse ja liigse rasu. Ei sisalda seepi.<\/p>\n<p>Kerged pindaktiivsed ained, mis on ravimi osa, puhastavad nahka t\u00f5husalt ilma seda kahjustamata. Puhastavate ja kokkut\u00f5mbavate omadustega teepuu, geraaniumi eeterlikud \u00f5lid ning takjas, lutserni ja kolmev\u00e4rvilise kannike ekstraktid reguleerivad rasun\u00e4\u00e4rmete sekretsiooni.<\/p>\n<p>Tootel on 100% looduslik koostis ja BIO kvaliteedim\u00e4rk. Ei sisalda laur\u00fc\u00fclsulfaati, silikooni, parabeene, mineraal\u00f5lisid, pol\u00fcet\u00fcleengl\u00fckooli, fenoks\u00fcetanooli, s\u00fcnteetilisi l\u00f5hna- ja v\u00e4rvaineid, geneetiliselt muudetud komponente.<\/p>\n","protected":false},"excerpt":{"rendered":"<p>Vaht on m\u00f5eldud kasutamiseks puhastusfaasis, mis on rasusele, aknele kalduva naha hooldamise esimene ja k\u00f5ige olulisem etapp.<\/p>\n","protected":false},"featured_media":858,"comment_status":"open","ping_status":"closed","template":"","meta":{"_acf_changed":false},"pwb-brand":[43],"product_brand":[],"product_cat":[55],"product_tag":[117,107,106],"class_list":{"0":"post-859","1":"product","2":"type-product","3":"status-publish","4":"has-post-thumbnail","6":"pwb-brand-phyt","7":"product_cat-puhastav-kosmeetika","8":"product_tag-kombineeritud-nahk","9":"product_tag-normaalne-nahk","10":"product_tag-rasune-nahk","12":"first","13":"instock","14":"taxable","15":"shipping-taxable","16":"purchasable","17":"product-type-simple"},"acf":[],"yoast_head":"<!-- This site is optimized with the Yoast SEO plugin v25.7 - https:\/\/yoast.com\/wordpress\/plugins\/seo\/ -->\n<title>PUHASTUSVAHT \/ MOUSSE NETTOYANTE - Ilutoodete e-pood<\/title>\n<meta name=\"robots\" content=\"noindex, follow, max-snippet:-1, max-image-preview:large, max-video-preview:-1\" \/>\n<meta property=\"og:locale\" content=\"et_EE\" \/>\n<meta property=\"og:type\" content=\"article\" \/>\n<meta property=\"og:title\" content=\"PUHASTUSVAHT \/ MOUSSE NETTOYANTE - Ilutoodete e-pood\" \/>\n<meta property=\"og:description\" content=\"Vaht on m\u00f5eldud kasutamiseks puhastusfaasis, mis on rasusele, aknele kalduva naha hooldamise esimene ja k\u00f5ige olulisem etapp.\" \/>\n<meta property=\"og:url\" content=\"https:\/\/old.kosmetoloog.ee\/toode\/foam-cleanser-mousse-nettoyante\/\" \/>\n<meta property=\"og:site_name\" content=\"Ilutoodete e-pood\" \/>\n<meta property=\"article:modified_time\" content=\"2025-08-08T06:57:36+00:00\" \/>\n<meta property=\"og:image\" content=\"https:\/\/old.kosmetoloog.ee\/wp-content\/uploads\/2023\/09\/MOUSSE-NETTOYANTE-PURETE-WEB.jpg\" \/>\n\t<meta property=\"og:image:width\" content=\"900\" \/>\n\t<meta property=\"og:image:height\" content=\"900\" \/>\n\t<meta property=\"og:image:type\" content=\"image\/jpeg\" \/>\n<meta name=\"twitter:card\" content=\"summary_large_image\" \/>\n<script type=\"application\/ld+json\" class=\"yoast-schema-graph\">{\"@context\":\"https:\/\/schema.org\",\"@graph\":[{\"@type\":\"WebPage\",\"@id\":\"https:\/\/old.kosmetoloog.ee\/toode\/foam-cleanser-mousse-nettoyante\/\",\"url\":\"https:\/\/old.kosmetoloog.ee\/toode\/foam-cleanser-mousse-nettoyante\/\",\"name\":\"PUHASTUSVAHT \/ MOUSSE NETTOYANTE - Ilutoodete e-pood\",\"isPartOf\":{\"@id\":\"https:\/\/old.kosmetoloog.ee\/#website\"},\"primaryImageOfPage\":{\"@id\":\"https:\/\/old.kosmetoloog.ee\/toode\/foam-cleanser-mousse-nettoyante\/#primaryimage\"},\"image\":{\"@id\":\"https:\/\/old.kosmetoloog.ee\/toode\/foam-cleanser-mousse-nettoyante\/#primaryimage\"},\"thumbnailUrl\":\"https:\/\/old.kosmetoloog.ee\/wp-content\/uploads\/2023\/09\/MOUSSE-NETTOYANTE-PURETE-WEB.jpg\",\"datePublished\":\"2023-09-14T20:31:48+00:00\",\"dateModified\":\"2025-08-08T06:57:36+00:00\",\"breadcrumb\":{\"@id\":\"https:\/\/old.kosmetoloog.ee\/toode\/foam-cleanser-mousse-nettoyante\/#breadcrumb\"},\"inLanguage\":\"et\",\"potentialAction\":[{\"@type\":\"ReadAction\",\"target\":[\"https:\/\/old.kosmetoloog.ee\/toode\/foam-cleanser-mousse-nettoyante\/\"]}]},{\"@type\":\"ImageObject\",\"inLanguage\":\"et\",\"@id\":\"https:\/\/old.kosmetoloog.ee\/toode\/foam-cleanser-mousse-nettoyante\/#primaryimage\",\"url\":\"https:\/\/old.kosmetoloog.ee\/wp-content\/uploads\/2023\/09\/MOUSSE-NETTOYANTE-PURETE-WEB.jpg\",\"contentUrl\":\"https:\/\/old.kosmetoloog.ee\/wp-content\/uploads\/2023\/09\/MOUSSE-NETTOYANTE-PURETE-WEB.jpg\",\"width\":900,\"height\":900},{\"@type\":\"BreadcrumbList\",\"@id\":\"https:\/\/old.kosmetoloog.ee\/toode\/foam-cleanser-mousse-nettoyante\/#breadcrumb\",\"itemListElement\":[{\"@type\":\"ListItem\",\"position\":1,\"name\":\"Home\",\"item\":\"https:\/\/old.kosmetoloog.ee\/et\/\"},{\"@type\":\"ListItem\",\"position\":2,\"name\":\"Pood\",\"item\":\"https:\/\/old.kosmetoloog.ee\/et\/pood\/\"},{\"@type\":\"ListItem\",\"position\":3,\"name\":\"PUHASTUSVAHT \/ MOUSSE NETTOYANTE\"}]},{\"@type\":\"WebSite\",\"@id\":\"https:\/\/old.kosmetoloog.ee\/#website\",\"url\":\"https:\/\/old.kosmetoloog.ee\/\",\"name\":\"Ilutoodete e-pood\",\"description\":\"Kosmeetika pood\",\"publisher\":{\"@id\":\"https:\/\/old.kosmetoloog.ee\/#organization\"},\"potentialAction\":[{\"@type\":\"SearchAction\",\"target\":{\"@type\":\"EntryPoint\",\"urlTemplate\":\"https:\/\/old.kosmetoloog.ee\/?s={search_term_string}\"},\"query-input\":{\"@type\":\"PropertyValueSpecification\",\"valueRequired\":true,\"valueName\":\"search_term_string\"}}],\"inLanguage\":\"et\"},{\"@type\":\"Organization\",\"@id\":\"https:\/\/old.kosmetoloog.ee\/#organization\",\"name\":\"You are You O\u00dc\",\"url\":\"https:\/\/old.kosmetoloog.ee\/\",\"logo\":{\"@type\":\"ImageObject\",\"inLanguage\":\"et\",\"@id\":\"https:\/\/old.kosmetoloog.ee\/#\/schema\/logo\/image\/\",\"url\":\"https:\/\/old.kosmetoloog.ee\/wp-content\/uploads\/2023\/08\/logo-1.png\",\"contentUrl\":\"https:\/\/old.kosmetoloog.ee\/wp-content\/uploads\/2023\/08\/logo-1.png\",\"width\":1200,\"height\":964,\"caption\":\"You are You O\u00dc\"},\"image\":{\"@id\":\"https:\/\/old.kosmetoloog.ee\/#\/schema\/logo\/image\/\"}}]}<\/script>\n<!-- \/ Yoast SEO plugin. -->","yoast_head_json":{"title":"PUHASTUSVAHT \/ MOUSSE NETTOYANTE - Ilutoodete e-pood","robots":{"index":"noindex","follow":"follow","max-snippet":"max-snippet:-1","max-image-preview":"max-image-preview:large","max-video-preview":"max-video-preview:-1"},"og_locale":"et_EE","og_type":"article","og_title":"PUHASTUSVAHT \/ MOUSSE NETTOYANTE - Ilutoodete e-pood","og_description":"Vaht on m\u00f5eldud kasutamiseks puhastusfaasis, mis on rasusele, aknele kalduva naha hooldamise esimene ja k\u00f5ige olulisem etapp.","og_url":"https:\/\/old.kosmetoloog.ee\/toode\/foam-cleanser-mousse-nettoyante\/","og_site_name":"Ilutoodete e-pood","article_modified_time":"2025-08-08T06:57:36+00:00","og_image":[{"width":900,"height":900,"url":"https:\/\/old.kosmetoloog.ee\/wp-content\/uploads\/2023\/09\/MOUSSE-NETTOYANTE-PURETE-WEB.jpg","type":"image\/jpeg"}],"twitter_card":"summary_large_image","schema":{"@context":"https:\/\/schema.org","@graph":[{"@type":"WebPage","@id":"https:\/\/old.kosmetoloog.ee\/toode\/foam-cleanser-mousse-nettoyante\/","url":"https:\/\/old.kosmetoloog.ee\/toode\/foam-cleanser-mousse-nettoyante\/","name":"PUHASTUSVAHT \/ MOUSSE NETTOYANTE - Ilutoodete e-pood","isPartOf":{"@id":"https:\/\/old.kosmetoloog.ee\/#website"},"primaryImageOfPage":{"@id":"https:\/\/old.kosmetoloog.ee\/toode\/foam-cleanser-mousse-nettoyante\/#primaryimage"},"image":{"@id":"https:\/\/old.kosmetoloog.ee\/toode\/foam-cleanser-mousse-nettoyante\/#primaryimage"},"thumbnailUrl":"https:\/\/old.kosmetoloog.ee\/wp-content\/uploads\/2023\/09\/MOUSSE-NETTOYANTE-PURETE-WEB.jpg","datePublished":"2023-09-14T20:31:48+00:00","dateModified":"2025-08-08T06:57:36+00:00","breadcrumb":{"@id":"https:\/\/old.kosmetoloog.ee\/toode\/foam-cleanser-mousse-nettoyante\/#breadcrumb"},"inLanguage":"et","potentialAction":[{"@type":"ReadAction","target":["https:\/\/old.kosmetoloog.ee\/toode\/foam-cleanser-mousse-nettoyante\/"]}]},{"@type":"ImageObject","inLanguage":"et","@id":"https:\/\/old.kosmetoloog.ee\/toode\/foam-cleanser-mousse-nettoyante\/#primaryimage","url":"https:\/\/old.kosmetoloog.ee\/wp-content\/uploads\/2023\/09\/MOUSSE-NETTOYANTE-PURETE-WEB.jpg","contentUrl":"https:\/\/old.kosmetoloog.ee\/wp-content\/uploads\/2023\/09\/MOUSSE-NETTOYANTE-PURETE-WEB.jpg","width":900,"height":900},{"@type":"BreadcrumbList","@id":"https:\/\/old.kosmetoloog.ee\/toode\/foam-cleanser-mousse-nettoyante\/#breadcrumb","itemListElement":[{"@type":"ListItem","position":1,"name":"Home","item":"https:\/\/old.kosmetoloog.ee\/et\/"},{"@type":"ListItem","position":2,"name":"Pood","item":"https:\/\/old.kosmetoloog.ee\/et\/pood\/"},{"@type":"ListItem","position":3,"name":"PUHASTUSVAHT \/ MOUSSE NETTOYANTE"}]},{"@type":"WebSite","@id":"https:\/\/old.kosmetoloog.ee\/#website","url":"https:\/\/old.kosmetoloog.ee\/","name":"Ilutoodete e-pood","description":"Kosmeetika pood","publisher":{"@id":"https:\/\/old.kosmetoloog.ee\/#organization"},"potentialAction":[{"@type":"SearchAction","target":{"@type":"EntryPoint","urlTemplate":"https:\/\/old.kosmetoloog.ee\/?s={search_term_string}"},"query-input":{"@type":"PropertyValueSpecification","valueRequired":true,"valueName":"search_term_string"}}],"inLanguage":"et"},{"@type":"Organization","@id":"https:\/\/old.kosmetoloog.ee\/#organization","name":"You are You O\u00dc","url":"https:\/\/old.kosmetoloog.ee\/","logo":{"@type":"ImageObject","inLanguage":"et","@id":"https:\/\/old.kosmetoloog.ee\/#\/schema\/logo\/image\/","url":"https:\/\/old.kosmetoloog.ee\/wp-content\/uploads\/2023\/08\/logo-1.png","contentUrl":"https:\/\/old.kosmetoloog.ee\/wp-content\/uploads\/2023\/08\/logo-1.png","width":1200,"height":964,"caption":"You are You O\u00dc"},"image":{"@id":"https:\/\/old.kosmetoloog.ee\/#\/schema\/logo\/image\/"}}]}},"brands":[{"id":43,"name":"PHYT'S","slug":"phyt"}],"_links":{"self":[{"href":"https:\/\/old.kosmetoloog.ee\/et\/wp-json\/wp\/v2\/product\/859","targetHints":{"allow":["GET"]}}],"collection":[{"href":"https:\/\/old.kosmetoloog.ee\/et\/wp-json\/wp\/v2\/product"}],"about":[{"href":"https:\/\/old.kosmetoloog.ee\/et\/wp-json\/wp\/v2\/types\/product"}],"replies":[{"embeddable":true,"href":"https:\/\/old.kosmetoloog.ee\/et\/wp-json\/wp\/v2\/comments?post=859"}],"wp:featuredmedia":[{"embeddable":true,"href":"https:\/\/old.kosmetoloog.ee\/et\/wp-json\/wp\/v2\/media\/858"}],"wp:attachment":[{"href":"https:\/\/old.kosmetoloog.ee\/et\/wp-json\/wp\/v2\/media?parent=859"}],"wp:term":[{"taxonomy":"pwb-brand","embeddable":true,"href":"https:\/\/old.kosmetoloog.ee\/et\/wp-json\/wp\/v2\/pwb-brand?post=859"},{"taxonomy":"product_brand","embeddable":true,"href":"https:\/\/old.kosmetoloog.ee\/et\/wp-json\/wp\/v2\/product_brand?post=859"},{"taxonomy":"product_cat","embeddable":true,"href":"https:\/\/old.kosmetoloog.ee\/et\/wp-json\/wp\/v2\/product_cat?post=859"},{"taxonomy":"product_tag","embeddable":true,"href":"https:\/\/old.kosmetoloog.ee\/et\/wp-json\/wp\/v2\/product_tag?post=859"}],"curies":[{"name":"wp","href":"https:\/\/api.w.org\/{rel}","templated":true}]}}