{"id":896,"date":"2023-09-15T13:21:48","date_gmt":"2023-09-15T10:21:48","guid":{"rendered":"https:\/\/uus.kosmetoloog.ee\/product\/kreem-niisutus-ja-kaitse\/"},"modified":"2024-11-30T12:20:22","modified_gmt":"2024-11-30T10:20:22","slug":"kreem-kaitse-ja-niisutus-soin-hydra-protecteur","status":"publish","type":"product","link":"https:\/\/old.kosmetoloog.ee\/et\/toode\/kreem-kaitse-ja-niisutus-soin-hydra-protecteur\/","title":{"rendered":"KREEM NIISUTUS JA KAITSE"},"content":{"rendered":"<p>Kerge konsistentsiga m\u00f5nus kreem, mis s\u00e4ilitab naha veetasakaalu, pehmendab seda, \u00fchtlustab tooni, andes n\u00e4ole terve ja hoolitsetud v\u00e4limuse. Ideaalne meigialus.<\/p>\n<p>Kaneeli, m\u00f5ruapelsini, raudrohi, estragoni ja sandlipuu eeterlike \u00f5lide kompleks parandab mikrotsirkulatsiooni. Kreem omab antiseptilise toimega. Aaloe ekstraktil on niisutavad omadused. P\u00e4evalille- ja sarapuup\u00e4hkli\u00f5lid toidavad ja pehmendavad nahka. E-vitamiin, mis on looduslik antioks\u00fcdant, suurendab kreemi kaitsvat toimet.<\/p>\n<p>Soovitatav normaalsele nahale.<\/p>\n<p>Toode on 100% loodusliku koostisega, selle kvaliteet vastab Cosmebio standardi n\u00f5uetele. Ei sisalda silikoone, mineraal\u00f5lisid, pol\u00fcet\u00fcleengl\u00fckooli, fenoks\u00fcetanooli, s\u00fcnteetilisi l\u00f5hnaaineid, geneetiliselt muudetud komponente.<\/p>\n<p>&nbsp;<\/p>\n","protected":false},"excerpt":{"rendered":"<p>Kerge konsistentsiga kreem naha niiskustasakaalu s\u00e4ilitamiseks.<\/p>\n","protected":false},"featured_media":894,"comment_status":"open","ping_status":"closed","template":"","meta":{"_acf_changed":false},"pwb-brand":[43],"product_brand":[],"product_cat":[58],"product_tag":[105],"class_list":{"0":"post-896","1":"product","2":"type-product","3":"status-publish","4":"has-post-thumbnail","6":"pwb-brand-phyt","7":"product_cat-nao-ja-kaelakreemid","8":"product_tag-koik-naha","10":"first","11":"outofstock","12":"taxable","13":"shipping-taxable","14":"purchasable","15":"product-type-simple"},"acf":[],"yoast_head":"<!-- This site is optimized with the Yoast SEO plugin v25.7 - https:\/\/yoast.com\/wordpress\/plugins\/seo\/ -->\n<title>KREEM NIISUTUS JA KAITSE - Ilutoodete e-pood<\/title>\n<meta name=\"robots\" content=\"noindex, follow, max-snippet:-1, max-image-preview:large, max-video-preview:-1\" \/>\n<meta property=\"og:locale\" content=\"et_EE\" \/>\n<meta property=\"og:type\" content=\"article\" \/>\n<meta property=\"og:title\" content=\"KREEM NIISUTUS JA KAITSE - Ilutoodete e-pood\" \/>\n<meta property=\"og:description\" content=\"Kerge konsistentsiga kreem naha niiskustasakaalu s\u00e4ilitamiseks.\" \/>\n<meta property=\"og:url\" content=\"https:\/\/old.kosmetoloog.ee\/et\/toode\/kreem-kaitse-ja-niisutus-soin-hydra-protecteur\/\" \/>\n<meta property=\"og:site_name\" content=\"Ilutoodete e-pood\" \/>\n<meta property=\"article:modified_time\" content=\"2024-11-30T10:20:22+00:00\" \/>\n<meta property=\"og:image\" content=\"https:\/\/old.kosmetoloog.ee\/wp-content\/uploads\/2023\/09\/SOIN-HYDRA-PROTECTEUR.jpg\" \/>\n\t<meta property=\"og:image:width\" content=\"2048\" \/>\n\t<meta property=\"og:image:height\" content=\"2048\" \/>\n\t<meta property=\"og:image:type\" content=\"image\/jpeg\" \/>\n<meta name=\"twitter:card\" content=\"summary_large_image\" \/>\n<script type=\"application\/ld+json\" class=\"yoast-schema-graph\">{\"@context\":\"https:\/\/schema.org\",\"@graph\":[{\"@type\":\"WebPage\",\"@id\":\"https:\/\/old.kosmetoloog.ee\/et\/toode\/kreem-kaitse-ja-niisutus-soin-hydra-protecteur\/\",\"url\":\"https:\/\/old.kosmetoloog.ee\/et\/toode\/kreem-kaitse-ja-niisutus-soin-hydra-protecteur\/\",\"name\":\"KREEM NIISUTUS JA KAITSE - Ilutoodete e-pood\",\"isPartOf\":{\"@id\":\"https:\/\/old.kosmetoloog.ee\/#website\"},\"primaryImageOfPage\":{\"@id\":\"https:\/\/old.kosmetoloog.ee\/et\/toode\/kreem-kaitse-ja-niisutus-soin-hydra-protecteur\/#primaryimage\"},\"image\":{\"@id\":\"https:\/\/old.kosmetoloog.ee\/et\/toode\/kreem-kaitse-ja-niisutus-soin-hydra-protecteur\/#primaryimage\"},\"thumbnailUrl\":\"https:\/\/old.kosmetoloog.ee\/wp-content\/uploads\/2023\/09\/SOIN-HYDRA-PROTECTEUR.jpg\",\"datePublished\":\"2023-09-15T10:21:48+00:00\",\"dateModified\":\"2024-11-30T10:20:22+00:00\",\"breadcrumb\":{\"@id\":\"https:\/\/old.kosmetoloog.ee\/et\/toode\/kreem-kaitse-ja-niisutus-soin-hydra-protecteur\/#breadcrumb\"},\"inLanguage\":\"et\",\"potentialAction\":[{\"@type\":\"ReadAction\",\"target\":[\"https:\/\/old.kosmetoloog.ee\/et\/toode\/kreem-kaitse-ja-niisutus-soin-hydra-protecteur\/\"]}]},{\"@type\":\"ImageObject\",\"inLanguage\":\"et\",\"@id\":\"https:\/\/old.kosmetoloog.ee\/et\/toode\/kreem-kaitse-ja-niisutus-soin-hydra-protecteur\/#primaryimage\",\"url\":\"https:\/\/old.kosmetoloog.ee\/wp-content\/uploads\/2023\/09\/SOIN-HYDRA-PROTECTEUR.jpg\",\"contentUrl\":\"https:\/\/old.kosmetoloog.ee\/wp-content\/uploads\/2023\/09\/SOIN-HYDRA-PROTECTEUR.jpg\",\"width\":2048,\"height\":2048},{\"@type\":\"BreadcrumbList\",\"@id\":\"https:\/\/old.kosmetoloog.ee\/et\/toode\/kreem-kaitse-ja-niisutus-soin-hydra-protecteur\/#breadcrumb\",\"itemListElement\":[{\"@type\":\"ListItem\",\"position\":1,\"name\":\"Home\",\"item\":\"https:\/\/old.kosmetoloog.ee\/et\/\"},{\"@type\":\"ListItem\",\"position\":2,\"name\":\"Pood\",\"item\":\"https:\/\/old.kosmetoloog.ee\/et\/pood\/\"},{\"@type\":\"ListItem\",\"position\":3,\"name\":\"KREEM NIISUTUS JA KAITSE\"}]},{\"@type\":\"WebSite\",\"@id\":\"https:\/\/old.kosmetoloog.ee\/#website\",\"url\":\"https:\/\/old.kosmetoloog.ee\/\",\"name\":\"Ilutoodete e-pood\",\"description\":\"Kosmeetika pood\",\"publisher\":{\"@id\":\"https:\/\/old.kosmetoloog.ee\/#organization\"},\"potentialAction\":[{\"@type\":\"SearchAction\",\"target\":{\"@type\":\"EntryPoint\",\"urlTemplate\":\"https:\/\/old.kosmetoloog.ee\/?s={search_term_string}\"},\"query-input\":{\"@type\":\"PropertyValueSpecification\",\"valueRequired\":true,\"valueName\":\"search_term_string\"}}],\"inLanguage\":\"et\"},{\"@type\":\"Organization\",\"@id\":\"https:\/\/old.kosmetoloog.ee\/#organization\",\"name\":\"You are You O\u00dc\",\"url\":\"https:\/\/old.kosmetoloog.ee\/\",\"logo\":{\"@type\":\"ImageObject\",\"inLanguage\":\"et\",\"@id\":\"https:\/\/old.kosmetoloog.ee\/#\/schema\/logo\/image\/\",\"url\":\"https:\/\/old.kosmetoloog.ee\/wp-content\/uploads\/2023\/08\/logo-1.png\",\"contentUrl\":\"https:\/\/old.kosmetoloog.ee\/wp-content\/uploads\/2023\/08\/logo-1.png\",\"width\":1200,\"height\":964,\"caption\":\"You are You O\u00dc\"},\"image\":{\"@id\":\"https:\/\/old.kosmetoloog.ee\/#\/schema\/logo\/image\/\"}}]}<\/script>\n<!-- \/ Yoast SEO plugin. -->","yoast_head_json":{"title":"KREEM NIISUTUS JA KAITSE - Ilutoodete e-pood","robots":{"index":"noindex","follow":"follow","max-snippet":"max-snippet:-1","max-image-preview":"max-image-preview:large","max-video-preview":"max-video-preview:-1"},"og_locale":"et_EE","og_type":"article","og_title":"KREEM NIISUTUS JA KAITSE - Ilutoodete e-pood","og_description":"Kerge konsistentsiga kreem naha niiskustasakaalu s\u00e4ilitamiseks.","og_url":"https:\/\/old.kosmetoloog.ee\/et\/toode\/kreem-kaitse-ja-niisutus-soin-hydra-protecteur\/","og_site_name":"Ilutoodete e-pood","article_modified_time":"2024-11-30T10:20:22+00:00","og_image":[{"width":2048,"height":2048,"url":"https:\/\/old.kosmetoloog.ee\/wp-content\/uploads\/2023\/09\/SOIN-HYDRA-PROTECTEUR.jpg","type":"image\/jpeg"}],"twitter_card":"summary_large_image","schema":{"@context":"https:\/\/schema.org","@graph":[{"@type":"WebPage","@id":"https:\/\/old.kosmetoloog.ee\/et\/toode\/kreem-kaitse-ja-niisutus-soin-hydra-protecteur\/","url":"https:\/\/old.kosmetoloog.ee\/et\/toode\/kreem-kaitse-ja-niisutus-soin-hydra-protecteur\/","name":"KREEM NIISUTUS JA KAITSE - Ilutoodete e-pood","isPartOf":{"@id":"https:\/\/old.kosmetoloog.ee\/#website"},"primaryImageOfPage":{"@id":"https:\/\/old.kosmetoloog.ee\/et\/toode\/kreem-kaitse-ja-niisutus-soin-hydra-protecteur\/#primaryimage"},"image":{"@id":"https:\/\/old.kosmetoloog.ee\/et\/toode\/kreem-kaitse-ja-niisutus-soin-hydra-protecteur\/#primaryimage"},"thumbnailUrl":"https:\/\/old.kosmetoloog.ee\/wp-content\/uploads\/2023\/09\/SOIN-HYDRA-PROTECTEUR.jpg","datePublished":"2023-09-15T10:21:48+00:00","dateModified":"2024-11-30T10:20:22+00:00","breadcrumb":{"@id":"https:\/\/old.kosmetoloog.ee\/et\/toode\/kreem-kaitse-ja-niisutus-soin-hydra-protecteur\/#breadcrumb"},"inLanguage":"et","potentialAction":[{"@type":"ReadAction","target":["https:\/\/old.kosmetoloog.ee\/et\/toode\/kreem-kaitse-ja-niisutus-soin-hydra-protecteur\/"]}]},{"@type":"ImageObject","inLanguage":"et","@id":"https:\/\/old.kosmetoloog.ee\/et\/toode\/kreem-kaitse-ja-niisutus-soin-hydra-protecteur\/#primaryimage","url":"https:\/\/old.kosmetoloog.ee\/wp-content\/uploads\/2023\/09\/SOIN-HYDRA-PROTECTEUR.jpg","contentUrl":"https:\/\/old.kosmetoloog.ee\/wp-content\/uploads\/2023\/09\/SOIN-HYDRA-PROTECTEUR.jpg","width":2048,"height":2048},{"@type":"BreadcrumbList","@id":"https:\/\/old.kosmetoloog.ee\/et\/toode\/kreem-kaitse-ja-niisutus-soin-hydra-protecteur\/#breadcrumb","itemListElement":[{"@type":"ListItem","position":1,"name":"Home","item":"https:\/\/old.kosmetoloog.ee\/et\/"},{"@type":"ListItem","position":2,"name":"Pood","item":"https:\/\/old.kosmetoloog.ee\/et\/pood\/"},{"@type":"ListItem","position":3,"name":"KREEM NIISUTUS JA KAITSE"}]},{"@type":"WebSite","@id":"https:\/\/old.kosmetoloog.ee\/#website","url":"https:\/\/old.kosmetoloog.ee\/","name":"Ilutoodete e-pood","description":"Kosmeetika pood","publisher":{"@id":"https:\/\/old.kosmetoloog.ee\/#organization"},"potentialAction":[{"@type":"SearchAction","target":{"@type":"EntryPoint","urlTemplate":"https:\/\/old.kosmetoloog.ee\/?s={search_term_string}"},"query-input":{"@type":"PropertyValueSpecification","valueRequired":true,"valueName":"search_term_string"}}],"inLanguage":"et"},{"@type":"Organization","@id":"https:\/\/old.kosmetoloog.ee\/#organization","name":"You are You O\u00dc","url":"https:\/\/old.kosmetoloog.ee\/","logo":{"@type":"ImageObject","inLanguage":"et","@id":"https:\/\/old.kosmetoloog.ee\/#\/schema\/logo\/image\/","url":"https:\/\/old.kosmetoloog.ee\/wp-content\/uploads\/2023\/08\/logo-1.png","contentUrl":"https:\/\/old.kosmetoloog.ee\/wp-content\/uploads\/2023\/08\/logo-1.png","width":1200,"height":964,"caption":"You are You O\u00dc"},"image":{"@id":"https:\/\/old.kosmetoloog.ee\/#\/schema\/logo\/image\/"}}]}},"brands":[{"id":43,"name":"PHYT'S","slug":"phyt"}],"_links":{"self":[{"href":"https:\/\/old.kosmetoloog.ee\/et\/wp-json\/wp\/v2\/product\/896","targetHints":{"allow":["GET"]}}],"collection":[{"href":"https:\/\/old.kosmetoloog.ee\/et\/wp-json\/wp\/v2\/product"}],"about":[{"href":"https:\/\/old.kosmetoloog.ee\/et\/wp-json\/wp\/v2\/types\/product"}],"replies":[{"embeddable":true,"href":"https:\/\/old.kosmetoloog.ee\/et\/wp-json\/wp\/v2\/comments?post=896"}],"wp:featuredmedia":[{"embeddable":true,"href":"https:\/\/old.kosmetoloog.ee\/et\/wp-json\/wp\/v2\/media\/894"}],"wp:attachment":[{"href":"https:\/\/old.kosmetoloog.ee\/et\/wp-json\/wp\/v2\/media?parent=896"}],"wp:term":[{"taxonomy":"pwb-brand","embeddable":true,"href":"https:\/\/old.kosmetoloog.ee\/et\/wp-json\/wp\/v2\/pwb-brand?post=896"},{"taxonomy":"product_brand","embeddable":true,"href":"https:\/\/old.kosmetoloog.ee\/et\/wp-json\/wp\/v2\/product_brand?post=896"},{"taxonomy":"product_cat","embeddable":true,"href":"https:\/\/old.kosmetoloog.ee\/et\/wp-json\/wp\/v2\/product_cat?post=896"},{"taxonomy":"product_tag","embeddable":true,"href":"https:\/\/old.kosmetoloog.ee\/et\/wp-json\/wp\/v2\/product_tag?post=896"}],"curies":[{"name":"wp","href":"https:\/\/api.w.org\/{rel}","templated":true}]}}