{"id":909,"date":"2023-09-15T16:43:22","date_gmt":"2023-09-15T13:43:22","guid":{"rendered":"https:\/\/uus.kosmetoloog.ee\/product\/post-epilatsiooni-kreem\/"},"modified":"2023-09-15T16:43:22","modified_gmt":"2023-09-15T13:43:22","slug":"toode-parast-epilatsioon-post-epil","status":"publish","type":"product","link":"https:\/\/old.kosmetoloog.ee\/et\/toode\/toode-parast-epilatsioon-post-epil\/","title":{"rendered":"POST EPILATSIOONI KREEM"},"content":{"rendered":"<p>Kaitseb ja rahustab p\u00e4rast epileerimist isegi v\u00e4ga tundlikku nahka, leevendab \u00e4rritust, jahutab kergelt, andes v\u00e4rskus- ja mugavustunde.<\/p>\n","protected":false},"excerpt":{"rendered":"<p>Kreem p\u00e4rast epileerimist.<\/p>\n","protected":false},"featured_media":908,"comment_status":"open","ping_status":"closed","template":"","meta":{"_acf_changed":false},"pwb-brand":[43],"product_brand":[],"product_cat":[65],"product_tag":[105],"class_list":{"0":"post-909","1":"product","2":"type-product","3":"status-publish","4":"has-post-thumbnail","6":"pwb-brand-phyt","7":"product_cat-kehahooldus","8":"product_tag-koik-naha","10":"first","11":"instock","12":"taxable","13":"shipping-taxable","14":"purchasable","15":"product-type-simple"},"acf":[],"yoast_head":"<!-- This site is optimized with the Yoast SEO plugin v25.7 - https:\/\/yoast.com\/wordpress\/plugins\/seo\/ -->\n<title>POST EPILATSIOONI KREEM - Ilutoodete e-pood<\/title>\n<meta name=\"robots\" content=\"noindex, follow, max-snippet:-1, max-image-preview:large, max-video-preview:-1\" \/>\n<meta property=\"og:locale\" content=\"et_EE\" \/>\n<meta property=\"og:type\" content=\"article\" \/>\n<meta property=\"og:title\" content=\"POST EPILATSIOONI KREEM - Ilutoodete e-pood\" \/>\n<meta property=\"og:description\" content=\"Kreem p\u00e4rast epileerimist.\" \/>\n<meta property=\"og:url\" content=\"https:\/\/old.kosmetoloog.ee\/toode\/\u0441\u0440\u0435\u0434\u0441\u0442\u0432\u043e-\u043f\u043e\u0441\u043b\u0435-\u044d\u043f\u0438\u043b\u044f\u0446\u0438\u0438-post-epil\/\" \/>\n<meta property=\"og:site_name\" content=\"Ilutoodete e-pood\" \/>\n<meta property=\"og:image\" content=\"https:\/\/old.kosmetoloog.ee\/wp-content\/uploads\/2023\/09\/POST-EPIL-411.jpg\" \/>\n\t<meta property=\"og:image:width\" content=\"900\" \/>\n\t<meta property=\"og:image:height\" content=\"900\" \/>\n\t<meta property=\"og:image:type\" content=\"image\/jpeg\" \/>\n<meta name=\"twitter:card\" content=\"summary_large_image\" \/>\n<script type=\"application\/ld+json\" class=\"yoast-schema-graph\">{\"@context\":\"https:\/\/schema.org\",\"@graph\":[{\"@type\":\"WebPage\",\"@id\":\"https:\/\/old.kosmetoloog.ee\/toode\/%d1%81%d1%80%d0%b5%d0%b4%d1%81%d1%82%d0%b2%d0%be-%d0%bf%d0%be%d1%81%d0%bb%d0%b5-%d1%8d%d0%bf%d0%b8%d0%bb%d1%8f%d1%86%d0%b8%d0%b8-post-epil\/\",\"url\":\"https:\/\/old.kosmetoloog.ee\/toode\/%d1%81%d1%80%d0%b5%d0%b4%d1%81%d1%82%d0%b2%d0%be-%d0%bf%d0%be%d1%81%d0%bb%d0%b5-%d1%8d%d0%bf%d0%b8%d0%bb%d1%8f%d1%86%d0%b8%d0%b8-post-epil\/\",\"name\":\"POST EPILATSIOONI KREEM - Ilutoodete e-pood\",\"isPartOf\":{\"@id\":\"https:\/\/old.kosmetoloog.ee\/#website\"},\"primaryImageOfPage\":{\"@id\":\"https:\/\/old.kosmetoloog.ee\/toode\/%d1%81%d1%80%d0%b5%d0%b4%d1%81%d1%82%d0%b2%d0%be-%d0%bf%d0%be%d1%81%d0%bb%d0%b5-%d1%8d%d0%bf%d0%b8%d0%bb%d1%8f%d1%86%d0%b8%d0%b8-post-epil\/#primaryimage\"},\"image\":{\"@id\":\"https:\/\/old.kosmetoloog.ee\/toode\/%d1%81%d1%80%d0%b5%d0%b4%d1%81%d1%82%d0%b2%d0%be-%d0%bf%d0%be%d1%81%d0%bb%d0%b5-%d1%8d%d0%bf%d0%b8%d0%bb%d1%8f%d1%86%d0%b8%d0%b8-post-epil\/#primaryimage\"},\"thumbnailUrl\":\"https:\/\/old.kosmetoloog.ee\/wp-content\/uploads\/2023\/09\/POST-EPIL-411.jpg\",\"datePublished\":\"2023-09-15T13:43:22+00:00\",\"breadcrumb\":{\"@id\":\"https:\/\/old.kosmetoloog.ee\/toode\/%d1%81%d1%80%d0%b5%d0%b4%d1%81%d1%82%d0%b2%d0%be-%d0%bf%d0%be%d1%81%d0%bb%d0%b5-%d1%8d%d0%bf%d0%b8%d0%bb%d1%8f%d1%86%d0%b8%d0%b8-post-epil\/#breadcrumb\"},\"inLanguage\":\"et\",\"potentialAction\":[{\"@type\":\"ReadAction\",\"target\":[\"https:\/\/old.kosmetoloog.ee\/toode\/%d1%81%d1%80%d0%b5%d0%b4%d1%81%d1%82%d0%b2%d0%be-%d0%bf%d0%be%d1%81%d0%bb%d0%b5-%d1%8d%d0%bf%d0%b8%d0%bb%d1%8f%d1%86%d0%b8%d0%b8-post-epil\/\"]}]},{\"@type\":\"ImageObject\",\"inLanguage\":\"et\",\"@id\":\"https:\/\/old.kosmetoloog.ee\/toode\/%d1%81%d1%80%d0%b5%d0%b4%d1%81%d1%82%d0%b2%d0%be-%d0%bf%d0%be%d1%81%d0%bb%d0%b5-%d1%8d%d0%bf%d0%b8%d0%bb%d1%8f%d1%86%d0%b8%d0%b8-post-epil\/#primaryimage\",\"url\":\"https:\/\/old.kosmetoloog.ee\/wp-content\/uploads\/2023\/09\/POST-EPIL-411.jpg\",\"contentUrl\":\"https:\/\/old.kosmetoloog.ee\/wp-content\/uploads\/2023\/09\/POST-EPIL-411.jpg\",\"width\":900,\"height\":900},{\"@type\":\"BreadcrumbList\",\"@id\":\"https:\/\/old.kosmetoloog.ee\/toode\/%d1%81%d1%80%d0%b5%d0%b4%d1%81%d1%82%d0%b2%d0%be-%d0%bf%d0%be%d1%81%d0%bb%d0%b5-%d1%8d%d0%bf%d0%b8%d0%bb%d1%8f%d1%86%d0%b8%d0%b8-post-epil\/#breadcrumb\",\"itemListElement\":[{\"@type\":\"ListItem\",\"position\":1,\"name\":\"Home\",\"item\":\"https:\/\/old.kosmetoloog.ee\/et\/\"},{\"@type\":\"ListItem\",\"position\":2,\"name\":\"Pood\",\"item\":\"https:\/\/old.kosmetoloog.ee\/et\/pood\/\"},{\"@type\":\"ListItem\",\"position\":3,\"name\":\"POST EPILATSIOONI KREEM\"}]},{\"@type\":\"WebSite\",\"@id\":\"https:\/\/old.kosmetoloog.ee\/#website\",\"url\":\"https:\/\/old.kosmetoloog.ee\/\",\"name\":\"Ilutoodete e-pood\",\"description\":\"Kosmeetika pood\",\"publisher\":{\"@id\":\"https:\/\/old.kosmetoloog.ee\/#organization\"},\"potentialAction\":[{\"@type\":\"SearchAction\",\"target\":{\"@type\":\"EntryPoint\",\"urlTemplate\":\"https:\/\/old.kosmetoloog.ee\/?s={search_term_string}\"},\"query-input\":{\"@type\":\"PropertyValueSpecification\",\"valueRequired\":true,\"valueName\":\"search_term_string\"}}],\"inLanguage\":\"et\"},{\"@type\":\"Organization\",\"@id\":\"https:\/\/old.kosmetoloog.ee\/#organization\",\"name\":\"You are You O\u00dc\",\"url\":\"https:\/\/old.kosmetoloog.ee\/\",\"logo\":{\"@type\":\"ImageObject\",\"inLanguage\":\"et\",\"@id\":\"https:\/\/old.kosmetoloog.ee\/#\/schema\/logo\/image\/\",\"url\":\"https:\/\/old.kosmetoloog.ee\/wp-content\/uploads\/2023\/08\/logo-1.png\",\"contentUrl\":\"https:\/\/old.kosmetoloog.ee\/wp-content\/uploads\/2023\/08\/logo-1.png\",\"width\":1200,\"height\":964,\"caption\":\"You are You O\u00dc\"},\"image\":{\"@id\":\"https:\/\/old.kosmetoloog.ee\/#\/schema\/logo\/image\/\"}}]}<\/script>\n<!-- \/ Yoast SEO plugin. -->","yoast_head_json":{"title":"POST EPILATSIOONI KREEM - Ilutoodete e-pood","robots":{"index":"noindex","follow":"follow","max-snippet":"max-snippet:-1","max-image-preview":"max-image-preview:large","max-video-preview":"max-video-preview:-1"},"og_locale":"et_EE","og_type":"article","og_title":"POST EPILATSIOONI KREEM - Ilutoodete e-pood","og_description":"Kreem p\u00e4rast epileerimist.","og_url":"https:\/\/old.kosmetoloog.ee\/toode\/\u0441\u0440\u0435\u0434\u0441\u0442\u0432\u043e-\u043f\u043e\u0441\u043b\u0435-\u044d\u043f\u0438\u043b\u044f\u0446\u0438\u0438-post-epil\/","og_site_name":"Ilutoodete e-pood","og_image":[{"width":900,"height":900,"url":"https:\/\/old.kosmetoloog.ee\/wp-content\/uploads\/2023\/09\/POST-EPIL-411.jpg","type":"image\/jpeg"}],"twitter_card":"summary_large_image","schema":{"@context":"https:\/\/schema.org","@graph":[{"@type":"WebPage","@id":"https:\/\/old.kosmetoloog.ee\/toode\/%d1%81%d1%80%d0%b5%d0%b4%d1%81%d1%82%d0%b2%d0%be-%d0%bf%d0%be%d1%81%d0%bb%d0%b5-%d1%8d%d0%bf%d0%b8%d0%bb%d1%8f%d1%86%d0%b8%d0%b8-post-epil\/","url":"https:\/\/old.kosmetoloog.ee\/toode\/%d1%81%d1%80%d0%b5%d0%b4%d1%81%d1%82%d0%b2%d0%be-%d0%bf%d0%be%d1%81%d0%bb%d0%b5-%d1%8d%d0%bf%d0%b8%d0%bb%d1%8f%d1%86%d0%b8%d0%b8-post-epil\/","name":"POST EPILATSIOONI KREEM - Ilutoodete e-pood","isPartOf":{"@id":"https:\/\/old.kosmetoloog.ee\/#website"},"primaryImageOfPage":{"@id":"https:\/\/old.kosmetoloog.ee\/toode\/%d1%81%d1%80%d0%b5%d0%b4%d1%81%d1%82%d0%b2%d0%be-%d0%bf%d0%be%d1%81%d0%bb%d0%b5-%d1%8d%d0%bf%d0%b8%d0%bb%d1%8f%d1%86%d0%b8%d0%b8-post-epil\/#primaryimage"},"image":{"@id":"https:\/\/old.kosmetoloog.ee\/toode\/%d1%81%d1%80%d0%b5%d0%b4%d1%81%d1%82%d0%b2%d0%be-%d0%bf%d0%be%d1%81%d0%bb%d0%b5-%d1%8d%d0%bf%d0%b8%d0%bb%d1%8f%d1%86%d0%b8%d0%b8-post-epil\/#primaryimage"},"thumbnailUrl":"https:\/\/old.kosmetoloog.ee\/wp-content\/uploads\/2023\/09\/POST-EPIL-411.jpg","datePublished":"2023-09-15T13:43:22+00:00","breadcrumb":{"@id":"https:\/\/old.kosmetoloog.ee\/toode\/%d1%81%d1%80%d0%b5%d0%b4%d1%81%d1%82%d0%b2%d0%be-%d0%bf%d0%be%d1%81%d0%bb%d0%b5-%d1%8d%d0%bf%d0%b8%d0%bb%d1%8f%d1%86%d0%b8%d0%b8-post-epil\/#breadcrumb"},"inLanguage":"et","potentialAction":[{"@type":"ReadAction","target":["https:\/\/old.kosmetoloog.ee\/toode\/%d1%81%d1%80%d0%b5%d0%b4%d1%81%d1%82%d0%b2%d0%be-%d0%bf%d0%be%d1%81%d0%bb%d0%b5-%d1%8d%d0%bf%d0%b8%d0%bb%d1%8f%d1%86%d0%b8%d0%b8-post-epil\/"]}]},{"@type":"ImageObject","inLanguage":"et","@id":"https:\/\/old.kosmetoloog.ee\/toode\/%d1%81%d1%80%d0%b5%d0%b4%d1%81%d1%82%d0%b2%d0%be-%d0%bf%d0%be%d1%81%d0%bb%d0%b5-%d1%8d%d0%bf%d0%b8%d0%bb%d1%8f%d1%86%d0%b8%d0%b8-post-epil\/#primaryimage","url":"https:\/\/old.kosmetoloog.ee\/wp-content\/uploads\/2023\/09\/POST-EPIL-411.jpg","contentUrl":"https:\/\/old.kosmetoloog.ee\/wp-content\/uploads\/2023\/09\/POST-EPIL-411.jpg","width":900,"height":900},{"@type":"BreadcrumbList","@id":"https:\/\/old.kosmetoloog.ee\/toode\/%d1%81%d1%80%d0%b5%d0%b4%d1%81%d1%82%d0%b2%d0%be-%d0%bf%d0%be%d1%81%d0%bb%d0%b5-%d1%8d%d0%bf%d0%b8%d0%bb%d1%8f%d1%86%d0%b8%d0%b8-post-epil\/#breadcrumb","itemListElement":[{"@type":"ListItem","position":1,"name":"Home","item":"https:\/\/old.kosmetoloog.ee\/et\/"},{"@type":"ListItem","position":2,"name":"Pood","item":"https:\/\/old.kosmetoloog.ee\/et\/pood\/"},{"@type":"ListItem","position":3,"name":"POST EPILATSIOONI KREEM"}]},{"@type":"WebSite","@id":"https:\/\/old.kosmetoloog.ee\/#website","url":"https:\/\/old.kosmetoloog.ee\/","name":"Ilutoodete e-pood","description":"Kosmeetika pood","publisher":{"@id":"https:\/\/old.kosmetoloog.ee\/#organization"},"potentialAction":[{"@type":"SearchAction","target":{"@type":"EntryPoint","urlTemplate":"https:\/\/old.kosmetoloog.ee\/?s={search_term_string}"},"query-input":{"@type":"PropertyValueSpecification","valueRequired":true,"valueName":"search_term_string"}}],"inLanguage":"et"},{"@type":"Organization","@id":"https:\/\/old.kosmetoloog.ee\/#organization","name":"You are You O\u00dc","url":"https:\/\/old.kosmetoloog.ee\/","logo":{"@type":"ImageObject","inLanguage":"et","@id":"https:\/\/old.kosmetoloog.ee\/#\/schema\/logo\/image\/","url":"https:\/\/old.kosmetoloog.ee\/wp-content\/uploads\/2023\/08\/logo-1.png","contentUrl":"https:\/\/old.kosmetoloog.ee\/wp-content\/uploads\/2023\/08\/logo-1.png","width":1200,"height":964,"caption":"You are You O\u00dc"},"image":{"@id":"https:\/\/old.kosmetoloog.ee\/#\/schema\/logo\/image\/"}}]}},"brands":[{"id":43,"name":"PHYT'S","slug":"phyt"}],"_links":{"self":[{"href":"https:\/\/old.kosmetoloog.ee\/et\/wp-json\/wp\/v2\/product\/909","targetHints":{"allow":["GET"]}}],"collection":[{"href":"https:\/\/old.kosmetoloog.ee\/et\/wp-json\/wp\/v2\/product"}],"about":[{"href":"https:\/\/old.kosmetoloog.ee\/et\/wp-json\/wp\/v2\/types\/product"}],"replies":[{"embeddable":true,"href":"https:\/\/old.kosmetoloog.ee\/et\/wp-json\/wp\/v2\/comments?post=909"}],"wp:featuredmedia":[{"embeddable":true,"href":"https:\/\/old.kosmetoloog.ee\/et\/wp-json\/wp\/v2\/media\/908"}],"wp:attachment":[{"href":"https:\/\/old.kosmetoloog.ee\/et\/wp-json\/wp\/v2\/media?parent=909"}],"wp:term":[{"taxonomy":"pwb-brand","embeddable":true,"href":"https:\/\/old.kosmetoloog.ee\/et\/wp-json\/wp\/v2\/pwb-brand?post=909"},{"taxonomy":"product_brand","embeddable":true,"href":"https:\/\/old.kosmetoloog.ee\/et\/wp-json\/wp\/v2\/product_brand?post=909"},{"taxonomy":"product_cat","embeddable":true,"href":"https:\/\/old.kosmetoloog.ee\/et\/wp-json\/wp\/v2\/product_cat?post=909"},{"taxonomy":"product_tag","embeddable":true,"href":"https:\/\/old.kosmetoloog.ee\/et\/wp-json\/wp\/v2\/product_tag?post=909"}],"curies":[{"name":"wp","href":"https:\/\/api.w.org\/{rel}","templated":true}]}}