{"id":913,"date":"2023-09-15T17:04:33","date_gmt":"2023-09-15T14:04:33","guid":{"rendered":"https:\/\/uus.kosmetoloog.ee\/product\/puhastus-geel-anti-pollution\/"},"modified":"2023-10-17T13:12:16","modified_gmt":"2023-10-17T10:12:16","slug":"cleansing-jelly-antipolysion-gelee-nettoyante-anti-pollution","status":"publish","type":"product","link":"https:\/\/old.kosmetoloog.ee\/et\/toode\/cleansing-jelly-antipolysion-gelee-nettoyante-anti-pollution\/","title":{"rendered":"PUHASTUS GEEL ANTI-POLLUTION"},"content":{"rendered":"<p>\u041fUnikaalse valemiga ravim: algstaadiumis on see geeli konsistents; nahale jaotumisel muutub \u00f5liks; viimases etapis, veega kokkupuutel, muutub see piimaks. K\u00f5ik kolm tootevormi aitavad kaasa naha p\u00f5hjalikule puhastamisele, parandavad rakkude hingamist ning eemaldavad kvalitatiivselt igasuguse meigi ja mustuse, mis muudavad selle tuhmiks ja elutuks. Selle tulemusena tagastab nahk s\u00e4ra ning v\u00e4rske ilme.<\/p>\n<p>Soovitatav metropoli elanikele, kellel on igat t\u00fc\u00fcpi ja vanuses tuhm ja v\u00e4sinud nahk, samuti nahale, kellel on esimesed vanusega seotud muutused.<\/p>\n","protected":false},"excerpt":{"rendered":"<p>Kolmekordse toimega eelhooldus n\u00e4ole ja silma\u00fcmbrusele.<\/p>\n","protected":false},"featured_media":912,"comment_status":"open","ping_status":"closed","template":"","meta":{"_acf_changed":false},"pwb-brand":[43],"product_brand":[],"product_cat":[55,62],"product_tag":[105],"class_list":{"0":"post-913","1":"product","2":"type-product","3":"status-publish","4":"has-post-thumbnail","6":"pwb-brand-phyt","7":"product_cat-puhastav-kosmeetika","8":"product_cat-silmaumbruse-hooldus","9":"product_tag-koik-naha","11":"first","12":"instock","13":"taxable","14":"shipping-taxable","15":"purchasable","16":"product-type-simple"},"acf":[],"yoast_head":"<!-- This site is optimized with the Yoast SEO plugin v25.7 - https:\/\/yoast.com\/wordpress\/plugins\/seo\/ -->\n<title>PUHASTUS GEEL ANTI-POLLUTION - Ilutoodete e-pood<\/title>\n<meta name=\"robots\" content=\"noindex, follow, max-snippet:-1, max-image-preview:large, max-video-preview:-1\" \/>\n<meta property=\"og:locale\" content=\"et_EE\" \/>\n<meta property=\"og:type\" content=\"article\" \/>\n<meta property=\"og:title\" content=\"PUHASTUS GEEL ANTI-POLLUTION - Ilutoodete e-pood\" \/>\n<meta property=\"og:description\" content=\"Kolmekordse toimega eelhooldus n\u00e4ole ja silma\u00fcmbrusele.\" \/>\n<meta property=\"og:url\" content=\"https:\/\/old.kosmetoloog.ee\/toode\/cleansing-jelly-antipolysion-gelee-nettoyante-anti-pollution\/\" \/>\n<meta property=\"og:site_name\" content=\"Ilutoodete e-pood\" \/>\n<meta property=\"article:modified_time\" content=\"2023-10-17T10:12:16+00:00\" \/>\n<meta property=\"og:image\" content=\"https:\/\/old.kosmetoloog.ee\/wp-content\/uploads\/2023\/09\/GELEE-NETTOYANTE-1-2048x2048-1.jpg\" \/>\n\t<meta property=\"og:image:width\" content=\"2048\" \/>\n\t<meta property=\"og:image:height\" content=\"2048\" \/>\n\t<meta property=\"og:image:type\" content=\"image\/jpeg\" \/>\n<meta name=\"twitter:card\" content=\"summary_large_image\" \/>\n<script type=\"application\/ld+json\" class=\"yoast-schema-graph\">{\"@context\":\"https:\/\/schema.org\",\"@graph\":[{\"@type\":\"WebPage\",\"@id\":\"https:\/\/old.kosmetoloog.ee\/toode\/cleansing-jelly-antipolysion-gelee-nettoyante-anti-pollution\/\",\"url\":\"https:\/\/old.kosmetoloog.ee\/toode\/cleansing-jelly-antipolysion-gelee-nettoyante-anti-pollution\/\",\"name\":\"PUHASTUS GEEL ANTI-POLLUTION - Ilutoodete e-pood\",\"isPartOf\":{\"@id\":\"https:\/\/old.kosmetoloog.ee\/#website\"},\"primaryImageOfPage\":{\"@id\":\"https:\/\/old.kosmetoloog.ee\/toode\/cleansing-jelly-antipolysion-gelee-nettoyante-anti-pollution\/#primaryimage\"},\"image\":{\"@id\":\"https:\/\/old.kosmetoloog.ee\/toode\/cleansing-jelly-antipolysion-gelee-nettoyante-anti-pollution\/#primaryimage\"},\"thumbnailUrl\":\"https:\/\/old.kosmetoloog.ee\/wp-content\/uploads\/2023\/09\/GELEE-NETTOYANTE-1-2048x2048-1.jpg\",\"datePublished\":\"2023-09-15T14:04:33+00:00\",\"dateModified\":\"2023-10-17T10:12:16+00:00\",\"breadcrumb\":{\"@id\":\"https:\/\/old.kosmetoloog.ee\/toode\/cleansing-jelly-antipolysion-gelee-nettoyante-anti-pollution\/#breadcrumb\"},\"inLanguage\":\"et\",\"potentialAction\":[{\"@type\":\"ReadAction\",\"target\":[\"https:\/\/old.kosmetoloog.ee\/toode\/cleansing-jelly-antipolysion-gelee-nettoyante-anti-pollution\/\"]}]},{\"@type\":\"ImageObject\",\"inLanguage\":\"et\",\"@id\":\"https:\/\/old.kosmetoloog.ee\/toode\/cleansing-jelly-antipolysion-gelee-nettoyante-anti-pollution\/#primaryimage\",\"url\":\"https:\/\/old.kosmetoloog.ee\/wp-content\/uploads\/2023\/09\/GELEE-NETTOYANTE-1-2048x2048-1.jpg\",\"contentUrl\":\"https:\/\/old.kosmetoloog.ee\/wp-content\/uploads\/2023\/09\/GELEE-NETTOYANTE-1-2048x2048-1.jpg\",\"width\":2048,\"height\":2048},{\"@type\":\"BreadcrumbList\",\"@id\":\"https:\/\/old.kosmetoloog.ee\/toode\/cleansing-jelly-antipolysion-gelee-nettoyante-anti-pollution\/#breadcrumb\",\"itemListElement\":[{\"@type\":\"ListItem\",\"position\":1,\"name\":\"Home\",\"item\":\"https:\/\/old.kosmetoloog.ee\/et\/\"},{\"@type\":\"ListItem\",\"position\":2,\"name\":\"Pood\",\"item\":\"https:\/\/old.kosmetoloog.ee\/et\/pood\/\"},{\"@type\":\"ListItem\",\"position\":3,\"name\":\"PUHASTUS GEEL ANTI-POLLUTION\"}]},{\"@type\":\"WebSite\",\"@id\":\"https:\/\/old.kosmetoloog.ee\/#website\",\"url\":\"https:\/\/old.kosmetoloog.ee\/\",\"name\":\"Ilutoodete e-pood\",\"description\":\"Kosmeetika pood\",\"publisher\":{\"@id\":\"https:\/\/old.kosmetoloog.ee\/#organization\"},\"potentialAction\":[{\"@type\":\"SearchAction\",\"target\":{\"@type\":\"EntryPoint\",\"urlTemplate\":\"https:\/\/old.kosmetoloog.ee\/?s={search_term_string}\"},\"query-input\":{\"@type\":\"PropertyValueSpecification\",\"valueRequired\":true,\"valueName\":\"search_term_string\"}}],\"inLanguage\":\"et\"},{\"@type\":\"Organization\",\"@id\":\"https:\/\/old.kosmetoloog.ee\/#organization\",\"name\":\"You are You O\u00dc\",\"url\":\"https:\/\/old.kosmetoloog.ee\/\",\"logo\":{\"@type\":\"ImageObject\",\"inLanguage\":\"et\",\"@id\":\"https:\/\/old.kosmetoloog.ee\/#\/schema\/logo\/image\/\",\"url\":\"https:\/\/old.kosmetoloog.ee\/wp-content\/uploads\/2023\/08\/logo-1.png\",\"contentUrl\":\"https:\/\/old.kosmetoloog.ee\/wp-content\/uploads\/2023\/08\/logo-1.png\",\"width\":1200,\"height\":964,\"caption\":\"You are You O\u00dc\"},\"image\":{\"@id\":\"https:\/\/old.kosmetoloog.ee\/#\/schema\/logo\/image\/\"}}]}<\/script>\n<!-- \/ Yoast SEO plugin. -->","yoast_head_json":{"title":"PUHASTUS GEEL ANTI-POLLUTION - Ilutoodete e-pood","robots":{"index":"noindex","follow":"follow","max-snippet":"max-snippet:-1","max-image-preview":"max-image-preview:large","max-video-preview":"max-video-preview:-1"},"og_locale":"et_EE","og_type":"article","og_title":"PUHASTUS GEEL ANTI-POLLUTION - Ilutoodete e-pood","og_description":"Kolmekordse toimega eelhooldus n\u00e4ole ja silma\u00fcmbrusele.","og_url":"https:\/\/old.kosmetoloog.ee\/toode\/cleansing-jelly-antipolysion-gelee-nettoyante-anti-pollution\/","og_site_name":"Ilutoodete e-pood","article_modified_time":"2023-10-17T10:12:16+00:00","og_image":[{"width":2048,"height":2048,"url":"https:\/\/old.kosmetoloog.ee\/wp-content\/uploads\/2023\/09\/GELEE-NETTOYANTE-1-2048x2048-1.jpg","type":"image\/jpeg"}],"twitter_card":"summary_large_image","schema":{"@context":"https:\/\/schema.org","@graph":[{"@type":"WebPage","@id":"https:\/\/old.kosmetoloog.ee\/toode\/cleansing-jelly-antipolysion-gelee-nettoyante-anti-pollution\/","url":"https:\/\/old.kosmetoloog.ee\/toode\/cleansing-jelly-antipolysion-gelee-nettoyante-anti-pollution\/","name":"PUHASTUS GEEL ANTI-POLLUTION - Ilutoodete e-pood","isPartOf":{"@id":"https:\/\/old.kosmetoloog.ee\/#website"},"primaryImageOfPage":{"@id":"https:\/\/old.kosmetoloog.ee\/toode\/cleansing-jelly-antipolysion-gelee-nettoyante-anti-pollution\/#primaryimage"},"image":{"@id":"https:\/\/old.kosmetoloog.ee\/toode\/cleansing-jelly-antipolysion-gelee-nettoyante-anti-pollution\/#primaryimage"},"thumbnailUrl":"https:\/\/old.kosmetoloog.ee\/wp-content\/uploads\/2023\/09\/GELEE-NETTOYANTE-1-2048x2048-1.jpg","datePublished":"2023-09-15T14:04:33+00:00","dateModified":"2023-10-17T10:12:16+00:00","breadcrumb":{"@id":"https:\/\/old.kosmetoloog.ee\/toode\/cleansing-jelly-antipolysion-gelee-nettoyante-anti-pollution\/#breadcrumb"},"inLanguage":"et","potentialAction":[{"@type":"ReadAction","target":["https:\/\/old.kosmetoloog.ee\/toode\/cleansing-jelly-antipolysion-gelee-nettoyante-anti-pollution\/"]}]},{"@type":"ImageObject","inLanguage":"et","@id":"https:\/\/old.kosmetoloog.ee\/toode\/cleansing-jelly-antipolysion-gelee-nettoyante-anti-pollution\/#primaryimage","url":"https:\/\/old.kosmetoloog.ee\/wp-content\/uploads\/2023\/09\/GELEE-NETTOYANTE-1-2048x2048-1.jpg","contentUrl":"https:\/\/old.kosmetoloog.ee\/wp-content\/uploads\/2023\/09\/GELEE-NETTOYANTE-1-2048x2048-1.jpg","width":2048,"height":2048},{"@type":"BreadcrumbList","@id":"https:\/\/old.kosmetoloog.ee\/toode\/cleansing-jelly-antipolysion-gelee-nettoyante-anti-pollution\/#breadcrumb","itemListElement":[{"@type":"ListItem","position":1,"name":"Home","item":"https:\/\/old.kosmetoloog.ee\/et\/"},{"@type":"ListItem","position":2,"name":"Pood","item":"https:\/\/old.kosmetoloog.ee\/et\/pood\/"},{"@type":"ListItem","position":3,"name":"PUHASTUS GEEL ANTI-POLLUTION"}]},{"@type":"WebSite","@id":"https:\/\/old.kosmetoloog.ee\/#website","url":"https:\/\/old.kosmetoloog.ee\/","name":"Ilutoodete e-pood","description":"Kosmeetika pood","publisher":{"@id":"https:\/\/old.kosmetoloog.ee\/#organization"},"potentialAction":[{"@type":"SearchAction","target":{"@type":"EntryPoint","urlTemplate":"https:\/\/old.kosmetoloog.ee\/?s={search_term_string}"},"query-input":{"@type":"PropertyValueSpecification","valueRequired":true,"valueName":"search_term_string"}}],"inLanguage":"et"},{"@type":"Organization","@id":"https:\/\/old.kosmetoloog.ee\/#organization","name":"You are You O\u00dc","url":"https:\/\/old.kosmetoloog.ee\/","logo":{"@type":"ImageObject","inLanguage":"et","@id":"https:\/\/old.kosmetoloog.ee\/#\/schema\/logo\/image\/","url":"https:\/\/old.kosmetoloog.ee\/wp-content\/uploads\/2023\/08\/logo-1.png","contentUrl":"https:\/\/old.kosmetoloog.ee\/wp-content\/uploads\/2023\/08\/logo-1.png","width":1200,"height":964,"caption":"You are You O\u00dc"},"image":{"@id":"https:\/\/old.kosmetoloog.ee\/#\/schema\/logo\/image\/"}}]}},"brands":[{"id":43,"name":"PHYT'S","slug":"phyt"}],"_links":{"self":[{"href":"https:\/\/old.kosmetoloog.ee\/et\/wp-json\/wp\/v2\/product\/913","targetHints":{"allow":["GET"]}}],"collection":[{"href":"https:\/\/old.kosmetoloog.ee\/et\/wp-json\/wp\/v2\/product"}],"about":[{"href":"https:\/\/old.kosmetoloog.ee\/et\/wp-json\/wp\/v2\/types\/product"}],"replies":[{"embeddable":true,"href":"https:\/\/old.kosmetoloog.ee\/et\/wp-json\/wp\/v2\/comments?post=913"}],"wp:featuredmedia":[{"embeddable":true,"href":"https:\/\/old.kosmetoloog.ee\/et\/wp-json\/wp\/v2\/media\/912"}],"wp:attachment":[{"href":"https:\/\/old.kosmetoloog.ee\/et\/wp-json\/wp\/v2\/media?parent=913"}],"wp:term":[{"taxonomy":"pwb-brand","embeddable":true,"href":"https:\/\/old.kosmetoloog.ee\/et\/wp-json\/wp\/v2\/pwb-brand?post=913"},{"taxonomy":"product_brand","embeddable":true,"href":"https:\/\/old.kosmetoloog.ee\/et\/wp-json\/wp\/v2\/product_brand?post=913"},{"taxonomy":"product_cat","embeddable":true,"href":"https:\/\/old.kosmetoloog.ee\/et\/wp-json\/wp\/v2\/product_cat?post=913"},{"taxonomy":"product_tag","embeddable":true,"href":"https:\/\/old.kosmetoloog.ee\/et\/wp-json\/wp\/v2\/product_tag?post=913"}],"curies":[{"name":"wp","href":"https:\/\/api.w.org\/{rel}","templated":true}]}}