{"id":917,"date":"2023-09-15T20:35:29","date_gmt":"2023-09-15T17:35:29","guid":{"rendered":"https:\/\/uus.kosmetoloog.ee\/product\/kontsentraat-saastamise-vastu-anti-pollution\/"},"modified":"2023-10-17T13:09:43","modified_gmt":"2023-10-17T10:09:43","slug":"kontsentraat-antipollution-concentre-anti-pollution","status":"publish","type":"product","link":"https:\/\/old.kosmetoloog.ee\/et\/toode\/kontsentraat-antipollution-concentre-anti-pollution\/","title":{"rendered":"KONTSENTRAAT (SAASTAMISE VASTU) ANTI-POLLUTION"},"content":{"rendered":"<p>Kontsentraat on v\u00f5imas energia- ja hapnikuallikas, mis saab kiiresti hakkama tuhmi naha probleemiga, taastades selle loomuliku s\u00e4ra. Rikastatud toimeainetega (planktoni- ja vetikaekstraktid, acerola), mis k\u00fcllastavad nahka hapnikuga ja stimuleerivad rakkude uuenemist. Toode aitab kaitsta nahka linnakeskkonna agressiivsete m\u00f5jude (sigaretisuits, heitgaasid, raskmetallid, tolm) eest.<\/p>\n<p>Rosmariini ekstrakt neutraliseerib vabade radikaalide m\u00f5ju. ruunvetika ekstrakt kaitseb nahka saaste eest. Aloe vera mikrosf\u00e4\u00e4rid niisutavad nahka, j\u00e4ttes selle v\u00e4rskeks ja s\u00e4ravaks.<\/p>\n<p>Soovitatav metropoli elanikele, kellel on igat t\u00fc\u00fcpi ja vanuses tuhm ja v\u00e4sinud nahk, samuti nahale, kellel on esimesed vanusega seotud muutused.<\/p>\n","protected":false},"excerpt":{"rendered":"<p>Saastamise vastu kontsentraat<\/p>\n","protected":false},"featured_media":916,"comment_status":"open","ping_status":"closed","template":"","meta":{"_acf_changed":false},"pwb-brand":[43],"product_brand":[],"product_cat":[64],"product_tag":[117,107,106],"class_list":{"0":"post-917","1":"product","2":"type-product","3":"status-publish","4":"has-post-thumbnail","6":"pwb-brand-phyt","7":"product_cat-kontsentraadid","8":"product_tag-kombineeritud-nahk","9":"product_tag-normaalne-nahk","10":"product_tag-rasune-nahk","12":"first","13":"instock","14":"taxable","15":"shipping-taxable","16":"purchasable","17":"product-type-simple"},"acf":[],"yoast_head":"<!-- This site is optimized with the Yoast SEO plugin v25.7 - https:\/\/yoast.com\/wordpress\/plugins\/seo\/ -->\n<title>KONTSENTRAAT (SAASTAMISE VASTU) ANTI-POLLUTION - Ilutoodete e-pood<\/title>\n<meta name=\"robots\" content=\"noindex, follow, max-snippet:-1, max-image-preview:large, max-video-preview:-1\" \/>\n<meta property=\"og:locale\" content=\"et_EE\" \/>\n<meta property=\"og:type\" content=\"article\" \/>\n<meta property=\"og:title\" content=\"KONTSENTRAAT (SAASTAMISE VASTU) ANTI-POLLUTION - Ilutoodete e-pood\" \/>\n<meta property=\"og:description\" content=\"Saastamise vastu kontsentraat\" \/>\n<meta property=\"og:url\" content=\"https:\/\/old.kosmetoloog.ee\/toode\/\u043a\u043e\u043d\u0446\u0435\u043d\u0442\u0440\u0430\u0442-\u0430\u043d\u0442\u0438\u043f\u043e\u043b\u044e\u0448\u043d-concentre-anti-pollution\/\" \/>\n<meta property=\"og:site_name\" content=\"Ilutoodete e-pood\" \/>\n<meta property=\"article:modified_time\" content=\"2023-10-17T10:09:43+00:00\" \/>\n<meta property=\"og:image\" content=\"https:\/\/old.kosmetoloog.ee\/wp-content\/uploads\/2023\/09\/CONCENTRE-ANTIPOLLUTION.jpg\" \/>\n\t<meta property=\"og:image:width\" content=\"900\" \/>\n\t<meta property=\"og:image:height\" content=\"900\" \/>\n\t<meta property=\"og:image:type\" content=\"image\/jpeg\" \/>\n<meta name=\"twitter:card\" content=\"summary_large_image\" \/>\n<script type=\"application\/ld+json\" class=\"yoast-schema-graph\">{\"@context\":\"https:\/\/schema.org\",\"@graph\":[{\"@type\":\"WebPage\",\"@id\":\"https:\/\/old.kosmetoloog.ee\/toode\/%d0%ba%d0%be%d0%bd%d1%86%d0%b5%d0%bd%d1%82%d1%80%d0%b0%d1%82-%d0%b0%d0%bd%d1%82%d0%b8%d0%bf%d0%be%d0%bb%d1%8e%d1%88%d0%bd-concentre-anti-pollution\/\",\"url\":\"https:\/\/old.kosmetoloog.ee\/toode\/%d0%ba%d0%be%d0%bd%d1%86%d0%b5%d0%bd%d1%82%d1%80%d0%b0%d1%82-%d0%b0%d0%bd%d1%82%d0%b8%d0%bf%d0%be%d0%bb%d1%8e%d1%88%d0%bd-concentre-anti-pollution\/\",\"name\":\"KONTSENTRAAT (SAASTAMISE VASTU) ANTI-POLLUTION - Ilutoodete e-pood\",\"isPartOf\":{\"@id\":\"https:\/\/old.kosmetoloog.ee\/#website\"},\"primaryImageOfPage\":{\"@id\":\"https:\/\/old.kosmetoloog.ee\/toode\/%d0%ba%d0%be%d0%bd%d1%86%d0%b5%d0%bd%d1%82%d1%80%d0%b0%d1%82-%d0%b0%d0%bd%d1%82%d0%b8%d0%bf%d0%be%d0%bb%d1%8e%d1%88%d0%bd-concentre-anti-pollution\/#primaryimage\"},\"image\":{\"@id\":\"https:\/\/old.kosmetoloog.ee\/toode\/%d0%ba%d0%be%d0%bd%d1%86%d0%b5%d0%bd%d1%82%d1%80%d0%b0%d1%82-%d0%b0%d0%bd%d1%82%d0%b8%d0%bf%d0%be%d0%bb%d1%8e%d1%88%d0%bd-concentre-anti-pollution\/#primaryimage\"},\"thumbnailUrl\":\"https:\/\/old.kosmetoloog.ee\/wp-content\/uploads\/2023\/09\/CONCENTRE-ANTIPOLLUTION.jpg\",\"datePublished\":\"2023-09-15T17:35:29+00:00\",\"dateModified\":\"2023-10-17T10:09:43+00:00\",\"breadcrumb\":{\"@id\":\"https:\/\/old.kosmetoloog.ee\/toode\/%d0%ba%d0%be%d0%bd%d1%86%d0%b5%d0%bd%d1%82%d1%80%d0%b0%d1%82-%d0%b0%d0%bd%d1%82%d0%b8%d0%bf%d0%be%d0%bb%d1%8e%d1%88%d0%bd-concentre-anti-pollution\/#breadcrumb\"},\"inLanguage\":\"et\",\"potentialAction\":[{\"@type\":\"ReadAction\",\"target\":[\"https:\/\/old.kosmetoloog.ee\/toode\/%d0%ba%d0%be%d0%bd%d1%86%d0%b5%d0%bd%d1%82%d1%80%d0%b0%d1%82-%d0%b0%d0%bd%d1%82%d0%b8%d0%bf%d0%be%d0%bb%d1%8e%d1%88%d0%bd-concentre-anti-pollution\/\"]}]},{\"@type\":\"ImageObject\",\"inLanguage\":\"et\",\"@id\":\"https:\/\/old.kosmetoloog.ee\/toode\/%d0%ba%d0%be%d0%bd%d1%86%d0%b5%d0%bd%d1%82%d1%80%d0%b0%d1%82-%d0%b0%d0%bd%d1%82%d0%b8%d0%bf%d0%be%d0%bb%d1%8e%d1%88%d0%bd-concentre-anti-pollution\/#primaryimage\",\"url\":\"https:\/\/old.kosmetoloog.ee\/wp-content\/uploads\/2023\/09\/CONCENTRE-ANTIPOLLUTION.jpg\",\"contentUrl\":\"https:\/\/old.kosmetoloog.ee\/wp-content\/uploads\/2023\/09\/CONCENTRE-ANTIPOLLUTION.jpg\",\"width\":900,\"height\":900},{\"@type\":\"BreadcrumbList\",\"@id\":\"https:\/\/old.kosmetoloog.ee\/toode\/%d0%ba%d0%be%d0%bd%d1%86%d0%b5%d0%bd%d1%82%d1%80%d0%b0%d1%82-%d0%b0%d0%bd%d1%82%d0%b8%d0%bf%d0%be%d0%bb%d1%8e%d1%88%d0%bd-concentre-anti-pollution\/#breadcrumb\",\"itemListElement\":[{\"@type\":\"ListItem\",\"position\":1,\"name\":\"Home\",\"item\":\"https:\/\/old.kosmetoloog.ee\/et\/\"},{\"@type\":\"ListItem\",\"position\":2,\"name\":\"Pood\",\"item\":\"https:\/\/old.kosmetoloog.ee\/et\/pood\/\"},{\"@type\":\"ListItem\",\"position\":3,\"name\":\"KONTSENTRAAT (SAASTAMISE VASTU) ANTI-POLLUTION\"}]},{\"@type\":\"WebSite\",\"@id\":\"https:\/\/old.kosmetoloog.ee\/#website\",\"url\":\"https:\/\/old.kosmetoloog.ee\/\",\"name\":\"Ilutoodete e-pood\",\"description\":\"Kosmeetika pood\",\"publisher\":{\"@id\":\"https:\/\/old.kosmetoloog.ee\/#organization\"},\"potentialAction\":[{\"@type\":\"SearchAction\",\"target\":{\"@type\":\"EntryPoint\",\"urlTemplate\":\"https:\/\/old.kosmetoloog.ee\/?s={search_term_string}\"},\"query-input\":{\"@type\":\"PropertyValueSpecification\",\"valueRequired\":true,\"valueName\":\"search_term_string\"}}],\"inLanguage\":\"et\"},{\"@type\":\"Organization\",\"@id\":\"https:\/\/old.kosmetoloog.ee\/#organization\",\"name\":\"You are You O\u00dc\",\"url\":\"https:\/\/old.kosmetoloog.ee\/\",\"logo\":{\"@type\":\"ImageObject\",\"inLanguage\":\"et\",\"@id\":\"https:\/\/old.kosmetoloog.ee\/#\/schema\/logo\/image\/\",\"url\":\"https:\/\/old.kosmetoloog.ee\/wp-content\/uploads\/2023\/08\/logo-1.png\",\"contentUrl\":\"https:\/\/old.kosmetoloog.ee\/wp-content\/uploads\/2023\/08\/logo-1.png\",\"width\":1200,\"height\":964,\"caption\":\"You are You O\u00dc\"},\"image\":{\"@id\":\"https:\/\/old.kosmetoloog.ee\/#\/schema\/logo\/image\/\"}}]}<\/script>\n<!-- \/ Yoast SEO plugin. -->","yoast_head_json":{"title":"KONTSENTRAAT (SAASTAMISE VASTU) ANTI-POLLUTION - Ilutoodete e-pood","robots":{"index":"noindex","follow":"follow","max-snippet":"max-snippet:-1","max-image-preview":"max-image-preview:large","max-video-preview":"max-video-preview:-1"},"og_locale":"et_EE","og_type":"article","og_title":"KONTSENTRAAT (SAASTAMISE VASTU) ANTI-POLLUTION - Ilutoodete e-pood","og_description":"Saastamise vastu kontsentraat","og_url":"https:\/\/old.kosmetoloog.ee\/toode\/\u043a\u043e\u043d\u0446\u0435\u043d\u0442\u0440\u0430\u0442-\u0430\u043d\u0442\u0438\u043f\u043e\u043b\u044e\u0448\u043d-concentre-anti-pollution\/","og_site_name":"Ilutoodete e-pood","article_modified_time":"2023-10-17T10:09:43+00:00","og_image":[{"width":900,"height":900,"url":"https:\/\/old.kosmetoloog.ee\/wp-content\/uploads\/2023\/09\/CONCENTRE-ANTIPOLLUTION.jpg","type":"image\/jpeg"}],"twitter_card":"summary_large_image","schema":{"@context":"https:\/\/schema.org","@graph":[{"@type":"WebPage","@id":"https:\/\/old.kosmetoloog.ee\/toode\/%d0%ba%d0%be%d0%bd%d1%86%d0%b5%d0%bd%d1%82%d1%80%d0%b0%d1%82-%d0%b0%d0%bd%d1%82%d0%b8%d0%bf%d0%be%d0%bb%d1%8e%d1%88%d0%bd-concentre-anti-pollution\/","url":"https:\/\/old.kosmetoloog.ee\/toode\/%d0%ba%d0%be%d0%bd%d1%86%d0%b5%d0%bd%d1%82%d1%80%d0%b0%d1%82-%d0%b0%d0%bd%d1%82%d0%b8%d0%bf%d0%be%d0%bb%d1%8e%d1%88%d0%bd-concentre-anti-pollution\/","name":"KONTSENTRAAT (SAASTAMISE VASTU) ANTI-POLLUTION - Ilutoodete e-pood","isPartOf":{"@id":"https:\/\/old.kosmetoloog.ee\/#website"},"primaryImageOfPage":{"@id":"https:\/\/old.kosmetoloog.ee\/toode\/%d0%ba%d0%be%d0%bd%d1%86%d0%b5%d0%bd%d1%82%d1%80%d0%b0%d1%82-%d0%b0%d0%bd%d1%82%d0%b8%d0%bf%d0%be%d0%bb%d1%8e%d1%88%d0%bd-concentre-anti-pollution\/#primaryimage"},"image":{"@id":"https:\/\/old.kosmetoloog.ee\/toode\/%d0%ba%d0%be%d0%bd%d1%86%d0%b5%d0%bd%d1%82%d1%80%d0%b0%d1%82-%d0%b0%d0%bd%d1%82%d0%b8%d0%bf%d0%be%d0%bb%d1%8e%d1%88%d0%bd-concentre-anti-pollution\/#primaryimage"},"thumbnailUrl":"https:\/\/old.kosmetoloog.ee\/wp-content\/uploads\/2023\/09\/CONCENTRE-ANTIPOLLUTION.jpg","datePublished":"2023-09-15T17:35:29+00:00","dateModified":"2023-10-17T10:09:43+00:00","breadcrumb":{"@id":"https:\/\/old.kosmetoloog.ee\/toode\/%d0%ba%d0%be%d0%bd%d1%86%d0%b5%d0%bd%d1%82%d1%80%d0%b0%d1%82-%d0%b0%d0%bd%d1%82%d0%b8%d0%bf%d0%be%d0%bb%d1%8e%d1%88%d0%bd-concentre-anti-pollution\/#breadcrumb"},"inLanguage":"et","potentialAction":[{"@type":"ReadAction","target":["https:\/\/old.kosmetoloog.ee\/toode\/%d0%ba%d0%be%d0%bd%d1%86%d0%b5%d0%bd%d1%82%d1%80%d0%b0%d1%82-%d0%b0%d0%bd%d1%82%d0%b8%d0%bf%d0%be%d0%bb%d1%8e%d1%88%d0%bd-concentre-anti-pollution\/"]}]},{"@type":"ImageObject","inLanguage":"et","@id":"https:\/\/old.kosmetoloog.ee\/toode\/%d0%ba%d0%be%d0%bd%d1%86%d0%b5%d0%bd%d1%82%d1%80%d0%b0%d1%82-%d0%b0%d0%bd%d1%82%d0%b8%d0%bf%d0%be%d0%bb%d1%8e%d1%88%d0%bd-concentre-anti-pollution\/#primaryimage","url":"https:\/\/old.kosmetoloog.ee\/wp-content\/uploads\/2023\/09\/CONCENTRE-ANTIPOLLUTION.jpg","contentUrl":"https:\/\/old.kosmetoloog.ee\/wp-content\/uploads\/2023\/09\/CONCENTRE-ANTIPOLLUTION.jpg","width":900,"height":900},{"@type":"BreadcrumbList","@id":"https:\/\/old.kosmetoloog.ee\/toode\/%d0%ba%d0%be%d0%bd%d1%86%d0%b5%d0%bd%d1%82%d1%80%d0%b0%d1%82-%d0%b0%d0%bd%d1%82%d0%b8%d0%bf%d0%be%d0%bb%d1%8e%d1%88%d0%bd-concentre-anti-pollution\/#breadcrumb","itemListElement":[{"@type":"ListItem","position":1,"name":"Home","item":"https:\/\/old.kosmetoloog.ee\/et\/"},{"@type":"ListItem","position":2,"name":"Pood","item":"https:\/\/old.kosmetoloog.ee\/et\/pood\/"},{"@type":"ListItem","position":3,"name":"KONTSENTRAAT (SAASTAMISE VASTU) ANTI-POLLUTION"}]},{"@type":"WebSite","@id":"https:\/\/old.kosmetoloog.ee\/#website","url":"https:\/\/old.kosmetoloog.ee\/","name":"Ilutoodete e-pood","description":"Kosmeetika pood","publisher":{"@id":"https:\/\/old.kosmetoloog.ee\/#organization"},"potentialAction":[{"@type":"SearchAction","target":{"@type":"EntryPoint","urlTemplate":"https:\/\/old.kosmetoloog.ee\/?s={search_term_string}"},"query-input":{"@type":"PropertyValueSpecification","valueRequired":true,"valueName":"search_term_string"}}],"inLanguage":"et"},{"@type":"Organization","@id":"https:\/\/old.kosmetoloog.ee\/#organization","name":"You are You O\u00dc","url":"https:\/\/old.kosmetoloog.ee\/","logo":{"@type":"ImageObject","inLanguage":"et","@id":"https:\/\/old.kosmetoloog.ee\/#\/schema\/logo\/image\/","url":"https:\/\/old.kosmetoloog.ee\/wp-content\/uploads\/2023\/08\/logo-1.png","contentUrl":"https:\/\/old.kosmetoloog.ee\/wp-content\/uploads\/2023\/08\/logo-1.png","width":1200,"height":964,"caption":"You are You O\u00dc"},"image":{"@id":"https:\/\/old.kosmetoloog.ee\/#\/schema\/logo\/image\/"}}]}},"brands":[{"id":43,"name":"PHYT'S","slug":"phyt"}],"_links":{"self":[{"href":"https:\/\/old.kosmetoloog.ee\/et\/wp-json\/wp\/v2\/product\/917","targetHints":{"allow":["GET"]}}],"collection":[{"href":"https:\/\/old.kosmetoloog.ee\/et\/wp-json\/wp\/v2\/product"}],"about":[{"href":"https:\/\/old.kosmetoloog.ee\/et\/wp-json\/wp\/v2\/types\/product"}],"replies":[{"embeddable":true,"href":"https:\/\/old.kosmetoloog.ee\/et\/wp-json\/wp\/v2\/comments?post=917"}],"wp:featuredmedia":[{"embeddable":true,"href":"https:\/\/old.kosmetoloog.ee\/et\/wp-json\/wp\/v2\/media\/916"}],"wp:attachment":[{"href":"https:\/\/old.kosmetoloog.ee\/et\/wp-json\/wp\/v2\/media?parent=917"}],"wp:term":[{"taxonomy":"pwb-brand","embeddable":true,"href":"https:\/\/old.kosmetoloog.ee\/et\/wp-json\/wp\/v2\/pwb-brand?post=917"},{"taxonomy":"product_brand","embeddable":true,"href":"https:\/\/old.kosmetoloog.ee\/et\/wp-json\/wp\/v2\/product_brand?post=917"},{"taxonomy":"product_cat","embeddable":true,"href":"https:\/\/old.kosmetoloog.ee\/et\/wp-json\/wp\/v2\/product_cat?post=917"},{"taxonomy":"product_tag","embeddable":true,"href":"https:\/\/old.kosmetoloog.ee\/et\/wp-json\/wp\/v2\/product_tag?post=917"}],"curies":[{"name":"wp","href":"https:\/\/api.w.org\/{rel}","templated":true}]}}