{"id":935,"date":"2023-09-15T23:48:20","date_gmt":"2023-09-15T20:48:20","guid":{"rendered":"https:\/\/uus.kosmetoloog.ee\/product\/kreem-niisutav-24h\/"},"modified":"2025-04-17T16:00:38","modified_gmt":"2025-04-17T13:00:38","slug":"moisturizing-cream-24h-creme-hydratante-24h","status":"publish","type":"product","link":"https:\/\/old.kosmetoloog.ee\/et\/toode\/moisturizing-cream-24h-creme-hydratante-24h\/","title":{"rendered":"KREEM NIISUTAV 24H"},"content":{"rendered":"<p>\u00d5rna siidise tekstuuriga kreem sobib ideaalselt kuiva naha igap\u00e4evaseks hoolduseks. Taastab koheselt loomuliku niiskustaseme, k\u00f5rvaldab kuivus- ja pingulustunde, j\u00e4ttes naha pehmeks ja elastseks.<\/p>\n<p>Taimse p\u00e4ritoluga h\u00fcaluroonhape, betaiin ja aloe vera ekstrakt annavad intensiivse niisutava toime, parandavad jumet. Taimse p\u00e4ritoluga skvalaan aitab kaasa naha h\u00fcdrolipiidse kile s\u00e4ilimisele.<\/p>\n<p>Sarapuup\u00e4hkli\u00f5lil, makadaamia\u00f5lil ja taimsel E-vitamiinil on antioks\u00fcdantne, pehmendav ja taastav toime.<\/p>\n<p>Tootel on 100% looduslik koostis ja BIO kvaliteedim\u00e4rk. Ei sisalda silikooni, parabeene, mineraal\u00f5lisid, pol\u00fcet\u00fcleengl\u00fckooli, fenoks\u00fcetanooli, s\u00fcnteetilisi l\u00f5hna- ja v\u00e4rvaineid, geneetiliselt muundetud komponente.<\/p>\n<p><strong>T\u00f5husus<\/strong><\/p>\n<p><span class=\"emph\">+ 60%<\/span> niiskust 8 tundi p\u00e4rast pealekandmist<\/p>\n<p><span class=\"emph\">+ 22%<\/span> niiskust 24 tundi p\u00e4rast pealekandmist<\/p>\n","protected":false},"excerpt":{"rendered":"<p>Niisutav kreem kuivale nahale.<\/p>\n","protected":false},"featured_media":934,"comment_status":"open","ping_status":"closed","template":"","meta":{"_acf_changed":false},"pwb-brand":[43],"product_brand":[],"product_cat":[58],"product_tag":[112],"class_list":{"0":"post-935","1":"product","2":"type-product","3":"status-publish","4":"has-post-thumbnail","6":"pwb-brand-phyt","7":"product_cat-nao-ja-kaelakreemid","8":"product_tag-kuiv-nahk","10":"first","11":"instock","12":"taxable","13":"shipping-taxable","14":"purchasable","15":"product-type-simple"},"acf":[],"yoast_head":"<!-- This site is optimized with the Yoast SEO plugin v25.7 - https:\/\/yoast.com\/wordpress\/plugins\/seo\/ -->\n<title>KREEM NIISUTAV 24H - Ilutoodete e-pood<\/title>\n<meta name=\"robots\" content=\"noindex, follow, max-snippet:-1, max-image-preview:large, max-video-preview:-1\" \/>\n<meta property=\"og:locale\" content=\"et_EE\" \/>\n<meta property=\"og:type\" content=\"article\" \/>\n<meta property=\"og:title\" content=\"KREEM NIISUTAV 24H - Ilutoodete e-pood\" \/>\n<meta property=\"og:description\" content=\"Niisutav kreem kuivale nahale.\" \/>\n<meta property=\"og:url\" content=\"https:\/\/old.kosmetoloog.ee\/toode\/moisturizing-cream-24h-creme-hydratante-24h\/\" \/>\n<meta property=\"og:site_name\" content=\"Ilutoodete e-pood\" \/>\n<meta property=\"article:modified_time\" content=\"2025-04-17T13:00:38+00:00\" \/>\n<meta property=\"og:image\" content=\"https:\/\/old.kosmetoloog.ee\/wp-content\/uploads\/2023\/09\/CREME-HYDRATANTE-24H-333.jpg\" \/>\n\t<meta property=\"og:image:width\" content=\"900\" \/>\n\t<meta property=\"og:image:height\" content=\"900\" \/>\n\t<meta property=\"og:image:type\" content=\"image\/jpeg\" \/>\n<meta name=\"twitter:card\" content=\"summary_large_image\" \/>\n<meta name=\"twitter:label1\" content=\"Est. reading time\" \/>\n\t<meta name=\"twitter:data1\" content=\"1 minut\" \/>\n<script type=\"application\/ld+json\" class=\"yoast-schema-graph\">{\"@context\":\"https:\/\/schema.org\",\"@graph\":[{\"@type\":\"WebPage\",\"@id\":\"https:\/\/old.kosmetoloog.ee\/toode\/moisturizing-cream-24h-creme-hydratante-24h\/\",\"url\":\"https:\/\/old.kosmetoloog.ee\/toode\/moisturizing-cream-24h-creme-hydratante-24h\/\",\"name\":\"KREEM NIISUTAV 24H - Ilutoodete e-pood\",\"isPartOf\":{\"@id\":\"https:\/\/old.kosmetoloog.ee\/#website\"},\"primaryImageOfPage\":{\"@id\":\"https:\/\/old.kosmetoloog.ee\/toode\/moisturizing-cream-24h-creme-hydratante-24h\/#primaryimage\"},\"image\":{\"@id\":\"https:\/\/old.kosmetoloog.ee\/toode\/moisturizing-cream-24h-creme-hydratante-24h\/#primaryimage\"},\"thumbnailUrl\":\"https:\/\/old.kosmetoloog.ee\/wp-content\/uploads\/2023\/09\/CREME-HYDRATANTE-24H-333.jpg\",\"datePublished\":\"2023-09-15T20:48:20+00:00\",\"dateModified\":\"2025-04-17T13:00:38+00:00\",\"breadcrumb\":{\"@id\":\"https:\/\/old.kosmetoloog.ee\/toode\/moisturizing-cream-24h-creme-hydratante-24h\/#breadcrumb\"},\"inLanguage\":\"et\",\"potentialAction\":[{\"@type\":\"ReadAction\",\"target\":[\"https:\/\/old.kosmetoloog.ee\/toode\/moisturizing-cream-24h-creme-hydratante-24h\/\"]}]},{\"@type\":\"ImageObject\",\"inLanguage\":\"et\",\"@id\":\"https:\/\/old.kosmetoloog.ee\/toode\/moisturizing-cream-24h-creme-hydratante-24h\/#primaryimage\",\"url\":\"https:\/\/old.kosmetoloog.ee\/wp-content\/uploads\/2023\/09\/CREME-HYDRATANTE-24H-333.jpg\",\"contentUrl\":\"https:\/\/old.kosmetoloog.ee\/wp-content\/uploads\/2023\/09\/CREME-HYDRATANTE-24H-333.jpg\",\"width\":900,\"height\":900},{\"@type\":\"BreadcrumbList\",\"@id\":\"https:\/\/old.kosmetoloog.ee\/toode\/moisturizing-cream-24h-creme-hydratante-24h\/#breadcrumb\",\"itemListElement\":[{\"@type\":\"ListItem\",\"position\":1,\"name\":\"Home\",\"item\":\"https:\/\/old.kosmetoloog.ee\/et\/\"},{\"@type\":\"ListItem\",\"position\":2,\"name\":\"Pood\",\"item\":\"https:\/\/old.kosmetoloog.ee\/et\/pood\/\"},{\"@type\":\"ListItem\",\"position\":3,\"name\":\"KREEM NIISUTAV 24H\"}]},{\"@type\":\"WebSite\",\"@id\":\"https:\/\/old.kosmetoloog.ee\/#website\",\"url\":\"https:\/\/old.kosmetoloog.ee\/\",\"name\":\"Ilutoodete e-pood\",\"description\":\"Kosmeetika pood\",\"publisher\":{\"@id\":\"https:\/\/old.kosmetoloog.ee\/#organization\"},\"potentialAction\":[{\"@type\":\"SearchAction\",\"target\":{\"@type\":\"EntryPoint\",\"urlTemplate\":\"https:\/\/old.kosmetoloog.ee\/?s={search_term_string}\"},\"query-input\":{\"@type\":\"PropertyValueSpecification\",\"valueRequired\":true,\"valueName\":\"search_term_string\"}}],\"inLanguage\":\"et\"},{\"@type\":\"Organization\",\"@id\":\"https:\/\/old.kosmetoloog.ee\/#organization\",\"name\":\"You are You O\u00dc\",\"url\":\"https:\/\/old.kosmetoloog.ee\/\",\"logo\":{\"@type\":\"ImageObject\",\"inLanguage\":\"et\",\"@id\":\"https:\/\/old.kosmetoloog.ee\/#\/schema\/logo\/image\/\",\"url\":\"https:\/\/old.kosmetoloog.ee\/wp-content\/uploads\/2023\/08\/logo-1.png\",\"contentUrl\":\"https:\/\/old.kosmetoloog.ee\/wp-content\/uploads\/2023\/08\/logo-1.png\",\"width\":1200,\"height\":964,\"caption\":\"You are You O\u00dc\"},\"image\":{\"@id\":\"https:\/\/old.kosmetoloog.ee\/#\/schema\/logo\/image\/\"}}]}<\/script>\n<!-- \/ Yoast SEO plugin. -->","yoast_head_json":{"title":"KREEM NIISUTAV 24H - Ilutoodete e-pood","robots":{"index":"noindex","follow":"follow","max-snippet":"max-snippet:-1","max-image-preview":"max-image-preview:large","max-video-preview":"max-video-preview:-1"},"og_locale":"et_EE","og_type":"article","og_title":"KREEM NIISUTAV 24H - Ilutoodete e-pood","og_description":"Niisutav kreem kuivale nahale.","og_url":"https:\/\/old.kosmetoloog.ee\/toode\/moisturizing-cream-24h-creme-hydratante-24h\/","og_site_name":"Ilutoodete e-pood","article_modified_time":"2025-04-17T13:00:38+00:00","og_image":[{"width":900,"height":900,"url":"https:\/\/old.kosmetoloog.ee\/wp-content\/uploads\/2023\/09\/CREME-HYDRATANTE-24H-333.jpg","type":"image\/jpeg"}],"twitter_card":"summary_large_image","twitter_misc":{"Est. reading time":"1 minut"},"schema":{"@context":"https:\/\/schema.org","@graph":[{"@type":"WebPage","@id":"https:\/\/old.kosmetoloog.ee\/toode\/moisturizing-cream-24h-creme-hydratante-24h\/","url":"https:\/\/old.kosmetoloog.ee\/toode\/moisturizing-cream-24h-creme-hydratante-24h\/","name":"KREEM NIISUTAV 24H - Ilutoodete e-pood","isPartOf":{"@id":"https:\/\/old.kosmetoloog.ee\/#website"},"primaryImageOfPage":{"@id":"https:\/\/old.kosmetoloog.ee\/toode\/moisturizing-cream-24h-creme-hydratante-24h\/#primaryimage"},"image":{"@id":"https:\/\/old.kosmetoloog.ee\/toode\/moisturizing-cream-24h-creme-hydratante-24h\/#primaryimage"},"thumbnailUrl":"https:\/\/old.kosmetoloog.ee\/wp-content\/uploads\/2023\/09\/CREME-HYDRATANTE-24H-333.jpg","datePublished":"2023-09-15T20:48:20+00:00","dateModified":"2025-04-17T13:00:38+00:00","breadcrumb":{"@id":"https:\/\/old.kosmetoloog.ee\/toode\/moisturizing-cream-24h-creme-hydratante-24h\/#breadcrumb"},"inLanguage":"et","potentialAction":[{"@type":"ReadAction","target":["https:\/\/old.kosmetoloog.ee\/toode\/moisturizing-cream-24h-creme-hydratante-24h\/"]}]},{"@type":"ImageObject","inLanguage":"et","@id":"https:\/\/old.kosmetoloog.ee\/toode\/moisturizing-cream-24h-creme-hydratante-24h\/#primaryimage","url":"https:\/\/old.kosmetoloog.ee\/wp-content\/uploads\/2023\/09\/CREME-HYDRATANTE-24H-333.jpg","contentUrl":"https:\/\/old.kosmetoloog.ee\/wp-content\/uploads\/2023\/09\/CREME-HYDRATANTE-24H-333.jpg","width":900,"height":900},{"@type":"BreadcrumbList","@id":"https:\/\/old.kosmetoloog.ee\/toode\/moisturizing-cream-24h-creme-hydratante-24h\/#breadcrumb","itemListElement":[{"@type":"ListItem","position":1,"name":"Home","item":"https:\/\/old.kosmetoloog.ee\/et\/"},{"@type":"ListItem","position":2,"name":"Pood","item":"https:\/\/old.kosmetoloog.ee\/et\/pood\/"},{"@type":"ListItem","position":3,"name":"KREEM NIISUTAV 24H"}]},{"@type":"WebSite","@id":"https:\/\/old.kosmetoloog.ee\/#website","url":"https:\/\/old.kosmetoloog.ee\/","name":"Ilutoodete e-pood","description":"Kosmeetika pood","publisher":{"@id":"https:\/\/old.kosmetoloog.ee\/#organization"},"potentialAction":[{"@type":"SearchAction","target":{"@type":"EntryPoint","urlTemplate":"https:\/\/old.kosmetoloog.ee\/?s={search_term_string}"},"query-input":{"@type":"PropertyValueSpecification","valueRequired":true,"valueName":"search_term_string"}}],"inLanguage":"et"},{"@type":"Organization","@id":"https:\/\/old.kosmetoloog.ee\/#organization","name":"You are You O\u00dc","url":"https:\/\/old.kosmetoloog.ee\/","logo":{"@type":"ImageObject","inLanguage":"et","@id":"https:\/\/old.kosmetoloog.ee\/#\/schema\/logo\/image\/","url":"https:\/\/old.kosmetoloog.ee\/wp-content\/uploads\/2023\/08\/logo-1.png","contentUrl":"https:\/\/old.kosmetoloog.ee\/wp-content\/uploads\/2023\/08\/logo-1.png","width":1200,"height":964,"caption":"You are You O\u00dc"},"image":{"@id":"https:\/\/old.kosmetoloog.ee\/#\/schema\/logo\/image\/"}}]}},"brands":[{"id":43,"name":"PHYT'S","slug":"phyt"}],"_links":{"self":[{"href":"https:\/\/old.kosmetoloog.ee\/et\/wp-json\/wp\/v2\/product\/935","targetHints":{"allow":["GET"]}}],"collection":[{"href":"https:\/\/old.kosmetoloog.ee\/et\/wp-json\/wp\/v2\/product"}],"about":[{"href":"https:\/\/old.kosmetoloog.ee\/et\/wp-json\/wp\/v2\/types\/product"}],"replies":[{"embeddable":true,"href":"https:\/\/old.kosmetoloog.ee\/et\/wp-json\/wp\/v2\/comments?post=935"}],"wp:featuredmedia":[{"embeddable":true,"href":"https:\/\/old.kosmetoloog.ee\/et\/wp-json\/wp\/v2\/media\/934"}],"wp:attachment":[{"href":"https:\/\/old.kosmetoloog.ee\/et\/wp-json\/wp\/v2\/media?parent=935"}],"wp:term":[{"taxonomy":"pwb-brand","embeddable":true,"href":"https:\/\/old.kosmetoloog.ee\/et\/wp-json\/wp\/v2\/pwb-brand?post=935"},{"taxonomy":"product_brand","embeddable":true,"href":"https:\/\/old.kosmetoloog.ee\/et\/wp-json\/wp\/v2\/product_brand?post=935"},{"taxonomy":"product_cat","embeddable":true,"href":"https:\/\/old.kosmetoloog.ee\/et\/wp-json\/wp\/v2\/product_cat?post=935"},{"taxonomy":"product_tag","embeddable":true,"href":"https:\/\/old.kosmetoloog.ee\/et\/wp-json\/wp\/v2\/product_tag?post=935"}],"curies":[{"name":"wp","href":"https:\/\/api.w.org\/{rel}","templated":true}]}}