{"id":943,"date":"2023-09-16T00:55:36","date_gmt":"2023-09-15T21:55:36","guid":{"rendered":"https:\/\/uus.kosmetoloog.ee\/product\/nutrakos-aminohapped\/"},"modified":"2023-11-09T11:22:09","modified_gmt":"2023-11-09T09:22:09","slug":"aminoacids-nutrakos","status":"publish","type":"product","link":"https:\/\/old.kosmetoloog.ee\/et\/toode\/aminoacids-nutrakos\/","title":{"rendered":"NUTRAKOS AMINOHAPPED"},"content":{"rendered":"<p>Spetsiifiline ja ainulaadne aminohapete segu aitab kaasa kollageeni ja elastiini struktuurvalkude, rakuv\u00e4lise maatriksi (dermis ja sidekude \u00fcldiselt) s\u00fcnteesile.<\/p>\n<p>Nutrakos pulkade igap\u00e4evane kasutamine stimuleerib kollageeni ja elastiini tootmist, soodustades seel\u00e4bi kudede paranemist.<\/p>\n<p>Nutrakos on n\u00e4idanud m\u00e4rkimisv\u00e4\u00e4rseid tulemusi naha niisutatuse ja elastsuse parandamisel.<\/p>\n<p>Tulemused olid olulisemad p\u00e4risnaha s\u00fcgavamates kihtides, kus muutused bioloogilistes funktsioonides p\u00f5hjustavad naha vananemist.<\/p>\n","protected":false},"excerpt":{"rendered":"<p>Unikaalne aminohapete segu mis stimuleerib kollageeni ja elastiini tootmist.<\/p>\n","protected":false},"featured_media":942,"comment_status":"open","ping_status":"closed","template":"","meta":{"_acf_changed":false},"pwb-brand":[71],"product_brand":[],"product_cat":[72],"product_tag":[],"class_list":{"0":"post-943","1":"product","2":"type-product","3":"status-publish","4":"has-post-thumbnail","6":"pwb-brand-nutrakos","7":"product_cat-toidulisandid","9":"first","10":"outofstock","11":"taxable","12":"shipping-taxable","13":"purchasable","14":"product-type-simple"},"acf":[],"yoast_head":"<!-- This site is optimized with the Yoast SEO plugin v25.7 - https:\/\/yoast.com\/wordpress\/plugins\/seo\/ -->\n<title>NUTRAKOS AMINOHAPPED - Ilutoodete e-pood<\/title>\n<meta name=\"robots\" content=\"noindex, follow, max-snippet:-1, max-image-preview:large, max-video-preview:-1\" \/>\n<meta property=\"og:locale\" content=\"et_EE\" \/>\n<meta property=\"og:type\" content=\"article\" \/>\n<meta property=\"og:title\" content=\"NUTRAKOS AMINOHAPPED - Ilutoodete e-pood\" \/>\n<meta property=\"og:description\" content=\"Unikaalne aminohapete segu mis stimuleerib kollageeni ja elastiini tootmist.\" \/>\n<meta property=\"og:url\" content=\"https:\/\/old.kosmetoloog.ee\/et\/toode\/aminoacids-nutrakos\/\" \/>\n<meta property=\"og:site_name\" content=\"Ilutoodete e-pood\" \/>\n<meta property=\"article:modified_time\" content=\"2023-11-09T09:22:09+00:00\" \/>\n<meta property=\"og:image\" content=\"https:\/\/old.kosmetoloog.ee\/wp-content\/uploads\/2023\/09\/nutrakos.jpg\" \/>\n\t<meta property=\"og:image:width\" content=\"1024\" \/>\n\t<meta property=\"og:image:height\" content=\"769\" \/>\n\t<meta property=\"og:image:type\" content=\"image\/jpeg\" \/>\n<meta name=\"twitter:card\" content=\"summary_large_image\" \/>\n<script type=\"application\/ld+json\" class=\"yoast-schema-graph\">{\"@context\":\"https:\/\/schema.org\",\"@graph\":[{\"@type\":\"WebPage\",\"@id\":\"https:\/\/old.kosmetoloog.ee\/et\/toode\/aminoacids-nutrakos\/\",\"url\":\"https:\/\/old.kosmetoloog.ee\/et\/toode\/aminoacids-nutrakos\/\",\"name\":\"NUTRAKOS AMINOHAPPED - Ilutoodete e-pood\",\"isPartOf\":{\"@id\":\"https:\/\/old.kosmetoloog.ee\/#website\"},\"primaryImageOfPage\":{\"@id\":\"https:\/\/old.kosmetoloog.ee\/et\/toode\/aminoacids-nutrakos\/#primaryimage\"},\"image\":{\"@id\":\"https:\/\/old.kosmetoloog.ee\/et\/toode\/aminoacids-nutrakos\/#primaryimage\"},\"thumbnailUrl\":\"https:\/\/old.kosmetoloog.ee\/wp-content\/uploads\/2023\/09\/nutrakos.jpg\",\"datePublished\":\"2023-09-15T21:55:36+00:00\",\"dateModified\":\"2023-11-09T09:22:09+00:00\",\"breadcrumb\":{\"@id\":\"https:\/\/old.kosmetoloog.ee\/et\/toode\/aminoacids-nutrakos\/#breadcrumb\"},\"inLanguage\":\"et\",\"potentialAction\":[{\"@type\":\"ReadAction\",\"target\":[\"https:\/\/old.kosmetoloog.ee\/et\/toode\/aminoacids-nutrakos\/\"]}]},{\"@type\":\"ImageObject\",\"inLanguage\":\"et\",\"@id\":\"https:\/\/old.kosmetoloog.ee\/et\/toode\/aminoacids-nutrakos\/#primaryimage\",\"url\":\"https:\/\/old.kosmetoloog.ee\/wp-content\/uploads\/2023\/09\/nutrakos.jpg\",\"contentUrl\":\"https:\/\/old.kosmetoloog.ee\/wp-content\/uploads\/2023\/09\/nutrakos.jpg\",\"width\":1024,\"height\":769},{\"@type\":\"BreadcrumbList\",\"@id\":\"https:\/\/old.kosmetoloog.ee\/et\/toode\/aminoacids-nutrakos\/#breadcrumb\",\"itemListElement\":[{\"@type\":\"ListItem\",\"position\":1,\"name\":\"Home\",\"item\":\"https:\/\/old.kosmetoloog.ee\/et\/\"},{\"@type\":\"ListItem\",\"position\":2,\"name\":\"Pood\",\"item\":\"https:\/\/old.kosmetoloog.ee\/et\/pood\/\"},{\"@type\":\"ListItem\",\"position\":3,\"name\":\"NUTRAKOS AMINOHAPPED\"}]},{\"@type\":\"WebSite\",\"@id\":\"https:\/\/old.kosmetoloog.ee\/#website\",\"url\":\"https:\/\/old.kosmetoloog.ee\/\",\"name\":\"Ilutoodete e-pood\",\"description\":\"Kosmeetika pood\",\"publisher\":{\"@id\":\"https:\/\/old.kosmetoloog.ee\/#organization\"},\"potentialAction\":[{\"@type\":\"SearchAction\",\"target\":{\"@type\":\"EntryPoint\",\"urlTemplate\":\"https:\/\/old.kosmetoloog.ee\/?s={search_term_string}\"},\"query-input\":{\"@type\":\"PropertyValueSpecification\",\"valueRequired\":true,\"valueName\":\"search_term_string\"}}],\"inLanguage\":\"et\"},{\"@type\":\"Organization\",\"@id\":\"https:\/\/old.kosmetoloog.ee\/#organization\",\"name\":\"You are You O\u00dc\",\"url\":\"https:\/\/old.kosmetoloog.ee\/\",\"logo\":{\"@type\":\"ImageObject\",\"inLanguage\":\"et\",\"@id\":\"https:\/\/old.kosmetoloog.ee\/#\/schema\/logo\/image\/\",\"url\":\"https:\/\/old.kosmetoloog.ee\/wp-content\/uploads\/2023\/08\/logo-1.png\",\"contentUrl\":\"https:\/\/old.kosmetoloog.ee\/wp-content\/uploads\/2023\/08\/logo-1.png\",\"width\":1200,\"height\":964,\"caption\":\"You are You O\u00dc\"},\"image\":{\"@id\":\"https:\/\/old.kosmetoloog.ee\/#\/schema\/logo\/image\/\"}}]}<\/script>\n<!-- \/ Yoast SEO plugin. -->","yoast_head_json":{"title":"NUTRAKOS AMINOHAPPED - Ilutoodete e-pood","robots":{"index":"noindex","follow":"follow","max-snippet":"max-snippet:-1","max-image-preview":"max-image-preview:large","max-video-preview":"max-video-preview:-1"},"og_locale":"et_EE","og_type":"article","og_title":"NUTRAKOS AMINOHAPPED - Ilutoodete e-pood","og_description":"Unikaalne aminohapete segu mis stimuleerib kollageeni ja elastiini tootmist.","og_url":"https:\/\/old.kosmetoloog.ee\/et\/toode\/aminoacids-nutrakos\/","og_site_name":"Ilutoodete e-pood","article_modified_time":"2023-11-09T09:22:09+00:00","og_image":[{"width":1024,"height":769,"url":"https:\/\/old.kosmetoloog.ee\/wp-content\/uploads\/2023\/09\/nutrakos.jpg","type":"image\/jpeg"}],"twitter_card":"summary_large_image","schema":{"@context":"https:\/\/schema.org","@graph":[{"@type":"WebPage","@id":"https:\/\/old.kosmetoloog.ee\/et\/toode\/aminoacids-nutrakos\/","url":"https:\/\/old.kosmetoloog.ee\/et\/toode\/aminoacids-nutrakos\/","name":"NUTRAKOS AMINOHAPPED - Ilutoodete e-pood","isPartOf":{"@id":"https:\/\/old.kosmetoloog.ee\/#website"},"primaryImageOfPage":{"@id":"https:\/\/old.kosmetoloog.ee\/et\/toode\/aminoacids-nutrakos\/#primaryimage"},"image":{"@id":"https:\/\/old.kosmetoloog.ee\/et\/toode\/aminoacids-nutrakos\/#primaryimage"},"thumbnailUrl":"https:\/\/old.kosmetoloog.ee\/wp-content\/uploads\/2023\/09\/nutrakos.jpg","datePublished":"2023-09-15T21:55:36+00:00","dateModified":"2023-11-09T09:22:09+00:00","breadcrumb":{"@id":"https:\/\/old.kosmetoloog.ee\/et\/toode\/aminoacids-nutrakos\/#breadcrumb"},"inLanguage":"et","potentialAction":[{"@type":"ReadAction","target":["https:\/\/old.kosmetoloog.ee\/et\/toode\/aminoacids-nutrakos\/"]}]},{"@type":"ImageObject","inLanguage":"et","@id":"https:\/\/old.kosmetoloog.ee\/et\/toode\/aminoacids-nutrakos\/#primaryimage","url":"https:\/\/old.kosmetoloog.ee\/wp-content\/uploads\/2023\/09\/nutrakos.jpg","contentUrl":"https:\/\/old.kosmetoloog.ee\/wp-content\/uploads\/2023\/09\/nutrakos.jpg","width":1024,"height":769},{"@type":"BreadcrumbList","@id":"https:\/\/old.kosmetoloog.ee\/et\/toode\/aminoacids-nutrakos\/#breadcrumb","itemListElement":[{"@type":"ListItem","position":1,"name":"Home","item":"https:\/\/old.kosmetoloog.ee\/et\/"},{"@type":"ListItem","position":2,"name":"Pood","item":"https:\/\/old.kosmetoloog.ee\/et\/pood\/"},{"@type":"ListItem","position":3,"name":"NUTRAKOS AMINOHAPPED"}]},{"@type":"WebSite","@id":"https:\/\/old.kosmetoloog.ee\/#website","url":"https:\/\/old.kosmetoloog.ee\/","name":"Ilutoodete e-pood","description":"Kosmeetika pood","publisher":{"@id":"https:\/\/old.kosmetoloog.ee\/#organization"},"potentialAction":[{"@type":"SearchAction","target":{"@type":"EntryPoint","urlTemplate":"https:\/\/old.kosmetoloog.ee\/?s={search_term_string}"},"query-input":{"@type":"PropertyValueSpecification","valueRequired":true,"valueName":"search_term_string"}}],"inLanguage":"et"},{"@type":"Organization","@id":"https:\/\/old.kosmetoloog.ee\/#organization","name":"You are You O\u00dc","url":"https:\/\/old.kosmetoloog.ee\/","logo":{"@type":"ImageObject","inLanguage":"et","@id":"https:\/\/old.kosmetoloog.ee\/#\/schema\/logo\/image\/","url":"https:\/\/old.kosmetoloog.ee\/wp-content\/uploads\/2023\/08\/logo-1.png","contentUrl":"https:\/\/old.kosmetoloog.ee\/wp-content\/uploads\/2023\/08\/logo-1.png","width":1200,"height":964,"caption":"You are You O\u00dc"},"image":{"@id":"https:\/\/old.kosmetoloog.ee\/#\/schema\/logo\/image\/"}}]}},"brands":[{"id":71,"name":"NUTRAKOS","slug":"nutrakos"}],"_links":{"self":[{"href":"https:\/\/old.kosmetoloog.ee\/et\/wp-json\/wp\/v2\/product\/943","targetHints":{"allow":["GET"]}}],"collection":[{"href":"https:\/\/old.kosmetoloog.ee\/et\/wp-json\/wp\/v2\/product"}],"about":[{"href":"https:\/\/old.kosmetoloog.ee\/et\/wp-json\/wp\/v2\/types\/product"}],"replies":[{"embeddable":true,"href":"https:\/\/old.kosmetoloog.ee\/et\/wp-json\/wp\/v2\/comments?post=943"}],"wp:featuredmedia":[{"embeddable":true,"href":"https:\/\/old.kosmetoloog.ee\/et\/wp-json\/wp\/v2\/media\/942"}],"wp:attachment":[{"href":"https:\/\/old.kosmetoloog.ee\/et\/wp-json\/wp\/v2\/media?parent=943"}],"wp:term":[{"taxonomy":"pwb-brand","embeddable":true,"href":"https:\/\/old.kosmetoloog.ee\/et\/wp-json\/wp\/v2\/pwb-brand?post=943"},{"taxonomy":"product_brand","embeddable":true,"href":"https:\/\/old.kosmetoloog.ee\/et\/wp-json\/wp\/v2\/product_brand?post=943"},{"taxonomy":"product_cat","embeddable":true,"href":"https:\/\/old.kosmetoloog.ee\/et\/wp-json\/wp\/v2\/product_cat?post=943"},{"taxonomy":"product_tag","embeddable":true,"href":"https:\/\/old.kosmetoloog.ee\/et\/wp-json\/wp\/v2\/product_tag?post=943"}],"curies":[{"name":"wp","href":"https:\/\/api.w.org\/{rel}","templated":true}]}}