{"id":962,"date":"2023-08-29T20:47:44","date_gmt":"2023-08-29T17:47:44","guid":{"rendered":"https:\/\/uus.kosmetoloog.ee\/product\/seerum-nrj-soin-sn3\/"},"modified":"2023-10-19T16:28:49","modified_gmt":"2023-10-19T13:28:49","slug":"seerum-nrj-soin-sn3-serum-nrj-soin-sn3","status":"publish","type":"product","link":"https:\/\/old.kosmetoloog.ee\/et\/toode\/seerum-nrj-soin-sn3-serum-nrj-soin-sn3\/","title":{"rendered":"SEERUM NRJ-SOIN (SN3)"},"content":{"rendered":"<p>Energy-Suan seerum on noorendava ja ergutava toimega antioks\u00fcdantne kokteil. Seerum on kohustuslik kaitselahendus suitsetajatele ja inimestele, kes elavad v\u00e4ga saastatud piirkondades. Rikastatud vitamiinide ja antioks\u00fcdantidega seerum muudab naha n\u00e4htavalt heledamaks ja silub, v\u00f5ideldes samal ajal stressi, saaste ja suitsetamise tagaj\u00e4rgedega. Seerum aitab detoksifitseerida \u00fclekoormatud nahka, v\u00e4hendada turseid ja leevendada \u00e4rritust, eriti aknet ja dermatiiti.<\/p>\n","protected":false},"excerpt":{"rendered":"<p>Stimuleeriv antioks\u00fcdantne seerum k\u00f5igile nahat\u00fc\u00fcpidele.<\/p>\n","protected":false},"featured_media":413,"comment_status":"open","ping_status":"closed","template":"","meta":{"_acf_changed":false},"pwb-brand":[21],"product_brand":[],"product_cat":[61],"product_tag":[137,108,115,104],"class_list":{"0":"post-962","1":"product","2":"type-product","3":"status-publish","4":"has-post-thumbnail","6":"pwb-brand-meder-beauty-science","7":"product_cat-seerumid","8":"product_tag-naoturse","9":"product_tag-pigmentatsioon","10":"product_tag-probleemne-nahk","11":"product_tag-cne","13":"first","14":"instock","15":"taxable","16":"shipping-taxable","17":"purchasable","18":"product-type-simple"},"acf":[],"yoast_head":"<!-- This site is optimized with the Yoast SEO plugin v25.7 - https:\/\/yoast.com\/wordpress\/plugins\/seo\/ -->\n<title>SEERUM NRJ-SOIN (SN3) - Ilutoodete e-pood<\/title>\n<meta name=\"robots\" content=\"noindex, follow, max-snippet:-1, max-image-preview:large, max-video-preview:-1\" \/>\n<meta property=\"og:locale\" content=\"et_EE\" \/>\n<meta property=\"og:type\" content=\"article\" \/>\n<meta property=\"og:title\" content=\"SEERUM NRJ-SOIN (SN3) - Ilutoodete e-pood\" \/>\n<meta property=\"og:description\" content=\"Stimuleeriv antioks\u00fcdantne seerum k\u00f5igile nahat\u00fc\u00fcpidele.\" \/>\n<meta property=\"og:url\" content=\"https:\/\/old.kosmetoloog.ee\/toode\/serum-nrj-soin-sn3\/\" \/>\n<meta property=\"og:site_name\" content=\"Ilutoodete e-pood\" \/>\n<meta property=\"article:modified_time\" content=\"2023-10-19T13:28:49+00:00\" \/>\n<meta property=\"og:image\" content=\"https:\/\/old.kosmetoloog.ee\/wp-content\/uploads\/2023\/08\/ERUM-NRJ-SOIN-SN3.png\" \/>\n\t<meta property=\"og:image:width\" content=\"1325\" \/>\n\t<meta property=\"og:image:height\" content=\"1325\" \/>\n\t<meta property=\"og:image:type\" content=\"image\/png\" \/>\n<meta name=\"twitter:card\" content=\"summary_large_image\" \/>\n<script type=\"application\/ld+json\" class=\"yoast-schema-graph\">{\"@context\":\"https:\/\/schema.org\",\"@graph\":[{\"@type\":\"WebPage\",\"@id\":\"https:\/\/old.kosmetoloog.ee\/toode\/serum-nrj-soin-sn3\/\",\"url\":\"https:\/\/old.kosmetoloog.ee\/toode\/serum-nrj-soin-sn3\/\",\"name\":\"SEERUM NRJ-SOIN (SN3) - Ilutoodete e-pood\",\"isPartOf\":{\"@id\":\"https:\/\/old.kosmetoloog.ee\/#website\"},\"primaryImageOfPage\":{\"@id\":\"https:\/\/old.kosmetoloog.ee\/toode\/serum-nrj-soin-sn3\/#primaryimage\"},\"image\":{\"@id\":\"https:\/\/old.kosmetoloog.ee\/toode\/serum-nrj-soin-sn3\/#primaryimage\"},\"thumbnailUrl\":\"https:\/\/old.kosmetoloog.ee\/wp-content\/uploads\/2023\/08\/ERUM-NRJ-SOIN-SN3.png\",\"datePublished\":\"2023-08-29T17:47:44+00:00\",\"dateModified\":\"2023-10-19T13:28:49+00:00\",\"breadcrumb\":{\"@id\":\"https:\/\/old.kosmetoloog.ee\/toode\/serum-nrj-soin-sn3\/#breadcrumb\"},\"inLanguage\":\"et\",\"potentialAction\":[{\"@type\":\"ReadAction\",\"target\":[\"https:\/\/old.kosmetoloog.ee\/toode\/serum-nrj-soin-sn3\/\"]}]},{\"@type\":\"ImageObject\",\"inLanguage\":\"et\",\"@id\":\"https:\/\/old.kosmetoloog.ee\/toode\/serum-nrj-soin-sn3\/#primaryimage\",\"url\":\"https:\/\/old.kosmetoloog.ee\/wp-content\/uploads\/2023\/08\/ERUM-NRJ-SOIN-SN3.png\",\"contentUrl\":\"https:\/\/old.kosmetoloog.ee\/wp-content\/uploads\/2023\/08\/ERUM-NRJ-SOIN-SN3.png\",\"width\":1325,\"height\":1325},{\"@type\":\"BreadcrumbList\",\"@id\":\"https:\/\/old.kosmetoloog.ee\/toode\/serum-nrj-soin-sn3\/#breadcrumb\",\"itemListElement\":[{\"@type\":\"ListItem\",\"position\":1,\"name\":\"Home\",\"item\":\"https:\/\/old.kosmetoloog.ee\/et\/\"},{\"@type\":\"ListItem\",\"position\":2,\"name\":\"Pood\",\"item\":\"https:\/\/old.kosmetoloog.ee\/et\/pood\/\"},{\"@type\":\"ListItem\",\"position\":3,\"name\":\"SEERUM NRJ-SOIN (SN3)\"}]},{\"@type\":\"WebSite\",\"@id\":\"https:\/\/old.kosmetoloog.ee\/#website\",\"url\":\"https:\/\/old.kosmetoloog.ee\/\",\"name\":\"Ilutoodete e-pood\",\"description\":\"Kosmeetika pood\",\"publisher\":{\"@id\":\"https:\/\/old.kosmetoloog.ee\/#organization\"},\"potentialAction\":[{\"@type\":\"SearchAction\",\"target\":{\"@type\":\"EntryPoint\",\"urlTemplate\":\"https:\/\/old.kosmetoloog.ee\/?s={search_term_string}\"},\"query-input\":{\"@type\":\"PropertyValueSpecification\",\"valueRequired\":true,\"valueName\":\"search_term_string\"}}],\"inLanguage\":\"et\"},{\"@type\":\"Organization\",\"@id\":\"https:\/\/old.kosmetoloog.ee\/#organization\",\"name\":\"You are You O\u00dc\",\"url\":\"https:\/\/old.kosmetoloog.ee\/\",\"logo\":{\"@type\":\"ImageObject\",\"inLanguage\":\"et\",\"@id\":\"https:\/\/old.kosmetoloog.ee\/#\/schema\/logo\/image\/\",\"url\":\"https:\/\/old.kosmetoloog.ee\/wp-content\/uploads\/2023\/08\/logo-1.png\",\"contentUrl\":\"https:\/\/old.kosmetoloog.ee\/wp-content\/uploads\/2023\/08\/logo-1.png\",\"width\":1200,\"height\":964,\"caption\":\"You are You O\u00dc\"},\"image\":{\"@id\":\"https:\/\/old.kosmetoloog.ee\/#\/schema\/logo\/image\/\"}}]}<\/script>\n<!-- \/ Yoast SEO plugin. -->","yoast_head_json":{"title":"SEERUM NRJ-SOIN (SN3) - Ilutoodete e-pood","robots":{"index":"noindex","follow":"follow","max-snippet":"max-snippet:-1","max-image-preview":"max-image-preview:large","max-video-preview":"max-video-preview:-1"},"og_locale":"et_EE","og_type":"article","og_title":"SEERUM NRJ-SOIN (SN3) - Ilutoodete e-pood","og_description":"Stimuleeriv antioks\u00fcdantne seerum k\u00f5igile nahat\u00fc\u00fcpidele.","og_url":"https:\/\/old.kosmetoloog.ee\/toode\/serum-nrj-soin-sn3\/","og_site_name":"Ilutoodete e-pood","article_modified_time":"2023-10-19T13:28:49+00:00","og_image":[{"width":1325,"height":1325,"url":"https:\/\/old.kosmetoloog.ee\/wp-content\/uploads\/2023\/08\/ERUM-NRJ-SOIN-SN3.png","type":"image\/png"}],"twitter_card":"summary_large_image","schema":{"@context":"https:\/\/schema.org","@graph":[{"@type":"WebPage","@id":"https:\/\/old.kosmetoloog.ee\/toode\/serum-nrj-soin-sn3\/","url":"https:\/\/old.kosmetoloog.ee\/toode\/serum-nrj-soin-sn3\/","name":"SEERUM NRJ-SOIN (SN3) - Ilutoodete e-pood","isPartOf":{"@id":"https:\/\/old.kosmetoloog.ee\/#website"},"primaryImageOfPage":{"@id":"https:\/\/old.kosmetoloog.ee\/toode\/serum-nrj-soin-sn3\/#primaryimage"},"image":{"@id":"https:\/\/old.kosmetoloog.ee\/toode\/serum-nrj-soin-sn3\/#primaryimage"},"thumbnailUrl":"https:\/\/old.kosmetoloog.ee\/wp-content\/uploads\/2023\/08\/ERUM-NRJ-SOIN-SN3.png","datePublished":"2023-08-29T17:47:44+00:00","dateModified":"2023-10-19T13:28:49+00:00","breadcrumb":{"@id":"https:\/\/old.kosmetoloog.ee\/toode\/serum-nrj-soin-sn3\/#breadcrumb"},"inLanguage":"et","potentialAction":[{"@type":"ReadAction","target":["https:\/\/old.kosmetoloog.ee\/toode\/serum-nrj-soin-sn3\/"]}]},{"@type":"ImageObject","inLanguage":"et","@id":"https:\/\/old.kosmetoloog.ee\/toode\/serum-nrj-soin-sn3\/#primaryimage","url":"https:\/\/old.kosmetoloog.ee\/wp-content\/uploads\/2023\/08\/ERUM-NRJ-SOIN-SN3.png","contentUrl":"https:\/\/old.kosmetoloog.ee\/wp-content\/uploads\/2023\/08\/ERUM-NRJ-SOIN-SN3.png","width":1325,"height":1325},{"@type":"BreadcrumbList","@id":"https:\/\/old.kosmetoloog.ee\/toode\/serum-nrj-soin-sn3\/#breadcrumb","itemListElement":[{"@type":"ListItem","position":1,"name":"Home","item":"https:\/\/old.kosmetoloog.ee\/et\/"},{"@type":"ListItem","position":2,"name":"Pood","item":"https:\/\/old.kosmetoloog.ee\/et\/pood\/"},{"@type":"ListItem","position":3,"name":"SEERUM NRJ-SOIN (SN3)"}]},{"@type":"WebSite","@id":"https:\/\/old.kosmetoloog.ee\/#website","url":"https:\/\/old.kosmetoloog.ee\/","name":"Ilutoodete e-pood","description":"Kosmeetika pood","publisher":{"@id":"https:\/\/old.kosmetoloog.ee\/#organization"},"potentialAction":[{"@type":"SearchAction","target":{"@type":"EntryPoint","urlTemplate":"https:\/\/old.kosmetoloog.ee\/?s={search_term_string}"},"query-input":{"@type":"PropertyValueSpecification","valueRequired":true,"valueName":"search_term_string"}}],"inLanguage":"et"},{"@type":"Organization","@id":"https:\/\/old.kosmetoloog.ee\/#organization","name":"You are You O\u00dc","url":"https:\/\/old.kosmetoloog.ee\/","logo":{"@type":"ImageObject","inLanguage":"et","@id":"https:\/\/old.kosmetoloog.ee\/#\/schema\/logo\/image\/","url":"https:\/\/old.kosmetoloog.ee\/wp-content\/uploads\/2023\/08\/logo-1.png","contentUrl":"https:\/\/old.kosmetoloog.ee\/wp-content\/uploads\/2023\/08\/logo-1.png","width":1200,"height":964,"caption":"You are You O\u00dc"},"image":{"@id":"https:\/\/old.kosmetoloog.ee\/#\/schema\/logo\/image\/"}}]}},"brands":[{"id":21,"name":"MEDER BEAUTY SCIENCE","slug":"meder-beauty-science"}],"_links":{"self":[{"href":"https:\/\/old.kosmetoloog.ee\/et\/wp-json\/wp\/v2\/product\/962","targetHints":{"allow":["GET"]}}],"collection":[{"href":"https:\/\/old.kosmetoloog.ee\/et\/wp-json\/wp\/v2\/product"}],"about":[{"href":"https:\/\/old.kosmetoloog.ee\/et\/wp-json\/wp\/v2\/types\/product"}],"replies":[{"embeddable":true,"href":"https:\/\/old.kosmetoloog.ee\/et\/wp-json\/wp\/v2\/comments?post=962"}],"wp:featuredmedia":[{"embeddable":true,"href":"https:\/\/old.kosmetoloog.ee\/et\/wp-json\/wp\/v2\/media\/413"}],"wp:attachment":[{"href":"https:\/\/old.kosmetoloog.ee\/et\/wp-json\/wp\/v2\/media?parent=962"}],"wp:term":[{"taxonomy":"pwb-brand","embeddable":true,"href":"https:\/\/old.kosmetoloog.ee\/et\/wp-json\/wp\/v2\/pwb-brand?post=962"},{"taxonomy":"product_brand","embeddable":true,"href":"https:\/\/old.kosmetoloog.ee\/et\/wp-json\/wp\/v2\/product_brand?post=962"},{"taxonomy":"product_cat","embeddable":true,"href":"https:\/\/old.kosmetoloog.ee\/et\/wp-json\/wp\/v2\/product_cat?post=962"},{"taxonomy":"product_tag","embeddable":true,"href":"https:\/\/old.kosmetoloog.ee\/et\/wp-json\/wp\/v2\/product_tag?post=962"}],"curies":[{"name":"wp","href":"https:\/\/api.w.org\/{rel}","templated":true}]}}